{"id":186753,"date":"2023-09-04T14:33:32","date_gmt":"2023-09-04T12:33:32","guid":{"rendered":"https:\/\/shop.bantam.ch\/produit\/boracay-ftc-401-tc-dometic\/"},"modified":"2026-04-18T22:54:04","modified_gmt":"2026-04-18T20:54:04","slug":"boracay-ftc-401-tc-dometic","status":"publish","type":"product","link":"https:\/\/shop.bantam.ch\/de\/produkt\/boracay-ftc-401-tc-dometic\/","title":{"rendered":"Boracay FTC 401 TC Dometic"},"content":{"rendered":"<p>Aufblasbares Campingzelt f\u00fcr 4 Personen<br \/>\nDas kompakte Boracay FTC 401 TC ist das ideale Reisezelt; gro\u00dfe raumhohe Fenster, ein Stauraum hinten und eine niedrige bis hohe Bel\u00fcftung sorgen f\u00fcr ein luxuri\u00f6ses Camping-Erlebnis. Atmungsaktives Baumwollmaterial reguliert die Innentemperatur. Das integrierte Vordach erweitert au\u00dferdem den Wohnbereich nach drau\u00dfen.<br \/>\nGut gesch\u00fctzte und haltbare Air-Frame-Technologie mit Multi-Point-Aufblassystem<br \/>\nVollst\u00e4ndig atmungsaktives Baumwollmaterial vermeidet Kondensation und gew\u00e4hrleistet Komfort<br \/>\nZelt f\u00fcr 4 Personen, f\u00fcr Camping mit Familie oder Freunden<br \/>\nAbmessungen Produkttiefe 4750 mm<br \/>\nAbmessungen Produkth\u00f6he 2000 mm<br \/>\nAbmessungen Produktbreite 3000 mm<br \/>\nNettogewicht 33.77 kg<\/p>\n","protected":false},"excerpt":{"rendered":"<p>Aufblasbares Campingzelt f\u00fcr 4 Personen Das kompakte Boracay FTC 401 TC ist das ideale Reisezelt; gro\u00dfe raumhohe Fenster, ein Stauraum hinten und eine niedrige bis hohe Bel\u00fcftung sorgen f\u00fcr ein luxuri\u00f6ses Camping-Erlebnis. Atmungsaktives Baumwollmaterial reguliert die Innentemperatur. Das integrierte Vordach erweitert au\u00dferdem den Wohnbereich nach drau\u00dfen. Gut gesch\u00fctzte und haltbare Air-Frame-Technologie mit Multi-Point-Aufblassystem Vollst\u00e4ndig atmungsaktives [&hellip;]<\/p>\n","protected":false},"featured_media":186751,"template":"","meta":{"_acf_changed":false},"product_featured_cat":[],"product_brand":[3029],"product_cat":[3980],"product_tag":[],"class_list":{"0":"post-186753","1":"product","2":"type-product","3":"status-publish","4":"has-post-thumbnail","6":"product_brand-dometic-de","7":"product_cat-vorzelte","9":"first","10":"instock","11":"taxable","12":"shipping-taxable","13":"purchasable","14":"product-type-simple"},"acf":[],"yoast_head":"<!-- This site is optimized with the Yoast SEO plugin v27.4 - https:\/\/yoast.com\/product\/yoast-seo-wordpress\/ -->\n<title>Boracay FTC 401 TC Dometic - Bantam Camping AG<\/title>\n<meta name=\"robots\" content=\"index, follow, max-snippet:-1, max-image-preview:large, max-video-preview:-1\" \/>\n<link rel=\"canonical\" href=\"https:\/\/shop.bantam.ch\/de\/produkt\/boracay-ftc-401-tc-dometic\/\" \/>\n<meta property=\"og:locale\" content=\"de_DE\" \/>\n<meta property=\"og:type\" content=\"article\" \/>\n<meta property=\"og:title\" content=\"Boracay FTC 401 TC Dometic - Bantam Camping AG\" \/>\n<meta property=\"og:description\" content=\"Aufblasbares Campingzelt f\u00fcr 4 Personen Das kompakte Boracay FTC 401 TC ist das ideale Reisezelt; gro\u00dfe raumhohe Fenster, ein Stauraum hinten und eine niedrige bis hohe Bel\u00fcftung sorgen f\u00fcr ein luxuri\u00f6ses Camping-Erlebnis. Atmungsaktives Baumwollmaterial reguliert die Innentemperatur. Das integrierte Vordach erweitert au\u00dferdem den Wohnbereich nach drau\u00dfen. Gut gesch\u00fctzte und haltbare Air-Frame-Technologie mit Multi-Point-Aufblassystem Vollst\u00e4ndig atmungsaktives [&hellip;]\" \/>\n<meta property=\"og:url\" content=\"https:\/\/shop.bantam.ch\/de\/produkt\/boracay-ftc-401-tc-dometic\/\" \/>\n<meta property=\"og:site_name\" content=\"Bantam Camping AG\" \/>\n<meta property=\"article:modified_time\" content=\"2026-04-18T20:54:04+00:00\" \/>\n<meta property=\"og:image\" content=\"https:\/\/shop.bantam.ch\/wp-content\/uploads\/2023\/09\/Dometic-Boracay-FTC-401-TC_72_15022995_ok.jpg\" \/>\n\t<meta property=\"og:image:width\" content=\"600\" \/>\n\t<meta property=\"og:image:height\" content=\"600\" \/>\n\t<meta property=\"og:image:type\" content=\"image\/jpeg\" \/>\n<meta name=\"twitter:card\" content=\"summary_large_image\" \/>\n<script type=\"application\/ld+json\" class=\"yoast-schema-graph\">{\"@context\":\"https:\\\/\\\/schema.org\",\"@graph\":[{\"@type\":\"WebPage\",\"@id\":\"https:\\\/\\\/shop.bantam.ch\\\/de\\\/produkt\\\/boracay-ftc-401-tc-dometic\\\/\",\"url\":\"https:\\\/\\\/shop.bantam.ch\\\/de\\\/produkt\\\/boracay-ftc-401-tc-dometic\\\/\",\"name\":\"Boracay FTC 401 TC Dometic - Bantam Camping AG\",\"isPartOf\":{\"@id\":\"https:\\\/\\\/shop.bantam.ch\\\/de\\\/#website\"},\"primaryImageOfPage\":{\"@id\":\"https:\\\/\\\/shop.bantam.ch\\\/de\\\/produkt\\\/boracay-ftc-401-tc-dometic\\\/#primaryimage\"},\"image\":{\"@id\":\"https:\\\/\\\/shop.bantam.ch\\\/de\\\/produkt\\\/boracay-ftc-401-tc-dometic\\\/#primaryimage\"},\"thumbnailUrl\":\"https:\\\/\\\/shop.bantam.ch\\\/wp-content\\\/uploads\\\/2023\\\/09\\\/Dometic-Boracay-FTC-401-TC_72_15022995_ok.jpg\",\"datePublished\":\"2023-09-04T12:33:32+00:00\",\"dateModified\":\"2026-04-18T20:54:04+00:00\",\"breadcrumb\":{\"@id\":\"https:\\\/\\\/shop.bantam.ch\\\/de\\\/produkt\\\/boracay-ftc-401-tc-dometic\\\/#breadcrumb\"},\"inLanguage\":\"de\",\"potentialAction\":[{\"@type\":\"ReadAction\",\"target\":[\"https:\\\/\\\/shop.bantam.ch\\\/de\\\/produkt\\\/boracay-ftc-401-tc-dometic\\\/\"]}]},{\"@type\":\"ImageObject\",\"inLanguage\":\"de\",\"@id\":\"https:\\\/\\\/shop.bantam.ch\\\/de\\\/produkt\\\/boracay-ftc-401-tc-dometic\\\/#primaryimage\",\"url\":\"https:\\\/\\\/shop.bantam.ch\\\/wp-content\\\/uploads\\\/2023\\\/09\\\/Dometic-Boracay-FTC-401-TC_72_15022995_ok.jpg\",\"contentUrl\":\"https:\\\/\\\/shop.bantam.ch\\\/wp-content\\\/uploads\\\/2023\\\/09\\\/Dometic-Boracay-FTC-401-TC_72_15022995_ok.jpg\",\"width\":600,\"height\":600},{\"@type\":\"BreadcrumbList\",\"@id\":\"https:\\\/\\\/shop.bantam.ch\\\/de\\\/produkt\\\/boracay-ftc-401-tc-dometic\\\/#breadcrumb\",\"itemListElement\":[{\"@type\":\"ListItem\",\"position\":1,\"name\":\"Accueil\",\"item\":\"https:\\\/\\\/shop.bantam.ch\\\/de\\\/\"},{\"@type\":\"ListItem\",\"position\":2,\"name\":\"Shop\",\"item\":\"https:\\\/\\\/shop.bantam.ch\\\/de\\\/shop\\\/\"},{\"@type\":\"ListItem\",\"position\":3,\"name\":\"Boracay FTC 401 TC Dometic\"}]},{\"@type\":\"WebSite\",\"@id\":\"https:\\\/\\\/shop.bantam.ch\\\/de\\\/#website\",\"url\":\"https:\\\/\\\/shop.bantam.ch\\\/de\\\/\",\"name\":\"Bantam Camping AG\",\"description\":\"\",\"publisher\":{\"@id\":\"https:\\\/\\\/shop.bantam.ch\\\/de\\\/#organization\"},\"inLanguage\":\"de\"},{\"@type\":\"Organization\",\"@id\":\"https:\\\/\\\/shop.bantam.ch\\\/de\\\/#organization\",\"name\":\"Bantam Camping AG\",\"url\":\"https:\\\/\\\/shop.bantam.ch\\\/de\\\/\",\"logo\":{\"@type\":\"ImageObject\",\"inLanguage\":\"de\",\"@id\":\"https:\\\/\\\/shop.bantam.ch\\\/de\\\/#\\\/schema\\\/logo\\\/image\\\/\",\"url\":\"https:\\\/\\\/shop.bantam.ch\\\/wp-content\\\/uploads\\\/2022\\\/12\\\/bantam-logo.png\",\"contentUrl\":\"https:\\\/\\\/shop.bantam.ch\\\/wp-content\\\/uploads\\\/2022\\\/12\\\/bantam-logo.png\",\"width\":320,\"height\":71,\"caption\":\"Bantam Camping AG\"},\"image\":{\"@id\":\"https:\\\/\\\/shop.bantam.ch\\\/de\\\/#\\\/schema\\\/logo\\\/image\\\/\"}}]}<\/script>\n<!-- \/ Yoast SEO plugin. -->","yoast_head_json":{"title":"Boracay FTC 401 TC Dometic - Bantam Camping AG","robots":{"index":"index","follow":"follow","max-snippet":"max-snippet:-1","max-image-preview":"max-image-preview:large","max-video-preview":"max-video-preview:-1"},"canonical":"https:\/\/shop.bantam.ch\/de\/produkt\/boracay-ftc-401-tc-dometic\/","og_locale":"de_DE","og_type":"article","og_title":"Boracay FTC 401 TC Dometic - Bantam Camping AG","og_description":"Aufblasbares Campingzelt f\u00fcr 4 Personen Das kompakte Boracay FTC 401 TC ist das ideale Reisezelt; gro\u00dfe raumhohe Fenster, ein Stauraum hinten und eine niedrige bis hohe Bel\u00fcftung sorgen f\u00fcr ein luxuri\u00f6ses Camping-Erlebnis. Atmungsaktives Baumwollmaterial reguliert die Innentemperatur. Das integrierte Vordach erweitert au\u00dferdem den Wohnbereich nach drau\u00dfen. Gut gesch\u00fctzte und haltbare Air-Frame-Technologie mit Multi-Point-Aufblassystem Vollst\u00e4ndig atmungsaktives [&hellip;]","og_url":"https:\/\/shop.bantam.ch\/de\/produkt\/boracay-ftc-401-tc-dometic\/","og_site_name":"Bantam Camping AG","article_modified_time":"2026-04-18T20:54:04+00:00","og_image":[{"width":600,"height":600,"url":"https:\/\/shop.bantam.ch\/wp-content\/uploads\/2023\/09\/Dometic-Boracay-FTC-401-TC_72_15022995_ok.jpg","type":"image\/jpeg"}],"twitter_card":"summary_large_image","schema":{"@context":"https:\/\/schema.org","@graph":[{"@type":"WebPage","@id":"https:\/\/shop.bantam.ch\/de\/produkt\/boracay-ftc-401-tc-dometic\/","url":"https:\/\/shop.bantam.ch\/de\/produkt\/boracay-ftc-401-tc-dometic\/","name":"Boracay FTC 401 TC Dometic - Bantam Camping AG","isPartOf":{"@id":"https:\/\/shop.bantam.ch\/de\/#website"},"primaryImageOfPage":{"@id":"https:\/\/shop.bantam.ch\/de\/produkt\/boracay-ftc-401-tc-dometic\/#primaryimage"},"image":{"@id":"https:\/\/shop.bantam.ch\/de\/produkt\/boracay-ftc-401-tc-dometic\/#primaryimage"},"thumbnailUrl":"https:\/\/shop.bantam.ch\/wp-content\/uploads\/2023\/09\/Dometic-Boracay-FTC-401-TC_72_15022995_ok.jpg","datePublished":"2023-09-04T12:33:32+00:00","dateModified":"2026-04-18T20:54:04+00:00","breadcrumb":{"@id":"https:\/\/shop.bantam.ch\/de\/produkt\/boracay-ftc-401-tc-dometic\/#breadcrumb"},"inLanguage":"de","potentialAction":[{"@type":"ReadAction","target":["https:\/\/shop.bantam.ch\/de\/produkt\/boracay-ftc-401-tc-dometic\/"]}]},{"@type":"ImageObject","inLanguage":"de","@id":"https:\/\/shop.bantam.ch\/de\/produkt\/boracay-ftc-401-tc-dometic\/#primaryimage","url":"https:\/\/shop.bantam.ch\/wp-content\/uploads\/2023\/09\/Dometic-Boracay-FTC-401-TC_72_15022995_ok.jpg","contentUrl":"https:\/\/shop.bantam.ch\/wp-content\/uploads\/2023\/09\/Dometic-Boracay-FTC-401-TC_72_15022995_ok.jpg","width":600,"height":600},{"@type":"BreadcrumbList","@id":"https:\/\/shop.bantam.ch\/de\/produkt\/boracay-ftc-401-tc-dometic\/#breadcrumb","itemListElement":[{"@type":"ListItem","position":1,"name":"Accueil","item":"https:\/\/shop.bantam.ch\/de\/"},{"@type":"ListItem","position":2,"name":"Shop","item":"https:\/\/shop.bantam.ch\/de\/shop\/"},{"@type":"ListItem","position":3,"name":"Boracay FTC 401 TC Dometic"}]},{"@type":"WebSite","@id":"https:\/\/shop.bantam.ch\/de\/#website","url":"https:\/\/shop.bantam.ch\/de\/","name":"Bantam Camping AG","description":"","publisher":{"@id":"https:\/\/shop.bantam.ch\/de\/#organization"},"inLanguage":"de"},{"@type":"Organization","@id":"https:\/\/shop.bantam.ch\/de\/#organization","name":"Bantam Camping AG","url":"https:\/\/shop.bantam.ch\/de\/","logo":{"@type":"ImageObject","inLanguage":"de","@id":"https:\/\/shop.bantam.ch\/de\/#\/schema\/logo\/image\/","url":"https:\/\/shop.bantam.ch\/wp-content\/uploads\/2022\/12\/bantam-logo.png","contentUrl":"https:\/\/shop.bantam.ch\/wp-content\/uploads\/2022\/12\/bantam-logo.png","width":320,"height":71,"caption":"Bantam Camping AG"},"image":{"@id":"https:\/\/shop.bantam.ch\/de\/#\/schema\/logo\/image\/"}}]}},"_links":{"self":[{"href":"https:\/\/shop.bantam.ch\/de\/wp-json\/wp\/v2\/product\/186753","targetHints":{"allow":["GET"]}}],"collection":[{"href":"https:\/\/shop.bantam.ch\/de\/wp-json\/wp\/v2\/product"}],"about":[{"href":"https:\/\/shop.bantam.ch\/de\/wp-json\/wp\/v2\/types\/product"}],"wp:featuredmedia":[{"embeddable":true,"href":"https:\/\/shop.bantam.ch\/de\/wp-json\/wp\/v2\/media\/186751"}],"wp:attachment":[{"href":"https:\/\/shop.bantam.ch\/de\/wp-json\/wp\/v2\/media?parent=186753"}],"wp:term":[{"taxonomy":"product_featured_cat","embeddable":true,"href":"https:\/\/shop.bantam.ch\/de\/wp-json\/wp\/v2\/product_featured_cat?post=186753"},{"taxonomy":"product_brand","embeddable":true,"href":"https:\/\/shop.bantam.ch\/de\/wp-json\/wp\/v2\/product_brand?post=186753"},{"taxonomy":"product_cat","embeddable":true,"href":"https:\/\/shop.bantam.ch\/de\/wp-json\/wp\/v2\/product_cat?post=186753"},{"taxonomy":"product_tag","embeddable":true,"href":"https:\/\/shop.bantam.ch\/de\/wp-json\/wp\/v2\/product_tag?post=186753"}],"curies":[{"name":"wp","href":"https:\/\/api.w.org\/{rel}","templated":true}]}}