{"id":186677,"date":"2023-08-31T16:17:55","date_gmt":"2023-08-31T14:17:55","guid":{"rendered":"https:\/\/shop.bantam.ch\/produit\/grande-air-pro-ext-r-h-s-dometic\/"},"modified":"2026-04-18T22:53:58","modified_gmt":"2026-04-18T20:53:58","slug":"grande-air-pro-ext-r-h-s-dometic","status":"publish","type":"product","link":"https:\/\/shop.bantam.ch\/de\/produkt\/grande-air-pro-ext-r-h-s-dometic\/","title":{"rendered":"Grande AIR Pro EXT R\/H S Dometic"},"content":{"rendered":"<p>Erweiterung f\u00fcr aufblasbares Vorzelt<br \/>\nAn beiden oder nur an einer Seite k\u00f6nnen optionale Erweiterungen angebracht werden. Einfach anzippen und von einem Punkt aus aufblasen. Ideal zur Unterbringung von G\u00e4sten, oder wenn Sie zus\u00e4tzlichen Stauraum ben\u00f6tigen.<br \/>\nDie Air-Frame-Technologie gew\u00e4hrleistet eine stabile St\u00fctzkonstruktion und einen einfachen Aufbau<br \/>\nLeicht zug\u00e4nglicher Raum mit Rei\u00dfverschluss<br \/>\nDas Insektengitter gew\u00e4hrleistet eine gute Luftzirkulation und h\u00e4lt gleichzeitig Insekten ab<br \/>\nJede Erweiterung vergr\u00f6\u00dfert die Gesamtbreite des Vorzeltes um 1,9 m, wobei H\u00f6he und Tiefe gleich bleiben.<br \/>\nBauen Sie das optionale Innenzelt f\u00fcr einen zus\u00e4tzlichen Schlafplatz ein.<br \/>\nAbmessungen Produkttiefe 2900 mm<br \/>\nAbmessungen Produkth\u00f6he 2650 mm<br \/>\nAbmessungen Produktbreite 1900 mm<br \/>\nConnection height min 235.00 cm<br \/>\nConnection height max 265.00 cm<br \/>\nNettogewicht 16.80 kg<\/p>\n","protected":false},"excerpt":{"rendered":"<p>Erweiterung f\u00fcr aufblasbares Vorzelt An beiden oder nur an einer Seite k\u00f6nnen optionale Erweiterungen angebracht werden. Einfach anzippen und von einem Punkt aus aufblasen. Ideal zur Unterbringung von G\u00e4sten, oder wenn Sie zus\u00e4tzlichen Stauraum ben\u00f6tigen. Die Air-Frame-Technologie gew\u00e4hrleistet eine stabile St\u00fctzkonstruktion und einen einfachen Aufbau Leicht zug\u00e4nglicher Raum mit Rei\u00dfverschluss Das Insektengitter gew\u00e4hrleistet eine gute [&hellip;]<\/p>\n","protected":false},"featured_media":186675,"template":"","meta":{"_acf_changed":false},"product_featured_cat":[5307],"product_brand":[3029],"product_cat":[4248],"product_tag":[],"class_list":{"0":"post-186677","1":"product","2":"type-product","3":"status-publish","4":"has-post-thumbnail","6":"product_featured_cat-auvents-etagniere-de","7":"product_brand-dometic-de","8":"product_cat-vorzelte-zelte","10":"first","11":"instock","12":"sale","13":"taxable","14":"shipping-taxable","15":"purchasable","16":"product-type-simple"},"acf":[],"yoast_head":"<!-- This site is optimized with the Yoast SEO plugin v27.4 - https:\/\/yoast.com\/product\/yoast-seo-wordpress\/ -->\n<title>Grande AIR Pro EXT R\/H S Dometic - Bantam Camping AG<\/title>\n<meta name=\"robots\" content=\"index, follow, max-snippet:-1, max-image-preview:large, max-video-preview:-1\" \/>\n<link rel=\"canonical\" href=\"https:\/\/shop.bantam.ch\/de\/produkt\/grande-air-pro-ext-r-h-s-dometic\/\" \/>\n<meta property=\"og:locale\" content=\"de_DE\" \/>\n<meta property=\"og:type\" content=\"article\" \/>\n<meta property=\"og:title\" content=\"Grande AIR Pro EXT R\/H S Dometic - Bantam Camping AG\" \/>\n<meta property=\"og:description\" content=\"Erweiterung f\u00fcr aufblasbares Vorzelt An beiden oder nur an einer Seite k\u00f6nnen optionale Erweiterungen angebracht werden. Einfach anzippen und von einem Punkt aus aufblasen. Ideal zur Unterbringung von G\u00e4sten, oder wenn Sie zus\u00e4tzlichen Stauraum ben\u00f6tigen. Die Air-Frame-Technologie gew\u00e4hrleistet eine stabile St\u00fctzkonstruktion und einen einfachen Aufbau Leicht zug\u00e4nglicher Raum mit Rei\u00dfverschluss Das Insektengitter gew\u00e4hrleistet eine gute [&hellip;]\" \/>\n<meta property=\"og:url\" content=\"https:\/\/shop.bantam.ch\/de\/produkt\/grande-air-pro-ext-r-h-s-dometic\/\" \/>\n<meta property=\"og:site_name\" content=\"Bantam Camping AG\" \/>\n<meta property=\"article:modified_time\" content=\"2026-04-18T20:53:58+00:00\" \/>\n<meta property=\"og:image\" content=\"https:\/\/shop.bantam.ch\/wp-content\/uploads\/2023\/08\/AA0009-9120000046-p400_72_15021146.jpg\" \/>\n\t<meta property=\"og:image:width\" content=\"600\" \/>\n\t<meta property=\"og:image:height\" content=\"600\" \/>\n\t<meta property=\"og:image:type\" content=\"image\/jpeg\" \/>\n<meta name=\"twitter:card\" content=\"summary_large_image\" \/>\n<meta name=\"twitter:label1\" content=\"Gesch\u00e4tzte Lesezeit\" \/>\n\t<meta name=\"twitter:data1\" content=\"1\u00a0Minute\" \/>\n<script type=\"application\/ld+json\" class=\"yoast-schema-graph\">{\"@context\":\"https:\\\/\\\/schema.org\",\"@graph\":[{\"@type\":\"WebPage\",\"@id\":\"https:\\\/\\\/shop.bantam.ch\\\/de\\\/produkt\\\/grande-air-pro-ext-r-h-s-dometic\\\/\",\"url\":\"https:\\\/\\\/shop.bantam.ch\\\/de\\\/produkt\\\/grande-air-pro-ext-r-h-s-dometic\\\/\",\"name\":\"Grande AIR Pro EXT R\\\/H S Dometic - Bantam Camping AG\",\"isPartOf\":{\"@id\":\"https:\\\/\\\/shop.bantam.ch\\\/de\\\/#website\"},\"primaryImageOfPage\":{\"@id\":\"https:\\\/\\\/shop.bantam.ch\\\/de\\\/produkt\\\/grande-air-pro-ext-r-h-s-dometic\\\/#primaryimage\"},\"image\":{\"@id\":\"https:\\\/\\\/shop.bantam.ch\\\/de\\\/produkt\\\/grande-air-pro-ext-r-h-s-dometic\\\/#primaryimage\"},\"thumbnailUrl\":\"https:\\\/\\\/shop.bantam.ch\\\/wp-content\\\/uploads\\\/2023\\\/08\\\/AA0009-9120000046-p400_72_15021146.jpg\",\"datePublished\":\"2023-08-31T14:17:55+00:00\",\"dateModified\":\"2026-04-18T20:53:58+00:00\",\"breadcrumb\":{\"@id\":\"https:\\\/\\\/shop.bantam.ch\\\/de\\\/produkt\\\/grande-air-pro-ext-r-h-s-dometic\\\/#breadcrumb\"},\"inLanguage\":\"de\",\"potentialAction\":[{\"@type\":\"ReadAction\",\"target\":[\"https:\\\/\\\/shop.bantam.ch\\\/de\\\/produkt\\\/grande-air-pro-ext-r-h-s-dometic\\\/\"]}]},{\"@type\":\"ImageObject\",\"inLanguage\":\"de\",\"@id\":\"https:\\\/\\\/shop.bantam.ch\\\/de\\\/produkt\\\/grande-air-pro-ext-r-h-s-dometic\\\/#primaryimage\",\"url\":\"https:\\\/\\\/shop.bantam.ch\\\/wp-content\\\/uploads\\\/2023\\\/08\\\/AA0009-9120000046-p400_72_15021146.jpg\",\"contentUrl\":\"https:\\\/\\\/shop.bantam.ch\\\/wp-content\\\/uploads\\\/2023\\\/08\\\/AA0009-9120000046-p400_72_15021146.jpg\",\"width\":600,\"height\":600},{\"@type\":\"BreadcrumbList\",\"@id\":\"https:\\\/\\\/shop.bantam.ch\\\/de\\\/produkt\\\/grande-air-pro-ext-r-h-s-dometic\\\/#breadcrumb\",\"itemListElement\":[{\"@type\":\"ListItem\",\"position\":1,\"name\":\"Accueil\",\"item\":\"https:\\\/\\\/shop.bantam.ch\\\/de\\\/\"},{\"@type\":\"ListItem\",\"position\":2,\"name\":\"Shop\",\"item\":\"https:\\\/\\\/shop.bantam.ch\\\/de\\\/shop\\\/\"},{\"@type\":\"ListItem\",\"position\":3,\"name\":\"Grande AIR Pro EXT R\\\/H S Dometic\"}]},{\"@type\":\"WebSite\",\"@id\":\"https:\\\/\\\/shop.bantam.ch\\\/de\\\/#website\",\"url\":\"https:\\\/\\\/shop.bantam.ch\\\/de\\\/\",\"name\":\"Bantam Camping AG\",\"description\":\"\",\"publisher\":{\"@id\":\"https:\\\/\\\/shop.bantam.ch\\\/de\\\/#organization\"},\"inLanguage\":\"de\"},{\"@type\":\"Organization\",\"@id\":\"https:\\\/\\\/shop.bantam.ch\\\/de\\\/#organization\",\"name\":\"Bantam Camping AG\",\"url\":\"https:\\\/\\\/shop.bantam.ch\\\/de\\\/\",\"logo\":{\"@type\":\"ImageObject\",\"inLanguage\":\"de\",\"@id\":\"https:\\\/\\\/shop.bantam.ch\\\/de\\\/#\\\/schema\\\/logo\\\/image\\\/\",\"url\":\"https:\\\/\\\/shop.bantam.ch\\\/wp-content\\\/uploads\\\/2022\\\/12\\\/bantam-logo.png\",\"contentUrl\":\"https:\\\/\\\/shop.bantam.ch\\\/wp-content\\\/uploads\\\/2022\\\/12\\\/bantam-logo.png\",\"width\":320,\"height\":71,\"caption\":\"Bantam Camping AG\"},\"image\":{\"@id\":\"https:\\\/\\\/shop.bantam.ch\\\/de\\\/#\\\/schema\\\/logo\\\/image\\\/\"}}]}<\/script>\n<!-- \/ Yoast SEO plugin. -->","yoast_head_json":{"title":"Grande AIR Pro EXT R\/H S Dometic - Bantam Camping AG","robots":{"index":"index","follow":"follow","max-snippet":"max-snippet:-1","max-image-preview":"max-image-preview:large","max-video-preview":"max-video-preview:-1"},"canonical":"https:\/\/shop.bantam.ch\/de\/produkt\/grande-air-pro-ext-r-h-s-dometic\/","og_locale":"de_DE","og_type":"article","og_title":"Grande AIR Pro EXT R\/H S Dometic - Bantam Camping AG","og_description":"Erweiterung f\u00fcr aufblasbares Vorzelt An beiden oder nur an einer Seite k\u00f6nnen optionale Erweiterungen angebracht werden. Einfach anzippen und von einem Punkt aus aufblasen. Ideal zur Unterbringung von G\u00e4sten, oder wenn Sie zus\u00e4tzlichen Stauraum ben\u00f6tigen. Die Air-Frame-Technologie gew\u00e4hrleistet eine stabile St\u00fctzkonstruktion und einen einfachen Aufbau Leicht zug\u00e4nglicher Raum mit Rei\u00dfverschluss Das Insektengitter gew\u00e4hrleistet eine gute [&hellip;]","og_url":"https:\/\/shop.bantam.ch\/de\/produkt\/grande-air-pro-ext-r-h-s-dometic\/","og_site_name":"Bantam Camping AG","article_modified_time":"2026-04-18T20:53:58+00:00","og_image":[{"width":600,"height":600,"url":"https:\/\/shop.bantam.ch\/wp-content\/uploads\/2023\/08\/AA0009-9120000046-p400_72_15021146.jpg","type":"image\/jpeg"}],"twitter_card":"summary_large_image","twitter_misc":{"Gesch\u00e4tzte Lesezeit":"1\u00a0Minute"},"schema":{"@context":"https:\/\/schema.org","@graph":[{"@type":"WebPage","@id":"https:\/\/shop.bantam.ch\/de\/produkt\/grande-air-pro-ext-r-h-s-dometic\/","url":"https:\/\/shop.bantam.ch\/de\/produkt\/grande-air-pro-ext-r-h-s-dometic\/","name":"Grande AIR Pro EXT R\/H S Dometic - Bantam Camping AG","isPartOf":{"@id":"https:\/\/shop.bantam.ch\/de\/#website"},"primaryImageOfPage":{"@id":"https:\/\/shop.bantam.ch\/de\/produkt\/grande-air-pro-ext-r-h-s-dometic\/#primaryimage"},"image":{"@id":"https:\/\/shop.bantam.ch\/de\/produkt\/grande-air-pro-ext-r-h-s-dometic\/#primaryimage"},"thumbnailUrl":"https:\/\/shop.bantam.ch\/wp-content\/uploads\/2023\/08\/AA0009-9120000046-p400_72_15021146.jpg","datePublished":"2023-08-31T14:17:55+00:00","dateModified":"2026-04-18T20:53:58+00:00","breadcrumb":{"@id":"https:\/\/shop.bantam.ch\/de\/produkt\/grande-air-pro-ext-r-h-s-dometic\/#breadcrumb"},"inLanguage":"de","potentialAction":[{"@type":"ReadAction","target":["https:\/\/shop.bantam.ch\/de\/produkt\/grande-air-pro-ext-r-h-s-dometic\/"]}]},{"@type":"ImageObject","inLanguage":"de","@id":"https:\/\/shop.bantam.ch\/de\/produkt\/grande-air-pro-ext-r-h-s-dometic\/#primaryimage","url":"https:\/\/shop.bantam.ch\/wp-content\/uploads\/2023\/08\/AA0009-9120000046-p400_72_15021146.jpg","contentUrl":"https:\/\/shop.bantam.ch\/wp-content\/uploads\/2023\/08\/AA0009-9120000046-p400_72_15021146.jpg","width":600,"height":600},{"@type":"BreadcrumbList","@id":"https:\/\/shop.bantam.ch\/de\/produkt\/grande-air-pro-ext-r-h-s-dometic\/#breadcrumb","itemListElement":[{"@type":"ListItem","position":1,"name":"Accueil","item":"https:\/\/shop.bantam.ch\/de\/"},{"@type":"ListItem","position":2,"name":"Shop","item":"https:\/\/shop.bantam.ch\/de\/shop\/"},{"@type":"ListItem","position":3,"name":"Grande AIR Pro EXT R\/H S Dometic"}]},{"@type":"WebSite","@id":"https:\/\/shop.bantam.ch\/de\/#website","url":"https:\/\/shop.bantam.ch\/de\/","name":"Bantam Camping AG","description":"","publisher":{"@id":"https:\/\/shop.bantam.ch\/de\/#organization"},"inLanguage":"de"},{"@type":"Organization","@id":"https:\/\/shop.bantam.ch\/de\/#organization","name":"Bantam Camping AG","url":"https:\/\/shop.bantam.ch\/de\/","logo":{"@type":"ImageObject","inLanguage":"de","@id":"https:\/\/shop.bantam.ch\/de\/#\/schema\/logo\/image\/","url":"https:\/\/shop.bantam.ch\/wp-content\/uploads\/2022\/12\/bantam-logo.png","contentUrl":"https:\/\/shop.bantam.ch\/wp-content\/uploads\/2022\/12\/bantam-logo.png","width":320,"height":71,"caption":"Bantam Camping AG"},"image":{"@id":"https:\/\/shop.bantam.ch\/de\/#\/schema\/logo\/image\/"}}]}},"_links":{"self":[{"href":"https:\/\/shop.bantam.ch\/de\/wp-json\/wp\/v2\/product\/186677","targetHints":{"allow":["GET"]}}],"collection":[{"href":"https:\/\/shop.bantam.ch\/de\/wp-json\/wp\/v2\/product"}],"about":[{"href":"https:\/\/shop.bantam.ch\/de\/wp-json\/wp\/v2\/types\/product"}],"wp:featuredmedia":[{"embeddable":true,"href":"https:\/\/shop.bantam.ch\/de\/wp-json\/wp\/v2\/media\/186675"}],"wp:attachment":[{"href":"https:\/\/shop.bantam.ch\/de\/wp-json\/wp\/v2\/media?parent=186677"}],"wp:term":[{"taxonomy":"product_featured_cat","embeddable":true,"href":"https:\/\/shop.bantam.ch\/de\/wp-json\/wp\/v2\/product_featured_cat?post=186677"},{"taxonomy":"product_brand","embeddable":true,"href":"https:\/\/shop.bantam.ch\/de\/wp-json\/wp\/v2\/product_brand?post=186677"},{"taxonomy":"product_cat","embeddable":true,"href":"https:\/\/shop.bantam.ch\/de\/wp-json\/wp\/v2\/product_cat?post=186677"},{"taxonomy":"product_tag","embeddable":true,"href":"https:\/\/shop.bantam.ch\/de\/wp-json\/wp\/v2\/product_tag?post=186677"}],"curies":[{"name":"wp","href":"https:\/\/api.w.org\/{rel}","templated":true}]}}