{"id":186661,"date":"2023-08-31T15:22:07","date_gmt":"2023-08-31T13:22:07","guid":{"rendered":"https:\/\/shop.bantam.ch\/produit\/rally-air-pro-330-da-dometic\/"},"modified":"2026-04-19T22:56:20","modified_gmt":"2026-04-19T20:56:20","slug":"rally-air-pro-330-da-dometic","status":"publish","type":"product","link":"https:\/\/shop.bantam.ch\/de\/produkt\/rally-air-pro-330-da-dometic\/","title":{"rendered":"Rally AIR Pro 330 DA Dometic"},"content":{"rendered":"<p>Aufblasbares Driveaway-Vorzelt, Breite 3,3 m<br \/>\nUnser Vorzelt Rally AIR DA wurde f\u00fcr eine breite Palette von Fahrzeugen entwickelt und erm\u00f6glicht Ihnen, das Vorzelt vor Ort zu lassen, w\u00e4hrend Sie die Umgebung erkunden. Dank der Einzelpunkt-Rahmentechnologie ist sie auch leicht aufzubauen.<br \/>\nDie \u00fcber einen Lufteinlass aufblasbare Air-Frame-Technologie gew\u00e4hrleistet eine stabile St\u00fctzkonstruktion und leichten Aufbau<br \/>\nDas strapazierf\u00e4hige und dennoch leichte Weathershield\u2122 Pro-Material hat sich in verschiedenen Umgebungen bew\u00e4hrt<br \/>\nFreistehendes Driveaway-Vorzelt<br \/>\nAbmessungen Produkttiefe 2500 mm<br \/>\nAbmessungen Produkth\u00f6he 3000 mm<br \/>\nAbmessungen Produktbreite 3300 mm<br \/>\nConnection height min 220.00 cm<br \/>\nConnection height max 300.00 cm<br \/>\nNettogewicht 33.80 kg<\/p>\n","protected":false},"excerpt":{"rendered":"<p>Aufblasbares Driveaway-Vorzelt, Breite 3,3 m Unser Vorzelt Rally AIR DA wurde f\u00fcr eine breite Palette von Fahrzeugen entwickelt und erm\u00f6glicht Ihnen, das Vorzelt vor Ort zu lassen, w\u00e4hrend Sie die Umgebung erkunden. Dank der Einzelpunkt-Rahmentechnologie ist sie auch leicht aufzubauen. Die \u00fcber einen Lufteinlass aufblasbare Air-Frame-Technologie gew\u00e4hrleistet eine stabile St\u00fctzkonstruktion und leichten Aufbau Das strapazierf\u00e4hige [&hellip;]<\/p>\n","protected":false},"featured_media":186659,"template":"","meta":{"_acf_changed":false},"product_featured_cat":[],"product_brand":[3029],"product_cat":[4248],"product_tag":[],"class_list":{"0":"post-186661","1":"product","2":"type-product","3":"status-publish","4":"has-post-thumbnail","6":"product_brand-dometic-de","7":"product_cat-vorzelte-zelte","9":"first","10":"instock","11":"taxable","12":"shipping-taxable","13":"purchasable","14":"product-type-simple"},"acf":[],"yoast_head":"<!-- This site is optimized with the Yoast SEO plugin v27.4 - https:\/\/yoast.com\/product\/yoast-seo-wordpress\/ -->\n<title>Rally AIR Pro 330 DA Dometic - Bantam Camping AG<\/title>\n<meta name=\"robots\" content=\"index, follow, max-snippet:-1, max-image-preview:large, max-video-preview:-1\" \/>\n<link rel=\"canonical\" href=\"https:\/\/shop.bantam.ch\/de\/produkt\/rally-air-pro-330-da-dometic\/\" \/>\n<meta property=\"og:locale\" content=\"de_DE\" \/>\n<meta property=\"og:type\" content=\"article\" \/>\n<meta property=\"og:title\" content=\"Rally AIR Pro 330 DA Dometic - Bantam Camping AG\" \/>\n<meta property=\"og:description\" content=\"Aufblasbares Driveaway-Vorzelt, Breite 3,3 m Unser Vorzelt Rally AIR DA wurde f\u00fcr eine breite Palette von Fahrzeugen entwickelt und erm\u00f6glicht Ihnen, das Vorzelt vor Ort zu lassen, w\u00e4hrend Sie die Umgebung erkunden. Dank der Einzelpunkt-Rahmentechnologie ist sie auch leicht aufzubauen. Die \u00fcber einen Lufteinlass aufblasbare Air-Frame-Technologie gew\u00e4hrleistet eine stabile St\u00fctzkonstruktion und leichten Aufbau Das strapazierf\u00e4hige [&hellip;]\" \/>\n<meta property=\"og:url\" content=\"https:\/\/shop.bantam.ch\/de\/produkt\/rally-air-pro-330-da-dometic\/\" \/>\n<meta property=\"og:site_name\" content=\"Bantam Camping AG\" \/>\n<meta property=\"article:modified_time\" content=\"2026-04-19T20:56:20+00:00\" \/>\n<meta property=\"og:image\" content=\"https:\/\/shop.bantam.ch\/wp-content\/uploads\/2023\/08\/9120001138_72_15021138.jpg\" \/>\n\t<meta property=\"og:image:width\" content=\"600\" \/>\n\t<meta property=\"og:image:height\" content=\"600\" \/>\n\t<meta property=\"og:image:type\" content=\"image\/jpeg\" \/>\n<meta name=\"twitter:card\" content=\"summary_large_image\" \/>\n<script type=\"application\/ld+json\" class=\"yoast-schema-graph\">{\"@context\":\"https:\\\/\\\/schema.org\",\"@graph\":[{\"@type\":\"WebPage\",\"@id\":\"https:\\\/\\\/shop.bantam.ch\\\/de\\\/produkt\\\/rally-air-pro-330-da-dometic\\\/\",\"url\":\"https:\\\/\\\/shop.bantam.ch\\\/de\\\/produkt\\\/rally-air-pro-330-da-dometic\\\/\",\"name\":\"Rally AIR Pro 330 DA Dometic - Bantam Camping AG\",\"isPartOf\":{\"@id\":\"https:\\\/\\\/shop.bantam.ch\\\/de\\\/#website\"},\"primaryImageOfPage\":{\"@id\":\"https:\\\/\\\/shop.bantam.ch\\\/de\\\/produkt\\\/rally-air-pro-330-da-dometic\\\/#primaryimage\"},\"image\":{\"@id\":\"https:\\\/\\\/shop.bantam.ch\\\/de\\\/produkt\\\/rally-air-pro-330-da-dometic\\\/#primaryimage\"},\"thumbnailUrl\":\"https:\\\/\\\/shop.bantam.ch\\\/wp-content\\\/uploads\\\/2023\\\/08\\\/9120001138_72_15021138.jpg\",\"datePublished\":\"2023-08-31T13:22:07+00:00\",\"dateModified\":\"2026-04-19T20:56:20+00:00\",\"breadcrumb\":{\"@id\":\"https:\\\/\\\/shop.bantam.ch\\\/de\\\/produkt\\\/rally-air-pro-330-da-dometic\\\/#breadcrumb\"},\"inLanguage\":\"de\",\"potentialAction\":[{\"@type\":\"ReadAction\",\"target\":[\"https:\\\/\\\/shop.bantam.ch\\\/de\\\/produkt\\\/rally-air-pro-330-da-dometic\\\/\"]}]},{\"@type\":\"ImageObject\",\"inLanguage\":\"de\",\"@id\":\"https:\\\/\\\/shop.bantam.ch\\\/de\\\/produkt\\\/rally-air-pro-330-da-dometic\\\/#primaryimage\",\"url\":\"https:\\\/\\\/shop.bantam.ch\\\/wp-content\\\/uploads\\\/2023\\\/08\\\/9120001138_72_15021138.jpg\",\"contentUrl\":\"https:\\\/\\\/shop.bantam.ch\\\/wp-content\\\/uploads\\\/2023\\\/08\\\/9120001138_72_15021138.jpg\",\"width\":600,\"height\":600},{\"@type\":\"BreadcrumbList\",\"@id\":\"https:\\\/\\\/shop.bantam.ch\\\/de\\\/produkt\\\/rally-air-pro-330-da-dometic\\\/#breadcrumb\",\"itemListElement\":[{\"@type\":\"ListItem\",\"position\":1,\"name\":\"Accueil\",\"item\":\"https:\\\/\\\/shop.bantam.ch\\\/de\\\/\"},{\"@type\":\"ListItem\",\"position\":2,\"name\":\"Shop\",\"item\":\"https:\\\/\\\/shop.bantam.ch\\\/de\\\/shop\\\/\"},{\"@type\":\"ListItem\",\"position\":3,\"name\":\"Rally AIR Pro 330 DA Dometic\"}]},{\"@type\":\"WebSite\",\"@id\":\"https:\\\/\\\/shop.bantam.ch\\\/de\\\/#website\",\"url\":\"https:\\\/\\\/shop.bantam.ch\\\/de\\\/\",\"name\":\"Bantam Camping AG\",\"description\":\"\",\"publisher\":{\"@id\":\"https:\\\/\\\/shop.bantam.ch\\\/de\\\/#organization\"},\"inLanguage\":\"de\"},{\"@type\":\"Organization\",\"@id\":\"https:\\\/\\\/shop.bantam.ch\\\/de\\\/#organization\",\"name\":\"Bantam Camping AG\",\"url\":\"https:\\\/\\\/shop.bantam.ch\\\/de\\\/\",\"logo\":{\"@type\":\"ImageObject\",\"inLanguage\":\"de\",\"@id\":\"https:\\\/\\\/shop.bantam.ch\\\/de\\\/#\\\/schema\\\/logo\\\/image\\\/\",\"url\":\"https:\\\/\\\/shop.bantam.ch\\\/wp-content\\\/uploads\\\/2022\\\/12\\\/bantam-logo.png\",\"contentUrl\":\"https:\\\/\\\/shop.bantam.ch\\\/wp-content\\\/uploads\\\/2022\\\/12\\\/bantam-logo.png\",\"width\":320,\"height\":71,\"caption\":\"Bantam Camping AG\"},\"image\":{\"@id\":\"https:\\\/\\\/shop.bantam.ch\\\/de\\\/#\\\/schema\\\/logo\\\/image\\\/\"}}]}<\/script>\n<!-- \/ Yoast SEO plugin. -->","yoast_head_json":{"title":"Rally AIR Pro 330 DA Dometic - Bantam Camping AG","robots":{"index":"index","follow":"follow","max-snippet":"max-snippet:-1","max-image-preview":"max-image-preview:large","max-video-preview":"max-video-preview:-1"},"canonical":"https:\/\/shop.bantam.ch\/de\/produkt\/rally-air-pro-330-da-dometic\/","og_locale":"de_DE","og_type":"article","og_title":"Rally AIR Pro 330 DA Dometic - Bantam Camping AG","og_description":"Aufblasbares Driveaway-Vorzelt, Breite 3,3 m Unser Vorzelt Rally AIR DA wurde f\u00fcr eine breite Palette von Fahrzeugen entwickelt und erm\u00f6glicht Ihnen, das Vorzelt vor Ort zu lassen, w\u00e4hrend Sie die Umgebung erkunden. Dank der Einzelpunkt-Rahmentechnologie ist sie auch leicht aufzubauen. Die \u00fcber einen Lufteinlass aufblasbare Air-Frame-Technologie gew\u00e4hrleistet eine stabile St\u00fctzkonstruktion und leichten Aufbau Das strapazierf\u00e4hige [&hellip;]","og_url":"https:\/\/shop.bantam.ch\/de\/produkt\/rally-air-pro-330-da-dometic\/","og_site_name":"Bantam Camping AG","article_modified_time":"2026-04-19T20:56:20+00:00","og_image":[{"width":600,"height":600,"url":"https:\/\/shop.bantam.ch\/wp-content\/uploads\/2023\/08\/9120001138_72_15021138.jpg","type":"image\/jpeg"}],"twitter_card":"summary_large_image","schema":{"@context":"https:\/\/schema.org","@graph":[{"@type":"WebPage","@id":"https:\/\/shop.bantam.ch\/de\/produkt\/rally-air-pro-330-da-dometic\/","url":"https:\/\/shop.bantam.ch\/de\/produkt\/rally-air-pro-330-da-dometic\/","name":"Rally AIR Pro 330 DA Dometic - Bantam Camping AG","isPartOf":{"@id":"https:\/\/shop.bantam.ch\/de\/#website"},"primaryImageOfPage":{"@id":"https:\/\/shop.bantam.ch\/de\/produkt\/rally-air-pro-330-da-dometic\/#primaryimage"},"image":{"@id":"https:\/\/shop.bantam.ch\/de\/produkt\/rally-air-pro-330-da-dometic\/#primaryimage"},"thumbnailUrl":"https:\/\/shop.bantam.ch\/wp-content\/uploads\/2023\/08\/9120001138_72_15021138.jpg","datePublished":"2023-08-31T13:22:07+00:00","dateModified":"2026-04-19T20:56:20+00:00","breadcrumb":{"@id":"https:\/\/shop.bantam.ch\/de\/produkt\/rally-air-pro-330-da-dometic\/#breadcrumb"},"inLanguage":"de","potentialAction":[{"@type":"ReadAction","target":["https:\/\/shop.bantam.ch\/de\/produkt\/rally-air-pro-330-da-dometic\/"]}]},{"@type":"ImageObject","inLanguage":"de","@id":"https:\/\/shop.bantam.ch\/de\/produkt\/rally-air-pro-330-da-dometic\/#primaryimage","url":"https:\/\/shop.bantam.ch\/wp-content\/uploads\/2023\/08\/9120001138_72_15021138.jpg","contentUrl":"https:\/\/shop.bantam.ch\/wp-content\/uploads\/2023\/08\/9120001138_72_15021138.jpg","width":600,"height":600},{"@type":"BreadcrumbList","@id":"https:\/\/shop.bantam.ch\/de\/produkt\/rally-air-pro-330-da-dometic\/#breadcrumb","itemListElement":[{"@type":"ListItem","position":1,"name":"Accueil","item":"https:\/\/shop.bantam.ch\/de\/"},{"@type":"ListItem","position":2,"name":"Shop","item":"https:\/\/shop.bantam.ch\/de\/shop\/"},{"@type":"ListItem","position":3,"name":"Rally AIR Pro 330 DA Dometic"}]},{"@type":"WebSite","@id":"https:\/\/shop.bantam.ch\/de\/#website","url":"https:\/\/shop.bantam.ch\/de\/","name":"Bantam Camping AG","description":"","publisher":{"@id":"https:\/\/shop.bantam.ch\/de\/#organization"},"inLanguage":"de"},{"@type":"Organization","@id":"https:\/\/shop.bantam.ch\/de\/#organization","name":"Bantam Camping AG","url":"https:\/\/shop.bantam.ch\/de\/","logo":{"@type":"ImageObject","inLanguage":"de","@id":"https:\/\/shop.bantam.ch\/de\/#\/schema\/logo\/image\/","url":"https:\/\/shop.bantam.ch\/wp-content\/uploads\/2022\/12\/bantam-logo.png","contentUrl":"https:\/\/shop.bantam.ch\/wp-content\/uploads\/2022\/12\/bantam-logo.png","width":320,"height":71,"caption":"Bantam Camping AG"},"image":{"@id":"https:\/\/shop.bantam.ch\/de\/#\/schema\/logo\/image\/"}}]}},"_links":{"self":[{"href":"https:\/\/shop.bantam.ch\/de\/wp-json\/wp\/v2\/product\/186661","targetHints":{"allow":["GET"]}}],"collection":[{"href":"https:\/\/shop.bantam.ch\/de\/wp-json\/wp\/v2\/product"}],"about":[{"href":"https:\/\/shop.bantam.ch\/de\/wp-json\/wp\/v2\/types\/product"}],"wp:featuredmedia":[{"embeddable":true,"href":"https:\/\/shop.bantam.ch\/de\/wp-json\/wp\/v2\/media\/186659"}],"wp:attachment":[{"href":"https:\/\/shop.bantam.ch\/de\/wp-json\/wp\/v2\/media?parent=186661"}],"wp:term":[{"taxonomy":"product_featured_cat","embeddable":true,"href":"https:\/\/shop.bantam.ch\/de\/wp-json\/wp\/v2\/product_featured_cat?post=186661"},{"taxonomy":"product_brand","embeddable":true,"href":"https:\/\/shop.bantam.ch\/de\/wp-json\/wp\/v2\/product_brand?post=186661"},{"taxonomy":"product_cat","embeddable":true,"href":"https:\/\/shop.bantam.ch\/de\/wp-json\/wp\/v2\/product_cat?post=186661"},{"taxonomy":"product_tag","embeddable":true,"href":"https:\/\/shop.bantam.ch\/de\/wp-json\/wp\/v2\/product_tag?post=186661"}],"curies":[{"name":"wp","href":"https:\/\/api.w.org\/{rel}","templated":true}]}}