{"id":186611,"date":"2023-08-30T17:00:18","date_gmt":"2023-08-30T15:00:18","guid":{"rendered":"https:\/\/shop.bantam.ch\/produit\/club-air-pro-330-s-dometic\/"},"modified":"2026-04-18T22:53:44","modified_gmt":"2026-04-18T20:53:44","slug":"club-air-pro-330-s-dometic","status":"publish","type":"product","link":"https:\/\/shop.bantam.ch\/de\/produkt\/club-air-pro-330-s-dometic\/","title":{"rendered":"Club AIR Pro 330 S Dometic"},"content":{"rendered":"<p>Aufblasbares statisches Vorzelt, Breite 3,3 m<br \/>\nDie Dual-Pitch\u2122-Dachspitze und ein integriertes Vordach verleihen dem Club AIR Pro seine unverwechselbare \u00c4sthetik. Die clevere Konfiguration der Vorderseite enth\u00e4lt zwei T\u00fcren. \u00d6ffnen Sie das Vorzelt, indem Sie einfach den Rei\u00dfverschluss aufziehen und die Wandelemente abnehmen \u2013 so entsteht ein Pavillon.<br \/>\nDie \u00fcber einen Lufteinlass aufblasbare Air-Frame-Technologie gew\u00e4hrleistet eine stabile St\u00fctzkonstruktion und leichten Aufbau<br \/>\nDas strapazierf\u00e4hige und dennoch leichte Weathershield\u2122 Pro-Material hat sich in verschiedenen Umgebungen bew\u00e4hrt<br \/>\nDas Dual-Pitch Roof erh\u00f6ht die Kopffreiheit und h\u00e4lt Wind und Regenwasser wirksam ab.<br \/>\nMulti-Hight-System f\u00fcr einen pr\u00e4zisen Fahrzeuganbau<br \/>\nAufgrund der flexiblen Konfiguration l\u00e4sst sich das Vorzelt \u00f6ffnen und wird so zu einer Art Pavillon<br \/>\nAbmessungen Produkttiefe 2750 mm<br \/>\nAbmessungen Produkth\u00f6he 2650 mm<br \/>\nAbmessungen Produktbreite 3300 mm<br \/>\nNettogewicht 27 kg<\/p>\n","protected":false},"excerpt":{"rendered":"<p>Aufblasbares statisches Vorzelt, Breite 3,3 m Die Dual-Pitch\u2122-Dachspitze und ein integriertes Vordach verleihen dem Club AIR Pro seine unverwechselbare \u00c4sthetik. Die clevere Konfiguration der Vorderseite enth\u00e4lt zwei T\u00fcren. \u00d6ffnen Sie das Vorzelt, indem Sie einfach den Rei\u00dfverschluss aufziehen und die Wandelemente abnehmen \u2013 so entsteht ein Pavillon. Die \u00fcber einen Lufteinlass aufblasbare Air-Frame-Technologie gew\u00e4hrleistet eine [&hellip;]<\/p>\n","protected":false},"featured_media":186609,"template":"","meta":{"_acf_changed":false},"product_featured_cat":[],"product_brand":[3029],"product_cat":[4248],"product_tag":[],"class_list":{"0":"post-186611","1":"product","2":"type-product","3":"status-publish","4":"has-post-thumbnail","6":"product_brand-dometic-de","7":"product_cat-vorzelte-zelte","9":"first","10":"instock","11":"taxable","12":"shipping-taxable","13":"purchasable","14":"product-type-simple"},"acf":[],"yoast_head":"<!-- This site is optimized with the Yoast SEO plugin v27.4 - https:\/\/yoast.com\/product\/yoast-seo-wordpress\/ -->\n<title>Club AIR Pro 330 S Dometic - Bantam Camping AG<\/title>\n<meta name=\"robots\" content=\"index, follow, max-snippet:-1, max-image-preview:large, max-video-preview:-1\" \/>\n<link rel=\"canonical\" href=\"https:\/\/shop.bantam.ch\/de\/produkt\/club-air-pro-330-s-dometic\/\" \/>\n<meta property=\"og:locale\" content=\"de_DE\" \/>\n<meta property=\"og:type\" content=\"article\" \/>\n<meta property=\"og:title\" content=\"Club AIR Pro 330 S Dometic - Bantam Camping AG\" \/>\n<meta property=\"og:description\" content=\"Aufblasbares statisches Vorzelt, Breite 3,3 m Die Dual-Pitch\u2122-Dachspitze und ein integriertes Vordach verleihen dem Club AIR Pro seine unverwechselbare \u00c4sthetik. Die clevere Konfiguration der Vorderseite enth\u00e4lt zwei T\u00fcren. \u00d6ffnen Sie das Vorzelt, indem Sie einfach den Rei\u00dfverschluss aufziehen und die Wandelemente abnehmen \u2013 so entsteht ein Pavillon. Die \u00fcber einen Lufteinlass aufblasbare Air-Frame-Technologie gew\u00e4hrleistet eine [&hellip;]\" \/>\n<meta property=\"og:url\" content=\"https:\/\/shop.bantam.ch\/de\/produkt\/club-air-pro-330-s-dometic\/\" \/>\n<meta property=\"og:site_name\" content=\"Bantam Camping AG\" \/>\n<meta property=\"article:modified_time\" content=\"2026-04-18T20:53:44+00:00\" \/>\n<meta property=\"og:image\" content=\"https:\/\/shop.bantam.ch\/wp-content\/uploads\/2023\/08\/9120001115_72_15022079_ok.jpg\" \/>\n\t<meta property=\"og:image:width\" content=\"600\" \/>\n\t<meta property=\"og:image:height\" content=\"608\" \/>\n\t<meta property=\"og:image:type\" content=\"image\/jpeg\" \/>\n<meta name=\"twitter:card\" content=\"summary_large_image\" \/>\n<meta name=\"twitter:label1\" content=\"Gesch\u00e4tzte Lesezeit\" \/>\n\t<meta name=\"twitter:data1\" content=\"1\u00a0Minute\" \/>\n<script type=\"application\/ld+json\" class=\"yoast-schema-graph\">{\"@context\":\"https:\\\/\\\/schema.org\",\"@graph\":[{\"@type\":\"WebPage\",\"@id\":\"https:\\\/\\\/shop.bantam.ch\\\/de\\\/produkt\\\/club-air-pro-330-s-dometic\\\/\",\"url\":\"https:\\\/\\\/shop.bantam.ch\\\/de\\\/produkt\\\/club-air-pro-330-s-dometic\\\/\",\"name\":\"Club AIR Pro 330 S Dometic - Bantam Camping AG\",\"isPartOf\":{\"@id\":\"https:\\\/\\\/shop.bantam.ch\\\/de\\\/#website\"},\"primaryImageOfPage\":{\"@id\":\"https:\\\/\\\/shop.bantam.ch\\\/de\\\/produkt\\\/club-air-pro-330-s-dometic\\\/#primaryimage\"},\"image\":{\"@id\":\"https:\\\/\\\/shop.bantam.ch\\\/de\\\/produkt\\\/club-air-pro-330-s-dometic\\\/#primaryimage\"},\"thumbnailUrl\":\"https:\\\/\\\/shop.bantam.ch\\\/wp-content\\\/uploads\\\/2023\\\/08\\\/9120001115_72_15022079_ok.jpg\",\"datePublished\":\"2023-08-30T15:00:18+00:00\",\"dateModified\":\"2026-04-18T20:53:44+00:00\",\"breadcrumb\":{\"@id\":\"https:\\\/\\\/shop.bantam.ch\\\/de\\\/produkt\\\/club-air-pro-330-s-dometic\\\/#breadcrumb\"},\"inLanguage\":\"de\",\"potentialAction\":[{\"@type\":\"ReadAction\",\"target\":[\"https:\\\/\\\/shop.bantam.ch\\\/de\\\/produkt\\\/club-air-pro-330-s-dometic\\\/\"]}]},{\"@type\":\"ImageObject\",\"inLanguage\":\"de\",\"@id\":\"https:\\\/\\\/shop.bantam.ch\\\/de\\\/produkt\\\/club-air-pro-330-s-dometic\\\/#primaryimage\",\"url\":\"https:\\\/\\\/shop.bantam.ch\\\/wp-content\\\/uploads\\\/2023\\\/08\\\/9120001115_72_15022079_ok.jpg\",\"contentUrl\":\"https:\\\/\\\/shop.bantam.ch\\\/wp-content\\\/uploads\\\/2023\\\/08\\\/9120001115_72_15022079_ok.jpg\",\"width\":600,\"height\":608},{\"@type\":\"BreadcrumbList\",\"@id\":\"https:\\\/\\\/shop.bantam.ch\\\/de\\\/produkt\\\/club-air-pro-330-s-dometic\\\/#breadcrumb\",\"itemListElement\":[{\"@type\":\"ListItem\",\"position\":1,\"name\":\"Accueil\",\"item\":\"https:\\\/\\\/shop.bantam.ch\\\/de\\\/\"},{\"@type\":\"ListItem\",\"position\":2,\"name\":\"Shop\",\"item\":\"https:\\\/\\\/shop.bantam.ch\\\/de\\\/shop\\\/\"},{\"@type\":\"ListItem\",\"position\":3,\"name\":\"Club AIR Pro 330 S Dometic\"}]},{\"@type\":\"WebSite\",\"@id\":\"https:\\\/\\\/shop.bantam.ch\\\/de\\\/#website\",\"url\":\"https:\\\/\\\/shop.bantam.ch\\\/de\\\/\",\"name\":\"Bantam Camping AG\",\"description\":\"\",\"publisher\":{\"@id\":\"https:\\\/\\\/shop.bantam.ch\\\/de\\\/#organization\"},\"inLanguage\":\"de\"},{\"@type\":\"Organization\",\"@id\":\"https:\\\/\\\/shop.bantam.ch\\\/de\\\/#organization\",\"name\":\"Bantam Camping AG\",\"url\":\"https:\\\/\\\/shop.bantam.ch\\\/de\\\/\",\"logo\":{\"@type\":\"ImageObject\",\"inLanguage\":\"de\",\"@id\":\"https:\\\/\\\/shop.bantam.ch\\\/de\\\/#\\\/schema\\\/logo\\\/image\\\/\",\"url\":\"https:\\\/\\\/shop.bantam.ch\\\/wp-content\\\/uploads\\\/2022\\\/12\\\/bantam-logo.png\",\"contentUrl\":\"https:\\\/\\\/shop.bantam.ch\\\/wp-content\\\/uploads\\\/2022\\\/12\\\/bantam-logo.png\",\"width\":320,\"height\":71,\"caption\":\"Bantam Camping AG\"},\"image\":{\"@id\":\"https:\\\/\\\/shop.bantam.ch\\\/de\\\/#\\\/schema\\\/logo\\\/image\\\/\"}}]}<\/script>\n<!-- \/ Yoast SEO plugin. -->","yoast_head_json":{"title":"Club AIR Pro 330 S Dometic - Bantam Camping AG","robots":{"index":"index","follow":"follow","max-snippet":"max-snippet:-1","max-image-preview":"max-image-preview:large","max-video-preview":"max-video-preview:-1"},"canonical":"https:\/\/shop.bantam.ch\/de\/produkt\/club-air-pro-330-s-dometic\/","og_locale":"de_DE","og_type":"article","og_title":"Club AIR Pro 330 S Dometic - Bantam Camping AG","og_description":"Aufblasbares statisches Vorzelt, Breite 3,3 m Die Dual-Pitch\u2122-Dachspitze und ein integriertes Vordach verleihen dem Club AIR Pro seine unverwechselbare \u00c4sthetik. Die clevere Konfiguration der Vorderseite enth\u00e4lt zwei T\u00fcren. \u00d6ffnen Sie das Vorzelt, indem Sie einfach den Rei\u00dfverschluss aufziehen und die Wandelemente abnehmen \u2013 so entsteht ein Pavillon. Die \u00fcber einen Lufteinlass aufblasbare Air-Frame-Technologie gew\u00e4hrleistet eine [&hellip;]","og_url":"https:\/\/shop.bantam.ch\/de\/produkt\/club-air-pro-330-s-dometic\/","og_site_name":"Bantam Camping AG","article_modified_time":"2026-04-18T20:53:44+00:00","og_image":[{"width":600,"height":608,"url":"https:\/\/shop.bantam.ch\/wp-content\/uploads\/2023\/08\/9120001115_72_15022079_ok.jpg","type":"image\/jpeg"}],"twitter_card":"summary_large_image","twitter_misc":{"Gesch\u00e4tzte Lesezeit":"1\u00a0Minute"},"schema":{"@context":"https:\/\/schema.org","@graph":[{"@type":"WebPage","@id":"https:\/\/shop.bantam.ch\/de\/produkt\/club-air-pro-330-s-dometic\/","url":"https:\/\/shop.bantam.ch\/de\/produkt\/club-air-pro-330-s-dometic\/","name":"Club AIR Pro 330 S Dometic - Bantam Camping AG","isPartOf":{"@id":"https:\/\/shop.bantam.ch\/de\/#website"},"primaryImageOfPage":{"@id":"https:\/\/shop.bantam.ch\/de\/produkt\/club-air-pro-330-s-dometic\/#primaryimage"},"image":{"@id":"https:\/\/shop.bantam.ch\/de\/produkt\/club-air-pro-330-s-dometic\/#primaryimage"},"thumbnailUrl":"https:\/\/shop.bantam.ch\/wp-content\/uploads\/2023\/08\/9120001115_72_15022079_ok.jpg","datePublished":"2023-08-30T15:00:18+00:00","dateModified":"2026-04-18T20:53:44+00:00","breadcrumb":{"@id":"https:\/\/shop.bantam.ch\/de\/produkt\/club-air-pro-330-s-dometic\/#breadcrumb"},"inLanguage":"de","potentialAction":[{"@type":"ReadAction","target":["https:\/\/shop.bantam.ch\/de\/produkt\/club-air-pro-330-s-dometic\/"]}]},{"@type":"ImageObject","inLanguage":"de","@id":"https:\/\/shop.bantam.ch\/de\/produkt\/club-air-pro-330-s-dometic\/#primaryimage","url":"https:\/\/shop.bantam.ch\/wp-content\/uploads\/2023\/08\/9120001115_72_15022079_ok.jpg","contentUrl":"https:\/\/shop.bantam.ch\/wp-content\/uploads\/2023\/08\/9120001115_72_15022079_ok.jpg","width":600,"height":608},{"@type":"BreadcrumbList","@id":"https:\/\/shop.bantam.ch\/de\/produkt\/club-air-pro-330-s-dometic\/#breadcrumb","itemListElement":[{"@type":"ListItem","position":1,"name":"Accueil","item":"https:\/\/shop.bantam.ch\/de\/"},{"@type":"ListItem","position":2,"name":"Shop","item":"https:\/\/shop.bantam.ch\/de\/shop\/"},{"@type":"ListItem","position":3,"name":"Club AIR Pro 330 S Dometic"}]},{"@type":"WebSite","@id":"https:\/\/shop.bantam.ch\/de\/#website","url":"https:\/\/shop.bantam.ch\/de\/","name":"Bantam Camping AG","description":"","publisher":{"@id":"https:\/\/shop.bantam.ch\/de\/#organization"},"inLanguage":"de"},{"@type":"Organization","@id":"https:\/\/shop.bantam.ch\/de\/#organization","name":"Bantam Camping AG","url":"https:\/\/shop.bantam.ch\/de\/","logo":{"@type":"ImageObject","inLanguage":"de","@id":"https:\/\/shop.bantam.ch\/de\/#\/schema\/logo\/image\/","url":"https:\/\/shop.bantam.ch\/wp-content\/uploads\/2022\/12\/bantam-logo.png","contentUrl":"https:\/\/shop.bantam.ch\/wp-content\/uploads\/2022\/12\/bantam-logo.png","width":320,"height":71,"caption":"Bantam Camping AG"},"image":{"@id":"https:\/\/shop.bantam.ch\/de\/#\/schema\/logo\/image\/"}}]}},"_links":{"self":[{"href":"https:\/\/shop.bantam.ch\/de\/wp-json\/wp\/v2\/product\/186611","targetHints":{"allow":["GET"]}}],"collection":[{"href":"https:\/\/shop.bantam.ch\/de\/wp-json\/wp\/v2\/product"}],"about":[{"href":"https:\/\/shop.bantam.ch\/de\/wp-json\/wp\/v2\/types\/product"}],"wp:featuredmedia":[{"embeddable":true,"href":"https:\/\/shop.bantam.ch\/de\/wp-json\/wp\/v2\/media\/186609"}],"wp:attachment":[{"href":"https:\/\/shop.bantam.ch\/de\/wp-json\/wp\/v2\/media?parent=186611"}],"wp:term":[{"taxonomy":"product_featured_cat","embeddable":true,"href":"https:\/\/shop.bantam.ch\/de\/wp-json\/wp\/v2\/product_featured_cat?post=186611"},{"taxonomy":"product_brand","embeddable":true,"href":"https:\/\/shop.bantam.ch\/de\/wp-json\/wp\/v2\/product_brand?post=186611"},{"taxonomy":"product_cat","embeddable":true,"href":"https:\/\/shop.bantam.ch\/de\/wp-json\/wp\/v2\/product_cat?post=186611"},{"taxonomy":"product_tag","embeddable":true,"href":"https:\/\/shop.bantam.ch\/de\/wp-json\/wp\/v2\/product_tag?post=186611"}],"curies":[{"name":"wp","href":"https:\/\/api.w.org\/{rel}","templated":true}]}}