{"id":186606,"date":"2023-08-30T16:36:18","date_gmt":"2023-08-30T14:36:18","guid":{"rendered":"https:\/\/shop.bantam.ch\/produit\/club-air-pro-260-s-dometic-2\/"},"modified":"2026-05-02T22:47:33","modified_gmt":"2026-05-02T20:47:33","slug":"club-air-pro-260-s-dometic-2","status":"publish","type":"product","link":"https:\/\/shop.bantam.ch\/de\/produkt\/club-air-pro-260-s-dometic-2\/","title":{"rendered":"Club AIR Pro 390 S Dometic"},"content":{"rendered":"<p><span>Aufblasbares statisches Vorzelt, Breite 3,9 m<\/span><\/p>\n<p><span>Die Dual-Pitch\u2122-Dachspitze und ein integriertes Vordach verleihen dem Club AIR Pro seine unverwechselbare \u00c4sthetik. Die clevere Konfiguration der Vorderseite enth\u00e4lt zwei T\u00fcren. \u00d6ffnen Sie das Vorzelt, indem Sie einfach den Rei\u00dfverschluss aufziehen und die Wandelemente abnehmen\u00a0\u2013 so entsteht ein Pavillon.<\/span><\/p>\n<p>Die \u00fcber einen Lufteinlass aufblasbare Air-Frame-Technologie gew\u00e4hrleistet eine stabile St\u00fctzkonstruktion und leichten Aufbau<\/p>\n<p>Das strapazierf\u00e4hige und dennoch leichte Weathershield\u2122 Pro-Material hat sich in verschiedenen Umgebungen bew\u00e4hrt<\/p>\n<p>Das Dual-Pitch Roof erh\u00f6ht die Kopffreiheit und h\u00e4lt Wind und Regenwasser wirksam ab.<\/p>\n<p>Multi-Hight-System f\u00fcr einen pr\u00e4zisen Fahrzeuganbau<\/p>\n<p>Aufgrund der flexiblen Konfiguration l\u00e4sst sich das Vorzelt \u00f6ffnen und wird so zu einer Art Pavillon<\/p>\n<p><span>Abmessungen Produkttiefe 2750\u00a0mm<\/span><\/p>\n<p><span>Abmessungen Produkth\u00f6he 2650\u00a0mm<\/span><\/p>\n<p><span>Abmessungen Produktbreite 3900\u00a0mm<\/span><\/p>\n<p><span>Nettogewicht 28.70\u00a0kg<\/span><\/p>\n","protected":false},"excerpt":{"rendered":"<p>Aufblasbares statisches Vorzelt, Breite 3,9 m Die Dual-Pitch\u2122-Dachspitze und ein integriertes Vordach verleihen dem Club AIR Pro seine unverwechselbare \u00c4sthetik. Die clevere Konfiguration der Vorderseite enth\u00e4lt zwei T\u00fcren. \u00d6ffnen Sie das Vorzelt, indem Sie einfach den Rei\u00dfverschluss aufziehen und die Wandelemente abnehmen\u00a0\u2013 so entsteht ein Pavillon. Die \u00fcber einen Lufteinlass aufblasbare Air-Frame-Technologie gew\u00e4hrleistet eine stabile [&hellip;]<\/p>\n","protected":false},"featured_media":186615,"template":"","meta":{"_acf_changed":false},"product_featured_cat":[5307],"product_brand":[3029],"product_cat":[4248],"product_tag":[],"class_list":{"0":"post-186606","1":"product","2":"type-product","3":"status-publish","4":"has-post-thumbnail","6":"product_featured_cat-auvents-etagniere-de","7":"product_brand-dometic-de","8":"product_cat-vorzelte-zelte","10":"first","11":"instock","12":"sale","13":"taxable","14":"shipping-taxable","15":"purchasable","16":"product-type-simple"},"acf":[],"yoast_head":"<!-- This site is optimized with the Yoast SEO plugin v27.5 - https:\/\/yoast.com\/product\/yoast-seo-wordpress\/ -->\n<title>Club AIR Pro 390 S Dometic - Bantam<\/title>\n<meta name=\"robots\" content=\"index, follow, max-snippet:-1, max-image-preview:large, max-video-preview:-1\" \/>\n<link rel=\"canonical\" href=\"https:\/\/shop.bantam.ch\/de\/produkt\/club-air-pro-260-s-dometic-2\/\" \/>\n<meta property=\"og:locale\" content=\"de_DE\" \/>\n<meta property=\"og:type\" content=\"article\" \/>\n<meta property=\"og:title\" content=\"Club AIR Pro 390 S Dometic - Bantam\" \/>\n<meta property=\"og:description\" content=\"Aufblasbares statisches Vorzelt, Breite 3,9 m Die Dual-Pitch\u2122-Dachspitze und ein integriertes Vordach verleihen dem Club AIR Pro seine unverwechselbare \u00c4sthetik. Die clevere Konfiguration der Vorderseite enth\u00e4lt zwei T\u00fcren. \u00d6ffnen Sie das Vorzelt, indem Sie einfach den Rei\u00dfverschluss aufziehen und die Wandelemente abnehmen\u00a0\u2013 so entsteht ein Pavillon. Die \u00fcber einen Lufteinlass aufblasbare Air-Frame-Technologie gew\u00e4hrleistet eine stabile [&hellip;]\" \/>\n<meta property=\"og:url\" content=\"https:\/\/shop.bantam.ch\/de\/produkt\/club-air-pro-260-s-dometic-2\/\" \/>\n<meta property=\"og:site_name\" content=\"Bantam\" \/>\n<meta property=\"article:modified_time\" content=\"2026-05-02T20:47:33+00:00\" \/>\n<meta property=\"og:image\" content=\"https:\/\/shop.bantam.ch\/wp-content\/uploads\/2023\/08\/9120001117_72_15021160_ok.jpg\" \/>\n\t<meta property=\"og:image:width\" content=\"600\" \/>\n\t<meta property=\"og:image:height\" content=\"600\" \/>\n\t<meta property=\"og:image:type\" content=\"image\/jpeg\" \/>\n<meta name=\"twitter:card\" content=\"summary_large_image\" \/>\n<meta name=\"twitter:label1\" content=\"Gesch\u00e4tzte Lesezeit\" \/>\n\t<meta name=\"twitter:data1\" content=\"1\u00a0Minute\" \/>\n<script type=\"application\/ld+json\" class=\"yoast-schema-graph\">{\"@context\":\"https:\\\/\\\/schema.org\",\"@graph\":[{\"@type\":\"WebPage\",\"@id\":\"https:\\\/\\\/shop.bantam.ch\\\/de\\\/produkt\\\/club-air-pro-260-s-dometic-2\\\/\",\"url\":\"https:\\\/\\\/shop.bantam.ch\\\/de\\\/produkt\\\/club-air-pro-260-s-dometic-2\\\/\",\"name\":\"Club AIR Pro 390 S Dometic - Bantam\",\"isPartOf\":{\"@id\":\"https:\\\/\\\/shop.bantam.ch\\\/de\\\/#website\"},\"primaryImageOfPage\":{\"@id\":\"https:\\\/\\\/shop.bantam.ch\\\/de\\\/produkt\\\/club-air-pro-260-s-dometic-2\\\/#primaryimage\"},\"image\":{\"@id\":\"https:\\\/\\\/shop.bantam.ch\\\/de\\\/produkt\\\/club-air-pro-260-s-dometic-2\\\/#primaryimage\"},\"thumbnailUrl\":\"https:\\\/\\\/shop.bantam.ch\\\/wp-content\\\/uploads\\\/2023\\\/08\\\/9120001117_72_15021160_ok.jpg\",\"datePublished\":\"2023-08-30T14:36:18+00:00\",\"dateModified\":\"2026-05-02T20:47:33+00:00\",\"breadcrumb\":{\"@id\":\"https:\\\/\\\/shop.bantam.ch\\\/de\\\/produkt\\\/club-air-pro-260-s-dometic-2\\\/#breadcrumb\"},\"inLanguage\":\"de\",\"potentialAction\":[{\"@type\":\"ReadAction\",\"target\":[\"https:\\\/\\\/shop.bantam.ch\\\/de\\\/produkt\\\/club-air-pro-260-s-dometic-2\\\/\"]}]},{\"@type\":\"ImageObject\",\"inLanguage\":\"de\",\"@id\":\"https:\\\/\\\/shop.bantam.ch\\\/de\\\/produkt\\\/club-air-pro-260-s-dometic-2\\\/#primaryimage\",\"url\":\"https:\\\/\\\/shop.bantam.ch\\\/wp-content\\\/uploads\\\/2023\\\/08\\\/9120001117_72_15021160_ok.jpg\",\"contentUrl\":\"https:\\\/\\\/shop.bantam.ch\\\/wp-content\\\/uploads\\\/2023\\\/08\\\/9120001117_72_15021160_ok.jpg\",\"width\":600,\"height\":600},{\"@type\":\"BreadcrumbList\",\"@id\":\"https:\\\/\\\/shop.bantam.ch\\\/de\\\/produkt\\\/club-air-pro-260-s-dometic-2\\\/#breadcrumb\",\"itemListElement\":[{\"@type\":\"ListItem\",\"position\":1,\"name\":\"Accueil\",\"item\":\"https:\\\/\\\/shop.bantam.ch\\\/de\\\/\"},{\"@type\":\"ListItem\",\"position\":2,\"name\":\"Shop\",\"item\":\"https:\\\/\\\/shop.bantam.ch\\\/de\\\/shop\\\/\"},{\"@type\":\"ListItem\",\"position\":3,\"name\":\"Club AIR Pro 390 S Dometic\"}]},{\"@type\":\"WebSite\",\"@id\":\"https:\\\/\\\/shop.bantam.ch\\\/de\\\/#website\",\"url\":\"https:\\\/\\\/shop.bantam.ch\\\/de\\\/\",\"name\":\"Bantam\",\"description\":\"\",\"publisher\":{\"@id\":\"https:\\\/\\\/shop.bantam.ch\\\/de\\\/#organization\"},\"inLanguage\":\"de\"},{\"@type\":\"Organization\",\"@id\":\"https:\\\/\\\/shop.bantam.ch\\\/de\\\/#organization\",\"name\":\"Bantam\",\"url\":\"https:\\\/\\\/shop.bantam.ch\\\/de\\\/\",\"logo\":{\"@type\":\"ImageObject\",\"inLanguage\":\"de\",\"@id\":\"https:\\\/\\\/shop.bantam.ch\\\/de\\\/#\\\/schema\\\/logo\\\/image\\\/\",\"url\":\"https:\\\/\\\/shop.bantam.ch\\\/wp-content\\\/uploads\\\/2022\\\/12\\\/bantam-logo.png\",\"contentUrl\":\"https:\\\/\\\/shop.bantam.ch\\\/wp-content\\\/uploads\\\/2022\\\/12\\\/bantam-logo.png\",\"width\":320,\"height\":71,\"caption\":\"Bantam\"},\"image\":{\"@id\":\"https:\\\/\\\/shop.bantam.ch\\\/de\\\/#\\\/schema\\\/logo\\\/image\\\/\"}}]}<\/script>\n<!-- \/ Yoast SEO plugin. -->","yoast_head_json":{"title":"Club AIR Pro 390 S Dometic - Bantam","robots":{"index":"index","follow":"follow","max-snippet":"max-snippet:-1","max-image-preview":"max-image-preview:large","max-video-preview":"max-video-preview:-1"},"canonical":"https:\/\/shop.bantam.ch\/de\/produkt\/club-air-pro-260-s-dometic-2\/","og_locale":"de_DE","og_type":"article","og_title":"Club AIR Pro 390 S Dometic - Bantam","og_description":"Aufblasbares statisches Vorzelt, Breite 3,9 m Die Dual-Pitch\u2122-Dachspitze und ein integriertes Vordach verleihen dem Club AIR Pro seine unverwechselbare \u00c4sthetik. Die clevere Konfiguration der Vorderseite enth\u00e4lt zwei T\u00fcren. \u00d6ffnen Sie das Vorzelt, indem Sie einfach den Rei\u00dfverschluss aufziehen und die Wandelemente abnehmen\u00a0\u2013 so entsteht ein Pavillon. Die \u00fcber einen Lufteinlass aufblasbare Air-Frame-Technologie gew\u00e4hrleistet eine stabile [&hellip;]","og_url":"https:\/\/shop.bantam.ch\/de\/produkt\/club-air-pro-260-s-dometic-2\/","og_site_name":"Bantam","article_modified_time":"2026-05-02T20:47:33+00:00","og_image":[{"width":600,"height":600,"url":"https:\/\/shop.bantam.ch\/wp-content\/uploads\/2023\/08\/9120001117_72_15021160_ok.jpg","type":"image\/jpeg"}],"twitter_card":"summary_large_image","twitter_misc":{"Gesch\u00e4tzte Lesezeit":"1\u00a0Minute"},"schema":{"@context":"https:\/\/schema.org","@graph":[{"@type":"WebPage","@id":"https:\/\/shop.bantam.ch\/de\/produkt\/club-air-pro-260-s-dometic-2\/","url":"https:\/\/shop.bantam.ch\/de\/produkt\/club-air-pro-260-s-dometic-2\/","name":"Club AIR Pro 390 S Dometic - Bantam","isPartOf":{"@id":"https:\/\/shop.bantam.ch\/de\/#website"},"primaryImageOfPage":{"@id":"https:\/\/shop.bantam.ch\/de\/produkt\/club-air-pro-260-s-dometic-2\/#primaryimage"},"image":{"@id":"https:\/\/shop.bantam.ch\/de\/produkt\/club-air-pro-260-s-dometic-2\/#primaryimage"},"thumbnailUrl":"https:\/\/shop.bantam.ch\/wp-content\/uploads\/2023\/08\/9120001117_72_15021160_ok.jpg","datePublished":"2023-08-30T14:36:18+00:00","dateModified":"2026-05-02T20:47:33+00:00","breadcrumb":{"@id":"https:\/\/shop.bantam.ch\/de\/produkt\/club-air-pro-260-s-dometic-2\/#breadcrumb"},"inLanguage":"de","potentialAction":[{"@type":"ReadAction","target":["https:\/\/shop.bantam.ch\/de\/produkt\/club-air-pro-260-s-dometic-2\/"]}]},{"@type":"ImageObject","inLanguage":"de","@id":"https:\/\/shop.bantam.ch\/de\/produkt\/club-air-pro-260-s-dometic-2\/#primaryimage","url":"https:\/\/shop.bantam.ch\/wp-content\/uploads\/2023\/08\/9120001117_72_15021160_ok.jpg","contentUrl":"https:\/\/shop.bantam.ch\/wp-content\/uploads\/2023\/08\/9120001117_72_15021160_ok.jpg","width":600,"height":600},{"@type":"BreadcrumbList","@id":"https:\/\/shop.bantam.ch\/de\/produkt\/club-air-pro-260-s-dometic-2\/#breadcrumb","itemListElement":[{"@type":"ListItem","position":1,"name":"Accueil","item":"https:\/\/shop.bantam.ch\/de\/"},{"@type":"ListItem","position":2,"name":"Shop","item":"https:\/\/shop.bantam.ch\/de\/shop\/"},{"@type":"ListItem","position":3,"name":"Club AIR Pro 390 S Dometic"}]},{"@type":"WebSite","@id":"https:\/\/shop.bantam.ch\/de\/#website","url":"https:\/\/shop.bantam.ch\/de\/","name":"Bantam","description":"","publisher":{"@id":"https:\/\/shop.bantam.ch\/de\/#organization"},"inLanguage":"de"},{"@type":"Organization","@id":"https:\/\/shop.bantam.ch\/de\/#organization","name":"Bantam","url":"https:\/\/shop.bantam.ch\/de\/","logo":{"@type":"ImageObject","inLanguage":"de","@id":"https:\/\/shop.bantam.ch\/de\/#\/schema\/logo\/image\/","url":"https:\/\/shop.bantam.ch\/wp-content\/uploads\/2022\/12\/bantam-logo.png","contentUrl":"https:\/\/shop.bantam.ch\/wp-content\/uploads\/2022\/12\/bantam-logo.png","width":320,"height":71,"caption":"Bantam"},"image":{"@id":"https:\/\/shop.bantam.ch\/de\/#\/schema\/logo\/image\/"}}]}},"_links":{"self":[{"href":"https:\/\/shop.bantam.ch\/de\/wp-json\/wp\/v2\/product\/186606","targetHints":{"allow":["GET"]}}],"collection":[{"href":"https:\/\/shop.bantam.ch\/de\/wp-json\/wp\/v2\/product"}],"about":[{"href":"https:\/\/shop.bantam.ch\/de\/wp-json\/wp\/v2\/types\/product"}],"wp:featuredmedia":[{"embeddable":true,"href":"https:\/\/shop.bantam.ch\/de\/wp-json\/wp\/v2\/media\/186615"}],"wp:attachment":[{"href":"https:\/\/shop.bantam.ch\/de\/wp-json\/wp\/v2\/media?parent=186606"}],"wp:term":[{"taxonomy":"product_featured_cat","embeddable":true,"href":"https:\/\/shop.bantam.ch\/de\/wp-json\/wp\/v2\/product_featured_cat?post=186606"},{"taxonomy":"product_brand","embeddable":true,"href":"https:\/\/shop.bantam.ch\/de\/wp-json\/wp\/v2\/product_brand?post=186606"},{"taxonomy":"product_cat","embeddable":true,"href":"https:\/\/shop.bantam.ch\/de\/wp-json\/wp\/v2\/product_cat?post=186606"},{"taxonomy":"product_tag","embeddable":true,"href":"https:\/\/shop.bantam.ch\/de\/wp-json\/wp\/v2\/product_tag?post=186606"}],"curies":[{"name":"wp","href":"https:\/\/api.w.org\/{rel}","templated":true}]}}