{"id":186589,"date":"2023-08-30T15:29:25","date_gmt":"2023-08-30T13:29:25","guid":{"rendered":"https:\/\/shop.bantam.ch\/produit\/deluxe-canopy-pole-set-dometic\/"},"modified":"2026-04-18T22:53:43","modified_gmt":"2026-04-18T20:53:43","slug":"deluxe-canopy-pole-set-dometic","status":"publish","type":"product","link":"https:\/\/shop.bantam.ch\/de\/produkt\/deluxe-canopy-pole-set-dometic\/","title":{"rendered":"Deluxe Canopy Pole Set Dometic"},"content":{"rendered":"<p>Montagezubeh\u00f6r f\u00fcr Vorzelte<br \/>\nSofort ein Dach \u00fcber dem Kopf, mit diesem Satz voll einstellbarer Baldachinpfosten. Seine Aluminiumkonstruktion eignet sich f\u00fcr Baldachine mit 90 bis 230 cm H\u00f6he, verhindert Korrosion und senkt das Gewicht.<br \/>\nAluminiumkonstruktion<br \/>\nDrehverriegelung<br \/>\nL\u00e4ngenverstellbar von 90 bis 230 cm<br \/>\nLeichte und haltbare Aluminiumkonstruktion<br \/>\nVollst\u00e4ndig anpassbar<\/p>\n","protected":false},"excerpt":{"rendered":"<p>Montagezubeh\u00f6r f\u00fcr Vorzelte Sofort ein Dach \u00fcber dem Kopf, mit diesem Satz voll einstellbarer Baldachinpfosten. Seine Aluminiumkonstruktion eignet sich f\u00fcr Baldachine mit 90 bis 230 cm H\u00f6he, verhindert Korrosion und senkt das Gewicht. Aluminiumkonstruktion Drehverriegelung L\u00e4ngenverstellbar von 90 bis 230 cm Leichte und haltbare Aluminiumkonstruktion Vollst\u00e4ndig anpassbar<\/p>\n","protected":false},"featured_media":186587,"template":"","meta":{"_acf_changed":false},"product_featured_cat":[],"product_brand":[3029],"product_cat":[3988],"product_tag":[],"class_list":{"0":"post-186589","1":"product","2":"type-product","3":"status-publish","4":"has-post-thumbnail","6":"product_brand-dometic-de","7":"product_cat-zelte-vorzelte-zubehoer","9":"first","10":"instock","11":"taxable","12":"shipping-taxable","13":"purchasable","14":"product-type-simple"},"acf":[],"yoast_head":"<!-- This site is optimized with the Yoast SEO plugin v27.4 - https:\/\/yoast.com\/product\/yoast-seo-wordpress\/ -->\n<title>Deluxe Canopy Pole Set Dometic - Bantam Camping AG<\/title>\n<meta name=\"robots\" content=\"index, follow, max-snippet:-1, max-image-preview:large, max-video-preview:-1\" \/>\n<link rel=\"canonical\" href=\"https:\/\/shop.bantam.ch\/de\/produkt\/deluxe-canopy-pole-set-dometic\/\" \/>\n<meta property=\"og:locale\" content=\"de_DE\" \/>\n<meta property=\"og:type\" content=\"article\" \/>\n<meta property=\"og:title\" content=\"Deluxe Canopy Pole Set Dometic - Bantam Camping AG\" \/>\n<meta property=\"og:description\" content=\"Montagezubeh\u00f6r f\u00fcr Vorzelte Sofort ein Dach \u00fcber dem Kopf, mit diesem Satz voll einstellbarer Baldachinpfosten. Seine Aluminiumkonstruktion eignet sich f\u00fcr Baldachine mit 90 bis 230 cm H\u00f6he, verhindert Korrosion und senkt das Gewicht. Aluminiumkonstruktion Drehverriegelung L\u00e4ngenverstellbar von 90 bis 230 cm Leichte und haltbare Aluminiumkonstruktion Vollst\u00e4ndig anpassbar\" \/>\n<meta property=\"og:url\" content=\"https:\/\/shop.bantam.ch\/de\/produkt\/deluxe-canopy-pole-set-dometic\/\" \/>\n<meta property=\"og:site_name\" content=\"Bantam Camping AG\" \/>\n<meta property=\"article:modified_time\" content=\"2026-04-18T20:53:43+00:00\" \/>\n<meta property=\"og:image\" content=\"https:\/\/shop.bantam.ch\/wp-content\/uploads\/2023\/08\/AC0336-9120000436-p400_72_15021092_ok.jpg\" \/>\n\t<meta property=\"og:image:width\" content=\"600\" \/>\n\t<meta property=\"og:image:height\" content=\"600\" \/>\n\t<meta property=\"og:image:type\" content=\"image\/jpeg\" \/>\n<meta name=\"twitter:card\" content=\"summary_large_image\" \/>\n<script type=\"application\/ld+json\" class=\"yoast-schema-graph\">{\"@context\":\"https:\\\/\\\/schema.org\",\"@graph\":[{\"@type\":\"WebPage\",\"@id\":\"https:\\\/\\\/shop.bantam.ch\\\/de\\\/produkt\\\/deluxe-canopy-pole-set-dometic\\\/\",\"url\":\"https:\\\/\\\/shop.bantam.ch\\\/de\\\/produkt\\\/deluxe-canopy-pole-set-dometic\\\/\",\"name\":\"Deluxe Canopy Pole Set Dometic - Bantam Camping AG\",\"isPartOf\":{\"@id\":\"https:\\\/\\\/shop.bantam.ch\\\/de\\\/#website\"},\"primaryImageOfPage\":{\"@id\":\"https:\\\/\\\/shop.bantam.ch\\\/de\\\/produkt\\\/deluxe-canopy-pole-set-dometic\\\/#primaryimage\"},\"image\":{\"@id\":\"https:\\\/\\\/shop.bantam.ch\\\/de\\\/produkt\\\/deluxe-canopy-pole-set-dometic\\\/#primaryimage\"},\"thumbnailUrl\":\"https:\\\/\\\/shop.bantam.ch\\\/wp-content\\\/uploads\\\/2023\\\/08\\\/AC0336-9120000436-p400_72_15021092_ok.jpg\",\"datePublished\":\"2023-08-30T13:29:25+00:00\",\"dateModified\":\"2026-04-18T20:53:43+00:00\",\"breadcrumb\":{\"@id\":\"https:\\\/\\\/shop.bantam.ch\\\/de\\\/produkt\\\/deluxe-canopy-pole-set-dometic\\\/#breadcrumb\"},\"inLanguage\":\"de\",\"potentialAction\":[{\"@type\":\"ReadAction\",\"target\":[\"https:\\\/\\\/shop.bantam.ch\\\/de\\\/produkt\\\/deluxe-canopy-pole-set-dometic\\\/\"]}]},{\"@type\":\"ImageObject\",\"inLanguage\":\"de\",\"@id\":\"https:\\\/\\\/shop.bantam.ch\\\/de\\\/produkt\\\/deluxe-canopy-pole-set-dometic\\\/#primaryimage\",\"url\":\"https:\\\/\\\/shop.bantam.ch\\\/wp-content\\\/uploads\\\/2023\\\/08\\\/AC0336-9120000436-p400_72_15021092_ok.jpg\",\"contentUrl\":\"https:\\\/\\\/shop.bantam.ch\\\/wp-content\\\/uploads\\\/2023\\\/08\\\/AC0336-9120000436-p400_72_15021092_ok.jpg\",\"width\":600,\"height\":600},{\"@type\":\"BreadcrumbList\",\"@id\":\"https:\\\/\\\/shop.bantam.ch\\\/de\\\/produkt\\\/deluxe-canopy-pole-set-dometic\\\/#breadcrumb\",\"itemListElement\":[{\"@type\":\"ListItem\",\"position\":1,\"name\":\"Accueil\",\"item\":\"https:\\\/\\\/shop.bantam.ch\\\/de\\\/\"},{\"@type\":\"ListItem\",\"position\":2,\"name\":\"Shop\",\"item\":\"https:\\\/\\\/shop.bantam.ch\\\/de\\\/shop\\\/\"},{\"@type\":\"ListItem\",\"position\":3,\"name\":\"Deluxe Canopy Pole Set Dometic\"}]},{\"@type\":\"WebSite\",\"@id\":\"https:\\\/\\\/shop.bantam.ch\\\/de\\\/#website\",\"url\":\"https:\\\/\\\/shop.bantam.ch\\\/de\\\/\",\"name\":\"Bantam Camping AG\",\"description\":\"\",\"publisher\":{\"@id\":\"https:\\\/\\\/shop.bantam.ch\\\/de\\\/#organization\"},\"inLanguage\":\"de\"},{\"@type\":\"Organization\",\"@id\":\"https:\\\/\\\/shop.bantam.ch\\\/de\\\/#organization\",\"name\":\"Bantam Camping AG\",\"url\":\"https:\\\/\\\/shop.bantam.ch\\\/de\\\/\",\"logo\":{\"@type\":\"ImageObject\",\"inLanguage\":\"de\",\"@id\":\"https:\\\/\\\/shop.bantam.ch\\\/de\\\/#\\\/schema\\\/logo\\\/image\\\/\",\"url\":\"https:\\\/\\\/shop.bantam.ch\\\/wp-content\\\/uploads\\\/2022\\\/12\\\/bantam-logo.png\",\"contentUrl\":\"https:\\\/\\\/shop.bantam.ch\\\/wp-content\\\/uploads\\\/2022\\\/12\\\/bantam-logo.png\",\"width\":320,\"height\":71,\"caption\":\"Bantam Camping AG\"},\"image\":{\"@id\":\"https:\\\/\\\/shop.bantam.ch\\\/de\\\/#\\\/schema\\\/logo\\\/image\\\/\"}}]}<\/script>\n<!-- \/ Yoast SEO plugin. -->","yoast_head_json":{"title":"Deluxe Canopy Pole Set Dometic - Bantam Camping AG","robots":{"index":"index","follow":"follow","max-snippet":"max-snippet:-1","max-image-preview":"max-image-preview:large","max-video-preview":"max-video-preview:-1"},"canonical":"https:\/\/shop.bantam.ch\/de\/produkt\/deluxe-canopy-pole-set-dometic\/","og_locale":"de_DE","og_type":"article","og_title":"Deluxe Canopy Pole Set Dometic - Bantam Camping AG","og_description":"Montagezubeh\u00f6r f\u00fcr Vorzelte Sofort ein Dach \u00fcber dem Kopf, mit diesem Satz voll einstellbarer Baldachinpfosten. Seine Aluminiumkonstruktion eignet sich f\u00fcr Baldachine mit 90 bis 230 cm H\u00f6he, verhindert Korrosion und senkt das Gewicht. Aluminiumkonstruktion Drehverriegelung L\u00e4ngenverstellbar von 90 bis 230 cm Leichte und haltbare Aluminiumkonstruktion Vollst\u00e4ndig anpassbar","og_url":"https:\/\/shop.bantam.ch\/de\/produkt\/deluxe-canopy-pole-set-dometic\/","og_site_name":"Bantam Camping AG","article_modified_time":"2026-04-18T20:53:43+00:00","og_image":[{"width":600,"height":600,"url":"https:\/\/shop.bantam.ch\/wp-content\/uploads\/2023\/08\/AC0336-9120000436-p400_72_15021092_ok.jpg","type":"image\/jpeg"}],"twitter_card":"summary_large_image","schema":{"@context":"https:\/\/schema.org","@graph":[{"@type":"WebPage","@id":"https:\/\/shop.bantam.ch\/de\/produkt\/deluxe-canopy-pole-set-dometic\/","url":"https:\/\/shop.bantam.ch\/de\/produkt\/deluxe-canopy-pole-set-dometic\/","name":"Deluxe Canopy Pole Set Dometic - Bantam Camping AG","isPartOf":{"@id":"https:\/\/shop.bantam.ch\/de\/#website"},"primaryImageOfPage":{"@id":"https:\/\/shop.bantam.ch\/de\/produkt\/deluxe-canopy-pole-set-dometic\/#primaryimage"},"image":{"@id":"https:\/\/shop.bantam.ch\/de\/produkt\/deluxe-canopy-pole-set-dometic\/#primaryimage"},"thumbnailUrl":"https:\/\/shop.bantam.ch\/wp-content\/uploads\/2023\/08\/AC0336-9120000436-p400_72_15021092_ok.jpg","datePublished":"2023-08-30T13:29:25+00:00","dateModified":"2026-04-18T20:53:43+00:00","breadcrumb":{"@id":"https:\/\/shop.bantam.ch\/de\/produkt\/deluxe-canopy-pole-set-dometic\/#breadcrumb"},"inLanguage":"de","potentialAction":[{"@type":"ReadAction","target":["https:\/\/shop.bantam.ch\/de\/produkt\/deluxe-canopy-pole-set-dometic\/"]}]},{"@type":"ImageObject","inLanguage":"de","@id":"https:\/\/shop.bantam.ch\/de\/produkt\/deluxe-canopy-pole-set-dometic\/#primaryimage","url":"https:\/\/shop.bantam.ch\/wp-content\/uploads\/2023\/08\/AC0336-9120000436-p400_72_15021092_ok.jpg","contentUrl":"https:\/\/shop.bantam.ch\/wp-content\/uploads\/2023\/08\/AC0336-9120000436-p400_72_15021092_ok.jpg","width":600,"height":600},{"@type":"BreadcrumbList","@id":"https:\/\/shop.bantam.ch\/de\/produkt\/deluxe-canopy-pole-set-dometic\/#breadcrumb","itemListElement":[{"@type":"ListItem","position":1,"name":"Accueil","item":"https:\/\/shop.bantam.ch\/de\/"},{"@type":"ListItem","position":2,"name":"Shop","item":"https:\/\/shop.bantam.ch\/de\/shop\/"},{"@type":"ListItem","position":3,"name":"Deluxe Canopy Pole Set Dometic"}]},{"@type":"WebSite","@id":"https:\/\/shop.bantam.ch\/de\/#website","url":"https:\/\/shop.bantam.ch\/de\/","name":"Bantam Camping AG","description":"","publisher":{"@id":"https:\/\/shop.bantam.ch\/de\/#organization"},"inLanguage":"de"},{"@type":"Organization","@id":"https:\/\/shop.bantam.ch\/de\/#organization","name":"Bantam Camping AG","url":"https:\/\/shop.bantam.ch\/de\/","logo":{"@type":"ImageObject","inLanguage":"de","@id":"https:\/\/shop.bantam.ch\/de\/#\/schema\/logo\/image\/","url":"https:\/\/shop.bantam.ch\/wp-content\/uploads\/2022\/12\/bantam-logo.png","contentUrl":"https:\/\/shop.bantam.ch\/wp-content\/uploads\/2022\/12\/bantam-logo.png","width":320,"height":71,"caption":"Bantam Camping AG"},"image":{"@id":"https:\/\/shop.bantam.ch\/de\/#\/schema\/logo\/image\/"}}]}},"_links":{"self":[{"href":"https:\/\/shop.bantam.ch\/de\/wp-json\/wp\/v2\/product\/186589","targetHints":{"allow":["GET"]}}],"collection":[{"href":"https:\/\/shop.bantam.ch\/de\/wp-json\/wp\/v2\/product"}],"about":[{"href":"https:\/\/shop.bantam.ch\/de\/wp-json\/wp\/v2\/types\/product"}],"wp:featuredmedia":[{"embeddable":true,"href":"https:\/\/shop.bantam.ch\/de\/wp-json\/wp\/v2\/media\/186587"}],"wp:attachment":[{"href":"https:\/\/shop.bantam.ch\/de\/wp-json\/wp\/v2\/media?parent=186589"}],"wp:term":[{"taxonomy":"product_featured_cat","embeddable":true,"href":"https:\/\/shop.bantam.ch\/de\/wp-json\/wp\/v2\/product_featured_cat?post=186589"},{"taxonomy":"product_brand","embeddable":true,"href":"https:\/\/shop.bantam.ch\/de\/wp-json\/wp\/v2\/product_brand?post=186589"},{"taxonomy":"product_cat","embeddable":true,"href":"https:\/\/shop.bantam.ch\/de\/wp-json\/wp\/v2\/product_cat?post=186589"},{"taxonomy":"product_tag","embeddable":true,"href":"https:\/\/shop.bantam.ch\/de\/wp-json\/wp\/v2\/product_tag?post=186589"}],"curies":[{"name":"wp","href":"https:\/\/api.w.org\/{rel}","templated":true}]}}