{"id":186477,"date":"2023-08-29T13:42:13","date_gmt":"2023-08-29T11:42:13","guid":{"rendered":"https:\/\/shop.bantam.ch\/produit\/mobil-air-pro-361-391-dometic-luftvorzelt\/"},"modified":"2026-04-18T22:53:22","modified_gmt":"2026-04-18T20:53:22","slug":"mobil-air-pro-361-391-dometic-luftvorzelt","status":"publish","type":"product","link":"https:\/\/shop.bantam.ch\/de\/produkt\/mobil-air-pro-361-391-dometic-luftvorzelt\/","title":{"rendered":"Mobil AIR Pro 361\/391 Dometic Luftvorzelt"},"content":{"rendered":"<p>Aufblasbares Vorzelt f\u00fcr Wohnwagen, Breite 3,95 m<\/p>\n<p>Entwickelt f\u00fcr die Wohnwagen Adria Action 361 LH, 391 PD und 391 PH. Die Einzelpunkt-Aufblastechnologie des Mobil Air Pro gew\u00e4hrleistet eine zuverl\u00e4ssige Leistung und einen einfachen Aufbau zu jeder Zeit.<\/p>\n<p>Abmessungen Produkttiefe 2500 mm<br \/>\nAbmessungen Produkth\u00f6he 2390 mm<br \/>\nAbmessungen Produktbreite 3950 mm<br \/>\nNettogewicht 26.10 kg<\/p>\n","protected":false},"excerpt":{"rendered":"<p>Aufblasbares Vorzelt f\u00fcr Wohnwagen, Breite 3,95 m Entwickelt f\u00fcr die Wohnwagen Adria Action 361 LH, 391 PD und 391 PH. Die Einzelpunkt-Aufblastechnologie des Mobil Air Pro gew\u00e4hrleistet eine zuverl\u00e4ssige Leistung und einen einfachen Aufbau zu jeder Zeit. Abmessungen Produkttiefe 2500 mm Abmessungen Produkth\u00f6he 2390 mm Abmessungen Produktbreite 3950 mm Nettogewicht 26.10 kg<\/p>\n","protected":false},"featured_media":186475,"template":"","meta":{"_acf_changed":false},"product_featured_cat":[],"product_brand":[3029],"product_cat":[4248],"product_tag":[],"class_list":{"0":"post-186477","1":"product","2":"type-product","3":"status-publish","4":"has-post-thumbnail","6":"product_brand-dometic-de","7":"product_cat-vorzelte-zelte","9":"first","10":"instock","11":"taxable","12":"shipping-taxable","13":"purchasable","14":"product-type-simple"},"acf":[],"yoast_head":"<!-- This site is optimized with the Yoast SEO plugin v27.4 - https:\/\/yoast.com\/product\/yoast-seo-wordpress\/ -->\n<title>Mobil AIR Pro 361\/391 Dometic Luftvorzelt - Bantam Camping AG<\/title>\n<meta name=\"robots\" content=\"index, follow, max-snippet:-1, max-image-preview:large, max-video-preview:-1\" \/>\n<link rel=\"canonical\" href=\"https:\/\/shop.bantam.ch\/de\/produkt\/mobil-air-pro-361-391-dometic-luftvorzelt\/\" \/>\n<meta property=\"og:locale\" content=\"de_DE\" \/>\n<meta property=\"og:type\" content=\"article\" \/>\n<meta property=\"og:title\" content=\"Mobil AIR Pro 361\/391 Dometic Luftvorzelt - Bantam Camping AG\" \/>\n<meta property=\"og:description\" content=\"Aufblasbares Vorzelt f\u00fcr Wohnwagen, Breite 3,95 m Entwickelt f\u00fcr die Wohnwagen Adria Action 361 LH, 391 PD und 391 PH. Die Einzelpunkt-Aufblastechnologie des Mobil Air Pro gew\u00e4hrleistet eine zuverl\u00e4ssige Leistung und einen einfachen Aufbau zu jeder Zeit. Abmessungen Produkttiefe 2500 mm Abmessungen Produkth\u00f6he 2390 mm Abmessungen Produktbreite 3950 mm Nettogewicht 26.10 kg\" \/>\n<meta property=\"og:url\" content=\"https:\/\/shop.bantam.ch\/de\/produkt\/mobil-air-pro-361-391-dometic-luftvorzelt\/\" \/>\n<meta property=\"og:site_name\" content=\"Bantam Camping AG\" \/>\n<meta property=\"article:modified_time\" content=\"2026-04-18T20:53:22+00:00\" \/>\n<meta property=\"og:image\" content=\"https:\/\/shop.bantam.ch\/wp-content\/uploads\/2023\/08\/9120000022_4_15022074_ok.jpg\" \/>\n\t<meta property=\"og:image:width\" content=\"600\" \/>\n\t<meta property=\"og:image:height\" content=\"600\" \/>\n\t<meta property=\"og:image:type\" content=\"image\/jpeg\" \/>\n<meta name=\"twitter:card\" content=\"summary_large_image\" \/>\n<script type=\"application\/ld+json\" class=\"yoast-schema-graph\">{\"@context\":\"https:\\\/\\\/schema.org\",\"@graph\":[{\"@type\":\"WebPage\",\"@id\":\"https:\\\/\\\/shop.bantam.ch\\\/de\\\/produkt\\\/mobil-air-pro-361-391-dometic-luftvorzelt\\\/\",\"url\":\"https:\\\/\\\/shop.bantam.ch\\\/de\\\/produkt\\\/mobil-air-pro-361-391-dometic-luftvorzelt\\\/\",\"name\":\"Mobil AIR Pro 361\\\/391 Dometic Luftvorzelt - Bantam Camping AG\",\"isPartOf\":{\"@id\":\"https:\\\/\\\/shop.bantam.ch\\\/de\\\/#website\"},\"primaryImageOfPage\":{\"@id\":\"https:\\\/\\\/shop.bantam.ch\\\/de\\\/produkt\\\/mobil-air-pro-361-391-dometic-luftvorzelt\\\/#primaryimage\"},\"image\":{\"@id\":\"https:\\\/\\\/shop.bantam.ch\\\/de\\\/produkt\\\/mobil-air-pro-361-391-dometic-luftvorzelt\\\/#primaryimage\"},\"thumbnailUrl\":\"https:\\\/\\\/shop.bantam.ch\\\/wp-content\\\/uploads\\\/2023\\\/08\\\/9120000022_4_15022074_ok.jpg\",\"datePublished\":\"2023-08-29T11:42:13+00:00\",\"dateModified\":\"2026-04-18T20:53:22+00:00\",\"breadcrumb\":{\"@id\":\"https:\\\/\\\/shop.bantam.ch\\\/de\\\/produkt\\\/mobil-air-pro-361-391-dometic-luftvorzelt\\\/#breadcrumb\"},\"inLanguage\":\"de\",\"potentialAction\":[{\"@type\":\"ReadAction\",\"target\":[\"https:\\\/\\\/shop.bantam.ch\\\/de\\\/produkt\\\/mobil-air-pro-361-391-dometic-luftvorzelt\\\/\"]}]},{\"@type\":\"ImageObject\",\"inLanguage\":\"de\",\"@id\":\"https:\\\/\\\/shop.bantam.ch\\\/de\\\/produkt\\\/mobil-air-pro-361-391-dometic-luftvorzelt\\\/#primaryimage\",\"url\":\"https:\\\/\\\/shop.bantam.ch\\\/wp-content\\\/uploads\\\/2023\\\/08\\\/9120000022_4_15022074_ok.jpg\",\"contentUrl\":\"https:\\\/\\\/shop.bantam.ch\\\/wp-content\\\/uploads\\\/2023\\\/08\\\/9120000022_4_15022074_ok.jpg\",\"width\":600,\"height\":600},{\"@type\":\"BreadcrumbList\",\"@id\":\"https:\\\/\\\/shop.bantam.ch\\\/de\\\/produkt\\\/mobil-air-pro-361-391-dometic-luftvorzelt\\\/#breadcrumb\",\"itemListElement\":[{\"@type\":\"ListItem\",\"position\":1,\"name\":\"Accueil\",\"item\":\"https:\\\/\\\/shop.bantam.ch\\\/de\\\/\"},{\"@type\":\"ListItem\",\"position\":2,\"name\":\"Shop\",\"item\":\"https:\\\/\\\/shop.bantam.ch\\\/de\\\/shop\\\/\"},{\"@type\":\"ListItem\",\"position\":3,\"name\":\"Mobil AIR Pro 361\\\/391 Dometic Luftvorzelt\"}]},{\"@type\":\"WebSite\",\"@id\":\"https:\\\/\\\/shop.bantam.ch\\\/de\\\/#website\",\"url\":\"https:\\\/\\\/shop.bantam.ch\\\/de\\\/\",\"name\":\"Bantam Camping AG\",\"description\":\"\",\"publisher\":{\"@id\":\"https:\\\/\\\/shop.bantam.ch\\\/de\\\/#organization\"},\"inLanguage\":\"de\"},{\"@type\":\"Organization\",\"@id\":\"https:\\\/\\\/shop.bantam.ch\\\/de\\\/#organization\",\"name\":\"Bantam Camping AG\",\"url\":\"https:\\\/\\\/shop.bantam.ch\\\/de\\\/\",\"logo\":{\"@type\":\"ImageObject\",\"inLanguage\":\"de\",\"@id\":\"https:\\\/\\\/shop.bantam.ch\\\/de\\\/#\\\/schema\\\/logo\\\/image\\\/\",\"url\":\"https:\\\/\\\/shop.bantam.ch\\\/wp-content\\\/uploads\\\/2022\\\/12\\\/bantam-logo.png\",\"contentUrl\":\"https:\\\/\\\/shop.bantam.ch\\\/wp-content\\\/uploads\\\/2022\\\/12\\\/bantam-logo.png\",\"width\":320,\"height\":71,\"caption\":\"Bantam Camping AG\"},\"image\":{\"@id\":\"https:\\\/\\\/shop.bantam.ch\\\/de\\\/#\\\/schema\\\/logo\\\/image\\\/\"}}]}<\/script>\n<!-- \/ Yoast SEO plugin. -->","yoast_head_json":{"title":"Mobil AIR Pro 361\/391 Dometic Luftvorzelt - Bantam Camping AG","robots":{"index":"index","follow":"follow","max-snippet":"max-snippet:-1","max-image-preview":"max-image-preview:large","max-video-preview":"max-video-preview:-1"},"canonical":"https:\/\/shop.bantam.ch\/de\/produkt\/mobil-air-pro-361-391-dometic-luftvorzelt\/","og_locale":"de_DE","og_type":"article","og_title":"Mobil AIR Pro 361\/391 Dometic Luftvorzelt - Bantam Camping AG","og_description":"Aufblasbares Vorzelt f\u00fcr Wohnwagen, Breite 3,95 m Entwickelt f\u00fcr die Wohnwagen Adria Action 361 LH, 391 PD und 391 PH. Die Einzelpunkt-Aufblastechnologie des Mobil Air Pro gew\u00e4hrleistet eine zuverl\u00e4ssige Leistung und einen einfachen Aufbau zu jeder Zeit. Abmessungen Produkttiefe 2500 mm Abmessungen Produkth\u00f6he 2390 mm Abmessungen Produktbreite 3950 mm Nettogewicht 26.10 kg","og_url":"https:\/\/shop.bantam.ch\/de\/produkt\/mobil-air-pro-361-391-dometic-luftvorzelt\/","og_site_name":"Bantam Camping AG","article_modified_time":"2026-04-18T20:53:22+00:00","og_image":[{"width":600,"height":600,"url":"https:\/\/shop.bantam.ch\/wp-content\/uploads\/2023\/08\/9120000022_4_15022074_ok.jpg","type":"image\/jpeg"}],"twitter_card":"summary_large_image","schema":{"@context":"https:\/\/schema.org","@graph":[{"@type":"WebPage","@id":"https:\/\/shop.bantam.ch\/de\/produkt\/mobil-air-pro-361-391-dometic-luftvorzelt\/","url":"https:\/\/shop.bantam.ch\/de\/produkt\/mobil-air-pro-361-391-dometic-luftvorzelt\/","name":"Mobil AIR Pro 361\/391 Dometic Luftvorzelt - Bantam Camping AG","isPartOf":{"@id":"https:\/\/shop.bantam.ch\/de\/#website"},"primaryImageOfPage":{"@id":"https:\/\/shop.bantam.ch\/de\/produkt\/mobil-air-pro-361-391-dometic-luftvorzelt\/#primaryimage"},"image":{"@id":"https:\/\/shop.bantam.ch\/de\/produkt\/mobil-air-pro-361-391-dometic-luftvorzelt\/#primaryimage"},"thumbnailUrl":"https:\/\/shop.bantam.ch\/wp-content\/uploads\/2023\/08\/9120000022_4_15022074_ok.jpg","datePublished":"2023-08-29T11:42:13+00:00","dateModified":"2026-04-18T20:53:22+00:00","breadcrumb":{"@id":"https:\/\/shop.bantam.ch\/de\/produkt\/mobil-air-pro-361-391-dometic-luftvorzelt\/#breadcrumb"},"inLanguage":"de","potentialAction":[{"@type":"ReadAction","target":["https:\/\/shop.bantam.ch\/de\/produkt\/mobil-air-pro-361-391-dometic-luftvorzelt\/"]}]},{"@type":"ImageObject","inLanguage":"de","@id":"https:\/\/shop.bantam.ch\/de\/produkt\/mobil-air-pro-361-391-dometic-luftvorzelt\/#primaryimage","url":"https:\/\/shop.bantam.ch\/wp-content\/uploads\/2023\/08\/9120000022_4_15022074_ok.jpg","contentUrl":"https:\/\/shop.bantam.ch\/wp-content\/uploads\/2023\/08\/9120000022_4_15022074_ok.jpg","width":600,"height":600},{"@type":"BreadcrumbList","@id":"https:\/\/shop.bantam.ch\/de\/produkt\/mobil-air-pro-361-391-dometic-luftvorzelt\/#breadcrumb","itemListElement":[{"@type":"ListItem","position":1,"name":"Accueil","item":"https:\/\/shop.bantam.ch\/de\/"},{"@type":"ListItem","position":2,"name":"Shop","item":"https:\/\/shop.bantam.ch\/de\/shop\/"},{"@type":"ListItem","position":3,"name":"Mobil AIR Pro 361\/391 Dometic Luftvorzelt"}]},{"@type":"WebSite","@id":"https:\/\/shop.bantam.ch\/de\/#website","url":"https:\/\/shop.bantam.ch\/de\/","name":"Bantam Camping AG","description":"","publisher":{"@id":"https:\/\/shop.bantam.ch\/de\/#organization"},"inLanguage":"de"},{"@type":"Organization","@id":"https:\/\/shop.bantam.ch\/de\/#organization","name":"Bantam Camping AG","url":"https:\/\/shop.bantam.ch\/de\/","logo":{"@type":"ImageObject","inLanguage":"de","@id":"https:\/\/shop.bantam.ch\/de\/#\/schema\/logo\/image\/","url":"https:\/\/shop.bantam.ch\/wp-content\/uploads\/2022\/12\/bantam-logo.png","contentUrl":"https:\/\/shop.bantam.ch\/wp-content\/uploads\/2022\/12\/bantam-logo.png","width":320,"height":71,"caption":"Bantam Camping AG"},"image":{"@id":"https:\/\/shop.bantam.ch\/de\/#\/schema\/logo\/image\/"}}]}},"_links":{"self":[{"href":"https:\/\/shop.bantam.ch\/de\/wp-json\/wp\/v2\/product\/186477","targetHints":{"allow":["GET"]}}],"collection":[{"href":"https:\/\/shop.bantam.ch\/de\/wp-json\/wp\/v2\/product"}],"about":[{"href":"https:\/\/shop.bantam.ch\/de\/wp-json\/wp\/v2\/types\/product"}],"wp:featuredmedia":[{"embeddable":true,"href":"https:\/\/shop.bantam.ch\/de\/wp-json\/wp\/v2\/media\/186475"}],"wp:attachment":[{"href":"https:\/\/shop.bantam.ch\/de\/wp-json\/wp\/v2\/media?parent=186477"}],"wp:term":[{"taxonomy":"product_featured_cat","embeddable":true,"href":"https:\/\/shop.bantam.ch\/de\/wp-json\/wp\/v2\/product_featured_cat?post=186477"},{"taxonomy":"product_brand","embeddable":true,"href":"https:\/\/shop.bantam.ch\/de\/wp-json\/wp\/v2\/product_brand?post=186477"},{"taxonomy":"product_cat","embeddable":true,"href":"https:\/\/shop.bantam.ch\/de\/wp-json\/wp\/v2\/product_cat?post=186477"},{"taxonomy":"product_tag","embeddable":true,"href":"https:\/\/shop.bantam.ch\/de\/wp-json\/wp\/v2\/product_tag?post=186477"}],"curies":[{"name":"wp","href":"https:\/\/api.w.org\/{rel}","templated":true}]}}