{"id":186157,"date":"2023-08-13T15:52:45","date_gmt":"2023-08-13T13:52:45","guid":{"rendered":"https:\/\/shop.bantam.ch\/produit\/zelt-gewebe-reiniger-1-l\/"},"modified":"2026-04-20T22:51:32","modified_gmt":"2026-04-20T20:51:32","slug":"zelt-gewebe-reiniger-1-l","status":"publish","type":"product","link":"https:\/\/shop.bantam.ch\/de\/produkt\/zelt-gewebe-reiniger-1-l\/","title":{"rendered":"Zelt- und Gewebereiniger Campy Inhalt 1 l CH-Version"},"content":{"rendered":"<p>Spezieller Reiniger zum m\u00fchlosen Entfernen von Stockflecken<br \/>\nund Schmutz aller Art von Geweben wie Segelt\u00fccher, Sonnensegel,<br \/>\nSpritzpersennige, Biminis, Segelkleider etc.<\/p>\n<ul>\n<li>schonend: greift Materialien nicht an<\/li>\n<li>auch f\u00fcr Naturfasern geeignet<\/li>\n<\/ul>\n","protected":false},"excerpt":{"rendered":"<p>Spezieller Reiniger zum m\u00fchlosen Entfernen von Stockflecken und Schmutz aller Art von Geweben wie Segelt\u00fccher, Sonnensegel, Spritzpersennige, Biminis, Segelkleider etc. schonend: greift Materialien nicht an auch f\u00fcr Naturfasern geeignet<\/p>\n","protected":false},"featured_media":186155,"template":"","meta":{"_acf_changed":false},"product_featured_cat":[],"product_brand":[3165],"product_cat":[4756],"product_tag":[],"class_list":{"0":"post-186157","1":"product","2":"type-product","3":"status-publish","4":"has-post-thumbnail","6":"product_brand-yachticon-de","7":"product_cat-zubehoer-fuer-reinigungs-pflegemittel","9":"first","10":"instock","11":"taxable","12":"shipping-taxable","13":"purchasable","14":"product-type-simple"},"acf":[],"yoast_head":"<!-- This site is optimized with the Yoast SEO plugin v27.4 - https:\/\/yoast.com\/product\/yoast-seo-wordpress\/ -->\n<title>Zelt- und Gewebereiniger Campy Inhalt 1 l CH-Version - Bantam Camping AG<\/title>\n<meta name=\"robots\" content=\"index, follow, max-snippet:-1, max-image-preview:large, max-video-preview:-1\" \/>\n<link rel=\"canonical\" href=\"https:\/\/shop.bantam.ch\/de\/produkt\/zelt-gewebe-reiniger-1-l\/\" \/>\n<meta property=\"og:locale\" content=\"de_DE\" \/>\n<meta property=\"og:type\" content=\"article\" \/>\n<meta property=\"og:title\" content=\"Zelt- und Gewebereiniger Campy Inhalt 1 l CH-Version - Bantam Camping AG\" \/>\n<meta property=\"og:description\" content=\"Spezieller Reiniger zum m\u00fchlosen Entfernen von Stockflecken und Schmutz aller Art von Geweben wie Segelt\u00fccher, Sonnensegel, Spritzpersennige, Biminis, Segelkleider etc. schonend: greift Materialien nicht an auch f\u00fcr Naturfasern geeignet\" \/>\n<meta property=\"og:url\" content=\"https:\/\/shop.bantam.ch\/de\/produkt\/zelt-gewebe-reiniger-1-l\/\" \/>\n<meta property=\"og:site_name\" content=\"Bantam Camping AG\" \/>\n<meta property=\"article:modified_time\" content=\"2026-04-20T20:51:32+00:00\" \/>\n<meta property=\"og:image\" content=\"https:\/\/shop.bantam.ch\/wp-content\/uploads\/2023\/08\/994556411-3.jpg\" \/>\n\t<meta property=\"og:image:width\" content=\"889\" \/>\n\t<meta property=\"og:image:height\" content=\"1946\" \/>\n\t<meta property=\"og:image:type\" content=\"image\/jpeg\" \/>\n<meta name=\"twitter:card\" content=\"summary_large_image\" \/>\n<script type=\"application\/ld+json\" class=\"yoast-schema-graph\">{\"@context\":\"https:\\\/\\\/schema.org\",\"@graph\":[{\"@type\":\"WebPage\",\"@id\":\"https:\\\/\\\/shop.bantam.ch\\\/de\\\/produkt\\\/zelt-gewebe-reiniger-1-l\\\/\",\"url\":\"https:\\\/\\\/shop.bantam.ch\\\/de\\\/produkt\\\/zelt-gewebe-reiniger-1-l\\\/\",\"name\":\"Zelt- und Gewebereiniger Campy Inhalt 1 l CH-Version - Bantam Camping AG\",\"isPartOf\":{\"@id\":\"https:\\\/\\\/shop.bantam.ch\\\/de\\\/#website\"},\"primaryImageOfPage\":{\"@id\":\"https:\\\/\\\/shop.bantam.ch\\\/de\\\/produkt\\\/zelt-gewebe-reiniger-1-l\\\/#primaryimage\"},\"image\":{\"@id\":\"https:\\\/\\\/shop.bantam.ch\\\/de\\\/produkt\\\/zelt-gewebe-reiniger-1-l\\\/#primaryimage\"},\"thumbnailUrl\":\"https:\\\/\\\/shop.bantam.ch\\\/wp-content\\\/uploads\\\/2023\\\/08\\\/994556411-3.jpg\",\"datePublished\":\"2023-08-13T13:52:45+00:00\",\"dateModified\":\"2026-04-20T20:51:32+00:00\",\"breadcrumb\":{\"@id\":\"https:\\\/\\\/shop.bantam.ch\\\/de\\\/produkt\\\/zelt-gewebe-reiniger-1-l\\\/#breadcrumb\"},\"inLanguage\":\"de\",\"potentialAction\":[{\"@type\":\"ReadAction\",\"target\":[\"https:\\\/\\\/shop.bantam.ch\\\/de\\\/produkt\\\/zelt-gewebe-reiniger-1-l\\\/\"]}]},{\"@type\":\"ImageObject\",\"inLanguage\":\"de\",\"@id\":\"https:\\\/\\\/shop.bantam.ch\\\/de\\\/produkt\\\/zelt-gewebe-reiniger-1-l\\\/#primaryimage\",\"url\":\"https:\\\/\\\/shop.bantam.ch\\\/wp-content\\\/uploads\\\/2023\\\/08\\\/994556411-3.jpg\",\"contentUrl\":\"https:\\\/\\\/shop.bantam.ch\\\/wp-content\\\/uploads\\\/2023\\\/08\\\/994556411-3.jpg\",\"width\":889,\"height\":1946},{\"@type\":\"BreadcrumbList\",\"@id\":\"https:\\\/\\\/shop.bantam.ch\\\/de\\\/produkt\\\/zelt-gewebe-reiniger-1-l\\\/#breadcrumb\",\"itemListElement\":[{\"@type\":\"ListItem\",\"position\":1,\"name\":\"Accueil\",\"item\":\"https:\\\/\\\/shop.bantam.ch\\\/de\\\/\"},{\"@type\":\"ListItem\",\"position\":2,\"name\":\"Shop\",\"item\":\"https:\\\/\\\/shop.bantam.ch\\\/de\\\/shop\\\/\"},{\"@type\":\"ListItem\",\"position\":3,\"name\":\"Zelt- und Gewebereiniger Campy Inhalt 1 l CH-Version\"}]},{\"@type\":\"WebSite\",\"@id\":\"https:\\\/\\\/shop.bantam.ch\\\/de\\\/#website\",\"url\":\"https:\\\/\\\/shop.bantam.ch\\\/de\\\/\",\"name\":\"Bantam Camping AG\",\"description\":\"\",\"publisher\":{\"@id\":\"https:\\\/\\\/shop.bantam.ch\\\/de\\\/#organization\"},\"inLanguage\":\"de\"},{\"@type\":\"Organization\",\"@id\":\"https:\\\/\\\/shop.bantam.ch\\\/de\\\/#organization\",\"name\":\"Bantam Camping AG\",\"url\":\"https:\\\/\\\/shop.bantam.ch\\\/de\\\/\",\"logo\":{\"@type\":\"ImageObject\",\"inLanguage\":\"de\",\"@id\":\"https:\\\/\\\/shop.bantam.ch\\\/de\\\/#\\\/schema\\\/logo\\\/image\\\/\",\"url\":\"https:\\\/\\\/shop.bantam.ch\\\/wp-content\\\/uploads\\\/2022\\\/12\\\/bantam-logo.png\",\"contentUrl\":\"https:\\\/\\\/shop.bantam.ch\\\/wp-content\\\/uploads\\\/2022\\\/12\\\/bantam-logo.png\",\"width\":320,\"height\":71,\"caption\":\"Bantam Camping AG\"},\"image\":{\"@id\":\"https:\\\/\\\/shop.bantam.ch\\\/de\\\/#\\\/schema\\\/logo\\\/image\\\/\"}}]}<\/script>\n<!-- \/ Yoast SEO plugin. -->","yoast_head_json":{"title":"Zelt- und Gewebereiniger Campy Inhalt 1 l CH-Version - Bantam Camping AG","robots":{"index":"index","follow":"follow","max-snippet":"max-snippet:-1","max-image-preview":"max-image-preview:large","max-video-preview":"max-video-preview:-1"},"canonical":"https:\/\/shop.bantam.ch\/de\/produkt\/zelt-gewebe-reiniger-1-l\/","og_locale":"de_DE","og_type":"article","og_title":"Zelt- und Gewebereiniger Campy Inhalt 1 l CH-Version - Bantam Camping AG","og_description":"Spezieller Reiniger zum m\u00fchlosen Entfernen von Stockflecken und Schmutz aller Art von Geweben wie Segelt\u00fccher, Sonnensegel, Spritzpersennige, Biminis, Segelkleider etc. schonend: greift Materialien nicht an auch f\u00fcr Naturfasern geeignet","og_url":"https:\/\/shop.bantam.ch\/de\/produkt\/zelt-gewebe-reiniger-1-l\/","og_site_name":"Bantam Camping AG","article_modified_time":"2026-04-20T20:51:32+00:00","og_image":[{"width":889,"height":1946,"url":"https:\/\/shop.bantam.ch\/wp-content\/uploads\/2023\/08\/994556411-3.jpg","type":"image\/jpeg"}],"twitter_card":"summary_large_image","schema":{"@context":"https:\/\/schema.org","@graph":[{"@type":"WebPage","@id":"https:\/\/shop.bantam.ch\/de\/produkt\/zelt-gewebe-reiniger-1-l\/","url":"https:\/\/shop.bantam.ch\/de\/produkt\/zelt-gewebe-reiniger-1-l\/","name":"Zelt- und Gewebereiniger Campy Inhalt 1 l CH-Version - Bantam Camping AG","isPartOf":{"@id":"https:\/\/shop.bantam.ch\/de\/#website"},"primaryImageOfPage":{"@id":"https:\/\/shop.bantam.ch\/de\/produkt\/zelt-gewebe-reiniger-1-l\/#primaryimage"},"image":{"@id":"https:\/\/shop.bantam.ch\/de\/produkt\/zelt-gewebe-reiniger-1-l\/#primaryimage"},"thumbnailUrl":"https:\/\/shop.bantam.ch\/wp-content\/uploads\/2023\/08\/994556411-3.jpg","datePublished":"2023-08-13T13:52:45+00:00","dateModified":"2026-04-20T20:51:32+00:00","breadcrumb":{"@id":"https:\/\/shop.bantam.ch\/de\/produkt\/zelt-gewebe-reiniger-1-l\/#breadcrumb"},"inLanguage":"de","potentialAction":[{"@type":"ReadAction","target":["https:\/\/shop.bantam.ch\/de\/produkt\/zelt-gewebe-reiniger-1-l\/"]}]},{"@type":"ImageObject","inLanguage":"de","@id":"https:\/\/shop.bantam.ch\/de\/produkt\/zelt-gewebe-reiniger-1-l\/#primaryimage","url":"https:\/\/shop.bantam.ch\/wp-content\/uploads\/2023\/08\/994556411-3.jpg","contentUrl":"https:\/\/shop.bantam.ch\/wp-content\/uploads\/2023\/08\/994556411-3.jpg","width":889,"height":1946},{"@type":"BreadcrumbList","@id":"https:\/\/shop.bantam.ch\/de\/produkt\/zelt-gewebe-reiniger-1-l\/#breadcrumb","itemListElement":[{"@type":"ListItem","position":1,"name":"Accueil","item":"https:\/\/shop.bantam.ch\/de\/"},{"@type":"ListItem","position":2,"name":"Shop","item":"https:\/\/shop.bantam.ch\/de\/shop\/"},{"@type":"ListItem","position":3,"name":"Zelt- und Gewebereiniger Campy Inhalt 1 l CH-Version"}]},{"@type":"WebSite","@id":"https:\/\/shop.bantam.ch\/de\/#website","url":"https:\/\/shop.bantam.ch\/de\/","name":"Bantam Camping AG","description":"","publisher":{"@id":"https:\/\/shop.bantam.ch\/de\/#organization"},"inLanguage":"de"},{"@type":"Organization","@id":"https:\/\/shop.bantam.ch\/de\/#organization","name":"Bantam Camping AG","url":"https:\/\/shop.bantam.ch\/de\/","logo":{"@type":"ImageObject","inLanguage":"de","@id":"https:\/\/shop.bantam.ch\/de\/#\/schema\/logo\/image\/","url":"https:\/\/shop.bantam.ch\/wp-content\/uploads\/2022\/12\/bantam-logo.png","contentUrl":"https:\/\/shop.bantam.ch\/wp-content\/uploads\/2022\/12\/bantam-logo.png","width":320,"height":71,"caption":"Bantam Camping AG"},"image":{"@id":"https:\/\/shop.bantam.ch\/de\/#\/schema\/logo\/image\/"}}]}},"_links":{"self":[{"href":"https:\/\/shop.bantam.ch\/de\/wp-json\/wp\/v2\/product\/186157","targetHints":{"allow":["GET"]}}],"collection":[{"href":"https:\/\/shop.bantam.ch\/de\/wp-json\/wp\/v2\/product"}],"about":[{"href":"https:\/\/shop.bantam.ch\/de\/wp-json\/wp\/v2\/types\/product"}],"wp:featuredmedia":[{"embeddable":true,"href":"https:\/\/shop.bantam.ch\/de\/wp-json\/wp\/v2\/media\/186155"}],"wp:attachment":[{"href":"https:\/\/shop.bantam.ch\/de\/wp-json\/wp\/v2\/media?parent=186157"}],"wp:term":[{"taxonomy":"product_featured_cat","embeddable":true,"href":"https:\/\/shop.bantam.ch\/de\/wp-json\/wp\/v2\/product_featured_cat?post=186157"},{"taxonomy":"product_brand","embeddable":true,"href":"https:\/\/shop.bantam.ch\/de\/wp-json\/wp\/v2\/product_brand?post=186157"},{"taxonomy":"product_cat","embeddable":true,"href":"https:\/\/shop.bantam.ch\/de\/wp-json\/wp\/v2\/product_cat?post=186157"},{"taxonomy":"product_tag","embeddable":true,"href":"https:\/\/shop.bantam.ch\/de\/wp-json\/wp\/v2\/product_tag?post=186157"}],"curies":[{"name":"wp","href":"https:\/\/api.w.org\/{rel}","templated":true}]}}