{"id":186104,"date":"2023-08-13T13:52:11","date_gmt":"2023-08-13T11:52:11","guid":{"rendered":"https:\/\/shop.bantam.ch\/produit\/cobble-stone-brikett-6-stueck-2\/"},"modified":"2026-05-01T22:46:39","modified_gmt":"2026-05-01T20:46:39","slug":"cobble-stone-brikett-6-stueck-2","status":"publish","type":"product","link":"https:\/\/shop.bantam.ch\/de\/produkt\/cobble-stone-brikett-6-stueck-2\/","title":{"rendered":"Brikett Cobble Stone passend zu Cobb Grill Inhalt 6 St\u00fcck CH-Version"},"content":{"rendered":"<p>Der CobbleStone stammt aus Indien und wird aus dem Nebenprodukt der Kokosnuss, also der Schale der Kokosnuss, hergestellt. Mit der Schnellz\u00fcndungstechnologie unserer CobbleStones dauert das Anz\u00fcnden Sekunden, ohne die Hilfe eines Feueranz\u00fcnders.&nbsp;<br \/>\nNach dem Anz\u00fcnden dauert es ca. 3 Minuten, dann h\u00f6rt der CobbleStone auf zu rauchen und in 5 Minuten ist er f\u00fcr Sie bereit, mit dem Kochen zu beginnen.<br \/>\n&nbsp;<\/p>\n","protected":false},"excerpt":{"rendered":"<p>Der CobbleStone stammt aus Indien und wird aus dem Nebenprodukt der Kokosnuss, also der Schale der Kokosnuss, hergestellt. Mit der Schnellz\u00fcndungstechnologie unserer CobbleStones dauert das Anz\u00fcnden Sekunden, ohne die Hilfe eines Feueranz\u00fcnders.&nbsp; Nach dem Anz\u00fcnden dauert es ca. 3 Minuten, dann h\u00f6rt der CobbleStone auf zu rauchen und in 5 Minuten ist er f\u00fcr Sie [&hellip;]<\/p>\n","protected":false},"featured_media":186100,"template":"","meta":{"_acf_changed":false},"product_featured_cat":[],"product_brand":[3115],"product_cat":[4340],"product_tag":[],"class_list":{"0":"post-186104","1":"product","2":"type-product","3":"status-publish","4":"has-post-thumbnail","6":"product_brand-cobb-de","7":"product_cat-grillzubehoer","9":"first","10":"instock","11":"taxable","12":"shipping-taxable","13":"purchasable","14":"product-type-simple"},"acf":[],"yoast_head":"<!-- This site is optimized with the Yoast SEO plugin v27.5 - https:\/\/yoast.com\/product\/yoast-seo-wordpress\/ -->\n<title>Brikett Cobble Stone passend zu Cobb Grill Inhalt 6 St\u00fcck CH-Version - Bantam<\/title>\n<meta name=\"robots\" content=\"index, follow, max-snippet:-1, max-image-preview:large, max-video-preview:-1\" \/>\n<link rel=\"canonical\" href=\"https:\/\/shop.bantam.ch\/de\/produkt\/cobble-stone-brikett-6-stueck-2\/\" \/>\n<meta property=\"og:locale\" content=\"de_DE\" \/>\n<meta property=\"og:type\" content=\"article\" \/>\n<meta property=\"og:title\" content=\"Brikett Cobble Stone passend zu Cobb Grill Inhalt 6 St\u00fcck CH-Version - Bantam\" \/>\n<meta property=\"og:description\" content=\"Der CobbleStone stammt aus Indien und wird aus dem Nebenprodukt der Kokosnuss, also der Schale der Kokosnuss, hergestellt. Mit der Schnellz\u00fcndungstechnologie unserer CobbleStones dauert das Anz\u00fcnden Sekunden, ohne die Hilfe eines Feueranz\u00fcnders.&nbsp; Nach dem Anz\u00fcnden dauert es ca. 3 Minuten, dann h\u00f6rt der CobbleStone auf zu rauchen und in 5 Minuten ist er f\u00fcr Sie [&hellip;]\" \/>\n<meta property=\"og:url\" content=\"https:\/\/shop.bantam.ch\/de\/produkt\/cobble-stone-brikett-6-stueck-2\/\" \/>\n<meta property=\"og:site_name\" content=\"Bantam\" \/>\n<meta property=\"article:modified_time\" content=\"2026-05-01T20:46:39+00:00\" \/>\n<meta property=\"og:image\" content=\"https:\/\/shop.bantam.ch\/wp-content\/uploads\/2023\/08\/9933375-Cobbble_Stone_Brikett_passend_zu_Cobb_Grill_6_Briketts_Packte-Standard-02-1.jpg\" \/>\n\t<meta property=\"og:image:width\" content=\"1000\" \/>\n\t<meta property=\"og:image:height\" content=\"1000\" \/>\n\t<meta property=\"og:image:type\" content=\"image\/jpeg\" \/>\n<meta name=\"twitter:card\" content=\"summary_large_image\" \/>\n<script type=\"application\/ld+json\" class=\"yoast-schema-graph\">{\"@context\":\"https:\\\/\\\/schema.org\",\"@graph\":[{\"@type\":\"WebPage\",\"@id\":\"https:\\\/\\\/shop.bantam.ch\\\/de\\\/produkt\\\/cobble-stone-brikett-6-stueck-2\\\/\",\"url\":\"https:\\\/\\\/shop.bantam.ch\\\/de\\\/produkt\\\/cobble-stone-brikett-6-stueck-2\\\/\",\"name\":\"Brikett Cobble Stone passend zu Cobb Grill Inhalt 6 St\u00fcck CH-Version - Bantam\",\"isPartOf\":{\"@id\":\"https:\\\/\\\/shop.bantam.ch\\\/de\\\/#website\"},\"primaryImageOfPage\":{\"@id\":\"https:\\\/\\\/shop.bantam.ch\\\/de\\\/produkt\\\/cobble-stone-brikett-6-stueck-2\\\/#primaryimage\"},\"image\":{\"@id\":\"https:\\\/\\\/shop.bantam.ch\\\/de\\\/produkt\\\/cobble-stone-brikett-6-stueck-2\\\/#primaryimage\"},\"thumbnailUrl\":\"https:\\\/\\\/shop.bantam.ch\\\/wp-content\\\/uploads\\\/2023\\\/08\\\/9933375-Cobbble_Stone_Brikett_passend_zu_Cobb_Grill_6_Briketts_Packte-Standard-02-1.jpg\",\"datePublished\":\"2023-08-13T11:52:11+00:00\",\"dateModified\":\"2026-05-01T20:46:39+00:00\",\"breadcrumb\":{\"@id\":\"https:\\\/\\\/shop.bantam.ch\\\/de\\\/produkt\\\/cobble-stone-brikett-6-stueck-2\\\/#breadcrumb\"},\"inLanguage\":\"de\",\"potentialAction\":[{\"@type\":\"ReadAction\",\"target\":[\"https:\\\/\\\/shop.bantam.ch\\\/de\\\/produkt\\\/cobble-stone-brikett-6-stueck-2\\\/\"]}]},{\"@type\":\"ImageObject\",\"inLanguage\":\"de\",\"@id\":\"https:\\\/\\\/shop.bantam.ch\\\/de\\\/produkt\\\/cobble-stone-brikett-6-stueck-2\\\/#primaryimage\",\"url\":\"https:\\\/\\\/shop.bantam.ch\\\/wp-content\\\/uploads\\\/2023\\\/08\\\/9933375-Cobbble_Stone_Brikett_passend_zu_Cobb_Grill_6_Briketts_Packte-Standard-02-1.jpg\",\"contentUrl\":\"https:\\\/\\\/shop.bantam.ch\\\/wp-content\\\/uploads\\\/2023\\\/08\\\/9933375-Cobbble_Stone_Brikett_passend_zu_Cobb_Grill_6_Briketts_Packte-Standard-02-1.jpg\",\"width\":1000,\"height\":1000},{\"@type\":\"BreadcrumbList\",\"@id\":\"https:\\\/\\\/shop.bantam.ch\\\/de\\\/produkt\\\/cobble-stone-brikett-6-stueck-2\\\/#breadcrumb\",\"itemListElement\":[{\"@type\":\"ListItem\",\"position\":1,\"name\":\"Accueil\",\"item\":\"https:\\\/\\\/shop.bantam.ch\\\/de\\\/\"},{\"@type\":\"ListItem\",\"position\":2,\"name\":\"Shop\",\"item\":\"https:\\\/\\\/shop.bantam.ch\\\/de\\\/shop\\\/\"},{\"@type\":\"ListItem\",\"position\":3,\"name\":\"Brikett Cobble Stone passend zu Cobb Grill Inhalt 6 St\u00fcck CH-Version\"}]},{\"@type\":\"WebSite\",\"@id\":\"https:\\\/\\\/shop.bantam.ch\\\/de\\\/#website\",\"url\":\"https:\\\/\\\/shop.bantam.ch\\\/de\\\/\",\"name\":\"Bantam\",\"description\":\"\",\"publisher\":{\"@id\":\"https:\\\/\\\/shop.bantam.ch\\\/de\\\/#organization\"},\"inLanguage\":\"de\"},{\"@type\":\"Organization\",\"@id\":\"https:\\\/\\\/shop.bantam.ch\\\/de\\\/#organization\",\"name\":\"Bantam\",\"url\":\"https:\\\/\\\/shop.bantam.ch\\\/de\\\/\",\"logo\":{\"@type\":\"ImageObject\",\"inLanguage\":\"de\",\"@id\":\"https:\\\/\\\/shop.bantam.ch\\\/de\\\/#\\\/schema\\\/logo\\\/image\\\/\",\"url\":\"https:\\\/\\\/shop.bantam.ch\\\/wp-content\\\/uploads\\\/2022\\\/12\\\/bantam-logo.png\",\"contentUrl\":\"https:\\\/\\\/shop.bantam.ch\\\/wp-content\\\/uploads\\\/2022\\\/12\\\/bantam-logo.png\",\"width\":320,\"height\":71,\"caption\":\"Bantam\"},\"image\":{\"@id\":\"https:\\\/\\\/shop.bantam.ch\\\/de\\\/#\\\/schema\\\/logo\\\/image\\\/\"}}]}<\/script>\n<!-- \/ Yoast SEO plugin. -->","yoast_head_json":{"title":"Brikett Cobble Stone passend zu Cobb Grill Inhalt 6 St\u00fcck CH-Version - Bantam","robots":{"index":"index","follow":"follow","max-snippet":"max-snippet:-1","max-image-preview":"max-image-preview:large","max-video-preview":"max-video-preview:-1"},"canonical":"https:\/\/shop.bantam.ch\/de\/produkt\/cobble-stone-brikett-6-stueck-2\/","og_locale":"de_DE","og_type":"article","og_title":"Brikett Cobble Stone passend zu Cobb Grill Inhalt 6 St\u00fcck CH-Version - Bantam","og_description":"Der CobbleStone stammt aus Indien und wird aus dem Nebenprodukt der Kokosnuss, also der Schale der Kokosnuss, hergestellt. Mit der Schnellz\u00fcndungstechnologie unserer CobbleStones dauert das Anz\u00fcnden Sekunden, ohne die Hilfe eines Feueranz\u00fcnders.&nbsp; Nach dem Anz\u00fcnden dauert es ca. 3 Minuten, dann h\u00f6rt der CobbleStone auf zu rauchen und in 5 Minuten ist er f\u00fcr Sie [&hellip;]","og_url":"https:\/\/shop.bantam.ch\/de\/produkt\/cobble-stone-brikett-6-stueck-2\/","og_site_name":"Bantam","article_modified_time":"2026-05-01T20:46:39+00:00","og_image":[{"width":1000,"height":1000,"url":"https:\/\/shop.bantam.ch\/wp-content\/uploads\/2023\/08\/9933375-Cobbble_Stone_Brikett_passend_zu_Cobb_Grill_6_Briketts_Packte-Standard-02-1.jpg","type":"image\/jpeg"}],"twitter_card":"summary_large_image","schema":{"@context":"https:\/\/schema.org","@graph":[{"@type":"WebPage","@id":"https:\/\/shop.bantam.ch\/de\/produkt\/cobble-stone-brikett-6-stueck-2\/","url":"https:\/\/shop.bantam.ch\/de\/produkt\/cobble-stone-brikett-6-stueck-2\/","name":"Brikett Cobble Stone passend zu Cobb Grill Inhalt 6 St\u00fcck CH-Version - Bantam","isPartOf":{"@id":"https:\/\/shop.bantam.ch\/de\/#website"},"primaryImageOfPage":{"@id":"https:\/\/shop.bantam.ch\/de\/produkt\/cobble-stone-brikett-6-stueck-2\/#primaryimage"},"image":{"@id":"https:\/\/shop.bantam.ch\/de\/produkt\/cobble-stone-brikett-6-stueck-2\/#primaryimage"},"thumbnailUrl":"https:\/\/shop.bantam.ch\/wp-content\/uploads\/2023\/08\/9933375-Cobbble_Stone_Brikett_passend_zu_Cobb_Grill_6_Briketts_Packte-Standard-02-1.jpg","datePublished":"2023-08-13T11:52:11+00:00","dateModified":"2026-05-01T20:46:39+00:00","breadcrumb":{"@id":"https:\/\/shop.bantam.ch\/de\/produkt\/cobble-stone-brikett-6-stueck-2\/#breadcrumb"},"inLanguage":"de","potentialAction":[{"@type":"ReadAction","target":["https:\/\/shop.bantam.ch\/de\/produkt\/cobble-stone-brikett-6-stueck-2\/"]}]},{"@type":"ImageObject","inLanguage":"de","@id":"https:\/\/shop.bantam.ch\/de\/produkt\/cobble-stone-brikett-6-stueck-2\/#primaryimage","url":"https:\/\/shop.bantam.ch\/wp-content\/uploads\/2023\/08\/9933375-Cobbble_Stone_Brikett_passend_zu_Cobb_Grill_6_Briketts_Packte-Standard-02-1.jpg","contentUrl":"https:\/\/shop.bantam.ch\/wp-content\/uploads\/2023\/08\/9933375-Cobbble_Stone_Brikett_passend_zu_Cobb_Grill_6_Briketts_Packte-Standard-02-1.jpg","width":1000,"height":1000},{"@type":"BreadcrumbList","@id":"https:\/\/shop.bantam.ch\/de\/produkt\/cobble-stone-brikett-6-stueck-2\/#breadcrumb","itemListElement":[{"@type":"ListItem","position":1,"name":"Accueil","item":"https:\/\/shop.bantam.ch\/de\/"},{"@type":"ListItem","position":2,"name":"Shop","item":"https:\/\/shop.bantam.ch\/de\/shop\/"},{"@type":"ListItem","position":3,"name":"Brikett Cobble Stone passend zu Cobb Grill Inhalt 6 St\u00fcck CH-Version"}]},{"@type":"WebSite","@id":"https:\/\/shop.bantam.ch\/de\/#website","url":"https:\/\/shop.bantam.ch\/de\/","name":"Bantam","description":"","publisher":{"@id":"https:\/\/shop.bantam.ch\/de\/#organization"},"inLanguage":"de"},{"@type":"Organization","@id":"https:\/\/shop.bantam.ch\/de\/#organization","name":"Bantam","url":"https:\/\/shop.bantam.ch\/de\/","logo":{"@type":"ImageObject","inLanguage":"de","@id":"https:\/\/shop.bantam.ch\/de\/#\/schema\/logo\/image\/","url":"https:\/\/shop.bantam.ch\/wp-content\/uploads\/2022\/12\/bantam-logo.png","contentUrl":"https:\/\/shop.bantam.ch\/wp-content\/uploads\/2022\/12\/bantam-logo.png","width":320,"height":71,"caption":"Bantam"},"image":{"@id":"https:\/\/shop.bantam.ch\/de\/#\/schema\/logo\/image\/"}}]}},"_links":{"self":[{"href":"https:\/\/shop.bantam.ch\/de\/wp-json\/wp\/v2\/product\/186104","targetHints":{"allow":["GET"]}}],"collection":[{"href":"https:\/\/shop.bantam.ch\/de\/wp-json\/wp\/v2\/product"}],"about":[{"href":"https:\/\/shop.bantam.ch\/de\/wp-json\/wp\/v2\/types\/product"}],"wp:featuredmedia":[{"embeddable":true,"href":"https:\/\/shop.bantam.ch\/de\/wp-json\/wp\/v2\/media\/186100"}],"wp:attachment":[{"href":"https:\/\/shop.bantam.ch\/de\/wp-json\/wp\/v2\/media?parent=186104"}],"wp:term":[{"taxonomy":"product_featured_cat","embeddable":true,"href":"https:\/\/shop.bantam.ch\/de\/wp-json\/wp\/v2\/product_featured_cat?post=186104"},{"taxonomy":"product_brand","embeddable":true,"href":"https:\/\/shop.bantam.ch\/de\/wp-json\/wp\/v2\/product_brand?post=186104"},{"taxonomy":"product_cat","embeddable":true,"href":"https:\/\/shop.bantam.ch\/de\/wp-json\/wp\/v2\/product_cat?post=186104"},{"taxonomy":"product_tag","embeddable":true,"href":"https:\/\/shop.bantam.ch\/de\/wp-json\/wp\/v2\/product_tag?post=186104"}],"curies":[{"name":"wp","href":"https:\/\/api.w.org\/{rel}","templated":true}]}}