{"id":184359,"date":"2023-05-26T09:11:15","date_gmt":"2023-05-26T07:11:15","guid":{"rendered":"https:\/\/shop.bantam.ch\/produit\/loftsventilator-230-v\/"},"modified":"2026-04-18T22:52:38","modified_gmt":"2026-04-18T20:52:38","slug":"loftsventilator-230-v","status":"publish","type":"product","link":"https:\/\/shop.bantam.ch\/de\/produkt\/loftsventilator-230-v\/","title":{"rendered":"Deckenventilator, 230V"},"content":{"rendered":"<p class=\"MsoNormal\"><span lang=\"DE-CH\">Zusammenklappbarer<br \/>\nDeckenventilator. Der Ventilator ist sehr leise und hat einen hohen<br \/>\nLuftdurchsatz. Die 5 Bl\u00e4tter sind abnehmbar und das Ganze hat ein geringes<br \/>\nPackvolumen. Die Montage ist einfach. Der Ventilator ist mit einem Haken und<br \/>\neinem 3 m langen Netzkabel ausgestattet. Ideal f\u00fcr den Einsatz im Zelt<br \/>\n(Vorzelt), im Wohnwagen oder zu Hause. Gr\u00f6\u00dfe: \u00d8 60cm Leistung: 230V Ventilator:<br \/>\n10W Rotation: 272 r \/ m Ger\u00e4uschpegel: 50\/60 Hz Material: ABS \/ PP Gewicht: 420<br \/>\ngr.<\/span><\/p>\n","protected":false},"excerpt":{"rendered":"<p>Zusammenklappbarer Deckenventilator. Der Ventilator ist sehr leise und hat einen hohen Luftdurchsatz. Die 5 Bl\u00e4tter sind abnehmbar und das Ganze hat ein geringes Packvolumen. Die Montage ist einfach. Der Ventilator ist mit einem Haken und einem 3 m langen Netzkabel ausgestattet. Ideal f\u00fcr den Einsatz im Zelt (Vorzelt), im Wohnwagen oder zu Hause. Gr\u00f6\u00dfe: \u00d8 [&hellip;]<\/p>\n","protected":false},"featured_media":205529,"template":"","meta":{"_acf_changed":false},"product_featured_cat":[],"product_brand":[3075],"product_cat":[5148],"product_tag":[],"class_list":{"0":"post-184359","1":"product","2":"type-product","3":"status-publish","4":"has-post-thumbnail","6":"product_brand-eurotrail-de","7":"product_cat-weitere-haushaltsgeraete","9":"first","10":"instock","11":"taxable","12":"shipping-taxable","13":"purchasable","14":"product-type-simple"},"acf":[],"yoast_head":"<!-- This site is optimized with the Yoast SEO plugin v27.4 - https:\/\/yoast.com\/product\/yoast-seo-wordpress\/ -->\n<title>Deckenventilator, 230V - Bantam Camping AG<\/title>\n<meta name=\"robots\" content=\"index, follow, max-snippet:-1, max-image-preview:large, max-video-preview:-1\" \/>\n<link rel=\"canonical\" href=\"https:\/\/shop.bantam.ch\/de\/produkt\/loftsventilator-230-v\/\" \/>\n<meta property=\"og:locale\" content=\"de_DE\" \/>\n<meta property=\"og:type\" content=\"article\" \/>\n<meta property=\"og:title\" content=\"Deckenventilator, 230V - Bantam Camping AG\" \/>\n<meta property=\"og:description\" content=\"Zusammenklappbarer Deckenventilator. Der Ventilator ist sehr leise und hat einen hohen Luftdurchsatz. Die 5 Bl\u00e4tter sind abnehmbar und das Ganze hat ein geringes Packvolumen. Die Montage ist einfach. Der Ventilator ist mit einem Haken und einem 3 m langen Netzkabel ausgestattet. Ideal f\u00fcr den Einsatz im Zelt (Vorzelt), im Wohnwagen oder zu Hause. Gr\u00f6\u00dfe: \u00d8 [&hellip;]\" \/>\n<meta property=\"og:url\" content=\"https:\/\/shop.bantam.ch\/de\/produkt\/loftsventilator-230-v\/\" \/>\n<meta property=\"og:site_name\" content=\"Bantam Camping AG\" \/>\n<meta property=\"article:modified_time\" content=\"2026-04-18T20:52:38+00:00\" \/>\n<meta property=\"og:image\" content=\"https:\/\/shop.bantam.ch\/wp-content\/uploads\/2024\/09\/Movera-L-9935257100.jpg\" \/>\n\t<meta property=\"og:image:width\" content=\"640\" \/>\n\t<meta property=\"og:image:height\" content=\"449\" \/>\n\t<meta property=\"og:image:type\" content=\"image\/jpeg\" \/>\n<meta name=\"twitter:card\" content=\"summary_large_image\" \/>\n<script type=\"application\/ld+json\" class=\"yoast-schema-graph\">{\"@context\":\"https:\\\/\\\/schema.org\",\"@graph\":[{\"@type\":\"WebPage\",\"@id\":\"https:\\\/\\\/shop.bantam.ch\\\/de\\\/produkt\\\/loftsventilator-230-v\\\/\",\"url\":\"https:\\\/\\\/shop.bantam.ch\\\/de\\\/produkt\\\/loftsventilator-230-v\\\/\",\"name\":\"Deckenventilator, 230V - Bantam Camping AG\",\"isPartOf\":{\"@id\":\"https:\\\/\\\/shop.bantam.ch\\\/de\\\/#website\"},\"primaryImageOfPage\":{\"@id\":\"https:\\\/\\\/shop.bantam.ch\\\/de\\\/produkt\\\/loftsventilator-230-v\\\/#primaryimage\"},\"image\":{\"@id\":\"https:\\\/\\\/shop.bantam.ch\\\/de\\\/produkt\\\/loftsventilator-230-v\\\/#primaryimage\"},\"thumbnailUrl\":\"https:\\\/\\\/shop.bantam.ch\\\/wp-content\\\/uploads\\\/2024\\\/09\\\/Movera-L-9935257100.jpg\",\"datePublished\":\"2023-05-26T07:11:15+00:00\",\"dateModified\":\"2026-04-18T20:52:38+00:00\",\"breadcrumb\":{\"@id\":\"https:\\\/\\\/shop.bantam.ch\\\/de\\\/produkt\\\/loftsventilator-230-v\\\/#breadcrumb\"},\"inLanguage\":\"de\",\"potentialAction\":[{\"@type\":\"ReadAction\",\"target\":[\"https:\\\/\\\/shop.bantam.ch\\\/de\\\/produkt\\\/loftsventilator-230-v\\\/\"]}]},{\"@type\":\"ImageObject\",\"inLanguage\":\"de\",\"@id\":\"https:\\\/\\\/shop.bantam.ch\\\/de\\\/produkt\\\/loftsventilator-230-v\\\/#primaryimage\",\"url\":\"https:\\\/\\\/shop.bantam.ch\\\/wp-content\\\/uploads\\\/2024\\\/09\\\/Movera-L-9935257100.jpg\",\"contentUrl\":\"https:\\\/\\\/shop.bantam.ch\\\/wp-content\\\/uploads\\\/2024\\\/09\\\/Movera-L-9935257100.jpg\",\"width\":640,\"height\":449},{\"@type\":\"BreadcrumbList\",\"@id\":\"https:\\\/\\\/shop.bantam.ch\\\/de\\\/produkt\\\/loftsventilator-230-v\\\/#breadcrumb\",\"itemListElement\":[{\"@type\":\"ListItem\",\"position\":1,\"name\":\"Accueil\",\"item\":\"https:\\\/\\\/shop.bantam.ch\\\/de\\\/\"},{\"@type\":\"ListItem\",\"position\":2,\"name\":\"Shop\",\"item\":\"https:\\\/\\\/shop.bantam.ch\\\/de\\\/shop\\\/\"},{\"@type\":\"ListItem\",\"position\":3,\"name\":\"Deckenventilator, 230V\"}]},{\"@type\":\"WebSite\",\"@id\":\"https:\\\/\\\/shop.bantam.ch\\\/de\\\/#website\",\"url\":\"https:\\\/\\\/shop.bantam.ch\\\/de\\\/\",\"name\":\"Bantam Camping AG\",\"description\":\"\",\"publisher\":{\"@id\":\"https:\\\/\\\/shop.bantam.ch\\\/de\\\/#organization\"},\"inLanguage\":\"de\"},{\"@type\":\"Organization\",\"@id\":\"https:\\\/\\\/shop.bantam.ch\\\/de\\\/#organization\",\"name\":\"Bantam Camping AG\",\"url\":\"https:\\\/\\\/shop.bantam.ch\\\/de\\\/\",\"logo\":{\"@type\":\"ImageObject\",\"inLanguage\":\"de\",\"@id\":\"https:\\\/\\\/shop.bantam.ch\\\/de\\\/#\\\/schema\\\/logo\\\/image\\\/\",\"url\":\"https:\\\/\\\/shop.bantam.ch\\\/wp-content\\\/uploads\\\/2022\\\/12\\\/bantam-logo.png\",\"contentUrl\":\"https:\\\/\\\/shop.bantam.ch\\\/wp-content\\\/uploads\\\/2022\\\/12\\\/bantam-logo.png\",\"width\":320,\"height\":71,\"caption\":\"Bantam Camping AG\"},\"image\":{\"@id\":\"https:\\\/\\\/shop.bantam.ch\\\/de\\\/#\\\/schema\\\/logo\\\/image\\\/\"}}]}<\/script>\n<!-- \/ Yoast SEO plugin. -->","yoast_head_json":{"title":"Deckenventilator, 230V - Bantam Camping AG","robots":{"index":"index","follow":"follow","max-snippet":"max-snippet:-1","max-image-preview":"max-image-preview:large","max-video-preview":"max-video-preview:-1"},"canonical":"https:\/\/shop.bantam.ch\/de\/produkt\/loftsventilator-230-v\/","og_locale":"de_DE","og_type":"article","og_title":"Deckenventilator, 230V - Bantam Camping AG","og_description":"Zusammenklappbarer Deckenventilator. Der Ventilator ist sehr leise und hat einen hohen Luftdurchsatz. Die 5 Bl\u00e4tter sind abnehmbar und das Ganze hat ein geringes Packvolumen. Die Montage ist einfach. Der Ventilator ist mit einem Haken und einem 3 m langen Netzkabel ausgestattet. Ideal f\u00fcr den Einsatz im Zelt (Vorzelt), im Wohnwagen oder zu Hause. Gr\u00f6\u00dfe: \u00d8 [&hellip;]","og_url":"https:\/\/shop.bantam.ch\/de\/produkt\/loftsventilator-230-v\/","og_site_name":"Bantam Camping AG","article_modified_time":"2026-04-18T20:52:38+00:00","og_image":[{"width":640,"height":449,"url":"https:\/\/shop.bantam.ch\/wp-content\/uploads\/2024\/09\/Movera-L-9935257100.jpg","type":"image\/jpeg"}],"twitter_card":"summary_large_image","schema":{"@context":"https:\/\/schema.org","@graph":[{"@type":"WebPage","@id":"https:\/\/shop.bantam.ch\/de\/produkt\/loftsventilator-230-v\/","url":"https:\/\/shop.bantam.ch\/de\/produkt\/loftsventilator-230-v\/","name":"Deckenventilator, 230V - Bantam Camping AG","isPartOf":{"@id":"https:\/\/shop.bantam.ch\/de\/#website"},"primaryImageOfPage":{"@id":"https:\/\/shop.bantam.ch\/de\/produkt\/loftsventilator-230-v\/#primaryimage"},"image":{"@id":"https:\/\/shop.bantam.ch\/de\/produkt\/loftsventilator-230-v\/#primaryimage"},"thumbnailUrl":"https:\/\/shop.bantam.ch\/wp-content\/uploads\/2024\/09\/Movera-L-9935257100.jpg","datePublished":"2023-05-26T07:11:15+00:00","dateModified":"2026-04-18T20:52:38+00:00","breadcrumb":{"@id":"https:\/\/shop.bantam.ch\/de\/produkt\/loftsventilator-230-v\/#breadcrumb"},"inLanguage":"de","potentialAction":[{"@type":"ReadAction","target":["https:\/\/shop.bantam.ch\/de\/produkt\/loftsventilator-230-v\/"]}]},{"@type":"ImageObject","inLanguage":"de","@id":"https:\/\/shop.bantam.ch\/de\/produkt\/loftsventilator-230-v\/#primaryimage","url":"https:\/\/shop.bantam.ch\/wp-content\/uploads\/2024\/09\/Movera-L-9935257100.jpg","contentUrl":"https:\/\/shop.bantam.ch\/wp-content\/uploads\/2024\/09\/Movera-L-9935257100.jpg","width":640,"height":449},{"@type":"BreadcrumbList","@id":"https:\/\/shop.bantam.ch\/de\/produkt\/loftsventilator-230-v\/#breadcrumb","itemListElement":[{"@type":"ListItem","position":1,"name":"Accueil","item":"https:\/\/shop.bantam.ch\/de\/"},{"@type":"ListItem","position":2,"name":"Shop","item":"https:\/\/shop.bantam.ch\/de\/shop\/"},{"@type":"ListItem","position":3,"name":"Deckenventilator, 230V"}]},{"@type":"WebSite","@id":"https:\/\/shop.bantam.ch\/de\/#website","url":"https:\/\/shop.bantam.ch\/de\/","name":"Bantam Camping AG","description":"","publisher":{"@id":"https:\/\/shop.bantam.ch\/de\/#organization"},"inLanguage":"de"},{"@type":"Organization","@id":"https:\/\/shop.bantam.ch\/de\/#organization","name":"Bantam Camping AG","url":"https:\/\/shop.bantam.ch\/de\/","logo":{"@type":"ImageObject","inLanguage":"de","@id":"https:\/\/shop.bantam.ch\/de\/#\/schema\/logo\/image\/","url":"https:\/\/shop.bantam.ch\/wp-content\/uploads\/2022\/12\/bantam-logo.png","contentUrl":"https:\/\/shop.bantam.ch\/wp-content\/uploads\/2022\/12\/bantam-logo.png","width":320,"height":71,"caption":"Bantam Camping AG"},"image":{"@id":"https:\/\/shop.bantam.ch\/de\/#\/schema\/logo\/image\/"}}]}},"_links":{"self":[{"href":"https:\/\/shop.bantam.ch\/de\/wp-json\/wp\/v2\/product\/184359","targetHints":{"allow":["GET"]}}],"collection":[{"href":"https:\/\/shop.bantam.ch\/de\/wp-json\/wp\/v2\/product"}],"about":[{"href":"https:\/\/shop.bantam.ch\/de\/wp-json\/wp\/v2\/types\/product"}],"wp:featuredmedia":[{"embeddable":true,"href":"https:\/\/shop.bantam.ch\/de\/wp-json\/wp\/v2\/media\/205529"}],"wp:attachment":[{"href":"https:\/\/shop.bantam.ch\/de\/wp-json\/wp\/v2\/media?parent=184359"}],"wp:term":[{"taxonomy":"product_featured_cat","embeddable":true,"href":"https:\/\/shop.bantam.ch\/de\/wp-json\/wp\/v2\/product_featured_cat?post=184359"},{"taxonomy":"product_brand","embeddable":true,"href":"https:\/\/shop.bantam.ch\/de\/wp-json\/wp\/v2\/product_brand?post=184359"},{"taxonomy":"product_cat","embeddable":true,"href":"https:\/\/shop.bantam.ch\/de\/wp-json\/wp\/v2\/product_cat?post=184359"},{"taxonomy":"product_tag","embeddable":true,"href":"https:\/\/shop.bantam.ch\/de\/wp-json\/wp\/v2\/product_tag?post=184359"}],"curies":[{"name":"wp","href":"https:\/\/api.w.org\/{rel}","templated":true}]}}