{"id":183673,"date":"2023-05-26T08:36:07","date_gmt":"2023-05-26T06:36:07","guid":{"rendered":"https:\/\/shop.bantam.ch\/produit\/wandmarkise-f45-s-ohne-standardhalterung\/"},"modified":"2026-04-18T00:51:02","modified_gmt":"2026-04-17T22:51:02","slug":"wandmarkise-f45-s-ohne-standardhalterung","status":"publish","type":"product","link":"https:\/\/shop.bantam.ch\/de\/produkt\/wandmarkise-f45-s-ohne-standardhalterung\/","title":{"rendered":"Wandmarkise F45 S ohne Standardhalterung"},"content":{"rendered":"<p>Einfach zu montieren und in der Anwendung; die Markise F45 S verbindet zukunftsorientierte Technik mit der besten Qualit\u00e4t und dem besten Service. Kompakt im Design und in der Funktion, immer auf dem neuesten Stand und von h\u00f6chster Qualit\u00e4t, resistent und solide sowie sicher und praktisch im Gebrauch. Die sichtbare \u00d6se vereinfacht das Einh\u00e4ngen der Kurbel zum \u00d6ffnen der Markise.<\/p>\n<ul>\n<li>LED: viele verschiedene LED Modelle zur Beleuchtung unter der Markise<\/li>\n<li>Double Guide: doppelte Kederschiene in der Frontblende, welche eine Anbringung zweier Frontw\u00e4nde gleichzeitig erm\u00f6glicht<\/li>\n<li>Perfect Closing: leise sowie schnelles \u00d6ffnen und Schliessen durch den Auto Lock Sicherheitsmechanismus. Das Dual Security tr\u00e4gt zur kompletten und einwandfreien Schliessung der Markise bei<\/li>\n<li>Presto Fix: Regulierungssystem welches auch auf Dauer eine perfekt Schliessung der Frontblende gew\u00e4hrleistet<\/li>\n<li>One Way Roll: patentierter Mechanismus welches das Tuch immer korrekt aufwickelt<\/li>\n<li>Dual Shock Absorber: D\u00e4mpfhalterung mit Doppelschraube, patentiertes Double-Block, was sowohl die Markise als auch Ihr Fahrzeug sch\u00fctzt<\/li>\n<li>Extra Strong Arms: best\u00e4ndige, verst\u00e4rkte Gelenkarme mit doppelter Seilspannung, um so das Tuch immer ideal gespannt zu halten<\/li>\n<li>Secure Lock: die St\u00fctzf\u00fcsse k\u00f6nnen sowohl am Boden als auch an der Fahrzeugwand positioniert werden und erm\u00f6glichen die Einstellung der Frontblendenh\u00f6he mittels einem sicheren, praktischen und teleskopierbaren System<\/li>\n<li>Zubeh\u00f6r: ein umfangreiches Sortiment an Zubeh\u00f6r f\u00fcr noch mehr Komfort<\/li>\n<\/ul>\n<p>Material:<br \/>Tuch: 90 % PVC, 10 % Polyester<br \/>Geh\u00e4use: Aluminium<\/p>\n<p>Lieferumfang <br \/>Wandmarkise F 45 S<br \/>Markisenkurbel<br \/>Befestigungsplatten (Standard-Halterungen) f\u00fcr senkrechte Fahrzeugw\u00e4nde<br \/>St\u00fctzfu\u00dfbefestigung an der Wand<br \/>Heringe f\u00fcr Bodenbestfestigung<br \/>1 Rafter Spannstange aus eloxiertem Aluminium inklusive<\/p>\n","protected":false},"excerpt":{"rendered":"<p>Einfach zu montieren und in der Anwendung; die Markise F45 S verbindet zukunftsorientierte Technik mit der besten Qualit\u00e4t und dem besten Service. Kompakt im Design und in der Funktion, immer auf dem neuesten Stand und von h\u00f6chster Qualit\u00e4t, resistent und solide sowie sicher und praktisch im Gebrauch. Die sichtbare \u00d6se vereinfacht das Einh\u00e4ngen der Kurbel [&hellip;]<\/p>\n","protected":false},"featured_media":183653,"template":"","meta":{"_acf_changed":false},"product_featured_cat":[],"product_brand":[3035],"product_cat":[4214],"product_tag":[],"class_list":{"0":"post-183673","1":"product","2":"type-product","3":"status-publish","4":"has-post-thumbnail","6":"product_brand-fiamma-de","7":"product_cat-markisen-dachseitenwand","9":"first","10":"instock","11":"taxable","12":"shipping-taxable","13":"purchasable","14":"product-type-variable"},"acf":[],"yoast_head":"<!-- This site is optimized with the Yoast SEO plugin v27.4 - https:\/\/yoast.com\/product\/yoast-seo-wordpress\/ -->\n<title>Wandmarkise F45 S ohne Standardhalterung - Bantam Camping AG<\/title>\n<meta name=\"robots\" content=\"index, follow, max-snippet:-1, max-image-preview:large, max-video-preview:-1\" \/>\n<link rel=\"canonical\" href=\"https:\/\/shop.bantam.ch\/de\/produkt\/wandmarkise-f45-s-ohne-standardhalterung\/\" \/>\n<meta property=\"og:locale\" content=\"de_DE\" \/>\n<meta property=\"og:type\" content=\"article\" \/>\n<meta property=\"og:title\" content=\"Wandmarkise F45 S ohne Standardhalterung - Bantam Camping AG\" \/>\n<meta property=\"og:description\" content=\"Einfach zu montieren und in der Anwendung; die Markise F45 S verbindet zukunftsorientierte Technik mit der besten Qualit\u00e4t und dem besten Service. Kompakt im Design und in der Funktion, immer auf dem neuesten Stand und von h\u00f6chster Qualit\u00e4t, resistent und solide sowie sicher und praktisch im Gebrauch. Die sichtbare \u00d6se vereinfacht das Einh\u00e4ngen der Kurbel [&hellip;]\" \/>\n<meta property=\"og:url\" content=\"https:\/\/shop.bantam.ch\/de\/produkt\/wandmarkise-f45-s-ohne-standardhalterung\/\" \/>\n<meta property=\"og:site_name\" content=\"Bantam Camping AG\" \/>\n<meta property=\"article:modified_time\" content=\"2026-04-17T22:51:02+00:00\" \/>\n<meta property=\"og:image\" content=\"https:\/\/shop.bantam.ch\/wp-content\/uploads\/2023\/05\/997075511.jpg\" \/>\n\t<meta property=\"og:image:width\" content=\"690\" \/>\n\t<meta property=\"og:image:height\" content=\"460\" \/>\n\t<meta property=\"og:image:type\" content=\"image\/jpeg\" \/>\n<meta name=\"twitter:card\" content=\"summary_large_image\" \/>\n<meta name=\"twitter:label1\" content=\"Gesch\u00e4tzte Lesezeit\" \/>\n\t<meta name=\"twitter:data1\" content=\"1\u00a0Minute\" \/>\n<script type=\"application\/ld+json\" class=\"yoast-schema-graph\">{\"@context\":\"https:\\\/\\\/schema.org\",\"@graph\":[{\"@type\":\"WebPage\",\"@id\":\"https:\\\/\\\/shop.bantam.ch\\\/de\\\/produkt\\\/wandmarkise-f45-s-ohne-standardhalterung\\\/\",\"url\":\"https:\\\/\\\/shop.bantam.ch\\\/de\\\/produkt\\\/wandmarkise-f45-s-ohne-standardhalterung\\\/\",\"name\":\"Wandmarkise F45 S ohne Standardhalterung - Bantam Camping AG\",\"isPartOf\":{\"@id\":\"https:\\\/\\\/shop.bantam.ch\\\/de\\\/#website\"},\"primaryImageOfPage\":{\"@id\":\"https:\\\/\\\/shop.bantam.ch\\\/de\\\/produkt\\\/wandmarkise-f45-s-ohne-standardhalterung\\\/#primaryimage\"},\"image\":{\"@id\":\"https:\\\/\\\/shop.bantam.ch\\\/de\\\/produkt\\\/wandmarkise-f45-s-ohne-standardhalterung\\\/#primaryimage\"},\"thumbnailUrl\":\"https:\\\/\\\/shop.bantam.ch\\\/wp-content\\\/uploads\\\/2023\\\/05\\\/997075511.jpg\",\"datePublished\":\"2023-05-26T06:36:07+00:00\",\"dateModified\":\"2026-04-17T22:51:02+00:00\",\"breadcrumb\":{\"@id\":\"https:\\\/\\\/shop.bantam.ch\\\/de\\\/produkt\\\/wandmarkise-f45-s-ohne-standardhalterung\\\/#breadcrumb\"},\"inLanguage\":\"de\",\"potentialAction\":[{\"@type\":\"ReadAction\",\"target\":[\"https:\\\/\\\/shop.bantam.ch\\\/de\\\/produkt\\\/wandmarkise-f45-s-ohne-standardhalterung\\\/\"]}]},{\"@type\":\"ImageObject\",\"inLanguage\":\"de\",\"@id\":\"https:\\\/\\\/shop.bantam.ch\\\/de\\\/produkt\\\/wandmarkise-f45-s-ohne-standardhalterung\\\/#primaryimage\",\"url\":\"https:\\\/\\\/shop.bantam.ch\\\/wp-content\\\/uploads\\\/2023\\\/05\\\/997075511.jpg\",\"contentUrl\":\"https:\\\/\\\/shop.bantam.ch\\\/wp-content\\\/uploads\\\/2023\\\/05\\\/997075511.jpg\",\"width\":690,\"height\":460},{\"@type\":\"BreadcrumbList\",\"@id\":\"https:\\\/\\\/shop.bantam.ch\\\/de\\\/produkt\\\/wandmarkise-f45-s-ohne-standardhalterung\\\/#breadcrumb\",\"itemListElement\":[{\"@type\":\"ListItem\",\"position\":1,\"name\":\"Accueil\",\"item\":\"https:\\\/\\\/shop.bantam.ch\\\/de\\\/\"},{\"@type\":\"ListItem\",\"position\":2,\"name\":\"Shop\",\"item\":\"https:\\\/\\\/shop.bantam.ch\\\/de\\\/shop\\\/\"},{\"@type\":\"ListItem\",\"position\":3,\"name\":\"Wandmarkise F45 S ohne Standardhalterung\"}]},{\"@type\":\"WebSite\",\"@id\":\"https:\\\/\\\/shop.bantam.ch\\\/de\\\/#website\",\"url\":\"https:\\\/\\\/shop.bantam.ch\\\/de\\\/\",\"name\":\"Bantam Camping AG\",\"description\":\"\",\"publisher\":{\"@id\":\"https:\\\/\\\/shop.bantam.ch\\\/de\\\/#organization\"},\"inLanguage\":\"de\"},{\"@type\":\"Organization\",\"@id\":\"https:\\\/\\\/shop.bantam.ch\\\/de\\\/#organization\",\"name\":\"Bantam Camping AG\",\"url\":\"https:\\\/\\\/shop.bantam.ch\\\/de\\\/\",\"logo\":{\"@type\":\"ImageObject\",\"inLanguage\":\"de\",\"@id\":\"https:\\\/\\\/shop.bantam.ch\\\/de\\\/#\\\/schema\\\/logo\\\/image\\\/\",\"url\":\"https:\\\/\\\/shop.bantam.ch\\\/wp-content\\\/uploads\\\/2022\\\/12\\\/bantam-logo.png\",\"contentUrl\":\"https:\\\/\\\/shop.bantam.ch\\\/wp-content\\\/uploads\\\/2022\\\/12\\\/bantam-logo.png\",\"width\":320,\"height\":71,\"caption\":\"Bantam Camping AG\"},\"image\":{\"@id\":\"https:\\\/\\\/shop.bantam.ch\\\/de\\\/#\\\/schema\\\/logo\\\/image\\\/\"}}]}<\/script>\n<!-- \/ Yoast SEO plugin. -->","yoast_head_json":{"title":"Wandmarkise F45 S ohne Standardhalterung - Bantam Camping AG","robots":{"index":"index","follow":"follow","max-snippet":"max-snippet:-1","max-image-preview":"max-image-preview:large","max-video-preview":"max-video-preview:-1"},"canonical":"https:\/\/shop.bantam.ch\/de\/produkt\/wandmarkise-f45-s-ohne-standardhalterung\/","og_locale":"de_DE","og_type":"article","og_title":"Wandmarkise F45 S ohne Standardhalterung - Bantam Camping AG","og_description":"Einfach zu montieren und in der Anwendung; die Markise F45 S verbindet zukunftsorientierte Technik mit der besten Qualit\u00e4t und dem besten Service. Kompakt im Design und in der Funktion, immer auf dem neuesten Stand und von h\u00f6chster Qualit\u00e4t, resistent und solide sowie sicher und praktisch im Gebrauch. Die sichtbare \u00d6se vereinfacht das Einh\u00e4ngen der Kurbel [&hellip;]","og_url":"https:\/\/shop.bantam.ch\/de\/produkt\/wandmarkise-f45-s-ohne-standardhalterung\/","og_site_name":"Bantam Camping AG","article_modified_time":"2026-04-17T22:51:02+00:00","og_image":[{"width":690,"height":460,"url":"https:\/\/shop.bantam.ch\/wp-content\/uploads\/2023\/05\/997075511.jpg","type":"image\/jpeg"}],"twitter_card":"summary_large_image","twitter_misc":{"Gesch\u00e4tzte Lesezeit":"1\u00a0Minute"},"schema":{"@context":"https:\/\/schema.org","@graph":[{"@type":"WebPage","@id":"https:\/\/shop.bantam.ch\/de\/produkt\/wandmarkise-f45-s-ohne-standardhalterung\/","url":"https:\/\/shop.bantam.ch\/de\/produkt\/wandmarkise-f45-s-ohne-standardhalterung\/","name":"Wandmarkise F45 S ohne Standardhalterung - Bantam Camping AG","isPartOf":{"@id":"https:\/\/shop.bantam.ch\/de\/#website"},"primaryImageOfPage":{"@id":"https:\/\/shop.bantam.ch\/de\/produkt\/wandmarkise-f45-s-ohne-standardhalterung\/#primaryimage"},"image":{"@id":"https:\/\/shop.bantam.ch\/de\/produkt\/wandmarkise-f45-s-ohne-standardhalterung\/#primaryimage"},"thumbnailUrl":"https:\/\/shop.bantam.ch\/wp-content\/uploads\/2023\/05\/997075511.jpg","datePublished":"2023-05-26T06:36:07+00:00","dateModified":"2026-04-17T22:51:02+00:00","breadcrumb":{"@id":"https:\/\/shop.bantam.ch\/de\/produkt\/wandmarkise-f45-s-ohne-standardhalterung\/#breadcrumb"},"inLanguage":"de","potentialAction":[{"@type":"ReadAction","target":["https:\/\/shop.bantam.ch\/de\/produkt\/wandmarkise-f45-s-ohne-standardhalterung\/"]}]},{"@type":"ImageObject","inLanguage":"de","@id":"https:\/\/shop.bantam.ch\/de\/produkt\/wandmarkise-f45-s-ohne-standardhalterung\/#primaryimage","url":"https:\/\/shop.bantam.ch\/wp-content\/uploads\/2023\/05\/997075511.jpg","contentUrl":"https:\/\/shop.bantam.ch\/wp-content\/uploads\/2023\/05\/997075511.jpg","width":690,"height":460},{"@type":"BreadcrumbList","@id":"https:\/\/shop.bantam.ch\/de\/produkt\/wandmarkise-f45-s-ohne-standardhalterung\/#breadcrumb","itemListElement":[{"@type":"ListItem","position":1,"name":"Accueil","item":"https:\/\/shop.bantam.ch\/de\/"},{"@type":"ListItem","position":2,"name":"Shop","item":"https:\/\/shop.bantam.ch\/de\/shop\/"},{"@type":"ListItem","position":3,"name":"Wandmarkise F45 S ohne Standardhalterung"}]},{"@type":"WebSite","@id":"https:\/\/shop.bantam.ch\/de\/#website","url":"https:\/\/shop.bantam.ch\/de\/","name":"Bantam Camping AG","description":"","publisher":{"@id":"https:\/\/shop.bantam.ch\/de\/#organization"},"inLanguage":"de"},{"@type":"Organization","@id":"https:\/\/shop.bantam.ch\/de\/#organization","name":"Bantam Camping AG","url":"https:\/\/shop.bantam.ch\/de\/","logo":{"@type":"ImageObject","inLanguage":"de","@id":"https:\/\/shop.bantam.ch\/de\/#\/schema\/logo\/image\/","url":"https:\/\/shop.bantam.ch\/wp-content\/uploads\/2022\/12\/bantam-logo.png","contentUrl":"https:\/\/shop.bantam.ch\/wp-content\/uploads\/2022\/12\/bantam-logo.png","width":320,"height":71,"caption":"Bantam Camping AG"},"image":{"@id":"https:\/\/shop.bantam.ch\/de\/#\/schema\/logo\/image\/"}}]}},"_links":{"self":[{"href":"https:\/\/shop.bantam.ch\/de\/wp-json\/wp\/v2\/product\/183673","targetHints":{"allow":["GET"]}}],"collection":[{"href":"https:\/\/shop.bantam.ch\/de\/wp-json\/wp\/v2\/product"}],"about":[{"href":"https:\/\/shop.bantam.ch\/de\/wp-json\/wp\/v2\/types\/product"}],"wp:featuredmedia":[{"embeddable":true,"href":"https:\/\/shop.bantam.ch\/de\/wp-json\/wp\/v2\/media\/183653"}],"wp:attachment":[{"href":"https:\/\/shop.bantam.ch\/de\/wp-json\/wp\/v2\/media?parent=183673"}],"wp:term":[{"taxonomy":"product_featured_cat","embeddable":true,"href":"https:\/\/shop.bantam.ch\/de\/wp-json\/wp\/v2\/product_featured_cat?post=183673"},{"taxonomy":"product_brand","embeddable":true,"href":"https:\/\/shop.bantam.ch\/de\/wp-json\/wp\/v2\/product_brand?post=183673"},{"taxonomy":"product_cat","embeddable":true,"href":"https:\/\/shop.bantam.ch\/de\/wp-json\/wp\/v2\/product_cat?post=183673"},{"taxonomy":"product_tag","embeddable":true,"href":"https:\/\/shop.bantam.ch\/de\/wp-json\/wp\/v2\/product_tag?post=183673"}],"curies":[{"name":"wp","href":"https:\/\/api.w.org\/{rel}","templated":true}]}}