{"id":182782,"date":"2023-05-26T01:31:26","date_gmt":"2023-05-25T23:31:26","guid":{"rendered":"https:\/\/shop.bantam.ch\/produit\/heizsystem-combi-d-combi-d-e-mit-inet-x-panel\/"},"modified":"2026-05-02T00:44:57","modified_gmt":"2026-05-01T22:44:57","slug":"heizsystem-combi-d-combi-d-e-mit-inet-x-panel","status":"publish","type":"product","link":"https:\/\/shop.bantam.ch\/de\/produkt\/heizsystem-combi-d-combi-d-e-mit-inet-x-panel\/","title":{"rendered":"Heizsystem Combi D, Combi D E mit iNet X Panel"},"content":{"rendered":"<p>Die Combi D 6 ist eine leistungsstarke Dieselheizung, mit der Sie zugleich Wasser erw\u00e4rmen k\u00f6nnen. Sie eignet sich besonders gut f\u00fcr gr\u00f6\u00dfere Reisemobile. Dieser arbeitet gebl\u00e4seunterst\u00fctzt, sodass die Wohnmobil-Heizung auch w\u00e4hrend der Fahrt funktioniert. Im Sommer k\u00f6nnen Sie nur die Warmwasserfunktion nutzen, ohne zu heizen.<\/p>\n<p>Die Combi D 6 ist \u00e4u\u00dferst kompakt gebaut und im Vergleich zu anderen Heizungen mit \u00e4hnlicher Leistung ein absolutes Leichtgewicht. Sie steuern Ihre Combi Heizung ganz einfach mit einem digitalen Bedienteil. In Kombination mit einer Truma Klimaanlage k\u00f6nnen Sie am Bedienteil auch die Funktion &#8222;Klimaautomatik&#8220; ausw\u00e4hlen. So haben Sie immer Ihre pers\u00f6nliche Wohlf\u00fchltemperatur im Fahrzeug.<\/p>\n<p>Die Combi Dieselheizung erhalten Sie auch mit integrierten elektrischen Heizst\u00e4ben in der Version Combi D 6 E.<\/p>\n<ul>\n<li>Combi D 6 l\u00e4sst sich auch mit leerem Wasserbeh\u00e4lter betreiben<\/li>\n<li>Ablassventil FrostControl verbaut<\/li>\n<li>Temperatur stufenlos regeln mit dem digitalen Bedienteil CP plus<\/li>\n<li>Klimaautomatik m\u00f6glich bei Verwendung eines Truma Klimasystems<\/li>\n<\/ul>\n<p>Lieferumfang:<br \/>Inklusive iNet X Panel Heizung (ohne Abgasf\u00fchrung und Wasserset)<br \/>komplett mit iNet X Panel<br \/>Anschlusskabel<br \/>12 V Anschlusskabel<br \/>Anleitung<\/p>\n","protected":false},"excerpt":{"rendered":"<p>Die Combi D 6 ist eine leistungsstarke Dieselheizung, mit der Sie zugleich Wasser erw\u00e4rmen k\u00f6nnen. Sie eignet sich besonders gut f\u00fcr gr\u00f6\u00dfere Reisemobile. Dieser arbeitet gebl\u00e4seunterst\u00fctzt, sodass die Wohnmobil-Heizung auch w\u00e4hrend der Fahrt funktioniert. Im Sommer k\u00f6nnen Sie nur die Warmwasserfunktion nutzen, ohne zu heizen. Die Combi D 6 ist \u00e4u\u00dferst kompakt gebaut und im [&hellip;]<\/p>\n","protected":false},"featured_media":182766,"template":"","meta":{"_acf_changed":false},"product_featured_cat":[],"product_brand":[3027],"product_cat":[4540],"product_tag":[],"class_list":{"0":"post-182782","1":"product","2":"type-product","3":"status-publish","4":"has-post-thumbnail","6":"product_brand-truma-de","7":"product_cat-dieselheizungen","9":"first","10":"instock","11":"sale","12":"taxable","13":"shipping-taxable","14":"purchasable","15":"product-type-variable"},"acf":[],"yoast_head":"<!-- This site is optimized with the Yoast SEO plugin v27.5 - https:\/\/yoast.com\/product\/yoast-seo-wordpress\/ -->\n<title>Heizsystem Combi D, Combi D E mit iNet X Panel - Bantam<\/title>\n<meta name=\"robots\" content=\"index, follow, max-snippet:-1, max-image-preview:large, max-video-preview:-1\" \/>\n<link rel=\"canonical\" href=\"https:\/\/shop.bantam.ch\/de\/produkt\/heizsystem-combi-d-combi-d-e-mit-inet-x-panel\/\" \/>\n<meta property=\"og:locale\" content=\"de_DE\" \/>\n<meta property=\"og:type\" content=\"article\" \/>\n<meta property=\"og:title\" content=\"Heizsystem Combi D, Combi D E mit iNet X Panel - Bantam\" \/>\n<meta property=\"og:description\" content=\"Die Combi D 6 ist eine leistungsstarke Dieselheizung, mit der Sie zugleich Wasser erw\u00e4rmen k\u00f6nnen. Sie eignet sich besonders gut f\u00fcr gr\u00f6\u00dfere Reisemobile. Dieser arbeitet gebl\u00e4seunterst\u00fctzt, sodass die Wohnmobil-Heizung auch w\u00e4hrend der Fahrt funktioniert. Im Sommer k\u00f6nnen Sie nur die Warmwasserfunktion nutzen, ohne zu heizen. Die Combi D 6 ist \u00e4u\u00dferst kompakt gebaut und im [&hellip;]\" \/>\n<meta property=\"og:url\" content=\"https:\/\/shop.bantam.ch\/de\/produkt\/heizsystem-combi-d-combi-d-e-mit-inet-x-panel\/\" \/>\n<meta property=\"og:site_name\" content=\"Bantam\" \/>\n<meta property=\"article:modified_time\" content=\"2026-05-01T22:44:57+00:00\" \/>\n<meta property=\"og:image\" content=\"https:\/\/shop.bantam.ch\/wp-content\/uploads\/2023\/05\/997040911.jpg\" \/>\n\t<meta property=\"og:image:width\" content=\"1000\" \/>\n\t<meta property=\"og:image:height\" content=\"1000\" \/>\n\t<meta property=\"og:image:type\" content=\"image\/jpeg\" \/>\n<meta name=\"twitter:card\" content=\"summary_large_image\" \/>\n<meta name=\"twitter:label1\" content=\"Gesch\u00e4tzte Lesezeit\" \/>\n\t<meta name=\"twitter:data1\" content=\"1\u00a0Minute\" \/>\n<script type=\"application\/ld+json\" class=\"yoast-schema-graph\">{\"@context\":\"https:\\\/\\\/schema.org\",\"@graph\":[{\"@type\":\"WebPage\",\"@id\":\"https:\\\/\\\/shop.bantam.ch\\\/de\\\/produkt\\\/heizsystem-combi-d-combi-d-e-mit-inet-x-panel\\\/\",\"url\":\"https:\\\/\\\/shop.bantam.ch\\\/de\\\/produkt\\\/heizsystem-combi-d-combi-d-e-mit-inet-x-panel\\\/\",\"name\":\"Heizsystem Combi D, Combi D E mit iNet X Panel - Bantam\",\"isPartOf\":{\"@id\":\"https:\\\/\\\/shop.bantam.ch\\\/de\\\/#website\"},\"primaryImageOfPage\":{\"@id\":\"https:\\\/\\\/shop.bantam.ch\\\/de\\\/produkt\\\/heizsystem-combi-d-combi-d-e-mit-inet-x-panel\\\/#primaryimage\"},\"image\":{\"@id\":\"https:\\\/\\\/shop.bantam.ch\\\/de\\\/produkt\\\/heizsystem-combi-d-combi-d-e-mit-inet-x-panel\\\/#primaryimage\"},\"thumbnailUrl\":\"https:\\\/\\\/shop.bantam.ch\\\/wp-content\\\/uploads\\\/2023\\\/05\\\/997040911.jpg\",\"datePublished\":\"2023-05-25T23:31:26+00:00\",\"dateModified\":\"2026-05-01T22:44:57+00:00\",\"breadcrumb\":{\"@id\":\"https:\\\/\\\/shop.bantam.ch\\\/de\\\/produkt\\\/heizsystem-combi-d-combi-d-e-mit-inet-x-panel\\\/#breadcrumb\"},\"inLanguage\":\"de\",\"potentialAction\":[{\"@type\":\"ReadAction\",\"target\":[\"https:\\\/\\\/shop.bantam.ch\\\/de\\\/produkt\\\/heizsystem-combi-d-combi-d-e-mit-inet-x-panel\\\/\"]}]},{\"@type\":\"ImageObject\",\"inLanguage\":\"de\",\"@id\":\"https:\\\/\\\/shop.bantam.ch\\\/de\\\/produkt\\\/heizsystem-combi-d-combi-d-e-mit-inet-x-panel\\\/#primaryimage\",\"url\":\"https:\\\/\\\/shop.bantam.ch\\\/wp-content\\\/uploads\\\/2023\\\/05\\\/997040911.jpg\",\"contentUrl\":\"https:\\\/\\\/shop.bantam.ch\\\/wp-content\\\/uploads\\\/2023\\\/05\\\/997040911.jpg\",\"width\":1000,\"height\":1000},{\"@type\":\"BreadcrumbList\",\"@id\":\"https:\\\/\\\/shop.bantam.ch\\\/de\\\/produkt\\\/heizsystem-combi-d-combi-d-e-mit-inet-x-panel\\\/#breadcrumb\",\"itemListElement\":[{\"@type\":\"ListItem\",\"position\":1,\"name\":\"Accueil\",\"item\":\"https:\\\/\\\/shop.bantam.ch\\\/de\\\/\"},{\"@type\":\"ListItem\",\"position\":2,\"name\":\"Shop\",\"item\":\"https:\\\/\\\/shop.bantam.ch\\\/de\\\/shop\\\/\"},{\"@type\":\"ListItem\",\"position\":3,\"name\":\"Heizsystem Combi D, Combi D E mit iNet X Panel\"}]},{\"@type\":\"WebSite\",\"@id\":\"https:\\\/\\\/shop.bantam.ch\\\/de\\\/#website\",\"url\":\"https:\\\/\\\/shop.bantam.ch\\\/de\\\/\",\"name\":\"Bantam\",\"description\":\"\",\"publisher\":{\"@id\":\"https:\\\/\\\/shop.bantam.ch\\\/de\\\/#organization\"},\"inLanguage\":\"de\"},{\"@type\":\"Organization\",\"@id\":\"https:\\\/\\\/shop.bantam.ch\\\/de\\\/#organization\",\"name\":\"Bantam\",\"url\":\"https:\\\/\\\/shop.bantam.ch\\\/de\\\/\",\"logo\":{\"@type\":\"ImageObject\",\"inLanguage\":\"de\",\"@id\":\"https:\\\/\\\/shop.bantam.ch\\\/de\\\/#\\\/schema\\\/logo\\\/image\\\/\",\"url\":\"https:\\\/\\\/shop.bantam.ch\\\/wp-content\\\/uploads\\\/2022\\\/12\\\/bantam-logo.png\",\"contentUrl\":\"https:\\\/\\\/shop.bantam.ch\\\/wp-content\\\/uploads\\\/2022\\\/12\\\/bantam-logo.png\",\"width\":320,\"height\":71,\"caption\":\"Bantam\"},\"image\":{\"@id\":\"https:\\\/\\\/shop.bantam.ch\\\/de\\\/#\\\/schema\\\/logo\\\/image\\\/\"}}]}<\/script>\n<!-- \/ Yoast SEO plugin. -->","yoast_head_json":{"title":"Heizsystem Combi D, Combi D E mit iNet X Panel - Bantam","robots":{"index":"index","follow":"follow","max-snippet":"max-snippet:-1","max-image-preview":"max-image-preview:large","max-video-preview":"max-video-preview:-1"},"canonical":"https:\/\/shop.bantam.ch\/de\/produkt\/heizsystem-combi-d-combi-d-e-mit-inet-x-panel\/","og_locale":"de_DE","og_type":"article","og_title":"Heizsystem Combi D, Combi D E mit iNet X Panel - Bantam","og_description":"Die Combi D 6 ist eine leistungsstarke Dieselheizung, mit der Sie zugleich Wasser erw\u00e4rmen k\u00f6nnen. Sie eignet sich besonders gut f\u00fcr gr\u00f6\u00dfere Reisemobile. Dieser arbeitet gebl\u00e4seunterst\u00fctzt, sodass die Wohnmobil-Heizung auch w\u00e4hrend der Fahrt funktioniert. Im Sommer k\u00f6nnen Sie nur die Warmwasserfunktion nutzen, ohne zu heizen. Die Combi D 6 ist \u00e4u\u00dferst kompakt gebaut und im [&hellip;]","og_url":"https:\/\/shop.bantam.ch\/de\/produkt\/heizsystem-combi-d-combi-d-e-mit-inet-x-panel\/","og_site_name":"Bantam","article_modified_time":"2026-05-01T22:44:57+00:00","og_image":[{"width":1000,"height":1000,"url":"https:\/\/shop.bantam.ch\/wp-content\/uploads\/2023\/05\/997040911.jpg","type":"image\/jpeg"}],"twitter_card":"summary_large_image","twitter_misc":{"Gesch\u00e4tzte Lesezeit":"1\u00a0Minute"},"schema":{"@context":"https:\/\/schema.org","@graph":[{"@type":"WebPage","@id":"https:\/\/shop.bantam.ch\/de\/produkt\/heizsystem-combi-d-combi-d-e-mit-inet-x-panel\/","url":"https:\/\/shop.bantam.ch\/de\/produkt\/heizsystem-combi-d-combi-d-e-mit-inet-x-panel\/","name":"Heizsystem Combi D, Combi D E mit iNet X Panel - Bantam","isPartOf":{"@id":"https:\/\/shop.bantam.ch\/de\/#website"},"primaryImageOfPage":{"@id":"https:\/\/shop.bantam.ch\/de\/produkt\/heizsystem-combi-d-combi-d-e-mit-inet-x-panel\/#primaryimage"},"image":{"@id":"https:\/\/shop.bantam.ch\/de\/produkt\/heizsystem-combi-d-combi-d-e-mit-inet-x-panel\/#primaryimage"},"thumbnailUrl":"https:\/\/shop.bantam.ch\/wp-content\/uploads\/2023\/05\/997040911.jpg","datePublished":"2023-05-25T23:31:26+00:00","dateModified":"2026-05-01T22:44:57+00:00","breadcrumb":{"@id":"https:\/\/shop.bantam.ch\/de\/produkt\/heizsystem-combi-d-combi-d-e-mit-inet-x-panel\/#breadcrumb"},"inLanguage":"de","potentialAction":[{"@type":"ReadAction","target":["https:\/\/shop.bantam.ch\/de\/produkt\/heizsystem-combi-d-combi-d-e-mit-inet-x-panel\/"]}]},{"@type":"ImageObject","inLanguage":"de","@id":"https:\/\/shop.bantam.ch\/de\/produkt\/heizsystem-combi-d-combi-d-e-mit-inet-x-panel\/#primaryimage","url":"https:\/\/shop.bantam.ch\/wp-content\/uploads\/2023\/05\/997040911.jpg","contentUrl":"https:\/\/shop.bantam.ch\/wp-content\/uploads\/2023\/05\/997040911.jpg","width":1000,"height":1000},{"@type":"BreadcrumbList","@id":"https:\/\/shop.bantam.ch\/de\/produkt\/heizsystem-combi-d-combi-d-e-mit-inet-x-panel\/#breadcrumb","itemListElement":[{"@type":"ListItem","position":1,"name":"Accueil","item":"https:\/\/shop.bantam.ch\/de\/"},{"@type":"ListItem","position":2,"name":"Shop","item":"https:\/\/shop.bantam.ch\/de\/shop\/"},{"@type":"ListItem","position":3,"name":"Heizsystem Combi D, Combi D E mit iNet X Panel"}]},{"@type":"WebSite","@id":"https:\/\/shop.bantam.ch\/de\/#website","url":"https:\/\/shop.bantam.ch\/de\/","name":"Bantam","description":"","publisher":{"@id":"https:\/\/shop.bantam.ch\/de\/#organization"},"inLanguage":"de"},{"@type":"Organization","@id":"https:\/\/shop.bantam.ch\/de\/#organization","name":"Bantam","url":"https:\/\/shop.bantam.ch\/de\/","logo":{"@type":"ImageObject","inLanguage":"de","@id":"https:\/\/shop.bantam.ch\/de\/#\/schema\/logo\/image\/","url":"https:\/\/shop.bantam.ch\/wp-content\/uploads\/2022\/12\/bantam-logo.png","contentUrl":"https:\/\/shop.bantam.ch\/wp-content\/uploads\/2022\/12\/bantam-logo.png","width":320,"height":71,"caption":"Bantam"},"image":{"@id":"https:\/\/shop.bantam.ch\/de\/#\/schema\/logo\/image\/"}}]}},"_links":{"self":[{"href":"https:\/\/shop.bantam.ch\/de\/wp-json\/wp\/v2\/product\/182782","targetHints":{"allow":["GET"]}}],"collection":[{"href":"https:\/\/shop.bantam.ch\/de\/wp-json\/wp\/v2\/product"}],"about":[{"href":"https:\/\/shop.bantam.ch\/de\/wp-json\/wp\/v2\/types\/product"}],"wp:featuredmedia":[{"embeddable":true,"href":"https:\/\/shop.bantam.ch\/de\/wp-json\/wp\/v2\/media\/182766"}],"wp:attachment":[{"href":"https:\/\/shop.bantam.ch\/de\/wp-json\/wp\/v2\/media?parent=182782"}],"wp:term":[{"taxonomy":"product_featured_cat","embeddable":true,"href":"https:\/\/shop.bantam.ch\/de\/wp-json\/wp\/v2\/product_featured_cat?post=182782"},{"taxonomy":"product_brand","embeddable":true,"href":"https:\/\/shop.bantam.ch\/de\/wp-json\/wp\/v2\/product_brand?post=182782"},{"taxonomy":"product_cat","embeddable":true,"href":"https:\/\/shop.bantam.ch\/de\/wp-json\/wp\/v2\/product_cat?post=182782"},{"taxonomy":"product_tag","embeddable":true,"href":"https:\/\/shop.bantam.ch\/de\/wp-json\/wp\/v2\/product_tag?post=182782"}],"curies":[{"name":"wp","href":"https:\/\/api.w.org\/{rel}","templated":true}]}}