{"id":181474,"date":"2023-05-26T00:37:56","date_gmt":"2023-05-25T22:37:56","guid":{"rendered":"https:\/\/shop.bantam.ch\/produit\/essenvorbereitungsset-nest-plus-9-teilig-multicolour\/"},"modified":"2026-05-10T22:45:38","modified_gmt":"2026-05-10T20:45:38","slug":"essenvorbereitungsset-nest-plus-9-teilig-multicolour","status":"publish","type":"product","link":"https:\/\/shop.bantam.ch\/de\/produkt\/essenvorbereitungsset-nest-plus-9-teilig-multicolour\/","title":{"rendered":"Essenvorbereitung JosephJoseph Set Nest\u2122 Plus 9-teilig Farbe multicolour"},"content":{"rendered":"<p>Das 9-teilige Set besteht aus verschiedenen R\u00fchrsch\u00fcsseln, Sieben und Messbechern. R\u00fchrsch\u00fcsseln mit rutschfester Unterseite und breiten Griffen, kleine R\u00fchrsch\u00fcssel mit Messskala an der Innenseite und Ausguss. Das Sieb hat ein feines Gitter aus Edelstahl, der Durchschlag gro\u00dfe L\u00f6cher. Alle Elemente lassen sich leicht ineinander stapeln, wodurch sie kaum Platz einnehmen.<\/p>\n","protected":false},"excerpt":{"rendered":"<p>Das 9-teilige Set besteht aus verschiedenen R\u00fchrsch\u00fcsseln, Sieben und Messbechern. R\u00fchrsch\u00fcsseln mit rutschfester Unterseite und breiten Griffen, kleine R\u00fchrsch\u00fcssel mit Messskala an der Innenseite und Ausguss. Das Sieb hat ein feines Gitter aus Edelstahl, der Durchschlag gro\u00dfe L\u00f6cher. Alle Elemente lassen sich leicht ineinander stapeln, wodurch sie kaum Platz einnehmen.<\/p>\n","protected":false},"featured_media":181464,"template":"","meta":{"_acf_changed":false},"product_featured_cat":[],"product_brand":[3413],"product_cat":[4286],"product_tag":[],"class_list":{"0":"post-181474","1":"product","2":"type-product","3":"status-publish","4":"has-post-thumbnail","6":"product_brand-joseph-joseph-de","7":"product_cat-kuechenhelfer","9":"first","10":"instock","11":"taxable","12":"shipping-taxable","13":"purchasable","14":"product-type-simple"},"acf":[],"yoast_head":"<!-- This site is optimized with the Yoast SEO plugin v27.5 - https:\/\/yoast.com\/product\/yoast-seo-wordpress\/ -->\n<title>Essenvorbereitung JosephJoseph Set Nest\u2122 Plus 9-teilig Farbe multicolour - Bantam<\/title>\n<meta name=\"robots\" content=\"index, follow, max-snippet:-1, max-image-preview:large, max-video-preview:-1\" \/>\n<link rel=\"canonical\" href=\"https:\/\/shop.bantam.ch\/de\/produkt\/essenvorbereitungsset-nest-plus-9-teilig-multicolour\/\" \/>\n<meta property=\"og:locale\" content=\"de_DE\" \/>\n<meta property=\"og:type\" content=\"article\" \/>\n<meta property=\"og:title\" content=\"Essenvorbereitung JosephJoseph Set Nest\u2122 Plus 9-teilig Farbe multicolour - Bantam\" \/>\n<meta property=\"og:description\" content=\"Das 9-teilige Set besteht aus verschiedenen R\u00fchrsch\u00fcsseln, Sieben und Messbechern. R\u00fchrsch\u00fcsseln mit rutschfester Unterseite und breiten Griffen, kleine R\u00fchrsch\u00fcssel mit Messskala an der Innenseite und Ausguss. Das Sieb hat ein feines Gitter aus Edelstahl, der Durchschlag gro\u00dfe L\u00f6cher. Alle Elemente lassen sich leicht ineinander stapeln, wodurch sie kaum Platz einnehmen.\" \/>\n<meta property=\"og:url\" content=\"https:\/\/shop.bantam.ch\/de\/produkt\/essenvorbereitungsset-nest-plus-9-teilig-multicolour\/\" \/>\n<meta property=\"og:site_name\" content=\"Bantam\" \/>\n<meta property=\"article:modified_time\" content=\"2026-05-10T20:45:38+00:00\" \/>\n<meta property=\"og:image\" content=\"https:\/\/shop.bantam.ch\/wp-content\/uploads\/2023\/05\/998427411.jpg\" \/>\n\t<meta property=\"og:image:width\" content=\"366\" \/>\n\t<meta property=\"og:image:height\" content=\"1000\" \/>\n\t<meta property=\"og:image:type\" content=\"image\/jpeg\" \/>\n<meta name=\"twitter:card\" content=\"summary_large_image\" \/>\n<script type=\"application\/ld+json\" class=\"yoast-schema-graph\">{\"@context\":\"https:\\\/\\\/schema.org\",\"@graph\":[{\"@type\":\"WebPage\",\"@id\":\"https:\\\/\\\/shop.bantam.ch\\\/de\\\/produkt\\\/essenvorbereitungsset-nest-plus-9-teilig-multicolour\\\/\",\"url\":\"https:\\\/\\\/shop.bantam.ch\\\/de\\\/produkt\\\/essenvorbereitungsset-nest-plus-9-teilig-multicolour\\\/\",\"name\":\"Essenvorbereitung JosephJoseph Set Nest\u2122 Plus 9-teilig Farbe multicolour - Bantam\",\"isPartOf\":{\"@id\":\"https:\\\/\\\/shop.bantam.ch\\\/de\\\/#website\"},\"primaryImageOfPage\":{\"@id\":\"https:\\\/\\\/shop.bantam.ch\\\/de\\\/produkt\\\/essenvorbereitungsset-nest-plus-9-teilig-multicolour\\\/#primaryimage\"},\"image\":{\"@id\":\"https:\\\/\\\/shop.bantam.ch\\\/de\\\/produkt\\\/essenvorbereitungsset-nest-plus-9-teilig-multicolour\\\/#primaryimage\"},\"thumbnailUrl\":\"https:\\\/\\\/shop.bantam.ch\\\/wp-content\\\/uploads\\\/2023\\\/05\\\/998427411.jpg\",\"datePublished\":\"2023-05-25T22:37:56+00:00\",\"dateModified\":\"2026-05-10T20:45:38+00:00\",\"breadcrumb\":{\"@id\":\"https:\\\/\\\/shop.bantam.ch\\\/de\\\/produkt\\\/essenvorbereitungsset-nest-plus-9-teilig-multicolour\\\/#breadcrumb\"},\"inLanguage\":\"de\",\"potentialAction\":[{\"@type\":\"ReadAction\",\"target\":[\"https:\\\/\\\/shop.bantam.ch\\\/de\\\/produkt\\\/essenvorbereitungsset-nest-plus-9-teilig-multicolour\\\/\"]}]},{\"@type\":\"ImageObject\",\"inLanguage\":\"de\",\"@id\":\"https:\\\/\\\/shop.bantam.ch\\\/de\\\/produkt\\\/essenvorbereitungsset-nest-plus-9-teilig-multicolour\\\/#primaryimage\",\"url\":\"https:\\\/\\\/shop.bantam.ch\\\/wp-content\\\/uploads\\\/2023\\\/05\\\/998427411.jpg\",\"contentUrl\":\"https:\\\/\\\/shop.bantam.ch\\\/wp-content\\\/uploads\\\/2023\\\/05\\\/998427411.jpg\",\"width\":366,\"height\":1000},{\"@type\":\"BreadcrumbList\",\"@id\":\"https:\\\/\\\/shop.bantam.ch\\\/de\\\/produkt\\\/essenvorbereitungsset-nest-plus-9-teilig-multicolour\\\/#breadcrumb\",\"itemListElement\":[{\"@type\":\"ListItem\",\"position\":1,\"name\":\"Accueil\",\"item\":\"https:\\\/\\\/shop.bantam.ch\\\/de\\\/\"},{\"@type\":\"ListItem\",\"position\":2,\"name\":\"Shop\",\"item\":\"https:\\\/\\\/shop.bantam.ch\\\/de\\\/shop\\\/\"},{\"@type\":\"ListItem\",\"position\":3,\"name\":\"Essenvorbereitung JosephJoseph Set Nest\u2122 Plus 9-teilig Farbe multicolour\"}]},{\"@type\":\"WebSite\",\"@id\":\"https:\\\/\\\/shop.bantam.ch\\\/de\\\/#website\",\"url\":\"https:\\\/\\\/shop.bantam.ch\\\/de\\\/\",\"name\":\"Bantam\",\"description\":\"\",\"publisher\":{\"@id\":\"https:\\\/\\\/shop.bantam.ch\\\/de\\\/#organization\"},\"inLanguage\":\"de\"},{\"@type\":\"Organization\",\"@id\":\"https:\\\/\\\/shop.bantam.ch\\\/de\\\/#organization\",\"name\":\"Bantam\",\"url\":\"https:\\\/\\\/shop.bantam.ch\\\/de\\\/\",\"logo\":{\"@type\":\"ImageObject\",\"inLanguage\":\"de\",\"@id\":\"https:\\\/\\\/shop.bantam.ch\\\/de\\\/#\\\/schema\\\/logo\\\/image\\\/\",\"url\":\"https:\\\/\\\/shop.bantam.ch\\\/wp-content\\\/uploads\\\/2022\\\/12\\\/bantam-logo.png\",\"contentUrl\":\"https:\\\/\\\/shop.bantam.ch\\\/wp-content\\\/uploads\\\/2022\\\/12\\\/bantam-logo.png\",\"width\":320,\"height\":71,\"caption\":\"Bantam\"},\"image\":{\"@id\":\"https:\\\/\\\/shop.bantam.ch\\\/de\\\/#\\\/schema\\\/logo\\\/image\\\/\"}}]}<\/script>\n<!-- \/ Yoast SEO plugin. -->","yoast_head_json":{"title":"Essenvorbereitung JosephJoseph Set Nest\u2122 Plus 9-teilig Farbe multicolour - Bantam","robots":{"index":"index","follow":"follow","max-snippet":"max-snippet:-1","max-image-preview":"max-image-preview:large","max-video-preview":"max-video-preview:-1"},"canonical":"https:\/\/shop.bantam.ch\/de\/produkt\/essenvorbereitungsset-nest-plus-9-teilig-multicolour\/","og_locale":"de_DE","og_type":"article","og_title":"Essenvorbereitung JosephJoseph Set Nest\u2122 Plus 9-teilig Farbe multicolour - Bantam","og_description":"Das 9-teilige Set besteht aus verschiedenen R\u00fchrsch\u00fcsseln, Sieben und Messbechern. R\u00fchrsch\u00fcsseln mit rutschfester Unterseite und breiten Griffen, kleine R\u00fchrsch\u00fcssel mit Messskala an der Innenseite und Ausguss. Das Sieb hat ein feines Gitter aus Edelstahl, der Durchschlag gro\u00dfe L\u00f6cher. Alle Elemente lassen sich leicht ineinander stapeln, wodurch sie kaum Platz einnehmen.","og_url":"https:\/\/shop.bantam.ch\/de\/produkt\/essenvorbereitungsset-nest-plus-9-teilig-multicolour\/","og_site_name":"Bantam","article_modified_time":"2026-05-10T20:45:38+00:00","og_image":[{"width":366,"height":1000,"url":"https:\/\/shop.bantam.ch\/wp-content\/uploads\/2023\/05\/998427411.jpg","type":"image\/jpeg"}],"twitter_card":"summary_large_image","schema":{"@context":"https:\/\/schema.org","@graph":[{"@type":"WebPage","@id":"https:\/\/shop.bantam.ch\/de\/produkt\/essenvorbereitungsset-nest-plus-9-teilig-multicolour\/","url":"https:\/\/shop.bantam.ch\/de\/produkt\/essenvorbereitungsset-nest-plus-9-teilig-multicolour\/","name":"Essenvorbereitung JosephJoseph Set Nest\u2122 Plus 9-teilig Farbe multicolour - Bantam","isPartOf":{"@id":"https:\/\/shop.bantam.ch\/de\/#website"},"primaryImageOfPage":{"@id":"https:\/\/shop.bantam.ch\/de\/produkt\/essenvorbereitungsset-nest-plus-9-teilig-multicolour\/#primaryimage"},"image":{"@id":"https:\/\/shop.bantam.ch\/de\/produkt\/essenvorbereitungsset-nest-plus-9-teilig-multicolour\/#primaryimage"},"thumbnailUrl":"https:\/\/shop.bantam.ch\/wp-content\/uploads\/2023\/05\/998427411.jpg","datePublished":"2023-05-25T22:37:56+00:00","dateModified":"2026-05-10T20:45:38+00:00","breadcrumb":{"@id":"https:\/\/shop.bantam.ch\/de\/produkt\/essenvorbereitungsset-nest-plus-9-teilig-multicolour\/#breadcrumb"},"inLanguage":"de","potentialAction":[{"@type":"ReadAction","target":["https:\/\/shop.bantam.ch\/de\/produkt\/essenvorbereitungsset-nest-plus-9-teilig-multicolour\/"]}]},{"@type":"ImageObject","inLanguage":"de","@id":"https:\/\/shop.bantam.ch\/de\/produkt\/essenvorbereitungsset-nest-plus-9-teilig-multicolour\/#primaryimage","url":"https:\/\/shop.bantam.ch\/wp-content\/uploads\/2023\/05\/998427411.jpg","contentUrl":"https:\/\/shop.bantam.ch\/wp-content\/uploads\/2023\/05\/998427411.jpg","width":366,"height":1000},{"@type":"BreadcrumbList","@id":"https:\/\/shop.bantam.ch\/de\/produkt\/essenvorbereitungsset-nest-plus-9-teilig-multicolour\/#breadcrumb","itemListElement":[{"@type":"ListItem","position":1,"name":"Accueil","item":"https:\/\/shop.bantam.ch\/de\/"},{"@type":"ListItem","position":2,"name":"Shop","item":"https:\/\/shop.bantam.ch\/de\/shop\/"},{"@type":"ListItem","position":3,"name":"Essenvorbereitung JosephJoseph Set Nest\u2122 Plus 9-teilig Farbe multicolour"}]},{"@type":"WebSite","@id":"https:\/\/shop.bantam.ch\/de\/#website","url":"https:\/\/shop.bantam.ch\/de\/","name":"Bantam","description":"","publisher":{"@id":"https:\/\/shop.bantam.ch\/de\/#organization"},"inLanguage":"de"},{"@type":"Organization","@id":"https:\/\/shop.bantam.ch\/de\/#organization","name":"Bantam","url":"https:\/\/shop.bantam.ch\/de\/","logo":{"@type":"ImageObject","inLanguage":"de","@id":"https:\/\/shop.bantam.ch\/de\/#\/schema\/logo\/image\/","url":"https:\/\/shop.bantam.ch\/wp-content\/uploads\/2022\/12\/bantam-logo.png","contentUrl":"https:\/\/shop.bantam.ch\/wp-content\/uploads\/2022\/12\/bantam-logo.png","width":320,"height":71,"caption":"Bantam"},"image":{"@id":"https:\/\/shop.bantam.ch\/de\/#\/schema\/logo\/image\/"}}]}},"_links":{"self":[{"href":"https:\/\/shop.bantam.ch\/de\/wp-json\/wp\/v2\/product\/181474","targetHints":{"allow":["GET"]}}],"collection":[{"href":"https:\/\/shop.bantam.ch\/de\/wp-json\/wp\/v2\/product"}],"about":[{"href":"https:\/\/shop.bantam.ch\/de\/wp-json\/wp\/v2\/types\/product"}],"wp:featuredmedia":[{"embeddable":true,"href":"https:\/\/shop.bantam.ch\/de\/wp-json\/wp\/v2\/media\/181464"}],"wp:attachment":[{"href":"https:\/\/shop.bantam.ch\/de\/wp-json\/wp\/v2\/media?parent=181474"}],"wp:term":[{"taxonomy":"product_featured_cat","embeddable":true,"href":"https:\/\/shop.bantam.ch\/de\/wp-json\/wp\/v2\/product_featured_cat?post=181474"},{"taxonomy":"product_brand","embeddable":true,"href":"https:\/\/shop.bantam.ch\/de\/wp-json\/wp\/v2\/product_brand?post=181474"},{"taxonomy":"product_cat","embeddable":true,"href":"https:\/\/shop.bantam.ch\/de\/wp-json\/wp\/v2\/product_cat?post=181474"},{"taxonomy":"product_tag","embeddable":true,"href":"https:\/\/shop.bantam.ch\/de\/wp-json\/wp\/v2\/product_tag?post=181474"}],"curies":[{"name":"wp","href":"https:\/\/api.w.org\/{rel}","templated":true}]}}