{"id":180788,"date":"2023-05-25T23:55:21","date_gmt":"2023-05-25T21:55:21","guid":{"rendered":"https:\/\/shop.bantam.ch\/produit\/zeltteppich-yurop-soft-gruen\/"},"modified":"2026-04-18T00:47:12","modified_gmt":"2026-04-17T22:47:12","slug":"zeltteppich-yurop-soft-gruen","status":"publish","type":"product","link":"https:\/\/shop.bantam.ch\/de\/produkt\/zeltteppich-yurop-soft-gruen\/","title":{"rendered":"Zeltteppich Yurop Soft, gr\u00fcn"},"content":{"rendered":"<p data-start=\"42\" data-end=\"377\">Der <span data-start=\"46\" data-end=\"55\">Yurop<\/span>-Bodenbelag geh\u00f6rt zu den Klassikern unter den Campingzubeh\u00f6rartikeln.\u00a0Dank seiner Robustheit, Flexibilit\u00e4t und seines angenehmen Gehkomforts bietet er eine \u00e4u\u00dferst benutzerfreundliche L\u00f6sung, um den Boden von Zelten oder Vorzelten elegant und komfortabel auszustatten.\u00a0Erh\u00e4ltlich in verschiedenen Gr\u00f6\u00dfen und Farben.\u00a0Details :\u00a0Rei\u00dffest.\u00a0Rutschfest.\u00a0Atmungsaktiv.\u00a0UV-best\u00e4ndig.\u00a0Verrottungsfest.\u00a0450 g\/m\u00b2.\u00a0Leicht zu reinigen.\u00a0Zuschneidbar.\u00a0Angenehmer Gehkomfort.\u00a0Mit wiederverwendbarer Tragetasche. 100 % Polyvinylchlorid mit Polyestergewebe.\u00a0Phthalatfrei.<\/p>\n","protected":false},"excerpt":{"rendered":"<p>Der Yurop-Bodenbelag geh\u00f6rt zu den Klassikern unter den Campingzubeh\u00f6rartikeln.\u00a0Dank seiner Robustheit, Flexibilit\u00e4t und seines angenehmen Gehkomforts bietet er eine \u00e4u\u00dferst benutzerfreundliche L\u00f6sung, um den Boden von Zelten oder Vorzelten elegant und komfortabel auszustatten.\u00a0Erh\u00e4ltlich in verschiedenen Gr\u00f6\u00dfen und Farben.\u00a0Details :\u00a0Rei\u00dffest.\u00a0Rutschfest.\u00a0Atmungsaktiv.\u00a0UV-best\u00e4ndig.\u00a0Verrottungsfest.\u00a0450 g\/m\u00b2.\u00a0Leicht zu reinigen.\u00a0Zuschneidbar.\u00a0Angenehmer Gehkomfort.\u00a0Mit wiederverwendbarer Tragetasche. 100 % Polyvinylchlorid mit Polyestergewebe.\u00a0Phthalatfrei.<\/p>\n","protected":false},"featured_media":221953,"template":"","meta":{"_acf_changed":false},"product_featured_cat":[],"product_brand":[3081],"product_cat":[4262],"product_tag":[],"class_list":{"0":"post-180788","1":"product","2":"type-product","3":"status-publish","4":"has-post-thumbnail","6":"product_brand-brunner-de","7":"product_cat-zeltteppiche-boeden","9":"first","10":"instock","11":"taxable","12":"shipping-taxable","13":"purchasable","14":"product-type-variable"},"acf":[],"yoast_head":"<!-- This site is optimized with the Yoast SEO plugin v27.4 - https:\/\/yoast.com\/product\/yoast-seo-wordpress\/ -->\n<title>Zeltteppich Yurop Soft, gr\u00fcn - Bantam Camping AG<\/title>\n<meta name=\"robots\" content=\"index, follow, max-snippet:-1, max-image-preview:large, max-video-preview:-1\" \/>\n<link rel=\"canonical\" href=\"https:\/\/shop.bantam.ch\/de\/produkt\/zeltteppich-yurop-soft-gruen\/\" \/>\n<meta property=\"og:locale\" content=\"de_DE\" \/>\n<meta property=\"og:type\" content=\"article\" \/>\n<meta property=\"og:title\" content=\"Zeltteppich Yurop Soft, gr\u00fcn - Bantam Camping AG\" \/>\n<meta property=\"og:description\" content=\"Der Yurop-Bodenbelag geh\u00f6rt zu den Klassikern unter den Campingzubeh\u00f6rartikeln.\u00a0Dank seiner Robustheit, Flexibilit\u00e4t und seines angenehmen Gehkomforts bietet er eine \u00e4u\u00dferst benutzerfreundliche L\u00f6sung, um den Boden von Zelten oder Vorzelten elegant und komfortabel auszustatten.\u00a0Erh\u00e4ltlich in verschiedenen Gr\u00f6\u00dfen und Farben.\u00a0Details :\u00a0Rei\u00dffest.\u00a0Rutschfest.\u00a0Atmungsaktiv.\u00a0UV-best\u00e4ndig.\u00a0Verrottungsfest.\u00a0450 g\/m\u00b2.\u00a0Leicht zu reinigen.\u00a0Zuschneidbar.\u00a0Angenehmer Gehkomfort.\u00a0Mit wiederverwendbarer Tragetasche. 100 % Polyvinylchlorid mit Polyestergewebe.\u00a0Phthalatfrei.\" \/>\n<meta property=\"og:url\" content=\"https:\/\/shop.bantam.ch\/de\/produkt\/zeltteppich-yurop-soft-gruen\/\" \/>\n<meta property=\"og:site_name\" content=\"Bantam Camping AG\" \/>\n<meta property=\"article:modified_time\" content=\"2026-04-17T22:47:12+00:00\" \/>\n<meta property=\"og:image\" content=\"https:\/\/shop.bantam.ch\/wp-content\/uploads\/2025\/08\/brunner-yurop-soft-zeltteppich.jpg\" \/>\n\t<meta property=\"og:image:width\" content=\"600\" \/>\n\t<meta property=\"og:image:height\" content=\"600\" \/>\n\t<meta property=\"og:image:type\" content=\"image\/jpeg\" \/>\n<meta name=\"twitter:card\" content=\"summary_large_image\" \/>\n<script type=\"application\/ld+json\" class=\"yoast-schema-graph\">{\"@context\":\"https:\\\/\\\/schema.org\",\"@graph\":[{\"@type\":\"WebPage\",\"@id\":\"https:\\\/\\\/shop.bantam.ch\\\/de\\\/produkt\\\/zeltteppich-yurop-soft-gruen\\\/\",\"url\":\"https:\\\/\\\/shop.bantam.ch\\\/de\\\/produkt\\\/zeltteppich-yurop-soft-gruen\\\/\",\"name\":\"Zeltteppich Yurop Soft, gr\u00fcn - Bantam Camping AG\",\"isPartOf\":{\"@id\":\"https:\\\/\\\/shop.bantam.ch\\\/de\\\/#website\"},\"primaryImageOfPage\":{\"@id\":\"https:\\\/\\\/shop.bantam.ch\\\/de\\\/produkt\\\/zeltteppich-yurop-soft-gruen\\\/#primaryimage\"},\"image\":{\"@id\":\"https:\\\/\\\/shop.bantam.ch\\\/de\\\/produkt\\\/zeltteppich-yurop-soft-gruen\\\/#primaryimage\"},\"thumbnailUrl\":\"https:\\\/\\\/shop.bantam.ch\\\/wp-content\\\/uploads\\\/2025\\\/08\\\/brunner-yurop-soft-zeltteppich.jpg\",\"datePublished\":\"2023-05-25T21:55:21+00:00\",\"dateModified\":\"2026-04-17T22:47:12+00:00\",\"breadcrumb\":{\"@id\":\"https:\\\/\\\/shop.bantam.ch\\\/de\\\/produkt\\\/zeltteppich-yurop-soft-gruen\\\/#breadcrumb\"},\"inLanguage\":\"de\",\"potentialAction\":[{\"@type\":\"ReadAction\",\"target\":[\"https:\\\/\\\/shop.bantam.ch\\\/de\\\/produkt\\\/zeltteppich-yurop-soft-gruen\\\/\"]}]},{\"@type\":\"ImageObject\",\"inLanguage\":\"de\",\"@id\":\"https:\\\/\\\/shop.bantam.ch\\\/de\\\/produkt\\\/zeltteppich-yurop-soft-gruen\\\/#primaryimage\",\"url\":\"https:\\\/\\\/shop.bantam.ch\\\/wp-content\\\/uploads\\\/2025\\\/08\\\/brunner-yurop-soft-zeltteppich.jpg\",\"contentUrl\":\"https:\\\/\\\/shop.bantam.ch\\\/wp-content\\\/uploads\\\/2025\\\/08\\\/brunner-yurop-soft-zeltteppich.jpg\",\"width\":600,\"height\":600},{\"@type\":\"BreadcrumbList\",\"@id\":\"https:\\\/\\\/shop.bantam.ch\\\/de\\\/produkt\\\/zeltteppich-yurop-soft-gruen\\\/#breadcrumb\",\"itemListElement\":[{\"@type\":\"ListItem\",\"position\":1,\"name\":\"Accueil\",\"item\":\"https:\\\/\\\/shop.bantam.ch\\\/de\\\/\"},{\"@type\":\"ListItem\",\"position\":2,\"name\":\"Shop\",\"item\":\"https:\\\/\\\/shop.bantam.ch\\\/de\\\/shop\\\/\"},{\"@type\":\"ListItem\",\"position\":3,\"name\":\"Zeltteppich Yurop Soft, gr\u00fcn\"}]},{\"@type\":\"WebSite\",\"@id\":\"https:\\\/\\\/shop.bantam.ch\\\/de\\\/#website\",\"url\":\"https:\\\/\\\/shop.bantam.ch\\\/de\\\/\",\"name\":\"Bantam Camping AG\",\"description\":\"\",\"publisher\":{\"@id\":\"https:\\\/\\\/shop.bantam.ch\\\/de\\\/#organization\"},\"inLanguage\":\"de\"},{\"@type\":\"Organization\",\"@id\":\"https:\\\/\\\/shop.bantam.ch\\\/de\\\/#organization\",\"name\":\"Bantam Camping AG\",\"url\":\"https:\\\/\\\/shop.bantam.ch\\\/de\\\/\",\"logo\":{\"@type\":\"ImageObject\",\"inLanguage\":\"de\",\"@id\":\"https:\\\/\\\/shop.bantam.ch\\\/de\\\/#\\\/schema\\\/logo\\\/image\\\/\",\"url\":\"https:\\\/\\\/shop.bantam.ch\\\/wp-content\\\/uploads\\\/2022\\\/12\\\/bantam-logo.png\",\"contentUrl\":\"https:\\\/\\\/shop.bantam.ch\\\/wp-content\\\/uploads\\\/2022\\\/12\\\/bantam-logo.png\",\"width\":320,\"height\":71,\"caption\":\"Bantam Camping AG\"},\"image\":{\"@id\":\"https:\\\/\\\/shop.bantam.ch\\\/de\\\/#\\\/schema\\\/logo\\\/image\\\/\"}}]}<\/script>\n<!-- \/ Yoast SEO plugin. -->","yoast_head_json":{"title":"Zeltteppich Yurop Soft, gr\u00fcn - Bantam Camping AG","robots":{"index":"index","follow":"follow","max-snippet":"max-snippet:-1","max-image-preview":"max-image-preview:large","max-video-preview":"max-video-preview:-1"},"canonical":"https:\/\/shop.bantam.ch\/de\/produkt\/zeltteppich-yurop-soft-gruen\/","og_locale":"de_DE","og_type":"article","og_title":"Zeltteppich Yurop Soft, gr\u00fcn - Bantam Camping AG","og_description":"Der Yurop-Bodenbelag geh\u00f6rt zu den Klassikern unter den Campingzubeh\u00f6rartikeln.\u00a0Dank seiner Robustheit, Flexibilit\u00e4t und seines angenehmen Gehkomforts bietet er eine \u00e4u\u00dferst benutzerfreundliche L\u00f6sung, um den Boden von Zelten oder Vorzelten elegant und komfortabel auszustatten.\u00a0Erh\u00e4ltlich in verschiedenen Gr\u00f6\u00dfen und Farben.\u00a0Details :\u00a0Rei\u00dffest.\u00a0Rutschfest.\u00a0Atmungsaktiv.\u00a0UV-best\u00e4ndig.\u00a0Verrottungsfest.\u00a0450 g\/m\u00b2.\u00a0Leicht zu reinigen.\u00a0Zuschneidbar.\u00a0Angenehmer Gehkomfort.\u00a0Mit wiederverwendbarer Tragetasche. 100 % Polyvinylchlorid mit Polyestergewebe.\u00a0Phthalatfrei.","og_url":"https:\/\/shop.bantam.ch\/de\/produkt\/zeltteppich-yurop-soft-gruen\/","og_site_name":"Bantam Camping AG","article_modified_time":"2026-04-17T22:47:12+00:00","og_image":[{"width":600,"height":600,"url":"https:\/\/shop.bantam.ch\/wp-content\/uploads\/2025\/08\/brunner-yurop-soft-zeltteppich.jpg","type":"image\/jpeg"}],"twitter_card":"summary_large_image","schema":{"@context":"https:\/\/schema.org","@graph":[{"@type":"WebPage","@id":"https:\/\/shop.bantam.ch\/de\/produkt\/zeltteppich-yurop-soft-gruen\/","url":"https:\/\/shop.bantam.ch\/de\/produkt\/zeltteppich-yurop-soft-gruen\/","name":"Zeltteppich Yurop Soft, gr\u00fcn - Bantam Camping AG","isPartOf":{"@id":"https:\/\/shop.bantam.ch\/de\/#website"},"primaryImageOfPage":{"@id":"https:\/\/shop.bantam.ch\/de\/produkt\/zeltteppich-yurop-soft-gruen\/#primaryimage"},"image":{"@id":"https:\/\/shop.bantam.ch\/de\/produkt\/zeltteppich-yurop-soft-gruen\/#primaryimage"},"thumbnailUrl":"https:\/\/shop.bantam.ch\/wp-content\/uploads\/2025\/08\/brunner-yurop-soft-zeltteppich.jpg","datePublished":"2023-05-25T21:55:21+00:00","dateModified":"2026-04-17T22:47:12+00:00","breadcrumb":{"@id":"https:\/\/shop.bantam.ch\/de\/produkt\/zeltteppich-yurop-soft-gruen\/#breadcrumb"},"inLanguage":"de","potentialAction":[{"@type":"ReadAction","target":["https:\/\/shop.bantam.ch\/de\/produkt\/zeltteppich-yurop-soft-gruen\/"]}]},{"@type":"ImageObject","inLanguage":"de","@id":"https:\/\/shop.bantam.ch\/de\/produkt\/zeltteppich-yurop-soft-gruen\/#primaryimage","url":"https:\/\/shop.bantam.ch\/wp-content\/uploads\/2025\/08\/brunner-yurop-soft-zeltteppich.jpg","contentUrl":"https:\/\/shop.bantam.ch\/wp-content\/uploads\/2025\/08\/brunner-yurop-soft-zeltteppich.jpg","width":600,"height":600},{"@type":"BreadcrumbList","@id":"https:\/\/shop.bantam.ch\/de\/produkt\/zeltteppich-yurop-soft-gruen\/#breadcrumb","itemListElement":[{"@type":"ListItem","position":1,"name":"Accueil","item":"https:\/\/shop.bantam.ch\/de\/"},{"@type":"ListItem","position":2,"name":"Shop","item":"https:\/\/shop.bantam.ch\/de\/shop\/"},{"@type":"ListItem","position":3,"name":"Zeltteppich Yurop Soft, gr\u00fcn"}]},{"@type":"WebSite","@id":"https:\/\/shop.bantam.ch\/de\/#website","url":"https:\/\/shop.bantam.ch\/de\/","name":"Bantam Camping AG","description":"","publisher":{"@id":"https:\/\/shop.bantam.ch\/de\/#organization"},"inLanguage":"de"},{"@type":"Organization","@id":"https:\/\/shop.bantam.ch\/de\/#organization","name":"Bantam Camping AG","url":"https:\/\/shop.bantam.ch\/de\/","logo":{"@type":"ImageObject","inLanguage":"de","@id":"https:\/\/shop.bantam.ch\/de\/#\/schema\/logo\/image\/","url":"https:\/\/shop.bantam.ch\/wp-content\/uploads\/2022\/12\/bantam-logo.png","contentUrl":"https:\/\/shop.bantam.ch\/wp-content\/uploads\/2022\/12\/bantam-logo.png","width":320,"height":71,"caption":"Bantam Camping AG"},"image":{"@id":"https:\/\/shop.bantam.ch\/de\/#\/schema\/logo\/image\/"}}]}},"_links":{"self":[{"href":"https:\/\/shop.bantam.ch\/de\/wp-json\/wp\/v2\/product\/180788","targetHints":{"allow":["GET"]}}],"collection":[{"href":"https:\/\/shop.bantam.ch\/de\/wp-json\/wp\/v2\/product"}],"about":[{"href":"https:\/\/shop.bantam.ch\/de\/wp-json\/wp\/v2\/types\/product"}],"wp:featuredmedia":[{"embeddable":true,"href":"https:\/\/shop.bantam.ch\/de\/wp-json\/wp\/v2\/media\/221953"}],"wp:attachment":[{"href":"https:\/\/shop.bantam.ch\/de\/wp-json\/wp\/v2\/media?parent=180788"}],"wp:term":[{"taxonomy":"product_featured_cat","embeddable":true,"href":"https:\/\/shop.bantam.ch\/de\/wp-json\/wp\/v2\/product_featured_cat?post=180788"},{"taxonomy":"product_brand","embeddable":true,"href":"https:\/\/shop.bantam.ch\/de\/wp-json\/wp\/v2\/product_brand?post=180788"},{"taxonomy":"product_cat","embeddable":true,"href":"https:\/\/shop.bantam.ch\/de\/wp-json\/wp\/v2\/product_cat?post=180788"},{"taxonomy":"product_tag","embeddable":true,"href":"https:\/\/shop.bantam.ch\/de\/wp-json\/wp\/v2\/product_tag?post=180788"}],"curies":[{"name":"wp","href":"https:\/\/api.w.org\/{rel}","templated":true}]}}