{"id":180322,"date":"2023-05-25T23:33:20","date_gmt":"2023-05-25T21:33:20","guid":{"rendered":"https:\/\/shop.bantam.ch\/produit\/ventilator-12-v\/"},"modified":"2026-04-18T22:46:27","modified_gmt":"2026-04-18T20:46:27","slug":"ventilator-12-v","status":"publish","type":"product","link":"https:\/\/shop.bantam.ch\/de\/produkt\/ventilator-12-v\/","title":{"rendered":"Faltbarer Ventilator 12V"},"content":{"rendered":"<p>Komfortable K\u00fchlung mit diesem Ventilator. Der 12V-Anschluss erm\u00f6glicht den Einsatz des L\u00fcfters \u00fcberall, z. B. im Auto, im Wohnmobil oder auf dem Boot. Der Ventilator ist Fl\u00fcsterleise bei hohem Luftdurchsatz und zu einer kleinen handlichen Packma\u00df faltbar, die Sie fast \u00fcberall verstauen k\u00f6nnen. Die abnehmbaren Silicon Bl\u00e4tter mit 32cm Durchmesser sind weich und ungef\u00e4hrlich. Die starke Klammer sorgt daf\u00fcr, dass der Ventilator an fast jedem Ort befestigt werden kann, zum Beispiel an einem Zeltstock im Vorzelt oder Schrank im Wohnwagen, also \u00fcberall dort, wo Frischluft erw\u00fcnscht ist. Auch erh\u00e4ltlich mit 220V Stecker.\u00a0Gr\u00f6\u03b2e: 40x15x32cm.\u00a0Gefaltet: 10x12x25cm.\u00a0Diameter: 32 cm.\u00a0Einstellung: 1.\u00a0Fan kraft: 6W L\u00fcfterleistung.\u00a0Rotation: 600 r\/m.\u00a0Ger\u00e4uschpegel : 50\/60Hz.\u00a0Material: ABS\/PP.\u00a0Voltage : 12v.\u00a0Gewicht: 0.465 kg.\u00a0Farbe: 12V Helles Blau.\u00a0<\/p>\n","protected":false},"excerpt":{"rendered":"<p>Komfortable K\u00fchlung mit diesem Ventilator. Der 12V-Anschluss erm\u00f6glicht den Einsatz des L\u00fcfters \u00fcberall, z. B. im Auto, im Wohnmobil oder auf dem Boot. Der Ventilator ist Fl\u00fcsterleise bei hohem Luftdurchsatz und zu einer kleinen handlichen Packma\u00df faltbar, die Sie fast \u00fcberall verstauen k\u00f6nnen. Die abnehmbaren Silicon Bl\u00e4tter mit 32cm Durchmesser sind weich und ungef\u00e4hrlich. Die [&hellip;]<\/p>\n","protected":false},"featured_media":205531,"template":"","meta":{"_acf_changed":false},"product_featured_cat":[],"product_brand":[3075],"product_cat":[4094],"product_tag":[],"class_list":{"0":"post-180322","1":"product","2":"type-product","3":"status-publish","4":"has-post-thumbnail","6":"product_brand-eurotrail-de","7":"product_cat-ventilatoren","9":"first","10":"instock","11":"taxable","12":"shipping-taxable","13":"purchasable","14":"product-type-simple"},"acf":[],"yoast_head":"<!-- This site is optimized with the Yoast SEO plugin v27.4 - https:\/\/yoast.com\/product\/yoast-seo-wordpress\/ -->\n<title>Faltbarer Ventilator 12V - Bantam Camping AG<\/title>\n<meta name=\"robots\" content=\"index, follow, max-snippet:-1, max-image-preview:large, max-video-preview:-1\" \/>\n<link rel=\"canonical\" href=\"https:\/\/shop.bantam.ch\/de\/produkt\/ventilator-12-v\/\" \/>\n<meta property=\"og:locale\" content=\"de_DE\" \/>\n<meta property=\"og:type\" content=\"article\" \/>\n<meta property=\"og:title\" content=\"Faltbarer Ventilator 12V - Bantam Camping AG\" \/>\n<meta property=\"og:description\" content=\"Komfortable K\u00fchlung mit diesem Ventilator. Der 12V-Anschluss erm\u00f6glicht den Einsatz des L\u00fcfters \u00fcberall, z. B. im Auto, im Wohnmobil oder auf dem Boot. Der Ventilator ist Fl\u00fcsterleise bei hohem Luftdurchsatz und zu einer kleinen handlichen Packma\u00df faltbar, die Sie fast \u00fcberall verstauen k\u00f6nnen. Die abnehmbaren Silicon Bl\u00e4tter mit 32cm Durchmesser sind weich und ungef\u00e4hrlich. Die [&hellip;]\" \/>\n<meta property=\"og:url\" content=\"https:\/\/shop.bantam.ch\/de\/produkt\/ventilator-12-v\/\" \/>\n<meta property=\"og:site_name\" content=\"Bantam Camping AG\" \/>\n<meta property=\"article:modified_time\" content=\"2026-04-18T20:46:27+00:00\" \/>\n<meta property=\"og:image\" content=\"https:\/\/shop.bantam.ch\/wp-content\/uploads\/2024\/09\/Movera-L-9935259100.jpg\" \/>\n\t<meta property=\"og:image:width\" content=\"502\" \/>\n\t<meta property=\"og:image:height\" content=\"800\" \/>\n\t<meta property=\"og:image:type\" content=\"image\/jpeg\" \/>\n<meta name=\"twitter:card\" content=\"summary_large_image\" \/>\n<meta name=\"twitter:label1\" content=\"Gesch\u00e4tzte Lesezeit\" \/>\n\t<meta name=\"twitter:data1\" content=\"1\u00a0Minute\" \/>\n<script type=\"application\/ld+json\" class=\"yoast-schema-graph\">{\"@context\":\"https:\\\/\\\/schema.org\",\"@graph\":[{\"@type\":\"WebPage\",\"@id\":\"https:\\\/\\\/shop.bantam.ch\\\/de\\\/produkt\\\/ventilator-12-v\\\/\",\"url\":\"https:\\\/\\\/shop.bantam.ch\\\/de\\\/produkt\\\/ventilator-12-v\\\/\",\"name\":\"Faltbarer Ventilator 12V - Bantam Camping AG\",\"isPartOf\":{\"@id\":\"https:\\\/\\\/shop.bantam.ch\\\/de\\\/#website\"},\"primaryImageOfPage\":{\"@id\":\"https:\\\/\\\/shop.bantam.ch\\\/de\\\/produkt\\\/ventilator-12-v\\\/#primaryimage\"},\"image\":{\"@id\":\"https:\\\/\\\/shop.bantam.ch\\\/de\\\/produkt\\\/ventilator-12-v\\\/#primaryimage\"},\"thumbnailUrl\":\"https:\\\/\\\/shop.bantam.ch\\\/wp-content\\\/uploads\\\/2024\\\/09\\\/Movera-L-9935259100.jpg\",\"datePublished\":\"2023-05-25T21:33:20+00:00\",\"dateModified\":\"2026-04-18T20:46:27+00:00\",\"breadcrumb\":{\"@id\":\"https:\\\/\\\/shop.bantam.ch\\\/de\\\/produkt\\\/ventilator-12-v\\\/#breadcrumb\"},\"inLanguage\":\"de\",\"potentialAction\":[{\"@type\":\"ReadAction\",\"target\":[\"https:\\\/\\\/shop.bantam.ch\\\/de\\\/produkt\\\/ventilator-12-v\\\/\"]}]},{\"@type\":\"ImageObject\",\"inLanguage\":\"de\",\"@id\":\"https:\\\/\\\/shop.bantam.ch\\\/de\\\/produkt\\\/ventilator-12-v\\\/#primaryimage\",\"url\":\"https:\\\/\\\/shop.bantam.ch\\\/wp-content\\\/uploads\\\/2024\\\/09\\\/Movera-L-9935259100.jpg\",\"contentUrl\":\"https:\\\/\\\/shop.bantam.ch\\\/wp-content\\\/uploads\\\/2024\\\/09\\\/Movera-L-9935259100.jpg\",\"width\":502,\"height\":800},{\"@type\":\"BreadcrumbList\",\"@id\":\"https:\\\/\\\/shop.bantam.ch\\\/de\\\/produkt\\\/ventilator-12-v\\\/#breadcrumb\",\"itemListElement\":[{\"@type\":\"ListItem\",\"position\":1,\"name\":\"Accueil\",\"item\":\"https:\\\/\\\/shop.bantam.ch\\\/de\\\/\"},{\"@type\":\"ListItem\",\"position\":2,\"name\":\"Shop\",\"item\":\"https:\\\/\\\/shop.bantam.ch\\\/de\\\/shop\\\/\"},{\"@type\":\"ListItem\",\"position\":3,\"name\":\"Faltbarer Ventilator 12V\"}]},{\"@type\":\"WebSite\",\"@id\":\"https:\\\/\\\/shop.bantam.ch\\\/de\\\/#website\",\"url\":\"https:\\\/\\\/shop.bantam.ch\\\/de\\\/\",\"name\":\"Bantam Camping AG\",\"description\":\"\",\"publisher\":{\"@id\":\"https:\\\/\\\/shop.bantam.ch\\\/de\\\/#organization\"},\"inLanguage\":\"de\"},{\"@type\":\"Organization\",\"@id\":\"https:\\\/\\\/shop.bantam.ch\\\/de\\\/#organization\",\"name\":\"Bantam Camping AG\",\"url\":\"https:\\\/\\\/shop.bantam.ch\\\/de\\\/\",\"logo\":{\"@type\":\"ImageObject\",\"inLanguage\":\"de\",\"@id\":\"https:\\\/\\\/shop.bantam.ch\\\/de\\\/#\\\/schema\\\/logo\\\/image\\\/\",\"url\":\"https:\\\/\\\/shop.bantam.ch\\\/wp-content\\\/uploads\\\/2022\\\/12\\\/bantam-logo.png\",\"contentUrl\":\"https:\\\/\\\/shop.bantam.ch\\\/wp-content\\\/uploads\\\/2022\\\/12\\\/bantam-logo.png\",\"width\":320,\"height\":71,\"caption\":\"Bantam Camping AG\"},\"image\":{\"@id\":\"https:\\\/\\\/shop.bantam.ch\\\/de\\\/#\\\/schema\\\/logo\\\/image\\\/\"}}]}<\/script>\n<!-- \/ Yoast SEO plugin. -->","yoast_head_json":{"title":"Faltbarer Ventilator 12V - Bantam Camping AG","robots":{"index":"index","follow":"follow","max-snippet":"max-snippet:-1","max-image-preview":"max-image-preview:large","max-video-preview":"max-video-preview:-1"},"canonical":"https:\/\/shop.bantam.ch\/de\/produkt\/ventilator-12-v\/","og_locale":"de_DE","og_type":"article","og_title":"Faltbarer Ventilator 12V - Bantam Camping AG","og_description":"Komfortable K\u00fchlung mit diesem Ventilator. Der 12V-Anschluss erm\u00f6glicht den Einsatz des L\u00fcfters \u00fcberall, z. B. im Auto, im Wohnmobil oder auf dem Boot. Der Ventilator ist Fl\u00fcsterleise bei hohem Luftdurchsatz und zu einer kleinen handlichen Packma\u00df faltbar, die Sie fast \u00fcberall verstauen k\u00f6nnen. Die abnehmbaren Silicon Bl\u00e4tter mit 32cm Durchmesser sind weich und ungef\u00e4hrlich. Die [&hellip;]","og_url":"https:\/\/shop.bantam.ch\/de\/produkt\/ventilator-12-v\/","og_site_name":"Bantam Camping AG","article_modified_time":"2026-04-18T20:46:27+00:00","og_image":[{"width":502,"height":800,"url":"https:\/\/shop.bantam.ch\/wp-content\/uploads\/2024\/09\/Movera-L-9935259100.jpg","type":"image\/jpeg"}],"twitter_card":"summary_large_image","twitter_misc":{"Gesch\u00e4tzte Lesezeit":"1\u00a0Minute"},"schema":{"@context":"https:\/\/schema.org","@graph":[{"@type":"WebPage","@id":"https:\/\/shop.bantam.ch\/de\/produkt\/ventilator-12-v\/","url":"https:\/\/shop.bantam.ch\/de\/produkt\/ventilator-12-v\/","name":"Faltbarer Ventilator 12V - Bantam Camping AG","isPartOf":{"@id":"https:\/\/shop.bantam.ch\/de\/#website"},"primaryImageOfPage":{"@id":"https:\/\/shop.bantam.ch\/de\/produkt\/ventilator-12-v\/#primaryimage"},"image":{"@id":"https:\/\/shop.bantam.ch\/de\/produkt\/ventilator-12-v\/#primaryimage"},"thumbnailUrl":"https:\/\/shop.bantam.ch\/wp-content\/uploads\/2024\/09\/Movera-L-9935259100.jpg","datePublished":"2023-05-25T21:33:20+00:00","dateModified":"2026-04-18T20:46:27+00:00","breadcrumb":{"@id":"https:\/\/shop.bantam.ch\/de\/produkt\/ventilator-12-v\/#breadcrumb"},"inLanguage":"de","potentialAction":[{"@type":"ReadAction","target":["https:\/\/shop.bantam.ch\/de\/produkt\/ventilator-12-v\/"]}]},{"@type":"ImageObject","inLanguage":"de","@id":"https:\/\/shop.bantam.ch\/de\/produkt\/ventilator-12-v\/#primaryimage","url":"https:\/\/shop.bantam.ch\/wp-content\/uploads\/2024\/09\/Movera-L-9935259100.jpg","contentUrl":"https:\/\/shop.bantam.ch\/wp-content\/uploads\/2024\/09\/Movera-L-9935259100.jpg","width":502,"height":800},{"@type":"BreadcrumbList","@id":"https:\/\/shop.bantam.ch\/de\/produkt\/ventilator-12-v\/#breadcrumb","itemListElement":[{"@type":"ListItem","position":1,"name":"Accueil","item":"https:\/\/shop.bantam.ch\/de\/"},{"@type":"ListItem","position":2,"name":"Shop","item":"https:\/\/shop.bantam.ch\/de\/shop\/"},{"@type":"ListItem","position":3,"name":"Faltbarer Ventilator 12V"}]},{"@type":"WebSite","@id":"https:\/\/shop.bantam.ch\/de\/#website","url":"https:\/\/shop.bantam.ch\/de\/","name":"Bantam Camping AG","description":"","publisher":{"@id":"https:\/\/shop.bantam.ch\/de\/#organization"},"inLanguage":"de"},{"@type":"Organization","@id":"https:\/\/shop.bantam.ch\/de\/#organization","name":"Bantam Camping AG","url":"https:\/\/shop.bantam.ch\/de\/","logo":{"@type":"ImageObject","inLanguage":"de","@id":"https:\/\/shop.bantam.ch\/de\/#\/schema\/logo\/image\/","url":"https:\/\/shop.bantam.ch\/wp-content\/uploads\/2022\/12\/bantam-logo.png","contentUrl":"https:\/\/shop.bantam.ch\/wp-content\/uploads\/2022\/12\/bantam-logo.png","width":320,"height":71,"caption":"Bantam Camping AG"},"image":{"@id":"https:\/\/shop.bantam.ch\/de\/#\/schema\/logo\/image\/"}}]}},"_links":{"self":[{"href":"https:\/\/shop.bantam.ch\/de\/wp-json\/wp\/v2\/product\/180322","targetHints":{"allow":["GET"]}}],"collection":[{"href":"https:\/\/shop.bantam.ch\/de\/wp-json\/wp\/v2\/product"}],"about":[{"href":"https:\/\/shop.bantam.ch\/de\/wp-json\/wp\/v2\/types\/product"}],"wp:featuredmedia":[{"embeddable":true,"href":"https:\/\/shop.bantam.ch\/de\/wp-json\/wp\/v2\/media\/205531"}],"wp:attachment":[{"href":"https:\/\/shop.bantam.ch\/de\/wp-json\/wp\/v2\/media?parent=180322"}],"wp:term":[{"taxonomy":"product_featured_cat","embeddable":true,"href":"https:\/\/shop.bantam.ch\/de\/wp-json\/wp\/v2\/product_featured_cat?post=180322"},{"taxonomy":"product_brand","embeddable":true,"href":"https:\/\/shop.bantam.ch\/de\/wp-json\/wp\/v2\/product_brand?post=180322"},{"taxonomy":"product_cat","embeddable":true,"href":"https:\/\/shop.bantam.ch\/de\/wp-json\/wp\/v2\/product_cat?post=180322"},{"taxonomy":"product_tag","embeddable":true,"href":"https:\/\/shop.bantam.ch\/de\/wp-json\/wp\/v2\/product_tag?post=180322"}],"curies":[{"name":"wp","href":"https:\/\/api.w.org\/{rel}","templated":true}]}}