{"id":179316,"date":"2023-05-25T22:55:25","date_gmt":"2023-05-25T20:55:25","guid":{"rendered":"https:\/\/shop.bantam.ch\/produit\/navigationssoftware-z-emap66-z-n965\/"},"modified":"2026-04-18T00:45:38","modified_gmt":"2026-04-17T22:45:38","slug":"navigationssoftware-z-emap66-z-n965","status":"publish","type":"product","link":"https:\/\/shop.bantam.ch\/de\/produkt\/navigationssoftware-z-emap66-z-n965\/","title":{"rendered":"Navigationssoftware Z-EMAP66 &#8211; Z-N965"},"content":{"rendered":"<p>Dieses Kartenpaket l\u00e4uft mit dem folgenden ZENEC Modell: Z-N965<\/p>\n<ul>\n<li>3-D Reisemobil Navigationssoftware mit Karten f\u00fcr 47 L\u00e4nder: West- und Osteuropa, Grossbritannien, T\u00fcrkei, Ukraine, Weissrussland und Russland (auf 16 GB microSDHC Karte)<\/li>\n<li>Vorkonfigurierte Reisemobil Fahrzeugprofile mit Eingabe von H\u00f6he, Breite, L\u00e4nge, Gewicht, Anh\u00e4nger, etc.<\/li>\n<li>Camping P.O.I. Paket mit ca. 20.000 Sonderzielen und Detailinfos (mehrsprachig in DE \/ EN \/ NL \/ IT \/ FR)<\/li>\n<li>Europa Premium P.O.I. Paket mit \u00fcber 6,5 Millionen Sonderzielen<\/li>\n<li>Realistische 3-D Darstellung von Gel\u00e4nde, Sehensw\u00fcrdigkeiten, Innenst\u00e4dten und Autobahn Abbiegungen<\/li>\n<li>Navi-Splitscreen in Audioquellen mit Anzeige von Strassennamen sowie der Distanz bis zur n\u00e4chsten Abbiegung<\/li>\n<li>Spurassistent, Tunnel-Modus, 3-D Auto-Zoom f\u00fcr Kreuzungen und Verkehrskreisel, intelligente Berechnung von Alternativrouten, etc.<\/li>\n<li>TTS Sprachf\u00fchrung<\/li>\n<li>TPEG Service mit Verkehrsinfos \u00fcber DAB+ (Abdeckung l\u00e4nderspezifisch, kostenlose Version)<\/li>\n<\/ul>\n","protected":false},"excerpt":{"rendered":"<p>Dieses Kartenpaket l\u00e4uft mit dem folgenden ZENEC Modell: Z-N965 3-D Reisemobil Navigationssoftware mit Karten f\u00fcr 47 L\u00e4nder: West- und Osteuropa, Grossbritannien, T\u00fcrkei, Ukraine, Weissrussland und Russland (auf 16 GB microSDHC Karte) Vorkonfigurierte Reisemobil Fahrzeugprofile mit Eingabe von H\u00f6he, Breite, L\u00e4nge, Gewicht, Anh\u00e4nger, etc. Camping P.O.I. Paket mit ca. 20.000 Sonderzielen und Detailinfos (mehrsprachig in DE [&hellip;]<\/p>\n","protected":false},"featured_media":179305,"template":"","meta":{"_acf_changed":false},"product_featured_cat":[],"product_brand":[3213],"product_cat":[4994],"product_tag":[],"class_list":{"0":"post-179316","1":"product","2":"type-product","3":"status-publish","4":"has-post-thumbnail","6":"product_brand-zenec-de","7":"product_cat-navigationssoftware","9":"first","10":"instock","11":"taxable","12":"shipping-taxable","13":"purchasable","14":"product-type-variable"},"acf":[],"yoast_head":"<!-- This site is optimized with the Yoast SEO plugin v27.4 - https:\/\/yoast.com\/product\/yoast-seo-wordpress\/ -->\n<title>Navigationssoftware Z-EMAP66 - Z-N965 - Bantam Camping AG<\/title>\n<meta name=\"robots\" content=\"index, follow, max-snippet:-1, max-image-preview:large, max-video-preview:-1\" \/>\n<link rel=\"canonical\" href=\"https:\/\/shop.bantam.ch\/de\/produkt\/navigationssoftware-z-emap66-z-n965\/\" \/>\n<meta property=\"og:locale\" content=\"de_DE\" \/>\n<meta property=\"og:type\" content=\"article\" \/>\n<meta property=\"og:title\" content=\"Navigationssoftware Z-EMAP66 - Z-N965 - Bantam Camping AG\" \/>\n<meta property=\"og:description\" content=\"Dieses Kartenpaket l\u00e4uft mit dem folgenden ZENEC Modell: Z-N965 3-D Reisemobil Navigationssoftware mit Karten f\u00fcr 47 L\u00e4nder: West- und Osteuropa, Grossbritannien, T\u00fcrkei, Ukraine, Weissrussland und Russland (auf 16 GB microSDHC Karte) Vorkonfigurierte Reisemobil Fahrzeugprofile mit Eingabe von H\u00f6he, Breite, L\u00e4nge, Gewicht, Anh\u00e4nger, etc. Camping P.O.I. Paket mit ca. 20.000 Sonderzielen und Detailinfos (mehrsprachig in DE [&hellip;]\" \/>\n<meta property=\"og:url\" content=\"https:\/\/shop.bantam.ch\/de\/produkt\/navigationssoftware-z-emap66-z-n965\/\" \/>\n<meta property=\"og:site_name\" content=\"Bantam Camping AG\" \/>\n<meta property=\"article:modified_time\" content=\"2026-04-17T22:45:38+00:00\" \/>\n<meta property=\"og:image\" content=\"https:\/\/shop.bantam.ch\/wp-content\/uploads\/2023\/05\/995755411-scaled.jpg\" \/>\n\t<meta property=\"og:image:width\" content=\"2048\" \/>\n\t<meta property=\"og:image:height\" content=\"2048\" \/>\n\t<meta property=\"og:image:type\" content=\"image\/jpeg\" \/>\n<meta name=\"twitter:card\" content=\"summary_large_image\" \/>\n<meta name=\"twitter:label1\" content=\"Gesch\u00e4tzte Lesezeit\" \/>\n\t<meta name=\"twitter:data1\" content=\"1\u00a0Minute\" \/>\n<script type=\"application\/ld+json\" class=\"yoast-schema-graph\">{\"@context\":\"https:\\\/\\\/schema.org\",\"@graph\":[{\"@type\":\"WebPage\",\"@id\":\"https:\\\/\\\/shop.bantam.ch\\\/de\\\/produkt\\\/navigationssoftware-z-emap66-z-n965\\\/\",\"url\":\"https:\\\/\\\/shop.bantam.ch\\\/de\\\/produkt\\\/navigationssoftware-z-emap66-z-n965\\\/\",\"name\":\"Navigationssoftware Z-EMAP66 - Z-N965 - Bantam Camping AG\",\"isPartOf\":{\"@id\":\"https:\\\/\\\/shop.bantam.ch\\\/de\\\/#website\"},\"primaryImageOfPage\":{\"@id\":\"https:\\\/\\\/shop.bantam.ch\\\/de\\\/produkt\\\/navigationssoftware-z-emap66-z-n965\\\/#primaryimage\"},\"image\":{\"@id\":\"https:\\\/\\\/shop.bantam.ch\\\/de\\\/produkt\\\/navigationssoftware-z-emap66-z-n965\\\/#primaryimage\"},\"thumbnailUrl\":\"https:\\\/\\\/shop.bantam.ch\\\/wp-content\\\/uploads\\\/2023\\\/05\\\/995755411-scaled.jpg\",\"datePublished\":\"2023-05-25T20:55:25+00:00\",\"dateModified\":\"2026-04-17T22:45:38+00:00\",\"breadcrumb\":{\"@id\":\"https:\\\/\\\/shop.bantam.ch\\\/de\\\/produkt\\\/navigationssoftware-z-emap66-z-n965\\\/#breadcrumb\"},\"inLanguage\":\"de\",\"potentialAction\":[{\"@type\":\"ReadAction\",\"target\":[\"https:\\\/\\\/shop.bantam.ch\\\/de\\\/produkt\\\/navigationssoftware-z-emap66-z-n965\\\/\"]}]},{\"@type\":\"ImageObject\",\"inLanguage\":\"de\",\"@id\":\"https:\\\/\\\/shop.bantam.ch\\\/de\\\/produkt\\\/navigationssoftware-z-emap66-z-n965\\\/#primaryimage\",\"url\":\"https:\\\/\\\/shop.bantam.ch\\\/wp-content\\\/uploads\\\/2023\\\/05\\\/995755411-scaled.jpg\",\"contentUrl\":\"https:\\\/\\\/shop.bantam.ch\\\/wp-content\\\/uploads\\\/2023\\\/05\\\/995755411-scaled.jpg\",\"width\":2048,\"height\":2048},{\"@type\":\"BreadcrumbList\",\"@id\":\"https:\\\/\\\/shop.bantam.ch\\\/de\\\/produkt\\\/navigationssoftware-z-emap66-z-n965\\\/#breadcrumb\",\"itemListElement\":[{\"@type\":\"ListItem\",\"position\":1,\"name\":\"Accueil\",\"item\":\"https:\\\/\\\/shop.bantam.ch\\\/de\\\/\"},{\"@type\":\"ListItem\",\"position\":2,\"name\":\"Shop\",\"item\":\"https:\\\/\\\/shop.bantam.ch\\\/de\\\/shop\\\/\"},{\"@type\":\"ListItem\",\"position\":3,\"name\":\"Navigationssoftware Z-EMAP66 &#8211; Z-N965\"}]},{\"@type\":\"WebSite\",\"@id\":\"https:\\\/\\\/shop.bantam.ch\\\/de\\\/#website\",\"url\":\"https:\\\/\\\/shop.bantam.ch\\\/de\\\/\",\"name\":\"Bantam Camping AG\",\"description\":\"\",\"publisher\":{\"@id\":\"https:\\\/\\\/shop.bantam.ch\\\/de\\\/#organization\"},\"inLanguage\":\"de\"},{\"@type\":\"Organization\",\"@id\":\"https:\\\/\\\/shop.bantam.ch\\\/de\\\/#organization\",\"name\":\"Bantam Camping AG\",\"url\":\"https:\\\/\\\/shop.bantam.ch\\\/de\\\/\",\"logo\":{\"@type\":\"ImageObject\",\"inLanguage\":\"de\",\"@id\":\"https:\\\/\\\/shop.bantam.ch\\\/de\\\/#\\\/schema\\\/logo\\\/image\\\/\",\"url\":\"https:\\\/\\\/shop.bantam.ch\\\/wp-content\\\/uploads\\\/2022\\\/12\\\/bantam-logo.png\",\"contentUrl\":\"https:\\\/\\\/shop.bantam.ch\\\/wp-content\\\/uploads\\\/2022\\\/12\\\/bantam-logo.png\",\"width\":320,\"height\":71,\"caption\":\"Bantam Camping AG\"},\"image\":{\"@id\":\"https:\\\/\\\/shop.bantam.ch\\\/de\\\/#\\\/schema\\\/logo\\\/image\\\/\"}}]}<\/script>\n<!-- \/ Yoast SEO plugin. -->","yoast_head_json":{"title":"Navigationssoftware Z-EMAP66 - Z-N965 - Bantam Camping AG","robots":{"index":"index","follow":"follow","max-snippet":"max-snippet:-1","max-image-preview":"max-image-preview:large","max-video-preview":"max-video-preview:-1"},"canonical":"https:\/\/shop.bantam.ch\/de\/produkt\/navigationssoftware-z-emap66-z-n965\/","og_locale":"de_DE","og_type":"article","og_title":"Navigationssoftware Z-EMAP66 - Z-N965 - Bantam Camping AG","og_description":"Dieses Kartenpaket l\u00e4uft mit dem folgenden ZENEC Modell: Z-N965 3-D Reisemobil Navigationssoftware mit Karten f\u00fcr 47 L\u00e4nder: West- und Osteuropa, Grossbritannien, T\u00fcrkei, Ukraine, Weissrussland und Russland (auf 16 GB microSDHC Karte) Vorkonfigurierte Reisemobil Fahrzeugprofile mit Eingabe von H\u00f6he, Breite, L\u00e4nge, Gewicht, Anh\u00e4nger, etc. Camping P.O.I. Paket mit ca. 20.000 Sonderzielen und Detailinfos (mehrsprachig in DE [&hellip;]","og_url":"https:\/\/shop.bantam.ch\/de\/produkt\/navigationssoftware-z-emap66-z-n965\/","og_site_name":"Bantam Camping AG","article_modified_time":"2026-04-17T22:45:38+00:00","og_image":[{"width":2048,"height":2048,"url":"https:\/\/shop.bantam.ch\/wp-content\/uploads\/2023\/05\/995755411-scaled.jpg","type":"image\/jpeg"}],"twitter_card":"summary_large_image","twitter_misc":{"Gesch\u00e4tzte Lesezeit":"1\u00a0Minute"},"schema":{"@context":"https:\/\/schema.org","@graph":[{"@type":"WebPage","@id":"https:\/\/shop.bantam.ch\/de\/produkt\/navigationssoftware-z-emap66-z-n965\/","url":"https:\/\/shop.bantam.ch\/de\/produkt\/navigationssoftware-z-emap66-z-n965\/","name":"Navigationssoftware Z-EMAP66 - Z-N965 - Bantam Camping AG","isPartOf":{"@id":"https:\/\/shop.bantam.ch\/de\/#website"},"primaryImageOfPage":{"@id":"https:\/\/shop.bantam.ch\/de\/produkt\/navigationssoftware-z-emap66-z-n965\/#primaryimage"},"image":{"@id":"https:\/\/shop.bantam.ch\/de\/produkt\/navigationssoftware-z-emap66-z-n965\/#primaryimage"},"thumbnailUrl":"https:\/\/shop.bantam.ch\/wp-content\/uploads\/2023\/05\/995755411-scaled.jpg","datePublished":"2023-05-25T20:55:25+00:00","dateModified":"2026-04-17T22:45:38+00:00","breadcrumb":{"@id":"https:\/\/shop.bantam.ch\/de\/produkt\/navigationssoftware-z-emap66-z-n965\/#breadcrumb"},"inLanguage":"de","potentialAction":[{"@type":"ReadAction","target":["https:\/\/shop.bantam.ch\/de\/produkt\/navigationssoftware-z-emap66-z-n965\/"]}]},{"@type":"ImageObject","inLanguage":"de","@id":"https:\/\/shop.bantam.ch\/de\/produkt\/navigationssoftware-z-emap66-z-n965\/#primaryimage","url":"https:\/\/shop.bantam.ch\/wp-content\/uploads\/2023\/05\/995755411-scaled.jpg","contentUrl":"https:\/\/shop.bantam.ch\/wp-content\/uploads\/2023\/05\/995755411-scaled.jpg","width":2048,"height":2048},{"@type":"BreadcrumbList","@id":"https:\/\/shop.bantam.ch\/de\/produkt\/navigationssoftware-z-emap66-z-n965\/#breadcrumb","itemListElement":[{"@type":"ListItem","position":1,"name":"Accueil","item":"https:\/\/shop.bantam.ch\/de\/"},{"@type":"ListItem","position":2,"name":"Shop","item":"https:\/\/shop.bantam.ch\/de\/shop\/"},{"@type":"ListItem","position":3,"name":"Navigationssoftware Z-EMAP66 &#8211; Z-N965"}]},{"@type":"WebSite","@id":"https:\/\/shop.bantam.ch\/de\/#website","url":"https:\/\/shop.bantam.ch\/de\/","name":"Bantam Camping AG","description":"","publisher":{"@id":"https:\/\/shop.bantam.ch\/de\/#organization"},"inLanguage":"de"},{"@type":"Organization","@id":"https:\/\/shop.bantam.ch\/de\/#organization","name":"Bantam Camping AG","url":"https:\/\/shop.bantam.ch\/de\/","logo":{"@type":"ImageObject","inLanguage":"de","@id":"https:\/\/shop.bantam.ch\/de\/#\/schema\/logo\/image\/","url":"https:\/\/shop.bantam.ch\/wp-content\/uploads\/2022\/12\/bantam-logo.png","contentUrl":"https:\/\/shop.bantam.ch\/wp-content\/uploads\/2022\/12\/bantam-logo.png","width":320,"height":71,"caption":"Bantam Camping AG"},"image":{"@id":"https:\/\/shop.bantam.ch\/de\/#\/schema\/logo\/image\/"}}]}},"_links":{"self":[{"href":"https:\/\/shop.bantam.ch\/de\/wp-json\/wp\/v2\/product\/179316","targetHints":{"allow":["GET"]}}],"collection":[{"href":"https:\/\/shop.bantam.ch\/de\/wp-json\/wp\/v2\/product"}],"about":[{"href":"https:\/\/shop.bantam.ch\/de\/wp-json\/wp\/v2\/types\/product"}],"wp:featuredmedia":[{"embeddable":true,"href":"https:\/\/shop.bantam.ch\/de\/wp-json\/wp\/v2\/media\/179305"}],"wp:attachment":[{"href":"https:\/\/shop.bantam.ch\/de\/wp-json\/wp\/v2\/media?parent=179316"}],"wp:term":[{"taxonomy":"product_featured_cat","embeddable":true,"href":"https:\/\/shop.bantam.ch\/de\/wp-json\/wp\/v2\/product_featured_cat?post=179316"},{"taxonomy":"product_brand","embeddable":true,"href":"https:\/\/shop.bantam.ch\/de\/wp-json\/wp\/v2\/product_brand?post=179316"},{"taxonomy":"product_cat","embeddable":true,"href":"https:\/\/shop.bantam.ch\/de\/wp-json\/wp\/v2\/product_cat?post=179316"},{"taxonomy":"product_tag","embeddable":true,"href":"https:\/\/shop.bantam.ch\/de\/wp-json\/wp\/v2\/product_tag?post=179316"}],"curies":[{"name":"wp","href":"https:\/\/api.w.org\/{rel}","templated":true}]}}