{"id":179095,"date":"2023-05-25T22:47:53","date_gmt":"2023-05-25T20:47:53","guid":{"rendered":"https:\/\/shop.bantam.ch\/produit\/bord-versorgungsbatterie-li-ionen-105-ah\/"},"modified":"2026-05-01T22:39:40","modified_gmt":"2026-05-01T20:39:40","slug":"bord-versorgungsbatterie-li-ionen-105-ah","status":"publish","type":"product","link":"https:\/\/shop.bantam.ch\/de\/produkt\/bord-versorgungsbatterie-li-ionen-105-ah\/","title":{"rendered":"Bord-Versorgungsbatterie Li &#8211; Ionen 105 AH"},"content":{"rendered":"<p>Speziell f\u00fcr Reisemobile entwickelte Lithium-Hochleistungsbatterie. Hohe Speicherkapazit\u00e4t, geringes Gewicht und eine hohe Zyklenfestigkeit zeichnen die LiFePO4-Bordbatterien von B\u00dcTTNER Elektronik aus. Durch ein intelligentes Batterie-Management-System &#040;BMS&#041; werden die Batterien intern sicher \u00fcberwacht. Der Betrieb von Wechselrichtern auch mit h\u00f6herer Ausgangsleistung ist problemlos m\u00f6glich. Selbst bei der kleinsten Ausf\u00fchrung k\u00f6nnen mit einem Wechselrichter Verbraucher bis zu 1200 W betreiben. Bereits mit der MT LI 105 k\u00f6nnen Wechselrichter bis 1700 W eingesetzt werden und bei den beiden Batterien mit 120 Ah und 180 Ah sind Verbraucher bis 2000 W kein Problem. Somit ist es m\u00f6glich, diese Batterie in eine vorhandene Standard-Halterung einzubauen und durch die ebenfalls verwendeten Rundpole k\u00f6nnen die bereits montierten Kabel einfach aufgesetzt werden. Bei der MT LI 120 und 180 k\u00f6nnen die Kabel direkt aufgeschraubt werden, es ist aber auch hier m\u00f6glich nachtr\u00e4glich Rundpole aufzuschrauben.<\/p>\n","protected":false},"excerpt":{"rendered":"<p>Speziell f\u00fcr Reisemobile entwickelte Lithium-Hochleistungsbatterie. Hohe Speicherkapazit\u00e4t, geringes Gewicht und eine hohe Zyklenfestigkeit zeichnen die LiFePO4-Bordbatterien von B\u00dcTTNER Elektronik aus. Durch ein intelligentes Batterie-Management-System &#040;BMS&#041; werden die Batterien intern sicher \u00fcberwacht. Der Betrieb von Wechselrichtern auch mit h\u00f6herer Ausgangsleistung ist problemlos m\u00f6glich. Selbst bei der kleinsten Ausf\u00fchrung k\u00f6nnen mit einem Wechselrichter Verbraucher bis zu 1200 [&hellip;]<\/p>\n","protected":false},"featured_media":179093,"template":"","meta":{"_acf_changed":false},"product_featured_cat":[5324,5318],"product_brand":[3069],"product_cat":[5114],"product_tag":[],"class_list":{"0":"post-179095","1":"product","2":"type-product","3":"status-publish","4":"has-post-thumbnail","6":"product_featured_cat-batterie-etagnieres-de","7":"product_featured_cat-sonderangebote-lithium-batterien","8":"product_brand-buttner-elektronik-de","9":"product_cat-lithium-batterien","11":"first","12":"instock","13":"sale","14":"taxable","15":"shipping-taxable","16":"purchasable","17":"product-type-simple"},"acf":[],"yoast_head":"<!-- This site is optimized with the Yoast SEO plugin v27.5 - https:\/\/yoast.com\/product\/yoast-seo-wordpress\/ -->\n<title>Bord-Versorgungsbatterie Li - Ionen 105 AH - Bantam<\/title>\n<meta name=\"robots\" content=\"index, follow, max-snippet:-1, max-image-preview:large, max-video-preview:-1\" \/>\n<link rel=\"canonical\" href=\"https:\/\/shop.bantam.ch\/de\/produkt\/bord-versorgungsbatterie-li-ionen-105-ah\/\" \/>\n<meta property=\"og:locale\" content=\"de_DE\" \/>\n<meta property=\"og:type\" content=\"article\" \/>\n<meta property=\"og:title\" content=\"Bord-Versorgungsbatterie Li - Ionen 105 AH - Bantam\" \/>\n<meta property=\"og:description\" content=\"Speziell f\u00fcr Reisemobile entwickelte Lithium-Hochleistungsbatterie. Hohe Speicherkapazit\u00e4t, geringes Gewicht und eine hohe Zyklenfestigkeit zeichnen die LiFePO4-Bordbatterien von B\u00dcTTNER Elektronik aus. Durch ein intelligentes Batterie-Management-System &#040;BMS&#041; werden die Batterien intern sicher \u00fcberwacht. Der Betrieb von Wechselrichtern auch mit h\u00f6herer Ausgangsleistung ist problemlos m\u00f6glich. Selbst bei der kleinsten Ausf\u00fchrung k\u00f6nnen mit einem Wechselrichter Verbraucher bis zu 1200 [&hellip;]\" \/>\n<meta property=\"og:url\" content=\"https:\/\/shop.bantam.ch\/de\/produkt\/bord-versorgungsbatterie-li-ionen-105-ah\/\" \/>\n<meta property=\"og:site_name\" content=\"Bantam\" \/>\n<meta property=\"article:modified_time\" content=\"2026-05-01T20:39:40+00:00\" \/>\n<meta property=\"og:image\" content=\"https:\/\/shop.bantam.ch\/wp-content\/uploads\/2023\/05\/996061211.jpg\" \/>\n\t<meta property=\"og:image:width\" content=\"1000\" \/>\n\t<meta property=\"og:image:height\" content=\"766\" \/>\n\t<meta property=\"og:image:type\" content=\"image\/jpeg\" \/>\n<meta name=\"twitter:card\" content=\"summary_large_image\" \/>\n<meta name=\"twitter:label1\" content=\"Gesch\u00e4tzte Lesezeit\" \/>\n\t<meta name=\"twitter:data1\" content=\"1\u00a0Minute\" \/>\n<script type=\"application\/ld+json\" class=\"yoast-schema-graph\">{\"@context\":\"https:\\\/\\\/schema.org\",\"@graph\":[{\"@type\":\"WebPage\",\"@id\":\"https:\\\/\\\/shop.bantam.ch\\\/de\\\/produkt\\\/bord-versorgungsbatterie-li-ionen-105-ah\\\/\",\"url\":\"https:\\\/\\\/shop.bantam.ch\\\/de\\\/produkt\\\/bord-versorgungsbatterie-li-ionen-105-ah\\\/\",\"name\":\"Bord-Versorgungsbatterie Li - Ionen 105 AH - Bantam\",\"isPartOf\":{\"@id\":\"https:\\\/\\\/shop.bantam.ch\\\/de\\\/#website\"},\"primaryImageOfPage\":{\"@id\":\"https:\\\/\\\/shop.bantam.ch\\\/de\\\/produkt\\\/bord-versorgungsbatterie-li-ionen-105-ah\\\/#primaryimage\"},\"image\":{\"@id\":\"https:\\\/\\\/shop.bantam.ch\\\/de\\\/produkt\\\/bord-versorgungsbatterie-li-ionen-105-ah\\\/#primaryimage\"},\"thumbnailUrl\":\"https:\\\/\\\/shop.bantam.ch\\\/wp-content\\\/uploads\\\/2023\\\/05\\\/996061211.jpg\",\"datePublished\":\"2023-05-25T20:47:53+00:00\",\"dateModified\":\"2026-05-01T20:39:40+00:00\",\"breadcrumb\":{\"@id\":\"https:\\\/\\\/shop.bantam.ch\\\/de\\\/produkt\\\/bord-versorgungsbatterie-li-ionen-105-ah\\\/#breadcrumb\"},\"inLanguage\":\"de\",\"potentialAction\":[{\"@type\":\"ReadAction\",\"target\":[\"https:\\\/\\\/shop.bantam.ch\\\/de\\\/produkt\\\/bord-versorgungsbatterie-li-ionen-105-ah\\\/\"]}]},{\"@type\":\"ImageObject\",\"inLanguage\":\"de\",\"@id\":\"https:\\\/\\\/shop.bantam.ch\\\/de\\\/produkt\\\/bord-versorgungsbatterie-li-ionen-105-ah\\\/#primaryimage\",\"url\":\"https:\\\/\\\/shop.bantam.ch\\\/wp-content\\\/uploads\\\/2023\\\/05\\\/996061211.jpg\",\"contentUrl\":\"https:\\\/\\\/shop.bantam.ch\\\/wp-content\\\/uploads\\\/2023\\\/05\\\/996061211.jpg\",\"width\":1000,\"height\":766},{\"@type\":\"BreadcrumbList\",\"@id\":\"https:\\\/\\\/shop.bantam.ch\\\/de\\\/produkt\\\/bord-versorgungsbatterie-li-ionen-105-ah\\\/#breadcrumb\",\"itemListElement\":[{\"@type\":\"ListItem\",\"position\":1,\"name\":\"Accueil\",\"item\":\"https:\\\/\\\/shop.bantam.ch\\\/de\\\/\"},{\"@type\":\"ListItem\",\"position\":2,\"name\":\"Shop\",\"item\":\"https:\\\/\\\/shop.bantam.ch\\\/de\\\/shop\\\/\"},{\"@type\":\"ListItem\",\"position\":3,\"name\":\"Bord-Versorgungsbatterie Li &#8211; Ionen 105 AH\"}]},{\"@type\":\"WebSite\",\"@id\":\"https:\\\/\\\/shop.bantam.ch\\\/de\\\/#website\",\"url\":\"https:\\\/\\\/shop.bantam.ch\\\/de\\\/\",\"name\":\"Bantam\",\"description\":\"\",\"publisher\":{\"@id\":\"https:\\\/\\\/shop.bantam.ch\\\/de\\\/#organization\"},\"inLanguage\":\"de\"},{\"@type\":\"Organization\",\"@id\":\"https:\\\/\\\/shop.bantam.ch\\\/de\\\/#organization\",\"name\":\"Bantam\",\"url\":\"https:\\\/\\\/shop.bantam.ch\\\/de\\\/\",\"logo\":{\"@type\":\"ImageObject\",\"inLanguage\":\"de\",\"@id\":\"https:\\\/\\\/shop.bantam.ch\\\/de\\\/#\\\/schema\\\/logo\\\/image\\\/\",\"url\":\"https:\\\/\\\/shop.bantam.ch\\\/wp-content\\\/uploads\\\/2022\\\/12\\\/bantam-logo.png\",\"contentUrl\":\"https:\\\/\\\/shop.bantam.ch\\\/wp-content\\\/uploads\\\/2022\\\/12\\\/bantam-logo.png\",\"width\":320,\"height\":71,\"caption\":\"Bantam\"},\"image\":{\"@id\":\"https:\\\/\\\/shop.bantam.ch\\\/de\\\/#\\\/schema\\\/logo\\\/image\\\/\"}}]}<\/script>\n<!-- \/ Yoast SEO plugin. -->","yoast_head_json":{"title":"Bord-Versorgungsbatterie Li - Ionen 105 AH - Bantam","robots":{"index":"index","follow":"follow","max-snippet":"max-snippet:-1","max-image-preview":"max-image-preview:large","max-video-preview":"max-video-preview:-1"},"canonical":"https:\/\/shop.bantam.ch\/de\/produkt\/bord-versorgungsbatterie-li-ionen-105-ah\/","og_locale":"de_DE","og_type":"article","og_title":"Bord-Versorgungsbatterie Li - Ionen 105 AH - Bantam","og_description":"Speziell f\u00fcr Reisemobile entwickelte Lithium-Hochleistungsbatterie. Hohe Speicherkapazit\u00e4t, geringes Gewicht und eine hohe Zyklenfestigkeit zeichnen die LiFePO4-Bordbatterien von B\u00dcTTNER Elektronik aus. Durch ein intelligentes Batterie-Management-System &#040;BMS&#041; werden die Batterien intern sicher \u00fcberwacht. Der Betrieb von Wechselrichtern auch mit h\u00f6herer Ausgangsleistung ist problemlos m\u00f6glich. Selbst bei der kleinsten Ausf\u00fchrung k\u00f6nnen mit einem Wechselrichter Verbraucher bis zu 1200 [&hellip;]","og_url":"https:\/\/shop.bantam.ch\/de\/produkt\/bord-versorgungsbatterie-li-ionen-105-ah\/","og_site_name":"Bantam","article_modified_time":"2026-05-01T20:39:40+00:00","og_image":[{"width":1000,"height":766,"url":"https:\/\/shop.bantam.ch\/wp-content\/uploads\/2023\/05\/996061211.jpg","type":"image\/jpeg"}],"twitter_card":"summary_large_image","twitter_misc":{"Gesch\u00e4tzte Lesezeit":"1\u00a0Minute"},"schema":{"@context":"https:\/\/schema.org","@graph":[{"@type":"WebPage","@id":"https:\/\/shop.bantam.ch\/de\/produkt\/bord-versorgungsbatterie-li-ionen-105-ah\/","url":"https:\/\/shop.bantam.ch\/de\/produkt\/bord-versorgungsbatterie-li-ionen-105-ah\/","name":"Bord-Versorgungsbatterie Li - Ionen 105 AH - Bantam","isPartOf":{"@id":"https:\/\/shop.bantam.ch\/de\/#website"},"primaryImageOfPage":{"@id":"https:\/\/shop.bantam.ch\/de\/produkt\/bord-versorgungsbatterie-li-ionen-105-ah\/#primaryimage"},"image":{"@id":"https:\/\/shop.bantam.ch\/de\/produkt\/bord-versorgungsbatterie-li-ionen-105-ah\/#primaryimage"},"thumbnailUrl":"https:\/\/shop.bantam.ch\/wp-content\/uploads\/2023\/05\/996061211.jpg","datePublished":"2023-05-25T20:47:53+00:00","dateModified":"2026-05-01T20:39:40+00:00","breadcrumb":{"@id":"https:\/\/shop.bantam.ch\/de\/produkt\/bord-versorgungsbatterie-li-ionen-105-ah\/#breadcrumb"},"inLanguage":"de","potentialAction":[{"@type":"ReadAction","target":["https:\/\/shop.bantam.ch\/de\/produkt\/bord-versorgungsbatterie-li-ionen-105-ah\/"]}]},{"@type":"ImageObject","inLanguage":"de","@id":"https:\/\/shop.bantam.ch\/de\/produkt\/bord-versorgungsbatterie-li-ionen-105-ah\/#primaryimage","url":"https:\/\/shop.bantam.ch\/wp-content\/uploads\/2023\/05\/996061211.jpg","contentUrl":"https:\/\/shop.bantam.ch\/wp-content\/uploads\/2023\/05\/996061211.jpg","width":1000,"height":766},{"@type":"BreadcrumbList","@id":"https:\/\/shop.bantam.ch\/de\/produkt\/bord-versorgungsbatterie-li-ionen-105-ah\/#breadcrumb","itemListElement":[{"@type":"ListItem","position":1,"name":"Accueil","item":"https:\/\/shop.bantam.ch\/de\/"},{"@type":"ListItem","position":2,"name":"Shop","item":"https:\/\/shop.bantam.ch\/de\/shop\/"},{"@type":"ListItem","position":3,"name":"Bord-Versorgungsbatterie Li &#8211; Ionen 105 AH"}]},{"@type":"WebSite","@id":"https:\/\/shop.bantam.ch\/de\/#website","url":"https:\/\/shop.bantam.ch\/de\/","name":"Bantam","description":"","publisher":{"@id":"https:\/\/shop.bantam.ch\/de\/#organization"},"inLanguage":"de"},{"@type":"Organization","@id":"https:\/\/shop.bantam.ch\/de\/#organization","name":"Bantam","url":"https:\/\/shop.bantam.ch\/de\/","logo":{"@type":"ImageObject","inLanguage":"de","@id":"https:\/\/shop.bantam.ch\/de\/#\/schema\/logo\/image\/","url":"https:\/\/shop.bantam.ch\/wp-content\/uploads\/2022\/12\/bantam-logo.png","contentUrl":"https:\/\/shop.bantam.ch\/wp-content\/uploads\/2022\/12\/bantam-logo.png","width":320,"height":71,"caption":"Bantam"},"image":{"@id":"https:\/\/shop.bantam.ch\/de\/#\/schema\/logo\/image\/"}}]}},"_links":{"self":[{"href":"https:\/\/shop.bantam.ch\/de\/wp-json\/wp\/v2\/product\/179095","targetHints":{"allow":["GET"]}}],"collection":[{"href":"https:\/\/shop.bantam.ch\/de\/wp-json\/wp\/v2\/product"}],"about":[{"href":"https:\/\/shop.bantam.ch\/de\/wp-json\/wp\/v2\/types\/product"}],"wp:featuredmedia":[{"embeddable":true,"href":"https:\/\/shop.bantam.ch\/de\/wp-json\/wp\/v2\/media\/179093"}],"wp:attachment":[{"href":"https:\/\/shop.bantam.ch\/de\/wp-json\/wp\/v2\/media?parent=179095"}],"wp:term":[{"taxonomy":"product_featured_cat","embeddable":true,"href":"https:\/\/shop.bantam.ch\/de\/wp-json\/wp\/v2\/product_featured_cat?post=179095"},{"taxonomy":"product_brand","embeddable":true,"href":"https:\/\/shop.bantam.ch\/de\/wp-json\/wp\/v2\/product_brand?post=179095"},{"taxonomy":"product_cat","embeddable":true,"href":"https:\/\/shop.bantam.ch\/de\/wp-json\/wp\/v2\/product_cat?post=179095"},{"taxonomy":"product_tag","embeddable":true,"href":"https:\/\/shop.bantam.ch\/de\/wp-json\/wp\/v2\/product_tag?post=179095"}],"curies":[{"name":"wp","href":"https:\/\/api.w.org\/{rel}","templated":true}]}}