{"id":177292,"date":"2023-05-25T21:37:16","date_gmt":"2023-05-25T19:37:16","guid":{"rendered":"https:\/\/shop.bantam.ch\/produit\/spuelschuessel-mit-stoepsel-und-aufbewahrungsfach-grau\/"},"modified":"2026-04-21T22:44:07","modified_gmt":"2026-04-21T20:44:07","slug":"spuelschuessel-mit-stoepsel-und-aufbewahrungsfach-grau","status":"publish","type":"product","link":"https:\/\/shop.bantam.ch\/de\/produkt\/spuelschuessel-mit-stoepsel-und-aufbewahrungsfach-grau\/","title":{"rendered":"Sp\u00fclsch\u00fcssel mit St\u00f6psel und Aufbewahrungsfach grau"},"content":{"rendered":"<p>Der Platz um ein Sp\u00fclbecken herum ist h\u00e4ufig begrenzt. Diese praktische Sp\u00fclsch\u00fcssel umfasst komfortablerweise ein separates Aufbewahrungsfach mit Platz f\u00fcr B\u00fcrsten, Schw\u00e4mme und Seifenspender. Der integrierte St\u00f6psel erm\u00f6glicht es, die Sch\u00fcssel ohne Hochzuheben zu leeren. Damit k\u00f6nnen Sie das Wasser auch ablaufen lassen, wobei gro\u00dfe Lebensmittelreste abgefangen werden, die das Sp\u00fclbecken blockieren k\u00f6nnen. Die steilen Seitenfl\u00e4chen helfen, das Wasser und den Schaum in der Sch\u00fcssel zu halten. F\u00fcr das einfache und bequeme Tragen der Sch\u00fcssel sind zwei gro\u00dfe Griffe vorhanden.<\/p>\n","protected":false},"excerpt":{"rendered":"<p>Der Platz um ein Sp\u00fclbecken herum ist h\u00e4ufig begrenzt. Diese praktische Sp\u00fclsch\u00fcssel umfasst komfortablerweise ein separates Aufbewahrungsfach mit Platz f\u00fcr B\u00fcrsten, Schw\u00e4mme und Seifenspender. Der integrierte St\u00f6psel erm\u00f6glicht es, die Sch\u00fcssel ohne Hochzuheben zu leeren. Damit k\u00f6nnen Sie das Wasser auch ablaufen lassen, wobei gro\u00dfe Lebensmittelreste abgefangen werden, die das Sp\u00fclbecken blockieren k\u00f6nnen. Die steilen [&hellip;]<\/p>\n","protected":false},"featured_media":177284,"template":"","meta":{"_acf_changed":false},"product_featured_cat":[],"product_brand":[3413],"product_cat":[4286],"product_tag":[],"class_list":{"0":"post-177292","1":"product","2":"type-product","3":"status-publish","4":"has-post-thumbnail","6":"product_brand-joseph-joseph-de","7":"product_cat-kuechenhelfer","9":"first","10":"instock","11":"taxable","12":"shipping-taxable","13":"purchasable","14":"product-type-simple"},"acf":[],"yoast_head":"<!-- This site is optimized with the Yoast SEO plugin v27.4 - https:\/\/yoast.com\/product\/yoast-seo-wordpress\/ -->\n<title>Sp\u00fclsch\u00fcssel mit St\u00f6psel und Aufbewahrungsfach grau - Bantam Camping AG<\/title>\n<meta name=\"robots\" content=\"index, follow, max-snippet:-1, max-image-preview:large, max-video-preview:-1\" \/>\n<link rel=\"canonical\" href=\"https:\/\/shop.bantam.ch\/de\/produkt\/spuelschuessel-mit-stoepsel-und-aufbewahrungsfach-grau\/\" \/>\n<meta property=\"og:locale\" content=\"de_DE\" \/>\n<meta property=\"og:type\" content=\"article\" \/>\n<meta property=\"og:title\" content=\"Sp\u00fclsch\u00fcssel mit St\u00f6psel und Aufbewahrungsfach grau - Bantam Camping AG\" \/>\n<meta property=\"og:description\" content=\"Der Platz um ein Sp\u00fclbecken herum ist h\u00e4ufig begrenzt. Diese praktische Sp\u00fclsch\u00fcssel umfasst komfortablerweise ein separates Aufbewahrungsfach mit Platz f\u00fcr B\u00fcrsten, Schw\u00e4mme und Seifenspender. Der integrierte St\u00f6psel erm\u00f6glicht es, die Sch\u00fcssel ohne Hochzuheben zu leeren. Damit k\u00f6nnen Sie das Wasser auch ablaufen lassen, wobei gro\u00dfe Lebensmittelreste abgefangen werden, die das Sp\u00fclbecken blockieren k\u00f6nnen. Die steilen [&hellip;]\" \/>\n<meta property=\"og:url\" content=\"https:\/\/shop.bantam.ch\/de\/produkt\/spuelschuessel-mit-stoepsel-und-aufbewahrungsfach-grau\/\" \/>\n<meta property=\"og:site_name\" content=\"Bantam Camping AG\" \/>\n<meta property=\"article:modified_time\" content=\"2026-04-21T20:44:07+00:00\" \/>\n<meta property=\"og:image\" content=\"https:\/\/shop.bantam.ch\/wp-content\/uploads\/2023\/05\/995556811.jpg\" \/>\n\t<meta property=\"og:image:width\" content=\"1000\" \/>\n\t<meta property=\"og:image:height\" content=\"829\" \/>\n\t<meta property=\"og:image:type\" content=\"image\/jpeg\" \/>\n<meta name=\"twitter:card\" content=\"summary_large_image\" \/>\n<script type=\"application\/ld+json\" class=\"yoast-schema-graph\">{\"@context\":\"https:\\\/\\\/schema.org\",\"@graph\":[{\"@type\":\"WebPage\",\"@id\":\"https:\\\/\\\/shop.bantam.ch\\\/de\\\/produkt\\\/spuelschuessel-mit-stoepsel-und-aufbewahrungsfach-grau\\\/\",\"url\":\"https:\\\/\\\/shop.bantam.ch\\\/de\\\/produkt\\\/spuelschuessel-mit-stoepsel-und-aufbewahrungsfach-grau\\\/\",\"name\":\"Sp\u00fclsch\u00fcssel mit St\u00f6psel und Aufbewahrungsfach grau - Bantam Camping AG\",\"isPartOf\":{\"@id\":\"https:\\\/\\\/shop.bantam.ch\\\/de\\\/#website\"},\"primaryImageOfPage\":{\"@id\":\"https:\\\/\\\/shop.bantam.ch\\\/de\\\/produkt\\\/spuelschuessel-mit-stoepsel-und-aufbewahrungsfach-grau\\\/#primaryimage\"},\"image\":{\"@id\":\"https:\\\/\\\/shop.bantam.ch\\\/de\\\/produkt\\\/spuelschuessel-mit-stoepsel-und-aufbewahrungsfach-grau\\\/#primaryimage\"},\"thumbnailUrl\":\"https:\\\/\\\/shop.bantam.ch\\\/wp-content\\\/uploads\\\/2023\\\/05\\\/995556811.jpg\",\"datePublished\":\"2023-05-25T19:37:16+00:00\",\"dateModified\":\"2026-04-21T20:44:07+00:00\",\"breadcrumb\":{\"@id\":\"https:\\\/\\\/shop.bantam.ch\\\/de\\\/produkt\\\/spuelschuessel-mit-stoepsel-und-aufbewahrungsfach-grau\\\/#breadcrumb\"},\"inLanguage\":\"de\",\"potentialAction\":[{\"@type\":\"ReadAction\",\"target\":[\"https:\\\/\\\/shop.bantam.ch\\\/de\\\/produkt\\\/spuelschuessel-mit-stoepsel-und-aufbewahrungsfach-grau\\\/\"]}]},{\"@type\":\"ImageObject\",\"inLanguage\":\"de\",\"@id\":\"https:\\\/\\\/shop.bantam.ch\\\/de\\\/produkt\\\/spuelschuessel-mit-stoepsel-und-aufbewahrungsfach-grau\\\/#primaryimage\",\"url\":\"https:\\\/\\\/shop.bantam.ch\\\/wp-content\\\/uploads\\\/2023\\\/05\\\/995556811.jpg\",\"contentUrl\":\"https:\\\/\\\/shop.bantam.ch\\\/wp-content\\\/uploads\\\/2023\\\/05\\\/995556811.jpg\",\"width\":1000,\"height\":829},{\"@type\":\"BreadcrumbList\",\"@id\":\"https:\\\/\\\/shop.bantam.ch\\\/de\\\/produkt\\\/spuelschuessel-mit-stoepsel-und-aufbewahrungsfach-grau\\\/#breadcrumb\",\"itemListElement\":[{\"@type\":\"ListItem\",\"position\":1,\"name\":\"Accueil\",\"item\":\"https:\\\/\\\/shop.bantam.ch\\\/de\\\/\"},{\"@type\":\"ListItem\",\"position\":2,\"name\":\"Shop\",\"item\":\"https:\\\/\\\/shop.bantam.ch\\\/de\\\/shop\\\/\"},{\"@type\":\"ListItem\",\"position\":3,\"name\":\"Sp\u00fclsch\u00fcssel mit St\u00f6psel und Aufbewahrungsfach grau\"}]},{\"@type\":\"WebSite\",\"@id\":\"https:\\\/\\\/shop.bantam.ch\\\/de\\\/#website\",\"url\":\"https:\\\/\\\/shop.bantam.ch\\\/de\\\/\",\"name\":\"Bantam Camping AG\",\"description\":\"\",\"publisher\":{\"@id\":\"https:\\\/\\\/shop.bantam.ch\\\/de\\\/#organization\"},\"inLanguage\":\"de\"},{\"@type\":\"Organization\",\"@id\":\"https:\\\/\\\/shop.bantam.ch\\\/de\\\/#organization\",\"name\":\"Bantam Camping AG\",\"url\":\"https:\\\/\\\/shop.bantam.ch\\\/de\\\/\",\"logo\":{\"@type\":\"ImageObject\",\"inLanguage\":\"de\",\"@id\":\"https:\\\/\\\/shop.bantam.ch\\\/de\\\/#\\\/schema\\\/logo\\\/image\\\/\",\"url\":\"https:\\\/\\\/shop.bantam.ch\\\/wp-content\\\/uploads\\\/2022\\\/12\\\/bantam-logo.png\",\"contentUrl\":\"https:\\\/\\\/shop.bantam.ch\\\/wp-content\\\/uploads\\\/2022\\\/12\\\/bantam-logo.png\",\"width\":320,\"height\":71,\"caption\":\"Bantam Camping AG\"},\"image\":{\"@id\":\"https:\\\/\\\/shop.bantam.ch\\\/de\\\/#\\\/schema\\\/logo\\\/image\\\/\"}}]}<\/script>\n<!-- \/ Yoast SEO plugin. -->","yoast_head_json":{"title":"Sp\u00fclsch\u00fcssel mit St\u00f6psel und Aufbewahrungsfach grau - Bantam Camping AG","robots":{"index":"index","follow":"follow","max-snippet":"max-snippet:-1","max-image-preview":"max-image-preview:large","max-video-preview":"max-video-preview:-1"},"canonical":"https:\/\/shop.bantam.ch\/de\/produkt\/spuelschuessel-mit-stoepsel-und-aufbewahrungsfach-grau\/","og_locale":"de_DE","og_type":"article","og_title":"Sp\u00fclsch\u00fcssel mit St\u00f6psel und Aufbewahrungsfach grau - Bantam Camping AG","og_description":"Der Platz um ein Sp\u00fclbecken herum ist h\u00e4ufig begrenzt. Diese praktische Sp\u00fclsch\u00fcssel umfasst komfortablerweise ein separates Aufbewahrungsfach mit Platz f\u00fcr B\u00fcrsten, Schw\u00e4mme und Seifenspender. Der integrierte St\u00f6psel erm\u00f6glicht es, die Sch\u00fcssel ohne Hochzuheben zu leeren. Damit k\u00f6nnen Sie das Wasser auch ablaufen lassen, wobei gro\u00dfe Lebensmittelreste abgefangen werden, die das Sp\u00fclbecken blockieren k\u00f6nnen. Die steilen [&hellip;]","og_url":"https:\/\/shop.bantam.ch\/de\/produkt\/spuelschuessel-mit-stoepsel-und-aufbewahrungsfach-grau\/","og_site_name":"Bantam Camping AG","article_modified_time":"2026-04-21T20:44:07+00:00","og_image":[{"width":1000,"height":829,"url":"https:\/\/shop.bantam.ch\/wp-content\/uploads\/2023\/05\/995556811.jpg","type":"image\/jpeg"}],"twitter_card":"summary_large_image","schema":{"@context":"https:\/\/schema.org","@graph":[{"@type":"WebPage","@id":"https:\/\/shop.bantam.ch\/de\/produkt\/spuelschuessel-mit-stoepsel-und-aufbewahrungsfach-grau\/","url":"https:\/\/shop.bantam.ch\/de\/produkt\/spuelschuessel-mit-stoepsel-und-aufbewahrungsfach-grau\/","name":"Sp\u00fclsch\u00fcssel mit St\u00f6psel und Aufbewahrungsfach grau - Bantam Camping AG","isPartOf":{"@id":"https:\/\/shop.bantam.ch\/de\/#website"},"primaryImageOfPage":{"@id":"https:\/\/shop.bantam.ch\/de\/produkt\/spuelschuessel-mit-stoepsel-und-aufbewahrungsfach-grau\/#primaryimage"},"image":{"@id":"https:\/\/shop.bantam.ch\/de\/produkt\/spuelschuessel-mit-stoepsel-und-aufbewahrungsfach-grau\/#primaryimage"},"thumbnailUrl":"https:\/\/shop.bantam.ch\/wp-content\/uploads\/2023\/05\/995556811.jpg","datePublished":"2023-05-25T19:37:16+00:00","dateModified":"2026-04-21T20:44:07+00:00","breadcrumb":{"@id":"https:\/\/shop.bantam.ch\/de\/produkt\/spuelschuessel-mit-stoepsel-und-aufbewahrungsfach-grau\/#breadcrumb"},"inLanguage":"de","potentialAction":[{"@type":"ReadAction","target":["https:\/\/shop.bantam.ch\/de\/produkt\/spuelschuessel-mit-stoepsel-und-aufbewahrungsfach-grau\/"]}]},{"@type":"ImageObject","inLanguage":"de","@id":"https:\/\/shop.bantam.ch\/de\/produkt\/spuelschuessel-mit-stoepsel-und-aufbewahrungsfach-grau\/#primaryimage","url":"https:\/\/shop.bantam.ch\/wp-content\/uploads\/2023\/05\/995556811.jpg","contentUrl":"https:\/\/shop.bantam.ch\/wp-content\/uploads\/2023\/05\/995556811.jpg","width":1000,"height":829},{"@type":"BreadcrumbList","@id":"https:\/\/shop.bantam.ch\/de\/produkt\/spuelschuessel-mit-stoepsel-und-aufbewahrungsfach-grau\/#breadcrumb","itemListElement":[{"@type":"ListItem","position":1,"name":"Accueil","item":"https:\/\/shop.bantam.ch\/de\/"},{"@type":"ListItem","position":2,"name":"Shop","item":"https:\/\/shop.bantam.ch\/de\/shop\/"},{"@type":"ListItem","position":3,"name":"Sp\u00fclsch\u00fcssel mit St\u00f6psel und Aufbewahrungsfach grau"}]},{"@type":"WebSite","@id":"https:\/\/shop.bantam.ch\/de\/#website","url":"https:\/\/shop.bantam.ch\/de\/","name":"Bantam Camping AG","description":"","publisher":{"@id":"https:\/\/shop.bantam.ch\/de\/#organization"},"inLanguage":"de"},{"@type":"Organization","@id":"https:\/\/shop.bantam.ch\/de\/#organization","name":"Bantam Camping AG","url":"https:\/\/shop.bantam.ch\/de\/","logo":{"@type":"ImageObject","inLanguage":"de","@id":"https:\/\/shop.bantam.ch\/de\/#\/schema\/logo\/image\/","url":"https:\/\/shop.bantam.ch\/wp-content\/uploads\/2022\/12\/bantam-logo.png","contentUrl":"https:\/\/shop.bantam.ch\/wp-content\/uploads\/2022\/12\/bantam-logo.png","width":320,"height":71,"caption":"Bantam Camping AG"},"image":{"@id":"https:\/\/shop.bantam.ch\/de\/#\/schema\/logo\/image\/"}}]}},"_links":{"self":[{"href":"https:\/\/shop.bantam.ch\/de\/wp-json\/wp\/v2\/product\/177292","targetHints":{"allow":["GET"]}}],"collection":[{"href":"https:\/\/shop.bantam.ch\/de\/wp-json\/wp\/v2\/product"}],"about":[{"href":"https:\/\/shop.bantam.ch\/de\/wp-json\/wp\/v2\/types\/product"}],"wp:featuredmedia":[{"embeddable":true,"href":"https:\/\/shop.bantam.ch\/de\/wp-json\/wp\/v2\/media\/177284"}],"wp:attachment":[{"href":"https:\/\/shop.bantam.ch\/de\/wp-json\/wp\/v2\/media?parent=177292"}],"wp:term":[{"taxonomy":"product_featured_cat","embeddable":true,"href":"https:\/\/shop.bantam.ch\/de\/wp-json\/wp\/v2\/product_featured_cat?post=177292"},{"taxonomy":"product_brand","embeddable":true,"href":"https:\/\/shop.bantam.ch\/de\/wp-json\/wp\/v2\/product_brand?post=177292"},{"taxonomy":"product_cat","embeddable":true,"href":"https:\/\/shop.bantam.ch\/de\/wp-json\/wp\/v2\/product_cat?post=177292"},{"taxonomy":"product_tag","embeddable":true,"href":"https:\/\/shop.bantam.ch\/de\/wp-json\/wp\/v2\/product_tag?post=177292"}],"curies":[{"name":"wp","href":"https:\/\/api.w.org\/{rel}","templated":true}]}}