{"id":175906,"date":"2023-05-25T20:39:07","date_gmt":"2023-05-25T18:39:07","guid":{"rendered":"https:\/\/shop.bantam.ch\/produit\/markise-omnistor-4900-mit-psa-minivan-adapter-260-x-200-cm\/"},"modified":"2026-04-18T22:42:33","modified_gmt":"2026-04-18T20:42:33","slug":"markise-omnistor-4900-mit-psa-minivan-adapter-260-x-200-cm","status":"publish","type":"product","link":"https:\/\/shop.bantam.ch\/de\/produkt\/markise-omnistor-4900-mit-psa-minivan-adapter-260-x-200-cm\/","title":{"rendered":"Markise Omnistor 4900 mit PSA Minivan Adapter 260 x 200 cm"},"content":{"rendered":"<p>Die Markise ist mit einem kleinen Rollenrohr ausgestattet, das eine enorme Gewichtsreduzierung erm\u00f6glicht und gleichzeitig die Stabilit\u00e4t erh\u00f6ht und die Gewebespannung optimiert. Ovale St\u00fctzbeine, die senkrecht zu \u00f6ffnen sind, somit wird das Risiko f\u00fcr Sch\u00e4den am Fahrzeug reduziert. Material aus PVC-Tuch.<\/p>\n<p>Lieferumfang:<br \/>Inklusive 2-tlg. Adapter f\u00fcr Minivans<\/p>\n","protected":false},"excerpt":{"rendered":"<p>Die Markise ist mit einem kleinen Rollenrohr ausgestattet, das eine enorme Gewichtsreduzierung erm\u00f6glicht und gleichzeitig die Stabilit\u00e4t erh\u00f6ht und die Gewebespannung optimiert. Ovale St\u00fctzbeine, die senkrecht zu \u00f6ffnen sind, somit wird das Risiko f\u00fcr Sch\u00e4den am Fahrzeug reduziert. Material aus PVC-Tuch. Lieferumfang:Inklusive 2-tlg. Adapter f\u00fcr Minivans<\/p>\n","protected":false},"featured_media":175896,"template":"","meta":{"_acf_changed":false},"product_featured_cat":[],"product_brand":[3047],"product_cat":[4724],"product_tag":[],"class_list":{"0":"post-175906","1":"product","2":"type-product","3":"status-publish","4":"has-post-thumbnail","6":"product_brand-thule-de","7":"product_cat-rollos","9":"first","10":"instock","11":"taxable","12":"shipping-taxable","13":"purchasable","14":"product-type-simple"},"acf":[],"yoast_head":"<!-- This site is optimized with the Yoast SEO plugin v27.4 - https:\/\/yoast.com\/product\/yoast-seo-wordpress\/ -->\n<title>Markise Omnistor 4900 mit PSA Minivan Adapter 260 x 200 cm - Bantam Camping AG<\/title>\n<meta name=\"robots\" content=\"index, follow, max-snippet:-1, max-image-preview:large, max-video-preview:-1\" \/>\n<link rel=\"canonical\" href=\"https:\/\/shop.bantam.ch\/de\/produkt\/markise-omnistor-4900-mit-psa-minivan-adapter-260-x-200-cm\/\" \/>\n<meta property=\"og:locale\" content=\"de_DE\" \/>\n<meta property=\"og:type\" content=\"article\" \/>\n<meta property=\"og:title\" content=\"Markise Omnistor 4900 mit PSA Minivan Adapter 260 x 200 cm - Bantam Camping AG\" \/>\n<meta property=\"og:description\" content=\"Die Markise ist mit einem kleinen Rollenrohr ausgestattet, das eine enorme Gewichtsreduzierung erm\u00f6glicht und gleichzeitig die Stabilit\u00e4t erh\u00f6ht und die Gewebespannung optimiert. Ovale St\u00fctzbeine, die senkrecht zu \u00f6ffnen sind, somit wird das Risiko f\u00fcr Sch\u00e4den am Fahrzeug reduziert. Material aus PVC-Tuch. Lieferumfang:Inklusive 2-tlg. Adapter f\u00fcr Minivans\" \/>\n<meta property=\"og:url\" content=\"https:\/\/shop.bantam.ch\/de\/produkt\/markise-omnistor-4900-mit-psa-minivan-adapter-260-x-200-cm\/\" \/>\n<meta property=\"og:site_name\" content=\"Bantam Camping AG\" \/>\n<meta property=\"article:modified_time\" content=\"2026-04-18T20:42:33+00:00\" \/>\n<meta property=\"og:image\" content=\"https:\/\/shop.bantam.ch\/wp-content\/uploads\/2023\/05\/995436811.jpg\" \/>\n\t<meta property=\"og:image:width\" content=\"1000\" \/>\n\t<meta property=\"og:image:height\" content=\"623\" \/>\n\t<meta property=\"og:image:type\" content=\"image\/jpeg\" \/>\n<meta name=\"twitter:card\" content=\"summary_large_image\" \/>\n<script type=\"application\/ld+json\" class=\"yoast-schema-graph\">{\"@context\":\"https:\\\/\\\/schema.org\",\"@graph\":[{\"@type\":\"WebPage\",\"@id\":\"https:\\\/\\\/shop.bantam.ch\\\/de\\\/produkt\\\/markise-omnistor-4900-mit-psa-minivan-adapter-260-x-200-cm\\\/\",\"url\":\"https:\\\/\\\/shop.bantam.ch\\\/de\\\/produkt\\\/markise-omnistor-4900-mit-psa-minivan-adapter-260-x-200-cm\\\/\",\"name\":\"Markise Omnistor 4900 mit PSA Minivan Adapter 260 x 200 cm - Bantam Camping AG\",\"isPartOf\":{\"@id\":\"https:\\\/\\\/shop.bantam.ch\\\/de\\\/#website\"},\"primaryImageOfPage\":{\"@id\":\"https:\\\/\\\/shop.bantam.ch\\\/de\\\/produkt\\\/markise-omnistor-4900-mit-psa-minivan-adapter-260-x-200-cm\\\/#primaryimage\"},\"image\":{\"@id\":\"https:\\\/\\\/shop.bantam.ch\\\/de\\\/produkt\\\/markise-omnistor-4900-mit-psa-minivan-adapter-260-x-200-cm\\\/#primaryimage\"},\"thumbnailUrl\":\"https:\\\/\\\/shop.bantam.ch\\\/wp-content\\\/uploads\\\/2023\\\/05\\\/995436811.jpg\",\"datePublished\":\"2023-05-25T18:39:07+00:00\",\"dateModified\":\"2026-04-18T20:42:33+00:00\",\"breadcrumb\":{\"@id\":\"https:\\\/\\\/shop.bantam.ch\\\/de\\\/produkt\\\/markise-omnistor-4900-mit-psa-minivan-adapter-260-x-200-cm\\\/#breadcrumb\"},\"inLanguage\":\"de\",\"potentialAction\":[{\"@type\":\"ReadAction\",\"target\":[\"https:\\\/\\\/shop.bantam.ch\\\/de\\\/produkt\\\/markise-omnistor-4900-mit-psa-minivan-adapter-260-x-200-cm\\\/\"]}]},{\"@type\":\"ImageObject\",\"inLanguage\":\"de\",\"@id\":\"https:\\\/\\\/shop.bantam.ch\\\/de\\\/produkt\\\/markise-omnistor-4900-mit-psa-minivan-adapter-260-x-200-cm\\\/#primaryimage\",\"url\":\"https:\\\/\\\/shop.bantam.ch\\\/wp-content\\\/uploads\\\/2023\\\/05\\\/995436811.jpg\",\"contentUrl\":\"https:\\\/\\\/shop.bantam.ch\\\/wp-content\\\/uploads\\\/2023\\\/05\\\/995436811.jpg\",\"width\":1000,\"height\":623},{\"@type\":\"BreadcrumbList\",\"@id\":\"https:\\\/\\\/shop.bantam.ch\\\/de\\\/produkt\\\/markise-omnistor-4900-mit-psa-minivan-adapter-260-x-200-cm\\\/#breadcrumb\",\"itemListElement\":[{\"@type\":\"ListItem\",\"position\":1,\"name\":\"Accueil\",\"item\":\"https:\\\/\\\/shop.bantam.ch\\\/de\\\/\"},{\"@type\":\"ListItem\",\"position\":2,\"name\":\"Shop\",\"item\":\"https:\\\/\\\/shop.bantam.ch\\\/de\\\/shop\\\/\"},{\"@type\":\"ListItem\",\"position\":3,\"name\":\"Markise Omnistor 4900 mit PSA Minivan Adapter 260 x 200 cm\"}]},{\"@type\":\"WebSite\",\"@id\":\"https:\\\/\\\/shop.bantam.ch\\\/de\\\/#website\",\"url\":\"https:\\\/\\\/shop.bantam.ch\\\/de\\\/\",\"name\":\"Bantam Camping AG\",\"description\":\"\",\"publisher\":{\"@id\":\"https:\\\/\\\/shop.bantam.ch\\\/de\\\/#organization\"},\"inLanguage\":\"de\"},{\"@type\":\"Organization\",\"@id\":\"https:\\\/\\\/shop.bantam.ch\\\/de\\\/#organization\",\"name\":\"Bantam Camping AG\",\"url\":\"https:\\\/\\\/shop.bantam.ch\\\/de\\\/\",\"logo\":{\"@type\":\"ImageObject\",\"inLanguage\":\"de\",\"@id\":\"https:\\\/\\\/shop.bantam.ch\\\/de\\\/#\\\/schema\\\/logo\\\/image\\\/\",\"url\":\"https:\\\/\\\/shop.bantam.ch\\\/wp-content\\\/uploads\\\/2022\\\/12\\\/bantam-logo.png\",\"contentUrl\":\"https:\\\/\\\/shop.bantam.ch\\\/wp-content\\\/uploads\\\/2022\\\/12\\\/bantam-logo.png\",\"width\":320,\"height\":71,\"caption\":\"Bantam Camping AG\"},\"image\":{\"@id\":\"https:\\\/\\\/shop.bantam.ch\\\/de\\\/#\\\/schema\\\/logo\\\/image\\\/\"}}]}<\/script>\n<!-- \/ Yoast SEO plugin. -->","yoast_head_json":{"title":"Markise Omnistor 4900 mit PSA Minivan Adapter 260 x 200 cm - Bantam Camping AG","robots":{"index":"index","follow":"follow","max-snippet":"max-snippet:-1","max-image-preview":"max-image-preview:large","max-video-preview":"max-video-preview:-1"},"canonical":"https:\/\/shop.bantam.ch\/de\/produkt\/markise-omnistor-4900-mit-psa-minivan-adapter-260-x-200-cm\/","og_locale":"de_DE","og_type":"article","og_title":"Markise Omnistor 4900 mit PSA Minivan Adapter 260 x 200 cm - Bantam Camping AG","og_description":"Die Markise ist mit einem kleinen Rollenrohr ausgestattet, das eine enorme Gewichtsreduzierung erm\u00f6glicht und gleichzeitig die Stabilit\u00e4t erh\u00f6ht und die Gewebespannung optimiert. Ovale St\u00fctzbeine, die senkrecht zu \u00f6ffnen sind, somit wird das Risiko f\u00fcr Sch\u00e4den am Fahrzeug reduziert. Material aus PVC-Tuch. Lieferumfang:Inklusive 2-tlg. Adapter f\u00fcr Minivans","og_url":"https:\/\/shop.bantam.ch\/de\/produkt\/markise-omnistor-4900-mit-psa-minivan-adapter-260-x-200-cm\/","og_site_name":"Bantam Camping AG","article_modified_time":"2026-04-18T20:42:33+00:00","og_image":[{"width":1000,"height":623,"url":"https:\/\/shop.bantam.ch\/wp-content\/uploads\/2023\/05\/995436811.jpg","type":"image\/jpeg"}],"twitter_card":"summary_large_image","schema":{"@context":"https:\/\/schema.org","@graph":[{"@type":"WebPage","@id":"https:\/\/shop.bantam.ch\/de\/produkt\/markise-omnistor-4900-mit-psa-minivan-adapter-260-x-200-cm\/","url":"https:\/\/shop.bantam.ch\/de\/produkt\/markise-omnistor-4900-mit-psa-minivan-adapter-260-x-200-cm\/","name":"Markise Omnistor 4900 mit PSA Minivan Adapter 260 x 200 cm - Bantam Camping AG","isPartOf":{"@id":"https:\/\/shop.bantam.ch\/de\/#website"},"primaryImageOfPage":{"@id":"https:\/\/shop.bantam.ch\/de\/produkt\/markise-omnistor-4900-mit-psa-minivan-adapter-260-x-200-cm\/#primaryimage"},"image":{"@id":"https:\/\/shop.bantam.ch\/de\/produkt\/markise-omnistor-4900-mit-psa-minivan-adapter-260-x-200-cm\/#primaryimage"},"thumbnailUrl":"https:\/\/shop.bantam.ch\/wp-content\/uploads\/2023\/05\/995436811.jpg","datePublished":"2023-05-25T18:39:07+00:00","dateModified":"2026-04-18T20:42:33+00:00","breadcrumb":{"@id":"https:\/\/shop.bantam.ch\/de\/produkt\/markise-omnistor-4900-mit-psa-minivan-adapter-260-x-200-cm\/#breadcrumb"},"inLanguage":"de","potentialAction":[{"@type":"ReadAction","target":["https:\/\/shop.bantam.ch\/de\/produkt\/markise-omnistor-4900-mit-psa-minivan-adapter-260-x-200-cm\/"]}]},{"@type":"ImageObject","inLanguage":"de","@id":"https:\/\/shop.bantam.ch\/de\/produkt\/markise-omnistor-4900-mit-psa-minivan-adapter-260-x-200-cm\/#primaryimage","url":"https:\/\/shop.bantam.ch\/wp-content\/uploads\/2023\/05\/995436811.jpg","contentUrl":"https:\/\/shop.bantam.ch\/wp-content\/uploads\/2023\/05\/995436811.jpg","width":1000,"height":623},{"@type":"BreadcrumbList","@id":"https:\/\/shop.bantam.ch\/de\/produkt\/markise-omnistor-4900-mit-psa-minivan-adapter-260-x-200-cm\/#breadcrumb","itemListElement":[{"@type":"ListItem","position":1,"name":"Accueil","item":"https:\/\/shop.bantam.ch\/de\/"},{"@type":"ListItem","position":2,"name":"Shop","item":"https:\/\/shop.bantam.ch\/de\/shop\/"},{"@type":"ListItem","position":3,"name":"Markise Omnistor 4900 mit PSA Minivan Adapter 260 x 200 cm"}]},{"@type":"WebSite","@id":"https:\/\/shop.bantam.ch\/de\/#website","url":"https:\/\/shop.bantam.ch\/de\/","name":"Bantam Camping AG","description":"","publisher":{"@id":"https:\/\/shop.bantam.ch\/de\/#organization"},"inLanguage":"de"},{"@type":"Organization","@id":"https:\/\/shop.bantam.ch\/de\/#organization","name":"Bantam Camping AG","url":"https:\/\/shop.bantam.ch\/de\/","logo":{"@type":"ImageObject","inLanguage":"de","@id":"https:\/\/shop.bantam.ch\/de\/#\/schema\/logo\/image\/","url":"https:\/\/shop.bantam.ch\/wp-content\/uploads\/2022\/12\/bantam-logo.png","contentUrl":"https:\/\/shop.bantam.ch\/wp-content\/uploads\/2022\/12\/bantam-logo.png","width":320,"height":71,"caption":"Bantam Camping AG"},"image":{"@id":"https:\/\/shop.bantam.ch\/de\/#\/schema\/logo\/image\/"}}]}},"_links":{"self":[{"href":"https:\/\/shop.bantam.ch\/de\/wp-json\/wp\/v2\/product\/175906","targetHints":{"allow":["GET"]}}],"collection":[{"href":"https:\/\/shop.bantam.ch\/de\/wp-json\/wp\/v2\/product"}],"about":[{"href":"https:\/\/shop.bantam.ch\/de\/wp-json\/wp\/v2\/types\/product"}],"wp:featuredmedia":[{"embeddable":true,"href":"https:\/\/shop.bantam.ch\/de\/wp-json\/wp\/v2\/media\/175896"}],"wp:attachment":[{"href":"https:\/\/shop.bantam.ch\/de\/wp-json\/wp\/v2\/media?parent=175906"}],"wp:term":[{"taxonomy":"product_featured_cat","embeddable":true,"href":"https:\/\/shop.bantam.ch\/de\/wp-json\/wp\/v2\/product_featured_cat?post=175906"},{"taxonomy":"product_brand","embeddable":true,"href":"https:\/\/shop.bantam.ch\/de\/wp-json\/wp\/v2\/product_brand?post=175906"},{"taxonomy":"product_cat","embeddable":true,"href":"https:\/\/shop.bantam.ch\/de\/wp-json\/wp\/v2\/product_cat?post=175906"},{"taxonomy":"product_tag","embeddable":true,"href":"https:\/\/shop.bantam.ch\/de\/wp-json\/wp\/v2\/product_tag?post=175906"}],"curies":[{"name":"wp","href":"https:\/\/api.w.org\/{rel}","templated":true}]}}