{"id":174883,"date":"2023-05-25T16:16:39","date_gmt":"2023-05-25T14:16:39","guid":{"rendered":"https:\/\/shop.bantam.ch\/produit\/solarkomplettanlage-mt-90-cis-inkl-230-w-regler\/"},"modified":"2026-04-17T22:39:27","modified_gmt":"2026-04-17T20:39:27","slug":"solarkomplettanlage-mt-90-cis-inkl-230-w-regler","status":"publish","type":"product","link":"https:\/\/shop.bantam.ch\/de\/produkt\/solarkomplettanlage-mt-90-cis-inkl-230-w-regler\/","title":{"rendered":"Solarkomplettanlage MT 90 CIS inkl. 230 W Regler"},"content":{"rendered":"<p>Solarkomplettanlagen mit CIS-Solarmodulen, die unempfi ndlicher gegen\u00fcber Teilabschattungen sind und unter diesen erschwerten Bedingungen mehr Ertrag als alle herk\u00f6mmlichen Solarmodule bringen. Die Einbausets enthalten alles, was ben\u00f6tigt wird, um eine Solaranlage f\u00fcr ein Reisefahrzeug aufzubauen. Alle Solarregler haben einen zweiten Ladeausgang (Startbatterie) und einen Anschluss f\u00fcr die Solar-Fernanzeige (Option). Die Solarregler der Anlagen MT 55 CIS und MT 80 CIS sind so ausgelegt, dass bei Bedarf um ein Modul gleicher Leistung erweitert werden kann.<\/p>\n<p>Lieferumfang:<br \/>CIS-Solarmodule<br \/>Solarregler PowerPlus mit Temperaturf\u00fchler<br \/>Dach-Spoiler set inkl. Zubeh\u00f6r<br \/>Dachdurchf\u00fchrung<br \/>Klebeset f\u00fcr Spoilerset und Dachdurchf\u00fchrung<br \/>Kabel satz innen\/au\u00dfen<br \/>Kabelsatz f\u00fcr Fzg. mit EBL-Basisstation (Hymer-Gruppe)<br \/>Kleinteile<br \/>Montageanleitung<\/p>\n","protected":false},"excerpt":{"rendered":"<p>Solarkomplettanlagen mit CIS-Solarmodulen, die unempfi ndlicher gegen\u00fcber Teilabschattungen sind und unter diesen erschwerten Bedingungen mehr Ertrag als alle herk\u00f6mmlichen Solarmodule bringen. Die Einbausets enthalten alles, was ben\u00f6tigt wird, um eine Solaranlage f\u00fcr ein Reisefahrzeug aufzubauen. Alle Solarregler haben einen zweiten Ladeausgang (Startbatterie) und einen Anschluss f\u00fcr die Solar-Fernanzeige (Option). Die Solarregler der Anlagen MT 55 [&hellip;]<\/p>\n","protected":false},"featured_media":174881,"template":"","meta":{"_acf_changed":false},"product_featured_cat":[],"product_brand":[3069],"product_cat":[4880],"product_tag":[],"class_list":{"0":"post-174883","1":"product","2":"type-product","3":"status-publish","4":"has-post-thumbnail","6":"product_brand-buttner-elektronik-de","7":"product_cat-solar-sets","9":"first","10":"instock","11":"taxable","12":"shipping-taxable","13":"purchasable","14":"product-type-simple"},"acf":[],"yoast_head":"<!-- This site is optimized with the Yoast SEO plugin v27.4 - https:\/\/yoast.com\/product\/yoast-seo-wordpress\/ -->\n<title>Solarkomplettanlage MT 90 CIS inkl. 230 W Regler - Bantam Camping AG<\/title>\n<meta name=\"robots\" content=\"index, follow, max-snippet:-1, max-image-preview:large, max-video-preview:-1\" \/>\n<link rel=\"canonical\" href=\"https:\/\/shop.bantam.ch\/de\/produkt\/solarkomplettanlage-mt-90-cis-inkl-230-w-regler\/\" \/>\n<meta property=\"og:locale\" content=\"de_DE\" \/>\n<meta property=\"og:type\" content=\"article\" \/>\n<meta property=\"og:title\" content=\"Solarkomplettanlage MT 90 CIS inkl. 230 W Regler - Bantam Camping AG\" \/>\n<meta property=\"og:description\" content=\"Solarkomplettanlagen mit CIS-Solarmodulen, die unempfi ndlicher gegen\u00fcber Teilabschattungen sind und unter diesen erschwerten Bedingungen mehr Ertrag als alle herk\u00f6mmlichen Solarmodule bringen. Die Einbausets enthalten alles, was ben\u00f6tigt wird, um eine Solaranlage f\u00fcr ein Reisefahrzeug aufzubauen. Alle Solarregler haben einen zweiten Ladeausgang (Startbatterie) und einen Anschluss f\u00fcr die Solar-Fernanzeige (Option). Die Solarregler der Anlagen MT 55 [&hellip;]\" \/>\n<meta property=\"og:url\" content=\"https:\/\/shop.bantam.ch\/de\/produkt\/solarkomplettanlage-mt-90-cis-inkl-230-w-regler\/\" \/>\n<meta property=\"og:site_name\" content=\"Bantam Camping AG\" \/>\n<meta property=\"article:modified_time\" content=\"2026-04-17T20:39:27+00:00\" \/>\n<meta property=\"og:image\" content=\"https:\/\/shop.bantam.ch\/wp-content\/uploads\/2023\/05\/995228311tx8yN2NUTZChq.jpg\" \/>\n\t<meta property=\"og:image:width\" content=\"1000\" \/>\n\t<meta property=\"og:image:height\" content=\"391\" \/>\n\t<meta property=\"og:image:type\" content=\"image\/jpeg\" \/>\n<meta name=\"twitter:card\" content=\"summary_large_image\" \/>\n<meta name=\"twitter:label1\" content=\"Gesch\u00e4tzte Lesezeit\" \/>\n\t<meta name=\"twitter:data1\" content=\"1\u00a0Minute\" \/>\n<script type=\"application\/ld+json\" class=\"yoast-schema-graph\">{\"@context\":\"https:\\\/\\\/schema.org\",\"@graph\":[{\"@type\":\"WebPage\",\"@id\":\"https:\\\/\\\/shop.bantam.ch\\\/de\\\/produkt\\\/solarkomplettanlage-mt-90-cis-inkl-230-w-regler\\\/\",\"url\":\"https:\\\/\\\/shop.bantam.ch\\\/de\\\/produkt\\\/solarkomplettanlage-mt-90-cis-inkl-230-w-regler\\\/\",\"name\":\"Solarkomplettanlage MT 90 CIS inkl. 230 W Regler - Bantam Camping AG\",\"isPartOf\":{\"@id\":\"https:\\\/\\\/shop.bantam.ch\\\/de\\\/#website\"},\"primaryImageOfPage\":{\"@id\":\"https:\\\/\\\/shop.bantam.ch\\\/de\\\/produkt\\\/solarkomplettanlage-mt-90-cis-inkl-230-w-regler\\\/#primaryimage\"},\"image\":{\"@id\":\"https:\\\/\\\/shop.bantam.ch\\\/de\\\/produkt\\\/solarkomplettanlage-mt-90-cis-inkl-230-w-regler\\\/#primaryimage\"},\"thumbnailUrl\":\"https:\\\/\\\/shop.bantam.ch\\\/wp-content\\\/uploads\\\/2023\\\/05\\\/995228311tx8yN2NUTZChq.jpg\",\"datePublished\":\"2023-05-25T14:16:39+00:00\",\"dateModified\":\"2026-04-17T20:39:27+00:00\",\"breadcrumb\":{\"@id\":\"https:\\\/\\\/shop.bantam.ch\\\/de\\\/produkt\\\/solarkomplettanlage-mt-90-cis-inkl-230-w-regler\\\/#breadcrumb\"},\"inLanguage\":\"de\",\"potentialAction\":[{\"@type\":\"ReadAction\",\"target\":[\"https:\\\/\\\/shop.bantam.ch\\\/de\\\/produkt\\\/solarkomplettanlage-mt-90-cis-inkl-230-w-regler\\\/\"]}]},{\"@type\":\"ImageObject\",\"inLanguage\":\"de\",\"@id\":\"https:\\\/\\\/shop.bantam.ch\\\/de\\\/produkt\\\/solarkomplettanlage-mt-90-cis-inkl-230-w-regler\\\/#primaryimage\",\"url\":\"https:\\\/\\\/shop.bantam.ch\\\/wp-content\\\/uploads\\\/2023\\\/05\\\/995228311tx8yN2NUTZChq.jpg\",\"contentUrl\":\"https:\\\/\\\/shop.bantam.ch\\\/wp-content\\\/uploads\\\/2023\\\/05\\\/995228311tx8yN2NUTZChq.jpg\",\"width\":1000,\"height\":391},{\"@type\":\"BreadcrumbList\",\"@id\":\"https:\\\/\\\/shop.bantam.ch\\\/de\\\/produkt\\\/solarkomplettanlage-mt-90-cis-inkl-230-w-regler\\\/#breadcrumb\",\"itemListElement\":[{\"@type\":\"ListItem\",\"position\":1,\"name\":\"Accueil\",\"item\":\"https:\\\/\\\/shop.bantam.ch\\\/de\\\/\"},{\"@type\":\"ListItem\",\"position\":2,\"name\":\"Shop\",\"item\":\"https:\\\/\\\/shop.bantam.ch\\\/de\\\/shop\\\/\"},{\"@type\":\"ListItem\",\"position\":3,\"name\":\"Solarkomplettanlage MT 90 CIS inkl. 230 W Regler\"}]},{\"@type\":\"WebSite\",\"@id\":\"https:\\\/\\\/shop.bantam.ch\\\/de\\\/#website\",\"url\":\"https:\\\/\\\/shop.bantam.ch\\\/de\\\/\",\"name\":\"Bantam Camping AG\",\"description\":\"\",\"publisher\":{\"@id\":\"https:\\\/\\\/shop.bantam.ch\\\/de\\\/#organization\"},\"inLanguage\":\"de\"},{\"@type\":\"Organization\",\"@id\":\"https:\\\/\\\/shop.bantam.ch\\\/de\\\/#organization\",\"name\":\"Bantam Camping AG\",\"url\":\"https:\\\/\\\/shop.bantam.ch\\\/de\\\/\",\"logo\":{\"@type\":\"ImageObject\",\"inLanguage\":\"de\",\"@id\":\"https:\\\/\\\/shop.bantam.ch\\\/de\\\/#\\\/schema\\\/logo\\\/image\\\/\",\"url\":\"https:\\\/\\\/shop.bantam.ch\\\/wp-content\\\/uploads\\\/2022\\\/12\\\/bantam-logo.png\",\"contentUrl\":\"https:\\\/\\\/shop.bantam.ch\\\/wp-content\\\/uploads\\\/2022\\\/12\\\/bantam-logo.png\",\"width\":320,\"height\":71,\"caption\":\"Bantam Camping AG\"},\"image\":{\"@id\":\"https:\\\/\\\/shop.bantam.ch\\\/de\\\/#\\\/schema\\\/logo\\\/image\\\/\"}}]}<\/script>\n<!-- \/ Yoast SEO plugin. -->","yoast_head_json":{"title":"Solarkomplettanlage MT 90 CIS inkl. 230 W Regler - Bantam Camping AG","robots":{"index":"index","follow":"follow","max-snippet":"max-snippet:-1","max-image-preview":"max-image-preview:large","max-video-preview":"max-video-preview:-1"},"canonical":"https:\/\/shop.bantam.ch\/de\/produkt\/solarkomplettanlage-mt-90-cis-inkl-230-w-regler\/","og_locale":"de_DE","og_type":"article","og_title":"Solarkomplettanlage MT 90 CIS inkl. 230 W Regler - Bantam Camping AG","og_description":"Solarkomplettanlagen mit CIS-Solarmodulen, die unempfi ndlicher gegen\u00fcber Teilabschattungen sind und unter diesen erschwerten Bedingungen mehr Ertrag als alle herk\u00f6mmlichen Solarmodule bringen. Die Einbausets enthalten alles, was ben\u00f6tigt wird, um eine Solaranlage f\u00fcr ein Reisefahrzeug aufzubauen. Alle Solarregler haben einen zweiten Ladeausgang (Startbatterie) und einen Anschluss f\u00fcr die Solar-Fernanzeige (Option). Die Solarregler der Anlagen MT 55 [&hellip;]","og_url":"https:\/\/shop.bantam.ch\/de\/produkt\/solarkomplettanlage-mt-90-cis-inkl-230-w-regler\/","og_site_name":"Bantam Camping AG","article_modified_time":"2026-04-17T20:39:27+00:00","og_image":[{"width":1000,"height":391,"url":"https:\/\/shop.bantam.ch\/wp-content\/uploads\/2023\/05\/995228311tx8yN2NUTZChq.jpg","type":"image\/jpeg"}],"twitter_card":"summary_large_image","twitter_misc":{"Gesch\u00e4tzte Lesezeit":"1\u00a0Minute"},"schema":{"@context":"https:\/\/schema.org","@graph":[{"@type":"WebPage","@id":"https:\/\/shop.bantam.ch\/de\/produkt\/solarkomplettanlage-mt-90-cis-inkl-230-w-regler\/","url":"https:\/\/shop.bantam.ch\/de\/produkt\/solarkomplettanlage-mt-90-cis-inkl-230-w-regler\/","name":"Solarkomplettanlage MT 90 CIS inkl. 230 W Regler - Bantam Camping AG","isPartOf":{"@id":"https:\/\/shop.bantam.ch\/de\/#website"},"primaryImageOfPage":{"@id":"https:\/\/shop.bantam.ch\/de\/produkt\/solarkomplettanlage-mt-90-cis-inkl-230-w-regler\/#primaryimage"},"image":{"@id":"https:\/\/shop.bantam.ch\/de\/produkt\/solarkomplettanlage-mt-90-cis-inkl-230-w-regler\/#primaryimage"},"thumbnailUrl":"https:\/\/shop.bantam.ch\/wp-content\/uploads\/2023\/05\/995228311tx8yN2NUTZChq.jpg","datePublished":"2023-05-25T14:16:39+00:00","dateModified":"2026-04-17T20:39:27+00:00","breadcrumb":{"@id":"https:\/\/shop.bantam.ch\/de\/produkt\/solarkomplettanlage-mt-90-cis-inkl-230-w-regler\/#breadcrumb"},"inLanguage":"de","potentialAction":[{"@type":"ReadAction","target":["https:\/\/shop.bantam.ch\/de\/produkt\/solarkomplettanlage-mt-90-cis-inkl-230-w-regler\/"]}]},{"@type":"ImageObject","inLanguage":"de","@id":"https:\/\/shop.bantam.ch\/de\/produkt\/solarkomplettanlage-mt-90-cis-inkl-230-w-regler\/#primaryimage","url":"https:\/\/shop.bantam.ch\/wp-content\/uploads\/2023\/05\/995228311tx8yN2NUTZChq.jpg","contentUrl":"https:\/\/shop.bantam.ch\/wp-content\/uploads\/2023\/05\/995228311tx8yN2NUTZChq.jpg","width":1000,"height":391},{"@type":"BreadcrumbList","@id":"https:\/\/shop.bantam.ch\/de\/produkt\/solarkomplettanlage-mt-90-cis-inkl-230-w-regler\/#breadcrumb","itemListElement":[{"@type":"ListItem","position":1,"name":"Accueil","item":"https:\/\/shop.bantam.ch\/de\/"},{"@type":"ListItem","position":2,"name":"Shop","item":"https:\/\/shop.bantam.ch\/de\/shop\/"},{"@type":"ListItem","position":3,"name":"Solarkomplettanlage MT 90 CIS inkl. 230 W Regler"}]},{"@type":"WebSite","@id":"https:\/\/shop.bantam.ch\/de\/#website","url":"https:\/\/shop.bantam.ch\/de\/","name":"Bantam Camping AG","description":"","publisher":{"@id":"https:\/\/shop.bantam.ch\/de\/#organization"},"inLanguage":"de"},{"@type":"Organization","@id":"https:\/\/shop.bantam.ch\/de\/#organization","name":"Bantam Camping AG","url":"https:\/\/shop.bantam.ch\/de\/","logo":{"@type":"ImageObject","inLanguage":"de","@id":"https:\/\/shop.bantam.ch\/de\/#\/schema\/logo\/image\/","url":"https:\/\/shop.bantam.ch\/wp-content\/uploads\/2022\/12\/bantam-logo.png","contentUrl":"https:\/\/shop.bantam.ch\/wp-content\/uploads\/2022\/12\/bantam-logo.png","width":320,"height":71,"caption":"Bantam Camping AG"},"image":{"@id":"https:\/\/shop.bantam.ch\/de\/#\/schema\/logo\/image\/"}}]}},"_links":{"self":[{"href":"https:\/\/shop.bantam.ch\/de\/wp-json\/wp\/v2\/product\/174883","targetHints":{"allow":["GET"]}}],"collection":[{"href":"https:\/\/shop.bantam.ch\/de\/wp-json\/wp\/v2\/product"}],"about":[{"href":"https:\/\/shop.bantam.ch\/de\/wp-json\/wp\/v2\/types\/product"}],"wp:featuredmedia":[{"embeddable":true,"href":"https:\/\/shop.bantam.ch\/de\/wp-json\/wp\/v2\/media\/174881"}],"wp:attachment":[{"href":"https:\/\/shop.bantam.ch\/de\/wp-json\/wp\/v2\/media?parent=174883"}],"wp:term":[{"taxonomy":"product_featured_cat","embeddable":true,"href":"https:\/\/shop.bantam.ch\/de\/wp-json\/wp\/v2\/product_featured_cat?post=174883"},{"taxonomy":"product_brand","embeddable":true,"href":"https:\/\/shop.bantam.ch\/de\/wp-json\/wp\/v2\/product_brand?post=174883"},{"taxonomy":"product_cat","embeddable":true,"href":"https:\/\/shop.bantam.ch\/de\/wp-json\/wp\/v2\/product_cat?post=174883"},{"taxonomy":"product_tag","embeddable":true,"href":"https:\/\/shop.bantam.ch\/de\/wp-json\/wp\/v2\/product_tag?post=174883"}],"curies":[{"name":"wp","href":"https:\/\/api.w.org\/{rel}","templated":true}]}}