{"id":173951,"date":"2023-05-25T15:43:04","date_gmt":"2023-05-25T13:43:04","guid":{"rendered":"https:\/\/shop.bantam.ch\/produit\/steuergeraet-safe-lock-inkl-umruestplatine-fiat-ducato-ab-2006\/"},"modified":"2026-05-10T22:38:31","modified_gmt":"2026-05-10T20:38:31","slug":"steuergeraet-safe-lock-inkl-umruestplatine-fiat-ducato-ab-2006","status":"publish","type":"product","link":"https:\/\/shop.bantam.ch\/de\/produkt\/steuergeraet-safe-lock-inkl-umruestplatine-fiat-ducato-ab-2006\/","title":{"rendered":"Steuerger\u00e4t safe.lock inkl. Umr\u00fcstplatine, Fiat Ducato ab 2006"},"content":{"rendered":"<p>Das safe.lock Modul schlie\u00dft die fahrzeugseitige Sicherheitsl\u00fccke, die durch uncodierte Fahrzeugschl\u00fcssel verursacht wird. Ist das Modul an die Zentralverriegelung angeschlossen, wird die unsichere Originalelektronik des Fahrzeugschl\u00fcssels gegen die mitgelieferte Platine ausgetauscht und das Fahrzeug kann, gesch\u00fctzt durch ca. 4 Milliarden sich st\u00e4ndig \u00e4ndernde Codes, sicher ver- und entriegelt werden.<\/p>\n<p>Lieferumfang:<br \/>Modul mit 6-adrigem Anschlu\u00dfkabel<br \/>Austauschplatine f\u00fcr Fahrzeugschl\u00fcssel<br \/>Handbuch<\/p>\n","protected":false},"excerpt":{"rendered":"<p>Das safe.lock Modul schlie\u00dft die fahrzeugseitige Sicherheitsl\u00fccke, die durch uncodierte Fahrzeugschl\u00fcssel verursacht wird. Ist das Modul an die Zentralverriegelung angeschlossen, wird die unsichere Originalelektronik des Fahrzeugschl\u00fcssels gegen die mitgelieferte Platine ausgetauscht und das Fahrzeug kann, gesch\u00fctzt durch ca. 4 Milliarden sich st\u00e4ndig \u00e4ndernde Codes, sicher ver- und entriegelt werden. Lieferumfang:Modul mit 6-adrigem Anschlu\u00dfkabelAustauschplatine f\u00fcr Fahrzeugschl\u00fcsselHandbuch<\/p>\n","protected":false},"featured_media":173947,"template":"","meta":{"_acf_changed":false},"product_featured_cat":[],"product_brand":[3217],"product_cat":[4668],"product_tag":[],"class_list":{"0":"post-173951","1":"product","2":"type-product","3":"status-publish","4":"has-post-thumbnail","6":"product_brand-thitronik-de","7":"product_cat-tuersicherungen","9":"first","10":"instock","11":"taxable","12":"shipping-taxable","13":"purchasable","14":"product-type-simple"},"acf":[],"yoast_head":"<!-- This site is optimized with the Yoast SEO plugin v27.5 - https:\/\/yoast.com\/product\/yoast-seo-wordpress\/ -->\n<title>Steuerger\u00e4t safe.lock inkl. Umr\u00fcstplatine, Fiat Ducato ab 2006 - Bantam<\/title>\n<meta name=\"robots\" content=\"index, follow, max-snippet:-1, max-image-preview:large, max-video-preview:-1\" \/>\n<link rel=\"canonical\" href=\"https:\/\/shop.bantam.ch\/de\/produkt\/steuergeraet-safe-lock-inkl-umruestplatine-fiat-ducato-ab-2006\/\" \/>\n<meta property=\"og:locale\" content=\"de_DE\" \/>\n<meta property=\"og:type\" content=\"article\" \/>\n<meta property=\"og:title\" content=\"Steuerger\u00e4t safe.lock inkl. Umr\u00fcstplatine, Fiat Ducato ab 2006 - Bantam\" \/>\n<meta property=\"og:description\" content=\"Das safe.lock Modul schlie\u00dft die fahrzeugseitige Sicherheitsl\u00fccke, die durch uncodierte Fahrzeugschl\u00fcssel verursacht wird. Ist das Modul an die Zentralverriegelung angeschlossen, wird die unsichere Originalelektronik des Fahrzeugschl\u00fcssels gegen die mitgelieferte Platine ausgetauscht und das Fahrzeug kann, gesch\u00fctzt durch ca. 4 Milliarden sich st\u00e4ndig \u00e4ndernde Codes, sicher ver- und entriegelt werden. Lieferumfang:Modul mit 6-adrigem Anschlu\u00dfkabelAustauschplatine f\u00fcr Fahrzeugschl\u00fcsselHandbuch\" \/>\n<meta property=\"og:url\" content=\"https:\/\/shop.bantam.ch\/de\/produkt\/steuergeraet-safe-lock-inkl-umruestplatine-fiat-ducato-ab-2006\/\" \/>\n<meta property=\"og:site_name\" content=\"Bantam\" \/>\n<meta property=\"article:modified_time\" content=\"2026-05-10T20:38:31+00:00\" \/>\n<meta property=\"og:image\" content=\"https:\/\/shop.bantam.ch\/wp-content\/uploads\/2023\/05\/9941077-100-1-3-4.jpg\" \/>\n\t<meta property=\"og:image:width\" content=\"1000\" \/>\n\t<meta property=\"og:image:height\" content=\"667\" \/>\n\t<meta property=\"og:image:type\" content=\"image\/jpeg\" \/>\n<meta name=\"twitter:card\" content=\"summary_large_image\" \/>\n<script type=\"application\/ld+json\" class=\"yoast-schema-graph\">{\"@context\":\"https:\\\/\\\/schema.org\",\"@graph\":[{\"@type\":\"WebPage\",\"@id\":\"https:\\\/\\\/shop.bantam.ch\\\/de\\\/produkt\\\/steuergeraet-safe-lock-inkl-umruestplatine-fiat-ducato-ab-2006\\\/\",\"url\":\"https:\\\/\\\/shop.bantam.ch\\\/de\\\/produkt\\\/steuergeraet-safe-lock-inkl-umruestplatine-fiat-ducato-ab-2006\\\/\",\"name\":\"Steuerger\u00e4t safe.lock inkl. Umr\u00fcstplatine, Fiat Ducato ab 2006 - Bantam\",\"isPartOf\":{\"@id\":\"https:\\\/\\\/shop.bantam.ch\\\/de\\\/#website\"},\"primaryImageOfPage\":{\"@id\":\"https:\\\/\\\/shop.bantam.ch\\\/de\\\/produkt\\\/steuergeraet-safe-lock-inkl-umruestplatine-fiat-ducato-ab-2006\\\/#primaryimage\"},\"image\":{\"@id\":\"https:\\\/\\\/shop.bantam.ch\\\/de\\\/produkt\\\/steuergeraet-safe-lock-inkl-umruestplatine-fiat-ducato-ab-2006\\\/#primaryimage\"},\"thumbnailUrl\":\"https:\\\/\\\/shop.bantam.ch\\\/wp-content\\\/uploads\\\/2023\\\/05\\\/9941077-100-1-3-4.jpg\",\"datePublished\":\"2023-05-25T13:43:04+00:00\",\"dateModified\":\"2026-05-10T20:38:31+00:00\",\"breadcrumb\":{\"@id\":\"https:\\\/\\\/shop.bantam.ch\\\/de\\\/produkt\\\/steuergeraet-safe-lock-inkl-umruestplatine-fiat-ducato-ab-2006\\\/#breadcrumb\"},\"inLanguage\":\"de\",\"potentialAction\":[{\"@type\":\"ReadAction\",\"target\":[\"https:\\\/\\\/shop.bantam.ch\\\/de\\\/produkt\\\/steuergeraet-safe-lock-inkl-umruestplatine-fiat-ducato-ab-2006\\\/\"]}]},{\"@type\":\"ImageObject\",\"inLanguage\":\"de\",\"@id\":\"https:\\\/\\\/shop.bantam.ch\\\/de\\\/produkt\\\/steuergeraet-safe-lock-inkl-umruestplatine-fiat-ducato-ab-2006\\\/#primaryimage\",\"url\":\"https:\\\/\\\/shop.bantam.ch\\\/wp-content\\\/uploads\\\/2023\\\/05\\\/9941077-100-1-3-4.jpg\",\"contentUrl\":\"https:\\\/\\\/shop.bantam.ch\\\/wp-content\\\/uploads\\\/2023\\\/05\\\/9941077-100-1-3-4.jpg\",\"width\":1000,\"height\":667},{\"@type\":\"BreadcrumbList\",\"@id\":\"https:\\\/\\\/shop.bantam.ch\\\/de\\\/produkt\\\/steuergeraet-safe-lock-inkl-umruestplatine-fiat-ducato-ab-2006\\\/#breadcrumb\",\"itemListElement\":[{\"@type\":\"ListItem\",\"position\":1,\"name\":\"Accueil\",\"item\":\"https:\\\/\\\/shop.bantam.ch\\\/de\\\/\"},{\"@type\":\"ListItem\",\"position\":2,\"name\":\"Shop\",\"item\":\"https:\\\/\\\/shop.bantam.ch\\\/de\\\/shop\\\/\"},{\"@type\":\"ListItem\",\"position\":3,\"name\":\"Steuerger\u00e4t safe.lock inkl. Umr\u00fcstplatine, Fiat Ducato ab 2006\"}]},{\"@type\":\"WebSite\",\"@id\":\"https:\\\/\\\/shop.bantam.ch\\\/de\\\/#website\",\"url\":\"https:\\\/\\\/shop.bantam.ch\\\/de\\\/\",\"name\":\"Bantam\",\"description\":\"\",\"publisher\":{\"@id\":\"https:\\\/\\\/shop.bantam.ch\\\/de\\\/#organization\"},\"inLanguage\":\"de\"},{\"@type\":\"Organization\",\"@id\":\"https:\\\/\\\/shop.bantam.ch\\\/de\\\/#organization\",\"name\":\"Bantam\",\"url\":\"https:\\\/\\\/shop.bantam.ch\\\/de\\\/\",\"logo\":{\"@type\":\"ImageObject\",\"inLanguage\":\"de\",\"@id\":\"https:\\\/\\\/shop.bantam.ch\\\/de\\\/#\\\/schema\\\/logo\\\/image\\\/\",\"url\":\"https:\\\/\\\/shop.bantam.ch\\\/wp-content\\\/uploads\\\/2022\\\/12\\\/bantam-logo.png\",\"contentUrl\":\"https:\\\/\\\/shop.bantam.ch\\\/wp-content\\\/uploads\\\/2022\\\/12\\\/bantam-logo.png\",\"width\":320,\"height\":71,\"caption\":\"Bantam\"},\"image\":{\"@id\":\"https:\\\/\\\/shop.bantam.ch\\\/de\\\/#\\\/schema\\\/logo\\\/image\\\/\"}}]}<\/script>\n<!-- \/ Yoast SEO plugin. -->","yoast_head_json":{"title":"Steuerger\u00e4t safe.lock inkl. Umr\u00fcstplatine, Fiat Ducato ab 2006 - Bantam","robots":{"index":"index","follow":"follow","max-snippet":"max-snippet:-1","max-image-preview":"max-image-preview:large","max-video-preview":"max-video-preview:-1"},"canonical":"https:\/\/shop.bantam.ch\/de\/produkt\/steuergeraet-safe-lock-inkl-umruestplatine-fiat-ducato-ab-2006\/","og_locale":"de_DE","og_type":"article","og_title":"Steuerger\u00e4t safe.lock inkl. Umr\u00fcstplatine, Fiat Ducato ab 2006 - Bantam","og_description":"Das safe.lock Modul schlie\u00dft die fahrzeugseitige Sicherheitsl\u00fccke, die durch uncodierte Fahrzeugschl\u00fcssel verursacht wird. Ist das Modul an die Zentralverriegelung angeschlossen, wird die unsichere Originalelektronik des Fahrzeugschl\u00fcssels gegen die mitgelieferte Platine ausgetauscht und das Fahrzeug kann, gesch\u00fctzt durch ca. 4 Milliarden sich st\u00e4ndig \u00e4ndernde Codes, sicher ver- und entriegelt werden. Lieferumfang:Modul mit 6-adrigem Anschlu\u00dfkabelAustauschplatine f\u00fcr Fahrzeugschl\u00fcsselHandbuch","og_url":"https:\/\/shop.bantam.ch\/de\/produkt\/steuergeraet-safe-lock-inkl-umruestplatine-fiat-ducato-ab-2006\/","og_site_name":"Bantam","article_modified_time":"2026-05-10T20:38:31+00:00","og_image":[{"width":1000,"height":667,"url":"https:\/\/shop.bantam.ch\/wp-content\/uploads\/2023\/05\/9941077-100-1-3-4.jpg","type":"image\/jpeg"}],"twitter_card":"summary_large_image","schema":{"@context":"https:\/\/schema.org","@graph":[{"@type":"WebPage","@id":"https:\/\/shop.bantam.ch\/de\/produkt\/steuergeraet-safe-lock-inkl-umruestplatine-fiat-ducato-ab-2006\/","url":"https:\/\/shop.bantam.ch\/de\/produkt\/steuergeraet-safe-lock-inkl-umruestplatine-fiat-ducato-ab-2006\/","name":"Steuerger\u00e4t safe.lock inkl. Umr\u00fcstplatine, Fiat Ducato ab 2006 - Bantam","isPartOf":{"@id":"https:\/\/shop.bantam.ch\/de\/#website"},"primaryImageOfPage":{"@id":"https:\/\/shop.bantam.ch\/de\/produkt\/steuergeraet-safe-lock-inkl-umruestplatine-fiat-ducato-ab-2006\/#primaryimage"},"image":{"@id":"https:\/\/shop.bantam.ch\/de\/produkt\/steuergeraet-safe-lock-inkl-umruestplatine-fiat-ducato-ab-2006\/#primaryimage"},"thumbnailUrl":"https:\/\/shop.bantam.ch\/wp-content\/uploads\/2023\/05\/9941077-100-1-3-4.jpg","datePublished":"2023-05-25T13:43:04+00:00","dateModified":"2026-05-10T20:38:31+00:00","breadcrumb":{"@id":"https:\/\/shop.bantam.ch\/de\/produkt\/steuergeraet-safe-lock-inkl-umruestplatine-fiat-ducato-ab-2006\/#breadcrumb"},"inLanguage":"de","potentialAction":[{"@type":"ReadAction","target":["https:\/\/shop.bantam.ch\/de\/produkt\/steuergeraet-safe-lock-inkl-umruestplatine-fiat-ducato-ab-2006\/"]}]},{"@type":"ImageObject","inLanguage":"de","@id":"https:\/\/shop.bantam.ch\/de\/produkt\/steuergeraet-safe-lock-inkl-umruestplatine-fiat-ducato-ab-2006\/#primaryimage","url":"https:\/\/shop.bantam.ch\/wp-content\/uploads\/2023\/05\/9941077-100-1-3-4.jpg","contentUrl":"https:\/\/shop.bantam.ch\/wp-content\/uploads\/2023\/05\/9941077-100-1-3-4.jpg","width":1000,"height":667},{"@type":"BreadcrumbList","@id":"https:\/\/shop.bantam.ch\/de\/produkt\/steuergeraet-safe-lock-inkl-umruestplatine-fiat-ducato-ab-2006\/#breadcrumb","itemListElement":[{"@type":"ListItem","position":1,"name":"Accueil","item":"https:\/\/shop.bantam.ch\/de\/"},{"@type":"ListItem","position":2,"name":"Shop","item":"https:\/\/shop.bantam.ch\/de\/shop\/"},{"@type":"ListItem","position":3,"name":"Steuerger\u00e4t safe.lock inkl. Umr\u00fcstplatine, Fiat Ducato ab 2006"}]},{"@type":"WebSite","@id":"https:\/\/shop.bantam.ch\/de\/#website","url":"https:\/\/shop.bantam.ch\/de\/","name":"Bantam","description":"","publisher":{"@id":"https:\/\/shop.bantam.ch\/de\/#organization"},"inLanguage":"de"},{"@type":"Organization","@id":"https:\/\/shop.bantam.ch\/de\/#organization","name":"Bantam","url":"https:\/\/shop.bantam.ch\/de\/","logo":{"@type":"ImageObject","inLanguage":"de","@id":"https:\/\/shop.bantam.ch\/de\/#\/schema\/logo\/image\/","url":"https:\/\/shop.bantam.ch\/wp-content\/uploads\/2022\/12\/bantam-logo.png","contentUrl":"https:\/\/shop.bantam.ch\/wp-content\/uploads\/2022\/12\/bantam-logo.png","width":320,"height":71,"caption":"Bantam"},"image":{"@id":"https:\/\/shop.bantam.ch\/de\/#\/schema\/logo\/image\/"}}]}},"_links":{"self":[{"href":"https:\/\/shop.bantam.ch\/de\/wp-json\/wp\/v2\/product\/173951","targetHints":{"allow":["GET"]}}],"collection":[{"href":"https:\/\/shop.bantam.ch\/de\/wp-json\/wp\/v2\/product"}],"about":[{"href":"https:\/\/shop.bantam.ch\/de\/wp-json\/wp\/v2\/types\/product"}],"wp:featuredmedia":[{"embeddable":true,"href":"https:\/\/shop.bantam.ch\/de\/wp-json\/wp\/v2\/media\/173947"}],"wp:attachment":[{"href":"https:\/\/shop.bantam.ch\/de\/wp-json\/wp\/v2\/media?parent=173951"}],"wp:term":[{"taxonomy":"product_featured_cat","embeddable":true,"href":"https:\/\/shop.bantam.ch\/de\/wp-json\/wp\/v2\/product_featured_cat?post=173951"},{"taxonomy":"product_brand","embeddable":true,"href":"https:\/\/shop.bantam.ch\/de\/wp-json\/wp\/v2\/product_brand?post=173951"},{"taxonomy":"product_cat","embeddable":true,"href":"https:\/\/shop.bantam.ch\/de\/wp-json\/wp\/v2\/product_cat?post=173951"},{"taxonomy":"product_tag","embeddable":true,"href":"https:\/\/shop.bantam.ch\/de\/wp-json\/wp\/v2\/product_tag?post=173951"}],"curies":[{"name":"wp","href":"https:\/\/api.w.org\/{rel}","templated":true}]}}