{"id":173786,"date":"2023-05-25T15:36:26","date_gmt":"2023-05-25T13:36:26","guid":{"rendered":"https:\/\/shop.bantam.ch\/produit\/serviceklappe-5\/"},"modified":"2026-04-19T00:45:10","modified_gmt":"2026-04-18T22:45:10","slug":"serviceklappe-5","status":"publish","type":"product","link":"https:\/\/shop.bantam.ch\/de\/produkt\/serviceklappe-5\/","title":{"rendered":"Serviceklappe 5"},"content":{"rendered":"<p>Serviceklappe 5 ist f\u00fcr den Zugang zu den Wassertanks und als allgemeine Gep\u00e4ckt\u00fcr geeignet. Mit Serviceklappen von Thetford k\u00f6nnen Sie einen einfachen zus\u00e4tzlichen Zugang zu bestimmten Bereichen in ihrem Wohnwagen oder Wohnmobil kreieren. Alle Modelle werden unter Verwendung hochwertiger, leichter Kunststoffe hergestellt und haben dadurch eine extrem lange Lebensdauer.<\/p>\n<ul>\n<li>Moderne, schlanke Erscheinung<\/li>\n<li>Wasserdicht und UV-gesch\u00fctzt<\/li>\n<li>Doppelte Versiegelung und optimale D\u00e4mmung<\/li>\n<li>Spezielle Schnappschl\u00f6sser erm\u00f6glichen ein sicheres Schlie\u00dfen, so dass sie nicht unerwartet aufspringen k\u00f6nnen<\/li>\n<li>Schl\u00f6sseranzahl: 2<\/li>\n<li>Magnetverschlu\u00df optional erh\u00e4ltlich<\/li>\n<\/ul>\n<p>Einfache Montage<\/p>\n<ul>\n<li>Serviceklappen von Thetford sind einfach vertikal oder horizontal einzubauen, Selbstmontage m\u00f6glich<\/li>\n<li>Eine detaillierte Anleitung in Einzelschritten mit Schablone f\u00fcr die \u00d6ffnung in der Fahrzeugwand ist im Lieferumfang enthalten<\/li>\n<li>Thetford-Serviceklappen sind f\u00fcr alle Wanddicken zwischen 23 und 39 mm geeignet<\/li>\n<\/ul>\n<p>&nbsp;<\/p>\n","protected":false},"excerpt":{"rendered":"<p>Serviceklappe 5 ist f\u00fcr den Zugang zu den Wassertanks und als allgemeine Gep\u00e4ckt\u00fcr geeignet. Mit Serviceklappen von Thetford k\u00f6nnen Sie einen einfachen zus\u00e4tzlichen Zugang zu bestimmten Bereichen in ihrem Wohnwagen oder Wohnmobil kreieren. Alle Modelle werden unter Verwendung hochwertiger, leichter Kunststoffe hergestellt und haben dadurch eine extrem lange Lebensdauer. Moderne, schlanke Erscheinung Wasserdicht und UV-gesch\u00fctzt [&hellip;]<\/p>\n","protected":false},"featured_media":173781,"template":"","meta":{"_acf_changed":false},"product_featured_cat":[],"product_brand":[3067],"product_cat":[4788],"product_tag":[],"class_list":{"0":"post-173786","1":"product","2":"type-product","3":"status-publish","4":"has-post-thumbnail","6":"product_brand-thetford-de","7":"product_cat-service-klappen","9":"first","10":"instock","11":"taxable","12":"shipping-taxable","13":"purchasable","14":"product-type-variable"},"acf":[],"yoast_head":"<!-- This site is optimized with the Yoast SEO plugin v27.4 - https:\/\/yoast.com\/product\/yoast-seo-wordpress\/ -->\n<title>Serviceklappe 5 - Bantam Camping AG<\/title>\n<meta name=\"robots\" content=\"index, follow, max-snippet:-1, max-image-preview:large, max-video-preview:-1\" \/>\n<link rel=\"canonical\" href=\"https:\/\/shop.bantam.ch\/de\/produkt\/serviceklappe-5\/\" \/>\n<meta property=\"og:locale\" content=\"de_DE\" \/>\n<meta property=\"og:type\" content=\"article\" \/>\n<meta property=\"og:title\" content=\"Serviceklappe 5 - Bantam Camping AG\" \/>\n<meta property=\"og:description\" content=\"Serviceklappe 5 ist f\u00fcr den Zugang zu den Wassertanks und als allgemeine Gep\u00e4ckt\u00fcr geeignet. Mit Serviceklappen von Thetford k\u00f6nnen Sie einen einfachen zus\u00e4tzlichen Zugang zu bestimmten Bereichen in ihrem Wohnwagen oder Wohnmobil kreieren. Alle Modelle werden unter Verwendung hochwertiger, leichter Kunststoffe hergestellt und haben dadurch eine extrem lange Lebensdauer. Moderne, schlanke Erscheinung Wasserdicht und UV-gesch\u00fctzt [&hellip;]\" \/>\n<meta property=\"og:url\" content=\"https:\/\/shop.bantam.ch\/de\/produkt\/serviceklappe-5\/\" \/>\n<meta property=\"og:site_name\" content=\"Bantam Camping AG\" \/>\n<meta property=\"article:modified_time\" content=\"2026-04-18T22:45:10+00:00\" \/>\n<meta property=\"og:image\" content=\"https:\/\/shop.bantam.ch\/wp-content\/uploads\/2023\/05\/9925195-100-1-3.jpg\" \/>\n\t<meta property=\"og:image:width\" content=\"1754\" \/>\n\t<meta property=\"og:image:height\" content=\"1240\" \/>\n\t<meta property=\"og:image:type\" content=\"image\/jpeg\" \/>\n<meta name=\"twitter:card\" content=\"summary_large_image\" \/>\n<meta name=\"twitter:label1\" content=\"Gesch\u00e4tzte Lesezeit\" \/>\n\t<meta name=\"twitter:data1\" content=\"1\u00a0Minute\" \/>\n<script type=\"application\/ld+json\" class=\"yoast-schema-graph\">{\"@context\":\"https:\\\/\\\/schema.org\",\"@graph\":[{\"@type\":\"WebPage\",\"@id\":\"https:\\\/\\\/shop.bantam.ch\\\/de\\\/produkt\\\/serviceklappe-5\\\/\",\"url\":\"https:\\\/\\\/shop.bantam.ch\\\/de\\\/produkt\\\/serviceklappe-5\\\/\",\"name\":\"Serviceklappe 5 - Bantam Camping AG\",\"isPartOf\":{\"@id\":\"https:\\\/\\\/shop.bantam.ch\\\/de\\\/#website\"},\"primaryImageOfPage\":{\"@id\":\"https:\\\/\\\/shop.bantam.ch\\\/de\\\/produkt\\\/serviceklappe-5\\\/#primaryimage\"},\"image\":{\"@id\":\"https:\\\/\\\/shop.bantam.ch\\\/de\\\/produkt\\\/serviceklappe-5\\\/#primaryimage\"},\"thumbnailUrl\":\"https:\\\/\\\/shop.bantam.ch\\\/wp-content\\\/uploads\\\/2023\\\/05\\\/9925195-100-1-3.jpg\",\"datePublished\":\"2023-05-25T13:36:26+00:00\",\"dateModified\":\"2026-04-18T22:45:10+00:00\",\"breadcrumb\":{\"@id\":\"https:\\\/\\\/shop.bantam.ch\\\/de\\\/produkt\\\/serviceklappe-5\\\/#breadcrumb\"},\"inLanguage\":\"de\",\"potentialAction\":[{\"@type\":\"ReadAction\",\"target\":[\"https:\\\/\\\/shop.bantam.ch\\\/de\\\/produkt\\\/serviceklappe-5\\\/\"]}]},{\"@type\":\"ImageObject\",\"inLanguage\":\"de\",\"@id\":\"https:\\\/\\\/shop.bantam.ch\\\/de\\\/produkt\\\/serviceklappe-5\\\/#primaryimage\",\"url\":\"https:\\\/\\\/shop.bantam.ch\\\/wp-content\\\/uploads\\\/2023\\\/05\\\/9925195-100-1-3.jpg\",\"contentUrl\":\"https:\\\/\\\/shop.bantam.ch\\\/wp-content\\\/uploads\\\/2023\\\/05\\\/9925195-100-1-3.jpg\",\"width\":1754,\"height\":1240},{\"@type\":\"BreadcrumbList\",\"@id\":\"https:\\\/\\\/shop.bantam.ch\\\/de\\\/produkt\\\/serviceklappe-5\\\/#breadcrumb\",\"itemListElement\":[{\"@type\":\"ListItem\",\"position\":1,\"name\":\"Accueil\",\"item\":\"https:\\\/\\\/shop.bantam.ch\\\/de\\\/\"},{\"@type\":\"ListItem\",\"position\":2,\"name\":\"Shop\",\"item\":\"https:\\\/\\\/shop.bantam.ch\\\/de\\\/shop\\\/\"},{\"@type\":\"ListItem\",\"position\":3,\"name\":\"Serviceklappe 5\"}]},{\"@type\":\"WebSite\",\"@id\":\"https:\\\/\\\/shop.bantam.ch\\\/de\\\/#website\",\"url\":\"https:\\\/\\\/shop.bantam.ch\\\/de\\\/\",\"name\":\"Bantam Camping AG\",\"description\":\"\",\"publisher\":{\"@id\":\"https:\\\/\\\/shop.bantam.ch\\\/de\\\/#organization\"},\"inLanguage\":\"de\"},{\"@type\":\"Organization\",\"@id\":\"https:\\\/\\\/shop.bantam.ch\\\/de\\\/#organization\",\"name\":\"Bantam Camping AG\",\"url\":\"https:\\\/\\\/shop.bantam.ch\\\/de\\\/\",\"logo\":{\"@type\":\"ImageObject\",\"inLanguage\":\"de\",\"@id\":\"https:\\\/\\\/shop.bantam.ch\\\/de\\\/#\\\/schema\\\/logo\\\/image\\\/\",\"url\":\"https:\\\/\\\/shop.bantam.ch\\\/wp-content\\\/uploads\\\/2022\\\/12\\\/bantam-logo.png\",\"contentUrl\":\"https:\\\/\\\/shop.bantam.ch\\\/wp-content\\\/uploads\\\/2022\\\/12\\\/bantam-logo.png\",\"width\":320,\"height\":71,\"caption\":\"Bantam Camping AG\"},\"image\":{\"@id\":\"https:\\\/\\\/shop.bantam.ch\\\/de\\\/#\\\/schema\\\/logo\\\/image\\\/\"}}]}<\/script>\n<!-- \/ Yoast SEO plugin. -->","yoast_head_json":{"title":"Serviceklappe 5 - Bantam Camping AG","robots":{"index":"index","follow":"follow","max-snippet":"max-snippet:-1","max-image-preview":"max-image-preview:large","max-video-preview":"max-video-preview:-1"},"canonical":"https:\/\/shop.bantam.ch\/de\/produkt\/serviceklappe-5\/","og_locale":"de_DE","og_type":"article","og_title":"Serviceklappe 5 - Bantam Camping AG","og_description":"Serviceklappe 5 ist f\u00fcr den Zugang zu den Wassertanks und als allgemeine Gep\u00e4ckt\u00fcr geeignet. Mit Serviceklappen von Thetford k\u00f6nnen Sie einen einfachen zus\u00e4tzlichen Zugang zu bestimmten Bereichen in ihrem Wohnwagen oder Wohnmobil kreieren. Alle Modelle werden unter Verwendung hochwertiger, leichter Kunststoffe hergestellt und haben dadurch eine extrem lange Lebensdauer. Moderne, schlanke Erscheinung Wasserdicht und UV-gesch\u00fctzt [&hellip;]","og_url":"https:\/\/shop.bantam.ch\/de\/produkt\/serviceklappe-5\/","og_site_name":"Bantam Camping AG","article_modified_time":"2026-04-18T22:45:10+00:00","og_image":[{"width":1754,"height":1240,"url":"https:\/\/shop.bantam.ch\/wp-content\/uploads\/2023\/05\/9925195-100-1-3.jpg","type":"image\/jpeg"}],"twitter_card":"summary_large_image","twitter_misc":{"Gesch\u00e4tzte Lesezeit":"1\u00a0Minute"},"schema":{"@context":"https:\/\/schema.org","@graph":[{"@type":"WebPage","@id":"https:\/\/shop.bantam.ch\/de\/produkt\/serviceklappe-5\/","url":"https:\/\/shop.bantam.ch\/de\/produkt\/serviceklappe-5\/","name":"Serviceklappe 5 - Bantam Camping AG","isPartOf":{"@id":"https:\/\/shop.bantam.ch\/de\/#website"},"primaryImageOfPage":{"@id":"https:\/\/shop.bantam.ch\/de\/produkt\/serviceklappe-5\/#primaryimage"},"image":{"@id":"https:\/\/shop.bantam.ch\/de\/produkt\/serviceklappe-5\/#primaryimage"},"thumbnailUrl":"https:\/\/shop.bantam.ch\/wp-content\/uploads\/2023\/05\/9925195-100-1-3.jpg","datePublished":"2023-05-25T13:36:26+00:00","dateModified":"2026-04-18T22:45:10+00:00","breadcrumb":{"@id":"https:\/\/shop.bantam.ch\/de\/produkt\/serviceklappe-5\/#breadcrumb"},"inLanguage":"de","potentialAction":[{"@type":"ReadAction","target":["https:\/\/shop.bantam.ch\/de\/produkt\/serviceklappe-5\/"]}]},{"@type":"ImageObject","inLanguage":"de","@id":"https:\/\/shop.bantam.ch\/de\/produkt\/serviceklappe-5\/#primaryimage","url":"https:\/\/shop.bantam.ch\/wp-content\/uploads\/2023\/05\/9925195-100-1-3.jpg","contentUrl":"https:\/\/shop.bantam.ch\/wp-content\/uploads\/2023\/05\/9925195-100-1-3.jpg","width":1754,"height":1240},{"@type":"BreadcrumbList","@id":"https:\/\/shop.bantam.ch\/de\/produkt\/serviceklappe-5\/#breadcrumb","itemListElement":[{"@type":"ListItem","position":1,"name":"Accueil","item":"https:\/\/shop.bantam.ch\/de\/"},{"@type":"ListItem","position":2,"name":"Shop","item":"https:\/\/shop.bantam.ch\/de\/shop\/"},{"@type":"ListItem","position":3,"name":"Serviceklappe 5"}]},{"@type":"WebSite","@id":"https:\/\/shop.bantam.ch\/de\/#website","url":"https:\/\/shop.bantam.ch\/de\/","name":"Bantam Camping AG","description":"","publisher":{"@id":"https:\/\/shop.bantam.ch\/de\/#organization"},"inLanguage":"de"},{"@type":"Organization","@id":"https:\/\/shop.bantam.ch\/de\/#organization","name":"Bantam Camping AG","url":"https:\/\/shop.bantam.ch\/de\/","logo":{"@type":"ImageObject","inLanguage":"de","@id":"https:\/\/shop.bantam.ch\/de\/#\/schema\/logo\/image\/","url":"https:\/\/shop.bantam.ch\/wp-content\/uploads\/2022\/12\/bantam-logo.png","contentUrl":"https:\/\/shop.bantam.ch\/wp-content\/uploads\/2022\/12\/bantam-logo.png","width":320,"height":71,"caption":"Bantam Camping AG"},"image":{"@id":"https:\/\/shop.bantam.ch\/de\/#\/schema\/logo\/image\/"}}]}},"_links":{"self":[{"href":"https:\/\/shop.bantam.ch\/de\/wp-json\/wp\/v2\/product\/173786","targetHints":{"allow":["GET"]}}],"collection":[{"href":"https:\/\/shop.bantam.ch\/de\/wp-json\/wp\/v2\/product"}],"about":[{"href":"https:\/\/shop.bantam.ch\/de\/wp-json\/wp\/v2\/types\/product"}],"wp:featuredmedia":[{"embeddable":true,"href":"https:\/\/shop.bantam.ch\/de\/wp-json\/wp\/v2\/media\/173781"}],"wp:attachment":[{"href":"https:\/\/shop.bantam.ch\/de\/wp-json\/wp\/v2\/media?parent=173786"}],"wp:term":[{"taxonomy":"product_featured_cat","embeddable":true,"href":"https:\/\/shop.bantam.ch\/de\/wp-json\/wp\/v2\/product_featured_cat?post=173786"},{"taxonomy":"product_brand","embeddable":true,"href":"https:\/\/shop.bantam.ch\/de\/wp-json\/wp\/v2\/product_brand?post=173786"},{"taxonomy":"product_cat","embeddable":true,"href":"https:\/\/shop.bantam.ch\/de\/wp-json\/wp\/v2\/product_cat?post=173786"},{"taxonomy":"product_tag","embeddable":true,"href":"https:\/\/shop.bantam.ch\/de\/wp-json\/wp\/v2\/product_tag?post=173786"}],"curies":[{"name":"wp","href":"https:\/\/api.w.org\/{rel}","templated":true}]}}