{"id":172862,"date":"2023-05-25T14:59:29","date_gmt":"2023-05-25T12:59:29","guid":{"rendered":"https:\/\/shop.bantam.ch\/produit\/haengetasche-pack-organizer-toiletry\/"},"modified":"2026-05-01T22:34:53","modified_gmt":"2026-05-01T20:34:53","slug":"haengetasche-pack-organizer-toiletry","status":"publish","type":"product","link":"https:\/\/shop.bantam.ch\/de\/produkt\/haengetasche-pack-organizer-toiletry\/","title":{"rendered":"H\u00e4ngetasche Pack Organizer Toiletry"},"content":{"rendered":"<p>Fiamma erneuert komplett die Linie der Organizer, welche dadurch noch einnehmender und aktueller sind. Eine neu Raumaufteilung und Einf\u00fchrung von funktionellen Elementen deren Netztaschen, sowie untere Tasche mit Doppelfach erm\u00f6glichen so den Raum ideal zu nutzen.<\/p>\n<ul>\n<li>Ma\u00dfe geschlossen: 30 x 37 x 11 cm (B x H x T)<\/li>\n<li>Ma\u00dfe offen: 30 x 118 x 11 cm (B x H x T)<\/li>\n<li>Gewicht: 0,6 kg<\/li>\n<\/ul>\n<p>\u00a0<\/p>\n<p>Material:<br \/>100 % Polyester<\/p>\n","protected":false},"excerpt":{"rendered":"<p>Fiamma erneuert komplett die Linie der Organizer, welche dadurch noch einnehmender und aktueller sind. Eine neu Raumaufteilung und Einf\u00fchrung von funktionellen Elementen deren Netztaschen, sowie untere Tasche mit Doppelfach erm\u00f6glichen so den Raum ideal zu nutzen. Ma\u00dfe geschlossen: 30 x 37 x 11 cm (B x H x T) Ma\u00dfe offen: 30 x 118 x [&hellip;]<\/p>\n","protected":false},"featured_media":172860,"template":"","meta":{"_acf_changed":false},"product_featured_cat":[],"product_brand":[3035],"product_cat":[4942],"product_tag":[],"class_list":{"0":"post-172862","1":"product","2":"type-product","3":"status-publish","4":"has-post-thumbnail","6":"product_brand-fiamma-de","7":"product_cat-koerperpflege","9":"first","10":"instock","11":"taxable","12":"shipping-taxable","13":"purchasable","14":"product-type-simple"},"acf":[],"yoast_head":"<!-- This site is optimized with the Yoast SEO plugin v27.5 - https:\/\/yoast.com\/product\/yoast-seo-wordpress\/ -->\n<title>H\u00e4ngetasche Pack Organizer Toiletry - Bantam<\/title>\n<meta name=\"robots\" content=\"index, follow, max-snippet:-1, max-image-preview:large, max-video-preview:-1\" \/>\n<link rel=\"canonical\" href=\"https:\/\/shop.bantam.ch\/de\/produkt\/haengetasche-pack-organizer-toiletry\/\" \/>\n<meta property=\"og:locale\" content=\"de_DE\" \/>\n<meta property=\"og:type\" content=\"article\" \/>\n<meta property=\"og:title\" content=\"H\u00e4ngetasche Pack Organizer Toiletry - Bantam\" \/>\n<meta property=\"og:description\" content=\"Fiamma erneuert komplett die Linie der Organizer, welche dadurch noch einnehmender und aktueller sind. Eine neu Raumaufteilung und Einf\u00fchrung von funktionellen Elementen deren Netztaschen, sowie untere Tasche mit Doppelfach erm\u00f6glichen so den Raum ideal zu nutzen. Ma\u00dfe geschlossen: 30 x 37 x 11 cm (B x H x T) Ma\u00dfe offen: 30 x 118 x [&hellip;]\" \/>\n<meta property=\"og:url\" content=\"https:\/\/shop.bantam.ch\/de\/produkt\/haengetasche-pack-organizer-toiletry\/\" \/>\n<meta property=\"og:site_name\" content=\"Bantam\" \/>\n<meta property=\"article:modified_time\" content=\"2026-05-01T20:34:53+00:00\" \/>\n<meta property=\"og:image\" content=\"https:\/\/shop.bantam.ch\/wp-content\/uploads\/2023\/05\/9930578-100-1-3.jpg\" \/>\n\t<meta property=\"og:image:width\" content=\"500\" \/>\n\t<meta property=\"og:image:height\" content=\"300\" \/>\n\t<meta property=\"og:image:type\" content=\"image\/jpeg\" \/>\n<meta name=\"twitter:card\" content=\"summary_large_image\" \/>\n<script type=\"application\/ld+json\" class=\"yoast-schema-graph\">{\"@context\":\"https:\\\/\\\/schema.org\",\"@graph\":[{\"@type\":\"WebPage\",\"@id\":\"https:\\\/\\\/shop.bantam.ch\\\/de\\\/produkt\\\/haengetasche-pack-organizer-toiletry\\\/\",\"url\":\"https:\\\/\\\/shop.bantam.ch\\\/de\\\/produkt\\\/haengetasche-pack-organizer-toiletry\\\/\",\"name\":\"H\u00e4ngetasche Pack Organizer Toiletry - Bantam\",\"isPartOf\":{\"@id\":\"https:\\\/\\\/shop.bantam.ch\\\/de\\\/#website\"},\"primaryImageOfPage\":{\"@id\":\"https:\\\/\\\/shop.bantam.ch\\\/de\\\/produkt\\\/haengetasche-pack-organizer-toiletry\\\/#primaryimage\"},\"image\":{\"@id\":\"https:\\\/\\\/shop.bantam.ch\\\/de\\\/produkt\\\/haengetasche-pack-organizer-toiletry\\\/#primaryimage\"},\"thumbnailUrl\":\"https:\\\/\\\/shop.bantam.ch\\\/wp-content\\\/uploads\\\/2023\\\/05\\\/9930578-100-1-3.jpg\",\"datePublished\":\"2023-05-25T12:59:29+00:00\",\"dateModified\":\"2026-05-01T20:34:53+00:00\",\"breadcrumb\":{\"@id\":\"https:\\\/\\\/shop.bantam.ch\\\/de\\\/produkt\\\/haengetasche-pack-organizer-toiletry\\\/#breadcrumb\"},\"inLanguage\":\"de\",\"potentialAction\":[{\"@type\":\"ReadAction\",\"target\":[\"https:\\\/\\\/shop.bantam.ch\\\/de\\\/produkt\\\/haengetasche-pack-organizer-toiletry\\\/\"]}]},{\"@type\":\"ImageObject\",\"inLanguage\":\"de\",\"@id\":\"https:\\\/\\\/shop.bantam.ch\\\/de\\\/produkt\\\/haengetasche-pack-organizer-toiletry\\\/#primaryimage\",\"url\":\"https:\\\/\\\/shop.bantam.ch\\\/wp-content\\\/uploads\\\/2023\\\/05\\\/9930578-100-1-3.jpg\",\"contentUrl\":\"https:\\\/\\\/shop.bantam.ch\\\/wp-content\\\/uploads\\\/2023\\\/05\\\/9930578-100-1-3.jpg\",\"width\":500,\"height\":300},{\"@type\":\"BreadcrumbList\",\"@id\":\"https:\\\/\\\/shop.bantam.ch\\\/de\\\/produkt\\\/haengetasche-pack-organizer-toiletry\\\/#breadcrumb\",\"itemListElement\":[{\"@type\":\"ListItem\",\"position\":1,\"name\":\"Accueil\",\"item\":\"https:\\\/\\\/shop.bantam.ch\\\/de\\\/\"},{\"@type\":\"ListItem\",\"position\":2,\"name\":\"Shop\",\"item\":\"https:\\\/\\\/shop.bantam.ch\\\/de\\\/shop\\\/\"},{\"@type\":\"ListItem\",\"position\":3,\"name\":\"H\u00e4ngetasche Pack Organizer Toiletry\"}]},{\"@type\":\"WebSite\",\"@id\":\"https:\\\/\\\/shop.bantam.ch\\\/de\\\/#website\",\"url\":\"https:\\\/\\\/shop.bantam.ch\\\/de\\\/\",\"name\":\"Bantam\",\"description\":\"\",\"publisher\":{\"@id\":\"https:\\\/\\\/shop.bantam.ch\\\/de\\\/#organization\"},\"inLanguage\":\"de\"},{\"@type\":\"Organization\",\"@id\":\"https:\\\/\\\/shop.bantam.ch\\\/de\\\/#organization\",\"name\":\"Bantam\",\"url\":\"https:\\\/\\\/shop.bantam.ch\\\/de\\\/\",\"logo\":{\"@type\":\"ImageObject\",\"inLanguage\":\"de\",\"@id\":\"https:\\\/\\\/shop.bantam.ch\\\/de\\\/#\\\/schema\\\/logo\\\/image\\\/\",\"url\":\"https:\\\/\\\/shop.bantam.ch\\\/wp-content\\\/uploads\\\/2022\\\/12\\\/bantam-logo.png\",\"contentUrl\":\"https:\\\/\\\/shop.bantam.ch\\\/wp-content\\\/uploads\\\/2022\\\/12\\\/bantam-logo.png\",\"width\":320,\"height\":71,\"caption\":\"Bantam\"},\"image\":{\"@id\":\"https:\\\/\\\/shop.bantam.ch\\\/de\\\/#\\\/schema\\\/logo\\\/image\\\/\"}}]}<\/script>\n<!-- \/ Yoast SEO plugin. -->","yoast_head_json":{"title":"H\u00e4ngetasche Pack Organizer Toiletry - Bantam","robots":{"index":"index","follow":"follow","max-snippet":"max-snippet:-1","max-image-preview":"max-image-preview:large","max-video-preview":"max-video-preview:-1"},"canonical":"https:\/\/shop.bantam.ch\/de\/produkt\/haengetasche-pack-organizer-toiletry\/","og_locale":"de_DE","og_type":"article","og_title":"H\u00e4ngetasche Pack Organizer Toiletry - Bantam","og_description":"Fiamma erneuert komplett die Linie der Organizer, welche dadurch noch einnehmender und aktueller sind. Eine neu Raumaufteilung und Einf\u00fchrung von funktionellen Elementen deren Netztaschen, sowie untere Tasche mit Doppelfach erm\u00f6glichen so den Raum ideal zu nutzen. Ma\u00dfe geschlossen: 30 x 37 x 11 cm (B x H x T) Ma\u00dfe offen: 30 x 118 x [&hellip;]","og_url":"https:\/\/shop.bantam.ch\/de\/produkt\/haengetasche-pack-organizer-toiletry\/","og_site_name":"Bantam","article_modified_time":"2026-05-01T20:34:53+00:00","og_image":[{"width":500,"height":300,"url":"https:\/\/shop.bantam.ch\/wp-content\/uploads\/2023\/05\/9930578-100-1-3.jpg","type":"image\/jpeg"}],"twitter_card":"summary_large_image","schema":{"@context":"https:\/\/schema.org","@graph":[{"@type":"WebPage","@id":"https:\/\/shop.bantam.ch\/de\/produkt\/haengetasche-pack-organizer-toiletry\/","url":"https:\/\/shop.bantam.ch\/de\/produkt\/haengetasche-pack-organizer-toiletry\/","name":"H\u00e4ngetasche Pack Organizer Toiletry - Bantam","isPartOf":{"@id":"https:\/\/shop.bantam.ch\/de\/#website"},"primaryImageOfPage":{"@id":"https:\/\/shop.bantam.ch\/de\/produkt\/haengetasche-pack-organizer-toiletry\/#primaryimage"},"image":{"@id":"https:\/\/shop.bantam.ch\/de\/produkt\/haengetasche-pack-organizer-toiletry\/#primaryimage"},"thumbnailUrl":"https:\/\/shop.bantam.ch\/wp-content\/uploads\/2023\/05\/9930578-100-1-3.jpg","datePublished":"2023-05-25T12:59:29+00:00","dateModified":"2026-05-01T20:34:53+00:00","breadcrumb":{"@id":"https:\/\/shop.bantam.ch\/de\/produkt\/haengetasche-pack-organizer-toiletry\/#breadcrumb"},"inLanguage":"de","potentialAction":[{"@type":"ReadAction","target":["https:\/\/shop.bantam.ch\/de\/produkt\/haengetasche-pack-organizer-toiletry\/"]}]},{"@type":"ImageObject","inLanguage":"de","@id":"https:\/\/shop.bantam.ch\/de\/produkt\/haengetasche-pack-organizer-toiletry\/#primaryimage","url":"https:\/\/shop.bantam.ch\/wp-content\/uploads\/2023\/05\/9930578-100-1-3.jpg","contentUrl":"https:\/\/shop.bantam.ch\/wp-content\/uploads\/2023\/05\/9930578-100-1-3.jpg","width":500,"height":300},{"@type":"BreadcrumbList","@id":"https:\/\/shop.bantam.ch\/de\/produkt\/haengetasche-pack-organizer-toiletry\/#breadcrumb","itemListElement":[{"@type":"ListItem","position":1,"name":"Accueil","item":"https:\/\/shop.bantam.ch\/de\/"},{"@type":"ListItem","position":2,"name":"Shop","item":"https:\/\/shop.bantam.ch\/de\/shop\/"},{"@type":"ListItem","position":3,"name":"H\u00e4ngetasche Pack Organizer Toiletry"}]},{"@type":"WebSite","@id":"https:\/\/shop.bantam.ch\/de\/#website","url":"https:\/\/shop.bantam.ch\/de\/","name":"Bantam","description":"","publisher":{"@id":"https:\/\/shop.bantam.ch\/de\/#organization"},"inLanguage":"de"},{"@type":"Organization","@id":"https:\/\/shop.bantam.ch\/de\/#organization","name":"Bantam","url":"https:\/\/shop.bantam.ch\/de\/","logo":{"@type":"ImageObject","inLanguage":"de","@id":"https:\/\/shop.bantam.ch\/de\/#\/schema\/logo\/image\/","url":"https:\/\/shop.bantam.ch\/wp-content\/uploads\/2022\/12\/bantam-logo.png","contentUrl":"https:\/\/shop.bantam.ch\/wp-content\/uploads\/2022\/12\/bantam-logo.png","width":320,"height":71,"caption":"Bantam"},"image":{"@id":"https:\/\/shop.bantam.ch\/de\/#\/schema\/logo\/image\/"}}]}},"_links":{"self":[{"href":"https:\/\/shop.bantam.ch\/de\/wp-json\/wp\/v2\/product\/172862","targetHints":{"allow":["GET"]}}],"collection":[{"href":"https:\/\/shop.bantam.ch\/de\/wp-json\/wp\/v2\/product"}],"about":[{"href":"https:\/\/shop.bantam.ch\/de\/wp-json\/wp\/v2\/types\/product"}],"wp:featuredmedia":[{"embeddable":true,"href":"https:\/\/shop.bantam.ch\/de\/wp-json\/wp\/v2\/media\/172860"}],"wp:attachment":[{"href":"https:\/\/shop.bantam.ch\/de\/wp-json\/wp\/v2\/media?parent=172862"}],"wp:term":[{"taxonomy":"product_featured_cat","embeddable":true,"href":"https:\/\/shop.bantam.ch\/de\/wp-json\/wp\/v2\/product_featured_cat?post=172862"},{"taxonomy":"product_brand","embeddable":true,"href":"https:\/\/shop.bantam.ch\/de\/wp-json\/wp\/v2\/product_brand?post=172862"},{"taxonomy":"product_cat","embeddable":true,"href":"https:\/\/shop.bantam.ch\/de\/wp-json\/wp\/v2\/product_cat?post=172862"},{"taxonomy":"product_tag","embeddable":true,"href":"https:\/\/shop.bantam.ch\/de\/wp-json\/wp\/v2\/product_tag?post=172862"}],"curies":[{"name":"wp","href":"https:\/\/api.w.org\/{rel}","templated":true}]}}