{"id":172314,"date":"2023-05-25T14:36:06","date_gmt":"2023-05-25T12:36:06","guid":{"rendered":"https:\/\/shop.bantam.ch\/produit\/wohnmobil-wohnwagenschutzdach-vanprotect\/"},"modified":"2026-04-19T00:43:33","modified_gmt":"2026-04-18T22:43:33","slug":"wohnmobil-wohnwagenschutzdach-vanprotect","status":"publish","type":"product","link":"https:\/\/shop.bantam.ch\/de\/produkt\/wohnmobil-wohnwagenschutzdach-vanprotect\/","title":{"rendered":"Wohnmobil \/ Wohnwagenschutzdach VanProtect"},"content":{"rendered":"<p><strong>Produktinformationen<\/strong><\/p>\n<p><span style=\"text-decoration: underline\">Das clevere System:<\/span><\/p>\n<ul>\n<li>Schneller und einfacher Auf- und Abbau ohne Werkzeuge<\/li>\n<li>Keine Scheuerstellen auf Wagen dank Auflage auf Spanngurten<\/li>\n<li>Leicht und raumsparend<\/li>\n<li>F\u00fcr alle Wohnmobil- und Wohnwagentypen geeignet<\/li>\n<li>Optimale Unterl\u00fcftung<\/li>\n<li>Wasserabfluss durch Rundbogen und seitlichen \u00dcberstand<\/li>\n<li>Schnee rutscht ab<\/li>\n<li>Sturmsicher<\/li>\n<\/ul>\n<p><span style=\"text-decoration: underline\">Ihr Fahrzeug bleibt sauber und trocken<\/span><br \/>Ein im Freien stehendes Fahrzeug ist immer auch den Umwelteinfl\u00fcssen (Staub, Schmutz, Laub usw.) ausgesetzt. Mit VANprotect bleibt ihr Fahrzeug gesch\u00fctzt, sauber und trocken.<\/p>\n<p><span style=\"text-decoration: underline\">VANprotect erh\u00e4lt den Wert Ihres Fahrzeugs<\/span><br \/>Den gr\u00f6ssten Wertverlust erleidet Ihr Wohnmobil, wenn es nicht benutzt wird und Wind und Wetter ausgesetzt irgendwo abgestellt ist. Das muss nicht sein! Die Antwort heisst VANprotect. Das Produkt sch\u00fctzt vor witterungsbedingten Verschleiss und somit vor Wertverlust. \u00dcberstand bei den Seiten sowie Front und Heck. VANprotect ist eine Investition die sich auf jeden Fall lohnt.<\/p>\n<p><strong>Optimaler Schutz<\/strong><\/p>\n<p><span style=\"text-decoration: underline\">Schnee<\/span><br \/>30 cm leichter Pulverschnee sind kein Problem und nasser Schnee rutscht dank der starken W\u00f6lbung weitgehendst selber ab. Falls dennoch grosse Schneemengen auf dem Schutzdach liegen bleiben, ist Schneer\u00e4umen notwendig.<\/p>\n<p><span style=\"text-decoration: underline\">Sturm<\/span><br \/>Durch die seitliche Verspannung ist das Schutzdach sehr windsicher. Es wurde in Schweizer Sturmt\u00e4lern und am Atlantik in Frankreich erfolgreich getestet.<\/p>\n<p><span style=\"text-decoration: underline\">Wasser, Hitze, K\u00e4lte<\/span><br \/>K\u00f6nnen dem Schutzdach nichts anhaben. UV-Strahlen k\u00f6nnten \u00fcber die Jahre die Folie besch\u00e4digen, zehn Jahre alte Folien sind jedoch noch immer im Einsatz. Abn\u00fctzung und Scheuerstellen durch unvorsichtiges montieren und demontieren sind die gr\u00f6ssere Belastung f\u00fcr das Schutzdach.<\/p>\n<p><strong>Montage<\/strong><\/p>\n<p><span style=\"text-decoration: underline\">Einfache und schnelle Montage<\/span><br \/>Das Dach wird wie eine Ziehharmonika auseinander gezogen und vorne und hinten mittels Schaumstoffkl\u00f6tzen und Gurten verspannt. Die Auflage des Schutzdaches auf dem Fahrzeug ist auf 4 cm breiten, elastischen Gurten. Der Zeitaufwand betr\u00e4gt circa 25 Minuten. Dank dem geringen Gewicht und dem raffinierten \u00abPfeilbogen-System\u00bb einfach und schnell zu montieren.<\/p>\n<p>F\u00fcr den Auf- und Abbau braucht es lediglich eine Leiter, keine Werkzeuge. Es sind keine Bohrungen oder \u00e4hnliches notwendig. Der Aufbau wird nicht besch\u00e4digt dank Auflage auf elastischen, 4 cm breiten Gurten. Die Spanngurten werden an geeigneten Stellen des Unterbaus eingeh\u00e4ngt. Die seitliche Verspannung erfolgt in einem St\u00fcck unter dem Fahrzeug hindurch. Klimaanlage, Antenne oder Reling und Leiter sind keine Hindernisse. Der einfache Auf- und Abbau motiviert auch zur Anwendung \u00fcber k\u00fcrzere Standzeiten.<\/p>\n<p><span style=\"text-decoration: underline\">Vormontage: Bogen spannen<\/span><br \/>Durch ziehen an der Spanngurte und gleichzeitigem dr\u00fccken und biegen des Rohres, das Rohrende in die Gurttasche stecken. Der Bogen kann dauerhaft unter Spannung bleiben!<\/p>\n<p><span style=\"text-decoration: underline\">Leicht und raumsparend<\/span><br \/>Beispiel: Das Dach f\u00fcr ein sechs Meter langes Mobil wiegt unter 30 kg und misst zusammengerollt ca. 20 cm Durchmesser und drei Meter L\u00e4nge.<\/p>\n<p><span style=\"text-decoration: underline\">Zeitaufwand<\/span><br \/>F\u00fcr den einmaligen Zusammenbau sollten etwa zwei Stunden eingesetzt werden. F\u00fcr die erste Montage auch ca. zwei Stunden. F\u00fcr jede weitere Montage nur noch 25 Minuten (Demontage noch schneller).<\/p>\n<p><strong>Technische Daten<\/strong><\/p>\n<ul>\n<li>Planenmaterial:PVC Plane hellgrau 450g\/m2 anti UV behandelt<\/li>\n<li>Gest\u00e4nge:Rundrohr 16 mm Alu-Legierung, elastisch und solid zugleich<\/li>\n<li>Gurten:Polyester, Polypropylen<\/li>\n<li>Gewicht:ca. 30 kg alles inklusive<\/li>\n<li>Bogenabst\u00e4nde: ca. 65 &#8211; 70 cm<\/li>\n<li>Frontplane: inbegriffen<\/li>\n<\/ul>\n<p><span style=\"text-decoration: underline\">Garantie<\/span><br \/>Drei Jahre Best\u00e4ndigkeit gegen UV Strahlen f\u00fcr Planenmaterial und s\u00e4mtliche Gurten, zwei Jahre f\u00fcr s\u00e4mtliche restliche Teile.<\/p>\n<p><strong>Messen und berechnen<\/strong><\/p>\n<p><span style=\"text-decoration: underline\">Bestellung und Lieferung<\/span><br \/>Das Anleitungsblatt gibt Auskunft \u00fcber ein einfaches Mess-System, erh\u00e4ltliche Gr\u00f6ssen und Preise. Das Schutzdach erhalten Sie in einem Karton komplett mit Plane f\u00fcr Front oder Heck sowie eine ausf\u00fchrliche, illustrierte Montageanleitung.<\/p>\n<p>\u00a0<\/p>\n<p><strong>!!! Aufpreis Option teilbar mit Rei\u00dfverschluss (9940857) ACHTUNG: Muss gleich mit bestellt werden, keine Nachr\u00fcstung m\u00f6glich !!!<\/strong><\/p>\n","protected":false},"excerpt":{"rendered":"<p>Produktinformationen Das clevere System: Schneller und einfacher Auf- und Abbau ohne Werkzeuge Keine Scheuerstellen auf Wagen dank Auflage auf Spanngurten Leicht und raumsparend F\u00fcr alle Wohnmobil- und Wohnwagentypen geeignet Optimale Unterl\u00fcftung Wasserabfluss durch Rundbogen und seitlichen \u00dcberstand Schnee rutscht ab Sturmsicher Ihr Fahrzeug bleibt sauber und trockenEin im Freien stehendes Fahrzeug ist immer auch den [&hellip;]<\/p>\n","protected":false},"featured_media":172280,"template":"","meta":{"_acf_changed":false},"product_featured_cat":[],"product_brand":[3821],"product_cat":[4154],"product_tag":[],"class_list":{"0":"post-172314","1":"product","2":"type-product","3":"status-publish","4":"has-post-thumbnail","6":"product_brand-vanprotect-de","7":"product_cat-schutzdaecher","9":"first","10":"instock","11":"taxable","12":"shipping-taxable","13":"purchasable","14":"product-type-variable"},"acf":[],"yoast_head":"<!-- This site is optimized with the Yoast SEO plugin v27.4 - https:\/\/yoast.com\/product\/yoast-seo-wordpress\/ -->\n<title>Wohnmobil \/ Wohnwagenschutzdach VanProtect - Bantam Camping AG<\/title>\n<meta name=\"robots\" content=\"index, follow, max-snippet:-1, max-image-preview:large, max-video-preview:-1\" \/>\n<link rel=\"canonical\" href=\"https:\/\/shop.bantam.ch\/de\/produkt\/wohnmobil-wohnwagenschutzdach-vanprotect\/\" \/>\n<meta property=\"og:locale\" content=\"de_DE\" \/>\n<meta property=\"og:type\" content=\"article\" \/>\n<meta property=\"og:title\" content=\"Wohnmobil \/ Wohnwagenschutzdach VanProtect - Bantam Camping AG\" \/>\n<meta property=\"og:description\" content=\"Produktinformationen Das clevere System: Schneller und einfacher Auf- und Abbau ohne Werkzeuge Keine Scheuerstellen auf Wagen dank Auflage auf Spanngurten Leicht und raumsparend F\u00fcr alle Wohnmobil- und Wohnwagentypen geeignet Optimale Unterl\u00fcftung Wasserabfluss durch Rundbogen und seitlichen \u00dcberstand Schnee rutscht ab Sturmsicher Ihr Fahrzeug bleibt sauber und trockenEin im Freien stehendes Fahrzeug ist immer auch den [&hellip;]\" \/>\n<meta property=\"og:url\" content=\"https:\/\/shop.bantam.ch\/de\/produkt\/wohnmobil-wohnwagenschutzdach-vanprotect\/\" \/>\n<meta property=\"og:site_name\" content=\"Bantam Camping AG\" \/>\n<meta property=\"article:modified_time\" content=\"2026-04-18T22:43:33+00:00\" \/>\n<meta property=\"og:image\" content=\"https:\/\/shop.bantam.ch\/wp-content\/uploads\/2023\/05\/9991850-VanProtect_Wohnmobil_Wohn-_wagenschutzdach_Gr_4_grau_f_Schutzdachlaenge_606-645_cm-Standard-01.jpg\" \/>\n\t<meta property=\"og:image:width\" content=\"1000\" \/>\n\t<meta property=\"og:image:height\" content=\"694\" \/>\n\t<meta property=\"og:image:type\" content=\"image\/jpeg\" \/>\n<meta name=\"twitter:card\" content=\"summary_large_image\" \/>\n<meta name=\"twitter:label1\" content=\"Gesch\u00e4tzte Lesezeit\" \/>\n\t<meta name=\"twitter:data1\" content=\"3\u00a0Minuten\" \/>\n<script type=\"application\/ld+json\" class=\"yoast-schema-graph\">{\"@context\":\"https:\\\/\\\/schema.org\",\"@graph\":[{\"@type\":\"WebPage\",\"@id\":\"https:\\\/\\\/shop.bantam.ch\\\/de\\\/produkt\\\/wohnmobil-wohnwagenschutzdach-vanprotect\\\/\",\"url\":\"https:\\\/\\\/shop.bantam.ch\\\/de\\\/produkt\\\/wohnmobil-wohnwagenschutzdach-vanprotect\\\/\",\"name\":\"Wohnmobil \\\/ Wohnwagenschutzdach VanProtect - Bantam Camping AG\",\"isPartOf\":{\"@id\":\"https:\\\/\\\/shop.bantam.ch\\\/de\\\/#website\"},\"primaryImageOfPage\":{\"@id\":\"https:\\\/\\\/shop.bantam.ch\\\/de\\\/produkt\\\/wohnmobil-wohnwagenschutzdach-vanprotect\\\/#primaryimage\"},\"image\":{\"@id\":\"https:\\\/\\\/shop.bantam.ch\\\/de\\\/produkt\\\/wohnmobil-wohnwagenschutzdach-vanprotect\\\/#primaryimage\"},\"thumbnailUrl\":\"https:\\\/\\\/shop.bantam.ch\\\/wp-content\\\/uploads\\\/2023\\\/05\\\/9991850-VanProtect_Wohnmobil_Wohn-_wagenschutzdach_Gr_4_grau_f_Schutzdachlaenge_606-645_cm-Standard-01.jpg\",\"datePublished\":\"2023-05-25T12:36:06+00:00\",\"dateModified\":\"2026-04-18T22:43:33+00:00\",\"breadcrumb\":{\"@id\":\"https:\\\/\\\/shop.bantam.ch\\\/de\\\/produkt\\\/wohnmobil-wohnwagenschutzdach-vanprotect\\\/#breadcrumb\"},\"inLanguage\":\"de\",\"potentialAction\":[{\"@type\":\"ReadAction\",\"target\":[\"https:\\\/\\\/shop.bantam.ch\\\/de\\\/produkt\\\/wohnmobil-wohnwagenschutzdach-vanprotect\\\/\"]}]},{\"@type\":\"ImageObject\",\"inLanguage\":\"de\",\"@id\":\"https:\\\/\\\/shop.bantam.ch\\\/de\\\/produkt\\\/wohnmobil-wohnwagenschutzdach-vanprotect\\\/#primaryimage\",\"url\":\"https:\\\/\\\/shop.bantam.ch\\\/wp-content\\\/uploads\\\/2023\\\/05\\\/9991850-VanProtect_Wohnmobil_Wohn-_wagenschutzdach_Gr_4_grau_f_Schutzdachlaenge_606-645_cm-Standard-01.jpg\",\"contentUrl\":\"https:\\\/\\\/shop.bantam.ch\\\/wp-content\\\/uploads\\\/2023\\\/05\\\/9991850-VanProtect_Wohnmobil_Wohn-_wagenschutzdach_Gr_4_grau_f_Schutzdachlaenge_606-645_cm-Standard-01.jpg\",\"width\":1000,\"height\":694},{\"@type\":\"BreadcrumbList\",\"@id\":\"https:\\\/\\\/shop.bantam.ch\\\/de\\\/produkt\\\/wohnmobil-wohnwagenschutzdach-vanprotect\\\/#breadcrumb\",\"itemListElement\":[{\"@type\":\"ListItem\",\"position\":1,\"name\":\"Accueil\",\"item\":\"https:\\\/\\\/shop.bantam.ch\\\/de\\\/\"},{\"@type\":\"ListItem\",\"position\":2,\"name\":\"Shop\",\"item\":\"https:\\\/\\\/shop.bantam.ch\\\/de\\\/shop\\\/\"},{\"@type\":\"ListItem\",\"position\":3,\"name\":\"Wohnmobil \\\/ Wohnwagenschutzdach VanProtect\"}]},{\"@type\":\"WebSite\",\"@id\":\"https:\\\/\\\/shop.bantam.ch\\\/de\\\/#website\",\"url\":\"https:\\\/\\\/shop.bantam.ch\\\/de\\\/\",\"name\":\"Bantam Camping AG\",\"description\":\"\",\"publisher\":{\"@id\":\"https:\\\/\\\/shop.bantam.ch\\\/de\\\/#organization\"},\"inLanguage\":\"de\"},{\"@type\":\"Organization\",\"@id\":\"https:\\\/\\\/shop.bantam.ch\\\/de\\\/#organization\",\"name\":\"Bantam Camping AG\",\"url\":\"https:\\\/\\\/shop.bantam.ch\\\/de\\\/\",\"logo\":{\"@type\":\"ImageObject\",\"inLanguage\":\"de\",\"@id\":\"https:\\\/\\\/shop.bantam.ch\\\/de\\\/#\\\/schema\\\/logo\\\/image\\\/\",\"url\":\"https:\\\/\\\/shop.bantam.ch\\\/wp-content\\\/uploads\\\/2022\\\/12\\\/bantam-logo.png\",\"contentUrl\":\"https:\\\/\\\/shop.bantam.ch\\\/wp-content\\\/uploads\\\/2022\\\/12\\\/bantam-logo.png\",\"width\":320,\"height\":71,\"caption\":\"Bantam Camping AG\"},\"image\":{\"@id\":\"https:\\\/\\\/shop.bantam.ch\\\/de\\\/#\\\/schema\\\/logo\\\/image\\\/\"}}]}<\/script>\n<!-- \/ Yoast SEO plugin. -->","yoast_head_json":{"title":"Wohnmobil \/ Wohnwagenschutzdach VanProtect - Bantam Camping AG","robots":{"index":"index","follow":"follow","max-snippet":"max-snippet:-1","max-image-preview":"max-image-preview:large","max-video-preview":"max-video-preview:-1"},"canonical":"https:\/\/shop.bantam.ch\/de\/produkt\/wohnmobil-wohnwagenschutzdach-vanprotect\/","og_locale":"de_DE","og_type":"article","og_title":"Wohnmobil \/ Wohnwagenschutzdach VanProtect - Bantam Camping AG","og_description":"Produktinformationen Das clevere System: Schneller und einfacher Auf- und Abbau ohne Werkzeuge Keine Scheuerstellen auf Wagen dank Auflage auf Spanngurten Leicht und raumsparend F\u00fcr alle Wohnmobil- und Wohnwagentypen geeignet Optimale Unterl\u00fcftung Wasserabfluss durch Rundbogen und seitlichen \u00dcberstand Schnee rutscht ab Sturmsicher Ihr Fahrzeug bleibt sauber und trockenEin im Freien stehendes Fahrzeug ist immer auch den [&hellip;]","og_url":"https:\/\/shop.bantam.ch\/de\/produkt\/wohnmobil-wohnwagenschutzdach-vanprotect\/","og_site_name":"Bantam Camping AG","article_modified_time":"2026-04-18T22:43:33+00:00","og_image":[{"width":1000,"height":694,"url":"https:\/\/shop.bantam.ch\/wp-content\/uploads\/2023\/05\/9991850-VanProtect_Wohnmobil_Wohn-_wagenschutzdach_Gr_4_grau_f_Schutzdachlaenge_606-645_cm-Standard-01.jpg","type":"image\/jpeg"}],"twitter_card":"summary_large_image","twitter_misc":{"Gesch\u00e4tzte Lesezeit":"3\u00a0Minuten"},"schema":{"@context":"https:\/\/schema.org","@graph":[{"@type":"WebPage","@id":"https:\/\/shop.bantam.ch\/de\/produkt\/wohnmobil-wohnwagenschutzdach-vanprotect\/","url":"https:\/\/shop.bantam.ch\/de\/produkt\/wohnmobil-wohnwagenschutzdach-vanprotect\/","name":"Wohnmobil \/ Wohnwagenschutzdach VanProtect - Bantam Camping AG","isPartOf":{"@id":"https:\/\/shop.bantam.ch\/de\/#website"},"primaryImageOfPage":{"@id":"https:\/\/shop.bantam.ch\/de\/produkt\/wohnmobil-wohnwagenschutzdach-vanprotect\/#primaryimage"},"image":{"@id":"https:\/\/shop.bantam.ch\/de\/produkt\/wohnmobil-wohnwagenschutzdach-vanprotect\/#primaryimage"},"thumbnailUrl":"https:\/\/shop.bantam.ch\/wp-content\/uploads\/2023\/05\/9991850-VanProtect_Wohnmobil_Wohn-_wagenschutzdach_Gr_4_grau_f_Schutzdachlaenge_606-645_cm-Standard-01.jpg","datePublished":"2023-05-25T12:36:06+00:00","dateModified":"2026-04-18T22:43:33+00:00","breadcrumb":{"@id":"https:\/\/shop.bantam.ch\/de\/produkt\/wohnmobil-wohnwagenschutzdach-vanprotect\/#breadcrumb"},"inLanguage":"de","potentialAction":[{"@type":"ReadAction","target":["https:\/\/shop.bantam.ch\/de\/produkt\/wohnmobil-wohnwagenschutzdach-vanprotect\/"]}]},{"@type":"ImageObject","inLanguage":"de","@id":"https:\/\/shop.bantam.ch\/de\/produkt\/wohnmobil-wohnwagenschutzdach-vanprotect\/#primaryimage","url":"https:\/\/shop.bantam.ch\/wp-content\/uploads\/2023\/05\/9991850-VanProtect_Wohnmobil_Wohn-_wagenschutzdach_Gr_4_grau_f_Schutzdachlaenge_606-645_cm-Standard-01.jpg","contentUrl":"https:\/\/shop.bantam.ch\/wp-content\/uploads\/2023\/05\/9991850-VanProtect_Wohnmobil_Wohn-_wagenschutzdach_Gr_4_grau_f_Schutzdachlaenge_606-645_cm-Standard-01.jpg","width":1000,"height":694},{"@type":"BreadcrumbList","@id":"https:\/\/shop.bantam.ch\/de\/produkt\/wohnmobil-wohnwagenschutzdach-vanprotect\/#breadcrumb","itemListElement":[{"@type":"ListItem","position":1,"name":"Accueil","item":"https:\/\/shop.bantam.ch\/de\/"},{"@type":"ListItem","position":2,"name":"Shop","item":"https:\/\/shop.bantam.ch\/de\/shop\/"},{"@type":"ListItem","position":3,"name":"Wohnmobil \/ Wohnwagenschutzdach VanProtect"}]},{"@type":"WebSite","@id":"https:\/\/shop.bantam.ch\/de\/#website","url":"https:\/\/shop.bantam.ch\/de\/","name":"Bantam Camping AG","description":"","publisher":{"@id":"https:\/\/shop.bantam.ch\/de\/#organization"},"inLanguage":"de"},{"@type":"Organization","@id":"https:\/\/shop.bantam.ch\/de\/#organization","name":"Bantam Camping AG","url":"https:\/\/shop.bantam.ch\/de\/","logo":{"@type":"ImageObject","inLanguage":"de","@id":"https:\/\/shop.bantam.ch\/de\/#\/schema\/logo\/image\/","url":"https:\/\/shop.bantam.ch\/wp-content\/uploads\/2022\/12\/bantam-logo.png","contentUrl":"https:\/\/shop.bantam.ch\/wp-content\/uploads\/2022\/12\/bantam-logo.png","width":320,"height":71,"caption":"Bantam Camping AG"},"image":{"@id":"https:\/\/shop.bantam.ch\/de\/#\/schema\/logo\/image\/"}}]}},"_links":{"self":[{"href":"https:\/\/shop.bantam.ch\/de\/wp-json\/wp\/v2\/product\/172314","targetHints":{"allow":["GET"]}}],"collection":[{"href":"https:\/\/shop.bantam.ch\/de\/wp-json\/wp\/v2\/product"}],"about":[{"href":"https:\/\/shop.bantam.ch\/de\/wp-json\/wp\/v2\/types\/product"}],"wp:featuredmedia":[{"embeddable":true,"href":"https:\/\/shop.bantam.ch\/de\/wp-json\/wp\/v2\/media\/172280"}],"wp:attachment":[{"href":"https:\/\/shop.bantam.ch\/de\/wp-json\/wp\/v2\/media?parent=172314"}],"wp:term":[{"taxonomy":"product_featured_cat","embeddable":true,"href":"https:\/\/shop.bantam.ch\/de\/wp-json\/wp\/v2\/product_featured_cat?post=172314"},{"taxonomy":"product_brand","embeddable":true,"href":"https:\/\/shop.bantam.ch\/de\/wp-json\/wp\/v2\/product_brand?post=172314"},{"taxonomy":"product_cat","embeddable":true,"href":"https:\/\/shop.bantam.ch\/de\/wp-json\/wp\/v2\/product_cat?post=172314"},{"taxonomy":"product_tag","embeddable":true,"href":"https:\/\/shop.bantam.ch\/de\/wp-json\/wp\/v2\/product_tag?post=172314"}],"curies":[{"name":"wp","href":"https:\/\/api.w.org\/{rel}","templated":true}]}}