{"id":171387,"date":"2023-05-25T12:58:58","date_gmt":"2023-05-25T10:58:58","guid":{"rendered":"https:\/\/shop.bantam.ch\/produit\/serviceklappe-edu-800-weiss\/"},"modified":"2026-04-18T22:39:33","modified_gmt":"2026-04-18T20:39:33","slug":"serviceklappe-edu-800-weiss","status":"publish","type":"product","link":"https:\/\/shop.bantam.ch\/de\/produkt\/serviceklappe-edu-800-weiss\/","title":{"rendered":"Einbaurahmen EDU 800 f\u00fcr Au\u00dfenklappe Farbe matt wei\u00df"},"content":{"rendered":"<p>Kunststoffeinbaurahmen mit Schloss. Das Ausschnitt-Teil wird im Rahmen eingesetzt, somit besteht die optische Harmonie zwischen Klappe und Fahrzeugwand. Einbaurahmen l\u00e4sst sich der Wandst\u00e4rke anpassen. F\u00fcr Ausschnittabmessungen und exakten Einbau, liegt Einbauschablone und Einbauanleitung bei.<\/p>\n<ul>\n<li>Einbauma\u00dfe (cm): 80 x 30\n<\/li>\n<li>Au\u00dfenma\u00dfe (cm): 84 x 34,5\n<\/li>\n<li>Lichte \u00d6ffnung (cm): 78 x 28<\/li>\n<\/ul>\n","protected":false},"excerpt":{"rendered":"<p>Kunststoffeinbaurahmen mit Schloss. Das Ausschnitt-Teil wird im Rahmen eingesetzt, somit besteht die optische Harmonie zwischen Klappe und Fahrzeugwand. Einbaurahmen l\u00e4sst sich der Wandst\u00e4rke anpassen. F\u00fcr Ausschnittabmessungen und exakten Einbau, liegt Einbauschablone und Einbauanleitung bei. Einbauma\u00dfe (cm): 80 x 30 Au\u00dfenma\u00dfe (cm): 84 x 34,5 Lichte \u00d6ffnung (cm): 78 x 28<\/p>\n","protected":false},"featured_media":171385,"template":"","meta":{"_acf_changed":false},"product_featured_cat":[],"product_brand":[3179],"product_cat":[4788],"product_tag":[],"class_list":{"0":"post-171387","1":"product","2":"type-product","3":"status-publish","4":"has-post-thumbnail","6":"product_brand-h-a-b-a-de","7":"product_cat-service-klappen","9":"first","10":"instock","11":"taxable","12":"shipping-taxable","13":"purchasable","14":"product-type-simple"},"acf":[],"yoast_head":"<!-- This site is optimized with the Yoast SEO plugin v27.4 - https:\/\/yoast.com\/product\/yoast-seo-wordpress\/ -->\n<title>Einbaurahmen EDU 800 f\u00fcr Au\u00dfenklappe Farbe matt wei\u00df - Bantam Camping AG<\/title>\n<meta name=\"robots\" content=\"index, follow, max-snippet:-1, max-image-preview:large, max-video-preview:-1\" \/>\n<link rel=\"canonical\" href=\"https:\/\/shop.bantam.ch\/de\/produkt\/serviceklappe-edu-800-weiss\/\" \/>\n<meta property=\"og:locale\" content=\"de_DE\" \/>\n<meta property=\"og:type\" content=\"article\" \/>\n<meta property=\"og:title\" content=\"Einbaurahmen EDU 800 f\u00fcr Au\u00dfenklappe Farbe matt wei\u00df - Bantam Camping AG\" \/>\n<meta property=\"og:description\" content=\"Kunststoffeinbaurahmen mit Schloss. Das Ausschnitt-Teil wird im Rahmen eingesetzt, somit besteht die optische Harmonie zwischen Klappe und Fahrzeugwand. Einbaurahmen l\u00e4sst sich der Wandst\u00e4rke anpassen. F\u00fcr Ausschnittabmessungen und exakten Einbau, liegt Einbauschablone und Einbauanleitung bei. Einbauma\u00dfe (cm): 80 x 30 Au\u00dfenma\u00dfe (cm): 84 x 34,5 Lichte \u00d6ffnung (cm): 78 x 28\" \/>\n<meta property=\"og:url\" content=\"https:\/\/shop.bantam.ch\/de\/produkt\/serviceklappe-edu-800-weiss\/\" \/>\n<meta property=\"og:site_name\" content=\"Bantam Camping AG\" \/>\n<meta property=\"article:modified_time\" content=\"2026-04-18T20:39:33+00:00\" \/>\n<meta property=\"og:image\" content=\"https:\/\/shop.bantam.ch\/wp-content\/uploads\/2023\/05\/9964701-Serviceklappe_EDU_800_weiss-Standard-01.jpg\" \/>\n\t<meta property=\"og:image:width\" content=\"1000\" \/>\n\t<meta property=\"og:image:height\" content=\"651\" \/>\n\t<meta property=\"og:image:type\" content=\"image\/jpeg\" \/>\n<meta name=\"twitter:card\" content=\"summary_large_image\" \/>\n<script type=\"application\/ld+json\" class=\"yoast-schema-graph\">{\"@context\":\"https:\\\/\\\/schema.org\",\"@graph\":[{\"@type\":\"WebPage\",\"@id\":\"https:\\\/\\\/shop.bantam.ch\\\/de\\\/produkt\\\/serviceklappe-edu-800-weiss\\\/\",\"url\":\"https:\\\/\\\/shop.bantam.ch\\\/de\\\/produkt\\\/serviceklappe-edu-800-weiss\\\/\",\"name\":\"Einbaurahmen EDU 800 f\u00fcr Au\u00dfenklappe Farbe matt wei\u00df - Bantam Camping AG\",\"isPartOf\":{\"@id\":\"https:\\\/\\\/shop.bantam.ch\\\/de\\\/#website\"},\"primaryImageOfPage\":{\"@id\":\"https:\\\/\\\/shop.bantam.ch\\\/de\\\/produkt\\\/serviceklappe-edu-800-weiss\\\/#primaryimage\"},\"image\":{\"@id\":\"https:\\\/\\\/shop.bantam.ch\\\/de\\\/produkt\\\/serviceklappe-edu-800-weiss\\\/#primaryimage\"},\"thumbnailUrl\":\"https:\\\/\\\/shop.bantam.ch\\\/wp-content\\\/uploads\\\/2023\\\/05\\\/9964701-Serviceklappe_EDU_800_weiss-Standard-01.jpg\",\"datePublished\":\"2023-05-25T10:58:58+00:00\",\"dateModified\":\"2026-04-18T20:39:33+00:00\",\"breadcrumb\":{\"@id\":\"https:\\\/\\\/shop.bantam.ch\\\/de\\\/produkt\\\/serviceklappe-edu-800-weiss\\\/#breadcrumb\"},\"inLanguage\":\"de\",\"potentialAction\":[{\"@type\":\"ReadAction\",\"target\":[\"https:\\\/\\\/shop.bantam.ch\\\/de\\\/produkt\\\/serviceklappe-edu-800-weiss\\\/\"]}]},{\"@type\":\"ImageObject\",\"inLanguage\":\"de\",\"@id\":\"https:\\\/\\\/shop.bantam.ch\\\/de\\\/produkt\\\/serviceklappe-edu-800-weiss\\\/#primaryimage\",\"url\":\"https:\\\/\\\/shop.bantam.ch\\\/wp-content\\\/uploads\\\/2023\\\/05\\\/9964701-Serviceklappe_EDU_800_weiss-Standard-01.jpg\",\"contentUrl\":\"https:\\\/\\\/shop.bantam.ch\\\/wp-content\\\/uploads\\\/2023\\\/05\\\/9964701-Serviceklappe_EDU_800_weiss-Standard-01.jpg\",\"width\":1000,\"height\":651},{\"@type\":\"BreadcrumbList\",\"@id\":\"https:\\\/\\\/shop.bantam.ch\\\/de\\\/produkt\\\/serviceklappe-edu-800-weiss\\\/#breadcrumb\",\"itemListElement\":[{\"@type\":\"ListItem\",\"position\":1,\"name\":\"Accueil\",\"item\":\"https:\\\/\\\/shop.bantam.ch\\\/de\\\/\"},{\"@type\":\"ListItem\",\"position\":2,\"name\":\"Shop\",\"item\":\"https:\\\/\\\/shop.bantam.ch\\\/de\\\/shop\\\/\"},{\"@type\":\"ListItem\",\"position\":3,\"name\":\"Einbaurahmen EDU 800 f\u00fcr Au\u00dfenklappe Farbe matt wei\u00df\"}]},{\"@type\":\"WebSite\",\"@id\":\"https:\\\/\\\/shop.bantam.ch\\\/de\\\/#website\",\"url\":\"https:\\\/\\\/shop.bantam.ch\\\/de\\\/\",\"name\":\"Bantam Camping AG\",\"description\":\"\",\"publisher\":{\"@id\":\"https:\\\/\\\/shop.bantam.ch\\\/de\\\/#organization\"},\"inLanguage\":\"de\"},{\"@type\":\"Organization\",\"@id\":\"https:\\\/\\\/shop.bantam.ch\\\/de\\\/#organization\",\"name\":\"Bantam Camping AG\",\"url\":\"https:\\\/\\\/shop.bantam.ch\\\/de\\\/\",\"logo\":{\"@type\":\"ImageObject\",\"inLanguage\":\"de\",\"@id\":\"https:\\\/\\\/shop.bantam.ch\\\/de\\\/#\\\/schema\\\/logo\\\/image\\\/\",\"url\":\"https:\\\/\\\/shop.bantam.ch\\\/wp-content\\\/uploads\\\/2022\\\/12\\\/bantam-logo.png\",\"contentUrl\":\"https:\\\/\\\/shop.bantam.ch\\\/wp-content\\\/uploads\\\/2022\\\/12\\\/bantam-logo.png\",\"width\":320,\"height\":71,\"caption\":\"Bantam Camping AG\"},\"image\":{\"@id\":\"https:\\\/\\\/shop.bantam.ch\\\/de\\\/#\\\/schema\\\/logo\\\/image\\\/\"}}]}<\/script>\n<!-- \/ Yoast SEO plugin. -->","yoast_head_json":{"title":"Einbaurahmen EDU 800 f\u00fcr Au\u00dfenklappe Farbe matt wei\u00df - Bantam Camping AG","robots":{"index":"index","follow":"follow","max-snippet":"max-snippet:-1","max-image-preview":"max-image-preview:large","max-video-preview":"max-video-preview:-1"},"canonical":"https:\/\/shop.bantam.ch\/de\/produkt\/serviceklappe-edu-800-weiss\/","og_locale":"de_DE","og_type":"article","og_title":"Einbaurahmen EDU 800 f\u00fcr Au\u00dfenklappe Farbe matt wei\u00df - Bantam Camping AG","og_description":"Kunststoffeinbaurahmen mit Schloss. Das Ausschnitt-Teil wird im Rahmen eingesetzt, somit besteht die optische Harmonie zwischen Klappe und Fahrzeugwand. Einbaurahmen l\u00e4sst sich der Wandst\u00e4rke anpassen. F\u00fcr Ausschnittabmessungen und exakten Einbau, liegt Einbauschablone und Einbauanleitung bei. Einbauma\u00dfe (cm): 80 x 30 Au\u00dfenma\u00dfe (cm): 84 x 34,5 Lichte \u00d6ffnung (cm): 78 x 28","og_url":"https:\/\/shop.bantam.ch\/de\/produkt\/serviceklappe-edu-800-weiss\/","og_site_name":"Bantam Camping AG","article_modified_time":"2026-04-18T20:39:33+00:00","og_image":[{"width":1000,"height":651,"url":"https:\/\/shop.bantam.ch\/wp-content\/uploads\/2023\/05\/9964701-Serviceklappe_EDU_800_weiss-Standard-01.jpg","type":"image\/jpeg"}],"twitter_card":"summary_large_image","schema":{"@context":"https:\/\/schema.org","@graph":[{"@type":"WebPage","@id":"https:\/\/shop.bantam.ch\/de\/produkt\/serviceklappe-edu-800-weiss\/","url":"https:\/\/shop.bantam.ch\/de\/produkt\/serviceklappe-edu-800-weiss\/","name":"Einbaurahmen EDU 800 f\u00fcr Au\u00dfenklappe Farbe matt wei\u00df - Bantam Camping AG","isPartOf":{"@id":"https:\/\/shop.bantam.ch\/de\/#website"},"primaryImageOfPage":{"@id":"https:\/\/shop.bantam.ch\/de\/produkt\/serviceklappe-edu-800-weiss\/#primaryimage"},"image":{"@id":"https:\/\/shop.bantam.ch\/de\/produkt\/serviceklappe-edu-800-weiss\/#primaryimage"},"thumbnailUrl":"https:\/\/shop.bantam.ch\/wp-content\/uploads\/2023\/05\/9964701-Serviceklappe_EDU_800_weiss-Standard-01.jpg","datePublished":"2023-05-25T10:58:58+00:00","dateModified":"2026-04-18T20:39:33+00:00","breadcrumb":{"@id":"https:\/\/shop.bantam.ch\/de\/produkt\/serviceklappe-edu-800-weiss\/#breadcrumb"},"inLanguage":"de","potentialAction":[{"@type":"ReadAction","target":["https:\/\/shop.bantam.ch\/de\/produkt\/serviceklappe-edu-800-weiss\/"]}]},{"@type":"ImageObject","inLanguage":"de","@id":"https:\/\/shop.bantam.ch\/de\/produkt\/serviceklappe-edu-800-weiss\/#primaryimage","url":"https:\/\/shop.bantam.ch\/wp-content\/uploads\/2023\/05\/9964701-Serviceklappe_EDU_800_weiss-Standard-01.jpg","contentUrl":"https:\/\/shop.bantam.ch\/wp-content\/uploads\/2023\/05\/9964701-Serviceklappe_EDU_800_weiss-Standard-01.jpg","width":1000,"height":651},{"@type":"BreadcrumbList","@id":"https:\/\/shop.bantam.ch\/de\/produkt\/serviceklappe-edu-800-weiss\/#breadcrumb","itemListElement":[{"@type":"ListItem","position":1,"name":"Accueil","item":"https:\/\/shop.bantam.ch\/de\/"},{"@type":"ListItem","position":2,"name":"Shop","item":"https:\/\/shop.bantam.ch\/de\/shop\/"},{"@type":"ListItem","position":3,"name":"Einbaurahmen EDU 800 f\u00fcr Au\u00dfenklappe Farbe matt wei\u00df"}]},{"@type":"WebSite","@id":"https:\/\/shop.bantam.ch\/de\/#website","url":"https:\/\/shop.bantam.ch\/de\/","name":"Bantam Camping AG","description":"","publisher":{"@id":"https:\/\/shop.bantam.ch\/de\/#organization"},"inLanguage":"de"},{"@type":"Organization","@id":"https:\/\/shop.bantam.ch\/de\/#organization","name":"Bantam Camping AG","url":"https:\/\/shop.bantam.ch\/de\/","logo":{"@type":"ImageObject","inLanguage":"de","@id":"https:\/\/shop.bantam.ch\/de\/#\/schema\/logo\/image\/","url":"https:\/\/shop.bantam.ch\/wp-content\/uploads\/2022\/12\/bantam-logo.png","contentUrl":"https:\/\/shop.bantam.ch\/wp-content\/uploads\/2022\/12\/bantam-logo.png","width":320,"height":71,"caption":"Bantam Camping AG"},"image":{"@id":"https:\/\/shop.bantam.ch\/de\/#\/schema\/logo\/image\/"}}]}},"_links":{"self":[{"href":"https:\/\/shop.bantam.ch\/de\/wp-json\/wp\/v2\/product\/171387","targetHints":{"allow":["GET"]}}],"collection":[{"href":"https:\/\/shop.bantam.ch\/de\/wp-json\/wp\/v2\/product"}],"about":[{"href":"https:\/\/shop.bantam.ch\/de\/wp-json\/wp\/v2\/types\/product"}],"wp:featuredmedia":[{"embeddable":true,"href":"https:\/\/shop.bantam.ch\/de\/wp-json\/wp\/v2\/media\/171385"}],"wp:attachment":[{"href":"https:\/\/shop.bantam.ch\/de\/wp-json\/wp\/v2\/media?parent=171387"}],"wp:term":[{"taxonomy":"product_featured_cat","embeddable":true,"href":"https:\/\/shop.bantam.ch\/de\/wp-json\/wp\/v2\/product_featured_cat?post=171387"},{"taxonomy":"product_brand","embeddable":true,"href":"https:\/\/shop.bantam.ch\/de\/wp-json\/wp\/v2\/product_brand?post=171387"},{"taxonomy":"product_cat","embeddable":true,"href":"https:\/\/shop.bantam.ch\/de\/wp-json\/wp\/v2\/product_cat?post=171387"},{"taxonomy":"product_tag","embeddable":true,"href":"https:\/\/shop.bantam.ch\/de\/wp-json\/wp\/v2\/product_tag?post=171387"}],"curies":[{"name":"wp","href":"https:\/\/api.w.org\/{rel}","templated":true}]}}