{"id":170913,"date":"2023-05-25T12:38:53","date_gmt":"2023-05-25T10:38:53","guid":{"rendered":"https:\/\/shop.bantam.ch\/produit\/druckwasserpumpe-classic-serie-12-v-100-l-31-bar\/"},"modified":"2026-05-01T22:33:07","modified_gmt":"2026-05-01T20:33:07","slug":"druckwasserpumpe-classic-serie-12-v-100-l-31-bar","status":"publish","type":"product","link":"https:\/\/shop.bantam.ch\/de\/produkt\/druckwasserpumpe-classic-serie-12-v-100-l-31-bar\/","title":{"rendered":"Druckwasserpumpe LILIE Classic Serie 12 V, 10,0 l, 3,1 bar"},"content":{"rendered":"<p>Leise Druckpumpe mit kr\u00e4ftiger F\u00f6rderleistung. Die gehemmte Ger\u00e4uschentwicklung wird durch ein spezielles ger\u00e4uschd\u00e4mmendes Material f\u00fcr Unterteil und Bodenplatte sowie Spezialdichtungen zwischen Pumpkopf und Motor erreicht. Der optimierte Druckschalter sorgt f\u00fcr l\u00e4ngere Schaltzyklen. Dies verl\u00e4ngert die Lebensdauer der Pumpe und spart Batteriestrom.<\/p>\n<p>Lieferumfang: <br \/>Inklusive zwei 12 mm-T\u00fcllen, gerade und gewinkelt<\/p>\n<ul>\n<li>Stromaufnahme: 5,5 A<\/li>\n<li>Selbstansaugend bis 3,1 m H\u00f6he<\/li>\n<\/ul>\n","protected":false},"excerpt":{"rendered":"<p>Leise Druckpumpe mit kr\u00e4ftiger F\u00f6rderleistung. Die gehemmte Ger\u00e4uschentwicklung wird durch ein spezielles ger\u00e4uschd\u00e4mmendes Material f\u00fcr Unterteil und Bodenplatte sowie Spezialdichtungen zwischen Pumpkopf und Motor erreicht. Der optimierte Druckschalter sorgt f\u00fcr l\u00e4ngere Schaltzyklen. Dies verl\u00e4ngert die Lebensdauer der Pumpe und spart Batteriestrom. Lieferumfang: Inklusive zwei 12 mm-T\u00fcllen, gerade und gewinkelt Stromaufnahme: 5,5 A Selbstansaugend bis 3,1 [&hellip;]<\/p>\n","protected":false},"featured_media":170911,"template":"","meta":{"_acf_changed":false},"product_featured_cat":[],"product_brand":[3109],"product_cat":[4630],"product_tag":[],"class_list":{"0":"post-170913","1":"product","2":"type-product","3":"status-publish","4":"has-post-thumbnail","6":"product_brand-lilie-de","7":"product_cat-druckwasserpumpen","9":"first","10":"instock","11":"taxable","12":"shipping-taxable","13":"purchasable","14":"product-type-simple"},"acf":[],"yoast_head":"<!-- This site is optimized with the Yoast SEO plugin v27.5 - https:\/\/yoast.com\/product\/yoast-seo-wordpress\/ -->\n<title>Druckwasserpumpe LILIE Classic Serie 12 V, 10,0 l, 3,1 bar - Bantam<\/title>\n<meta name=\"robots\" content=\"index, follow, max-snippet:-1, max-image-preview:large, max-video-preview:-1\" \/>\n<link rel=\"canonical\" href=\"https:\/\/shop.bantam.ch\/de\/produkt\/druckwasserpumpe-classic-serie-12-v-100-l-31-bar\/\" \/>\n<meta property=\"og:locale\" content=\"de_DE\" \/>\n<meta property=\"og:type\" content=\"article\" \/>\n<meta property=\"og:title\" content=\"Druckwasserpumpe LILIE Classic Serie 12 V, 10,0 l, 3,1 bar - Bantam\" \/>\n<meta property=\"og:description\" content=\"Leise Druckpumpe mit kr\u00e4ftiger F\u00f6rderleistung. Die gehemmte Ger\u00e4uschentwicklung wird durch ein spezielles ger\u00e4uschd\u00e4mmendes Material f\u00fcr Unterteil und Bodenplatte sowie Spezialdichtungen zwischen Pumpkopf und Motor erreicht. Der optimierte Druckschalter sorgt f\u00fcr l\u00e4ngere Schaltzyklen. Dies verl\u00e4ngert die Lebensdauer der Pumpe und spart Batteriestrom. Lieferumfang: Inklusive zwei 12 mm-T\u00fcllen, gerade und gewinkelt Stromaufnahme: 5,5 A Selbstansaugend bis 3,1 [&hellip;]\" \/>\n<meta property=\"og:url\" content=\"https:\/\/shop.bantam.ch\/de\/produkt\/druckwasserpumpe-classic-serie-12-v-100-l-31-bar\/\" \/>\n<meta property=\"og:site_name\" content=\"Bantam\" \/>\n<meta property=\"article:modified_time\" content=\"2026-05-01T20:33:07+00:00\" \/>\n<meta property=\"og:image\" content=\"https:\/\/shop.bantam.ch\/wp-content\/uploads\/2023\/05\/9912786-Lilie_by_Shurflo_Druckwasser-_pumpe_Classic_Serie_Whisper_King-Standard-01.jpg\" \/>\n\t<meta property=\"og:image:width\" content=\"1000\" \/>\n\t<meta property=\"og:image:height\" content=\"663\" \/>\n\t<meta property=\"og:image:type\" content=\"image\/jpeg\" \/>\n<meta name=\"twitter:card\" content=\"summary_large_image\" \/>\n<script type=\"application\/ld+json\" class=\"yoast-schema-graph\">{\"@context\":\"https:\\\/\\\/schema.org\",\"@graph\":[{\"@type\":\"WebPage\",\"@id\":\"https:\\\/\\\/shop.bantam.ch\\\/de\\\/produkt\\\/druckwasserpumpe-classic-serie-12-v-100-l-31-bar\\\/\",\"url\":\"https:\\\/\\\/shop.bantam.ch\\\/de\\\/produkt\\\/druckwasserpumpe-classic-serie-12-v-100-l-31-bar\\\/\",\"name\":\"Druckwasserpumpe LILIE Classic Serie 12 V, 10,0 l, 3,1 bar - Bantam\",\"isPartOf\":{\"@id\":\"https:\\\/\\\/shop.bantam.ch\\\/de\\\/#website\"},\"primaryImageOfPage\":{\"@id\":\"https:\\\/\\\/shop.bantam.ch\\\/de\\\/produkt\\\/druckwasserpumpe-classic-serie-12-v-100-l-31-bar\\\/#primaryimage\"},\"image\":{\"@id\":\"https:\\\/\\\/shop.bantam.ch\\\/de\\\/produkt\\\/druckwasserpumpe-classic-serie-12-v-100-l-31-bar\\\/#primaryimage\"},\"thumbnailUrl\":\"https:\\\/\\\/shop.bantam.ch\\\/wp-content\\\/uploads\\\/2023\\\/05\\\/9912786-Lilie_by_Shurflo_Druckwasser-_pumpe_Classic_Serie_Whisper_King-Standard-01.jpg\",\"datePublished\":\"2023-05-25T10:38:53+00:00\",\"dateModified\":\"2026-05-01T20:33:07+00:00\",\"breadcrumb\":{\"@id\":\"https:\\\/\\\/shop.bantam.ch\\\/de\\\/produkt\\\/druckwasserpumpe-classic-serie-12-v-100-l-31-bar\\\/#breadcrumb\"},\"inLanguage\":\"de\",\"potentialAction\":[{\"@type\":\"ReadAction\",\"target\":[\"https:\\\/\\\/shop.bantam.ch\\\/de\\\/produkt\\\/druckwasserpumpe-classic-serie-12-v-100-l-31-bar\\\/\"]}]},{\"@type\":\"ImageObject\",\"inLanguage\":\"de\",\"@id\":\"https:\\\/\\\/shop.bantam.ch\\\/de\\\/produkt\\\/druckwasserpumpe-classic-serie-12-v-100-l-31-bar\\\/#primaryimage\",\"url\":\"https:\\\/\\\/shop.bantam.ch\\\/wp-content\\\/uploads\\\/2023\\\/05\\\/9912786-Lilie_by_Shurflo_Druckwasser-_pumpe_Classic_Serie_Whisper_King-Standard-01.jpg\",\"contentUrl\":\"https:\\\/\\\/shop.bantam.ch\\\/wp-content\\\/uploads\\\/2023\\\/05\\\/9912786-Lilie_by_Shurflo_Druckwasser-_pumpe_Classic_Serie_Whisper_King-Standard-01.jpg\",\"width\":1000,\"height\":663},{\"@type\":\"BreadcrumbList\",\"@id\":\"https:\\\/\\\/shop.bantam.ch\\\/de\\\/produkt\\\/druckwasserpumpe-classic-serie-12-v-100-l-31-bar\\\/#breadcrumb\",\"itemListElement\":[{\"@type\":\"ListItem\",\"position\":1,\"name\":\"Accueil\",\"item\":\"https:\\\/\\\/shop.bantam.ch\\\/de\\\/\"},{\"@type\":\"ListItem\",\"position\":2,\"name\":\"Shop\",\"item\":\"https:\\\/\\\/shop.bantam.ch\\\/de\\\/shop\\\/\"},{\"@type\":\"ListItem\",\"position\":3,\"name\":\"Druckwasserpumpe LILIE Classic Serie 12 V, 10,0 l, 3,1 bar\"}]},{\"@type\":\"WebSite\",\"@id\":\"https:\\\/\\\/shop.bantam.ch\\\/de\\\/#website\",\"url\":\"https:\\\/\\\/shop.bantam.ch\\\/de\\\/\",\"name\":\"Bantam\",\"description\":\"\",\"publisher\":{\"@id\":\"https:\\\/\\\/shop.bantam.ch\\\/de\\\/#organization\"},\"inLanguage\":\"de\"},{\"@type\":\"Organization\",\"@id\":\"https:\\\/\\\/shop.bantam.ch\\\/de\\\/#organization\",\"name\":\"Bantam\",\"url\":\"https:\\\/\\\/shop.bantam.ch\\\/de\\\/\",\"logo\":{\"@type\":\"ImageObject\",\"inLanguage\":\"de\",\"@id\":\"https:\\\/\\\/shop.bantam.ch\\\/de\\\/#\\\/schema\\\/logo\\\/image\\\/\",\"url\":\"https:\\\/\\\/shop.bantam.ch\\\/wp-content\\\/uploads\\\/2022\\\/12\\\/bantam-logo.png\",\"contentUrl\":\"https:\\\/\\\/shop.bantam.ch\\\/wp-content\\\/uploads\\\/2022\\\/12\\\/bantam-logo.png\",\"width\":320,\"height\":71,\"caption\":\"Bantam\"},\"image\":{\"@id\":\"https:\\\/\\\/shop.bantam.ch\\\/de\\\/#\\\/schema\\\/logo\\\/image\\\/\"}}]}<\/script>\n<!-- \/ Yoast SEO plugin. -->","yoast_head_json":{"title":"Druckwasserpumpe LILIE Classic Serie 12 V, 10,0 l, 3,1 bar - Bantam","robots":{"index":"index","follow":"follow","max-snippet":"max-snippet:-1","max-image-preview":"max-image-preview:large","max-video-preview":"max-video-preview:-1"},"canonical":"https:\/\/shop.bantam.ch\/de\/produkt\/druckwasserpumpe-classic-serie-12-v-100-l-31-bar\/","og_locale":"de_DE","og_type":"article","og_title":"Druckwasserpumpe LILIE Classic Serie 12 V, 10,0 l, 3,1 bar - Bantam","og_description":"Leise Druckpumpe mit kr\u00e4ftiger F\u00f6rderleistung. Die gehemmte Ger\u00e4uschentwicklung wird durch ein spezielles ger\u00e4uschd\u00e4mmendes Material f\u00fcr Unterteil und Bodenplatte sowie Spezialdichtungen zwischen Pumpkopf und Motor erreicht. Der optimierte Druckschalter sorgt f\u00fcr l\u00e4ngere Schaltzyklen. Dies verl\u00e4ngert die Lebensdauer der Pumpe und spart Batteriestrom. Lieferumfang: Inklusive zwei 12 mm-T\u00fcllen, gerade und gewinkelt Stromaufnahme: 5,5 A Selbstansaugend bis 3,1 [&hellip;]","og_url":"https:\/\/shop.bantam.ch\/de\/produkt\/druckwasserpumpe-classic-serie-12-v-100-l-31-bar\/","og_site_name":"Bantam","article_modified_time":"2026-05-01T20:33:07+00:00","og_image":[{"width":1000,"height":663,"url":"https:\/\/shop.bantam.ch\/wp-content\/uploads\/2023\/05\/9912786-Lilie_by_Shurflo_Druckwasser-_pumpe_Classic_Serie_Whisper_King-Standard-01.jpg","type":"image\/jpeg"}],"twitter_card":"summary_large_image","schema":{"@context":"https:\/\/schema.org","@graph":[{"@type":"WebPage","@id":"https:\/\/shop.bantam.ch\/de\/produkt\/druckwasserpumpe-classic-serie-12-v-100-l-31-bar\/","url":"https:\/\/shop.bantam.ch\/de\/produkt\/druckwasserpumpe-classic-serie-12-v-100-l-31-bar\/","name":"Druckwasserpumpe LILIE Classic Serie 12 V, 10,0 l, 3,1 bar - Bantam","isPartOf":{"@id":"https:\/\/shop.bantam.ch\/de\/#website"},"primaryImageOfPage":{"@id":"https:\/\/shop.bantam.ch\/de\/produkt\/druckwasserpumpe-classic-serie-12-v-100-l-31-bar\/#primaryimage"},"image":{"@id":"https:\/\/shop.bantam.ch\/de\/produkt\/druckwasserpumpe-classic-serie-12-v-100-l-31-bar\/#primaryimage"},"thumbnailUrl":"https:\/\/shop.bantam.ch\/wp-content\/uploads\/2023\/05\/9912786-Lilie_by_Shurflo_Druckwasser-_pumpe_Classic_Serie_Whisper_King-Standard-01.jpg","datePublished":"2023-05-25T10:38:53+00:00","dateModified":"2026-05-01T20:33:07+00:00","breadcrumb":{"@id":"https:\/\/shop.bantam.ch\/de\/produkt\/druckwasserpumpe-classic-serie-12-v-100-l-31-bar\/#breadcrumb"},"inLanguage":"de","potentialAction":[{"@type":"ReadAction","target":["https:\/\/shop.bantam.ch\/de\/produkt\/druckwasserpumpe-classic-serie-12-v-100-l-31-bar\/"]}]},{"@type":"ImageObject","inLanguage":"de","@id":"https:\/\/shop.bantam.ch\/de\/produkt\/druckwasserpumpe-classic-serie-12-v-100-l-31-bar\/#primaryimage","url":"https:\/\/shop.bantam.ch\/wp-content\/uploads\/2023\/05\/9912786-Lilie_by_Shurflo_Druckwasser-_pumpe_Classic_Serie_Whisper_King-Standard-01.jpg","contentUrl":"https:\/\/shop.bantam.ch\/wp-content\/uploads\/2023\/05\/9912786-Lilie_by_Shurflo_Druckwasser-_pumpe_Classic_Serie_Whisper_King-Standard-01.jpg","width":1000,"height":663},{"@type":"BreadcrumbList","@id":"https:\/\/shop.bantam.ch\/de\/produkt\/druckwasserpumpe-classic-serie-12-v-100-l-31-bar\/#breadcrumb","itemListElement":[{"@type":"ListItem","position":1,"name":"Accueil","item":"https:\/\/shop.bantam.ch\/de\/"},{"@type":"ListItem","position":2,"name":"Shop","item":"https:\/\/shop.bantam.ch\/de\/shop\/"},{"@type":"ListItem","position":3,"name":"Druckwasserpumpe LILIE Classic Serie 12 V, 10,0 l, 3,1 bar"}]},{"@type":"WebSite","@id":"https:\/\/shop.bantam.ch\/de\/#website","url":"https:\/\/shop.bantam.ch\/de\/","name":"Bantam","description":"","publisher":{"@id":"https:\/\/shop.bantam.ch\/de\/#organization"},"inLanguage":"de"},{"@type":"Organization","@id":"https:\/\/shop.bantam.ch\/de\/#organization","name":"Bantam","url":"https:\/\/shop.bantam.ch\/de\/","logo":{"@type":"ImageObject","inLanguage":"de","@id":"https:\/\/shop.bantam.ch\/de\/#\/schema\/logo\/image\/","url":"https:\/\/shop.bantam.ch\/wp-content\/uploads\/2022\/12\/bantam-logo.png","contentUrl":"https:\/\/shop.bantam.ch\/wp-content\/uploads\/2022\/12\/bantam-logo.png","width":320,"height":71,"caption":"Bantam"},"image":{"@id":"https:\/\/shop.bantam.ch\/de\/#\/schema\/logo\/image\/"}}]}},"_links":{"self":[{"href":"https:\/\/shop.bantam.ch\/de\/wp-json\/wp\/v2\/product\/170913","targetHints":{"allow":["GET"]}}],"collection":[{"href":"https:\/\/shop.bantam.ch\/de\/wp-json\/wp\/v2\/product"}],"about":[{"href":"https:\/\/shop.bantam.ch\/de\/wp-json\/wp\/v2\/types\/product"}],"wp:featuredmedia":[{"embeddable":true,"href":"https:\/\/shop.bantam.ch\/de\/wp-json\/wp\/v2\/media\/170911"}],"wp:attachment":[{"href":"https:\/\/shop.bantam.ch\/de\/wp-json\/wp\/v2\/media?parent=170913"}],"wp:term":[{"taxonomy":"product_featured_cat","embeddable":true,"href":"https:\/\/shop.bantam.ch\/de\/wp-json\/wp\/v2\/product_featured_cat?post=170913"},{"taxonomy":"product_brand","embeddable":true,"href":"https:\/\/shop.bantam.ch\/de\/wp-json\/wp\/v2\/product_brand?post=170913"},{"taxonomy":"product_cat","embeddable":true,"href":"https:\/\/shop.bantam.ch\/de\/wp-json\/wp\/v2\/product_cat?post=170913"},{"taxonomy":"product_tag","embeddable":true,"href":"https:\/\/shop.bantam.ch\/de\/wp-json\/wp\/v2\/product_tag?post=170913"}],"curies":[{"name":"wp","href":"https:\/\/api.w.org\/{rel}","templated":true}]}}