{"id":169087,"date":"2023-05-22T11:27:35","date_gmt":"2023-05-22T09:27:35","guid":{"rendered":"https:\/\/shop.bantam.ch\/produit\/adapterkabel-typ-13\/"},"modified":"2026-05-02T22:29:56","modified_gmt":"2026-05-02T20:29:56","slug":"adapterkabel-typ-13","status":"publish","type":"product","link":"https:\/\/shop.bantam.ch\/de\/produkt\/adapterkabel-typ-13\/","title":{"rendered":"Adapterkabel Typ 13"},"content":{"rendered":"<p class=\"MsoNoSpacing\"><span lang=\"DE-CH\">Dieses<br \/>\norangefarbene Adapterkabel mit einer L\u00e4nge von 1,5 Metern und einem<br \/>\nLeiterquerschnitt von 1,5 Quadratmillimetern ist die optimale L\u00f6sung, um<br \/>\nelektrische Ger\u00e4te mit Stromquellen mit unterschiedlichen Anschl\u00fcssen zu<br \/>\nverbinden. Es verf\u00fcgt \u00fcber einen Stecker des Typs 13 und eine CEE 16-3-Buchse.<br \/>\nDank der internationalen Normung ist er besonders f\u00fcr den Einsatz in der<br \/>\nIndustrie und beim Camping geeignet. Der Stecker verf\u00fcgt \u00fcber eine Sicherung<br \/>\nzum Schutz vor \u00dcberlastung. Das Kabel aus halogenfreiem Polyurethan H07BQ-F<br \/>\nh\u00e4lt sehr hohen mechanischen Belastungen stand und weist eine ausgepr\u00e4gte Rei\u00df-<br \/>\nund Scheuerfestigkeit sowie eine gute Elastizit\u00e4t auf. Au\u00dferdem ist es<br \/>\nbest\u00e4ndig gegen UV-Strahlen, Chemikalien und Witterungseinfl\u00fcsse und<br \/>\nantimikrobiell. Typische Anwendungsbereiche sind die Industrie und die<br \/>\nLandwirtschaft. Die Schutzart IP44 umfasst den Schutz gegen das Eindringen von<br \/>\nsehr kleinen, festen Fremdk\u00f6rpern (IP4X) sowie gegen allseitiges Spritzwasser<br \/>\n(IPX4) bei geschlossenem Klappdeckel. Selbst nach jahrelangem Aufenthalt im<br \/>\nFreien wird das Kabel nicht br\u00fcchig.<\/span><\/p>\n<p class=\"MsoNoSpacing\"><span lang=\"DE-CH\">\u00a0<\/span>&#8211;<br \/>\nSicherung im Stecker integriert.<\/p>\n<p class=\"MsoNoSpacing\"><span lang=\"DE-CH\">&#8211;<br \/>\nGeeignet f\u00fcr den Einsatz in der Industrie und beim Camping.<\/span><\/p>\n<p class=\"MsoNoSpacing\"><span lang=\"DE-CH\">&#8211; H\u00e4lt<br \/>\nsehr hohen mechanischen Belastungen stand.<\/span><\/p>\n<p class=\"MsoNoSpacing\"><span lang=\"DE-CH\">&#8211; Hohe<br \/>\nRei\u00df-, Abrieb- und Kerbschlagz\u00e4higkeit.<\/span><\/p>\n<p class=\"MsoNoSpacing\"><span lang=\"DE-CH\">&#8211;<br \/>\nBest\u00e4ndig gegen UV-Strahlen, Witterungseinfl\u00fcsse, Chemikalien und Mikroben.<\/span><\/p>\n<\/p>\n<p class=\"MsoNoSpacing\"><span lang=\"DE-CH\">&#8211;<br \/>\nGarantierter Schutz gegen das Eindringen von festen Fremdk\u00f6rpern und<br \/>\nSpritzwasser von allen Seiten (IP44)<\/span><\/p>\n","protected":false},"excerpt":{"rendered":"<p>Dieses orangefarbene Adapterkabel mit einer L\u00e4nge von 1,5 Metern und einem Leiterquerschnitt von 1,5 Quadratmillimetern ist die optimale L\u00f6sung, um elektrische Ger\u00e4te mit Stromquellen mit unterschiedlichen Anschl\u00fcssen zu verbinden. Es verf\u00fcgt \u00fcber einen Stecker des Typs 13 und eine CEE 16-3-Buchse. Dank der internationalen Normung ist er besonders f\u00fcr den Einsatz in der Industrie und [&hellip;]<\/p>\n","protected":false},"featured_media":169085,"template":"","meta":{"_acf_changed":false},"product_featured_cat":[],"product_brand":[3671],"product_cat":[5014],"product_tag":[],"class_list":{"0":"post-169087","1":"product","2":"type-product","3":"status-publish","4":"has-post-thumbnail","6":"product_brand-max-hauri-de","7":"product_cat-steckdosen-stecker-kabel","9":"first","10":"instock","11":"taxable","12":"shipping-taxable","13":"purchasable","14":"product-type-simple"},"acf":[],"yoast_head":"<!-- This site is optimized with the Yoast SEO plugin v27.5 - https:\/\/yoast.com\/product\/yoast-seo-wordpress\/ -->\n<title>Adapterkabel Typ 13 - Bantam<\/title>\n<meta name=\"robots\" content=\"index, follow, max-snippet:-1, max-image-preview:large, max-video-preview:-1\" \/>\n<link rel=\"canonical\" href=\"https:\/\/shop.bantam.ch\/de\/produkt\/adapterkabel-typ-13\/\" \/>\n<meta property=\"og:locale\" content=\"de_DE\" \/>\n<meta property=\"og:type\" content=\"article\" \/>\n<meta property=\"og:title\" content=\"Adapterkabel Typ 13 - Bantam\" \/>\n<meta property=\"og:description\" content=\"Dieses orangefarbene Adapterkabel mit einer L\u00e4nge von 1,5 Metern und einem Leiterquerschnitt von 1,5 Quadratmillimetern ist die optimale L\u00f6sung, um elektrische Ger\u00e4te mit Stromquellen mit unterschiedlichen Anschl\u00fcssen zu verbinden. Es verf\u00fcgt \u00fcber einen Stecker des Typs 13 und eine CEE 16-3-Buchse. Dank der internationalen Normung ist er besonders f\u00fcr den Einsatz in der Industrie und [&hellip;]\" \/>\n<meta property=\"og:url\" content=\"https:\/\/shop.bantam.ch\/de\/produkt\/adapterkabel-typ-13\/\" \/>\n<meta property=\"og:site_name\" content=\"Bantam\" \/>\n<meta property=\"article:modified_time\" content=\"2026-05-02T20:29:56+00:00\" \/>\n<meta property=\"og:image\" content=\"https:\/\/shop.bantam.ch\/wp-content\/uploads\/2023\/05\/170237_16_72dpi.jpg\" \/>\n\t<meta property=\"og:image:width\" content=\"595\" \/>\n\t<meta property=\"og:image:height\" content=\"227\" \/>\n\t<meta property=\"og:image:type\" content=\"image\/jpeg\" \/>\n<meta name=\"twitter:card\" content=\"summary_large_image\" \/>\n<meta name=\"twitter:label1\" content=\"Gesch\u00e4tzte Lesezeit\" \/>\n\t<meta name=\"twitter:data1\" content=\"1\u00a0Minute\" \/>\n<script type=\"application\/ld+json\" class=\"yoast-schema-graph\">{\"@context\":\"https:\\\/\\\/schema.org\",\"@graph\":[{\"@type\":\"WebPage\",\"@id\":\"https:\\\/\\\/shop.bantam.ch\\\/de\\\/produkt\\\/adapterkabel-typ-13\\\/\",\"url\":\"https:\\\/\\\/shop.bantam.ch\\\/de\\\/produkt\\\/adapterkabel-typ-13\\\/\",\"name\":\"Adapterkabel Typ 13 - Bantam\",\"isPartOf\":{\"@id\":\"https:\\\/\\\/shop.bantam.ch\\\/de\\\/#website\"},\"primaryImageOfPage\":{\"@id\":\"https:\\\/\\\/shop.bantam.ch\\\/de\\\/produkt\\\/adapterkabel-typ-13\\\/#primaryimage\"},\"image\":{\"@id\":\"https:\\\/\\\/shop.bantam.ch\\\/de\\\/produkt\\\/adapterkabel-typ-13\\\/#primaryimage\"},\"thumbnailUrl\":\"https:\\\/\\\/shop.bantam.ch\\\/wp-content\\\/uploads\\\/2023\\\/05\\\/170237_16_72dpi.jpg\",\"datePublished\":\"2023-05-22T09:27:35+00:00\",\"dateModified\":\"2026-05-02T20:29:56+00:00\",\"breadcrumb\":{\"@id\":\"https:\\\/\\\/shop.bantam.ch\\\/de\\\/produkt\\\/adapterkabel-typ-13\\\/#breadcrumb\"},\"inLanguage\":\"de\",\"potentialAction\":[{\"@type\":\"ReadAction\",\"target\":[\"https:\\\/\\\/shop.bantam.ch\\\/de\\\/produkt\\\/adapterkabel-typ-13\\\/\"]}]},{\"@type\":\"ImageObject\",\"inLanguage\":\"de\",\"@id\":\"https:\\\/\\\/shop.bantam.ch\\\/de\\\/produkt\\\/adapterkabel-typ-13\\\/#primaryimage\",\"url\":\"https:\\\/\\\/shop.bantam.ch\\\/wp-content\\\/uploads\\\/2023\\\/05\\\/170237_16_72dpi.jpg\",\"contentUrl\":\"https:\\\/\\\/shop.bantam.ch\\\/wp-content\\\/uploads\\\/2023\\\/05\\\/170237_16_72dpi.jpg\",\"width\":595,\"height\":227},{\"@type\":\"BreadcrumbList\",\"@id\":\"https:\\\/\\\/shop.bantam.ch\\\/de\\\/produkt\\\/adapterkabel-typ-13\\\/#breadcrumb\",\"itemListElement\":[{\"@type\":\"ListItem\",\"position\":1,\"name\":\"Accueil\",\"item\":\"https:\\\/\\\/shop.bantam.ch\\\/de\\\/\"},{\"@type\":\"ListItem\",\"position\":2,\"name\":\"Shop\",\"item\":\"https:\\\/\\\/shop.bantam.ch\\\/de\\\/shop\\\/\"},{\"@type\":\"ListItem\",\"position\":3,\"name\":\"Adapterkabel Typ 13\"}]},{\"@type\":\"WebSite\",\"@id\":\"https:\\\/\\\/shop.bantam.ch\\\/de\\\/#website\",\"url\":\"https:\\\/\\\/shop.bantam.ch\\\/de\\\/\",\"name\":\"Bantam\",\"description\":\"\",\"publisher\":{\"@id\":\"https:\\\/\\\/shop.bantam.ch\\\/de\\\/#organization\"},\"inLanguage\":\"de\"},{\"@type\":\"Organization\",\"@id\":\"https:\\\/\\\/shop.bantam.ch\\\/de\\\/#organization\",\"name\":\"Bantam\",\"url\":\"https:\\\/\\\/shop.bantam.ch\\\/de\\\/\",\"logo\":{\"@type\":\"ImageObject\",\"inLanguage\":\"de\",\"@id\":\"https:\\\/\\\/shop.bantam.ch\\\/de\\\/#\\\/schema\\\/logo\\\/image\\\/\",\"url\":\"https:\\\/\\\/shop.bantam.ch\\\/wp-content\\\/uploads\\\/2022\\\/12\\\/bantam-logo.png\",\"contentUrl\":\"https:\\\/\\\/shop.bantam.ch\\\/wp-content\\\/uploads\\\/2022\\\/12\\\/bantam-logo.png\",\"width\":320,\"height\":71,\"caption\":\"Bantam\"},\"image\":{\"@id\":\"https:\\\/\\\/shop.bantam.ch\\\/de\\\/#\\\/schema\\\/logo\\\/image\\\/\"}}]}<\/script>\n<!-- \/ Yoast SEO plugin. -->","yoast_head_json":{"title":"Adapterkabel Typ 13 - Bantam","robots":{"index":"index","follow":"follow","max-snippet":"max-snippet:-1","max-image-preview":"max-image-preview:large","max-video-preview":"max-video-preview:-1"},"canonical":"https:\/\/shop.bantam.ch\/de\/produkt\/adapterkabel-typ-13\/","og_locale":"de_DE","og_type":"article","og_title":"Adapterkabel Typ 13 - Bantam","og_description":"Dieses orangefarbene Adapterkabel mit einer L\u00e4nge von 1,5 Metern und einem Leiterquerschnitt von 1,5 Quadratmillimetern ist die optimale L\u00f6sung, um elektrische Ger\u00e4te mit Stromquellen mit unterschiedlichen Anschl\u00fcssen zu verbinden. Es verf\u00fcgt \u00fcber einen Stecker des Typs 13 und eine CEE 16-3-Buchse. Dank der internationalen Normung ist er besonders f\u00fcr den Einsatz in der Industrie und [&hellip;]","og_url":"https:\/\/shop.bantam.ch\/de\/produkt\/adapterkabel-typ-13\/","og_site_name":"Bantam","article_modified_time":"2026-05-02T20:29:56+00:00","og_image":[{"width":595,"height":227,"url":"https:\/\/shop.bantam.ch\/wp-content\/uploads\/2023\/05\/170237_16_72dpi.jpg","type":"image\/jpeg"}],"twitter_card":"summary_large_image","twitter_misc":{"Gesch\u00e4tzte Lesezeit":"1\u00a0Minute"},"schema":{"@context":"https:\/\/schema.org","@graph":[{"@type":"WebPage","@id":"https:\/\/shop.bantam.ch\/de\/produkt\/adapterkabel-typ-13\/","url":"https:\/\/shop.bantam.ch\/de\/produkt\/adapterkabel-typ-13\/","name":"Adapterkabel Typ 13 - Bantam","isPartOf":{"@id":"https:\/\/shop.bantam.ch\/de\/#website"},"primaryImageOfPage":{"@id":"https:\/\/shop.bantam.ch\/de\/produkt\/adapterkabel-typ-13\/#primaryimage"},"image":{"@id":"https:\/\/shop.bantam.ch\/de\/produkt\/adapterkabel-typ-13\/#primaryimage"},"thumbnailUrl":"https:\/\/shop.bantam.ch\/wp-content\/uploads\/2023\/05\/170237_16_72dpi.jpg","datePublished":"2023-05-22T09:27:35+00:00","dateModified":"2026-05-02T20:29:56+00:00","breadcrumb":{"@id":"https:\/\/shop.bantam.ch\/de\/produkt\/adapterkabel-typ-13\/#breadcrumb"},"inLanguage":"de","potentialAction":[{"@type":"ReadAction","target":["https:\/\/shop.bantam.ch\/de\/produkt\/adapterkabel-typ-13\/"]}]},{"@type":"ImageObject","inLanguage":"de","@id":"https:\/\/shop.bantam.ch\/de\/produkt\/adapterkabel-typ-13\/#primaryimage","url":"https:\/\/shop.bantam.ch\/wp-content\/uploads\/2023\/05\/170237_16_72dpi.jpg","contentUrl":"https:\/\/shop.bantam.ch\/wp-content\/uploads\/2023\/05\/170237_16_72dpi.jpg","width":595,"height":227},{"@type":"BreadcrumbList","@id":"https:\/\/shop.bantam.ch\/de\/produkt\/adapterkabel-typ-13\/#breadcrumb","itemListElement":[{"@type":"ListItem","position":1,"name":"Accueil","item":"https:\/\/shop.bantam.ch\/de\/"},{"@type":"ListItem","position":2,"name":"Shop","item":"https:\/\/shop.bantam.ch\/de\/shop\/"},{"@type":"ListItem","position":3,"name":"Adapterkabel Typ 13"}]},{"@type":"WebSite","@id":"https:\/\/shop.bantam.ch\/de\/#website","url":"https:\/\/shop.bantam.ch\/de\/","name":"Bantam","description":"","publisher":{"@id":"https:\/\/shop.bantam.ch\/de\/#organization"},"inLanguage":"de"},{"@type":"Organization","@id":"https:\/\/shop.bantam.ch\/de\/#organization","name":"Bantam","url":"https:\/\/shop.bantam.ch\/de\/","logo":{"@type":"ImageObject","inLanguage":"de","@id":"https:\/\/shop.bantam.ch\/de\/#\/schema\/logo\/image\/","url":"https:\/\/shop.bantam.ch\/wp-content\/uploads\/2022\/12\/bantam-logo.png","contentUrl":"https:\/\/shop.bantam.ch\/wp-content\/uploads\/2022\/12\/bantam-logo.png","width":320,"height":71,"caption":"Bantam"},"image":{"@id":"https:\/\/shop.bantam.ch\/de\/#\/schema\/logo\/image\/"}}]}},"_links":{"self":[{"href":"https:\/\/shop.bantam.ch\/de\/wp-json\/wp\/v2\/product\/169087","targetHints":{"allow":["GET"]}}],"collection":[{"href":"https:\/\/shop.bantam.ch\/de\/wp-json\/wp\/v2\/product"}],"about":[{"href":"https:\/\/shop.bantam.ch\/de\/wp-json\/wp\/v2\/types\/product"}],"wp:featuredmedia":[{"embeddable":true,"href":"https:\/\/shop.bantam.ch\/de\/wp-json\/wp\/v2\/media\/169085"}],"wp:attachment":[{"href":"https:\/\/shop.bantam.ch\/de\/wp-json\/wp\/v2\/media?parent=169087"}],"wp:term":[{"taxonomy":"product_featured_cat","embeddable":true,"href":"https:\/\/shop.bantam.ch\/de\/wp-json\/wp\/v2\/product_featured_cat?post=169087"},{"taxonomy":"product_brand","embeddable":true,"href":"https:\/\/shop.bantam.ch\/de\/wp-json\/wp\/v2\/product_brand?post=169087"},{"taxonomy":"product_cat","embeddable":true,"href":"https:\/\/shop.bantam.ch\/de\/wp-json\/wp\/v2\/product_cat?post=169087"},{"taxonomy":"product_tag","embeddable":true,"href":"https:\/\/shop.bantam.ch\/de\/wp-json\/wp\/v2\/product_tag?post=169087"}],"curies":[{"name":"wp","href":"https:\/\/api.w.org\/{rel}","templated":true}]}}