{"id":168488,"date":"2023-04-17T11:41:44","date_gmt":"2023-04-17T09:41:44","guid":{"rendered":"https:\/\/shop.bantam.ch\/produit\/tragbarer-gys-lith-akku-lithium-power-pack-1300-akku\/"},"modified":"2026-05-01T22:29:52","modified_gmt":"2026-05-01T20:29:52","slug":"tragbarer-gys-lith-akku-lithium-power-pack-1300-akku","status":"publish","type":"product","link":"https:\/\/shop.bantam.ch\/de\/produkt\/tragbarer-gys-lith-akku-lithium-power-pack-1300-akku\/","title":{"rendered":"Tragbarer GYS-Lith-Akku Lithium Power Pack 1300 Akku"},"content":{"rendered":"<p>Das POWER PACK 1300 ist eine tragbare Energiestation, die einen LithiuLiFePO4-Akku und einen PUR Sinus-Konverter zum Aufladen oder Einschalten aller Arten von elektronischen Ger\u00e4ten (1000 W Gleichstrom, 2000 W Spitzenleistung) kombiniert. Es gibt eine Gleichspannung von 12 V und ein Netzteil von 230 V AC zur\u00fcck. Dank seiner gro\u00dfen Speicherkapazit\u00e4t verf\u00fcgt er \u00fcber die n\u00f6tige Akkulaufzeit, um die meisten Elektroger\u00e4te aufgeladen zu halten oder unter allen Umst\u00e4nden zu funktionieren. Es ist auch ein Booster f\u00fcr 12V-Fahrzeuge.<\/p>\n<p>Kann \u00fcberall dort eingesetzt werden, wo eine unabh\u00e4ngige Stromquelle ben\u00f6tigt wird: &#8211; An abgelegenen Standorten, weit weg von jeder elektrischen Anlage. &#8211; Ausfl\u00fcge: Camping, Freizeitfahrzeuge, Vergn\u00fcgungsboot und Angeln, Basteln, Freizeit im Freien. Die Leistung und die Reichweite werden besonders auf Baustellen gesch\u00e4tzt, um Elektrowerkzeuge, Lampen und anderes Zubeh\u00f6r von mobilen und handwerklichen Fachleuten mit Strom zu versorgen und aufzuladen.<\/p>\n<p>Es kann auf drei Arten aufgeladen werden: 230-V-Ladeger\u00e4t &#8211; Autoladeger\u00e4t \u00fcber DC-Eingang 12 V &#8211; Solarpanel (200 W max.), um die Station unter allen Umst\u00e4nden einsatzbereit zu halten. Das POWER PACK 1300 ist gegen Kurzschl\u00fcsse, \u00dcberstrom, \u00dcberspannung, Unterspannung, \u00dcberlast und \u00dcberhitzung gesch\u00fctzt.<\/p>\n<p>Das POWER PACK 1300 verf\u00fcgt \u00fcber eine Booster-Option, um Fahrzeuge (bis zu SUVs) mit entladener 12-V-Batterie (Fl\u00fcssigkeit, Gel, AGM, Start&amp; Stopp) innerhalb von Sekunden (Startintensit\u00e4t: 500 A) zu starten.<\/p>\n<p>Leistung : 1280Wh &#8211; 50Ah<br \/>\nTECHNOLOGIE : LIFEPO4<br \/>\nZELLTYP : &#8211;<br \/>\nBMS INTEGRIERT : JA<br \/>\nNENNSPANNUNG : 25,6V<br \/>\nSELBSTAUFLADUNG BEI LEERLAUF : &lt;15%\/AN<br \/>\nMAX. ENTLADESTROM KONTINUIERLICH : 1000W<br \/>\nMAXIMALER ENTLADESTROMM IN PIC (3 Sek.) : 1000W<br \/>\nEMPFOHLENER MAX. LADESTROM : 6 -7 A<br \/>\nLADEZEIT AUF AC-220V : 3,5 Stunden<br \/>\nBETRIEBSTEMPERATUR BEI ENTLADUNG : -20\u00b0C \/ 50\u00b0C<br \/>\nBETRIEBSTEMPERATUR MIT LAST : 0\u00b0C bis 50\u00b0C<br \/>\nKOMMUNIKATIONSMODUS : Anzeige LCD-Bildschirm<br \/>\nSOLAR REGLER MPPT : JA<br \/>\nEingangsport : 2 Eing\u00e4nge DC 12V \/ 30V<br \/>\nEingangsport : 1 Ausgang f\u00fcr Zigarettenanz\u00fcnder: 12V 2 Ausg\u00e4nge 12V -10A 2 Ausg\u00e4nge Micro-USB Typ C 1 Ausgang USB Quick Charge ( 5V-3A \/ 9V-2A \/ 12V-1,5A) 3 Ausg\u00e4nge USB 5v-2,4A 3 Ausgang 230 Vac.<br \/>\nPARALLELISIERUNG : &#8211;<br \/>\nMONTAGE IN REIHE : &#8211;<br \/>\nTYP VERPACKUNG : &#8211;<br \/>\nANZAHL DER ZYKLEN : 2000<br \/>\nAbmessung : 360*270*280<br \/>\nNETTOGEWICHT : 17,5KG<br \/>\nBUCH MIT : Ladeger\u00e4t 230V + Netzkabel Smart-Start-Kabel<br \/>\nZERTIFIZIERUNGEN, ZULASSUNGEN : CE, EAC, UKCA<br \/>\nModell : Batterie Lithium Power pack 1300<br \/>\nAbmessungen: 360x270x280 mm<br \/>\nAnschl\u00fcsse:<br \/>\nAufladezeit: 7 h &#8211; 11 h je nach gew\u00e4hltem Auflademodus<br \/>\nAusgestattet mit LED mit 5 Lichtmodi (Niedrig-Mittel, SOS, Flash).<br \/>\nGewicht: 17,5 kg<br \/>\nKapazit\u00e4t: 50Ah (1280Wh)<br \/>\nKompakte Station mit robustem Griff, \u00fcberall transportierbar.<br \/>\nLCD-Anzeige mit Hinweisen auf: &#8211; Ladestatus des internen Akkus &#8211; Eing\u00e4nge und Ausg\u00e4nge verwendet &#8211; m\u00f6gliche Funktionsst\u00f6rungen.<br \/>\nZigarettenanz\u00fcnderausgang 12 V, Ausgang 12 V &#8211; 10 A (x2), Dual USB Type-C (x2), USB Quick-Ausgang 5 V &#8211; 3 A \/ 9 V &#8211; 2 A \/ 12 V &#8211; 1.5 A, Triple Single USB 5 V &#8211; 3.1 A (2.4 A max pro Ausgang), Triple AC 230 V \/ 50 Hz \/ 500 W.<br \/>\nZubeh\u00f6r im Lieferumfang: 230 V Ladeeinheit + Netzkabel, Smart Starter-Kabel<\/p>\n","protected":false},"excerpt":{"rendered":"<p>Das POWER PACK 1300 ist eine tragbare Energiestation, die einen LithiuLiFePO4-Akku und einen PUR Sinus-Konverter zum Aufladen oder Einschalten aller Arten von elektronischen Ger\u00e4ten (1000 W Gleichstrom, 2000 W Spitzenleistung) kombiniert. Es gibt eine Gleichspannung von 12 V und ein Netzteil von 230 V AC zur\u00fcck. Dank seiner gro\u00dfen Speicherkapazit\u00e4t verf\u00fcgt er \u00fcber die n\u00f6tige [&hellip;]<\/p>\n","protected":false},"featured_media":168484,"template":"","meta":{"_acf_changed":false},"product_featured_cat":[5324,5318],"product_brand":[5330],"product_cat":[5130],"product_tag":[],"class_list":{"0":"post-168488","1":"product","2":"type-product","3":"status-publish","4":"has-post-thumbnail","6":"product_featured_cat-batterie-etagnieres-de","7":"product_featured_cat-sonderangebote-lithium-batterien","8":"product_brand-gys-de","9":"product_cat-powerstationen","11":"first","12":"instock","13":"sale","14":"taxable","15":"shipping-taxable","16":"purchasable","17":"product-type-simple"},"acf":[],"yoast_head":"<!-- This site is optimized with the Yoast SEO plugin v27.5 - https:\/\/yoast.com\/product\/yoast-seo-wordpress\/ -->\n<title>Tragbarer GYS-Lith-Akku Lithium Power Pack 1300 Akku - Bantam<\/title>\n<meta name=\"robots\" content=\"index, follow, max-snippet:-1, max-image-preview:large, max-video-preview:-1\" \/>\n<link rel=\"canonical\" href=\"https:\/\/shop.bantam.ch\/de\/produkt\/tragbarer-gys-lith-akku-lithium-power-pack-1300-akku\/\" \/>\n<meta property=\"og:locale\" content=\"de_DE\" \/>\n<meta property=\"og:type\" content=\"article\" \/>\n<meta property=\"og:title\" content=\"Tragbarer GYS-Lith-Akku Lithium Power Pack 1300 Akku - Bantam\" \/>\n<meta property=\"og:description\" content=\"Das POWER PACK 1300 ist eine tragbare Energiestation, die einen LithiuLiFePO4-Akku und einen PUR Sinus-Konverter zum Aufladen oder Einschalten aller Arten von elektronischen Ger\u00e4ten (1000 W Gleichstrom, 2000 W Spitzenleistung) kombiniert. Es gibt eine Gleichspannung von 12 V und ein Netzteil von 230 V AC zur\u00fcck. Dank seiner gro\u00dfen Speicherkapazit\u00e4t verf\u00fcgt er \u00fcber die n\u00f6tige [&hellip;]\" \/>\n<meta property=\"og:url\" content=\"https:\/\/shop.bantam.ch\/de\/produkt\/tragbarer-gys-lith-akku-lithium-power-pack-1300-akku\/\" \/>\n<meta property=\"og:site_name\" content=\"Bantam\" \/>\n<meta property=\"article:modified_time\" content=\"2026-05-01T20:29:52+00:00\" \/>\n<meta property=\"og:image\" content=\"https:\/\/shop.bantam.ch\/wp-content\/uploads\/2023\/04\/773230101.jpg\" \/>\n\t<meta property=\"og:image:width\" content=\"455\" \/>\n\t<meta property=\"og:image:height\" content=\"460\" \/>\n\t<meta property=\"og:image:type\" content=\"image\/jpeg\" \/>\n<meta name=\"twitter:card\" content=\"summary_large_image\" \/>\n<meta name=\"twitter:label1\" content=\"Gesch\u00e4tzte Lesezeit\" \/>\n\t<meta name=\"twitter:data1\" content=\"2\u00a0Minuten\" \/>\n<script type=\"application\/ld+json\" class=\"yoast-schema-graph\">{\"@context\":\"https:\\\/\\\/schema.org\",\"@graph\":[{\"@type\":\"WebPage\",\"@id\":\"https:\\\/\\\/shop.bantam.ch\\\/de\\\/produkt\\\/tragbarer-gys-lith-akku-lithium-power-pack-1300-akku\\\/\",\"url\":\"https:\\\/\\\/shop.bantam.ch\\\/de\\\/produkt\\\/tragbarer-gys-lith-akku-lithium-power-pack-1300-akku\\\/\",\"name\":\"Tragbarer GYS-Lith-Akku Lithium Power Pack 1300 Akku - Bantam\",\"isPartOf\":{\"@id\":\"https:\\\/\\\/shop.bantam.ch\\\/de\\\/#website\"},\"primaryImageOfPage\":{\"@id\":\"https:\\\/\\\/shop.bantam.ch\\\/de\\\/produkt\\\/tragbarer-gys-lith-akku-lithium-power-pack-1300-akku\\\/#primaryimage\"},\"image\":{\"@id\":\"https:\\\/\\\/shop.bantam.ch\\\/de\\\/produkt\\\/tragbarer-gys-lith-akku-lithium-power-pack-1300-akku\\\/#primaryimage\"},\"thumbnailUrl\":\"https:\\\/\\\/shop.bantam.ch\\\/wp-content\\\/uploads\\\/2023\\\/04\\\/773230101.jpg\",\"datePublished\":\"2023-04-17T09:41:44+00:00\",\"dateModified\":\"2026-05-01T20:29:52+00:00\",\"breadcrumb\":{\"@id\":\"https:\\\/\\\/shop.bantam.ch\\\/de\\\/produkt\\\/tragbarer-gys-lith-akku-lithium-power-pack-1300-akku\\\/#breadcrumb\"},\"inLanguage\":\"de\",\"potentialAction\":[{\"@type\":\"ReadAction\",\"target\":[\"https:\\\/\\\/shop.bantam.ch\\\/de\\\/produkt\\\/tragbarer-gys-lith-akku-lithium-power-pack-1300-akku\\\/\"]}]},{\"@type\":\"ImageObject\",\"inLanguage\":\"de\",\"@id\":\"https:\\\/\\\/shop.bantam.ch\\\/de\\\/produkt\\\/tragbarer-gys-lith-akku-lithium-power-pack-1300-akku\\\/#primaryimage\",\"url\":\"https:\\\/\\\/shop.bantam.ch\\\/wp-content\\\/uploads\\\/2023\\\/04\\\/773230101.jpg\",\"contentUrl\":\"https:\\\/\\\/shop.bantam.ch\\\/wp-content\\\/uploads\\\/2023\\\/04\\\/773230101.jpg\",\"width\":455,\"height\":460},{\"@type\":\"BreadcrumbList\",\"@id\":\"https:\\\/\\\/shop.bantam.ch\\\/de\\\/produkt\\\/tragbarer-gys-lith-akku-lithium-power-pack-1300-akku\\\/#breadcrumb\",\"itemListElement\":[{\"@type\":\"ListItem\",\"position\":1,\"name\":\"Accueil\",\"item\":\"https:\\\/\\\/shop.bantam.ch\\\/de\\\/\"},{\"@type\":\"ListItem\",\"position\":2,\"name\":\"Shop\",\"item\":\"https:\\\/\\\/shop.bantam.ch\\\/de\\\/shop\\\/\"},{\"@type\":\"ListItem\",\"position\":3,\"name\":\"Tragbarer GYS-Lith-Akku Lithium Power Pack 1300 Akku\"}]},{\"@type\":\"WebSite\",\"@id\":\"https:\\\/\\\/shop.bantam.ch\\\/de\\\/#website\",\"url\":\"https:\\\/\\\/shop.bantam.ch\\\/de\\\/\",\"name\":\"Bantam\",\"description\":\"\",\"publisher\":{\"@id\":\"https:\\\/\\\/shop.bantam.ch\\\/de\\\/#organization\"},\"inLanguage\":\"de\"},{\"@type\":\"Organization\",\"@id\":\"https:\\\/\\\/shop.bantam.ch\\\/de\\\/#organization\",\"name\":\"Bantam\",\"url\":\"https:\\\/\\\/shop.bantam.ch\\\/de\\\/\",\"logo\":{\"@type\":\"ImageObject\",\"inLanguage\":\"de\",\"@id\":\"https:\\\/\\\/shop.bantam.ch\\\/de\\\/#\\\/schema\\\/logo\\\/image\\\/\",\"url\":\"https:\\\/\\\/shop.bantam.ch\\\/wp-content\\\/uploads\\\/2022\\\/12\\\/bantam-logo.png\",\"contentUrl\":\"https:\\\/\\\/shop.bantam.ch\\\/wp-content\\\/uploads\\\/2022\\\/12\\\/bantam-logo.png\",\"width\":320,\"height\":71,\"caption\":\"Bantam\"},\"image\":{\"@id\":\"https:\\\/\\\/shop.bantam.ch\\\/de\\\/#\\\/schema\\\/logo\\\/image\\\/\"}}]}<\/script>\n<!-- \/ Yoast SEO plugin. -->","yoast_head_json":{"title":"Tragbarer GYS-Lith-Akku Lithium Power Pack 1300 Akku - Bantam","robots":{"index":"index","follow":"follow","max-snippet":"max-snippet:-1","max-image-preview":"max-image-preview:large","max-video-preview":"max-video-preview:-1"},"canonical":"https:\/\/shop.bantam.ch\/de\/produkt\/tragbarer-gys-lith-akku-lithium-power-pack-1300-akku\/","og_locale":"de_DE","og_type":"article","og_title":"Tragbarer GYS-Lith-Akku Lithium Power Pack 1300 Akku - Bantam","og_description":"Das POWER PACK 1300 ist eine tragbare Energiestation, die einen LithiuLiFePO4-Akku und einen PUR Sinus-Konverter zum Aufladen oder Einschalten aller Arten von elektronischen Ger\u00e4ten (1000 W Gleichstrom, 2000 W Spitzenleistung) kombiniert. Es gibt eine Gleichspannung von 12 V und ein Netzteil von 230 V AC zur\u00fcck. Dank seiner gro\u00dfen Speicherkapazit\u00e4t verf\u00fcgt er \u00fcber die n\u00f6tige [&hellip;]","og_url":"https:\/\/shop.bantam.ch\/de\/produkt\/tragbarer-gys-lith-akku-lithium-power-pack-1300-akku\/","og_site_name":"Bantam","article_modified_time":"2026-05-01T20:29:52+00:00","og_image":[{"width":455,"height":460,"url":"https:\/\/shop.bantam.ch\/wp-content\/uploads\/2023\/04\/773230101.jpg","type":"image\/jpeg"}],"twitter_card":"summary_large_image","twitter_misc":{"Gesch\u00e4tzte Lesezeit":"2\u00a0Minuten"},"schema":{"@context":"https:\/\/schema.org","@graph":[{"@type":"WebPage","@id":"https:\/\/shop.bantam.ch\/de\/produkt\/tragbarer-gys-lith-akku-lithium-power-pack-1300-akku\/","url":"https:\/\/shop.bantam.ch\/de\/produkt\/tragbarer-gys-lith-akku-lithium-power-pack-1300-akku\/","name":"Tragbarer GYS-Lith-Akku Lithium Power Pack 1300 Akku - Bantam","isPartOf":{"@id":"https:\/\/shop.bantam.ch\/de\/#website"},"primaryImageOfPage":{"@id":"https:\/\/shop.bantam.ch\/de\/produkt\/tragbarer-gys-lith-akku-lithium-power-pack-1300-akku\/#primaryimage"},"image":{"@id":"https:\/\/shop.bantam.ch\/de\/produkt\/tragbarer-gys-lith-akku-lithium-power-pack-1300-akku\/#primaryimage"},"thumbnailUrl":"https:\/\/shop.bantam.ch\/wp-content\/uploads\/2023\/04\/773230101.jpg","datePublished":"2023-04-17T09:41:44+00:00","dateModified":"2026-05-01T20:29:52+00:00","breadcrumb":{"@id":"https:\/\/shop.bantam.ch\/de\/produkt\/tragbarer-gys-lith-akku-lithium-power-pack-1300-akku\/#breadcrumb"},"inLanguage":"de","potentialAction":[{"@type":"ReadAction","target":["https:\/\/shop.bantam.ch\/de\/produkt\/tragbarer-gys-lith-akku-lithium-power-pack-1300-akku\/"]}]},{"@type":"ImageObject","inLanguage":"de","@id":"https:\/\/shop.bantam.ch\/de\/produkt\/tragbarer-gys-lith-akku-lithium-power-pack-1300-akku\/#primaryimage","url":"https:\/\/shop.bantam.ch\/wp-content\/uploads\/2023\/04\/773230101.jpg","contentUrl":"https:\/\/shop.bantam.ch\/wp-content\/uploads\/2023\/04\/773230101.jpg","width":455,"height":460},{"@type":"BreadcrumbList","@id":"https:\/\/shop.bantam.ch\/de\/produkt\/tragbarer-gys-lith-akku-lithium-power-pack-1300-akku\/#breadcrumb","itemListElement":[{"@type":"ListItem","position":1,"name":"Accueil","item":"https:\/\/shop.bantam.ch\/de\/"},{"@type":"ListItem","position":2,"name":"Shop","item":"https:\/\/shop.bantam.ch\/de\/shop\/"},{"@type":"ListItem","position":3,"name":"Tragbarer GYS-Lith-Akku Lithium Power Pack 1300 Akku"}]},{"@type":"WebSite","@id":"https:\/\/shop.bantam.ch\/de\/#website","url":"https:\/\/shop.bantam.ch\/de\/","name":"Bantam","description":"","publisher":{"@id":"https:\/\/shop.bantam.ch\/de\/#organization"},"inLanguage":"de"},{"@type":"Organization","@id":"https:\/\/shop.bantam.ch\/de\/#organization","name":"Bantam","url":"https:\/\/shop.bantam.ch\/de\/","logo":{"@type":"ImageObject","inLanguage":"de","@id":"https:\/\/shop.bantam.ch\/de\/#\/schema\/logo\/image\/","url":"https:\/\/shop.bantam.ch\/wp-content\/uploads\/2022\/12\/bantam-logo.png","contentUrl":"https:\/\/shop.bantam.ch\/wp-content\/uploads\/2022\/12\/bantam-logo.png","width":320,"height":71,"caption":"Bantam"},"image":{"@id":"https:\/\/shop.bantam.ch\/de\/#\/schema\/logo\/image\/"}}]}},"_links":{"self":[{"href":"https:\/\/shop.bantam.ch\/de\/wp-json\/wp\/v2\/product\/168488","targetHints":{"allow":["GET"]}}],"collection":[{"href":"https:\/\/shop.bantam.ch\/de\/wp-json\/wp\/v2\/product"}],"about":[{"href":"https:\/\/shop.bantam.ch\/de\/wp-json\/wp\/v2\/types\/product"}],"wp:featuredmedia":[{"embeddable":true,"href":"https:\/\/shop.bantam.ch\/de\/wp-json\/wp\/v2\/media\/168484"}],"wp:attachment":[{"href":"https:\/\/shop.bantam.ch\/de\/wp-json\/wp\/v2\/media?parent=168488"}],"wp:term":[{"taxonomy":"product_featured_cat","embeddable":true,"href":"https:\/\/shop.bantam.ch\/de\/wp-json\/wp\/v2\/product_featured_cat?post=168488"},{"taxonomy":"product_brand","embeddable":true,"href":"https:\/\/shop.bantam.ch\/de\/wp-json\/wp\/v2\/product_brand?post=168488"},{"taxonomy":"product_cat","embeddable":true,"href":"https:\/\/shop.bantam.ch\/de\/wp-json\/wp\/v2\/product_cat?post=168488"},{"taxonomy":"product_tag","embeddable":true,"href":"https:\/\/shop.bantam.ch\/de\/wp-json\/wp\/v2\/product_tag?post=168488"}],"curies":[{"name":"wp","href":"https:\/\/api.w.org\/{rel}","templated":true}]}}