{"id":168482,"date":"2023-04-17T11:37:58","date_gmt":"2023-04-17T09:37:58","guid":{"rendered":"https:\/\/shop.bantam.ch\/produit\/140w-solar-panel-kit\/"},"modified":"2026-04-18T22:34:58","modified_gmt":"2026-04-18T20:34:58","slug":"140w-solar-panel-kit","status":"publish","type":"product","link":"https:\/\/shop.bantam.ch\/de\/produkt\/140w-solar-panel-kit\/","title":{"rendered":"140W Solar Panel Kit + MPPT 15A"},"content":{"rendered":"<p>Speziell entwickelt, um sich an alle Arten von Konfigurationen anzupassen: Transporter, gew\u00f6lbtes Dach, Kapuzinerfahrzeug, Boote&#8230;<\/p>\n<p>Die Vorteile dieser Technologie sind zahlreich: sp\u00fcrbare aerodynamische Verst\u00e4rkung, Haltbarkeit, hohe Effizienz und geringes Gewicht. PERC-Zellen f\u00fcr optimalen Wirkungsgrad.<\/p>\n<p>Dieses Paket enth\u00e4lt:<br \/>\n1x Solarpanel SemiFlex Perc 140W,<br \/>\n2x Dual-UV-Kabel,<br \/>\n1x Pass slim.<\/p>\n<p>NENNLEISTUNG : 140W<br \/>\nTECHNOLOGIE : PERC<br \/>\nSPANNUNG BEI MAXIMALER LEISTUNG : 22V<br \/>\nSTROM BEI MAXIMALER LEISTUNG : 7,28A<br \/>\nLEERLAUFSPANNUNG : 18,3V<br \/>\nKurzschlussstrom:6,85A<br \/>\nKabelabschnitt:2x4mm\u00b2<br \/>\nZellenabmessungen:210x84mm<br \/>\nTECHNOLOGIE : PERC<br \/>\nSPANNUNG BEI MAXIMALER LEISTUNG : 22V<br \/>\nSTROM BEI MAXIMALER LEISTUNG : 7,28A<br \/>\nZELLWIRKUNGSGRAD : 22%<br \/>\nRAHMEN : ALUMINIUMFOLIE 2MM<br \/>\nART DER BEFESTIGUNG : DURCH KLEBEN \/ Biegeradius 5\u00b0 MAX.<br \/>\nFINISHING : SLIM<br \/>\nDC-ANSCHLUSS : PREMONTE MIT KABEL 2&#215;5 M<br \/>\nSCHUTZ \/ SICHERHEIT : R\u00dcCKSCHLAGDIODE \/ UV-KABEL<br \/>\nDIMENSIONEN OHNE ALLES IN MM PRODUKT ( L x B x H ) : 1050*666*20<br \/>\nGEWICHT : 3,4KG<br \/>\nBUCH MIT : DACHDURCHF\u00dcHRUNG SLIM<br \/>\nZERTIFIZIERUNGEN, ZULASSUNGEN : CE kompatibel mit Umgebung R10, IP67<br \/>\nGARANTIE : 2 JAHRES<br \/>\nLeistung : 140 W<br \/>\nZELLWIRKUNGSGRAD : 22%<br \/>\nRAHMEN : ALUMINIUMFOLIE 2MM<br \/>\nART DER BEFESTIGUNG : DURCH KLEBEN \/ Biegeradius 5\u00b0 MAX.<br \/>\nFINISHING : SLIM<br \/>\nDC-ANSCHLUSS : PREMONTE MIT KABEL 2&#215;5 M<br \/>\nSCHUTZ \/ SICHERHEIT : R\u00dcCKSCHLAGDIODE \/ UV-KABEL<br \/>\nDIMENSIONEN OHNE ALLES IN MM PRODUKT ( L x B x H ) : 1050*666*20<br \/>\nGEWICHT : 3,4KG<br \/>\nStandard-Anschlusskasten:IP65<br \/>\nBUCH MIT : DACHDURCHF\u00dcHRUNG SLIM<br \/>\nZERTIFIZIERUNGEN, ZULASSUNGEN : CE kompatibel mit Umgebung R10, IP67<br \/>\nGARANTIE : 2 JAHRES<br \/>\nLeistung : 140 W. +\u00a0MPPT-Solarregler 15A<\/p>\n","protected":false},"excerpt":{"rendered":"<p>Speziell entwickelt, um sich an alle Arten von Konfigurationen anzupassen: Transporter, gew\u00f6lbtes Dach, Kapuzinerfahrzeug, Boote&#8230; Die Vorteile dieser Technologie sind zahlreich: sp\u00fcrbare aerodynamische Verst\u00e4rkung, Haltbarkeit, hohe Effizienz und geringes Gewicht. PERC-Zellen f\u00fcr optimalen Wirkungsgrad. Dieses Paket enth\u00e4lt: 1x Solarpanel SemiFlex Perc 140W, 2x Dual-UV-Kabel, 1x Pass slim. NENNLEISTUNG : 140W TECHNOLOGIE : PERC SPANNUNG BEI [&hellip;]<\/p>\n","protected":false},"featured_media":168476,"template":"","meta":{"_acf_changed":false},"product_featured_cat":[],"product_brand":[3809],"product_cat":[4880],"product_tag":[],"class_list":{"0":"post-168482","1":"product","2":"type-product","3":"status-publish","4":"has-post-thumbnail","6":"product_brand-perc-de","7":"product_cat-solar-sets","9":"first","10":"instock","11":"taxable","12":"shipping-taxable","13":"purchasable","14":"product-type-simple"},"acf":[],"yoast_head":"<!-- This site is optimized with the Yoast SEO plugin v27.4 - https:\/\/yoast.com\/product\/yoast-seo-wordpress\/ -->\n<title>140W Solar Panel Kit + MPPT 15A - Bantam Camping AG<\/title>\n<meta name=\"robots\" content=\"index, follow, max-snippet:-1, max-image-preview:large, max-video-preview:-1\" \/>\n<link rel=\"canonical\" href=\"https:\/\/shop.bantam.ch\/de\/produkt\/140w-solar-panel-kit\/\" \/>\n<meta property=\"og:locale\" content=\"de_DE\" \/>\n<meta property=\"og:type\" content=\"article\" \/>\n<meta property=\"og:title\" content=\"140W Solar Panel Kit + MPPT 15A - Bantam Camping AG\" \/>\n<meta property=\"og:description\" content=\"Speziell entwickelt, um sich an alle Arten von Konfigurationen anzupassen: Transporter, gew\u00f6lbtes Dach, Kapuzinerfahrzeug, Boote&#8230; Die Vorteile dieser Technologie sind zahlreich: sp\u00fcrbare aerodynamische Verst\u00e4rkung, Haltbarkeit, hohe Effizienz und geringes Gewicht. PERC-Zellen f\u00fcr optimalen Wirkungsgrad. Dieses Paket enth\u00e4lt: 1x Solarpanel SemiFlex Perc 140W, 2x Dual-UV-Kabel, 1x Pass slim. NENNLEISTUNG : 140W TECHNOLOGIE : PERC SPANNUNG BEI [&hellip;]\" \/>\n<meta property=\"og:url\" content=\"https:\/\/shop.bantam.ch\/de\/produkt\/140w-solar-panel-kit\/\" \/>\n<meta property=\"og:site_name\" content=\"Bantam Camping AG\" \/>\n<meta property=\"article:modified_time\" content=\"2026-04-18T20:34:58+00:00\" \/>\n<meta property=\"og:image\" content=\"https:\/\/shop.bantam.ch\/wp-content\/uploads\/2023\/04\/773230011.jpg\" \/>\n\t<meta property=\"og:image:width\" content=\"455\" \/>\n\t<meta property=\"og:image:height\" content=\"460\" \/>\n\t<meta property=\"og:image:type\" content=\"image\/jpeg\" \/>\n<meta name=\"twitter:card\" content=\"summary_large_image\" \/>\n<meta name=\"twitter:label1\" content=\"Gesch\u00e4tzte Lesezeit\" \/>\n\t<meta name=\"twitter:data1\" content=\"1\u00a0Minute\" \/>\n<script type=\"application\/ld+json\" class=\"yoast-schema-graph\">{\"@context\":\"https:\\\/\\\/schema.org\",\"@graph\":[{\"@type\":\"WebPage\",\"@id\":\"https:\\\/\\\/shop.bantam.ch\\\/de\\\/produkt\\\/140w-solar-panel-kit\\\/\",\"url\":\"https:\\\/\\\/shop.bantam.ch\\\/de\\\/produkt\\\/140w-solar-panel-kit\\\/\",\"name\":\"140W Solar Panel Kit + MPPT 15A - Bantam Camping AG\",\"isPartOf\":{\"@id\":\"https:\\\/\\\/shop.bantam.ch\\\/de\\\/#website\"},\"primaryImageOfPage\":{\"@id\":\"https:\\\/\\\/shop.bantam.ch\\\/de\\\/produkt\\\/140w-solar-panel-kit\\\/#primaryimage\"},\"image\":{\"@id\":\"https:\\\/\\\/shop.bantam.ch\\\/de\\\/produkt\\\/140w-solar-panel-kit\\\/#primaryimage\"},\"thumbnailUrl\":\"https:\\\/\\\/shop.bantam.ch\\\/wp-content\\\/uploads\\\/2023\\\/04\\\/773230011.jpg\",\"datePublished\":\"2023-04-17T09:37:58+00:00\",\"dateModified\":\"2026-04-18T20:34:58+00:00\",\"breadcrumb\":{\"@id\":\"https:\\\/\\\/shop.bantam.ch\\\/de\\\/produkt\\\/140w-solar-panel-kit\\\/#breadcrumb\"},\"inLanguage\":\"de\",\"potentialAction\":[{\"@type\":\"ReadAction\",\"target\":[\"https:\\\/\\\/shop.bantam.ch\\\/de\\\/produkt\\\/140w-solar-panel-kit\\\/\"]}]},{\"@type\":\"ImageObject\",\"inLanguage\":\"de\",\"@id\":\"https:\\\/\\\/shop.bantam.ch\\\/de\\\/produkt\\\/140w-solar-panel-kit\\\/#primaryimage\",\"url\":\"https:\\\/\\\/shop.bantam.ch\\\/wp-content\\\/uploads\\\/2023\\\/04\\\/773230011.jpg\",\"contentUrl\":\"https:\\\/\\\/shop.bantam.ch\\\/wp-content\\\/uploads\\\/2023\\\/04\\\/773230011.jpg\",\"width\":455,\"height\":460},{\"@type\":\"BreadcrumbList\",\"@id\":\"https:\\\/\\\/shop.bantam.ch\\\/de\\\/produkt\\\/140w-solar-panel-kit\\\/#breadcrumb\",\"itemListElement\":[{\"@type\":\"ListItem\",\"position\":1,\"name\":\"Accueil\",\"item\":\"https:\\\/\\\/shop.bantam.ch\\\/de\\\/\"},{\"@type\":\"ListItem\",\"position\":2,\"name\":\"Shop\",\"item\":\"https:\\\/\\\/shop.bantam.ch\\\/de\\\/shop\\\/\"},{\"@type\":\"ListItem\",\"position\":3,\"name\":\"140W Solar Panel Kit + MPPT 15A\"}]},{\"@type\":\"WebSite\",\"@id\":\"https:\\\/\\\/shop.bantam.ch\\\/de\\\/#website\",\"url\":\"https:\\\/\\\/shop.bantam.ch\\\/de\\\/\",\"name\":\"Bantam Camping AG\",\"description\":\"\",\"publisher\":{\"@id\":\"https:\\\/\\\/shop.bantam.ch\\\/de\\\/#organization\"},\"inLanguage\":\"de\"},{\"@type\":\"Organization\",\"@id\":\"https:\\\/\\\/shop.bantam.ch\\\/de\\\/#organization\",\"name\":\"Bantam Camping AG\",\"url\":\"https:\\\/\\\/shop.bantam.ch\\\/de\\\/\",\"logo\":{\"@type\":\"ImageObject\",\"inLanguage\":\"de\",\"@id\":\"https:\\\/\\\/shop.bantam.ch\\\/de\\\/#\\\/schema\\\/logo\\\/image\\\/\",\"url\":\"https:\\\/\\\/shop.bantam.ch\\\/wp-content\\\/uploads\\\/2022\\\/12\\\/bantam-logo.png\",\"contentUrl\":\"https:\\\/\\\/shop.bantam.ch\\\/wp-content\\\/uploads\\\/2022\\\/12\\\/bantam-logo.png\",\"width\":320,\"height\":71,\"caption\":\"Bantam Camping AG\"},\"image\":{\"@id\":\"https:\\\/\\\/shop.bantam.ch\\\/de\\\/#\\\/schema\\\/logo\\\/image\\\/\"}}]}<\/script>\n<!-- \/ Yoast SEO plugin. -->","yoast_head_json":{"title":"140W Solar Panel Kit + MPPT 15A - Bantam Camping AG","robots":{"index":"index","follow":"follow","max-snippet":"max-snippet:-1","max-image-preview":"max-image-preview:large","max-video-preview":"max-video-preview:-1"},"canonical":"https:\/\/shop.bantam.ch\/de\/produkt\/140w-solar-panel-kit\/","og_locale":"de_DE","og_type":"article","og_title":"140W Solar Panel Kit + MPPT 15A - Bantam Camping AG","og_description":"Speziell entwickelt, um sich an alle Arten von Konfigurationen anzupassen: Transporter, gew\u00f6lbtes Dach, Kapuzinerfahrzeug, Boote&#8230; Die Vorteile dieser Technologie sind zahlreich: sp\u00fcrbare aerodynamische Verst\u00e4rkung, Haltbarkeit, hohe Effizienz und geringes Gewicht. PERC-Zellen f\u00fcr optimalen Wirkungsgrad. Dieses Paket enth\u00e4lt: 1x Solarpanel SemiFlex Perc 140W, 2x Dual-UV-Kabel, 1x Pass slim. NENNLEISTUNG : 140W TECHNOLOGIE : PERC SPANNUNG BEI [&hellip;]","og_url":"https:\/\/shop.bantam.ch\/de\/produkt\/140w-solar-panel-kit\/","og_site_name":"Bantam Camping AG","article_modified_time":"2026-04-18T20:34:58+00:00","og_image":[{"width":455,"height":460,"url":"https:\/\/shop.bantam.ch\/wp-content\/uploads\/2023\/04\/773230011.jpg","type":"image\/jpeg"}],"twitter_card":"summary_large_image","twitter_misc":{"Gesch\u00e4tzte Lesezeit":"1\u00a0Minute"},"schema":{"@context":"https:\/\/schema.org","@graph":[{"@type":"WebPage","@id":"https:\/\/shop.bantam.ch\/de\/produkt\/140w-solar-panel-kit\/","url":"https:\/\/shop.bantam.ch\/de\/produkt\/140w-solar-panel-kit\/","name":"140W Solar Panel Kit + MPPT 15A - Bantam Camping AG","isPartOf":{"@id":"https:\/\/shop.bantam.ch\/de\/#website"},"primaryImageOfPage":{"@id":"https:\/\/shop.bantam.ch\/de\/produkt\/140w-solar-panel-kit\/#primaryimage"},"image":{"@id":"https:\/\/shop.bantam.ch\/de\/produkt\/140w-solar-panel-kit\/#primaryimage"},"thumbnailUrl":"https:\/\/shop.bantam.ch\/wp-content\/uploads\/2023\/04\/773230011.jpg","datePublished":"2023-04-17T09:37:58+00:00","dateModified":"2026-04-18T20:34:58+00:00","breadcrumb":{"@id":"https:\/\/shop.bantam.ch\/de\/produkt\/140w-solar-panel-kit\/#breadcrumb"},"inLanguage":"de","potentialAction":[{"@type":"ReadAction","target":["https:\/\/shop.bantam.ch\/de\/produkt\/140w-solar-panel-kit\/"]}]},{"@type":"ImageObject","inLanguage":"de","@id":"https:\/\/shop.bantam.ch\/de\/produkt\/140w-solar-panel-kit\/#primaryimage","url":"https:\/\/shop.bantam.ch\/wp-content\/uploads\/2023\/04\/773230011.jpg","contentUrl":"https:\/\/shop.bantam.ch\/wp-content\/uploads\/2023\/04\/773230011.jpg","width":455,"height":460},{"@type":"BreadcrumbList","@id":"https:\/\/shop.bantam.ch\/de\/produkt\/140w-solar-panel-kit\/#breadcrumb","itemListElement":[{"@type":"ListItem","position":1,"name":"Accueil","item":"https:\/\/shop.bantam.ch\/de\/"},{"@type":"ListItem","position":2,"name":"Shop","item":"https:\/\/shop.bantam.ch\/de\/shop\/"},{"@type":"ListItem","position":3,"name":"140W Solar Panel Kit + MPPT 15A"}]},{"@type":"WebSite","@id":"https:\/\/shop.bantam.ch\/de\/#website","url":"https:\/\/shop.bantam.ch\/de\/","name":"Bantam Camping AG","description":"","publisher":{"@id":"https:\/\/shop.bantam.ch\/de\/#organization"},"inLanguage":"de"},{"@type":"Organization","@id":"https:\/\/shop.bantam.ch\/de\/#organization","name":"Bantam Camping AG","url":"https:\/\/shop.bantam.ch\/de\/","logo":{"@type":"ImageObject","inLanguage":"de","@id":"https:\/\/shop.bantam.ch\/de\/#\/schema\/logo\/image\/","url":"https:\/\/shop.bantam.ch\/wp-content\/uploads\/2022\/12\/bantam-logo.png","contentUrl":"https:\/\/shop.bantam.ch\/wp-content\/uploads\/2022\/12\/bantam-logo.png","width":320,"height":71,"caption":"Bantam Camping AG"},"image":{"@id":"https:\/\/shop.bantam.ch\/de\/#\/schema\/logo\/image\/"}}]}},"_links":{"self":[{"href":"https:\/\/shop.bantam.ch\/de\/wp-json\/wp\/v2\/product\/168482","targetHints":{"allow":["GET"]}}],"collection":[{"href":"https:\/\/shop.bantam.ch\/de\/wp-json\/wp\/v2\/product"}],"about":[{"href":"https:\/\/shop.bantam.ch\/de\/wp-json\/wp\/v2\/types\/product"}],"wp:featuredmedia":[{"embeddable":true,"href":"https:\/\/shop.bantam.ch\/de\/wp-json\/wp\/v2\/media\/168476"}],"wp:attachment":[{"href":"https:\/\/shop.bantam.ch\/de\/wp-json\/wp\/v2\/media?parent=168482"}],"wp:term":[{"taxonomy":"product_featured_cat","embeddable":true,"href":"https:\/\/shop.bantam.ch\/de\/wp-json\/wp\/v2\/product_featured_cat?post=168482"},{"taxonomy":"product_brand","embeddable":true,"href":"https:\/\/shop.bantam.ch\/de\/wp-json\/wp\/v2\/product_brand?post=168482"},{"taxonomy":"product_cat","embeddable":true,"href":"https:\/\/shop.bantam.ch\/de\/wp-json\/wp\/v2\/product_cat?post=168482"},{"taxonomy":"product_tag","embeddable":true,"href":"https:\/\/shop.bantam.ch\/de\/wp-json\/wp\/v2\/product_tag?post=168482"}],"curies":[{"name":"wp","href":"https:\/\/api.w.org\/{rel}","templated":true}]}}