{"id":168473,"date":"2023-04-17T11:24:01","date_gmt":"2023-04-17T09:24:01","guid":{"rendered":"https:\/\/shop.bantam.ch\/produit\/koonekt-500\/"},"modified":"2026-05-01T22:29:45","modified_gmt":"2026-05-01T20:29:45","slug":"koonekt-500","status":"publish","type":"product","link":"https:\/\/shop.bantam.ch\/de\/produkt\/koonekt-500\/","title":{"rendered":"Koonekt 500"},"content":{"rendered":"<p>Die beste tragbare L\u00f6sung, um in jeder Situation mit Strom versorgt zu sein. Der Koonekt 500 verf\u00fcgt \u00fcber mehrere g\u00e4ngige Ausg\u00e4nge (USB, Zigarettenanz\u00fcnder, 230-V-Ausgang) und wurde nicht nur entwickelt, um im Notfall eine Notstromversorgung zu haben, sondern auch, damit Sie Ihre Outdoor-Aktivit\u00e4ten genie\u00dfen k\u00f6nnen. So bleiben Ihre Elektroger\u00e4te, Laptops, K\u00fchlboxen, Drohnen und vieles mehr l\u00e4nger einsatzbereit.<\/p>\n<p>Das tragbare Kraftwerk ist mit einem intelligenten Batteriemanagementsystem &#040;BMS&#041; gebaut, das st\u00e4ndig eine \u00dcberwachung von Spannung, Temperatur, Kurzschluss und \u00dcberstrom bietet, um das Kraftwerk und Ihre Ger\u00e4te vor Sch\u00e4den zu bewahren. So k\u00f6nnen Sie die Koonekt 500 sicher verwenden.<\/p>\n<p>KAPAZIT\u00c4T in Wh : 500Wh<br \/>\nTECHNOLOGIE : LITHIUM-IONEN<br \/>\nZELLTYP : &#8211;<br \/>\nBMS INTEGRIERT : JA<br \/>\nNENNSPANNUNG : 21,6V<br \/>\nSELBSTAUFLADUNG BEI LEERLAUF : &lt;15%\/AN<br \/>\nMAX. ENTLADESTROM KONTINUIERLICH : 500W<br \/>\nMAXIMALER ENTLADESTROMM IN PIC (3 Sek.) : 500W<br \/>\nEMPFOHLENER MAX. LADESTROM : 26A<br \/>\nLADEZEIT AUF AC-220V : 8 Stunden<br \/>\nBETRIEBSTEMPERATUR BEI ENTLADUNG : -10\u00b0C \/ -40\u00b0C<br \/>\nBETRIEBSTEMPERATUR MIT LAST : 0\u00b0C-40\u00b0C<br \/>\nKOMMUNIKATIONSMODUS : LCD-Bildschirm<br \/>\nSOLAR REGLER MPPT : Ja<br \/>\nEingangsport : 1 DC-Ladeeingang: 11-24V 72W max 1 USB-C-Eingang: 5-20V, 45W max 1 Solarladeeingang: 11-26V, 120W max.<br \/>\nEingangsport : 1 AC-Ausgang: 220V, 50Hz (500W bis 750W) 2 DC-Ausg\u00e4nge: 12V, 5A, 60W max 1 Auto-Ausgang: 12V, 10A, 120W max 2 USB-A-Ausg\u00e4nge: 5V 3,1A 1 USB-A (QC) Ausgang: 5-9V, 18W max 1 USB-C Ausgang: 5-20V, 45Wmax.<br \/>\nPARALLELISIERUNG : Ja<br \/>\nMONTAGE IN REIHE : Nein<br \/>\nTYP VERPACKUNG : Aluminium-Kunststoff-Legierung<br \/>\nANZAHL DER ZYKLEN : 500<br \/>\nDIMENSIONEN IN MM PRODUKT ( L x B x H ) : 300*200*192,6<br \/>\nNETTOGEWICHT : 5,8KG<br \/>\nBUCH MIT : 1 AC-DC-Adapter \/ 1 DC-Kabel \/ 1 Tasche<br \/>\nZERTIFIZIERUNGEN, ZULASSUNGEN : CE + UN38,3 + MSDS<br \/>\n1* Ausgang: 110V\/230V\u00b15P\/60Hz\u00b11%<br \/>\n1* Ausgang Zigarettenanz\u00fcnder: 12V\/10A,120W max<br \/>\n1*USB-A-Ausgang (QC3.0): 5-9V, 18W max<br \/>\n1*USB-C(PD)-Ausgang: 5-20V, 45W max<br \/>\n2* Ausg\u00e4nge USB-A: 5V 3.1A<br \/>\n2* DC-Ausgang (5.5mm): 12V\/5A,60W max<br \/>\nBetriebstemperatur: -10\u00b0C<br \/>\nDC-Eingang (5.5mm): 24V\/3A Unterst\u00fctzung 11- 24V,72W max<br \/>\nKonverter mit reiner Sinuswelle<br \/>\nLeistung: 500W<br \/>\nMax<br \/>\nSolar-Eingang (PV): 111-2 6V, 120W max<br \/>\nUSB-C(PD)-Eingang: 5-20V, 45W max<\/p>\n","protected":false},"excerpt":{"rendered":"<p>Die beste tragbare L\u00f6sung, um in jeder Situation mit Strom versorgt zu sein. Der Koonekt 500 verf\u00fcgt \u00fcber mehrere g\u00e4ngige Ausg\u00e4nge (USB, Zigarettenanz\u00fcnder, 230-V-Ausgang) und wurde nicht nur entwickelt, um im Notfall eine Notstromversorgung zu haben, sondern auch, damit Sie Ihre Outdoor-Aktivit\u00e4ten genie\u00dfen k\u00f6nnen. So bleiben Ihre Elektroger\u00e4te, Laptops, K\u00fchlboxen, Drohnen und vieles mehr l\u00e4nger [&hellip;]<\/p>\n","protected":false},"featured_media":168467,"template":"","meta":{"_acf_changed":false},"product_featured_cat":[],"product_brand":[3807],"product_cat":[5130],"product_tag":[],"class_list":{"0":"post-168473","1":"product","2":"type-product","3":"status-publish","4":"has-post-thumbnail","6":"product_brand-koonekt-de","7":"product_cat-powerstationen","9":"first","10":"instock","11":"taxable","12":"shipping-taxable","13":"purchasable","14":"product-type-simple"},"acf":[],"yoast_head":"<!-- This site is optimized with the Yoast SEO plugin v27.5 - https:\/\/yoast.com\/product\/yoast-seo-wordpress\/ -->\n<title>Koonekt 500 - Bantam<\/title>\n<meta name=\"robots\" content=\"index, follow, max-snippet:-1, max-image-preview:large, max-video-preview:-1\" \/>\n<link rel=\"canonical\" href=\"https:\/\/shop.bantam.ch\/de\/produkt\/koonekt-500\/\" \/>\n<meta property=\"og:locale\" content=\"de_DE\" \/>\n<meta property=\"og:type\" content=\"article\" \/>\n<meta property=\"og:title\" content=\"Koonekt 500 - Bantam\" \/>\n<meta property=\"og:description\" content=\"Die beste tragbare L\u00f6sung, um in jeder Situation mit Strom versorgt zu sein. Der Koonekt 500 verf\u00fcgt \u00fcber mehrere g\u00e4ngige Ausg\u00e4nge (USB, Zigarettenanz\u00fcnder, 230-V-Ausgang) und wurde nicht nur entwickelt, um im Notfall eine Notstromversorgung zu haben, sondern auch, damit Sie Ihre Outdoor-Aktivit\u00e4ten genie\u00dfen k\u00f6nnen. So bleiben Ihre Elektroger\u00e4te, Laptops, K\u00fchlboxen, Drohnen und vieles mehr l\u00e4nger [&hellip;]\" \/>\n<meta property=\"og:url\" content=\"https:\/\/shop.bantam.ch\/de\/produkt\/koonekt-500\/\" \/>\n<meta property=\"og:site_name\" content=\"Bantam\" \/>\n<meta property=\"article:modified_time\" content=\"2026-05-01T20:29:45+00:00\" \/>\n<meta property=\"og:image\" content=\"https:\/\/shop.bantam.ch\/wp-content\/uploads\/2023\/04\/773230082.jpg\" \/>\n\t<meta property=\"og:image:width\" content=\"455\" \/>\n\t<meta property=\"og:image:height\" content=\"460\" \/>\n\t<meta property=\"og:image:type\" content=\"image\/jpeg\" \/>\n<meta name=\"twitter:card\" content=\"summary_large_image\" \/>\n<meta name=\"twitter:label1\" content=\"Gesch\u00e4tzte Lesezeit\" \/>\n\t<meta name=\"twitter:data1\" content=\"2\u00a0Minuten\" \/>\n<script type=\"application\/ld+json\" class=\"yoast-schema-graph\">{\"@context\":\"https:\\\/\\\/schema.org\",\"@graph\":[{\"@type\":\"WebPage\",\"@id\":\"https:\\\/\\\/shop.bantam.ch\\\/de\\\/produkt\\\/koonekt-500\\\/\",\"url\":\"https:\\\/\\\/shop.bantam.ch\\\/de\\\/produkt\\\/koonekt-500\\\/\",\"name\":\"Koonekt 500 - Bantam\",\"isPartOf\":{\"@id\":\"https:\\\/\\\/shop.bantam.ch\\\/de\\\/#website\"},\"primaryImageOfPage\":{\"@id\":\"https:\\\/\\\/shop.bantam.ch\\\/de\\\/produkt\\\/koonekt-500\\\/#primaryimage\"},\"image\":{\"@id\":\"https:\\\/\\\/shop.bantam.ch\\\/de\\\/produkt\\\/koonekt-500\\\/#primaryimage\"},\"thumbnailUrl\":\"https:\\\/\\\/shop.bantam.ch\\\/wp-content\\\/uploads\\\/2023\\\/04\\\/773230082.jpg\",\"datePublished\":\"2023-04-17T09:24:01+00:00\",\"dateModified\":\"2026-05-01T20:29:45+00:00\",\"breadcrumb\":{\"@id\":\"https:\\\/\\\/shop.bantam.ch\\\/de\\\/produkt\\\/koonekt-500\\\/#breadcrumb\"},\"inLanguage\":\"de\",\"potentialAction\":[{\"@type\":\"ReadAction\",\"target\":[\"https:\\\/\\\/shop.bantam.ch\\\/de\\\/produkt\\\/koonekt-500\\\/\"]}]},{\"@type\":\"ImageObject\",\"inLanguage\":\"de\",\"@id\":\"https:\\\/\\\/shop.bantam.ch\\\/de\\\/produkt\\\/koonekt-500\\\/#primaryimage\",\"url\":\"https:\\\/\\\/shop.bantam.ch\\\/wp-content\\\/uploads\\\/2023\\\/04\\\/773230082.jpg\",\"contentUrl\":\"https:\\\/\\\/shop.bantam.ch\\\/wp-content\\\/uploads\\\/2023\\\/04\\\/773230082.jpg\",\"width\":455,\"height\":460},{\"@type\":\"BreadcrumbList\",\"@id\":\"https:\\\/\\\/shop.bantam.ch\\\/de\\\/produkt\\\/koonekt-500\\\/#breadcrumb\",\"itemListElement\":[{\"@type\":\"ListItem\",\"position\":1,\"name\":\"Accueil\",\"item\":\"https:\\\/\\\/shop.bantam.ch\\\/de\\\/\"},{\"@type\":\"ListItem\",\"position\":2,\"name\":\"Shop\",\"item\":\"https:\\\/\\\/shop.bantam.ch\\\/de\\\/shop\\\/\"},{\"@type\":\"ListItem\",\"position\":3,\"name\":\"Koonekt 500\"}]},{\"@type\":\"WebSite\",\"@id\":\"https:\\\/\\\/shop.bantam.ch\\\/de\\\/#website\",\"url\":\"https:\\\/\\\/shop.bantam.ch\\\/de\\\/\",\"name\":\"Bantam\",\"description\":\"\",\"publisher\":{\"@id\":\"https:\\\/\\\/shop.bantam.ch\\\/de\\\/#organization\"},\"inLanguage\":\"de\"},{\"@type\":\"Organization\",\"@id\":\"https:\\\/\\\/shop.bantam.ch\\\/de\\\/#organization\",\"name\":\"Bantam\",\"url\":\"https:\\\/\\\/shop.bantam.ch\\\/de\\\/\",\"logo\":{\"@type\":\"ImageObject\",\"inLanguage\":\"de\",\"@id\":\"https:\\\/\\\/shop.bantam.ch\\\/de\\\/#\\\/schema\\\/logo\\\/image\\\/\",\"url\":\"https:\\\/\\\/shop.bantam.ch\\\/wp-content\\\/uploads\\\/2022\\\/12\\\/bantam-logo.png\",\"contentUrl\":\"https:\\\/\\\/shop.bantam.ch\\\/wp-content\\\/uploads\\\/2022\\\/12\\\/bantam-logo.png\",\"width\":320,\"height\":71,\"caption\":\"Bantam\"},\"image\":{\"@id\":\"https:\\\/\\\/shop.bantam.ch\\\/de\\\/#\\\/schema\\\/logo\\\/image\\\/\"}}]}<\/script>\n<!-- \/ Yoast SEO plugin. -->","yoast_head_json":{"title":"Koonekt 500 - Bantam","robots":{"index":"index","follow":"follow","max-snippet":"max-snippet:-1","max-image-preview":"max-image-preview:large","max-video-preview":"max-video-preview:-1"},"canonical":"https:\/\/shop.bantam.ch\/de\/produkt\/koonekt-500\/","og_locale":"de_DE","og_type":"article","og_title":"Koonekt 500 - Bantam","og_description":"Die beste tragbare L\u00f6sung, um in jeder Situation mit Strom versorgt zu sein. Der Koonekt 500 verf\u00fcgt \u00fcber mehrere g\u00e4ngige Ausg\u00e4nge (USB, Zigarettenanz\u00fcnder, 230-V-Ausgang) und wurde nicht nur entwickelt, um im Notfall eine Notstromversorgung zu haben, sondern auch, damit Sie Ihre Outdoor-Aktivit\u00e4ten genie\u00dfen k\u00f6nnen. So bleiben Ihre Elektroger\u00e4te, Laptops, K\u00fchlboxen, Drohnen und vieles mehr l\u00e4nger [&hellip;]","og_url":"https:\/\/shop.bantam.ch\/de\/produkt\/koonekt-500\/","og_site_name":"Bantam","article_modified_time":"2026-05-01T20:29:45+00:00","og_image":[{"width":455,"height":460,"url":"https:\/\/shop.bantam.ch\/wp-content\/uploads\/2023\/04\/773230082.jpg","type":"image\/jpeg"}],"twitter_card":"summary_large_image","twitter_misc":{"Gesch\u00e4tzte Lesezeit":"2\u00a0Minuten"},"schema":{"@context":"https:\/\/schema.org","@graph":[{"@type":"WebPage","@id":"https:\/\/shop.bantam.ch\/de\/produkt\/koonekt-500\/","url":"https:\/\/shop.bantam.ch\/de\/produkt\/koonekt-500\/","name":"Koonekt 500 - Bantam","isPartOf":{"@id":"https:\/\/shop.bantam.ch\/de\/#website"},"primaryImageOfPage":{"@id":"https:\/\/shop.bantam.ch\/de\/produkt\/koonekt-500\/#primaryimage"},"image":{"@id":"https:\/\/shop.bantam.ch\/de\/produkt\/koonekt-500\/#primaryimage"},"thumbnailUrl":"https:\/\/shop.bantam.ch\/wp-content\/uploads\/2023\/04\/773230082.jpg","datePublished":"2023-04-17T09:24:01+00:00","dateModified":"2026-05-01T20:29:45+00:00","breadcrumb":{"@id":"https:\/\/shop.bantam.ch\/de\/produkt\/koonekt-500\/#breadcrumb"},"inLanguage":"de","potentialAction":[{"@type":"ReadAction","target":["https:\/\/shop.bantam.ch\/de\/produkt\/koonekt-500\/"]}]},{"@type":"ImageObject","inLanguage":"de","@id":"https:\/\/shop.bantam.ch\/de\/produkt\/koonekt-500\/#primaryimage","url":"https:\/\/shop.bantam.ch\/wp-content\/uploads\/2023\/04\/773230082.jpg","contentUrl":"https:\/\/shop.bantam.ch\/wp-content\/uploads\/2023\/04\/773230082.jpg","width":455,"height":460},{"@type":"BreadcrumbList","@id":"https:\/\/shop.bantam.ch\/de\/produkt\/koonekt-500\/#breadcrumb","itemListElement":[{"@type":"ListItem","position":1,"name":"Accueil","item":"https:\/\/shop.bantam.ch\/de\/"},{"@type":"ListItem","position":2,"name":"Shop","item":"https:\/\/shop.bantam.ch\/de\/shop\/"},{"@type":"ListItem","position":3,"name":"Koonekt 500"}]},{"@type":"WebSite","@id":"https:\/\/shop.bantam.ch\/de\/#website","url":"https:\/\/shop.bantam.ch\/de\/","name":"Bantam","description":"","publisher":{"@id":"https:\/\/shop.bantam.ch\/de\/#organization"},"inLanguage":"de"},{"@type":"Organization","@id":"https:\/\/shop.bantam.ch\/de\/#organization","name":"Bantam","url":"https:\/\/shop.bantam.ch\/de\/","logo":{"@type":"ImageObject","inLanguage":"de","@id":"https:\/\/shop.bantam.ch\/de\/#\/schema\/logo\/image\/","url":"https:\/\/shop.bantam.ch\/wp-content\/uploads\/2022\/12\/bantam-logo.png","contentUrl":"https:\/\/shop.bantam.ch\/wp-content\/uploads\/2022\/12\/bantam-logo.png","width":320,"height":71,"caption":"Bantam"},"image":{"@id":"https:\/\/shop.bantam.ch\/de\/#\/schema\/logo\/image\/"}}]}},"_links":{"self":[{"href":"https:\/\/shop.bantam.ch\/de\/wp-json\/wp\/v2\/product\/168473","targetHints":{"allow":["GET"]}}],"collection":[{"href":"https:\/\/shop.bantam.ch\/de\/wp-json\/wp\/v2\/product"}],"about":[{"href":"https:\/\/shop.bantam.ch\/de\/wp-json\/wp\/v2\/types\/product"}],"wp:featuredmedia":[{"embeddable":true,"href":"https:\/\/shop.bantam.ch\/de\/wp-json\/wp\/v2\/media\/168467"}],"wp:attachment":[{"href":"https:\/\/shop.bantam.ch\/de\/wp-json\/wp\/v2\/media?parent=168473"}],"wp:term":[{"taxonomy":"product_featured_cat","embeddable":true,"href":"https:\/\/shop.bantam.ch\/de\/wp-json\/wp\/v2\/product_featured_cat?post=168473"},{"taxonomy":"product_brand","embeddable":true,"href":"https:\/\/shop.bantam.ch\/de\/wp-json\/wp\/v2\/product_brand?post=168473"},{"taxonomy":"product_cat","embeddable":true,"href":"https:\/\/shop.bantam.ch\/de\/wp-json\/wp\/v2\/product_cat?post=168473"},{"taxonomy":"product_tag","embeddable":true,"href":"https:\/\/shop.bantam.ch\/de\/wp-json\/wp\/v2\/product_tag?post=168473"}],"curies":[{"name":"wp","href":"https:\/\/api.w.org\/{rel}","templated":true}]}}