{"id":168465,"date":"2023-04-17T11:19:13","date_gmt":"2023-04-17T09:19:13","guid":{"rendered":"https:\/\/shop.bantam.ch\/produit\/koppler-trenner-2-batterie-koppler\/"},"modified":"2026-04-28T22:33:43","modified_gmt":"2026-04-28T20:33:43","slug":"koppler-trenner-2-batterie-koppler","status":"publish","type":"product","link":"https:\/\/shop.bantam.ch\/de\/produkt\/koppler-trenner-2-batterie-koppler\/","title":{"rendered":"Koppler \/ Trenner 2-Batterie-Koppler"},"content":{"rendered":"<p>Verbinden und trennen Sie Ihre parallel installierten Batterien automatisch nach vordefinierten Spannungsschwellen. Sch\u00fctzen Sie Ihre Batterien vor einer Tiefentladung, die sie besch\u00e4digen k\u00f6nnte. Geben Sie immer der Motorbatterie den Vorrang, um \u00fcberall problemlos neu starten zu k\u00f6nnen. Sorgt f\u00fcr die Kopplung der Hauptbatterien (Starterbatterie) und Hilfsbatterien (AGM- oder Gel-Servicebatterie).<\/p>\n<p>Batterien : Motor + 1 Zusatz<br \/>\nSchwellen : Einschalten 13,6V \/ Abschalten 12,5V<br \/>\nK\u00fchlschrank : &#8211;<br \/>\nZubeh\u00f6r : &#8211;<br \/>\nNotstromversorgung : &#8211;<br \/>\nAndere : Kupplungsanzeige.<br \/>\nEingang : &#8211;<br \/>\nModell : Koppler f\u00fcr 2 Batterien<br \/>\nBatteriekapazit\u00e4t (einzeln): 300 A\/Stunde<br \/>\nKompatibel mit AGM- und GEL-Batterien. (nicht kompatibel mit Lithium-Batterien)<br \/>\nK\u00fchlschrank: &#8211;<br \/>\nLadestrom max. 70 A<br \/>\nMit ausf\u00fchrlicher Aufbauanleitung<br \/>\nRettung: &#8211;<br \/>\nSchwellen: Verbindung 13,6 V \/ Trennung 12,5 V<br \/>\nSonstiges: Kupplungsanzeige Batterien: Motor + 1 Hilfsbatterie. (EURO 5 Lichtmaschine und fr\u00fcher) Eingang: &#8211;<br \/>\nZubeh\u00f6r : &#8211;<\/p>\n","protected":false},"excerpt":{"rendered":"<p>Verbinden und trennen Sie Ihre parallel installierten Batterien automatisch nach vordefinierten Spannungsschwellen. Sch\u00fctzen Sie Ihre Batterien vor einer Tiefentladung, die sie besch\u00e4digen k\u00f6nnte. Geben Sie immer der Motorbatterie den Vorrang, um \u00fcberall problemlos neu starten zu k\u00f6nnen. Sorgt f\u00fcr die Kopplung der Hauptbatterien (Starterbatterie) und Hilfsbatterien (AGM- oder Gel-Servicebatterie). Batterien : Motor + 1 Zusatz [&hellip;]<\/p>\n","protected":false},"featured_media":168455,"template":"","meta":{"_acf_changed":false},"product_featured_cat":[],"product_brand":[3679],"product_cat":[4188],"product_tag":[],"class_list":{"0":"post-168465","1":"product","2":"type-product","3":"status-publish","4":"has-post-thumbnail","6":"product_brand-inovtech-de","7":"product_cat-batterien","9":"first","10":"instock","11":"taxable","12":"shipping-taxable","13":"purchasable","14":"product-type-simple"},"acf":[],"yoast_head":"<!-- This site is optimized with the Yoast SEO plugin v27.5 - https:\/\/yoast.com\/product\/yoast-seo-wordpress\/ -->\n<title>Koppler \/ Trenner 2-Batterie-Koppler - Bantam<\/title>\n<meta name=\"robots\" content=\"index, follow, max-snippet:-1, max-image-preview:large, max-video-preview:-1\" \/>\n<link rel=\"canonical\" href=\"https:\/\/shop.bantam.ch\/de\/produkt\/koppler-trenner-2-batterie-koppler\/\" \/>\n<meta property=\"og:locale\" content=\"de_DE\" \/>\n<meta property=\"og:type\" content=\"article\" \/>\n<meta property=\"og:title\" content=\"Koppler \/ Trenner 2-Batterie-Koppler - Bantam\" \/>\n<meta property=\"og:description\" content=\"Verbinden und trennen Sie Ihre parallel installierten Batterien automatisch nach vordefinierten Spannungsschwellen. Sch\u00fctzen Sie Ihre Batterien vor einer Tiefentladung, die sie besch\u00e4digen k\u00f6nnte. Geben Sie immer der Motorbatterie den Vorrang, um \u00fcberall problemlos neu starten zu k\u00f6nnen. Sorgt f\u00fcr die Kopplung der Hauptbatterien (Starterbatterie) und Hilfsbatterien (AGM- oder Gel-Servicebatterie). Batterien : Motor + 1 Zusatz [&hellip;]\" \/>\n<meta property=\"og:url\" content=\"https:\/\/shop.bantam.ch\/de\/produkt\/koppler-trenner-2-batterie-koppler\/\" \/>\n<meta property=\"og:site_name\" content=\"Bantam\" \/>\n<meta property=\"article:modified_time\" content=\"2026-04-28T20:33:43+00:00\" \/>\n<meta property=\"og:image\" content=\"https:\/\/shop.bantam.ch\/wp-content\/uploads\/2023\/04\/773230074.jpg\" \/>\n\t<meta property=\"og:image:width\" content=\"455\" \/>\n\t<meta property=\"og:image:height\" content=\"460\" \/>\n\t<meta property=\"og:image:type\" content=\"image\/jpeg\" \/>\n<meta name=\"twitter:card\" content=\"summary_large_image\" \/>\n<meta name=\"twitter:label1\" content=\"Gesch\u00e4tzte Lesezeit\" \/>\n\t<meta name=\"twitter:data1\" content=\"1\u00a0Minute\" \/>\n<script type=\"application\/ld+json\" class=\"yoast-schema-graph\">{\"@context\":\"https:\\\/\\\/schema.org\",\"@graph\":[{\"@type\":\"WebPage\",\"@id\":\"https:\\\/\\\/shop.bantam.ch\\\/de\\\/produkt\\\/koppler-trenner-2-batterie-koppler\\\/\",\"url\":\"https:\\\/\\\/shop.bantam.ch\\\/de\\\/produkt\\\/koppler-trenner-2-batterie-koppler\\\/\",\"name\":\"Koppler \\\/ Trenner 2-Batterie-Koppler - Bantam\",\"isPartOf\":{\"@id\":\"https:\\\/\\\/shop.bantam.ch\\\/de\\\/#website\"},\"primaryImageOfPage\":{\"@id\":\"https:\\\/\\\/shop.bantam.ch\\\/de\\\/produkt\\\/koppler-trenner-2-batterie-koppler\\\/#primaryimage\"},\"image\":{\"@id\":\"https:\\\/\\\/shop.bantam.ch\\\/de\\\/produkt\\\/koppler-trenner-2-batterie-koppler\\\/#primaryimage\"},\"thumbnailUrl\":\"https:\\\/\\\/shop.bantam.ch\\\/wp-content\\\/uploads\\\/2023\\\/04\\\/773230074.jpg\",\"datePublished\":\"2023-04-17T09:19:13+00:00\",\"dateModified\":\"2026-04-28T20:33:43+00:00\",\"breadcrumb\":{\"@id\":\"https:\\\/\\\/shop.bantam.ch\\\/de\\\/produkt\\\/koppler-trenner-2-batterie-koppler\\\/#breadcrumb\"},\"inLanguage\":\"de\",\"potentialAction\":[{\"@type\":\"ReadAction\",\"target\":[\"https:\\\/\\\/shop.bantam.ch\\\/de\\\/produkt\\\/koppler-trenner-2-batterie-koppler\\\/\"]}]},{\"@type\":\"ImageObject\",\"inLanguage\":\"de\",\"@id\":\"https:\\\/\\\/shop.bantam.ch\\\/de\\\/produkt\\\/koppler-trenner-2-batterie-koppler\\\/#primaryimage\",\"url\":\"https:\\\/\\\/shop.bantam.ch\\\/wp-content\\\/uploads\\\/2023\\\/04\\\/773230074.jpg\",\"contentUrl\":\"https:\\\/\\\/shop.bantam.ch\\\/wp-content\\\/uploads\\\/2023\\\/04\\\/773230074.jpg\",\"width\":455,\"height\":460},{\"@type\":\"BreadcrumbList\",\"@id\":\"https:\\\/\\\/shop.bantam.ch\\\/de\\\/produkt\\\/koppler-trenner-2-batterie-koppler\\\/#breadcrumb\",\"itemListElement\":[{\"@type\":\"ListItem\",\"position\":1,\"name\":\"Accueil\",\"item\":\"https:\\\/\\\/shop.bantam.ch\\\/de\\\/\"},{\"@type\":\"ListItem\",\"position\":2,\"name\":\"Shop\",\"item\":\"https:\\\/\\\/shop.bantam.ch\\\/de\\\/shop\\\/\"},{\"@type\":\"ListItem\",\"position\":3,\"name\":\"Koppler \\\/ Trenner 2-Batterie-Koppler\"}]},{\"@type\":\"WebSite\",\"@id\":\"https:\\\/\\\/shop.bantam.ch\\\/de\\\/#website\",\"url\":\"https:\\\/\\\/shop.bantam.ch\\\/de\\\/\",\"name\":\"Bantam\",\"description\":\"\",\"publisher\":{\"@id\":\"https:\\\/\\\/shop.bantam.ch\\\/de\\\/#organization\"},\"inLanguage\":\"de\"},{\"@type\":\"Organization\",\"@id\":\"https:\\\/\\\/shop.bantam.ch\\\/de\\\/#organization\",\"name\":\"Bantam\",\"url\":\"https:\\\/\\\/shop.bantam.ch\\\/de\\\/\",\"logo\":{\"@type\":\"ImageObject\",\"inLanguage\":\"de\",\"@id\":\"https:\\\/\\\/shop.bantam.ch\\\/de\\\/#\\\/schema\\\/logo\\\/image\\\/\",\"url\":\"https:\\\/\\\/shop.bantam.ch\\\/wp-content\\\/uploads\\\/2022\\\/12\\\/bantam-logo.png\",\"contentUrl\":\"https:\\\/\\\/shop.bantam.ch\\\/wp-content\\\/uploads\\\/2022\\\/12\\\/bantam-logo.png\",\"width\":320,\"height\":71,\"caption\":\"Bantam\"},\"image\":{\"@id\":\"https:\\\/\\\/shop.bantam.ch\\\/de\\\/#\\\/schema\\\/logo\\\/image\\\/\"}}]}<\/script>\n<!-- \/ Yoast SEO plugin. -->","yoast_head_json":{"title":"Koppler \/ Trenner 2-Batterie-Koppler - Bantam","robots":{"index":"index","follow":"follow","max-snippet":"max-snippet:-1","max-image-preview":"max-image-preview:large","max-video-preview":"max-video-preview:-1"},"canonical":"https:\/\/shop.bantam.ch\/de\/produkt\/koppler-trenner-2-batterie-koppler\/","og_locale":"de_DE","og_type":"article","og_title":"Koppler \/ Trenner 2-Batterie-Koppler - Bantam","og_description":"Verbinden und trennen Sie Ihre parallel installierten Batterien automatisch nach vordefinierten Spannungsschwellen. Sch\u00fctzen Sie Ihre Batterien vor einer Tiefentladung, die sie besch\u00e4digen k\u00f6nnte. Geben Sie immer der Motorbatterie den Vorrang, um \u00fcberall problemlos neu starten zu k\u00f6nnen. Sorgt f\u00fcr die Kopplung der Hauptbatterien (Starterbatterie) und Hilfsbatterien (AGM- oder Gel-Servicebatterie). Batterien : Motor + 1 Zusatz [&hellip;]","og_url":"https:\/\/shop.bantam.ch\/de\/produkt\/koppler-trenner-2-batterie-koppler\/","og_site_name":"Bantam","article_modified_time":"2026-04-28T20:33:43+00:00","og_image":[{"width":455,"height":460,"url":"https:\/\/shop.bantam.ch\/wp-content\/uploads\/2023\/04\/773230074.jpg","type":"image\/jpeg"}],"twitter_card":"summary_large_image","twitter_misc":{"Gesch\u00e4tzte Lesezeit":"1\u00a0Minute"},"schema":{"@context":"https:\/\/schema.org","@graph":[{"@type":"WebPage","@id":"https:\/\/shop.bantam.ch\/de\/produkt\/koppler-trenner-2-batterie-koppler\/","url":"https:\/\/shop.bantam.ch\/de\/produkt\/koppler-trenner-2-batterie-koppler\/","name":"Koppler \/ Trenner 2-Batterie-Koppler - Bantam","isPartOf":{"@id":"https:\/\/shop.bantam.ch\/de\/#website"},"primaryImageOfPage":{"@id":"https:\/\/shop.bantam.ch\/de\/produkt\/koppler-trenner-2-batterie-koppler\/#primaryimage"},"image":{"@id":"https:\/\/shop.bantam.ch\/de\/produkt\/koppler-trenner-2-batterie-koppler\/#primaryimage"},"thumbnailUrl":"https:\/\/shop.bantam.ch\/wp-content\/uploads\/2023\/04\/773230074.jpg","datePublished":"2023-04-17T09:19:13+00:00","dateModified":"2026-04-28T20:33:43+00:00","breadcrumb":{"@id":"https:\/\/shop.bantam.ch\/de\/produkt\/koppler-trenner-2-batterie-koppler\/#breadcrumb"},"inLanguage":"de","potentialAction":[{"@type":"ReadAction","target":["https:\/\/shop.bantam.ch\/de\/produkt\/koppler-trenner-2-batterie-koppler\/"]}]},{"@type":"ImageObject","inLanguage":"de","@id":"https:\/\/shop.bantam.ch\/de\/produkt\/koppler-trenner-2-batterie-koppler\/#primaryimage","url":"https:\/\/shop.bantam.ch\/wp-content\/uploads\/2023\/04\/773230074.jpg","contentUrl":"https:\/\/shop.bantam.ch\/wp-content\/uploads\/2023\/04\/773230074.jpg","width":455,"height":460},{"@type":"BreadcrumbList","@id":"https:\/\/shop.bantam.ch\/de\/produkt\/koppler-trenner-2-batterie-koppler\/#breadcrumb","itemListElement":[{"@type":"ListItem","position":1,"name":"Accueil","item":"https:\/\/shop.bantam.ch\/de\/"},{"@type":"ListItem","position":2,"name":"Shop","item":"https:\/\/shop.bantam.ch\/de\/shop\/"},{"@type":"ListItem","position":3,"name":"Koppler \/ Trenner 2-Batterie-Koppler"}]},{"@type":"WebSite","@id":"https:\/\/shop.bantam.ch\/de\/#website","url":"https:\/\/shop.bantam.ch\/de\/","name":"Bantam","description":"","publisher":{"@id":"https:\/\/shop.bantam.ch\/de\/#organization"},"inLanguage":"de"},{"@type":"Organization","@id":"https:\/\/shop.bantam.ch\/de\/#organization","name":"Bantam","url":"https:\/\/shop.bantam.ch\/de\/","logo":{"@type":"ImageObject","inLanguage":"de","@id":"https:\/\/shop.bantam.ch\/de\/#\/schema\/logo\/image\/","url":"https:\/\/shop.bantam.ch\/wp-content\/uploads\/2022\/12\/bantam-logo.png","contentUrl":"https:\/\/shop.bantam.ch\/wp-content\/uploads\/2022\/12\/bantam-logo.png","width":320,"height":71,"caption":"Bantam"},"image":{"@id":"https:\/\/shop.bantam.ch\/de\/#\/schema\/logo\/image\/"}}]}},"_links":{"self":[{"href":"https:\/\/shop.bantam.ch\/de\/wp-json\/wp\/v2\/product\/168465","targetHints":{"allow":["GET"]}}],"collection":[{"href":"https:\/\/shop.bantam.ch\/de\/wp-json\/wp\/v2\/product"}],"about":[{"href":"https:\/\/shop.bantam.ch\/de\/wp-json\/wp\/v2\/types\/product"}],"wp:featuredmedia":[{"embeddable":true,"href":"https:\/\/shop.bantam.ch\/de\/wp-json\/wp\/v2\/media\/168455"}],"wp:attachment":[{"href":"https:\/\/shop.bantam.ch\/de\/wp-json\/wp\/v2\/media?parent=168465"}],"wp:term":[{"taxonomy":"product_featured_cat","embeddable":true,"href":"https:\/\/shop.bantam.ch\/de\/wp-json\/wp\/v2\/product_featured_cat?post=168465"},{"taxonomy":"product_brand","embeddable":true,"href":"https:\/\/shop.bantam.ch\/de\/wp-json\/wp\/v2\/product_brand?post=168465"},{"taxonomy":"product_cat","embeddable":true,"href":"https:\/\/shop.bantam.ch\/de\/wp-json\/wp\/v2\/product_cat?post=168465"},{"taxonomy":"product_tag","embeddable":true,"href":"https:\/\/shop.bantam.ch\/de\/wp-json\/wp\/v2\/product_tag?post=168465"}],"curies":[{"name":"wp","href":"https:\/\/api.w.org\/{rel}","templated":true}]}}