{"id":168453,"date":"2023-04-17T11:19:01","date_gmt":"2023-04-17T09:19:01","guid":{"rendered":"https:\/\/shop.bantam.ch\/produit\/smart-tv-full-hd-inovtech-24-zoll-hd-smart-tv\/"},"modified":"2026-05-11T22:30:06","modified_gmt":"2026-05-11T20:30:06","slug":"smart-tv-full-hd-inovtech-24-zoll-hd-smart-tv","status":"publish","type":"product","link":"https:\/\/shop.bantam.ch\/de\/produkt\/smart-tv-full-hd-inovtech-24-zoll-hd-smart-tv\/","title":{"rendered":"Smart TV Full HD Inovtech 24-Zoll-HD-Smart-TV"},"content":{"rendered":"<p>Die SMART-TV-Ger\u00e4te Inovtech mit Full-HD wurden entwickelt, um den Zugang zu Ihren Favoriten unter den Multimedia-Apps \u00fcber eine Internet-Verbindung oder einen WLAN-Zugang zu erleichtern. Sie funktionieren mit Android 9.0 und genau wie auf Ihrem Smartphone k\u00f6nnen Sie Apps wie Youtube, Facebook, Twitter, Netflix und Molotov herunterladen und jederzeit benutzen! Das mit dem Bluetooth-System 4.2 ausgestattete Ger\u00e4t k\u00f6nnen Sie ebenfalls an Ihre Soundbar anschlie\u00dfen und Ihren H\u00f6rkomfort noch verbessern.<\/p>\n<p>Modell : 23,6&#8243; (60 cm)<br \/>\nAbmessungen (hxl) : 305 x 552 mm<br \/>\nAbmessungen mit F\u00fc\u00dfen : 370 x 552 x 154 mm<br \/>\nBruttogewicht : 4,4 kg<br \/>\nStandard : HDTV<br \/>\nAufl\u00f6sung (Pixel) : 1920&#215;1080<br \/>\nHelligkeit : 200 cd\/m<br \/>\nBetrachtungswinkel : 178\/178<br \/>\nEnergie : F<br \/>\nMitgeliefertes Zubeh\u00f6r:<br \/>\nFernbedienung und Batterien,<br \/>\nNetzteil f\u00fcr den Zigarrenanz\u00fcnder,<br \/>\nStandfu\u00df und Standfu\u00df,<br \/>\nNotiz,<br \/>\nSchrauben f\u00fcr den Standfu\u00df und Schrauben f\u00fcr die Wandhalterung,<br \/>\nZwei Kabel mini AV und mini YPBR.<\/p>\n","protected":false},"excerpt":{"rendered":"<p>Die SMART-TV-Ger\u00e4te Inovtech mit Full-HD wurden entwickelt, um den Zugang zu Ihren Favoriten unter den Multimedia-Apps \u00fcber eine Internet-Verbindung oder einen WLAN-Zugang zu erleichtern. Sie funktionieren mit Android 9.0 und genau wie auf Ihrem Smartphone k\u00f6nnen Sie Apps wie Youtube, Facebook, Twitter, Netflix und Molotov herunterladen und jederzeit benutzen! Das mit dem Bluetooth-System 4.2 ausgestattete [&hellip;]<\/p>\n","protected":false},"featured_media":168451,"template":"","meta":{"_acf_changed":false},"product_featured_cat":[],"product_brand":[3805],"product_cat":[4070],"product_tag":[],"class_list":{"0":"post-168453","1":"product","2":"type-product","3":"status-publish","4":"has-post-thumbnail","6":"product_brand-inov-de","7":"product_cat-fernseher","9":"first","10":"instock","11":"taxable","12":"shipping-taxable","13":"purchasable","14":"product-type-simple"},"acf":[],"yoast_head":"<!-- This site is optimized with the Yoast SEO plugin v27.5 - https:\/\/yoast.com\/product\/yoast-seo-wordpress\/ -->\n<title>Smart TV Full HD Inovtech 24-Zoll-HD-Smart-TV - Bantam<\/title>\n<meta name=\"robots\" content=\"index, follow, max-snippet:-1, max-image-preview:large, max-video-preview:-1\" \/>\n<link rel=\"canonical\" href=\"https:\/\/shop.bantam.ch\/de\/produkt\/smart-tv-full-hd-inovtech-24-zoll-hd-smart-tv\/\" \/>\n<meta property=\"og:locale\" content=\"de_DE\" \/>\n<meta property=\"og:type\" content=\"article\" \/>\n<meta property=\"og:title\" content=\"Smart TV Full HD Inovtech 24-Zoll-HD-Smart-TV - Bantam\" \/>\n<meta property=\"og:description\" content=\"Die SMART-TV-Ger\u00e4te Inovtech mit Full-HD wurden entwickelt, um den Zugang zu Ihren Favoriten unter den Multimedia-Apps \u00fcber eine Internet-Verbindung oder einen WLAN-Zugang zu erleichtern. Sie funktionieren mit Android 9.0 und genau wie auf Ihrem Smartphone k\u00f6nnen Sie Apps wie Youtube, Facebook, Twitter, Netflix und Molotov herunterladen und jederzeit benutzen! Das mit dem Bluetooth-System 4.2 ausgestattete [&hellip;]\" \/>\n<meta property=\"og:url\" content=\"https:\/\/shop.bantam.ch\/de\/produkt\/smart-tv-full-hd-inovtech-24-zoll-hd-smart-tv\/\" \/>\n<meta property=\"og:site_name\" content=\"Bantam\" \/>\n<meta property=\"article:modified_time\" content=\"2026-05-11T20:30:06+00:00\" \/>\n<meta property=\"og:image\" content=\"https:\/\/shop.bantam.ch\/wp-content\/uploads\/2023\/04\/77323003.jpg\" \/>\n\t<meta property=\"og:image:width\" content=\"455\" \/>\n\t<meta property=\"og:image:height\" content=\"460\" \/>\n\t<meta property=\"og:image:type\" content=\"image\/jpeg\" \/>\n<meta name=\"twitter:card\" content=\"summary_large_image\" \/>\n<meta name=\"twitter:label1\" content=\"Gesch\u00e4tzte Lesezeit\" \/>\n\t<meta name=\"twitter:data1\" content=\"1\u00a0Minute\" \/>\n<script type=\"application\/ld+json\" class=\"yoast-schema-graph\">{\"@context\":\"https:\\\/\\\/schema.org\",\"@graph\":[{\"@type\":\"WebPage\",\"@id\":\"https:\\\/\\\/shop.bantam.ch\\\/de\\\/produkt\\\/smart-tv-full-hd-inovtech-24-zoll-hd-smart-tv\\\/\",\"url\":\"https:\\\/\\\/shop.bantam.ch\\\/de\\\/produkt\\\/smart-tv-full-hd-inovtech-24-zoll-hd-smart-tv\\\/\",\"name\":\"Smart TV Full HD Inovtech 24-Zoll-HD-Smart-TV - Bantam\",\"isPartOf\":{\"@id\":\"https:\\\/\\\/shop.bantam.ch\\\/de\\\/#website\"},\"primaryImageOfPage\":{\"@id\":\"https:\\\/\\\/shop.bantam.ch\\\/de\\\/produkt\\\/smart-tv-full-hd-inovtech-24-zoll-hd-smart-tv\\\/#primaryimage\"},\"image\":{\"@id\":\"https:\\\/\\\/shop.bantam.ch\\\/de\\\/produkt\\\/smart-tv-full-hd-inovtech-24-zoll-hd-smart-tv\\\/#primaryimage\"},\"thumbnailUrl\":\"https:\\\/\\\/shop.bantam.ch\\\/wp-content\\\/uploads\\\/2023\\\/04\\\/77323003.jpg\",\"datePublished\":\"2023-04-17T09:19:01+00:00\",\"dateModified\":\"2026-05-11T20:30:06+00:00\",\"breadcrumb\":{\"@id\":\"https:\\\/\\\/shop.bantam.ch\\\/de\\\/produkt\\\/smart-tv-full-hd-inovtech-24-zoll-hd-smart-tv\\\/#breadcrumb\"},\"inLanguage\":\"de\",\"potentialAction\":[{\"@type\":\"ReadAction\",\"target\":[\"https:\\\/\\\/shop.bantam.ch\\\/de\\\/produkt\\\/smart-tv-full-hd-inovtech-24-zoll-hd-smart-tv\\\/\"]}]},{\"@type\":\"ImageObject\",\"inLanguage\":\"de\",\"@id\":\"https:\\\/\\\/shop.bantam.ch\\\/de\\\/produkt\\\/smart-tv-full-hd-inovtech-24-zoll-hd-smart-tv\\\/#primaryimage\",\"url\":\"https:\\\/\\\/shop.bantam.ch\\\/wp-content\\\/uploads\\\/2023\\\/04\\\/77323003.jpg\",\"contentUrl\":\"https:\\\/\\\/shop.bantam.ch\\\/wp-content\\\/uploads\\\/2023\\\/04\\\/77323003.jpg\",\"width\":455,\"height\":460},{\"@type\":\"BreadcrumbList\",\"@id\":\"https:\\\/\\\/shop.bantam.ch\\\/de\\\/produkt\\\/smart-tv-full-hd-inovtech-24-zoll-hd-smart-tv\\\/#breadcrumb\",\"itemListElement\":[{\"@type\":\"ListItem\",\"position\":1,\"name\":\"Accueil\",\"item\":\"https:\\\/\\\/shop.bantam.ch\\\/de\\\/\"},{\"@type\":\"ListItem\",\"position\":2,\"name\":\"Shop\",\"item\":\"https:\\\/\\\/shop.bantam.ch\\\/de\\\/shop\\\/\"},{\"@type\":\"ListItem\",\"position\":3,\"name\":\"Smart TV Full HD Inovtech 24-Zoll-HD-Smart-TV\"}]},{\"@type\":\"WebSite\",\"@id\":\"https:\\\/\\\/shop.bantam.ch\\\/de\\\/#website\",\"url\":\"https:\\\/\\\/shop.bantam.ch\\\/de\\\/\",\"name\":\"Bantam\",\"description\":\"\",\"publisher\":{\"@id\":\"https:\\\/\\\/shop.bantam.ch\\\/de\\\/#organization\"},\"inLanguage\":\"de\"},{\"@type\":\"Organization\",\"@id\":\"https:\\\/\\\/shop.bantam.ch\\\/de\\\/#organization\",\"name\":\"Bantam\",\"url\":\"https:\\\/\\\/shop.bantam.ch\\\/de\\\/\",\"logo\":{\"@type\":\"ImageObject\",\"inLanguage\":\"de\",\"@id\":\"https:\\\/\\\/shop.bantam.ch\\\/de\\\/#\\\/schema\\\/logo\\\/image\\\/\",\"url\":\"https:\\\/\\\/shop.bantam.ch\\\/wp-content\\\/uploads\\\/2022\\\/12\\\/bantam-logo.png\",\"contentUrl\":\"https:\\\/\\\/shop.bantam.ch\\\/wp-content\\\/uploads\\\/2022\\\/12\\\/bantam-logo.png\",\"width\":320,\"height\":71,\"caption\":\"Bantam\"},\"image\":{\"@id\":\"https:\\\/\\\/shop.bantam.ch\\\/de\\\/#\\\/schema\\\/logo\\\/image\\\/\"}}]}<\/script>\n<!-- \/ Yoast SEO plugin. -->","yoast_head_json":{"title":"Smart TV Full HD Inovtech 24-Zoll-HD-Smart-TV - Bantam","robots":{"index":"index","follow":"follow","max-snippet":"max-snippet:-1","max-image-preview":"max-image-preview:large","max-video-preview":"max-video-preview:-1"},"canonical":"https:\/\/shop.bantam.ch\/de\/produkt\/smart-tv-full-hd-inovtech-24-zoll-hd-smart-tv\/","og_locale":"de_DE","og_type":"article","og_title":"Smart TV Full HD Inovtech 24-Zoll-HD-Smart-TV - Bantam","og_description":"Die SMART-TV-Ger\u00e4te Inovtech mit Full-HD wurden entwickelt, um den Zugang zu Ihren Favoriten unter den Multimedia-Apps \u00fcber eine Internet-Verbindung oder einen WLAN-Zugang zu erleichtern. Sie funktionieren mit Android 9.0 und genau wie auf Ihrem Smartphone k\u00f6nnen Sie Apps wie Youtube, Facebook, Twitter, Netflix und Molotov herunterladen und jederzeit benutzen! Das mit dem Bluetooth-System 4.2 ausgestattete [&hellip;]","og_url":"https:\/\/shop.bantam.ch\/de\/produkt\/smart-tv-full-hd-inovtech-24-zoll-hd-smart-tv\/","og_site_name":"Bantam","article_modified_time":"2026-05-11T20:30:06+00:00","og_image":[{"width":455,"height":460,"url":"https:\/\/shop.bantam.ch\/wp-content\/uploads\/2023\/04\/77323003.jpg","type":"image\/jpeg"}],"twitter_card":"summary_large_image","twitter_misc":{"Gesch\u00e4tzte Lesezeit":"1\u00a0Minute"},"schema":{"@context":"https:\/\/schema.org","@graph":[{"@type":"WebPage","@id":"https:\/\/shop.bantam.ch\/de\/produkt\/smart-tv-full-hd-inovtech-24-zoll-hd-smart-tv\/","url":"https:\/\/shop.bantam.ch\/de\/produkt\/smart-tv-full-hd-inovtech-24-zoll-hd-smart-tv\/","name":"Smart TV Full HD Inovtech 24-Zoll-HD-Smart-TV - Bantam","isPartOf":{"@id":"https:\/\/shop.bantam.ch\/de\/#website"},"primaryImageOfPage":{"@id":"https:\/\/shop.bantam.ch\/de\/produkt\/smart-tv-full-hd-inovtech-24-zoll-hd-smart-tv\/#primaryimage"},"image":{"@id":"https:\/\/shop.bantam.ch\/de\/produkt\/smart-tv-full-hd-inovtech-24-zoll-hd-smart-tv\/#primaryimage"},"thumbnailUrl":"https:\/\/shop.bantam.ch\/wp-content\/uploads\/2023\/04\/77323003.jpg","datePublished":"2023-04-17T09:19:01+00:00","dateModified":"2026-05-11T20:30:06+00:00","breadcrumb":{"@id":"https:\/\/shop.bantam.ch\/de\/produkt\/smart-tv-full-hd-inovtech-24-zoll-hd-smart-tv\/#breadcrumb"},"inLanguage":"de","potentialAction":[{"@type":"ReadAction","target":["https:\/\/shop.bantam.ch\/de\/produkt\/smart-tv-full-hd-inovtech-24-zoll-hd-smart-tv\/"]}]},{"@type":"ImageObject","inLanguage":"de","@id":"https:\/\/shop.bantam.ch\/de\/produkt\/smart-tv-full-hd-inovtech-24-zoll-hd-smart-tv\/#primaryimage","url":"https:\/\/shop.bantam.ch\/wp-content\/uploads\/2023\/04\/77323003.jpg","contentUrl":"https:\/\/shop.bantam.ch\/wp-content\/uploads\/2023\/04\/77323003.jpg","width":455,"height":460},{"@type":"BreadcrumbList","@id":"https:\/\/shop.bantam.ch\/de\/produkt\/smart-tv-full-hd-inovtech-24-zoll-hd-smart-tv\/#breadcrumb","itemListElement":[{"@type":"ListItem","position":1,"name":"Accueil","item":"https:\/\/shop.bantam.ch\/de\/"},{"@type":"ListItem","position":2,"name":"Shop","item":"https:\/\/shop.bantam.ch\/de\/shop\/"},{"@type":"ListItem","position":3,"name":"Smart TV Full HD Inovtech 24-Zoll-HD-Smart-TV"}]},{"@type":"WebSite","@id":"https:\/\/shop.bantam.ch\/de\/#website","url":"https:\/\/shop.bantam.ch\/de\/","name":"Bantam","description":"","publisher":{"@id":"https:\/\/shop.bantam.ch\/de\/#organization"},"inLanguage":"de"},{"@type":"Organization","@id":"https:\/\/shop.bantam.ch\/de\/#organization","name":"Bantam","url":"https:\/\/shop.bantam.ch\/de\/","logo":{"@type":"ImageObject","inLanguage":"de","@id":"https:\/\/shop.bantam.ch\/de\/#\/schema\/logo\/image\/","url":"https:\/\/shop.bantam.ch\/wp-content\/uploads\/2022\/12\/bantam-logo.png","contentUrl":"https:\/\/shop.bantam.ch\/wp-content\/uploads\/2022\/12\/bantam-logo.png","width":320,"height":71,"caption":"Bantam"},"image":{"@id":"https:\/\/shop.bantam.ch\/de\/#\/schema\/logo\/image\/"}}]}},"_links":{"self":[{"href":"https:\/\/shop.bantam.ch\/de\/wp-json\/wp\/v2\/product\/168453","targetHints":{"allow":["GET"]}}],"collection":[{"href":"https:\/\/shop.bantam.ch\/de\/wp-json\/wp\/v2\/product"}],"about":[{"href":"https:\/\/shop.bantam.ch\/de\/wp-json\/wp\/v2\/types\/product"}],"wp:featuredmedia":[{"embeddable":true,"href":"https:\/\/shop.bantam.ch\/de\/wp-json\/wp\/v2\/media\/168451"}],"wp:attachment":[{"href":"https:\/\/shop.bantam.ch\/de\/wp-json\/wp\/v2\/media?parent=168453"}],"wp:term":[{"taxonomy":"product_featured_cat","embeddable":true,"href":"https:\/\/shop.bantam.ch\/de\/wp-json\/wp\/v2\/product_featured_cat?post=168453"},{"taxonomy":"product_brand","embeddable":true,"href":"https:\/\/shop.bantam.ch\/de\/wp-json\/wp\/v2\/product_brand?post=168453"},{"taxonomy":"product_cat","embeddable":true,"href":"https:\/\/shop.bantam.ch\/de\/wp-json\/wp\/v2\/product_cat?post=168453"},{"taxonomy":"product_tag","embeddable":true,"href":"https:\/\/shop.bantam.ch\/de\/wp-json\/wp\/v2\/product_tag?post=168453"}],"curies":[{"name":"wp","href":"https:\/\/api.w.org\/{rel}","templated":true}]}}