{"id":168379,"date":"2023-04-14T14:53:33","date_gmt":"2023-04-14T12:53:33","guid":{"rendered":"https:\/\/shop.bantam.ch\/produit\/grauer-kompressionskuehler\/"},"modified":"2026-04-19T00:41:39","modified_gmt":"2026-04-18T22:41:39","slug":"grauer-kompressionskuehler","status":"publish","type":"product","link":"https:\/\/shop.bantam.ch\/de\/produkt\/grauer-kompressionskuehler\/","title":{"rendered":"Kompressionsk\u00fchler"},"content":{"rendered":"<p>Diese robuste, besondere Abenteurer-K\u00fchlbox begleitet Sie auf all Ihren Reisen, indem sie Erfrischungen, verderbliche Lebensmittel und Tiefk\u00fchlprodukte k\u00fchl h\u00e4lt!<\/p>\n<p>Seine K\u00fchlleistung h\u00e4ngt nicht von der Au\u00dfentemperatur ab, sodass er selbst bei sehr hei\u00dfen Bedingungen zwischen 20 \u00b0C und -20 \u00b0C effektiv k\u00fchlen und gefrieren kann!<\/p>\n<p>Einsteckbar in eine Feuerzeugsteckdose 12\/24 V DC-Zigarre oder 230-V-Steckdose (Adapter separat erh\u00e4ltlich).<\/p>\n<p>Eine kompakte und intuitive LCD-Oberfl\u00e4che erm\u00f6glicht Ihnen eine einfache Steuerung und \u00dcberwachung von Temperatur und Batteriestatus.<\/p>\n<p>Ein USB-Anschluss befindet sich an der Oberfl\u00e4che, Sie k\u00f6nnen Ihre tragbaren Ger\u00e4te einfach aufladen.&lt; \/p&gt;<\/p>\n<p>Die K\u00fchlbox verf\u00fcgt \u00fcber a Robuste, kratzfeste Metallkonstruktion.<\/p>\n<p>Au\u00dferdem erleichtert eine Ablassschraube am Boden des K\u00fchlers die Reinigung.<\/p>\n<p>Die kleinen Extras f\u00fcr noch mehr Komfort:<\/p>\n<p>Flacher Deckel mit Aussparung f\u00fcr 4 Gl\u00e4ser und eine rechteckige Schale.<br \/>\nVerst\u00e4rkung an allen vier Seiten der K\u00fchlbox.&lt; \/li&gt;<br \/>\nZwei K\u00fchlmodi: Max (schnelles Abk\u00fchlen) und Eco (Energiesparen).<br \/>\nZwei feste Griffe an den Seiten erm\u00f6glichen ein leichtes Bewegen der K\u00fchlbox.<br \/>\nDie kleinen Extras f\u00fcr noch mehr Komfort: &lt; \/p&gt;<\/p>\n<p>Flacher Deckel mit Aussparung f\u00fcr 4 Gl\u00e4ser und eine rechteckige Schale.<br \/>\nVerst\u00e4rkungen an den vier Seiten des K\u00fchlers.<br \/>\nZwei K\u00fchlmodi: Max (schnelle K\u00fchlung) und Eco (Energiesparen).<br \/>\nZwei feste Griffe an den Seiten erm\u00f6glichen es Ihnen, die K\u00fchlbox leicht zu bewegen.<br \/>\nDiese robuste K\u00fchlbox wird zum besonderen Abenteurer begleiten Sie auf all Ihren Wegen mit k\u00fchlen Erfrischungen, verderblichen Lebensmitteln und Tiefk\u00fchlprodukten!<\/p>\n<p>Zwei feste Griffe an den Seiten erm\u00f6glichen ein leichtes Bewegen der K\u00fchlbox.<br \/>\nDie kleinen Extras f\u00fcr noch mehr Komfort:<\/p>\n<p>Flacher Deckel mit Aussparung f\u00fcr 4 Gl\u00e4ser und eine rechteckige Schale.<br \/>\nVerst\u00e4rkungen an den vier Seiten des K\u00fchlers.<br \/>\nZwei K\u00fchlmodi: Max (schnell K\u00fchlen) und Eco (Energiesparen).<br \/>\nZwei feste Griffe an den Seiten erm\u00f6glichen Ihnen, die K\u00fchlbox leicht zu bewegen.<br \/>\nDieser besonders robuste K\u00fchlbox-Abenteurer wird Sie begleiten Erfrischungen, verderbliche Lebensmittel und Tiefk\u00fchlprodukte sorgen f\u00fcr Abk\u00fchlung auf allen Reisen!<\/p>\n<p>Zwei feste Griffe an den Seiten erm\u00f6glichen ein leichtes Bewegen der K\u00fchlbox.<br \/>\nDie kleinen Extras f\u00fcr noch mehr Komfort:<\/p>\n<p>Flacher Deckel mit Aussparung f\u00fcr 4 Gl\u00e4ser und eine rechteckige Schale.<br \/>\nVerst\u00e4rkungen an den vier Seiten des K\u00fchlers.<br \/>\nZwei K\u00fchlmodi: Max (schnell K\u00fchlen) und Eco (Energiesparen).<br \/>\nZwei feste Griffe an den Seiten erm\u00f6glichen Ihnen, die K\u00fchlbox leicht zu bewegen.<br \/>\nDieser besonders robuste K\u00fchlbox-Abenteurer wird Sie begleiten Erfrischungen, verderbliche Lebensmittel und Tiefk\u00fchlprodukte sorgen f\u00fcr Abk\u00fchlung auf allen Reisen!<\/p>\n<p>Die kleinen Extras f\u00fcr noch mehr Komfort:<\/p>\n<p>Flacher Deckel mit Aussparung zum Abstellen von 4 Gl\u00e4sern und eine rechteckige Schale.<br \/>\nVerst\u00e4rkung an den vier Seiten des K\u00fchlers.<br \/>\nZwei K\u00fchlmodi: Max (schnelles Abk\u00fchlen) und Eco (Energiesparen).<br \/>\nZwei feste Griffe an den Seiten erm\u00f6glichen ein leichtes Bewegen der K\u00fchlbox.<br \/>\nDiese robuste, besondere Abenteurer-K\u00fchlbox begleitet Sie auf all Ihren Reisen, indem sie Erfrischungen, verderbliche Lebensmittel und Tiefk\u00fchlkost k\u00fchl h\u00e4lt Produkte!<\/p>\n<p>Die kleinen Extras f\u00fcr noch mehr Komfort:<\/p>\n<p>Flacher Deckel mit Aussparung zum Abstellen von 4 Gl\u00e4sern und eine rechteckige Schale.<br \/>\nVerst\u00e4rkung an den vier Seiten des K\u00fchlers.<br \/>\nZwei K\u00fchlmodi: Max (schnelles Abk\u00fchlen) und Eco (Energiesparen).<br \/>\nZwei feste Griffe an den Seiten erm\u00f6glichen ein leichtes Bewegen der K\u00fchlbox.<br \/>\nDiese robuste, besondere Abenteurer-K\u00fchlbox begleitet Sie auf all Ihren Reisen, indem sie Erfrischungen, verderbliche Lebensmittel und Tiefk\u00fchlkost k\u00fchl h\u00e4lt Produkte!<\/p>\n<p>Flacher Deckel mit Aussparung f\u00fcr 4 Gl\u00e4ser und eine rechteckige Schale.<br \/>\nVerst\u00e4rkung an den vier Seiten des K\u00fchlers.<br \/>\nZwei K\u00fchlmodi: Max (Schnellk\u00fchlung) und Eco (Energiesparen).<br \/>\nZwei feste Griffe an den Seiten erm\u00f6glichen Ihnen, die K\u00fchlbox leicht zu bewegen.<br \/>\nDiese robuste K\u00fchlbox als besonderer Abenteurer wird Sie auf all Ihren Reisen begleiten Reise durch die Aufbewahrung von kalten Erfrischungen, verderblichen Lebensmitteln und Tiefk\u00fchlprodukten!<\/p>\n<p>Flacher Deckel mit Aussparung f\u00fcr 4 Gl\u00e4ser und eine rechteckige Schale.<br \/>\nVerst\u00e4rkung an den vier Seiten des K\u00fchlers.<br \/>\nZwei K\u00fchlmodi: Max (Schnellk\u00fchlung) und Eco (Energiesparen).<br \/>\nZwei feste Griffe an den Seiten erm\u00f6glichen Ihnen, die K\u00fchlbox leicht zu bewegen.<br \/>\nDiese robuste K\u00fchlbox als besonderer Abenteurer wird Sie auf all Ihren Reisen begleiten Reise durch die Aufbewahrung von kalten Erfrischungen, verderblichen Lebensmitteln und Tiefk\u00fchlprodukten!<\/p>\n<p>Zwei feste Griffe an den Seiten erm\u00f6glichen ein leichtes Bewegen der K\u00fchlbox.<br \/>\nDiese robuste, spezielle Backpacker-K\u00fchlbox begleitet dich auf all deinen Reisen, indem sie dich k\u00fchl h\u00e4lt Erfrischungen, verderbliche Lebensmittel und Tiefk\u00fchlprodukte!<\/p>\n<p>Zwei feste Griffe an den Seiten erm\u00f6glichen ein leichtes Bewegen der K\u00fchlbox.<br \/>\nDiese robuste, spezielle Backpacker-K\u00fchlbox begleitet dich auf all deinen Reisen, indem sie dich k\u00fchl h\u00e4lt Erfrischungen, verderbliche Lebensmittel und Tiefk\u00fchlprodukte!&#8220;<\/p>\n","protected":false},"excerpt":{"rendered":"<p>Diese robuste, besondere Abenteurer-K\u00fchlbox begleitet Sie auf all Ihren Reisen, indem sie Erfrischungen, verderbliche Lebensmittel und Tiefk\u00fchlprodukte k\u00fchl h\u00e4lt! Seine K\u00fchlleistung h\u00e4ngt nicht von der Au\u00dfentemperatur ab, sodass er selbst bei sehr hei\u00dfen Bedingungen zwischen 20 \u00b0C und -20 \u00b0C effektiv k\u00fchlen und gefrieren kann! Einsteckbar in eine Feuerzeugsteckdose 12\/24 V DC-Zigarre oder 230-V-Steckdose (Adapter [&hellip;]<\/p>\n","protected":false},"featured_media":168361,"template":"","meta":{"_acf_changed":false},"product_featured_cat":[],"product_brand":[3677],"product_cat":[5164],"product_tag":[],"class_list":{"0":"post-168379","1":"product","2":"type-product","3":"status-publish","4":"has-post-thumbnail","6":"product_brand-eza-de","7":"product_cat-kuehlboxen-kuehlen-heizen","9":"first","10":"instock","11":"taxable","12":"shipping-taxable","13":"purchasable","14":"product-type-variable"},"acf":[],"yoast_head":"<!-- This site is optimized with the Yoast SEO plugin v27.4 - https:\/\/yoast.com\/product\/yoast-seo-wordpress\/ -->\n<title>Kompressionsk\u00fchler - Bantam Camping AG<\/title>\n<meta name=\"robots\" content=\"index, follow, max-snippet:-1, max-image-preview:large, max-video-preview:-1\" \/>\n<link rel=\"canonical\" href=\"https:\/\/shop.bantam.ch\/de\/produkt\/grauer-kompressionskuehler\/\" \/>\n<meta property=\"og:locale\" content=\"de_DE\" \/>\n<meta property=\"og:type\" content=\"article\" \/>\n<meta property=\"og:title\" content=\"Kompressionsk\u00fchler - Bantam Camping AG\" \/>\n<meta property=\"og:description\" content=\"Diese robuste, besondere Abenteurer-K\u00fchlbox begleitet Sie auf all Ihren Reisen, indem sie Erfrischungen, verderbliche Lebensmittel und Tiefk\u00fchlprodukte k\u00fchl h\u00e4lt! Seine K\u00fchlleistung h\u00e4ngt nicht von der Au\u00dfentemperatur ab, sodass er selbst bei sehr hei\u00dfen Bedingungen zwischen 20 \u00b0C und -20 \u00b0C effektiv k\u00fchlen und gefrieren kann! Einsteckbar in eine Feuerzeugsteckdose 12\/24 V DC-Zigarre oder 230-V-Steckdose (Adapter [&hellip;]\" \/>\n<meta property=\"og:url\" content=\"https:\/\/shop.bantam.ch\/de\/produkt\/grauer-kompressionskuehler\/\" \/>\n<meta property=\"og:site_name\" content=\"Bantam Camping AG\" \/>\n<meta property=\"article:modified_time\" content=\"2026-04-18T22:41:39+00:00\" \/>\n<meta property=\"og:image\" content=\"https:\/\/shop.bantam.ch\/wp-content\/uploads\/2023\/04\/773230132.jpg\" \/>\n\t<meta property=\"og:image:width\" content=\"455\" \/>\n\t<meta property=\"og:image:height\" content=\"460\" \/>\n\t<meta property=\"og:image:type\" content=\"image\/jpeg\" \/>\n<meta name=\"twitter:card\" content=\"summary_large_image\" \/>\n<meta name=\"twitter:label1\" content=\"Gesch\u00e4tzte Lesezeit\" \/>\n\t<meta name=\"twitter:data1\" content=\"4\u00a0Minuten\" \/>\n<script type=\"application\/ld+json\" class=\"yoast-schema-graph\">{\"@context\":\"https:\\\/\\\/schema.org\",\"@graph\":[{\"@type\":\"WebPage\",\"@id\":\"https:\\\/\\\/shop.bantam.ch\\\/de\\\/produkt\\\/grauer-kompressionskuehler\\\/\",\"url\":\"https:\\\/\\\/shop.bantam.ch\\\/de\\\/produkt\\\/grauer-kompressionskuehler\\\/\",\"name\":\"Kompressionsk\u00fchler - Bantam Camping AG\",\"isPartOf\":{\"@id\":\"https:\\\/\\\/shop.bantam.ch\\\/de\\\/#website\"},\"primaryImageOfPage\":{\"@id\":\"https:\\\/\\\/shop.bantam.ch\\\/de\\\/produkt\\\/grauer-kompressionskuehler\\\/#primaryimage\"},\"image\":{\"@id\":\"https:\\\/\\\/shop.bantam.ch\\\/de\\\/produkt\\\/grauer-kompressionskuehler\\\/#primaryimage\"},\"thumbnailUrl\":\"https:\\\/\\\/shop.bantam.ch\\\/wp-content\\\/uploads\\\/2023\\\/04\\\/773230132.jpg\",\"datePublished\":\"2023-04-14T12:53:33+00:00\",\"dateModified\":\"2026-04-18T22:41:39+00:00\",\"breadcrumb\":{\"@id\":\"https:\\\/\\\/shop.bantam.ch\\\/de\\\/produkt\\\/grauer-kompressionskuehler\\\/#breadcrumb\"},\"inLanguage\":\"de\",\"potentialAction\":[{\"@type\":\"ReadAction\",\"target\":[\"https:\\\/\\\/shop.bantam.ch\\\/de\\\/produkt\\\/grauer-kompressionskuehler\\\/\"]}]},{\"@type\":\"ImageObject\",\"inLanguage\":\"de\",\"@id\":\"https:\\\/\\\/shop.bantam.ch\\\/de\\\/produkt\\\/grauer-kompressionskuehler\\\/#primaryimage\",\"url\":\"https:\\\/\\\/shop.bantam.ch\\\/wp-content\\\/uploads\\\/2023\\\/04\\\/773230132.jpg\",\"contentUrl\":\"https:\\\/\\\/shop.bantam.ch\\\/wp-content\\\/uploads\\\/2023\\\/04\\\/773230132.jpg\",\"width\":455,\"height\":460},{\"@type\":\"BreadcrumbList\",\"@id\":\"https:\\\/\\\/shop.bantam.ch\\\/de\\\/produkt\\\/grauer-kompressionskuehler\\\/#breadcrumb\",\"itemListElement\":[{\"@type\":\"ListItem\",\"position\":1,\"name\":\"Accueil\",\"item\":\"https:\\\/\\\/shop.bantam.ch\\\/de\\\/\"},{\"@type\":\"ListItem\",\"position\":2,\"name\":\"Shop\",\"item\":\"https:\\\/\\\/shop.bantam.ch\\\/de\\\/shop\\\/\"},{\"@type\":\"ListItem\",\"position\":3,\"name\":\"Kompressionsk\u00fchler\"}]},{\"@type\":\"WebSite\",\"@id\":\"https:\\\/\\\/shop.bantam.ch\\\/de\\\/#website\",\"url\":\"https:\\\/\\\/shop.bantam.ch\\\/de\\\/\",\"name\":\"Bantam Camping AG\",\"description\":\"\",\"publisher\":{\"@id\":\"https:\\\/\\\/shop.bantam.ch\\\/de\\\/#organization\"},\"inLanguage\":\"de\"},{\"@type\":\"Organization\",\"@id\":\"https:\\\/\\\/shop.bantam.ch\\\/de\\\/#organization\",\"name\":\"Bantam Camping AG\",\"url\":\"https:\\\/\\\/shop.bantam.ch\\\/de\\\/\",\"logo\":{\"@type\":\"ImageObject\",\"inLanguage\":\"de\",\"@id\":\"https:\\\/\\\/shop.bantam.ch\\\/de\\\/#\\\/schema\\\/logo\\\/image\\\/\",\"url\":\"https:\\\/\\\/shop.bantam.ch\\\/wp-content\\\/uploads\\\/2022\\\/12\\\/bantam-logo.png\",\"contentUrl\":\"https:\\\/\\\/shop.bantam.ch\\\/wp-content\\\/uploads\\\/2022\\\/12\\\/bantam-logo.png\",\"width\":320,\"height\":71,\"caption\":\"Bantam Camping AG\"},\"image\":{\"@id\":\"https:\\\/\\\/shop.bantam.ch\\\/de\\\/#\\\/schema\\\/logo\\\/image\\\/\"}}]}<\/script>\n<!-- \/ Yoast SEO plugin. -->","yoast_head_json":{"title":"Kompressionsk\u00fchler - Bantam Camping AG","robots":{"index":"index","follow":"follow","max-snippet":"max-snippet:-1","max-image-preview":"max-image-preview:large","max-video-preview":"max-video-preview:-1"},"canonical":"https:\/\/shop.bantam.ch\/de\/produkt\/grauer-kompressionskuehler\/","og_locale":"de_DE","og_type":"article","og_title":"Kompressionsk\u00fchler - Bantam Camping AG","og_description":"Diese robuste, besondere Abenteurer-K\u00fchlbox begleitet Sie auf all Ihren Reisen, indem sie Erfrischungen, verderbliche Lebensmittel und Tiefk\u00fchlprodukte k\u00fchl h\u00e4lt! Seine K\u00fchlleistung h\u00e4ngt nicht von der Au\u00dfentemperatur ab, sodass er selbst bei sehr hei\u00dfen Bedingungen zwischen 20 \u00b0C und -20 \u00b0C effektiv k\u00fchlen und gefrieren kann! Einsteckbar in eine Feuerzeugsteckdose 12\/24 V DC-Zigarre oder 230-V-Steckdose (Adapter [&hellip;]","og_url":"https:\/\/shop.bantam.ch\/de\/produkt\/grauer-kompressionskuehler\/","og_site_name":"Bantam Camping AG","article_modified_time":"2026-04-18T22:41:39+00:00","og_image":[{"width":455,"height":460,"url":"https:\/\/shop.bantam.ch\/wp-content\/uploads\/2023\/04\/773230132.jpg","type":"image\/jpeg"}],"twitter_card":"summary_large_image","twitter_misc":{"Gesch\u00e4tzte Lesezeit":"4\u00a0Minuten"},"schema":{"@context":"https:\/\/schema.org","@graph":[{"@type":"WebPage","@id":"https:\/\/shop.bantam.ch\/de\/produkt\/grauer-kompressionskuehler\/","url":"https:\/\/shop.bantam.ch\/de\/produkt\/grauer-kompressionskuehler\/","name":"Kompressionsk\u00fchler - Bantam Camping AG","isPartOf":{"@id":"https:\/\/shop.bantam.ch\/de\/#website"},"primaryImageOfPage":{"@id":"https:\/\/shop.bantam.ch\/de\/produkt\/grauer-kompressionskuehler\/#primaryimage"},"image":{"@id":"https:\/\/shop.bantam.ch\/de\/produkt\/grauer-kompressionskuehler\/#primaryimage"},"thumbnailUrl":"https:\/\/shop.bantam.ch\/wp-content\/uploads\/2023\/04\/773230132.jpg","datePublished":"2023-04-14T12:53:33+00:00","dateModified":"2026-04-18T22:41:39+00:00","breadcrumb":{"@id":"https:\/\/shop.bantam.ch\/de\/produkt\/grauer-kompressionskuehler\/#breadcrumb"},"inLanguage":"de","potentialAction":[{"@type":"ReadAction","target":["https:\/\/shop.bantam.ch\/de\/produkt\/grauer-kompressionskuehler\/"]}]},{"@type":"ImageObject","inLanguage":"de","@id":"https:\/\/shop.bantam.ch\/de\/produkt\/grauer-kompressionskuehler\/#primaryimage","url":"https:\/\/shop.bantam.ch\/wp-content\/uploads\/2023\/04\/773230132.jpg","contentUrl":"https:\/\/shop.bantam.ch\/wp-content\/uploads\/2023\/04\/773230132.jpg","width":455,"height":460},{"@type":"BreadcrumbList","@id":"https:\/\/shop.bantam.ch\/de\/produkt\/grauer-kompressionskuehler\/#breadcrumb","itemListElement":[{"@type":"ListItem","position":1,"name":"Accueil","item":"https:\/\/shop.bantam.ch\/de\/"},{"@type":"ListItem","position":2,"name":"Shop","item":"https:\/\/shop.bantam.ch\/de\/shop\/"},{"@type":"ListItem","position":3,"name":"Kompressionsk\u00fchler"}]},{"@type":"WebSite","@id":"https:\/\/shop.bantam.ch\/de\/#website","url":"https:\/\/shop.bantam.ch\/de\/","name":"Bantam Camping AG","description":"","publisher":{"@id":"https:\/\/shop.bantam.ch\/de\/#organization"},"inLanguage":"de"},{"@type":"Organization","@id":"https:\/\/shop.bantam.ch\/de\/#organization","name":"Bantam Camping AG","url":"https:\/\/shop.bantam.ch\/de\/","logo":{"@type":"ImageObject","inLanguage":"de","@id":"https:\/\/shop.bantam.ch\/de\/#\/schema\/logo\/image\/","url":"https:\/\/shop.bantam.ch\/wp-content\/uploads\/2022\/12\/bantam-logo.png","contentUrl":"https:\/\/shop.bantam.ch\/wp-content\/uploads\/2022\/12\/bantam-logo.png","width":320,"height":71,"caption":"Bantam Camping AG"},"image":{"@id":"https:\/\/shop.bantam.ch\/de\/#\/schema\/logo\/image\/"}}]}},"_links":{"self":[{"href":"https:\/\/shop.bantam.ch\/de\/wp-json\/wp\/v2\/product\/168379","targetHints":{"allow":["GET"]}}],"collection":[{"href":"https:\/\/shop.bantam.ch\/de\/wp-json\/wp\/v2\/product"}],"about":[{"href":"https:\/\/shop.bantam.ch\/de\/wp-json\/wp\/v2\/types\/product"}],"wp:featuredmedia":[{"embeddable":true,"href":"https:\/\/shop.bantam.ch\/de\/wp-json\/wp\/v2\/media\/168361"}],"wp:attachment":[{"href":"https:\/\/shop.bantam.ch\/de\/wp-json\/wp\/v2\/media?parent=168379"}],"wp:term":[{"taxonomy":"product_featured_cat","embeddable":true,"href":"https:\/\/shop.bantam.ch\/de\/wp-json\/wp\/v2\/product_featured_cat?post=168379"},{"taxonomy":"product_brand","embeddable":true,"href":"https:\/\/shop.bantam.ch\/de\/wp-json\/wp\/v2\/product_brand?post=168379"},{"taxonomy":"product_cat","embeddable":true,"href":"https:\/\/shop.bantam.ch\/de\/wp-json\/wp\/v2\/product_cat?post=168379"},{"taxonomy":"product_tag","embeddable":true,"href":"https:\/\/shop.bantam.ch\/de\/wp-json\/wp\/v2\/product_tag?post=168379"}],"curies":[{"name":"wp","href":"https:\/\/api.w.org\/{rel}","templated":true}]}}