{"id":167973,"date":"2023-03-29T13:13:20","date_gmt":"2023-03-29T11:13:20","guid":{"rendered":"https:\/\/shop.bantam.ch\/produit\/kompressorkuehlbox-mt\/"},"modified":"2026-05-03T00:31:23","modified_gmt":"2026-05-02T22:31:23","slug":"kompressorkuehlbox-mt","status":"publish","type":"product","link":"https:\/\/shop.bantam.ch\/de\/produkt\/kompressorkuehlbox-mt\/","title":{"rendered":"Kompressork\u00fchlbox MT"},"content":{"rendered":"<p>Die neueste Generation der ENGEL-Schwingkompressoren ist noch leiser,noch effizienter und noch geringer im Stromverbrauch Der ENGEL-Kompressor ist der Einzige am Markt, der ausschlie\u00dflich f\u00fcr den mobilen Einsatz entwickelt wurde. Speziell beim konzipierten Einsatz an einer Batterie kommen seine Vorteile hinsichtlich seines geringen Anlaufstromes voll zur Geltung. Dies bewirkt unter gleichen Einsatzbedingungen, gleichen Batterien und speziell bei Normalk\u00fchlung, dh. einem Temperaturbereich von +5\u00b0C, eine im Vergleich zu anderen Kompressortypen l\u00e4ngere Einsatzm\u00f6glichkeit.<\/p>\n<ul>\n<li>Extrem niedriger Stromverbrauch (32 W)<\/li>\n<li>H\u00e4lt 30% l\u00e4nger an gleicher Stromquelle als vergleichbare Ger\u00e4te<\/li>\n<li>Kein erh\u00f6hter Anlaufstrom beim Einschalten<\/li>\n<li>Kein erh\u00f6hter Stromverbrauch selbst bei extremsten Au\u00dfentemperaturen und Eins\u00e4tzen<\/li>\n<li>Maximaler Temperaturabfall zwischen den Ein\/Aus Zyklen von 1 &#8211; 2 Grad (unabh\u00e4ngig von der Au\u00dfentemperatur)<\/li>\n<li>Besonders geeignet f\u00fcr den Einsatz im medizinischen-, pharmazeutischen Bereich und Labor<\/li>\n<li>Legend\u00e4re Lebensdauer bis zu 30 Jahre und l\u00e4nger<\/li>\n<li>Besonders geeignet f\u00fcr den Solarbetrieb<\/li>\n<li>100% wartungsfrei<\/li>\n<li>PU-Isolierung FCKW\/FKW-frei<\/li>\n<li>Einfache Reinigung durch glatte Oberfl\u00e4chen<\/li>\n<li>Unempfindlich bei Ersch\u00fctterungen, Schl\u00e4gen und in Schr\u00e4glage<\/li>\n<li>1\/3 mehr Inhalt durch au\u00dferhalb des K\u00fchlfaches angebrachten K\u00fchlaggregates<\/li>\n<li>Volle Funktion auch bei Au\u00dfentemperaturen von 50 Grad und h\u00f6her<\/li>\n<li>5 Jahre Garantie<\/li>\n<\/ul>\n","protected":false},"excerpt":{"rendered":"<p>Die neueste Generation der ENGEL-Schwingkompressoren ist noch leiser,noch effizienter und noch geringer im Stromverbrauch Der ENGEL-Kompressor ist der Einzige am Markt, der ausschlie\u00dflich f\u00fcr den mobilen Einsatz entwickelt wurde. Speziell beim konzipierten Einsatz an einer Batterie kommen seine Vorteile hinsichtlich seines geringen Anlaufstromes voll zur Geltung. Dies bewirkt unter gleichen Einsatzbedingungen, gleichen Batterien und speziell [&hellip;]<\/p>\n","protected":false},"featured_media":167957,"template":"","meta":{"_acf_changed":false},"product_featured_cat":[5301],"product_brand":[3773],"product_cat":[4546],"product_tag":[],"class_list":{"0":"post-167973","1":"product","2":"type-product","3":"status-publish","4":"has-post-thumbnail","6":"product_featured_cat-promotions-etagnieres-fr","7":"product_brand-engel-de","8":"product_cat-kompressor-kuehlboxen-kuehlboxen","10":"first","11":"instock","12":"sale","13":"taxable","14":"shipping-taxable","15":"purchasable","16":"product-type-variable"},"acf":[],"yoast_head":"<!-- This site is optimized with the Yoast SEO plugin v27.5 - https:\/\/yoast.com\/product\/yoast-seo-wordpress\/ -->\n<title>Kompressork\u00fchlbox MT - Bantam<\/title>\n<meta name=\"robots\" content=\"index, follow, max-snippet:-1, max-image-preview:large, max-video-preview:-1\" \/>\n<link rel=\"canonical\" href=\"https:\/\/shop.bantam.ch\/de\/produkt\/kompressorkuehlbox-mt\/\" \/>\n<meta property=\"og:locale\" content=\"de_DE\" \/>\n<meta property=\"og:type\" content=\"article\" \/>\n<meta property=\"og:title\" content=\"Kompressork\u00fchlbox MT - Bantam\" \/>\n<meta property=\"og:description\" content=\"Die neueste Generation der ENGEL-Schwingkompressoren ist noch leiser,noch effizienter und noch geringer im Stromverbrauch Der ENGEL-Kompressor ist der Einzige am Markt, der ausschlie\u00dflich f\u00fcr den mobilen Einsatz entwickelt wurde. Speziell beim konzipierten Einsatz an einer Batterie kommen seine Vorteile hinsichtlich seines geringen Anlaufstromes voll zur Geltung. Dies bewirkt unter gleichen Einsatzbedingungen, gleichen Batterien und speziell [&hellip;]\" \/>\n<meta property=\"og:url\" content=\"https:\/\/shop.bantam.ch\/de\/produkt\/kompressorkuehlbox-mt\/\" \/>\n<meta property=\"og:site_name\" content=\"Bantam\" \/>\n<meta property=\"article:modified_time\" content=\"2026-05-02T22:31:23+00:00\" \/>\n<meta property=\"og:image\" content=\"https:\/\/shop.bantam.ch\/wp-content\/uploads\/2023\/03\/994394611-2.gif\" \/>\n\t<meta property=\"og:image:width\" content=\"250\" \/>\n\t<meta property=\"og:image:height\" content=\"224\" \/>\n\t<meta property=\"og:image:type\" content=\"image\/gif\" \/>\n<meta name=\"twitter:card\" content=\"summary_large_image\" \/>\n<meta name=\"twitter:label1\" content=\"Gesch\u00e4tzte Lesezeit\" \/>\n\t<meta name=\"twitter:data1\" content=\"1\u00a0Minute\" \/>\n<script type=\"application\/ld+json\" class=\"yoast-schema-graph\">{\"@context\":\"https:\\\/\\\/schema.org\",\"@graph\":[{\"@type\":\"WebPage\",\"@id\":\"https:\\\/\\\/shop.bantam.ch\\\/de\\\/produkt\\\/kompressorkuehlbox-mt\\\/\",\"url\":\"https:\\\/\\\/shop.bantam.ch\\\/de\\\/produkt\\\/kompressorkuehlbox-mt\\\/\",\"name\":\"Kompressork\u00fchlbox MT - Bantam\",\"isPartOf\":{\"@id\":\"https:\\\/\\\/shop.bantam.ch\\\/de\\\/#website\"},\"primaryImageOfPage\":{\"@id\":\"https:\\\/\\\/shop.bantam.ch\\\/de\\\/produkt\\\/kompressorkuehlbox-mt\\\/#primaryimage\"},\"image\":{\"@id\":\"https:\\\/\\\/shop.bantam.ch\\\/de\\\/produkt\\\/kompressorkuehlbox-mt\\\/#primaryimage\"},\"thumbnailUrl\":\"https:\\\/\\\/shop.bantam.ch\\\/wp-content\\\/uploads\\\/2023\\\/03\\\/994394611-2.gif\",\"datePublished\":\"2023-03-29T11:13:20+00:00\",\"dateModified\":\"2026-05-02T22:31:23+00:00\",\"breadcrumb\":{\"@id\":\"https:\\\/\\\/shop.bantam.ch\\\/de\\\/produkt\\\/kompressorkuehlbox-mt\\\/#breadcrumb\"},\"inLanguage\":\"de\",\"potentialAction\":[{\"@type\":\"ReadAction\",\"target\":[\"https:\\\/\\\/shop.bantam.ch\\\/de\\\/produkt\\\/kompressorkuehlbox-mt\\\/\"]}]},{\"@type\":\"ImageObject\",\"inLanguage\":\"de\",\"@id\":\"https:\\\/\\\/shop.bantam.ch\\\/de\\\/produkt\\\/kompressorkuehlbox-mt\\\/#primaryimage\",\"url\":\"https:\\\/\\\/shop.bantam.ch\\\/wp-content\\\/uploads\\\/2023\\\/03\\\/994394611-2.gif\",\"contentUrl\":\"https:\\\/\\\/shop.bantam.ch\\\/wp-content\\\/uploads\\\/2023\\\/03\\\/994394611-2.gif\",\"width\":250,\"height\":224},{\"@type\":\"BreadcrumbList\",\"@id\":\"https:\\\/\\\/shop.bantam.ch\\\/de\\\/produkt\\\/kompressorkuehlbox-mt\\\/#breadcrumb\",\"itemListElement\":[{\"@type\":\"ListItem\",\"position\":1,\"name\":\"Accueil\",\"item\":\"https:\\\/\\\/shop.bantam.ch\\\/de\\\/\"},{\"@type\":\"ListItem\",\"position\":2,\"name\":\"Shop\",\"item\":\"https:\\\/\\\/shop.bantam.ch\\\/de\\\/shop\\\/\"},{\"@type\":\"ListItem\",\"position\":3,\"name\":\"Kompressork\u00fchlbox MT\"}]},{\"@type\":\"WebSite\",\"@id\":\"https:\\\/\\\/shop.bantam.ch\\\/de\\\/#website\",\"url\":\"https:\\\/\\\/shop.bantam.ch\\\/de\\\/\",\"name\":\"Bantam\",\"description\":\"\",\"publisher\":{\"@id\":\"https:\\\/\\\/shop.bantam.ch\\\/de\\\/#organization\"},\"inLanguage\":\"de\"},{\"@type\":\"Organization\",\"@id\":\"https:\\\/\\\/shop.bantam.ch\\\/de\\\/#organization\",\"name\":\"Bantam\",\"url\":\"https:\\\/\\\/shop.bantam.ch\\\/de\\\/\",\"logo\":{\"@type\":\"ImageObject\",\"inLanguage\":\"de\",\"@id\":\"https:\\\/\\\/shop.bantam.ch\\\/de\\\/#\\\/schema\\\/logo\\\/image\\\/\",\"url\":\"https:\\\/\\\/shop.bantam.ch\\\/wp-content\\\/uploads\\\/2022\\\/12\\\/bantam-logo.png\",\"contentUrl\":\"https:\\\/\\\/shop.bantam.ch\\\/wp-content\\\/uploads\\\/2022\\\/12\\\/bantam-logo.png\",\"width\":320,\"height\":71,\"caption\":\"Bantam\"},\"image\":{\"@id\":\"https:\\\/\\\/shop.bantam.ch\\\/de\\\/#\\\/schema\\\/logo\\\/image\\\/\"}}]}<\/script>\n<!-- \/ Yoast SEO plugin. -->","yoast_head_json":{"title":"Kompressork\u00fchlbox MT - Bantam","robots":{"index":"index","follow":"follow","max-snippet":"max-snippet:-1","max-image-preview":"max-image-preview:large","max-video-preview":"max-video-preview:-1"},"canonical":"https:\/\/shop.bantam.ch\/de\/produkt\/kompressorkuehlbox-mt\/","og_locale":"de_DE","og_type":"article","og_title":"Kompressork\u00fchlbox MT - Bantam","og_description":"Die neueste Generation der ENGEL-Schwingkompressoren ist noch leiser,noch effizienter und noch geringer im Stromverbrauch Der ENGEL-Kompressor ist der Einzige am Markt, der ausschlie\u00dflich f\u00fcr den mobilen Einsatz entwickelt wurde. Speziell beim konzipierten Einsatz an einer Batterie kommen seine Vorteile hinsichtlich seines geringen Anlaufstromes voll zur Geltung. Dies bewirkt unter gleichen Einsatzbedingungen, gleichen Batterien und speziell [&hellip;]","og_url":"https:\/\/shop.bantam.ch\/de\/produkt\/kompressorkuehlbox-mt\/","og_site_name":"Bantam","article_modified_time":"2026-05-02T22:31:23+00:00","og_image":[{"width":250,"height":224,"url":"https:\/\/shop.bantam.ch\/wp-content\/uploads\/2023\/03\/994394611-2.gif","type":"image\/gif"}],"twitter_card":"summary_large_image","twitter_misc":{"Gesch\u00e4tzte Lesezeit":"1\u00a0Minute"},"schema":{"@context":"https:\/\/schema.org","@graph":[{"@type":"WebPage","@id":"https:\/\/shop.bantam.ch\/de\/produkt\/kompressorkuehlbox-mt\/","url":"https:\/\/shop.bantam.ch\/de\/produkt\/kompressorkuehlbox-mt\/","name":"Kompressork\u00fchlbox MT - Bantam","isPartOf":{"@id":"https:\/\/shop.bantam.ch\/de\/#website"},"primaryImageOfPage":{"@id":"https:\/\/shop.bantam.ch\/de\/produkt\/kompressorkuehlbox-mt\/#primaryimage"},"image":{"@id":"https:\/\/shop.bantam.ch\/de\/produkt\/kompressorkuehlbox-mt\/#primaryimage"},"thumbnailUrl":"https:\/\/shop.bantam.ch\/wp-content\/uploads\/2023\/03\/994394611-2.gif","datePublished":"2023-03-29T11:13:20+00:00","dateModified":"2026-05-02T22:31:23+00:00","breadcrumb":{"@id":"https:\/\/shop.bantam.ch\/de\/produkt\/kompressorkuehlbox-mt\/#breadcrumb"},"inLanguage":"de","potentialAction":[{"@type":"ReadAction","target":["https:\/\/shop.bantam.ch\/de\/produkt\/kompressorkuehlbox-mt\/"]}]},{"@type":"ImageObject","inLanguage":"de","@id":"https:\/\/shop.bantam.ch\/de\/produkt\/kompressorkuehlbox-mt\/#primaryimage","url":"https:\/\/shop.bantam.ch\/wp-content\/uploads\/2023\/03\/994394611-2.gif","contentUrl":"https:\/\/shop.bantam.ch\/wp-content\/uploads\/2023\/03\/994394611-2.gif","width":250,"height":224},{"@type":"BreadcrumbList","@id":"https:\/\/shop.bantam.ch\/de\/produkt\/kompressorkuehlbox-mt\/#breadcrumb","itemListElement":[{"@type":"ListItem","position":1,"name":"Accueil","item":"https:\/\/shop.bantam.ch\/de\/"},{"@type":"ListItem","position":2,"name":"Shop","item":"https:\/\/shop.bantam.ch\/de\/shop\/"},{"@type":"ListItem","position":3,"name":"Kompressork\u00fchlbox MT"}]},{"@type":"WebSite","@id":"https:\/\/shop.bantam.ch\/de\/#website","url":"https:\/\/shop.bantam.ch\/de\/","name":"Bantam","description":"","publisher":{"@id":"https:\/\/shop.bantam.ch\/de\/#organization"},"inLanguage":"de"},{"@type":"Organization","@id":"https:\/\/shop.bantam.ch\/de\/#organization","name":"Bantam","url":"https:\/\/shop.bantam.ch\/de\/","logo":{"@type":"ImageObject","inLanguage":"de","@id":"https:\/\/shop.bantam.ch\/de\/#\/schema\/logo\/image\/","url":"https:\/\/shop.bantam.ch\/wp-content\/uploads\/2022\/12\/bantam-logo.png","contentUrl":"https:\/\/shop.bantam.ch\/wp-content\/uploads\/2022\/12\/bantam-logo.png","width":320,"height":71,"caption":"Bantam"},"image":{"@id":"https:\/\/shop.bantam.ch\/de\/#\/schema\/logo\/image\/"}}]}},"_links":{"self":[{"href":"https:\/\/shop.bantam.ch\/de\/wp-json\/wp\/v2\/product\/167973","targetHints":{"allow":["GET"]}}],"collection":[{"href":"https:\/\/shop.bantam.ch\/de\/wp-json\/wp\/v2\/product"}],"about":[{"href":"https:\/\/shop.bantam.ch\/de\/wp-json\/wp\/v2\/types\/product"}],"wp:featuredmedia":[{"embeddable":true,"href":"https:\/\/shop.bantam.ch\/de\/wp-json\/wp\/v2\/media\/167957"}],"wp:attachment":[{"href":"https:\/\/shop.bantam.ch\/de\/wp-json\/wp\/v2\/media?parent=167973"}],"wp:term":[{"taxonomy":"product_featured_cat","embeddable":true,"href":"https:\/\/shop.bantam.ch\/de\/wp-json\/wp\/v2\/product_featured_cat?post=167973"},{"taxonomy":"product_brand","embeddable":true,"href":"https:\/\/shop.bantam.ch\/de\/wp-json\/wp\/v2\/product_brand?post=167973"},{"taxonomy":"product_cat","embeddable":true,"href":"https:\/\/shop.bantam.ch\/de\/wp-json\/wp\/v2\/product_cat?post=167973"},{"taxonomy":"product_tag","embeddable":true,"href":"https:\/\/shop.bantam.ch\/de\/wp-json\/wp\/v2\/product_tag?post=167973"}],"curies":[{"name":"wp","href":"https:\/\/api.w.org\/{rel}","templated":true}]}}