{"id":167799,"date":"2023-03-29T13:09:15","date_gmt":"2023-03-29T11:09:15","guid":{"rendered":"https:\/\/shop.bantam.ch\/produit\/campingmatte-dreamboat-nachtblau\/"},"modified":"2026-04-19T00:37:21","modified_gmt":"2026-04-18T22:37:21","slug":"campingmatte-dreamboat-nachtblau","status":"publish","type":"product","link":"https:\/\/shop.bantam.ch\/de\/produkt\/campingmatte-dreamboat-nachtblau\/","title":{"rendered":"Campingmatte Dreamboat, nachtblau"},"content":{"rendered":"<ul>\n<li>Einzigartige Konstruktion des Schaumstoffs dient der W\u00e4rmeregulierung und garantiert ganzj\u00e4hrigen Komfort<\/li>\n<li>Flache, leistungsstarke Ventile verbessern den Luftstrom<\/li>\n<li>Besonders gro\u00dfe Aussparungen im Schaumstoff sorgen f\u00fcr mehr Komfort und reduzieren Packma\u00df und Gewicht<\/li>\n<li>Dreidimensional geformt und hohe Profiltiefe f\u00fcr hohen Komfort<\/li>\n<li>Besonders robustes Stretch-Polyester mit einer angenehm weichen Beschichtung<\/li>\n<li>Tragetasche f\u00fcr problemlose Aufbewahrung und Transport im Lieferumfang<\/li>\n<li>Besonders langlebige TPU-Konstruktion, kein Abl\u00f6sen der Schichten<\/li>\n<li>Festes Gewebe an der Seite stabilisiert die 3-D-Form und beschleunigt das Aufblasen<\/li>\n<li>PFC-frei<\/li>\n<\/ul>\n<p>Material<\/p>\n<ul>\n<li>100% Polyester<\/li>\n<\/ul>\n","protected":false},"excerpt":{"rendered":"<p>Einzigartige Konstruktion des Schaumstoffs dient der W\u00e4rmeregulierung und garantiert ganzj\u00e4hrigen Komfort Flache, leistungsstarke Ventile verbessern den Luftstrom Besonders gro\u00dfe Aussparungen im Schaumstoff sorgen f\u00fcr mehr Komfort und reduzieren Packma\u00df und Gewicht Dreidimensional geformt und hohe Profiltiefe f\u00fcr hohen Komfort Besonders robustes Stretch-Polyester mit einer angenehm weichen Beschichtung Tragetasche f\u00fcr problemlose Aufbewahrung und Transport im Lieferumfang [&hellip;]<\/p>\n","protected":false},"featured_media":167789,"template":"","meta":{"_acf_changed":false},"product_featured_cat":[],"product_brand":[3297],"product_cat":[4356],"product_tag":[],"class_list":{"0":"post-167799","1":"product","2":"type-product","3":"status-publish","4":"has-post-thumbnail","6":"product_brand-outwell-de","7":"product_cat-isomatten","9":"first","10":"instock","11":"taxable","12":"shipping-taxable","13":"purchasable","14":"product-type-variable"},"acf":[],"yoast_head":"<!-- This site is optimized with the Yoast SEO plugin v27.4 - https:\/\/yoast.com\/product\/yoast-seo-wordpress\/ -->\n<title>Campingmatte Dreamboat, nachtblau - Bantam Camping AG<\/title>\n<meta name=\"robots\" content=\"index, follow, max-snippet:-1, max-image-preview:large, max-video-preview:-1\" \/>\n<link rel=\"canonical\" href=\"https:\/\/shop.bantam.ch\/de\/produkt\/campingmatte-dreamboat-nachtblau\/\" \/>\n<meta property=\"og:locale\" content=\"de_DE\" \/>\n<meta property=\"og:type\" content=\"article\" \/>\n<meta property=\"og:title\" content=\"Campingmatte Dreamboat, nachtblau - Bantam Camping AG\" \/>\n<meta property=\"og:description\" content=\"Einzigartige Konstruktion des Schaumstoffs dient der W\u00e4rmeregulierung und garantiert ganzj\u00e4hrigen Komfort Flache, leistungsstarke Ventile verbessern den Luftstrom Besonders gro\u00dfe Aussparungen im Schaumstoff sorgen f\u00fcr mehr Komfort und reduzieren Packma\u00df und Gewicht Dreidimensional geformt und hohe Profiltiefe f\u00fcr hohen Komfort Besonders robustes Stretch-Polyester mit einer angenehm weichen Beschichtung Tragetasche f\u00fcr problemlose Aufbewahrung und Transport im Lieferumfang [&hellip;]\" \/>\n<meta property=\"og:url\" content=\"https:\/\/shop.bantam.ch\/de\/produkt\/campingmatte-dreamboat-nachtblau\/\" \/>\n<meta property=\"og:site_name\" content=\"Bantam Camping AG\" \/>\n<meta property=\"article:modified_time\" content=\"2026-04-18T22:37:21+00:00\" \/>\n<meta property=\"og:image\" content=\"https:\/\/shop.bantam.ch\/wp-content\/uploads\/2023\/03\/996042611I3EQIBajQZbK0.jpg\" \/>\n\t<meta property=\"og:image:width\" content=\"1000\" \/>\n\t<meta property=\"og:image:height\" content=\"563\" \/>\n\t<meta property=\"og:image:type\" content=\"image\/jpeg\" \/>\n<meta name=\"twitter:card\" content=\"summary_large_image\" \/>\n<script type=\"application\/ld+json\" class=\"yoast-schema-graph\">{\"@context\":\"https:\\\/\\\/schema.org\",\"@graph\":[{\"@type\":\"WebPage\",\"@id\":\"https:\\\/\\\/shop.bantam.ch\\\/de\\\/produkt\\\/campingmatte-dreamboat-nachtblau\\\/\",\"url\":\"https:\\\/\\\/shop.bantam.ch\\\/de\\\/produkt\\\/campingmatte-dreamboat-nachtblau\\\/\",\"name\":\"Campingmatte Dreamboat, nachtblau - Bantam Camping AG\",\"isPartOf\":{\"@id\":\"https:\\\/\\\/shop.bantam.ch\\\/de\\\/#website\"},\"primaryImageOfPage\":{\"@id\":\"https:\\\/\\\/shop.bantam.ch\\\/de\\\/produkt\\\/campingmatte-dreamboat-nachtblau\\\/#primaryimage\"},\"image\":{\"@id\":\"https:\\\/\\\/shop.bantam.ch\\\/de\\\/produkt\\\/campingmatte-dreamboat-nachtblau\\\/#primaryimage\"},\"thumbnailUrl\":\"https:\\\/\\\/shop.bantam.ch\\\/wp-content\\\/uploads\\\/2023\\\/03\\\/996042611I3EQIBajQZbK0.jpg\",\"datePublished\":\"2023-03-29T11:09:15+00:00\",\"dateModified\":\"2026-04-18T22:37:21+00:00\",\"breadcrumb\":{\"@id\":\"https:\\\/\\\/shop.bantam.ch\\\/de\\\/produkt\\\/campingmatte-dreamboat-nachtblau\\\/#breadcrumb\"},\"inLanguage\":\"de\",\"potentialAction\":[{\"@type\":\"ReadAction\",\"target\":[\"https:\\\/\\\/shop.bantam.ch\\\/de\\\/produkt\\\/campingmatte-dreamboat-nachtblau\\\/\"]}]},{\"@type\":\"ImageObject\",\"inLanguage\":\"de\",\"@id\":\"https:\\\/\\\/shop.bantam.ch\\\/de\\\/produkt\\\/campingmatte-dreamboat-nachtblau\\\/#primaryimage\",\"url\":\"https:\\\/\\\/shop.bantam.ch\\\/wp-content\\\/uploads\\\/2023\\\/03\\\/996042611I3EQIBajQZbK0.jpg\",\"contentUrl\":\"https:\\\/\\\/shop.bantam.ch\\\/wp-content\\\/uploads\\\/2023\\\/03\\\/996042611I3EQIBajQZbK0.jpg\",\"width\":1000,\"height\":563},{\"@type\":\"BreadcrumbList\",\"@id\":\"https:\\\/\\\/shop.bantam.ch\\\/de\\\/produkt\\\/campingmatte-dreamboat-nachtblau\\\/#breadcrumb\",\"itemListElement\":[{\"@type\":\"ListItem\",\"position\":1,\"name\":\"Accueil\",\"item\":\"https:\\\/\\\/shop.bantam.ch\\\/de\\\/\"},{\"@type\":\"ListItem\",\"position\":2,\"name\":\"Shop\",\"item\":\"https:\\\/\\\/shop.bantam.ch\\\/de\\\/shop\\\/\"},{\"@type\":\"ListItem\",\"position\":3,\"name\":\"Campingmatte Dreamboat, nachtblau\"}]},{\"@type\":\"WebSite\",\"@id\":\"https:\\\/\\\/shop.bantam.ch\\\/de\\\/#website\",\"url\":\"https:\\\/\\\/shop.bantam.ch\\\/de\\\/\",\"name\":\"Bantam Camping AG\",\"description\":\"\",\"publisher\":{\"@id\":\"https:\\\/\\\/shop.bantam.ch\\\/de\\\/#organization\"},\"inLanguage\":\"de\"},{\"@type\":\"Organization\",\"@id\":\"https:\\\/\\\/shop.bantam.ch\\\/de\\\/#organization\",\"name\":\"Bantam Camping AG\",\"url\":\"https:\\\/\\\/shop.bantam.ch\\\/de\\\/\",\"logo\":{\"@type\":\"ImageObject\",\"inLanguage\":\"de\",\"@id\":\"https:\\\/\\\/shop.bantam.ch\\\/de\\\/#\\\/schema\\\/logo\\\/image\\\/\",\"url\":\"https:\\\/\\\/shop.bantam.ch\\\/wp-content\\\/uploads\\\/2022\\\/12\\\/bantam-logo.png\",\"contentUrl\":\"https:\\\/\\\/shop.bantam.ch\\\/wp-content\\\/uploads\\\/2022\\\/12\\\/bantam-logo.png\",\"width\":320,\"height\":71,\"caption\":\"Bantam Camping AG\"},\"image\":{\"@id\":\"https:\\\/\\\/shop.bantam.ch\\\/de\\\/#\\\/schema\\\/logo\\\/image\\\/\"}}]}<\/script>\n<!-- \/ Yoast SEO plugin. -->","yoast_head_json":{"title":"Campingmatte Dreamboat, nachtblau - Bantam Camping AG","robots":{"index":"index","follow":"follow","max-snippet":"max-snippet:-1","max-image-preview":"max-image-preview:large","max-video-preview":"max-video-preview:-1"},"canonical":"https:\/\/shop.bantam.ch\/de\/produkt\/campingmatte-dreamboat-nachtblau\/","og_locale":"de_DE","og_type":"article","og_title":"Campingmatte Dreamboat, nachtblau - Bantam Camping AG","og_description":"Einzigartige Konstruktion des Schaumstoffs dient der W\u00e4rmeregulierung und garantiert ganzj\u00e4hrigen Komfort Flache, leistungsstarke Ventile verbessern den Luftstrom Besonders gro\u00dfe Aussparungen im Schaumstoff sorgen f\u00fcr mehr Komfort und reduzieren Packma\u00df und Gewicht Dreidimensional geformt und hohe Profiltiefe f\u00fcr hohen Komfort Besonders robustes Stretch-Polyester mit einer angenehm weichen Beschichtung Tragetasche f\u00fcr problemlose Aufbewahrung und Transport im Lieferumfang [&hellip;]","og_url":"https:\/\/shop.bantam.ch\/de\/produkt\/campingmatte-dreamboat-nachtblau\/","og_site_name":"Bantam Camping AG","article_modified_time":"2026-04-18T22:37:21+00:00","og_image":[{"width":1000,"height":563,"url":"https:\/\/shop.bantam.ch\/wp-content\/uploads\/2023\/03\/996042611I3EQIBajQZbK0.jpg","type":"image\/jpeg"}],"twitter_card":"summary_large_image","schema":{"@context":"https:\/\/schema.org","@graph":[{"@type":"WebPage","@id":"https:\/\/shop.bantam.ch\/de\/produkt\/campingmatte-dreamboat-nachtblau\/","url":"https:\/\/shop.bantam.ch\/de\/produkt\/campingmatte-dreamboat-nachtblau\/","name":"Campingmatte Dreamboat, nachtblau - Bantam Camping AG","isPartOf":{"@id":"https:\/\/shop.bantam.ch\/de\/#website"},"primaryImageOfPage":{"@id":"https:\/\/shop.bantam.ch\/de\/produkt\/campingmatte-dreamboat-nachtblau\/#primaryimage"},"image":{"@id":"https:\/\/shop.bantam.ch\/de\/produkt\/campingmatte-dreamboat-nachtblau\/#primaryimage"},"thumbnailUrl":"https:\/\/shop.bantam.ch\/wp-content\/uploads\/2023\/03\/996042611I3EQIBajQZbK0.jpg","datePublished":"2023-03-29T11:09:15+00:00","dateModified":"2026-04-18T22:37:21+00:00","breadcrumb":{"@id":"https:\/\/shop.bantam.ch\/de\/produkt\/campingmatte-dreamboat-nachtblau\/#breadcrumb"},"inLanguage":"de","potentialAction":[{"@type":"ReadAction","target":["https:\/\/shop.bantam.ch\/de\/produkt\/campingmatte-dreamboat-nachtblau\/"]}]},{"@type":"ImageObject","inLanguage":"de","@id":"https:\/\/shop.bantam.ch\/de\/produkt\/campingmatte-dreamboat-nachtblau\/#primaryimage","url":"https:\/\/shop.bantam.ch\/wp-content\/uploads\/2023\/03\/996042611I3EQIBajQZbK0.jpg","contentUrl":"https:\/\/shop.bantam.ch\/wp-content\/uploads\/2023\/03\/996042611I3EQIBajQZbK0.jpg","width":1000,"height":563},{"@type":"BreadcrumbList","@id":"https:\/\/shop.bantam.ch\/de\/produkt\/campingmatte-dreamboat-nachtblau\/#breadcrumb","itemListElement":[{"@type":"ListItem","position":1,"name":"Accueil","item":"https:\/\/shop.bantam.ch\/de\/"},{"@type":"ListItem","position":2,"name":"Shop","item":"https:\/\/shop.bantam.ch\/de\/shop\/"},{"@type":"ListItem","position":3,"name":"Campingmatte Dreamboat, nachtblau"}]},{"@type":"WebSite","@id":"https:\/\/shop.bantam.ch\/de\/#website","url":"https:\/\/shop.bantam.ch\/de\/","name":"Bantam Camping AG","description":"","publisher":{"@id":"https:\/\/shop.bantam.ch\/de\/#organization"},"inLanguage":"de"},{"@type":"Organization","@id":"https:\/\/shop.bantam.ch\/de\/#organization","name":"Bantam Camping AG","url":"https:\/\/shop.bantam.ch\/de\/","logo":{"@type":"ImageObject","inLanguage":"de","@id":"https:\/\/shop.bantam.ch\/de\/#\/schema\/logo\/image\/","url":"https:\/\/shop.bantam.ch\/wp-content\/uploads\/2022\/12\/bantam-logo.png","contentUrl":"https:\/\/shop.bantam.ch\/wp-content\/uploads\/2022\/12\/bantam-logo.png","width":320,"height":71,"caption":"Bantam Camping AG"},"image":{"@id":"https:\/\/shop.bantam.ch\/de\/#\/schema\/logo\/image\/"}}]}},"_links":{"self":[{"href":"https:\/\/shop.bantam.ch\/de\/wp-json\/wp\/v2\/product\/167799","targetHints":{"allow":["GET"]}}],"collection":[{"href":"https:\/\/shop.bantam.ch\/de\/wp-json\/wp\/v2\/product"}],"about":[{"href":"https:\/\/shop.bantam.ch\/de\/wp-json\/wp\/v2\/types\/product"}],"wp:featuredmedia":[{"embeddable":true,"href":"https:\/\/shop.bantam.ch\/de\/wp-json\/wp\/v2\/media\/167789"}],"wp:attachment":[{"href":"https:\/\/shop.bantam.ch\/de\/wp-json\/wp\/v2\/media?parent=167799"}],"wp:term":[{"taxonomy":"product_featured_cat","embeddable":true,"href":"https:\/\/shop.bantam.ch\/de\/wp-json\/wp\/v2\/product_featured_cat?post=167799"},{"taxonomy":"product_brand","embeddable":true,"href":"https:\/\/shop.bantam.ch\/de\/wp-json\/wp\/v2\/product_brand?post=167799"},{"taxonomy":"product_cat","embeddable":true,"href":"https:\/\/shop.bantam.ch\/de\/wp-json\/wp\/v2\/product_cat?post=167799"},{"taxonomy":"product_tag","embeddable":true,"href":"https:\/\/shop.bantam.ch\/de\/wp-json\/wp\/v2\/product_tag?post=167799"}],"curies":[{"name":"wp","href":"https:\/\/api.w.org\/{rel}","templated":true}]}}