{"id":167724,"date":"2023-03-29T13:07:43","date_gmt":"2023-03-29T11:07:43","guid":{"rendered":"https:\/\/shop.bantam.ch\/produit\/seitenwand-zu-pavillon-zebo-enjoy-2-0\/"},"modified":"2026-05-03T00:28:13","modified_gmt":"2026-05-02T22:28:13","slug":"seitenwand-zu-pavillon-zebo-enjoy-2-0","status":"publish","type":"product","link":"https:\/\/shop.bantam.ch\/de\/produkt\/seitenwand-zu-pavillon-zebo-enjoy-2-0\/","title":{"rendered":"Seitenwand zu Pavillon Zebo Enjoy 2.0"},"content":{"rendered":"<p>N\u00fctzliche Seitenwandsets f\u00fcr ZEB\u00d2 ENJOY-Faltpavillons. Seitenw\u00e4nde kompletieren jedes Faltpavillon und machen es wetterfest und winddicht. Alle Seitenw\u00e4nde werden einfach mittels vormontiertem Klettverschluss innen an der Pavillonbord\u00fcre befestigt und bei Bedarf mittels RV miteinander zu einer Einheit verbunden. Eine Aufbewahrungstasche ist im Lieferumfang inbegriffen.<\/p>\n<p>Material:<br \/>100 % PES<\/p>\n","protected":false},"excerpt":{"rendered":"<p>N\u00fctzliche Seitenwandsets f\u00fcr ZEB\u00d2 ENJOY-Faltpavillons. Seitenw\u00e4nde kompletieren jedes Faltpavillon und machen es wetterfest und winddicht. Alle Seitenw\u00e4nde werden einfach mittels vormontiertem Klettverschluss innen an der Pavillonbord\u00fcre befestigt und bei Bedarf mittels RV miteinander zu einer Einheit verbunden. Eine Aufbewahrungstasche ist im Lieferumfang inbegriffen. Material:100 % PES<\/p>\n","protected":false},"featured_media":167713,"template":"","meta":{"_acf_changed":false},"product_featured_cat":[],"product_brand":[3081],"product_cat":[3984],"product_tag":[],"class_list":{"0":"post-167724","1":"product","2":"type-product","3":"status-publish","4":"has-post-thumbnail","6":"product_brand-brunner-de","7":"product_cat-pavillons","9":"first","10":"instock","11":"taxable","12":"shipping-taxable","13":"purchasable","14":"product-type-variable"},"acf":[],"yoast_head":"<!-- This site is optimized with the Yoast SEO plugin v27.5 - https:\/\/yoast.com\/product\/yoast-seo-wordpress\/ -->\n<title>Seitenwand zu Pavillon Zebo Enjoy 2.0 - Bantam<\/title>\n<meta name=\"robots\" content=\"index, follow, max-snippet:-1, max-image-preview:large, max-video-preview:-1\" \/>\n<link rel=\"canonical\" href=\"https:\/\/shop.bantam.ch\/de\/produkt\/seitenwand-zu-pavillon-zebo-enjoy-2-0\/\" \/>\n<meta property=\"og:locale\" content=\"de_DE\" \/>\n<meta property=\"og:type\" content=\"article\" \/>\n<meta property=\"og:title\" content=\"Seitenwand zu Pavillon Zebo Enjoy 2.0 - Bantam\" \/>\n<meta property=\"og:description\" content=\"N\u00fctzliche Seitenwandsets f\u00fcr ZEB\u00d2 ENJOY-Faltpavillons. Seitenw\u00e4nde kompletieren jedes Faltpavillon und machen es wetterfest und winddicht. Alle Seitenw\u00e4nde werden einfach mittels vormontiertem Klettverschluss innen an der Pavillonbord\u00fcre befestigt und bei Bedarf mittels RV miteinander zu einer Einheit verbunden. Eine Aufbewahrungstasche ist im Lieferumfang inbegriffen. Material:100 % PES\" \/>\n<meta property=\"og:url\" content=\"https:\/\/shop.bantam.ch\/de\/produkt\/seitenwand-zu-pavillon-zebo-enjoy-2-0\/\" \/>\n<meta property=\"og:site_name\" content=\"Bantam\" \/>\n<meta property=\"article:modified_time\" content=\"2026-05-02T22:28:13+00:00\" \/>\n<meta property=\"og:image\" content=\"https:\/\/shop.bantam.ch\/wp-content\/uploads\/2023\/03\/9960321.jpg\" \/>\n\t<meta property=\"og:image:width\" content=\"1800\" \/>\n\t<meta property=\"og:image:height\" content=\"1352\" \/>\n\t<meta property=\"og:image:type\" content=\"image\/jpeg\" \/>\n<meta name=\"twitter:card\" content=\"summary_large_image\" \/>\n<script type=\"application\/ld+json\" class=\"yoast-schema-graph\">{\"@context\":\"https:\\\/\\\/schema.org\",\"@graph\":[{\"@type\":\"WebPage\",\"@id\":\"https:\\\/\\\/shop.bantam.ch\\\/de\\\/produkt\\\/seitenwand-zu-pavillon-zebo-enjoy-2-0\\\/\",\"url\":\"https:\\\/\\\/shop.bantam.ch\\\/de\\\/produkt\\\/seitenwand-zu-pavillon-zebo-enjoy-2-0\\\/\",\"name\":\"Seitenwand zu Pavillon Zebo Enjoy 2.0 - Bantam\",\"isPartOf\":{\"@id\":\"https:\\\/\\\/shop.bantam.ch\\\/de\\\/#website\"},\"primaryImageOfPage\":{\"@id\":\"https:\\\/\\\/shop.bantam.ch\\\/de\\\/produkt\\\/seitenwand-zu-pavillon-zebo-enjoy-2-0\\\/#primaryimage\"},\"image\":{\"@id\":\"https:\\\/\\\/shop.bantam.ch\\\/de\\\/produkt\\\/seitenwand-zu-pavillon-zebo-enjoy-2-0\\\/#primaryimage\"},\"thumbnailUrl\":\"https:\\\/\\\/shop.bantam.ch\\\/wp-content\\\/uploads\\\/2023\\\/03\\\/9960321.jpg\",\"datePublished\":\"2023-03-29T11:07:43+00:00\",\"dateModified\":\"2026-05-02T22:28:13+00:00\",\"breadcrumb\":{\"@id\":\"https:\\\/\\\/shop.bantam.ch\\\/de\\\/produkt\\\/seitenwand-zu-pavillon-zebo-enjoy-2-0\\\/#breadcrumb\"},\"inLanguage\":\"de\",\"potentialAction\":[{\"@type\":\"ReadAction\",\"target\":[\"https:\\\/\\\/shop.bantam.ch\\\/de\\\/produkt\\\/seitenwand-zu-pavillon-zebo-enjoy-2-0\\\/\"]}]},{\"@type\":\"ImageObject\",\"inLanguage\":\"de\",\"@id\":\"https:\\\/\\\/shop.bantam.ch\\\/de\\\/produkt\\\/seitenwand-zu-pavillon-zebo-enjoy-2-0\\\/#primaryimage\",\"url\":\"https:\\\/\\\/shop.bantam.ch\\\/wp-content\\\/uploads\\\/2023\\\/03\\\/9960321.jpg\",\"contentUrl\":\"https:\\\/\\\/shop.bantam.ch\\\/wp-content\\\/uploads\\\/2023\\\/03\\\/9960321.jpg\",\"width\":1800,\"height\":1352},{\"@type\":\"BreadcrumbList\",\"@id\":\"https:\\\/\\\/shop.bantam.ch\\\/de\\\/produkt\\\/seitenwand-zu-pavillon-zebo-enjoy-2-0\\\/#breadcrumb\",\"itemListElement\":[{\"@type\":\"ListItem\",\"position\":1,\"name\":\"Accueil\",\"item\":\"https:\\\/\\\/shop.bantam.ch\\\/de\\\/\"},{\"@type\":\"ListItem\",\"position\":2,\"name\":\"Shop\",\"item\":\"https:\\\/\\\/shop.bantam.ch\\\/de\\\/shop\\\/\"},{\"@type\":\"ListItem\",\"position\":3,\"name\":\"Seitenwand zu Pavillon Zebo Enjoy 2.0\"}]},{\"@type\":\"WebSite\",\"@id\":\"https:\\\/\\\/shop.bantam.ch\\\/de\\\/#website\",\"url\":\"https:\\\/\\\/shop.bantam.ch\\\/de\\\/\",\"name\":\"Bantam\",\"description\":\"\",\"publisher\":{\"@id\":\"https:\\\/\\\/shop.bantam.ch\\\/de\\\/#organization\"},\"inLanguage\":\"de\"},{\"@type\":\"Organization\",\"@id\":\"https:\\\/\\\/shop.bantam.ch\\\/de\\\/#organization\",\"name\":\"Bantam\",\"url\":\"https:\\\/\\\/shop.bantam.ch\\\/de\\\/\",\"logo\":{\"@type\":\"ImageObject\",\"inLanguage\":\"de\",\"@id\":\"https:\\\/\\\/shop.bantam.ch\\\/de\\\/#\\\/schema\\\/logo\\\/image\\\/\",\"url\":\"https:\\\/\\\/shop.bantam.ch\\\/wp-content\\\/uploads\\\/2022\\\/12\\\/bantam-logo.png\",\"contentUrl\":\"https:\\\/\\\/shop.bantam.ch\\\/wp-content\\\/uploads\\\/2022\\\/12\\\/bantam-logo.png\",\"width\":320,\"height\":71,\"caption\":\"Bantam\"},\"image\":{\"@id\":\"https:\\\/\\\/shop.bantam.ch\\\/de\\\/#\\\/schema\\\/logo\\\/image\\\/\"}}]}<\/script>\n<!-- \/ Yoast SEO plugin. -->","yoast_head_json":{"title":"Seitenwand zu Pavillon Zebo Enjoy 2.0 - Bantam","robots":{"index":"index","follow":"follow","max-snippet":"max-snippet:-1","max-image-preview":"max-image-preview:large","max-video-preview":"max-video-preview:-1"},"canonical":"https:\/\/shop.bantam.ch\/de\/produkt\/seitenwand-zu-pavillon-zebo-enjoy-2-0\/","og_locale":"de_DE","og_type":"article","og_title":"Seitenwand zu Pavillon Zebo Enjoy 2.0 - Bantam","og_description":"N\u00fctzliche Seitenwandsets f\u00fcr ZEB\u00d2 ENJOY-Faltpavillons. Seitenw\u00e4nde kompletieren jedes Faltpavillon und machen es wetterfest und winddicht. Alle Seitenw\u00e4nde werden einfach mittels vormontiertem Klettverschluss innen an der Pavillonbord\u00fcre befestigt und bei Bedarf mittels RV miteinander zu einer Einheit verbunden. Eine Aufbewahrungstasche ist im Lieferumfang inbegriffen. Material:100 % PES","og_url":"https:\/\/shop.bantam.ch\/de\/produkt\/seitenwand-zu-pavillon-zebo-enjoy-2-0\/","og_site_name":"Bantam","article_modified_time":"2026-05-02T22:28:13+00:00","og_image":[{"width":1800,"height":1352,"url":"https:\/\/shop.bantam.ch\/wp-content\/uploads\/2023\/03\/9960321.jpg","type":"image\/jpeg"}],"twitter_card":"summary_large_image","schema":{"@context":"https:\/\/schema.org","@graph":[{"@type":"WebPage","@id":"https:\/\/shop.bantam.ch\/de\/produkt\/seitenwand-zu-pavillon-zebo-enjoy-2-0\/","url":"https:\/\/shop.bantam.ch\/de\/produkt\/seitenwand-zu-pavillon-zebo-enjoy-2-0\/","name":"Seitenwand zu Pavillon Zebo Enjoy 2.0 - Bantam","isPartOf":{"@id":"https:\/\/shop.bantam.ch\/de\/#website"},"primaryImageOfPage":{"@id":"https:\/\/shop.bantam.ch\/de\/produkt\/seitenwand-zu-pavillon-zebo-enjoy-2-0\/#primaryimage"},"image":{"@id":"https:\/\/shop.bantam.ch\/de\/produkt\/seitenwand-zu-pavillon-zebo-enjoy-2-0\/#primaryimage"},"thumbnailUrl":"https:\/\/shop.bantam.ch\/wp-content\/uploads\/2023\/03\/9960321.jpg","datePublished":"2023-03-29T11:07:43+00:00","dateModified":"2026-05-02T22:28:13+00:00","breadcrumb":{"@id":"https:\/\/shop.bantam.ch\/de\/produkt\/seitenwand-zu-pavillon-zebo-enjoy-2-0\/#breadcrumb"},"inLanguage":"de","potentialAction":[{"@type":"ReadAction","target":["https:\/\/shop.bantam.ch\/de\/produkt\/seitenwand-zu-pavillon-zebo-enjoy-2-0\/"]}]},{"@type":"ImageObject","inLanguage":"de","@id":"https:\/\/shop.bantam.ch\/de\/produkt\/seitenwand-zu-pavillon-zebo-enjoy-2-0\/#primaryimage","url":"https:\/\/shop.bantam.ch\/wp-content\/uploads\/2023\/03\/9960321.jpg","contentUrl":"https:\/\/shop.bantam.ch\/wp-content\/uploads\/2023\/03\/9960321.jpg","width":1800,"height":1352},{"@type":"BreadcrumbList","@id":"https:\/\/shop.bantam.ch\/de\/produkt\/seitenwand-zu-pavillon-zebo-enjoy-2-0\/#breadcrumb","itemListElement":[{"@type":"ListItem","position":1,"name":"Accueil","item":"https:\/\/shop.bantam.ch\/de\/"},{"@type":"ListItem","position":2,"name":"Shop","item":"https:\/\/shop.bantam.ch\/de\/shop\/"},{"@type":"ListItem","position":3,"name":"Seitenwand zu Pavillon Zebo Enjoy 2.0"}]},{"@type":"WebSite","@id":"https:\/\/shop.bantam.ch\/de\/#website","url":"https:\/\/shop.bantam.ch\/de\/","name":"Bantam","description":"","publisher":{"@id":"https:\/\/shop.bantam.ch\/de\/#organization"},"inLanguage":"de"},{"@type":"Organization","@id":"https:\/\/shop.bantam.ch\/de\/#organization","name":"Bantam","url":"https:\/\/shop.bantam.ch\/de\/","logo":{"@type":"ImageObject","inLanguage":"de","@id":"https:\/\/shop.bantam.ch\/de\/#\/schema\/logo\/image\/","url":"https:\/\/shop.bantam.ch\/wp-content\/uploads\/2022\/12\/bantam-logo.png","contentUrl":"https:\/\/shop.bantam.ch\/wp-content\/uploads\/2022\/12\/bantam-logo.png","width":320,"height":71,"caption":"Bantam"},"image":{"@id":"https:\/\/shop.bantam.ch\/de\/#\/schema\/logo\/image\/"}}]}},"_links":{"self":[{"href":"https:\/\/shop.bantam.ch\/de\/wp-json\/wp\/v2\/product\/167724","targetHints":{"allow":["GET"]}}],"collection":[{"href":"https:\/\/shop.bantam.ch\/de\/wp-json\/wp\/v2\/product"}],"about":[{"href":"https:\/\/shop.bantam.ch\/de\/wp-json\/wp\/v2\/types\/product"}],"wp:featuredmedia":[{"embeddable":true,"href":"https:\/\/shop.bantam.ch\/de\/wp-json\/wp\/v2\/media\/167713"}],"wp:attachment":[{"href":"https:\/\/shop.bantam.ch\/de\/wp-json\/wp\/v2\/media?parent=167724"}],"wp:term":[{"taxonomy":"product_featured_cat","embeddable":true,"href":"https:\/\/shop.bantam.ch\/de\/wp-json\/wp\/v2\/product_featured_cat?post=167724"},{"taxonomy":"product_brand","embeddable":true,"href":"https:\/\/shop.bantam.ch\/de\/wp-json\/wp\/v2\/product_brand?post=167724"},{"taxonomy":"product_cat","embeddable":true,"href":"https:\/\/shop.bantam.ch\/de\/wp-json\/wp\/v2\/product_cat?post=167724"},{"taxonomy":"product_tag","embeddable":true,"href":"https:\/\/shop.bantam.ch\/de\/wp-json\/wp\/v2\/product_tag?post=167724"}],"curies":[{"name":"wp","href":"https:\/\/api.w.org\/{rel}","templated":true}]}}