{"id":167708,"date":"2023-03-29T13:07:20","date_gmt":"2023-03-29T11:07:20","guid":{"rendered":"https:\/\/shop.bantam.ch\/produit\/zebo-enjoy-2-0\/"},"modified":"2026-05-12T00:30:08","modified_gmt":"2026-05-11T22:30:08","slug":"zebo-enjoy-2-0","status":"publish","type":"product","link":"https:\/\/shop.bantam.ch\/de\/produkt\/zebo-enjoy-2-0\/","title":{"rendered":"Zebo Enjoy 2.0"},"content":{"rendered":"<p>Praktischer Faltpavillon mit zentraler Dachstange f\u00fcr eine maximale Dachneigung, die den Wasserabfluss beg\u00fcnstigt. Stabiler, pulverbeschichteter Stahlrahmen mit<br \/>h\u00f6henverstellbaren Standbeinen. Dach aus 100 % Polyester mit wasserdichter Beschichtung. Verschwei\u00dfte N\u00e4hte. Einfaches und schnelles Auf- und Abbauen. <\/p>\n<p>Eigenschaften:<br \/>\u2022 Strukturtyp: automatisch-faltbar<br \/>\u2022 Standbeine: pulverbeschichteter Stahl 40 x 40 mm, h\u00f6henverstellbar<br \/>\u2022 Alle Bauteile sind eingeschraubt und austauschbar<br \/>\u2022 Hochwertige Verbinder<br \/>\u2022 Doppelte Dachbefestigungsgurte<br \/>\u2022 Rundum-Klettband f\u00fcr Seitenw\u00e4nde<\/p>\n<p>Lieferumfang:<br \/>Inklusive praktische Transporttasche mit R\u00e4dern, Abspannleinen &amp; Heringe <\/p>\n<p>Material:<br \/>100 % Polyester PVC 500D <br \/>Stahlgest\u00e4nge<\/p>\n","protected":false},"excerpt":{"rendered":"<p>Praktischer Faltpavillon mit zentraler Dachstange f\u00fcr eine maximale Dachneigung, die den Wasserabfluss beg\u00fcnstigt. Stabiler, pulverbeschichteter Stahlrahmen mith\u00f6henverstellbaren Standbeinen. Dach aus 100 % Polyester mit wasserdichter Beschichtung. Verschwei\u00dfte N\u00e4hte. Einfaches und schnelles Auf- und Abbauen. Eigenschaften:\u2022 Strukturtyp: automatisch-faltbar\u2022 Standbeine: pulverbeschichteter Stahl 40 x 40 mm, h\u00f6henverstellbar\u2022 Alle Bauteile sind eingeschraubt und austauschbar\u2022 Hochwertige Verbinder\u2022 Doppelte Dachbefestigungsgurte\u2022 [&hellip;]<\/p>\n","protected":false},"featured_media":167697,"template":"","meta":{"_acf_changed":false},"product_featured_cat":[],"product_brand":[3081],"product_cat":[3984],"product_tag":[],"class_list":{"0":"post-167708","1":"product","2":"type-product","3":"status-publish","4":"has-post-thumbnail","6":"product_brand-brunner-de","7":"product_cat-pavillons","9":"first","10":"instock","11":"taxable","12":"shipping-taxable","13":"purchasable","14":"product-type-variable"},"acf":[],"yoast_head":"<!-- This site is optimized with the Yoast SEO plugin v27.5 - https:\/\/yoast.com\/product\/yoast-seo-wordpress\/ -->\n<title>Zebo Enjoy 2.0 - Bantam<\/title>\n<meta name=\"robots\" content=\"index, follow, max-snippet:-1, max-image-preview:large, max-video-preview:-1\" \/>\n<link rel=\"canonical\" href=\"https:\/\/shop.bantam.ch\/de\/produkt\/zebo-enjoy-2-0\/\" \/>\n<meta property=\"og:locale\" content=\"de_DE\" \/>\n<meta property=\"og:type\" content=\"article\" \/>\n<meta property=\"og:title\" content=\"Zebo Enjoy 2.0 - Bantam\" \/>\n<meta property=\"og:description\" content=\"Praktischer Faltpavillon mit zentraler Dachstange f\u00fcr eine maximale Dachneigung, die den Wasserabfluss beg\u00fcnstigt. Stabiler, pulverbeschichteter Stahlrahmen mith\u00f6henverstellbaren Standbeinen. Dach aus 100 % Polyester mit wasserdichter Beschichtung. Verschwei\u00dfte N\u00e4hte. Einfaches und schnelles Auf- und Abbauen. Eigenschaften:\u2022 Strukturtyp: automatisch-faltbar\u2022 Standbeine: pulverbeschichteter Stahl 40 x 40 mm, h\u00f6henverstellbar\u2022 Alle Bauteile sind eingeschraubt und austauschbar\u2022 Hochwertige Verbinder\u2022 Doppelte Dachbefestigungsgurte\u2022 [&hellip;]\" \/>\n<meta property=\"og:url\" content=\"https:\/\/shop.bantam.ch\/de\/produkt\/zebo-enjoy-2-0\/\" \/>\n<meta property=\"og:site_name\" content=\"Bantam\" \/>\n<meta property=\"article:modified_time\" content=\"2026-05-11T22:30:08+00:00\" \/>\n<meta property=\"og:image\" content=\"https:\/\/shop.bantam.ch\/wp-content\/uploads\/2023\/03\/9960318.jpg\" \/>\n\t<meta property=\"og:image:width\" content=\"1800\" \/>\n\t<meta property=\"og:image:height\" content=\"1717\" \/>\n\t<meta property=\"og:image:type\" content=\"image\/jpeg\" \/>\n<meta name=\"twitter:card\" content=\"summary_large_image\" \/>\n<script type=\"application\/ld+json\" class=\"yoast-schema-graph\">{\"@context\":\"https:\\\/\\\/schema.org\",\"@graph\":[{\"@type\":\"WebPage\",\"@id\":\"https:\\\/\\\/shop.bantam.ch\\\/de\\\/produkt\\\/zebo-enjoy-2-0\\\/\",\"url\":\"https:\\\/\\\/shop.bantam.ch\\\/de\\\/produkt\\\/zebo-enjoy-2-0\\\/\",\"name\":\"Zebo Enjoy 2.0 - Bantam\",\"isPartOf\":{\"@id\":\"https:\\\/\\\/shop.bantam.ch\\\/de\\\/#website\"},\"primaryImageOfPage\":{\"@id\":\"https:\\\/\\\/shop.bantam.ch\\\/de\\\/produkt\\\/zebo-enjoy-2-0\\\/#primaryimage\"},\"image\":{\"@id\":\"https:\\\/\\\/shop.bantam.ch\\\/de\\\/produkt\\\/zebo-enjoy-2-0\\\/#primaryimage\"},\"thumbnailUrl\":\"https:\\\/\\\/shop.bantam.ch\\\/wp-content\\\/uploads\\\/2023\\\/03\\\/9960318.jpg\",\"datePublished\":\"2023-03-29T11:07:20+00:00\",\"dateModified\":\"2026-05-11T22:30:08+00:00\",\"breadcrumb\":{\"@id\":\"https:\\\/\\\/shop.bantam.ch\\\/de\\\/produkt\\\/zebo-enjoy-2-0\\\/#breadcrumb\"},\"inLanguage\":\"de\",\"potentialAction\":[{\"@type\":\"ReadAction\",\"target\":[\"https:\\\/\\\/shop.bantam.ch\\\/de\\\/produkt\\\/zebo-enjoy-2-0\\\/\"]}]},{\"@type\":\"ImageObject\",\"inLanguage\":\"de\",\"@id\":\"https:\\\/\\\/shop.bantam.ch\\\/de\\\/produkt\\\/zebo-enjoy-2-0\\\/#primaryimage\",\"url\":\"https:\\\/\\\/shop.bantam.ch\\\/wp-content\\\/uploads\\\/2023\\\/03\\\/9960318.jpg\",\"contentUrl\":\"https:\\\/\\\/shop.bantam.ch\\\/wp-content\\\/uploads\\\/2023\\\/03\\\/9960318.jpg\",\"width\":1800,\"height\":1717},{\"@type\":\"BreadcrumbList\",\"@id\":\"https:\\\/\\\/shop.bantam.ch\\\/de\\\/produkt\\\/zebo-enjoy-2-0\\\/#breadcrumb\",\"itemListElement\":[{\"@type\":\"ListItem\",\"position\":1,\"name\":\"Accueil\",\"item\":\"https:\\\/\\\/shop.bantam.ch\\\/de\\\/\"},{\"@type\":\"ListItem\",\"position\":2,\"name\":\"Shop\",\"item\":\"https:\\\/\\\/shop.bantam.ch\\\/de\\\/shop\\\/\"},{\"@type\":\"ListItem\",\"position\":3,\"name\":\"Zebo Enjoy 2.0\"}]},{\"@type\":\"WebSite\",\"@id\":\"https:\\\/\\\/shop.bantam.ch\\\/de\\\/#website\",\"url\":\"https:\\\/\\\/shop.bantam.ch\\\/de\\\/\",\"name\":\"Bantam\",\"description\":\"\",\"publisher\":{\"@id\":\"https:\\\/\\\/shop.bantam.ch\\\/de\\\/#organization\"},\"inLanguage\":\"de\"},{\"@type\":\"Organization\",\"@id\":\"https:\\\/\\\/shop.bantam.ch\\\/de\\\/#organization\",\"name\":\"Bantam\",\"url\":\"https:\\\/\\\/shop.bantam.ch\\\/de\\\/\",\"logo\":{\"@type\":\"ImageObject\",\"inLanguage\":\"de\",\"@id\":\"https:\\\/\\\/shop.bantam.ch\\\/de\\\/#\\\/schema\\\/logo\\\/image\\\/\",\"url\":\"https:\\\/\\\/shop.bantam.ch\\\/wp-content\\\/uploads\\\/2022\\\/12\\\/bantam-logo.png\",\"contentUrl\":\"https:\\\/\\\/shop.bantam.ch\\\/wp-content\\\/uploads\\\/2022\\\/12\\\/bantam-logo.png\",\"width\":320,\"height\":71,\"caption\":\"Bantam\"},\"image\":{\"@id\":\"https:\\\/\\\/shop.bantam.ch\\\/de\\\/#\\\/schema\\\/logo\\\/image\\\/\"}}]}<\/script>\n<!-- \/ Yoast SEO plugin. -->","yoast_head_json":{"title":"Zebo Enjoy 2.0 - Bantam","robots":{"index":"index","follow":"follow","max-snippet":"max-snippet:-1","max-image-preview":"max-image-preview:large","max-video-preview":"max-video-preview:-1"},"canonical":"https:\/\/shop.bantam.ch\/de\/produkt\/zebo-enjoy-2-0\/","og_locale":"de_DE","og_type":"article","og_title":"Zebo Enjoy 2.0 - Bantam","og_description":"Praktischer Faltpavillon mit zentraler Dachstange f\u00fcr eine maximale Dachneigung, die den Wasserabfluss beg\u00fcnstigt. Stabiler, pulverbeschichteter Stahlrahmen mith\u00f6henverstellbaren Standbeinen. Dach aus 100 % Polyester mit wasserdichter Beschichtung. Verschwei\u00dfte N\u00e4hte. Einfaches und schnelles Auf- und Abbauen. Eigenschaften:\u2022 Strukturtyp: automatisch-faltbar\u2022 Standbeine: pulverbeschichteter Stahl 40 x 40 mm, h\u00f6henverstellbar\u2022 Alle Bauteile sind eingeschraubt und austauschbar\u2022 Hochwertige Verbinder\u2022 Doppelte Dachbefestigungsgurte\u2022 [&hellip;]","og_url":"https:\/\/shop.bantam.ch\/de\/produkt\/zebo-enjoy-2-0\/","og_site_name":"Bantam","article_modified_time":"2026-05-11T22:30:08+00:00","og_image":[{"width":1800,"height":1717,"url":"https:\/\/shop.bantam.ch\/wp-content\/uploads\/2023\/03\/9960318.jpg","type":"image\/jpeg"}],"twitter_card":"summary_large_image","schema":{"@context":"https:\/\/schema.org","@graph":[{"@type":"WebPage","@id":"https:\/\/shop.bantam.ch\/de\/produkt\/zebo-enjoy-2-0\/","url":"https:\/\/shop.bantam.ch\/de\/produkt\/zebo-enjoy-2-0\/","name":"Zebo Enjoy 2.0 - Bantam","isPartOf":{"@id":"https:\/\/shop.bantam.ch\/de\/#website"},"primaryImageOfPage":{"@id":"https:\/\/shop.bantam.ch\/de\/produkt\/zebo-enjoy-2-0\/#primaryimage"},"image":{"@id":"https:\/\/shop.bantam.ch\/de\/produkt\/zebo-enjoy-2-0\/#primaryimage"},"thumbnailUrl":"https:\/\/shop.bantam.ch\/wp-content\/uploads\/2023\/03\/9960318.jpg","datePublished":"2023-03-29T11:07:20+00:00","dateModified":"2026-05-11T22:30:08+00:00","breadcrumb":{"@id":"https:\/\/shop.bantam.ch\/de\/produkt\/zebo-enjoy-2-0\/#breadcrumb"},"inLanguage":"de","potentialAction":[{"@type":"ReadAction","target":["https:\/\/shop.bantam.ch\/de\/produkt\/zebo-enjoy-2-0\/"]}]},{"@type":"ImageObject","inLanguage":"de","@id":"https:\/\/shop.bantam.ch\/de\/produkt\/zebo-enjoy-2-0\/#primaryimage","url":"https:\/\/shop.bantam.ch\/wp-content\/uploads\/2023\/03\/9960318.jpg","contentUrl":"https:\/\/shop.bantam.ch\/wp-content\/uploads\/2023\/03\/9960318.jpg","width":1800,"height":1717},{"@type":"BreadcrumbList","@id":"https:\/\/shop.bantam.ch\/de\/produkt\/zebo-enjoy-2-0\/#breadcrumb","itemListElement":[{"@type":"ListItem","position":1,"name":"Accueil","item":"https:\/\/shop.bantam.ch\/de\/"},{"@type":"ListItem","position":2,"name":"Shop","item":"https:\/\/shop.bantam.ch\/de\/shop\/"},{"@type":"ListItem","position":3,"name":"Zebo Enjoy 2.0"}]},{"@type":"WebSite","@id":"https:\/\/shop.bantam.ch\/de\/#website","url":"https:\/\/shop.bantam.ch\/de\/","name":"Bantam","description":"","publisher":{"@id":"https:\/\/shop.bantam.ch\/de\/#organization"},"inLanguage":"de"},{"@type":"Organization","@id":"https:\/\/shop.bantam.ch\/de\/#organization","name":"Bantam","url":"https:\/\/shop.bantam.ch\/de\/","logo":{"@type":"ImageObject","inLanguage":"de","@id":"https:\/\/shop.bantam.ch\/de\/#\/schema\/logo\/image\/","url":"https:\/\/shop.bantam.ch\/wp-content\/uploads\/2022\/12\/bantam-logo.png","contentUrl":"https:\/\/shop.bantam.ch\/wp-content\/uploads\/2022\/12\/bantam-logo.png","width":320,"height":71,"caption":"Bantam"},"image":{"@id":"https:\/\/shop.bantam.ch\/de\/#\/schema\/logo\/image\/"}}]}},"_links":{"self":[{"href":"https:\/\/shop.bantam.ch\/de\/wp-json\/wp\/v2\/product\/167708","targetHints":{"allow":["GET"]}}],"collection":[{"href":"https:\/\/shop.bantam.ch\/de\/wp-json\/wp\/v2\/product"}],"about":[{"href":"https:\/\/shop.bantam.ch\/de\/wp-json\/wp\/v2\/types\/product"}],"wp:featuredmedia":[{"embeddable":true,"href":"https:\/\/shop.bantam.ch\/de\/wp-json\/wp\/v2\/media\/167697"}],"wp:attachment":[{"href":"https:\/\/shop.bantam.ch\/de\/wp-json\/wp\/v2\/media?parent=167708"}],"wp:term":[{"taxonomy":"product_featured_cat","embeddable":true,"href":"https:\/\/shop.bantam.ch\/de\/wp-json\/wp\/v2\/product_featured_cat?post=167708"},{"taxonomy":"product_brand","embeddable":true,"href":"https:\/\/shop.bantam.ch\/de\/wp-json\/wp\/v2\/product_brand?post=167708"},{"taxonomy":"product_cat","embeddable":true,"href":"https:\/\/shop.bantam.ch\/de\/wp-json\/wp\/v2\/product_cat?post=167708"},{"taxonomy":"product_tag","embeddable":true,"href":"https:\/\/shop.bantam.ch\/de\/wp-json\/wp\/v2\/product_tag?post=167708"}],"curies":[{"name":"wp","href":"https:\/\/api.w.org\/{rel}","templated":true}]}}