{"id":167655,"date":"2023-03-29T13:06:15","date_gmt":"2023-03-29T11:06:15","guid":{"rendered":"https:\/\/shop.bantam.ch\/produit\/fahrradtraeger-carry-bike-ducato-frame-ab-2006\/"},"modified":"2026-04-19T00:35:50","modified_gmt":"2026-04-18T22:35:50","slug":"fahrradtraeger-carry-bike-ducato-frame-ab-2006","status":"publish","type":"product","link":"https:\/\/shop.bantam.ch\/de\/produkt\/fahrradtraeger-carry-bike-ducato-frame-ab-2006\/","title":{"rendered":"Fahrradtr\u00e4ger Carry Bike Ducato Frame ab 2006"},"content":{"rendered":"<p>Der Fahrradtr\u00e4ger f\u00fcr den Transport von 3 Fahrr\u00e4dern an einem Ducato mit doppelter Heckt\u00fcr.<br \/>Wir stellen vor: der neue Carry-Bike von Fiamma speziell f\u00fcr Ducato &gt;2006. Der solide Edelstahlrahmen l\u00e4sst sich an den serienm\u00e4\u00dfig vorhandenen Kupplungspunkten des Fahrzeugs anbringen. Diese Ausf\u00fchrung erm\u00f6glicht ein Anbringen des Auflageb\u00fcgels in drei Positionen: Standardposition, mittlere Position und tiefer gesetzte Position f\u00fcr ein einfacheres Aufladen der R\u00e4der. In der mittleren und tiefer gesetzten Position ist der Gebrauch der Kennzeichenleiste mit Lichtgruppe Licence Plate Carrier erforderlich. F\u00fcr einen absolut sicheren Transport von bis zu drei Fahrr\u00e4dern. In zwei Ausf\u00fchrungen verf\u00fcgbar: eloxiertes Aluminium und Deep Black aus schwarzem Aluminium mit Edelstahlrahmen. Die Installation erfordert das Schneiden eines kleinen Teils der Sto\u00dfstange. Nicht geeignet f\u00fcr Fahrzeuge mit 270\u00b0-Scharnieren.<\/p>\n<\/p>\n<ul>\n<li>F\u00fcr zwei Fahrr\u00e4der<\/li>\n<li>Erweiterbar auf max. 3 Fahrr\u00e4der<\/li>\n<li>F\u00fcr alle Kastenwagen-Modelle und doppelter Heckt\u00fcr<\/li>\n<\/ul>\n<p>Lieferumfang:<br \/>2 Schienen Rail Quick Pro<br \/>2 Bike-Block Pro S D 1<br \/>1 Security Strip<br \/>Montagehalterung<\/p>\n","protected":false},"excerpt":{"rendered":"<p>Der Fahrradtr\u00e4ger f\u00fcr den Transport von 3 Fahrr\u00e4dern an einem Ducato mit doppelter Heckt\u00fcr.Wir stellen vor: der neue Carry-Bike von Fiamma speziell f\u00fcr Ducato &gt;2006. Der solide Edelstahlrahmen l\u00e4sst sich an den serienm\u00e4\u00dfig vorhandenen Kupplungspunkten des Fahrzeugs anbringen. Diese Ausf\u00fchrung erm\u00f6glicht ein Anbringen des Auflageb\u00fcgels in drei Positionen: Standardposition, mittlere Position und tiefer gesetzte Position [&hellip;]<\/p>\n","protected":false},"featured_media":167645,"template":"","meta":{"_acf_changed":false},"product_featured_cat":[],"product_brand":[3035],"product_cat":[4140],"product_tag":[],"class_list":{"0":"post-167655","1":"product","2":"type-product","3":"status-publish","4":"has-post-thumbnail","6":"product_brand-fiamma-de","7":"product_cat-fahrradtraeger","9":"first","10":"instock","11":"taxable","12":"shipping-taxable","13":"purchasable","14":"product-type-variable"},"acf":[],"yoast_head":"<!-- This site is optimized with the Yoast SEO plugin v27.4 - https:\/\/yoast.com\/product\/yoast-seo-wordpress\/ -->\n<title>Fahrradtr\u00e4ger Carry Bike Ducato Frame ab 2006 - Bantam Camping AG<\/title>\n<meta name=\"robots\" content=\"index, follow, max-snippet:-1, max-image-preview:large, max-video-preview:-1\" \/>\n<link rel=\"canonical\" href=\"https:\/\/shop.bantam.ch\/de\/produkt\/fahrradtraeger-carry-bike-ducato-frame-ab-2006\/\" \/>\n<meta property=\"og:locale\" content=\"de_DE\" \/>\n<meta property=\"og:type\" content=\"article\" \/>\n<meta property=\"og:title\" content=\"Fahrradtr\u00e4ger Carry Bike Ducato Frame ab 2006 - Bantam Camping AG\" \/>\n<meta property=\"og:description\" content=\"Der Fahrradtr\u00e4ger f\u00fcr den Transport von 3 Fahrr\u00e4dern an einem Ducato mit doppelter Heckt\u00fcr.Wir stellen vor: der neue Carry-Bike von Fiamma speziell f\u00fcr Ducato &gt;2006. Der solide Edelstahlrahmen l\u00e4sst sich an den serienm\u00e4\u00dfig vorhandenen Kupplungspunkten des Fahrzeugs anbringen. Diese Ausf\u00fchrung erm\u00f6glicht ein Anbringen des Auflageb\u00fcgels in drei Positionen: Standardposition, mittlere Position und tiefer gesetzte Position [&hellip;]\" \/>\n<meta property=\"og:url\" content=\"https:\/\/shop.bantam.ch\/de\/produkt\/fahrradtraeger-carry-bike-ducato-frame-ab-2006\/\" \/>\n<meta property=\"og:site_name\" content=\"Bantam Camping AG\" \/>\n<meta property=\"article:modified_time\" content=\"2026-04-18T22:35:50+00:00\" \/>\n<meta property=\"og:image\" content=\"https:\/\/shop.bantam.ch\/wp-content\/uploads\/2023\/03\/994330311.jpg\" \/>\n\t<meta property=\"og:image:width\" content=\"1000\" \/>\n\t<meta property=\"og:image:height\" content=\"563\" \/>\n\t<meta property=\"og:image:type\" content=\"image\/jpeg\" \/>\n<meta name=\"twitter:card\" content=\"summary_large_image\" \/>\n<meta name=\"twitter:label1\" content=\"Gesch\u00e4tzte Lesezeit\" \/>\n\t<meta name=\"twitter:data1\" content=\"1\u00a0Minute\" \/>\n<script type=\"application\/ld+json\" class=\"yoast-schema-graph\">{\"@context\":\"https:\\\/\\\/schema.org\",\"@graph\":[{\"@type\":\"WebPage\",\"@id\":\"https:\\\/\\\/shop.bantam.ch\\\/de\\\/produkt\\\/fahrradtraeger-carry-bike-ducato-frame-ab-2006\\\/\",\"url\":\"https:\\\/\\\/shop.bantam.ch\\\/de\\\/produkt\\\/fahrradtraeger-carry-bike-ducato-frame-ab-2006\\\/\",\"name\":\"Fahrradtr\u00e4ger Carry Bike Ducato Frame ab 2006 - Bantam Camping AG\",\"isPartOf\":{\"@id\":\"https:\\\/\\\/shop.bantam.ch\\\/de\\\/#website\"},\"primaryImageOfPage\":{\"@id\":\"https:\\\/\\\/shop.bantam.ch\\\/de\\\/produkt\\\/fahrradtraeger-carry-bike-ducato-frame-ab-2006\\\/#primaryimage\"},\"image\":{\"@id\":\"https:\\\/\\\/shop.bantam.ch\\\/de\\\/produkt\\\/fahrradtraeger-carry-bike-ducato-frame-ab-2006\\\/#primaryimage\"},\"thumbnailUrl\":\"https:\\\/\\\/shop.bantam.ch\\\/wp-content\\\/uploads\\\/2023\\\/03\\\/994330311.jpg\",\"datePublished\":\"2023-03-29T11:06:15+00:00\",\"dateModified\":\"2026-04-18T22:35:50+00:00\",\"breadcrumb\":{\"@id\":\"https:\\\/\\\/shop.bantam.ch\\\/de\\\/produkt\\\/fahrradtraeger-carry-bike-ducato-frame-ab-2006\\\/#breadcrumb\"},\"inLanguage\":\"de\",\"potentialAction\":[{\"@type\":\"ReadAction\",\"target\":[\"https:\\\/\\\/shop.bantam.ch\\\/de\\\/produkt\\\/fahrradtraeger-carry-bike-ducato-frame-ab-2006\\\/\"]}]},{\"@type\":\"ImageObject\",\"inLanguage\":\"de\",\"@id\":\"https:\\\/\\\/shop.bantam.ch\\\/de\\\/produkt\\\/fahrradtraeger-carry-bike-ducato-frame-ab-2006\\\/#primaryimage\",\"url\":\"https:\\\/\\\/shop.bantam.ch\\\/wp-content\\\/uploads\\\/2023\\\/03\\\/994330311.jpg\",\"contentUrl\":\"https:\\\/\\\/shop.bantam.ch\\\/wp-content\\\/uploads\\\/2023\\\/03\\\/994330311.jpg\",\"width\":1000,\"height\":563},{\"@type\":\"BreadcrumbList\",\"@id\":\"https:\\\/\\\/shop.bantam.ch\\\/de\\\/produkt\\\/fahrradtraeger-carry-bike-ducato-frame-ab-2006\\\/#breadcrumb\",\"itemListElement\":[{\"@type\":\"ListItem\",\"position\":1,\"name\":\"Accueil\",\"item\":\"https:\\\/\\\/shop.bantam.ch\\\/de\\\/\"},{\"@type\":\"ListItem\",\"position\":2,\"name\":\"Shop\",\"item\":\"https:\\\/\\\/shop.bantam.ch\\\/de\\\/shop\\\/\"},{\"@type\":\"ListItem\",\"position\":3,\"name\":\"Fahrradtr\u00e4ger Carry Bike Ducato Frame ab 2006\"}]},{\"@type\":\"WebSite\",\"@id\":\"https:\\\/\\\/shop.bantam.ch\\\/de\\\/#website\",\"url\":\"https:\\\/\\\/shop.bantam.ch\\\/de\\\/\",\"name\":\"Bantam Camping AG\",\"description\":\"\",\"publisher\":{\"@id\":\"https:\\\/\\\/shop.bantam.ch\\\/de\\\/#organization\"},\"inLanguage\":\"de\"},{\"@type\":\"Organization\",\"@id\":\"https:\\\/\\\/shop.bantam.ch\\\/de\\\/#organization\",\"name\":\"Bantam Camping AG\",\"url\":\"https:\\\/\\\/shop.bantam.ch\\\/de\\\/\",\"logo\":{\"@type\":\"ImageObject\",\"inLanguage\":\"de\",\"@id\":\"https:\\\/\\\/shop.bantam.ch\\\/de\\\/#\\\/schema\\\/logo\\\/image\\\/\",\"url\":\"https:\\\/\\\/shop.bantam.ch\\\/wp-content\\\/uploads\\\/2022\\\/12\\\/bantam-logo.png\",\"contentUrl\":\"https:\\\/\\\/shop.bantam.ch\\\/wp-content\\\/uploads\\\/2022\\\/12\\\/bantam-logo.png\",\"width\":320,\"height\":71,\"caption\":\"Bantam Camping AG\"},\"image\":{\"@id\":\"https:\\\/\\\/shop.bantam.ch\\\/de\\\/#\\\/schema\\\/logo\\\/image\\\/\"}}]}<\/script>\n<!-- \/ Yoast SEO plugin. -->","yoast_head_json":{"title":"Fahrradtr\u00e4ger Carry Bike Ducato Frame ab 2006 - Bantam Camping AG","robots":{"index":"index","follow":"follow","max-snippet":"max-snippet:-1","max-image-preview":"max-image-preview:large","max-video-preview":"max-video-preview:-1"},"canonical":"https:\/\/shop.bantam.ch\/de\/produkt\/fahrradtraeger-carry-bike-ducato-frame-ab-2006\/","og_locale":"de_DE","og_type":"article","og_title":"Fahrradtr\u00e4ger Carry Bike Ducato Frame ab 2006 - Bantam Camping AG","og_description":"Der Fahrradtr\u00e4ger f\u00fcr den Transport von 3 Fahrr\u00e4dern an einem Ducato mit doppelter Heckt\u00fcr.Wir stellen vor: der neue Carry-Bike von Fiamma speziell f\u00fcr Ducato &gt;2006. Der solide Edelstahlrahmen l\u00e4sst sich an den serienm\u00e4\u00dfig vorhandenen Kupplungspunkten des Fahrzeugs anbringen. Diese Ausf\u00fchrung erm\u00f6glicht ein Anbringen des Auflageb\u00fcgels in drei Positionen: Standardposition, mittlere Position und tiefer gesetzte Position [&hellip;]","og_url":"https:\/\/shop.bantam.ch\/de\/produkt\/fahrradtraeger-carry-bike-ducato-frame-ab-2006\/","og_site_name":"Bantam Camping AG","article_modified_time":"2026-04-18T22:35:50+00:00","og_image":[{"width":1000,"height":563,"url":"https:\/\/shop.bantam.ch\/wp-content\/uploads\/2023\/03\/994330311.jpg","type":"image\/jpeg"}],"twitter_card":"summary_large_image","twitter_misc":{"Gesch\u00e4tzte Lesezeit":"1\u00a0Minute"},"schema":{"@context":"https:\/\/schema.org","@graph":[{"@type":"WebPage","@id":"https:\/\/shop.bantam.ch\/de\/produkt\/fahrradtraeger-carry-bike-ducato-frame-ab-2006\/","url":"https:\/\/shop.bantam.ch\/de\/produkt\/fahrradtraeger-carry-bike-ducato-frame-ab-2006\/","name":"Fahrradtr\u00e4ger Carry Bike Ducato Frame ab 2006 - Bantam Camping AG","isPartOf":{"@id":"https:\/\/shop.bantam.ch\/de\/#website"},"primaryImageOfPage":{"@id":"https:\/\/shop.bantam.ch\/de\/produkt\/fahrradtraeger-carry-bike-ducato-frame-ab-2006\/#primaryimage"},"image":{"@id":"https:\/\/shop.bantam.ch\/de\/produkt\/fahrradtraeger-carry-bike-ducato-frame-ab-2006\/#primaryimage"},"thumbnailUrl":"https:\/\/shop.bantam.ch\/wp-content\/uploads\/2023\/03\/994330311.jpg","datePublished":"2023-03-29T11:06:15+00:00","dateModified":"2026-04-18T22:35:50+00:00","breadcrumb":{"@id":"https:\/\/shop.bantam.ch\/de\/produkt\/fahrradtraeger-carry-bike-ducato-frame-ab-2006\/#breadcrumb"},"inLanguage":"de","potentialAction":[{"@type":"ReadAction","target":["https:\/\/shop.bantam.ch\/de\/produkt\/fahrradtraeger-carry-bike-ducato-frame-ab-2006\/"]}]},{"@type":"ImageObject","inLanguage":"de","@id":"https:\/\/shop.bantam.ch\/de\/produkt\/fahrradtraeger-carry-bike-ducato-frame-ab-2006\/#primaryimage","url":"https:\/\/shop.bantam.ch\/wp-content\/uploads\/2023\/03\/994330311.jpg","contentUrl":"https:\/\/shop.bantam.ch\/wp-content\/uploads\/2023\/03\/994330311.jpg","width":1000,"height":563},{"@type":"BreadcrumbList","@id":"https:\/\/shop.bantam.ch\/de\/produkt\/fahrradtraeger-carry-bike-ducato-frame-ab-2006\/#breadcrumb","itemListElement":[{"@type":"ListItem","position":1,"name":"Accueil","item":"https:\/\/shop.bantam.ch\/de\/"},{"@type":"ListItem","position":2,"name":"Shop","item":"https:\/\/shop.bantam.ch\/de\/shop\/"},{"@type":"ListItem","position":3,"name":"Fahrradtr\u00e4ger Carry Bike Ducato Frame ab 2006"}]},{"@type":"WebSite","@id":"https:\/\/shop.bantam.ch\/de\/#website","url":"https:\/\/shop.bantam.ch\/de\/","name":"Bantam Camping AG","description":"","publisher":{"@id":"https:\/\/shop.bantam.ch\/de\/#organization"},"inLanguage":"de"},{"@type":"Organization","@id":"https:\/\/shop.bantam.ch\/de\/#organization","name":"Bantam Camping AG","url":"https:\/\/shop.bantam.ch\/de\/","logo":{"@type":"ImageObject","inLanguage":"de","@id":"https:\/\/shop.bantam.ch\/de\/#\/schema\/logo\/image\/","url":"https:\/\/shop.bantam.ch\/wp-content\/uploads\/2022\/12\/bantam-logo.png","contentUrl":"https:\/\/shop.bantam.ch\/wp-content\/uploads\/2022\/12\/bantam-logo.png","width":320,"height":71,"caption":"Bantam Camping AG"},"image":{"@id":"https:\/\/shop.bantam.ch\/de\/#\/schema\/logo\/image\/"}}]}},"_links":{"self":[{"href":"https:\/\/shop.bantam.ch\/de\/wp-json\/wp\/v2\/product\/167655","targetHints":{"allow":["GET"]}}],"collection":[{"href":"https:\/\/shop.bantam.ch\/de\/wp-json\/wp\/v2\/product"}],"about":[{"href":"https:\/\/shop.bantam.ch\/de\/wp-json\/wp\/v2\/types\/product"}],"wp:featuredmedia":[{"embeddable":true,"href":"https:\/\/shop.bantam.ch\/de\/wp-json\/wp\/v2\/media\/167645"}],"wp:attachment":[{"href":"https:\/\/shop.bantam.ch\/de\/wp-json\/wp\/v2\/media?parent=167655"}],"wp:term":[{"taxonomy":"product_featured_cat","embeddable":true,"href":"https:\/\/shop.bantam.ch\/de\/wp-json\/wp\/v2\/product_featured_cat?post=167655"},{"taxonomy":"product_brand","embeddable":true,"href":"https:\/\/shop.bantam.ch\/de\/wp-json\/wp\/v2\/product_brand?post=167655"},{"taxonomy":"product_cat","embeddable":true,"href":"https:\/\/shop.bantam.ch\/de\/wp-json\/wp\/v2\/product_cat?post=167655"},{"taxonomy":"product_tag","embeddable":true,"href":"https:\/\/shop.bantam.ch\/de\/wp-json\/wp\/v2\/product_tag?post=167655"}],"curies":[{"name":"wp","href":"https:\/\/api.w.org\/{rel}","templated":true}]}}