{"id":167152,"date":"2023-03-29T12:52:31","date_gmt":"2023-03-29T10:52:31","guid":{"rendered":"https:\/\/shop.bantam.ch\/produit\/fernseher-first-class-edition-dvd-inkl-soundbar\/"},"modified":"2026-05-03T00:22:00","modified_gmt":"2026-05-02T22:22:00","slug":"fernseher-first-class-edition-dvd-inkl-soundbar","status":"publish","type":"product","link":"https:\/\/shop.bantam.ch\/de\/produkt\/fernseher-first-class-edition-dvd-inkl-soundbar\/","title":{"rendered":"Fernseher first class edition DVD inkl. Soundbar"},"content":{"rendered":"<p>\u00a0Die ideale Erg\u00e4nzung f\u00fcr receiverunabh\u00e4ngig arbeitende Sat-Anlagen. Soundbar f\u00fcr optimalen Raumklang: Lautst\u00e4rkeregelung \u00fcber die Fernbedienung des Fernsehers. Mit Halterung f\u00fcr Montage direkt an dem TV. Stromversorgung erfolgt \u00fcber den Fernseher \u00fcber USB.<\/p>\n<p>Ausstattung:<\/p>\n<li>Dynamischer Kontrast: 3000:1<\/li>\n<li>Ausstattung: DVD, DVB-S\/S2\/T\/T2HD\/C, CI-Slot, HDMI, VGA, Scart, AV, USB<\/li>\n<li>Abmessungen ohne Fu\u00df<\/li>\n<li>Stromaufnahme Standby: <\/li>\n<li>Helligkeit: 200 cd \/m\u00b2<\/li>\n<li>Ma\u00dfe und Gewicht ohne Fu\u00df<\/li>\n<p>Lieferumfang:<br \/>LED TV<br \/>12 Volt Car Adapter<br \/>230 Volt Netzteil<br \/>DVB-Stabantenne + Soundbar<\/p>\n","protected":false},"excerpt":{"rendered":"<p>\u00a0Die ideale Erg\u00e4nzung f\u00fcr receiverunabh\u00e4ngig arbeitende Sat-Anlagen. Soundbar f\u00fcr optimalen Raumklang: Lautst\u00e4rkeregelung \u00fcber die Fernbedienung des Fernsehers. Mit Halterung f\u00fcr Montage direkt an dem TV. Stromversorgung erfolgt \u00fcber den Fernseher \u00fcber USB. Ausstattung: Dynamischer Kontrast: 3000:1 Ausstattung: DVD, DVB-S\/S2\/T\/T2HD\/C, CI-Slot, HDMI, VGA, Scart, AV, USB Abmessungen ohne Fu\u00df Stromaufnahme Standby: Helligkeit: 200 cd \/m\u00b2 Ma\u00dfe [&hellip;]<\/p>\n","protected":false},"featured_media":167133,"template":"","meta":{"_acf_changed":false},"product_featured_cat":[],"product_brand":[3601],"product_cat":[4506],"product_tag":[],"class_list":{"0":"post-167152","1":"product","2":"type-product","3":"status-publish","4":"has-post-thumbnail","6":"product_brand-reflexion-de","7":"product_cat-led-tv","9":"first","10":"instock","11":"taxable","12":"shipping-taxable","13":"purchasable","14":"product-type-variable"},"acf":[],"yoast_head":"<!-- This site is optimized with the Yoast SEO plugin v27.5 - https:\/\/yoast.com\/product\/yoast-seo-wordpress\/ -->\n<title>Fernseher first class edition DVD inkl. Soundbar - Bantam<\/title>\n<meta name=\"robots\" content=\"index, follow, max-snippet:-1, max-image-preview:large, max-video-preview:-1\" \/>\n<link rel=\"canonical\" href=\"https:\/\/shop.bantam.ch\/de\/produkt\/fernseher-first-class-edition-dvd-inkl-soundbar\/\" \/>\n<meta property=\"og:locale\" content=\"de_DE\" \/>\n<meta property=\"og:type\" content=\"article\" \/>\n<meta property=\"og:title\" content=\"Fernseher first class edition DVD inkl. Soundbar - Bantam\" \/>\n<meta property=\"og:description\" content=\"\u00a0Die ideale Erg\u00e4nzung f\u00fcr receiverunabh\u00e4ngig arbeitende Sat-Anlagen. Soundbar f\u00fcr optimalen Raumklang: Lautst\u00e4rkeregelung \u00fcber die Fernbedienung des Fernsehers. Mit Halterung f\u00fcr Montage direkt an dem TV. Stromversorgung erfolgt \u00fcber den Fernseher \u00fcber USB. Ausstattung: Dynamischer Kontrast: 3000:1 Ausstattung: DVD, DVB-S\/S2\/T\/T2HD\/C, CI-Slot, HDMI, VGA, Scart, AV, USB Abmessungen ohne Fu\u00df Stromaufnahme Standby: Helligkeit: 200 cd \/m\u00b2 Ma\u00dfe [&hellip;]\" \/>\n<meta property=\"og:url\" content=\"https:\/\/shop.bantam.ch\/de\/produkt\/fernseher-first-class-edition-dvd-inkl-soundbar\/\" \/>\n<meta property=\"og:site_name\" content=\"Bantam\" \/>\n<meta property=\"article:modified_time\" content=\"2026-05-02T22:22:00+00:00\" \/>\n<meta property=\"og:image\" content=\"https:\/\/shop.bantam.ch\/wp-content\/uploads\/2023\/03\/995495211.jpg\" \/>\n\t<meta property=\"og:image:width\" content=\"1000\" \/>\n\t<meta property=\"og:image:height\" content=\"641\" \/>\n\t<meta property=\"og:image:type\" content=\"image\/jpeg\" \/>\n<meta name=\"twitter:card\" content=\"summary_large_image\" \/>\n<script type=\"application\/ld+json\" class=\"yoast-schema-graph\">{\"@context\":\"https:\\\/\\\/schema.org\",\"@graph\":[{\"@type\":\"WebPage\",\"@id\":\"https:\\\/\\\/shop.bantam.ch\\\/de\\\/produkt\\\/fernseher-first-class-edition-dvd-inkl-soundbar\\\/\",\"url\":\"https:\\\/\\\/shop.bantam.ch\\\/de\\\/produkt\\\/fernseher-first-class-edition-dvd-inkl-soundbar\\\/\",\"name\":\"Fernseher first class edition DVD inkl. Soundbar - Bantam\",\"isPartOf\":{\"@id\":\"https:\\\/\\\/shop.bantam.ch\\\/de\\\/#website\"},\"primaryImageOfPage\":{\"@id\":\"https:\\\/\\\/shop.bantam.ch\\\/de\\\/produkt\\\/fernseher-first-class-edition-dvd-inkl-soundbar\\\/#primaryimage\"},\"image\":{\"@id\":\"https:\\\/\\\/shop.bantam.ch\\\/de\\\/produkt\\\/fernseher-first-class-edition-dvd-inkl-soundbar\\\/#primaryimage\"},\"thumbnailUrl\":\"https:\\\/\\\/shop.bantam.ch\\\/wp-content\\\/uploads\\\/2023\\\/03\\\/995495211.jpg\",\"datePublished\":\"2023-03-29T10:52:31+00:00\",\"dateModified\":\"2026-05-02T22:22:00+00:00\",\"breadcrumb\":{\"@id\":\"https:\\\/\\\/shop.bantam.ch\\\/de\\\/produkt\\\/fernseher-first-class-edition-dvd-inkl-soundbar\\\/#breadcrumb\"},\"inLanguage\":\"de\",\"potentialAction\":[{\"@type\":\"ReadAction\",\"target\":[\"https:\\\/\\\/shop.bantam.ch\\\/de\\\/produkt\\\/fernseher-first-class-edition-dvd-inkl-soundbar\\\/\"]}]},{\"@type\":\"ImageObject\",\"inLanguage\":\"de\",\"@id\":\"https:\\\/\\\/shop.bantam.ch\\\/de\\\/produkt\\\/fernseher-first-class-edition-dvd-inkl-soundbar\\\/#primaryimage\",\"url\":\"https:\\\/\\\/shop.bantam.ch\\\/wp-content\\\/uploads\\\/2023\\\/03\\\/995495211.jpg\",\"contentUrl\":\"https:\\\/\\\/shop.bantam.ch\\\/wp-content\\\/uploads\\\/2023\\\/03\\\/995495211.jpg\",\"width\":1000,\"height\":641},{\"@type\":\"BreadcrumbList\",\"@id\":\"https:\\\/\\\/shop.bantam.ch\\\/de\\\/produkt\\\/fernseher-first-class-edition-dvd-inkl-soundbar\\\/#breadcrumb\",\"itemListElement\":[{\"@type\":\"ListItem\",\"position\":1,\"name\":\"Accueil\",\"item\":\"https:\\\/\\\/shop.bantam.ch\\\/de\\\/\"},{\"@type\":\"ListItem\",\"position\":2,\"name\":\"Shop\",\"item\":\"https:\\\/\\\/shop.bantam.ch\\\/de\\\/shop\\\/\"},{\"@type\":\"ListItem\",\"position\":3,\"name\":\"Fernseher first class edition DVD inkl. Soundbar\"}]},{\"@type\":\"WebSite\",\"@id\":\"https:\\\/\\\/shop.bantam.ch\\\/de\\\/#website\",\"url\":\"https:\\\/\\\/shop.bantam.ch\\\/de\\\/\",\"name\":\"Bantam\",\"description\":\"\",\"publisher\":{\"@id\":\"https:\\\/\\\/shop.bantam.ch\\\/de\\\/#organization\"},\"inLanguage\":\"de\"},{\"@type\":\"Organization\",\"@id\":\"https:\\\/\\\/shop.bantam.ch\\\/de\\\/#organization\",\"name\":\"Bantam\",\"url\":\"https:\\\/\\\/shop.bantam.ch\\\/de\\\/\",\"logo\":{\"@type\":\"ImageObject\",\"inLanguage\":\"de\",\"@id\":\"https:\\\/\\\/shop.bantam.ch\\\/de\\\/#\\\/schema\\\/logo\\\/image\\\/\",\"url\":\"https:\\\/\\\/shop.bantam.ch\\\/wp-content\\\/uploads\\\/2022\\\/12\\\/bantam-logo.png\",\"contentUrl\":\"https:\\\/\\\/shop.bantam.ch\\\/wp-content\\\/uploads\\\/2022\\\/12\\\/bantam-logo.png\",\"width\":320,\"height\":71,\"caption\":\"Bantam\"},\"image\":{\"@id\":\"https:\\\/\\\/shop.bantam.ch\\\/de\\\/#\\\/schema\\\/logo\\\/image\\\/\"}}]}<\/script>\n<!-- \/ Yoast SEO plugin. -->","yoast_head_json":{"title":"Fernseher first class edition DVD inkl. Soundbar - Bantam","robots":{"index":"index","follow":"follow","max-snippet":"max-snippet:-1","max-image-preview":"max-image-preview:large","max-video-preview":"max-video-preview:-1"},"canonical":"https:\/\/shop.bantam.ch\/de\/produkt\/fernseher-first-class-edition-dvd-inkl-soundbar\/","og_locale":"de_DE","og_type":"article","og_title":"Fernseher first class edition DVD inkl. Soundbar - Bantam","og_description":"\u00a0Die ideale Erg\u00e4nzung f\u00fcr receiverunabh\u00e4ngig arbeitende Sat-Anlagen. Soundbar f\u00fcr optimalen Raumklang: Lautst\u00e4rkeregelung \u00fcber die Fernbedienung des Fernsehers. Mit Halterung f\u00fcr Montage direkt an dem TV. Stromversorgung erfolgt \u00fcber den Fernseher \u00fcber USB. Ausstattung: Dynamischer Kontrast: 3000:1 Ausstattung: DVD, DVB-S\/S2\/T\/T2HD\/C, CI-Slot, HDMI, VGA, Scart, AV, USB Abmessungen ohne Fu\u00df Stromaufnahme Standby: Helligkeit: 200 cd \/m\u00b2 Ma\u00dfe [&hellip;]","og_url":"https:\/\/shop.bantam.ch\/de\/produkt\/fernseher-first-class-edition-dvd-inkl-soundbar\/","og_site_name":"Bantam","article_modified_time":"2026-05-02T22:22:00+00:00","og_image":[{"width":1000,"height":641,"url":"https:\/\/shop.bantam.ch\/wp-content\/uploads\/2023\/03\/995495211.jpg","type":"image\/jpeg"}],"twitter_card":"summary_large_image","schema":{"@context":"https:\/\/schema.org","@graph":[{"@type":"WebPage","@id":"https:\/\/shop.bantam.ch\/de\/produkt\/fernseher-first-class-edition-dvd-inkl-soundbar\/","url":"https:\/\/shop.bantam.ch\/de\/produkt\/fernseher-first-class-edition-dvd-inkl-soundbar\/","name":"Fernseher first class edition DVD inkl. Soundbar - Bantam","isPartOf":{"@id":"https:\/\/shop.bantam.ch\/de\/#website"},"primaryImageOfPage":{"@id":"https:\/\/shop.bantam.ch\/de\/produkt\/fernseher-first-class-edition-dvd-inkl-soundbar\/#primaryimage"},"image":{"@id":"https:\/\/shop.bantam.ch\/de\/produkt\/fernseher-first-class-edition-dvd-inkl-soundbar\/#primaryimage"},"thumbnailUrl":"https:\/\/shop.bantam.ch\/wp-content\/uploads\/2023\/03\/995495211.jpg","datePublished":"2023-03-29T10:52:31+00:00","dateModified":"2026-05-02T22:22:00+00:00","breadcrumb":{"@id":"https:\/\/shop.bantam.ch\/de\/produkt\/fernseher-first-class-edition-dvd-inkl-soundbar\/#breadcrumb"},"inLanguage":"de","potentialAction":[{"@type":"ReadAction","target":["https:\/\/shop.bantam.ch\/de\/produkt\/fernseher-first-class-edition-dvd-inkl-soundbar\/"]}]},{"@type":"ImageObject","inLanguage":"de","@id":"https:\/\/shop.bantam.ch\/de\/produkt\/fernseher-first-class-edition-dvd-inkl-soundbar\/#primaryimage","url":"https:\/\/shop.bantam.ch\/wp-content\/uploads\/2023\/03\/995495211.jpg","contentUrl":"https:\/\/shop.bantam.ch\/wp-content\/uploads\/2023\/03\/995495211.jpg","width":1000,"height":641},{"@type":"BreadcrumbList","@id":"https:\/\/shop.bantam.ch\/de\/produkt\/fernseher-first-class-edition-dvd-inkl-soundbar\/#breadcrumb","itemListElement":[{"@type":"ListItem","position":1,"name":"Accueil","item":"https:\/\/shop.bantam.ch\/de\/"},{"@type":"ListItem","position":2,"name":"Shop","item":"https:\/\/shop.bantam.ch\/de\/shop\/"},{"@type":"ListItem","position":3,"name":"Fernseher first class edition DVD inkl. Soundbar"}]},{"@type":"WebSite","@id":"https:\/\/shop.bantam.ch\/de\/#website","url":"https:\/\/shop.bantam.ch\/de\/","name":"Bantam","description":"","publisher":{"@id":"https:\/\/shop.bantam.ch\/de\/#organization"},"inLanguage":"de"},{"@type":"Organization","@id":"https:\/\/shop.bantam.ch\/de\/#organization","name":"Bantam","url":"https:\/\/shop.bantam.ch\/de\/","logo":{"@type":"ImageObject","inLanguage":"de","@id":"https:\/\/shop.bantam.ch\/de\/#\/schema\/logo\/image\/","url":"https:\/\/shop.bantam.ch\/wp-content\/uploads\/2022\/12\/bantam-logo.png","contentUrl":"https:\/\/shop.bantam.ch\/wp-content\/uploads\/2022\/12\/bantam-logo.png","width":320,"height":71,"caption":"Bantam"},"image":{"@id":"https:\/\/shop.bantam.ch\/de\/#\/schema\/logo\/image\/"}}]}},"_links":{"self":[{"href":"https:\/\/shop.bantam.ch\/de\/wp-json\/wp\/v2\/product\/167152","targetHints":{"allow":["GET"]}}],"collection":[{"href":"https:\/\/shop.bantam.ch\/de\/wp-json\/wp\/v2\/product"}],"about":[{"href":"https:\/\/shop.bantam.ch\/de\/wp-json\/wp\/v2\/types\/product"}],"wp:featuredmedia":[{"embeddable":true,"href":"https:\/\/shop.bantam.ch\/de\/wp-json\/wp\/v2\/media\/167133"}],"wp:attachment":[{"href":"https:\/\/shop.bantam.ch\/de\/wp-json\/wp\/v2\/media?parent=167152"}],"wp:term":[{"taxonomy":"product_featured_cat","embeddable":true,"href":"https:\/\/shop.bantam.ch\/de\/wp-json\/wp\/v2\/product_featured_cat?post=167152"},{"taxonomy":"product_brand","embeddable":true,"href":"https:\/\/shop.bantam.ch\/de\/wp-json\/wp\/v2\/product_brand?post=167152"},{"taxonomy":"product_cat","embeddable":true,"href":"https:\/\/shop.bantam.ch\/de\/wp-json\/wp\/v2\/product_cat?post=167152"},{"taxonomy":"product_tag","embeddable":true,"href":"https:\/\/shop.bantam.ch\/de\/wp-json\/wp\/v2\/product_tag?post=167152"}],"curies":[{"name":"wp","href":"https:\/\/api.w.org\/{rel}","templated":true}]}}