{"id":167090,"date":"2023-03-29T12:50:15","date_gmt":"2023-03-29T10:50:15","guid":{"rendered":"https:\/\/shop.bantam.ch\/produit\/fensterrollo-db3h-plissiert-cremeweiss\/"},"modified":"2026-04-19T00:29:47","modified_gmt":"2026-04-18T22:29:47","slug":"fensterrollo-db3h-plissiert-cremeweiss","status":"publish","type":"product","link":"https:\/\/shop.bantam.ch\/de\/produkt\/fensterrollo-db3h-plissiert-cremeweiss\/","title":{"rendered":"Fensterrollo DB3H plissiert, cremewei\u00df"},"content":{"rendered":"<\/p>\n<ul>\n<li>Neues, modernes Design<\/li>\n<li>Vormontiert und perfekt auf die bestehenden Fensterma\u00dfe abgestimmt<\/li>\n<li>Verdunkelung und Insektenschutz stufenlos verstellbar<\/li>\n<li>Wabenmaterial f\u00fcr optimale Verdunkelung und exzellente W\u00e4rmeisolierung<\/li>\n<li>Maximales Sichtfeld durch Einsatz schlanker Profile<\/li>\n<li>Keine sichtbaren Schrauben<\/li>\n<li>Werkzeugfreies Nachspannen von Rollo und Insektenschutz<\/li>\n<\/ul>\n","protected":false},"excerpt":{"rendered":"<p>Neues, modernes Design Vormontiert und perfekt auf die bestehenden Fensterma\u00dfe abgestimmt Verdunkelung und Insektenschutz stufenlos verstellbar Wabenmaterial f\u00fcr optimale Verdunkelung und exzellente W\u00e4rmeisolierung Maximales Sichtfeld durch Einsatz schlanker Profile Keine sichtbaren Schrauben Werkzeugfreies Nachspannen von Rollo und Insektenschutz<\/p>\n","protected":false},"featured_media":167035,"template":"","meta":{"_acf_changed":false},"product_featured_cat":[],"product_brand":[3029],"product_cat":[4724],"product_tag":[],"class_list":{"0":"post-167090","1":"product","2":"type-product","3":"status-publish","4":"has-post-thumbnail","6":"product_brand-dometic-de","7":"product_cat-rollos","9":"first","10":"instock","11":"taxable","12":"shipping-taxable","13":"purchasable","14":"product-type-variable"},"acf":[],"yoast_head":"<!-- This site is optimized with the Yoast SEO plugin v27.4 - https:\/\/yoast.com\/product\/yoast-seo-wordpress\/ -->\n<title>Fensterrollo DB3H plissiert, cremewei\u00df - Bantam Camping AG<\/title>\n<meta name=\"robots\" content=\"index, follow, max-snippet:-1, max-image-preview:large, max-video-preview:-1\" \/>\n<link rel=\"canonical\" href=\"https:\/\/shop.bantam.ch\/de\/produkt\/fensterrollo-db3h-plissiert-cremeweiss\/\" \/>\n<meta property=\"og:locale\" content=\"de_DE\" \/>\n<meta property=\"og:type\" content=\"article\" \/>\n<meta property=\"og:title\" content=\"Fensterrollo DB3H plissiert, cremewei\u00df - Bantam Camping AG\" \/>\n<meta property=\"og:description\" content=\"Neues, modernes Design Vormontiert und perfekt auf die bestehenden Fensterma\u00dfe abgestimmt Verdunkelung und Insektenschutz stufenlos verstellbar Wabenmaterial f\u00fcr optimale Verdunkelung und exzellente W\u00e4rmeisolierung Maximales Sichtfeld durch Einsatz schlanker Profile Keine sichtbaren Schrauben Werkzeugfreies Nachspannen von Rollo und Insektenschutz\" \/>\n<meta property=\"og:url\" content=\"https:\/\/shop.bantam.ch\/de\/produkt\/fensterrollo-db3h-plissiert-cremeweiss\/\" \/>\n<meta property=\"og:site_name\" content=\"Bantam Camping AG\" \/>\n<meta property=\"article:modified_time\" content=\"2026-04-18T22:29:47+00:00\" \/>\n<meta property=\"og:image\" content=\"https:\/\/shop.bantam.ch\/wp-content\/uploads\/2023\/03\/994269611.jpg\" \/>\n\t<meta property=\"og:image:width\" content=\"1000\" \/>\n\t<meta property=\"og:image:height\" content=\"1000\" \/>\n\t<meta property=\"og:image:type\" content=\"image\/jpeg\" \/>\n<meta name=\"twitter:card\" content=\"summary_large_image\" \/>\n<script type=\"application\/ld+json\" class=\"yoast-schema-graph\">{\"@context\":\"https:\\\/\\\/schema.org\",\"@graph\":[{\"@type\":\"WebPage\",\"@id\":\"https:\\\/\\\/shop.bantam.ch\\\/de\\\/produkt\\\/fensterrollo-db3h-plissiert-cremeweiss\\\/\",\"url\":\"https:\\\/\\\/shop.bantam.ch\\\/de\\\/produkt\\\/fensterrollo-db3h-plissiert-cremeweiss\\\/\",\"name\":\"Fensterrollo DB3H plissiert, cremewei\u00df - Bantam Camping AG\",\"isPartOf\":{\"@id\":\"https:\\\/\\\/shop.bantam.ch\\\/de\\\/#website\"},\"primaryImageOfPage\":{\"@id\":\"https:\\\/\\\/shop.bantam.ch\\\/de\\\/produkt\\\/fensterrollo-db3h-plissiert-cremeweiss\\\/#primaryimage\"},\"image\":{\"@id\":\"https:\\\/\\\/shop.bantam.ch\\\/de\\\/produkt\\\/fensterrollo-db3h-plissiert-cremeweiss\\\/#primaryimage\"},\"thumbnailUrl\":\"https:\\\/\\\/shop.bantam.ch\\\/wp-content\\\/uploads\\\/2023\\\/03\\\/994269611.jpg\",\"datePublished\":\"2023-03-29T10:50:15+00:00\",\"dateModified\":\"2026-04-18T22:29:47+00:00\",\"breadcrumb\":{\"@id\":\"https:\\\/\\\/shop.bantam.ch\\\/de\\\/produkt\\\/fensterrollo-db3h-plissiert-cremeweiss\\\/#breadcrumb\"},\"inLanguage\":\"de\",\"potentialAction\":[{\"@type\":\"ReadAction\",\"target\":[\"https:\\\/\\\/shop.bantam.ch\\\/de\\\/produkt\\\/fensterrollo-db3h-plissiert-cremeweiss\\\/\"]}]},{\"@type\":\"ImageObject\",\"inLanguage\":\"de\",\"@id\":\"https:\\\/\\\/shop.bantam.ch\\\/de\\\/produkt\\\/fensterrollo-db3h-plissiert-cremeweiss\\\/#primaryimage\",\"url\":\"https:\\\/\\\/shop.bantam.ch\\\/wp-content\\\/uploads\\\/2023\\\/03\\\/994269611.jpg\",\"contentUrl\":\"https:\\\/\\\/shop.bantam.ch\\\/wp-content\\\/uploads\\\/2023\\\/03\\\/994269611.jpg\",\"width\":1000,\"height\":1000},{\"@type\":\"BreadcrumbList\",\"@id\":\"https:\\\/\\\/shop.bantam.ch\\\/de\\\/produkt\\\/fensterrollo-db3h-plissiert-cremeweiss\\\/#breadcrumb\",\"itemListElement\":[{\"@type\":\"ListItem\",\"position\":1,\"name\":\"Accueil\",\"item\":\"https:\\\/\\\/shop.bantam.ch\\\/de\\\/\"},{\"@type\":\"ListItem\",\"position\":2,\"name\":\"Shop\",\"item\":\"https:\\\/\\\/shop.bantam.ch\\\/de\\\/shop\\\/\"},{\"@type\":\"ListItem\",\"position\":3,\"name\":\"Fensterrollo DB3H plissiert, cremewei\u00df\"}]},{\"@type\":\"WebSite\",\"@id\":\"https:\\\/\\\/shop.bantam.ch\\\/de\\\/#website\",\"url\":\"https:\\\/\\\/shop.bantam.ch\\\/de\\\/\",\"name\":\"Bantam Camping AG\",\"description\":\"\",\"publisher\":{\"@id\":\"https:\\\/\\\/shop.bantam.ch\\\/de\\\/#organization\"},\"inLanguage\":\"de\"},{\"@type\":\"Organization\",\"@id\":\"https:\\\/\\\/shop.bantam.ch\\\/de\\\/#organization\",\"name\":\"Bantam Camping AG\",\"url\":\"https:\\\/\\\/shop.bantam.ch\\\/de\\\/\",\"logo\":{\"@type\":\"ImageObject\",\"inLanguage\":\"de\",\"@id\":\"https:\\\/\\\/shop.bantam.ch\\\/de\\\/#\\\/schema\\\/logo\\\/image\\\/\",\"url\":\"https:\\\/\\\/shop.bantam.ch\\\/wp-content\\\/uploads\\\/2022\\\/12\\\/bantam-logo.png\",\"contentUrl\":\"https:\\\/\\\/shop.bantam.ch\\\/wp-content\\\/uploads\\\/2022\\\/12\\\/bantam-logo.png\",\"width\":320,\"height\":71,\"caption\":\"Bantam Camping AG\"},\"image\":{\"@id\":\"https:\\\/\\\/shop.bantam.ch\\\/de\\\/#\\\/schema\\\/logo\\\/image\\\/\"}}]}<\/script>\n<!-- \/ Yoast SEO plugin. -->","yoast_head_json":{"title":"Fensterrollo DB3H plissiert, cremewei\u00df - Bantam Camping AG","robots":{"index":"index","follow":"follow","max-snippet":"max-snippet:-1","max-image-preview":"max-image-preview:large","max-video-preview":"max-video-preview:-1"},"canonical":"https:\/\/shop.bantam.ch\/de\/produkt\/fensterrollo-db3h-plissiert-cremeweiss\/","og_locale":"de_DE","og_type":"article","og_title":"Fensterrollo DB3H plissiert, cremewei\u00df - Bantam Camping AG","og_description":"Neues, modernes Design Vormontiert und perfekt auf die bestehenden Fensterma\u00dfe abgestimmt Verdunkelung und Insektenschutz stufenlos verstellbar Wabenmaterial f\u00fcr optimale Verdunkelung und exzellente W\u00e4rmeisolierung Maximales Sichtfeld durch Einsatz schlanker Profile Keine sichtbaren Schrauben Werkzeugfreies Nachspannen von Rollo und Insektenschutz","og_url":"https:\/\/shop.bantam.ch\/de\/produkt\/fensterrollo-db3h-plissiert-cremeweiss\/","og_site_name":"Bantam Camping AG","article_modified_time":"2026-04-18T22:29:47+00:00","og_image":[{"width":1000,"height":1000,"url":"https:\/\/shop.bantam.ch\/wp-content\/uploads\/2023\/03\/994269611.jpg","type":"image\/jpeg"}],"twitter_card":"summary_large_image","schema":{"@context":"https:\/\/schema.org","@graph":[{"@type":"WebPage","@id":"https:\/\/shop.bantam.ch\/de\/produkt\/fensterrollo-db3h-plissiert-cremeweiss\/","url":"https:\/\/shop.bantam.ch\/de\/produkt\/fensterrollo-db3h-plissiert-cremeweiss\/","name":"Fensterrollo DB3H plissiert, cremewei\u00df - Bantam Camping AG","isPartOf":{"@id":"https:\/\/shop.bantam.ch\/de\/#website"},"primaryImageOfPage":{"@id":"https:\/\/shop.bantam.ch\/de\/produkt\/fensterrollo-db3h-plissiert-cremeweiss\/#primaryimage"},"image":{"@id":"https:\/\/shop.bantam.ch\/de\/produkt\/fensterrollo-db3h-plissiert-cremeweiss\/#primaryimage"},"thumbnailUrl":"https:\/\/shop.bantam.ch\/wp-content\/uploads\/2023\/03\/994269611.jpg","datePublished":"2023-03-29T10:50:15+00:00","dateModified":"2026-04-18T22:29:47+00:00","breadcrumb":{"@id":"https:\/\/shop.bantam.ch\/de\/produkt\/fensterrollo-db3h-plissiert-cremeweiss\/#breadcrumb"},"inLanguage":"de","potentialAction":[{"@type":"ReadAction","target":["https:\/\/shop.bantam.ch\/de\/produkt\/fensterrollo-db3h-plissiert-cremeweiss\/"]}]},{"@type":"ImageObject","inLanguage":"de","@id":"https:\/\/shop.bantam.ch\/de\/produkt\/fensterrollo-db3h-plissiert-cremeweiss\/#primaryimage","url":"https:\/\/shop.bantam.ch\/wp-content\/uploads\/2023\/03\/994269611.jpg","contentUrl":"https:\/\/shop.bantam.ch\/wp-content\/uploads\/2023\/03\/994269611.jpg","width":1000,"height":1000},{"@type":"BreadcrumbList","@id":"https:\/\/shop.bantam.ch\/de\/produkt\/fensterrollo-db3h-plissiert-cremeweiss\/#breadcrumb","itemListElement":[{"@type":"ListItem","position":1,"name":"Accueil","item":"https:\/\/shop.bantam.ch\/de\/"},{"@type":"ListItem","position":2,"name":"Shop","item":"https:\/\/shop.bantam.ch\/de\/shop\/"},{"@type":"ListItem","position":3,"name":"Fensterrollo DB3H plissiert, cremewei\u00df"}]},{"@type":"WebSite","@id":"https:\/\/shop.bantam.ch\/de\/#website","url":"https:\/\/shop.bantam.ch\/de\/","name":"Bantam Camping AG","description":"","publisher":{"@id":"https:\/\/shop.bantam.ch\/de\/#organization"},"inLanguage":"de"},{"@type":"Organization","@id":"https:\/\/shop.bantam.ch\/de\/#organization","name":"Bantam Camping AG","url":"https:\/\/shop.bantam.ch\/de\/","logo":{"@type":"ImageObject","inLanguage":"de","@id":"https:\/\/shop.bantam.ch\/de\/#\/schema\/logo\/image\/","url":"https:\/\/shop.bantam.ch\/wp-content\/uploads\/2022\/12\/bantam-logo.png","contentUrl":"https:\/\/shop.bantam.ch\/wp-content\/uploads\/2022\/12\/bantam-logo.png","width":320,"height":71,"caption":"Bantam Camping AG"},"image":{"@id":"https:\/\/shop.bantam.ch\/de\/#\/schema\/logo\/image\/"}}]}},"_links":{"self":[{"href":"https:\/\/shop.bantam.ch\/de\/wp-json\/wp\/v2\/product\/167090","targetHints":{"allow":["GET"]}}],"collection":[{"href":"https:\/\/shop.bantam.ch\/de\/wp-json\/wp\/v2\/product"}],"about":[{"href":"https:\/\/shop.bantam.ch\/de\/wp-json\/wp\/v2\/types\/product"}],"wp:featuredmedia":[{"embeddable":true,"href":"https:\/\/shop.bantam.ch\/de\/wp-json\/wp\/v2\/media\/167035"}],"wp:attachment":[{"href":"https:\/\/shop.bantam.ch\/de\/wp-json\/wp\/v2\/media?parent=167090"}],"wp:term":[{"taxonomy":"product_featured_cat","embeddable":true,"href":"https:\/\/shop.bantam.ch\/de\/wp-json\/wp\/v2\/product_featured_cat?post=167090"},{"taxonomy":"product_brand","embeddable":true,"href":"https:\/\/shop.bantam.ch\/de\/wp-json\/wp\/v2\/product_brand?post=167090"},{"taxonomy":"product_cat","embeddable":true,"href":"https:\/\/shop.bantam.ch\/de\/wp-json\/wp\/v2\/product_cat?post=167090"},{"taxonomy":"product_tag","embeddable":true,"href":"https:\/\/shop.bantam.ch\/de\/wp-json\/wp\/v2\/product_tag?post=167090"}],"curies":[{"name":"wp","href":"https:\/\/api.w.org\/{rel}","templated":true}]}}