{"id":167031,"date":"2023-03-29T12:49:53","date_gmt":"2023-03-29T10:49:53","guid":{"rendered":"https:\/\/shop.bantam.ch\/produit\/dachluefter-vent-28-f\/"},"modified":"2026-04-19T00:29:39","modified_gmt":"2026-04-18T22:29:39","slug":"dachluefter-vent-28-f","status":"publish","type":"product","link":"https:\/\/shop.bantam.ch\/de\/produkt\/dachluefter-vent-28-f\/","title":{"rendered":"Dachl\u00fcfter Vent 28 F"},"content":{"rendered":"<p>Mehr Licht bei wenig Platz<\/p>\n<p>Neues Design und aerodynamische Form<\/p>\n<p>Die neue Dachhaube mit 28 x 28 cm eignet sich perfekt f\u00fcr beengte Raumverh\u00e4ltnisse und garantiert reichlich Innenlicht. Durch ihr unauff\u00e4lliges und elegantes Rahmendesign eignet sie sich perfekt f\u00fcr jedes Ambiente und aufgrund ihrer aerodynamischen Formgebung ist keine Montage eines Spoilers notwendig. Die Dachhaube mit permanenter Bel\u00fcftung ist serienm\u00e4\u00dfig mit einem robusten Moskitonetz aus Aluminium ausgestattet. Dank des Sandwich-Systems zur Montage aus dem Fahrzeuginneren m\u00fcssen Sie keine weiteren L\u00f6cher in das Fahrzeugdach bohren.<\/p>\n<p>Produktvorteile<\/p>\n<ul>\n<li>Mehr Licht und bessere Sicht<\/li>\n<li>Aerodynamisch<\/li>\n<li>Komplett mit zweilagiger Abdeckung<\/li>\n<li>Ausgestattet mit einem abnehmbaren Moskitonetz<\/li>\n<li>Sandwich Montage<\/li>\n<li>Motorisiertes L\u00fcftungskit als Zubeh\u00f6r erh\u00e4ltlich<\/li>\n<\/ul>\n<p>Technische Eigenschaften<\/p>\n<ul>\n<li>Abmessungen: 28 x 28 cm<\/li>\n<li>\u00e0\u201eu\u00dfere Ma\u00dfe: 32 x 34 cm<\/li>\n<li>Innere Ma\u00dfe: 31 x 34 cm<\/li>\n<li>Innenlicht: 25 x 25 cm<\/li>\n<li>Haubenh\u00f6he: 9 cm<\/li>\n<li>Dachst\u00e4rke (min. &#8211; max.): 2,8 &#8211; 5,0 cm<\/li>\n<li>Permanente Bel\u00fcftung: 80 cm\u00b2<\/li>\n<\/ul>\n","protected":false},"excerpt":{"rendered":"<p>Mehr Licht bei wenig Platz Neues Design und aerodynamische Form Die neue Dachhaube mit 28 x 28 cm eignet sich perfekt f\u00fcr beengte Raumverh\u00e4ltnisse und garantiert reichlich Innenlicht. Durch ihr unauff\u00e4lliges und elegantes Rahmendesign eignet sie sich perfekt f\u00fcr jedes Ambiente und aufgrund ihrer aerodynamischen Formgebung ist keine Montage eines Spoilers notwendig. Die Dachhaube mit [&hellip;]<\/p>\n","protected":false},"featured_media":167017,"template":"","meta":{"_acf_changed":false},"product_featured_cat":[],"product_brand":[3035],"product_cat":[4128],"product_tag":[],"class_list":{"0":"post-167031","1":"product","2":"type-product","3":"status-publish","4":"has-post-thumbnail","6":"product_brand-fiamma-de","7":"product_cat-dachhauben-fenster","9":"first","10":"instock","11":"taxable","12":"shipping-taxable","13":"purchasable","14":"product-type-variable"},"acf":[],"yoast_head":"<!-- This site is optimized with the Yoast SEO plugin v27.4 - https:\/\/yoast.com\/product\/yoast-seo-wordpress\/ -->\n<title>Dachl\u00fcfter Vent 28 F - Bantam Camping AG<\/title>\n<meta name=\"robots\" content=\"index, follow, max-snippet:-1, max-image-preview:large, max-video-preview:-1\" \/>\n<link rel=\"canonical\" href=\"https:\/\/shop.bantam.ch\/de\/produkt\/dachluefter-vent-28-f\/\" \/>\n<meta property=\"og:locale\" content=\"de_DE\" \/>\n<meta property=\"og:type\" content=\"article\" \/>\n<meta property=\"og:title\" content=\"Dachl\u00fcfter Vent 28 F - Bantam Camping AG\" \/>\n<meta property=\"og:description\" content=\"Mehr Licht bei wenig Platz Neues Design und aerodynamische Form Die neue Dachhaube mit 28 x 28 cm eignet sich perfekt f\u00fcr beengte Raumverh\u00e4ltnisse und garantiert reichlich Innenlicht. Durch ihr unauff\u00e4lliges und elegantes Rahmendesign eignet sie sich perfekt f\u00fcr jedes Ambiente und aufgrund ihrer aerodynamischen Formgebung ist keine Montage eines Spoilers notwendig. Die Dachhaube mit [&hellip;]\" \/>\n<meta property=\"og:url\" content=\"https:\/\/shop.bantam.ch\/de\/produkt\/dachluefter-vent-28-f\/\" \/>\n<meta property=\"og:site_name\" content=\"Bantam Camping AG\" \/>\n<meta property=\"article:modified_time\" content=\"2026-04-18T22:29:39+00:00\" \/>\n<meta property=\"og:image\" content=\"https:\/\/shop.bantam.ch\/wp-content\/uploads\/2023\/03\/994251211.jpg\" \/>\n\t<meta property=\"og:image:width\" content=\"1000\" \/>\n\t<meta property=\"og:image:height\" content=\"773\" \/>\n\t<meta property=\"og:image:type\" content=\"image\/jpeg\" \/>\n<meta name=\"twitter:card\" content=\"summary_large_image\" \/>\n<meta name=\"twitter:label1\" content=\"Gesch\u00e4tzte Lesezeit\" \/>\n\t<meta name=\"twitter:data1\" content=\"1\u00a0Minute\" \/>\n<script type=\"application\/ld+json\" class=\"yoast-schema-graph\">{\"@context\":\"https:\\\/\\\/schema.org\",\"@graph\":[{\"@type\":\"WebPage\",\"@id\":\"https:\\\/\\\/shop.bantam.ch\\\/de\\\/produkt\\\/dachluefter-vent-28-f\\\/\",\"url\":\"https:\\\/\\\/shop.bantam.ch\\\/de\\\/produkt\\\/dachluefter-vent-28-f\\\/\",\"name\":\"Dachl\u00fcfter Vent 28 F - Bantam Camping AG\",\"isPartOf\":{\"@id\":\"https:\\\/\\\/shop.bantam.ch\\\/de\\\/#website\"},\"primaryImageOfPage\":{\"@id\":\"https:\\\/\\\/shop.bantam.ch\\\/de\\\/produkt\\\/dachluefter-vent-28-f\\\/#primaryimage\"},\"image\":{\"@id\":\"https:\\\/\\\/shop.bantam.ch\\\/de\\\/produkt\\\/dachluefter-vent-28-f\\\/#primaryimage\"},\"thumbnailUrl\":\"https:\\\/\\\/shop.bantam.ch\\\/wp-content\\\/uploads\\\/2023\\\/03\\\/994251211.jpg\",\"datePublished\":\"2023-03-29T10:49:53+00:00\",\"dateModified\":\"2026-04-18T22:29:39+00:00\",\"breadcrumb\":{\"@id\":\"https:\\\/\\\/shop.bantam.ch\\\/de\\\/produkt\\\/dachluefter-vent-28-f\\\/#breadcrumb\"},\"inLanguage\":\"de\",\"potentialAction\":[{\"@type\":\"ReadAction\",\"target\":[\"https:\\\/\\\/shop.bantam.ch\\\/de\\\/produkt\\\/dachluefter-vent-28-f\\\/\"]}]},{\"@type\":\"ImageObject\",\"inLanguage\":\"de\",\"@id\":\"https:\\\/\\\/shop.bantam.ch\\\/de\\\/produkt\\\/dachluefter-vent-28-f\\\/#primaryimage\",\"url\":\"https:\\\/\\\/shop.bantam.ch\\\/wp-content\\\/uploads\\\/2023\\\/03\\\/994251211.jpg\",\"contentUrl\":\"https:\\\/\\\/shop.bantam.ch\\\/wp-content\\\/uploads\\\/2023\\\/03\\\/994251211.jpg\",\"width\":1000,\"height\":773},{\"@type\":\"BreadcrumbList\",\"@id\":\"https:\\\/\\\/shop.bantam.ch\\\/de\\\/produkt\\\/dachluefter-vent-28-f\\\/#breadcrumb\",\"itemListElement\":[{\"@type\":\"ListItem\",\"position\":1,\"name\":\"Accueil\",\"item\":\"https:\\\/\\\/shop.bantam.ch\\\/de\\\/\"},{\"@type\":\"ListItem\",\"position\":2,\"name\":\"Shop\",\"item\":\"https:\\\/\\\/shop.bantam.ch\\\/de\\\/shop\\\/\"},{\"@type\":\"ListItem\",\"position\":3,\"name\":\"Dachl\u00fcfter Vent 28 F\"}]},{\"@type\":\"WebSite\",\"@id\":\"https:\\\/\\\/shop.bantam.ch\\\/de\\\/#website\",\"url\":\"https:\\\/\\\/shop.bantam.ch\\\/de\\\/\",\"name\":\"Bantam Camping AG\",\"description\":\"\",\"publisher\":{\"@id\":\"https:\\\/\\\/shop.bantam.ch\\\/de\\\/#organization\"},\"inLanguage\":\"de\"},{\"@type\":\"Organization\",\"@id\":\"https:\\\/\\\/shop.bantam.ch\\\/de\\\/#organization\",\"name\":\"Bantam Camping AG\",\"url\":\"https:\\\/\\\/shop.bantam.ch\\\/de\\\/\",\"logo\":{\"@type\":\"ImageObject\",\"inLanguage\":\"de\",\"@id\":\"https:\\\/\\\/shop.bantam.ch\\\/de\\\/#\\\/schema\\\/logo\\\/image\\\/\",\"url\":\"https:\\\/\\\/shop.bantam.ch\\\/wp-content\\\/uploads\\\/2022\\\/12\\\/bantam-logo.png\",\"contentUrl\":\"https:\\\/\\\/shop.bantam.ch\\\/wp-content\\\/uploads\\\/2022\\\/12\\\/bantam-logo.png\",\"width\":320,\"height\":71,\"caption\":\"Bantam Camping AG\"},\"image\":{\"@id\":\"https:\\\/\\\/shop.bantam.ch\\\/de\\\/#\\\/schema\\\/logo\\\/image\\\/\"}}]}<\/script>\n<!-- \/ Yoast SEO plugin. -->","yoast_head_json":{"title":"Dachl\u00fcfter Vent 28 F - Bantam Camping AG","robots":{"index":"index","follow":"follow","max-snippet":"max-snippet:-1","max-image-preview":"max-image-preview:large","max-video-preview":"max-video-preview:-1"},"canonical":"https:\/\/shop.bantam.ch\/de\/produkt\/dachluefter-vent-28-f\/","og_locale":"de_DE","og_type":"article","og_title":"Dachl\u00fcfter Vent 28 F - Bantam Camping AG","og_description":"Mehr Licht bei wenig Platz Neues Design und aerodynamische Form Die neue Dachhaube mit 28 x 28 cm eignet sich perfekt f\u00fcr beengte Raumverh\u00e4ltnisse und garantiert reichlich Innenlicht. Durch ihr unauff\u00e4lliges und elegantes Rahmendesign eignet sie sich perfekt f\u00fcr jedes Ambiente und aufgrund ihrer aerodynamischen Formgebung ist keine Montage eines Spoilers notwendig. Die Dachhaube mit [&hellip;]","og_url":"https:\/\/shop.bantam.ch\/de\/produkt\/dachluefter-vent-28-f\/","og_site_name":"Bantam Camping AG","article_modified_time":"2026-04-18T22:29:39+00:00","og_image":[{"width":1000,"height":773,"url":"https:\/\/shop.bantam.ch\/wp-content\/uploads\/2023\/03\/994251211.jpg","type":"image\/jpeg"}],"twitter_card":"summary_large_image","twitter_misc":{"Gesch\u00e4tzte Lesezeit":"1\u00a0Minute"},"schema":{"@context":"https:\/\/schema.org","@graph":[{"@type":"WebPage","@id":"https:\/\/shop.bantam.ch\/de\/produkt\/dachluefter-vent-28-f\/","url":"https:\/\/shop.bantam.ch\/de\/produkt\/dachluefter-vent-28-f\/","name":"Dachl\u00fcfter Vent 28 F - Bantam Camping AG","isPartOf":{"@id":"https:\/\/shop.bantam.ch\/de\/#website"},"primaryImageOfPage":{"@id":"https:\/\/shop.bantam.ch\/de\/produkt\/dachluefter-vent-28-f\/#primaryimage"},"image":{"@id":"https:\/\/shop.bantam.ch\/de\/produkt\/dachluefter-vent-28-f\/#primaryimage"},"thumbnailUrl":"https:\/\/shop.bantam.ch\/wp-content\/uploads\/2023\/03\/994251211.jpg","datePublished":"2023-03-29T10:49:53+00:00","dateModified":"2026-04-18T22:29:39+00:00","breadcrumb":{"@id":"https:\/\/shop.bantam.ch\/de\/produkt\/dachluefter-vent-28-f\/#breadcrumb"},"inLanguage":"de","potentialAction":[{"@type":"ReadAction","target":["https:\/\/shop.bantam.ch\/de\/produkt\/dachluefter-vent-28-f\/"]}]},{"@type":"ImageObject","inLanguage":"de","@id":"https:\/\/shop.bantam.ch\/de\/produkt\/dachluefter-vent-28-f\/#primaryimage","url":"https:\/\/shop.bantam.ch\/wp-content\/uploads\/2023\/03\/994251211.jpg","contentUrl":"https:\/\/shop.bantam.ch\/wp-content\/uploads\/2023\/03\/994251211.jpg","width":1000,"height":773},{"@type":"BreadcrumbList","@id":"https:\/\/shop.bantam.ch\/de\/produkt\/dachluefter-vent-28-f\/#breadcrumb","itemListElement":[{"@type":"ListItem","position":1,"name":"Accueil","item":"https:\/\/shop.bantam.ch\/de\/"},{"@type":"ListItem","position":2,"name":"Shop","item":"https:\/\/shop.bantam.ch\/de\/shop\/"},{"@type":"ListItem","position":3,"name":"Dachl\u00fcfter Vent 28 F"}]},{"@type":"WebSite","@id":"https:\/\/shop.bantam.ch\/de\/#website","url":"https:\/\/shop.bantam.ch\/de\/","name":"Bantam Camping AG","description":"","publisher":{"@id":"https:\/\/shop.bantam.ch\/de\/#organization"},"inLanguage":"de"},{"@type":"Organization","@id":"https:\/\/shop.bantam.ch\/de\/#organization","name":"Bantam Camping AG","url":"https:\/\/shop.bantam.ch\/de\/","logo":{"@type":"ImageObject","inLanguage":"de","@id":"https:\/\/shop.bantam.ch\/de\/#\/schema\/logo\/image\/","url":"https:\/\/shop.bantam.ch\/wp-content\/uploads\/2022\/12\/bantam-logo.png","contentUrl":"https:\/\/shop.bantam.ch\/wp-content\/uploads\/2022\/12\/bantam-logo.png","width":320,"height":71,"caption":"Bantam Camping AG"},"image":{"@id":"https:\/\/shop.bantam.ch\/de\/#\/schema\/logo\/image\/"}}]}},"_links":{"self":[{"href":"https:\/\/shop.bantam.ch\/de\/wp-json\/wp\/v2\/product\/167031","targetHints":{"allow":["GET"]}}],"collection":[{"href":"https:\/\/shop.bantam.ch\/de\/wp-json\/wp\/v2\/product"}],"about":[{"href":"https:\/\/shop.bantam.ch\/de\/wp-json\/wp\/v2\/types\/product"}],"wp:featuredmedia":[{"embeddable":true,"href":"https:\/\/shop.bantam.ch\/de\/wp-json\/wp\/v2\/media\/167017"}],"wp:attachment":[{"href":"https:\/\/shop.bantam.ch\/de\/wp-json\/wp\/v2\/media?parent=167031"}],"wp:term":[{"taxonomy":"product_featured_cat","embeddable":true,"href":"https:\/\/shop.bantam.ch\/de\/wp-json\/wp\/v2\/product_featured_cat?post=167031"},{"taxonomy":"product_brand","embeddable":true,"href":"https:\/\/shop.bantam.ch\/de\/wp-json\/wp\/v2\/product_brand?post=167031"},{"taxonomy":"product_cat","embeddable":true,"href":"https:\/\/shop.bantam.ch\/de\/wp-json\/wp\/v2\/product_cat?post=167031"},{"taxonomy":"product_tag","embeddable":true,"href":"https:\/\/shop.bantam.ch\/de\/wp-json\/wp\/v2\/product_tag?post=167031"}],"curies":[{"name":"wp","href":"https:\/\/api.w.org\/{rel}","templated":true}]}}