{"id":166529,"date":"2023-03-29T12:36:05","date_gmt":"2023-03-29T10:36:05","guid":{"rendered":"https:\/\/shop.bantam.ch\/produit\/dachmarkise-omnistor-9200-mit-motor-gehaeuse-weiss\/"},"modified":"2026-04-18T00:24:07","modified_gmt":"2026-04-17T22:24:07","slug":"dachmarkise-omnistor-9200-mit-motor-gehaeuse-weiss","status":"publish","type":"product","link":"https:\/\/shop.bantam.ch\/de\/produkt\/dachmarkise-omnistor-9200-mit-motor-gehaeuse-weiss\/","title":{"rendered":"Dachmarkise Omnistor 9200 mit Motor &#8211; Geh\u00e4use wei\u00df"},"content":{"rendered":"<\/p>\n<ul>\n<li>Der kraftvolle 220\u2009V Motor ist mittels Fernbedienung einfach und sicher zu Steuern<\/li>\n<li>Durch die Sicherheitseinrichtung bleibt die Markise auch bei Stromausfall bedienbar<\/li>\n<li>Besonders geeignet f\u00fcr lange Fahrzeuge<\/li>\n<li>Robuste Gelenkarme mit Doppelstahlkabel spannen das Markisentuch automatisch und wirken gleichzeitig sto\u00dfd\u00e4mpfend <\/li>\n<li>Auszug 300 cm <\/li>\n<li>Sinnvolles Zubeh\u00f6r, wie Markisenvorzelt, Windschutz usw. erh\u00e4ltlich<\/li>\n<\/ul>\n<p>Material:<br \/>Tuch: PVC<br \/>Geh\u00e4use: Aluminium<\/p>\n","protected":false},"excerpt":{"rendered":"<p>Der kraftvolle 220\u2009V Motor ist mittels Fernbedienung einfach und sicher zu Steuern Durch die Sicherheitseinrichtung bleibt die Markise auch bei Stromausfall bedienbar Besonders geeignet f\u00fcr lange Fahrzeuge Robuste Gelenkarme mit Doppelstahlkabel spannen das Markisentuch automatisch und wirken gleichzeitig sto\u00dfd\u00e4mpfend Auszug 300 cm Sinnvolles Zubeh\u00f6r, wie Markisenvorzelt, Windschutz usw. erh\u00e4ltlich Material:Tuch: PVCGeh\u00e4use: Aluminium<\/p>\n","protected":false},"featured_media":166489,"template":"","meta":{"_acf_changed":false},"product_featured_cat":[],"product_brand":[3047],"product_cat":[3972],"product_tag":[],"class_list":{"0":"post-166529","1":"product","2":"type-product","3":"status-publish","4":"has-post-thumbnail","6":"product_brand-thule-de","7":"product_cat-markisen","9":"first","10":"instock","11":"taxable","12":"shipping-taxable","13":"purchasable","14":"product-type-variable"},"acf":[],"yoast_head":"<!-- This site is optimized with the Yoast SEO plugin v27.4 - https:\/\/yoast.com\/product\/yoast-seo-wordpress\/ -->\n<title>Dachmarkise Omnistor 9200 mit Motor - Geh\u00e4use wei\u00df - Bantam Camping AG<\/title>\n<meta name=\"robots\" content=\"index, follow, max-snippet:-1, max-image-preview:large, max-video-preview:-1\" \/>\n<link rel=\"canonical\" href=\"https:\/\/shop.bantam.ch\/de\/produkt\/dachmarkise-omnistor-9200-mit-motor-gehaeuse-weiss\/\" \/>\n<meta property=\"og:locale\" content=\"de_DE\" \/>\n<meta property=\"og:type\" content=\"article\" \/>\n<meta property=\"og:title\" content=\"Dachmarkise Omnistor 9200 mit Motor - Geh\u00e4use wei\u00df - Bantam Camping AG\" \/>\n<meta property=\"og:description\" content=\"Der kraftvolle 220\u2009V Motor ist mittels Fernbedienung einfach und sicher zu Steuern Durch die Sicherheitseinrichtung bleibt die Markise auch bei Stromausfall bedienbar Besonders geeignet f\u00fcr lange Fahrzeuge Robuste Gelenkarme mit Doppelstahlkabel spannen das Markisentuch automatisch und wirken gleichzeitig sto\u00dfd\u00e4mpfend Auszug 300 cm Sinnvolles Zubeh\u00f6r, wie Markisenvorzelt, Windschutz usw. erh\u00e4ltlich Material:Tuch: PVCGeh\u00e4use: Aluminium\" \/>\n<meta property=\"og:url\" content=\"https:\/\/shop.bantam.ch\/de\/produkt\/dachmarkise-omnistor-9200-mit-motor-gehaeuse-weiss\/\" \/>\n<meta property=\"og:site_name\" content=\"Bantam Camping AG\" \/>\n<meta property=\"article:modified_time\" content=\"2026-04-17T22:24:07+00:00\" \/>\n<meta property=\"og:image\" content=\"https:\/\/shop.bantam.ch\/wp-content\/uploads\/2023\/03\/991066114.jpg\" \/>\n\t<meta property=\"og:image:width\" content=\"357\" \/>\n\t<meta property=\"og:image:height\" content=\"1000\" \/>\n\t<meta property=\"og:image:type\" content=\"image\/jpeg\" \/>\n<meta name=\"twitter:card\" content=\"summary_large_image\" \/>\n<script type=\"application\/ld+json\" class=\"yoast-schema-graph\">{\"@context\":\"https:\\\/\\\/schema.org\",\"@graph\":[{\"@type\":\"WebPage\",\"@id\":\"https:\\\/\\\/shop.bantam.ch\\\/de\\\/produkt\\\/dachmarkise-omnistor-9200-mit-motor-gehaeuse-weiss\\\/\",\"url\":\"https:\\\/\\\/shop.bantam.ch\\\/de\\\/produkt\\\/dachmarkise-omnistor-9200-mit-motor-gehaeuse-weiss\\\/\",\"name\":\"Dachmarkise Omnistor 9200 mit Motor - Geh\u00e4use wei\u00df - Bantam Camping AG\",\"isPartOf\":{\"@id\":\"https:\\\/\\\/shop.bantam.ch\\\/de\\\/#website\"},\"primaryImageOfPage\":{\"@id\":\"https:\\\/\\\/shop.bantam.ch\\\/de\\\/produkt\\\/dachmarkise-omnistor-9200-mit-motor-gehaeuse-weiss\\\/#primaryimage\"},\"image\":{\"@id\":\"https:\\\/\\\/shop.bantam.ch\\\/de\\\/produkt\\\/dachmarkise-omnistor-9200-mit-motor-gehaeuse-weiss\\\/#primaryimage\"},\"thumbnailUrl\":\"https:\\\/\\\/shop.bantam.ch\\\/wp-content\\\/uploads\\\/2023\\\/03\\\/991066114.jpg\",\"datePublished\":\"2023-03-29T10:36:05+00:00\",\"dateModified\":\"2026-04-17T22:24:07+00:00\",\"breadcrumb\":{\"@id\":\"https:\\\/\\\/shop.bantam.ch\\\/de\\\/produkt\\\/dachmarkise-omnistor-9200-mit-motor-gehaeuse-weiss\\\/#breadcrumb\"},\"inLanguage\":\"de\",\"potentialAction\":[{\"@type\":\"ReadAction\",\"target\":[\"https:\\\/\\\/shop.bantam.ch\\\/de\\\/produkt\\\/dachmarkise-omnistor-9200-mit-motor-gehaeuse-weiss\\\/\"]}]},{\"@type\":\"ImageObject\",\"inLanguage\":\"de\",\"@id\":\"https:\\\/\\\/shop.bantam.ch\\\/de\\\/produkt\\\/dachmarkise-omnistor-9200-mit-motor-gehaeuse-weiss\\\/#primaryimage\",\"url\":\"https:\\\/\\\/shop.bantam.ch\\\/wp-content\\\/uploads\\\/2023\\\/03\\\/991066114.jpg\",\"contentUrl\":\"https:\\\/\\\/shop.bantam.ch\\\/wp-content\\\/uploads\\\/2023\\\/03\\\/991066114.jpg\",\"width\":357,\"height\":1000},{\"@type\":\"BreadcrumbList\",\"@id\":\"https:\\\/\\\/shop.bantam.ch\\\/de\\\/produkt\\\/dachmarkise-omnistor-9200-mit-motor-gehaeuse-weiss\\\/#breadcrumb\",\"itemListElement\":[{\"@type\":\"ListItem\",\"position\":1,\"name\":\"Accueil\",\"item\":\"https:\\\/\\\/shop.bantam.ch\\\/de\\\/\"},{\"@type\":\"ListItem\",\"position\":2,\"name\":\"Shop\",\"item\":\"https:\\\/\\\/shop.bantam.ch\\\/de\\\/shop\\\/\"},{\"@type\":\"ListItem\",\"position\":3,\"name\":\"Dachmarkise Omnistor 9200 mit Motor &#8211; Geh\u00e4use wei\u00df\"}]},{\"@type\":\"WebSite\",\"@id\":\"https:\\\/\\\/shop.bantam.ch\\\/de\\\/#website\",\"url\":\"https:\\\/\\\/shop.bantam.ch\\\/de\\\/\",\"name\":\"Bantam Camping AG\",\"description\":\"\",\"publisher\":{\"@id\":\"https:\\\/\\\/shop.bantam.ch\\\/de\\\/#organization\"},\"inLanguage\":\"de\"},{\"@type\":\"Organization\",\"@id\":\"https:\\\/\\\/shop.bantam.ch\\\/de\\\/#organization\",\"name\":\"Bantam Camping AG\",\"url\":\"https:\\\/\\\/shop.bantam.ch\\\/de\\\/\",\"logo\":{\"@type\":\"ImageObject\",\"inLanguage\":\"de\",\"@id\":\"https:\\\/\\\/shop.bantam.ch\\\/de\\\/#\\\/schema\\\/logo\\\/image\\\/\",\"url\":\"https:\\\/\\\/shop.bantam.ch\\\/wp-content\\\/uploads\\\/2022\\\/12\\\/bantam-logo.png\",\"contentUrl\":\"https:\\\/\\\/shop.bantam.ch\\\/wp-content\\\/uploads\\\/2022\\\/12\\\/bantam-logo.png\",\"width\":320,\"height\":71,\"caption\":\"Bantam Camping AG\"},\"image\":{\"@id\":\"https:\\\/\\\/shop.bantam.ch\\\/de\\\/#\\\/schema\\\/logo\\\/image\\\/\"}}]}<\/script>\n<!-- \/ Yoast SEO plugin. -->","yoast_head_json":{"title":"Dachmarkise Omnistor 9200 mit Motor - Geh\u00e4use wei\u00df - Bantam Camping AG","robots":{"index":"index","follow":"follow","max-snippet":"max-snippet:-1","max-image-preview":"max-image-preview:large","max-video-preview":"max-video-preview:-1"},"canonical":"https:\/\/shop.bantam.ch\/de\/produkt\/dachmarkise-omnistor-9200-mit-motor-gehaeuse-weiss\/","og_locale":"de_DE","og_type":"article","og_title":"Dachmarkise Omnistor 9200 mit Motor - Geh\u00e4use wei\u00df - Bantam Camping AG","og_description":"Der kraftvolle 220\u2009V Motor ist mittels Fernbedienung einfach und sicher zu Steuern Durch die Sicherheitseinrichtung bleibt die Markise auch bei Stromausfall bedienbar Besonders geeignet f\u00fcr lange Fahrzeuge Robuste Gelenkarme mit Doppelstahlkabel spannen das Markisentuch automatisch und wirken gleichzeitig sto\u00dfd\u00e4mpfend Auszug 300 cm Sinnvolles Zubeh\u00f6r, wie Markisenvorzelt, Windschutz usw. erh\u00e4ltlich Material:Tuch: PVCGeh\u00e4use: Aluminium","og_url":"https:\/\/shop.bantam.ch\/de\/produkt\/dachmarkise-omnistor-9200-mit-motor-gehaeuse-weiss\/","og_site_name":"Bantam Camping AG","article_modified_time":"2026-04-17T22:24:07+00:00","og_image":[{"width":357,"height":1000,"url":"https:\/\/shop.bantam.ch\/wp-content\/uploads\/2023\/03\/991066114.jpg","type":"image\/jpeg"}],"twitter_card":"summary_large_image","schema":{"@context":"https:\/\/schema.org","@graph":[{"@type":"WebPage","@id":"https:\/\/shop.bantam.ch\/de\/produkt\/dachmarkise-omnistor-9200-mit-motor-gehaeuse-weiss\/","url":"https:\/\/shop.bantam.ch\/de\/produkt\/dachmarkise-omnistor-9200-mit-motor-gehaeuse-weiss\/","name":"Dachmarkise Omnistor 9200 mit Motor - Geh\u00e4use wei\u00df - Bantam Camping AG","isPartOf":{"@id":"https:\/\/shop.bantam.ch\/de\/#website"},"primaryImageOfPage":{"@id":"https:\/\/shop.bantam.ch\/de\/produkt\/dachmarkise-omnistor-9200-mit-motor-gehaeuse-weiss\/#primaryimage"},"image":{"@id":"https:\/\/shop.bantam.ch\/de\/produkt\/dachmarkise-omnistor-9200-mit-motor-gehaeuse-weiss\/#primaryimage"},"thumbnailUrl":"https:\/\/shop.bantam.ch\/wp-content\/uploads\/2023\/03\/991066114.jpg","datePublished":"2023-03-29T10:36:05+00:00","dateModified":"2026-04-17T22:24:07+00:00","breadcrumb":{"@id":"https:\/\/shop.bantam.ch\/de\/produkt\/dachmarkise-omnistor-9200-mit-motor-gehaeuse-weiss\/#breadcrumb"},"inLanguage":"de","potentialAction":[{"@type":"ReadAction","target":["https:\/\/shop.bantam.ch\/de\/produkt\/dachmarkise-omnistor-9200-mit-motor-gehaeuse-weiss\/"]}]},{"@type":"ImageObject","inLanguage":"de","@id":"https:\/\/shop.bantam.ch\/de\/produkt\/dachmarkise-omnistor-9200-mit-motor-gehaeuse-weiss\/#primaryimage","url":"https:\/\/shop.bantam.ch\/wp-content\/uploads\/2023\/03\/991066114.jpg","contentUrl":"https:\/\/shop.bantam.ch\/wp-content\/uploads\/2023\/03\/991066114.jpg","width":357,"height":1000},{"@type":"BreadcrumbList","@id":"https:\/\/shop.bantam.ch\/de\/produkt\/dachmarkise-omnistor-9200-mit-motor-gehaeuse-weiss\/#breadcrumb","itemListElement":[{"@type":"ListItem","position":1,"name":"Accueil","item":"https:\/\/shop.bantam.ch\/de\/"},{"@type":"ListItem","position":2,"name":"Shop","item":"https:\/\/shop.bantam.ch\/de\/shop\/"},{"@type":"ListItem","position":3,"name":"Dachmarkise Omnistor 9200 mit Motor &#8211; Geh\u00e4use wei\u00df"}]},{"@type":"WebSite","@id":"https:\/\/shop.bantam.ch\/de\/#website","url":"https:\/\/shop.bantam.ch\/de\/","name":"Bantam Camping AG","description":"","publisher":{"@id":"https:\/\/shop.bantam.ch\/de\/#organization"},"inLanguage":"de"},{"@type":"Organization","@id":"https:\/\/shop.bantam.ch\/de\/#organization","name":"Bantam Camping AG","url":"https:\/\/shop.bantam.ch\/de\/","logo":{"@type":"ImageObject","inLanguage":"de","@id":"https:\/\/shop.bantam.ch\/de\/#\/schema\/logo\/image\/","url":"https:\/\/shop.bantam.ch\/wp-content\/uploads\/2022\/12\/bantam-logo.png","contentUrl":"https:\/\/shop.bantam.ch\/wp-content\/uploads\/2022\/12\/bantam-logo.png","width":320,"height":71,"caption":"Bantam Camping AG"},"image":{"@id":"https:\/\/shop.bantam.ch\/de\/#\/schema\/logo\/image\/"}}]}},"_links":{"self":[{"href":"https:\/\/shop.bantam.ch\/de\/wp-json\/wp\/v2\/product\/166529","targetHints":{"allow":["GET"]}}],"collection":[{"href":"https:\/\/shop.bantam.ch\/de\/wp-json\/wp\/v2\/product"}],"about":[{"href":"https:\/\/shop.bantam.ch\/de\/wp-json\/wp\/v2\/types\/product"}],"wp:featuredmedia":[{"embeddable":true,"href":"https:\/\/shop.bantam.ch\/de\/wp-json\/wp\/v2\/media\/166489"}],"wp:attachment":[{"href":"https:\/\/shop.bantam.ch\/de\/wp-json\/wp\/v2\/media?parent=166529"}],"wp:term":[{"taxonomy":"product_featured_cat","embeddable":true,"href":"https:\/\/shop.bantam.ch\/de\/wp-json\/wp\/v2\/product_featured_cat?post=166529"},{"taxonomy":"product_brand","embeddable":true,"href":"https:\/\/shop.bantam.ch\/de\/wp-json\/wp\/v2\/product_brand?post=166529"},{"taxonomy":"product_cat","embeddable":true,"href":"https:\/\/shop.bantam.ch\/de\/wp-json\/wp\/v2\/product_cat?post=166529"},{"taxonomy":"product_tag","embeddable":true,"href":"https:\/\/shop.bantam.ch\/de\/wp-json\/wp\/v2\/product_tag?post=166529"}],"curies":[{"name":"wp","href":"https:\/\/api.w.org\/{rel}","templated":true}]}}