{"id":166392,"date":"2023-03-29T12:32:20","date_gmt":"2023-03-29T10:32:20","guid":{"rendered":"https:\/\/shop.bantam.ch\/produit\/thermo-innnenmatten-fuer-integrierte-reisemobile\/"},"modified":"2026-04-19T00:26:12","modified_gmt":"2026-04-18T22:26:12","slug":"thermo-innnenmatten-fuer-integrierte-reisemobile","status":"publish","type":"product","link":"https:\/\/shop.bantam.ch\/de\/produkt\/thermo-innnenmatten-fuer-integrierte-reisemobile\/","title":{"rendered":"Thermo-Innnenmatten f\u00fcr integrierte Reisemobile"},"content":{"rendered":"<p>Thermo-Innenmatten f\u00fcr die Fahrerhausfenster. Sind der ideale Schutz gegen Hitze und K\u00e4lte und dienen zugleich als Sichtschutz. Durch den Einsatz eines mehrlagigen D\u00e4mmstoffs wird eine hohe W\u00e4rmed\u00e4mmung im Winter erzielt. Die \u00e4u\u00dfere Silberbeschichtung gew\u00e4hrleistet im Sommer eine hohe Sonnenreflexion und verhindert das Aufheizen des Fahrzeugs. Durch innere Anbringung mittels mitgelieferter Saugn\u00e4pfe sind die Thermovorh\u00e4nge sicher vor Diebstahl und Verschmutzung.<\/p>\n","protected":false},"excerpt":{"rendered":"<p>Thermo-Innenmatten f\u00fcr die Fahrerhausfenster. Sind der ideale Schutz gegen Hitze und K\u00e4lte und dienen zugleich als Sichtschutz. Durch den Einsatz eines mehrlagigen D\u00e4mmstoffs wird eine hohe W\u00e4rmed\u00e4mmung im Winter erzielt. Die \u00e4u\u00dfere Silberbeschichtung gew\u00e4hrleistet im Sommer eine hohe Sonnenreflexion und verhindert das Aufheizen des Fahrzeugs. Durch innere Anbringung mittels mitgelieferter Saugn\u00e4pfe sind die Thermovorh\u00e4nge sicher [&hellip;]<\/p>\n","protected":false},"featured_media":166373,"template":"","meta":{"_acf_changed":false},"product_featured_cat":[],"product_brand":[3031],"product_cat":[4642],"product_tag":[],"class_list":{"0":"post-166392","1":"product","2":"type-product","3":"status-publish","4":"has-post-thumbnail","6":"product_brand-tecon-covercraft-de","7":"product_cat-thermomatten-vorhaenge","9":"first","10":"instock","11":"taxable","12":"shipping-taxable","13":"purchasable","14":"product-type-variable"},"acf":[],"yoast_head":"<!-- This site is optimized with the Yoast SEO plugin v27.4 - https:\/\/yoast.com\/product\/yoast-seo-wordpress\/ -->\n<title>Thermo-Innnenmatten f\u00fcr integrierte Reisemobile - Bantam Camping AG<\/title>\n<meta name=\"robots\" content=\"index, follow, max-snippet:-1, max-image-preview:large, max-video-preview:-1\" \/>\n<link rel=\"canonical\" href=\"https:\/\/shop.bantam.ch\/de\/produkt\/thermo-innnenmatten-fuer-integrierte-reisemobile\/\" \/>\n<meta property=\"og:locale\" content=\"de_DE\" \/>\n<meta property=\"og:type\" content=\"article\" \/>\n<meta property=\"og:title\" content=\"Thermo-Innnenmatten f\u00fcr integrierte Reisemobile - Bantam Camping AG\" \/>\n<meta property=\"og:description\" content=\"Thermo-Innenmatten f\u00fcr die Fahrerhausfenster. Sind der ideale Schutz gegen Hitze und K\u00e4lte und dienen zugleich als Sichtschutz. Durch den Einsatz eines mehrlagigen D\u00e4mmstoffs wird eine hohe W\u00e4rmed\u00e4mmung im Winter erzielt. Die \u00e4u\u00dfere Silberbeschichtung gew\u00e4hrleistet im Sommer eine hohe Sonnenreflexion und verhindert das Aufheizen des Fahrzeugs. Durch innere Anbringung mittels mitgelieferter Saugn\u00e4pfe sind die Thermovorh\u00e4nge sicher [&hellip;]\" \/>\n<meta property=\"og:url\" content=\"https:\/\/shop.bantam.ch\/de\/produkt\/thermo-innnenmatten-fuer-integrierte-reisemobile\/\" \/>\n<meta property=\"og:site_name\" content=\"Bantam Camping AG\" \/>\n<meta property=\"article:modified_time\" content=\"2026-04-18T22:26:12+00:00\" \/>\n<meta property=\"og:image\" content=\"https:\/\/shop.bantam.ch\/wp-content\/uploads\/2023\/03\/9967833_1-2.jpg\" \/>\n\t<meta property=\"og:image:width\" content=\"1000\" \/>\n\t<meta property=\"og:image:height\" content=\"607\" \/>\n\t<meta property=\"og:image:type\" content=\"image\/jpeg\" \/>\n<meta name=\"twitter:card\" content=\"summary_large_image\" \/>\n<script type=\"application\/ld+json\" class=\"yoast-schema-graph\">{\"@context\":\"https:\\\/\\\/schema.org\",\"@graph\":[{\"@type\":\"WebPage\",\"@id\":\"https:\\\/\\\/shop.bantam.ch\\\/de\\\/produkt\\\/thermo-innnenmatten-fuer-integrierte-reisemobile\\\/\",\"url\":\"https:\\\/\\\/shop.bantam.ch\\\/de\\\/produkt\\\/thermo-innnenmatten-fuer-integrierte-reisemobile\\\/\",\"name\":\"Thermo-Innnenmatten f\u00fcr integrierte Reisemobile - Bantam Camping AG\",\"isPartOf\":{\"@id\":\"https:\\\/\\\/shop.bantam.ch\\\/de\\\/#website\"},\"primaryImageOfPage\":{\"@id\":\"https:\\\/\\\/shop.bantam.ch\\\/de\\\/produkt\\\/thermo-innnenmatten-fuer-integrierte-reisemobile\\\/#primaryimage\"},\"image\":{\"@id\":\"https:\\\/\\\/shop.bantam.ch\\\/de\\\/produkt\\\/thermo-innnenmatten-fuer-integrierte-reisemobile\\\/#primaryimage\"},\"thumbnailUrl\":\"https:\\\/\\\/shop.bantam.ch\\\/wp-content\\\/uploads\\\/2023\\\/03\\\/9967833_1-2.jpg\",\"datePublished\":\"2023-03-29T10:32:20+00:00\",\"dateModified\":\"2026-04-18T22:26:12+00:00\",\"breadcrumb\":{\"@id\":\"https:\\\/\\\/shop.bantam.ch\\\/de\\\/produkt\\\/thermo-innnenmatten-fuer-integrierte-reisemobile\\\/#breadcrumb\"},\"inLanguage\":\"de\",\"potentialAction\":[{\"@type\":\"ReadAction\",\"target\":[\"https:\\\/\\\/shop.bantam.ch\\\/de\\\/produkt\\\/thermo-innnenmatten-fuer-integrierte-reisemobile\\\/\"]}]},{\"@type\":\"ImageObject\",\"inLanguage\":\"de\",\"@id\":\"https:\\\/\\\/shop.bantam.ch\\\/de\\\/produkt\\\/thermo-innnenmatten-fuer-integrierte-reisemobile\\\/#primaryimage\",\"url\":\"https:\\\/\\\/shop.bantam.ch\\\/wp-content\\\/uploads\\\/2023\\\/03\\\/9967833_1-2.jpg\",\"contentUrl\":\"https:\\\/\\\/shop.bantam.ch\\\/wp-content\\\/uploads\\\/2023\\\/03\\\/9967833_1-2.jpg\",\"width\":1000,\"height\":607},{\"@type\":\"BreadcrumbList\",\"@id\":\"https:\\\/\\\/shop.bantam.ch\\\/de\\\/produkt\\\/thermo-innnenmatten-fuer-integrierte-reisemobile\\\/#breadcrumb\",\"itemListElement\":[{\"@type\":\"ListItem\",\"position\":1,\"name\":\"Accueil\",\"item\":\"https:\\\/\\\/shop.bantam.ch\\\/de\\\/\"},{\"@type\":\"ListItem\",\"position\":2,\"name\":\"Shop\",\"item\":\"https:\\\/\\\/shop.bantam.ch\\\/de\\\/shop\\\/\"},{\"@type\":\"ListItem\",\"position\":3,\"name\":\"Thermo-Innnenmatten f\u00fcr integrierte Reisemobile\"}]},{\"@type\":\"WebSite\",\"@id\":\"https:\\\/\\\/shop.bantam.ch\\\/de\\\/#website\",\"url\":\"https:\\\/\\\/shop.bantam.ch\\\/de\\\/\",\"name\":\"Bantam Camping AG\",\"description\":\"\",\"publisher\":{\"@id\":\"https:\\\/\\\/shop.bantam.ch\\\/de\\\/#organization\"},\"inLanguage\":\"de\"},{\"@type\":\"Organization\",\"@id\":\"https:\\\/\\\/shop.bantam.ch\\\/de\\\/#organization\",\"name\":\"Bantam Camping AG\",\"url\":\"https:\\\/\\\/shop.bantam.ch\\\/de\\\/\",\"logo\":{\"@type\":\"ImageObject\",\"inLanguage\":\"de\",\"@id\":\"https:\\\/\\\/shop.bantam.ch\\\/de\\\/#\\\/schema\\\/logo\\\/image\\\/\",\"url\":\"https:\\\/\\\/shop.bantam.ch\\\/wp-content\\\/uploads\\\/2022\\\/12\\\/bantam-logo.png\",\"contentUrl\":\"https:\\\/\\\/shop.bantam.ch\\\/wp-content\\\/uploads\\\/2022\\\/12\\\/bantam-logo.png\",\"width\":320,\"height\":71,\"caption\":\"Bantam Camping AG\"},\"image\":{\"@id\":\"https:\\\/\\\/shop.bantam.ch\\\/de\\\/#\\\/schema\\\/logo\\\/image\\\/\"}}]}<\/script>\n<!-- \/ Yoast SEO plugin. -->","yoast_head_json":{"title":"Thermo-Innnenmatten f\u00fcr integrierte Reisemobile - Bantam Camping AG","robots":{"index":"index","follow":"follow","max-snippet":"max-snippet:-1","max-image-preview":"max-image-preview:large","max-video-preview":"max-video-preview:-1"},"canonical":"https:\/\/shop.bantam.ch\/de\/produkt\/thermo-innnenmatten-fuer-integrierte-reisemobile\/","og_locale":"de_DE","og_type":"article","og_title":"Thermo-Innnenmatten f\u00fcr integrierte Reisemobile - Bantam Camping AG","og_description":"Thermo-Innenmatten f\u00fcr die Fahrerhausfenster. Sind der ideale Schutz gegen Hitze und K\u00e4lte und dienen zugleich als Sichtschutz. Durch den Einsatz eines mehrlagigen D\u00e4mmstoffs wird eine hohe W\u00e4rmed\u00e4mmung im Winter erzielt. Die \u00e4u\u00dfere Silberbeschichtung gew\u00e4hrleistet im Sommer eine hohe Sonnenreflexion und verhindert das Aufheizen des Fahrzeugs. Durch innere Anbringung mittels mitgelieferter Saugn\u00e4pfe sind die Thermovorh\u00e4nge sicher [&hellip;]","og_url":"https:\/\/shop.bantam.ch\/de\/produkt\/thermo-innnenmatten-fuer-integrierte-reisemobile\/","og_site_name":"Bantam Camping AG","article_modified_time":"2026-04-18T22:26:12+00:00","og_image":[{"width":1000,"height":607,"url":"https:\/\/shop.bantam.ch\/wp-content\/uploads\/2023\/03\/9967833_1-2.jpg","type":"image\/jpeg"}],"twitter_card":"summary_large_image","schema":{"@context":"https:\/\/schema.org","@graph":[{"@type":"WebPage","@id":"https:\/\/shop.bantam.ch\/de\/produkt\/thermo-innnenmatten-fuer-integrierte-reisemobile\/","url":"https:\/\/shop.bantam.ch\/de\/produkt\/thermo-innnenmatten-fuer-integrierte-reisemobile\/","name":"Thermo-Innnenmatten f\u00fcr integrierte Reisemobile - Bantam Camping AG","isPartOf":{"@id":"https:\/\/shop.bantam.ch\/de\/#website"},"primaryImageOfPage":{"@id":"https:\/\/shop.bantam.ch\/de\/produkt\/thermo-innnenmatten-fuer-integrierte-reisemobile\/#primaryimage"},"image":{"@id":"https:\/\/shop.bantam.ch\/de\/produkt\/thermo-innnenmatten-fuer-integrierte-reisemobile\/#primaryimage"},"thumbnailUrl":"https:\/\/shop.bantam.ch\/wp-content\/uploads\/2023\/03\/9967833_1-2.jpg","datePublished":"2023-03-29T10:32:20+00:00","dateModified":"2026-04-18T22:26:12+00:00","breadcrumb":{"@id":"https:\/\/shop.bantam.ch\/de\/produkt\/thermo-innnenmatten-fuer-integrierte-reisemobile\/#breadcrumb"},"inLanguage":"de","potentialAction":[{"@type":"ReadAction","target":["https:\/\/shop.bantam.ch\/de\/produkt\/thermo-innnenmatten-fuer-integrierte-reisemobile\/"]}]},{"@type":"ImageObject","inLanguage":"de","@id":"https:\/\/shop.bantam.ch\/de\/produkt\/thermo-innnenmatten-fuer-integrierte-reisemobile\/#primaryimage","url":"https:\/\/shop.bantam.ch\/wp-content\/uploads\/2023\/03\/9967833_1-2.jpg","contentUrl":"https:\/\/shop.bantam.ch\/wp-content\/uploads\/2023\/03\/9967833_1-2.jpg","width":1000,"height":607},{"@type":"BreadcrumbList","@id":"https:\/\/shop.bantam.ch\/de\/produkt\/thermo-innnenmatten-fuer-integrierte-reisemobile\/#breadcrumb","itemListElement":[{"@type":"ListItem","position":1,"name":"Accueil","item":"https:\/\/shop.bantam.ch\/de\/"},{"@type":"ListItem","position":2,"name":"Shop","item":"https:\/\/shop.bantam.ch\/de\/shop\/"},{"@type":"ListItem","position":3,"name":"Thermo-Innnenmatten f\u00fcr integrierte Reisemobile"}]},{"@type":"WebSite","@id":"https:\/\/shop.bantam.ch\/de\/#website","url":"https:\/\/shop.bantam.ch\/de\/","name":"Bantam Camping AG","description":"","publisher":{"@id":"https:\/\/shop.bantam.ch\/de\/#organization"},"inLanguage":"de"},{"@type":"Organization","@id":"https:\/\/shop.bantam.ch\/de\/#organization","name":"Bantam Camping AG","url":"https:\/\/shop.bantam.ch\/de\/","logo":{"@type":"ImageObject","inLanguage":"de","@id":"https:\/\/shop.bantam.ch\/de\/#\/schema\/logo\/image\/","url":"https:\/\/shop.bantam.ch\/wp-content\/uploads\/2022\/12\/bantam-logo.png","contentUrl":"https:\/\/shop.bantam.ch\/wp-content\/uploads\/2022\/12\/bantam-logo.png","width":320,"height":71,"caption":"Bantam Camping AG"},"image":{"@id":"https:\/\/shop.bantam.ch\/de\/#\/schema\/logo\/image\/"}}]}},"_links":{"self":[{"href":"https:\/\/shop.bantam.ch\/de\/wp-json\/wp\/v2\/product\/166392","targetHints":{"allow":["GET"]}}],"collection":[{"href":"https:\/\/shop.bantam.ch\/de\/wp-json\/wp\/v2\/product"}],"about":[{"href":"https:\/\/shop.bantam.ch\/de\/wp-json\/wp\/v2\/types\/product"}],"wp:featuredmedia":[{"embeddable":true,"href":"https:\/\/shop.bantam.ch\/de\/wp-json\/wp\/v2\/media\/166373"}],"wp:attachment":[{"href":"https:\/\/shop.bantam.ch\/de\/wp-json\/wp\/v2\/media?parent=166392"}],"wp:term":[{"taxonomy":"product_featured_cat","embeddable":true,"href":"https:\/\/shop.bantam.ch\/de\/wp-json\/wp\/v2\/product_featured_cat?post=166392"},{"taxonomy":"product_brand","embeddable":true,"href":"https:\/\/shop.bantam.ch\/de\/wp-json\/wp\/v2\/product_brand?post=166392"},{"taxonomy":"product_cat","embeddable":true,"href":"https:\/\/shop.bantam.ch\/de\/wp-json\/wp\/v2\/product_cat?post=166392"},{"taxonomy":"product_tag","embeddable":true,"href":"https:\/\/shop.bantam.ch\/de\/wp-json\/wp\/v2\/product_tag?post=166392"}],"curies":[{"name":"wp","href":"https:\/\/api.w.org\/{rel}","templated":true}]}}