{"id":166166,"date":"2023-03-29T12:26:28","date_gmt":"2023-03-29T10:26:28","guid":{"rendered":"https:\/\/shop.bantam.ch\/produit\/kleinboiler-kb-3-kombi-230-v-660-w-12-v-220-v\/"},"modified":"2026-04-19T00:23:08","modified_gmt":"2026-04-18T22:23:08","slug":"kleinboiler-kb-3-kombi-230-v-660-w-12-v-220-v","status":"publish","type":"product","link":"https:\/\/shop.bantam.ch\/de\/produkt\/kleinboiler-kb-3-kombi-230-v-660-w-12-v-220-v\/","title":{"rendered":"Kleinboiler, KB 3 Kombi, 230 V \/ 660 W + 12 V \/ 220 V"},"content":{"rendered":"<p>Die Elgena Boiler KB 3 sind speziell f\u00fcr den Einbau in mobile Fahrzeuge wie Caravan und Verkaufsfahrzeug bestimmt. Sie sind so konstruiert, dass sie \u00fcberall dort verwendet werden k\u00f6nnen, wo wenig Platz und schwache Stromverh\u00e4ltnisse mit niedriger Absicherung vorhanden sind. Die Niederdruckboiler k\u00f6nnen mit einem Schlauch an eine Tauchpumpe ohne R\u00fcckschlagventil oder an jedes andere Wassersystem mit geeigneter Armatur angeschlossen werden. Bei der Verwendung einer Druckwasserpumpe k\u00f6nnen die Ger\u00e4te nur mit einer Niederdruckarmatur angeschlossen werden.<br \/>Aufheizbar von ca. 30\u00b0 &#8211; 80\u00b0C, bei voller Aufheizung vermischbar auf ca. 3-fache Menge, wenig Stromverbrauch schnelle Nachheizung mit guter Isolierung. Die Kessel sind w\u00e4rme- und korrosionsbest\u00e4ndig.<\/p>\n<p>Lieferumfang: <br \/>Inklusive Befestigungsb\u00fcgel<\/p>\n","protected":false},"excerpt":{"rendered":"<p>Die Elgena Boiler KB 3 sind speziell f\u00fcr den Einbau in mobile Fahrzeuge wie Caravan und Verkaufsfahrzeug bestimmt. Sie sind so konstruiert, dass sie \u00fcberall dort verwendet werden k\u00f6nnen, wo wenig Platz und schwache Stromverh\u00e4ltnisse mit niedriger Absicherung vorhanden sind. Die Niederdruckboiler k\u00f6nnen mit einem Schlauch an eine Tauchpumpe ohne R\u00fcckschlagventil oder an jedes andere [&hellip;]<\/p>\n","protected":false},"featured_media":166155,"template":"","meta":{"_acf_changed":false},"product_featured_cat":[],"product_brand":[3193],"product_cat":[4588],"product_tag":[],"class_list":{"0":"post-166166","1":"product","2":"type-product","3":"status-publish","4":"has-post-thumbnail","6":"product_brand-elgena-de","7":"product_cat-elektroboiler","9":"first","10":"instock","11":"taxable","12":"shipping-taxable","13":"purchasable","14":"product-type-variable"},"acf":[],"yoast_head":"<!-- This site is optimized with the Yoast SEO plugin v27.4 - https:\/\/yoast.com\/product\/yoast-seo-wordpress\/ -->\n<title>Kleinboiler, KB 3 Kombi, 230 V \/ 660 W + 12 V \/ 220 V - Bantam Camping AG<\/title>\n<meta name=\"robots\" content=\"index, follow, max-snippet:-1, max-image-preview:large, max-video-preview:-1\" \/>\n<link rel=\"canonical\" href=\"https:\/\/shop.bantam.ch\/de\/produkt\/kleinboiler-kb-3-kombi-230-v-660-w-12-v-220-v\/\" \/>\n<meta property=\"og:locale\" content=\"de_DE\" \/>\n<meta property=\"og:type\" content=\"article\" \/>\n<meta property=\"og:title\" content=\"Kleinboiler, KB 3 Kombi, 230 V \/ 660 W + 12 V \/ 220 V - Bantam Camping AG\" \/>\n<meta property=\"og:description\" content=\"Die Elgena Boiler KB 3 sind speziell f\u00fcr den Einbau in mobile Fahrzeuge wie Caravan und Verkaufsfahrzeug bestimmt. Sie sind so konstruiert, dass sie \u00fcberall dort verwendet werden k\u00f6nnen, wo wenig Platz und schwache Stromverh\u00e4ltnisse mit niedriger Absicherung vorhanden sind. Die Niederdruckboiler k\u00f6nnen mit einem Schlauch an eine Tauchpumpe ohne R\u00fcckschlagventil oder an jedes andere [&hellip;]\" \/>\n<meta property=\"og:url\" content=\"https:\/\/shop.bantam.ch\/de\/produkt\/kleinboiler-kb-3-kombi-230-v-660-w-12-v-220-v\/\" \/>\n<meta property=\"og:site_name\" content=\"Bantam Camping AG\" \/>\n<meta property=\"article:modified_time\" content=\"2026-04-18T22:23:08+00:00\" \/>\n<meta property=\"og:image\" content=\"https:\/\/shop.bantam.ch\/wp-content\/uploads\/2023\/03\/9977480-ELGENA-Kleinboiler_KB3_230_V_660_W12V_220V-Standard-01.jpg\" \/>\n\t<meta property=\"og:image:width\" content=\"1000\" \/>\n\t<meta property=\"og:image:height\" content=\"863\" \/>\n\t<meta property=\"og:image:type\" content=\"image\/jpeg\" \/>\n<meta name=\"twitter:card\" content=\"summary_large_image\" \/>\n<meta name=\"twitter:label1\" content=\"Gesch\u00e4tzte Lesezeit\" \/>\n\t<meta name=\"twitter:data1\" content=\"1\u00a0Minute\" \/>\n<script type=\"application\/ld+json\" class=\"yoast-schema-graph\">{\"@context\":\"https:\\\/\\\/schema.org\",\"@graph\":[{\"@type\":\"WebPage\",\"@id\":\"https:\\\/\\\/shop.bantam.ch\\\/de\\\/produkt\\\/kleinboiler-kb-3-kombi-230-v-660-w-12-v-220-v\\\/\",\"url\":\"https:\\\/\\\/shop.bantam.ch\\\/de\\\/produkt\\\/kleinboiler-kb-3-kombi-230-v-660-w-12-v-220-v\\\/\",\"name\":\"Kleinboiler, KB 3 Kombi, 230 V \\\/ 660 W + 12 V \\\/ 220 V - Bantam Camping AG\",\"isPartOf\":{\"@id\":\"https:\\\/\\\/shop.bantam.ch\\\/de\\\/#website\"},\"primaryImageOfPage\":{\"@id\":\"https:\\\/\\\/shop.bantam.ch\\\/de\\\/produkt\\\/kleinboiler-kb-3-kombi-230-v-660-w-12-v-220-v\\\/#primaryimage\"},\"image\":{\"@id\":\"https:\\\/\\\/shop.bantam.ch\\\/de\\\/produkt\\\/kleinboiler-kb-3-kombi-230-v-660-w-12-v-220-v\\\/#primaryimage\"},\"thumbnailUrl\":\"https:\\\/\\\/shop.bantam.ch\\\/wp-content\\\/uploads\\\/2023\\\/03\\\/9977480-ELGENA-Kleinboiler_KB3_230_V_660_W12V_220V-Standard-01.jpg\",\"datePublished\":\"2023-03-29T10:26:28+00:00\",\"dateModified\":\"2026-04-18T22:23:08+00:00\",\"breadcrumb\":{\"@id\":\"https:\\\/\\\/shop.bantam.ch\\\/de\\\/produkt\\\/kleinboiler-kb-3-kombi-230-v-660-w-12-v-220-v\\\/#breadcrumb\"},\"inLanguage\":\"de\",\"potentialAction\":[{\"@type\":\"ReadAction\",\"target\":[\"https:\\\/\\\/shop.bantam.ch\\\/de\\\/produkt\\\/kleinboiler-kb-3-kombi-230-v-660-w-12-v-220-v\\\/\"]}]},{\"@type\":\"ImageObject\",\"inLanguage\":\"de\",\"@id\":\"https:\\\/\\\/shop.bantam.ch\\\/de\\\/produkt\\\/kleinboiler-kb-3-kombi-230-v-660-w-12-v-220-v\\\/#primaryimage\",\"url\":\"https:\\\/\\\/shop.bantam.ch\\\/wp-content\\\/uploads\\\/2023\\\/03\\\/9977480-ELGENA-Kleinboiler_KB3_230_V_660_W12V_220V-Standard-01.jpg\",\"contentUrl\":\"https:\\\/\\\/shop.bantam.ch\\\/wp-content\\\/uploads\\\/2023\\\/03\\\/9977480-ELGENA-Kleinboiler_KB3_230_V_660_W12V_220V-Standard-01.jpg\",\"width\":1000,\"height\":863},{\"@type\":\"BreadcrumbList\",\"@id\":\"https:\\\/\\\/shop.bantam.ch\\\/de\\\/produkt\\\/kleinboiler-kb-3-kombi-230-v-660-w-12-v-220-v\\\/#breadcrumb\",\"itemListElement\":[{\"@type\":\"ListItem\",\"position\":1,\"name\":\"Accueil\",\"item\":\"https:\\\/\\\/shop.bantam.ch\\\/de\\\/\"},{\"@type\":\"ListItem\",\"position\":2,\"name\":\"Shop\",\"item\":\"https:\\\/\\\/shop.bantam.ch\\\/de\\\/shop\\\/\"},{\"@type\":\"ListItem\",\"position\":3,\"name\":\"Kleinboiler, KB 3 Kombi, 230 V \\\/ 660 W + 12 V \\\/ 220 V\"}]},{\"@type\":\"WebSite\",\"@id\":\"https:\\\/\\\/shop.bantam.ch\\\/de\\\/#website\",\"url\":\"https:\\\/\\\/shop.bantam.ch\\\/de\\\/\",\"name\":\"Bantam Camping AG\",\"description\":\"\",\"publisher\":{\"@id\":\"https:\\\/\\\/shop.bantam.ch\\\/de\\\/#organization\"},\"inLanguage\":\"de\"},{\"@type\":\"Organization\",\"@id\":\"https:\\\/\\\/shop.bantam.ch\\\/de\\\/#organization\",\"name\":\"Bantam Camping AG\",\"url\":\"https:\\\/\\\/shop.bantam.ch\\\/de\\\/\",\"logo\":{\"@type\":\"ImageObject\",\"inLanguage\":\"de\",\"@id\":\"https:\\\/\\\/shop.bantam.ch\\\/de\\\/#\\\/schema\\\/logo\\\/image\\\/\",\"url\":\"https:\\\/\\\/shop.bantam.ch\\\/wp-content\\\/uploads\\\/2022\\\/12\\\/bantam-logo.png\",\"contentUrl\":\"https:\\\/\\\/shop.bantam.ch\\\/wp-content\\\/uploads\\\/2022\\\/12\\\/bantam-logo.png\",\"width\":320,\"height\":71,\"caption\":\"Bantam Camping AG\"},\"image\":{\"@id\":\"https:\\\/\\\/shop.bantam.ch\\\/de\\\/#\\\/schema\\\/logo\\\/image\\\/\"}}]}<\/script>\n<!-- \/ Yoast SEO plugin. -->","yoast_head_json":{"title":"Kleinboiler, KB 3 Kombi, 230 V \/ 660 W + 12 V \/ 220 V - Bantam Camping AG","robots":{"index":"index","follow":"follow","max-snippet":"max-snippet:-1","max-image-preview":"max-image-preview:large","max-video-preview":"max-video-preview:-1"},"canonical":"https:\/\/shop.bantam.ch\/de\/produkt\/kleinboiler-kb-3-kombi-230-v-660-w-12-v-220-v\/","og_locale":"de_DE","og_type":"article","og_title":"Kleinboiler, KB 3 Kombi, 230 V \/ 660 W + 12 V \/ 220 V - Bantam Camping AG","og_description":"Die Elgena Boiler KB 3 sind speziell f\u00fcr den Einbau in mobile Fahrzeuge wie Caravan und Verkaufsfahrzeug bestimmt. Sie sind so konstruiert, dass sie \u00fcberall dort verwendet werden k\u00f6nnen, wo wenig Platz und schwache Stromverh\u00e4ltnisse mit niedriger Absicherung vorhanden sind. Die Niederdruckboiler k\u00f6nnen mit einem Schlauch an eine Tauchpumpe ohne R\u00fcckschlagventil oder an jedes andere [&hellip;]","og_url":"https:\/\/shop.bantam.ch\/de\/produkt\/kleinboiler-kb-3-kombi-230-v-660-w-12-v-220-v\/","og_site_name":"Bantam Camping AG","article_modified_time":"2026-04-18T22:23:08+00:00","og_image":[{"width":1000,"height":863,"url":"https:\/\/shop.bantam.ch\/wp-content\/uploads\/2023\/03\/9977480-ELGENA-Kleinboiler_KB3_230_V_660_W12V_220V-Standard-01.jpg","type":"image\/jpeg"}],"twitter_card":"summary_large_image","twitter_misc":{"Gesch\u00e4tzte Lesezeit":"1\u00a0Minute"},"schema":{"@context":"https:\/\/schema.org","@graph":[{"@type":"WebPage","@id":"https:\/\/shop.bantam.ch\/de\/produkt\/kleinboiler-kb-3-kombi-230-v-660-w-12-v-220-v\/","url":"https:\/\/shop.bantam.ch\/de\/produkt\/kleinboiler-kb-3-kombi-230-v-660-w-12-v-220-v\/","name":"Kleinboiler, KB 3 Kombi, 230 V \/ 660 W + 12 V \/ 220 V - Bantam Camping AG","isPartOf":{"@id":"https:\/\/shop.bantam.ch\/de\/#website"},"primaryImageOfPage":{"@id":"https:\/\/shop.bantam.ch\/de\/produkt\/kleinboiler-kb-3-kombi-230-v-660-w-12-v-220-v\/#primaryimage"},"image":{"@id":"https:\/\/shop.bantam.ch\/de\/produkt\/kleinboiler-kb-3-kombi-230-v-660-w-12-v-220-v\/#primaryimage"},"thumbnailUrl":"https:\/\/shop.bantam.ch\/wp-content\/uploads\/2023\/03\/9977480-ELGENA-Kleinboiler_KB3_230_V_660_W12V_220V-Standard-01.jpg","datePublished":"2023-03-29T10:26:28+00:00","dateModified":"2026-04-18T22:23:08+00:00","breadcrumb":{"@id":"https:\/\/shop.bantam.ch\/de\/produkt\/kleinboiler-kb-3-kombi-230-v-660-w-12-v-220-v\/#breadcrumb"},"inLanguage":"de","potentialAction":[{"@type":"ReadAction","target":["https:\/\/shop.bantam.ch\/de\/produkt\/kleinboiler-kb-3-kombi-230-v-660-w-12-v-220-v\/"]}]},{"@type":"ImageObject","inLanguage":"de","@id":"https:\/\/shop.bantam.ch\/de\/produkt\/kleinboiler-kb-3-kombi-230-v-660-w-12-v-220-v\/#primaryimage","url":"https:\/\/shop.bantam.ch\/wp-content\/uploads\/2023\/03\/9977480-ELGENA-Kleinboiler_KB3_230_V_660_W12V_220V-Standard-01.jpg","contentUrl":"https:\/\/shop.bantam.ch\/wp-content\/uploads\/2023\/03\/9977480-ELGENA-Kleinboiler_KB3_230_V_660_W12V_220V-Standard-01.jpg","width":1000,"height":863},{"@type":"BreadcrumbList","@id":"https:\/\/shop.bantam.ch\/de\/produkt\/kleinboiler-kb-3-kombi-230-v-660-w-12-v-220-v\/#breadcrumb","itemListElement":[{"@type":"ListItem","position":1,"name":"Accueil","item":"https:\/\/shop.bantam.ch\/de\/"},{"@type":"ListItem","position":2,"name":"Shop","item":"https:\/\/shop.bantam.ch\/de\/shop\/"},{"@type":"ListItem","position":3,"name":"Kleinboiler, KB 3 Kombi, 230 V \/ 660 W + 12 V \/ 220 V"}]},{"@type":"WebSite","@id":"https:\/\/shop.bantam.ch\/de\/#website","url":"https:\/\/shop.bantam.ch\/de\/","name":"Bantam Camping AG","description":"","publisher":{"@id":"https:\/\/shop.bantam.ch\/de\/#organization"},"inLanguage":"de"},{"@type":"Organization","@id":"https:\/\/shop.bantam.ch\/de\/#organization","name":"Bantam Camping AG","url":"https:\/\/shop.bantam.ch\/de\/","logo":{"@type":"ImageObject","inLanguage":"de","@id":"https:\/\/shop.bantam.ch\/de\/#\/schema\/logo\/image\/","url":"https:\/\/shop.bantam.ch\/wp-content\/uploads\/2022\/12\/bantam-logo.png","contentUrl":"https:\/\/shop.bantam.ch\/wp-content\/uploads\/2022\/12\/bantam-logo.png","width":320,"height":71,"caption":"Bantam Camping AG"},"image":{"@id":"https:\/\/shop.bantam.ch\/de\/#\/schema\/logo\/image\/"}}]}},"_links":{"self":[{"href":"https:\/\/shop.bantam.ch\/de\/wp-json\/wp\/v2\/product\/166166","targetHints":{"allow":["GET"]}}],"collection":[{"href":"https:\/\/shop.bantam.ch\/de\/wp-json\/wp\/v2\/product"}],"about":[{"href":"https:\/\/shop.bantam.ch\/de\/wp-json\/wp\/v2\/types\/product"}],"wp:featuredmedia":[{"embeddable":true,"href":"https:\/\/shop.bantam.ch\/de\/wp-json\/wp\/v2\/media\/166155"}],"wp:attachment":[{"href":"https:\/\/shop.bantam.ch\/de\/wp-json\/wp\/v2\/media?parent=166166"}],"wp:term":[{"taxonomy":"product_featured_cat","embeddable":true,"href":"https:\/\/shop.bantam.ch\/de\/wp-json\/wp\/v2\/product_featured_cat?post=166166"},{"taxonomy":"product_brand","embeddable":true,"href":"https:\/\/shop.bantam.ch\/de\/wp-json\/wp\/v2\/product_brand?post=166166"},{"taxonomy":"product_cat","embeddable":true,"href":"https:\/\/shop.bantam.ch\/de\/wp-json\/wp\/v2\/product_cat?post=166166"},{"taxonomy":"product_tag","embeddable":true,"href":"https:\/\/shop.bantam.ch\/de\/wp-json\/wp\/v2\/product_tag?post=166166"}],"curies":[{"name":"wp","href":"https:\/\/api.w.org\/{rel}","templated":true}]}}