{"id":165975,"date":"2023-03-29T12:20:16","date_gmt":"2023-03-29T10:20:16","guid":{"rendered":"https:\/\/shop.bantam.ch\/produit\/thermo-innenmatte\/"},"modified":"2026-04-19T00:21:10","modified_gmt":"2026-04-18T22:21:10","slug":"thermo-innenmatte","status":"publish","type":"product","link":"https:\/\/shop.bantam.ch\/de\/produkt\/thermo-innenmatte\/","title":{"rendered":"Thermo-Innenmatte"},"content":{"rendered":"<p>Sind der ideale Schutz gegen Hitze und K\u00e4lte und dienen zugleich als Sichtschutz. Durch den Einsatz eines mehrlagigen D\u00e4mmstoffs wird eine hohe W\u00e4rmed\u00e4mmung im Winter erzielt. Die \u00e4u\u00dfere Silberbeschichtung gew\u00e4hrleistet im Sommer eine hohe Sonnenreflexion und verhindert das Aufheizen des Fahrzeugs. Befestigung mittels mitgelieferter Saugn\u00e4pfe. Passend f\u00fcr Fahrzeuge mit original Fahrerhaus.<br \/>VW T6 und T6.1\u00a0<\/p>\n","protected":false},"excerpt":{"rendered":"<p>Sind der ideale Schutz gegen Hitze und K\u00e4lte und dienen zugleich als Sichtschutz. Durch den Einsatz eines mehrlagigen D\u00e4mmstoffs wird eine hohe W\u00e4rmed\u00e4mmung im Winter erzielt. Die \u00e4u\u00dfere Silberbeschichtung gew\u00e4hrleistet im Sommer eine hohe Sonnenreflexion und verhindert das Aufheizen des Fahrzeugs. Befestigung mittels mitgelieferter Saugn\u00e4pfe. Passend f\u00fcr Fahrzeuge mit original Fahrerhaus.VW T6 und T6.1\u00a0<\/p>\n","protected":false},"featured_media":165907,"template":"","meta":{"_acf_changed":false},"product_featured_cat":[],"product_brand":[3031],"product_cat":[4642],"product_tag":[],"class_list":{"0":"post-165975","1":"product","2":"type-product","3":"status-publish","4":"has-post-thumbnail","6":"product_brand-tecon-covercraft-de","7":"product_cat-thermomatten-vorhaenge","9":"first","10":"instock","11":"taxable","12":"shipping-taxable","13":"purchasable","14":"product-type-variable"},"acf":[],"yoast_head":"<!-- This site is optimized with the Yoast SEO plugin v27.4 - https:\/\/yoast.com\/product\/yoast-seo-wordpress\/ -->\n<title>Thermo-Innenmatte - Bantam Camping AG<\/title>\n<meta name=\"robots\" content=\"index, follow, max-snippet:-1, max-image-preview:large, max-video-preview:-1\" \/>\n<link rel=\"canonical\" href=\"https:\/\/shop.bantam.ch\/de\/produkt\/thermo-innenmatte\/\" \/>\n<meta property=\"og:locale\" content=\"de_DE\" \/>\n<meta property=\"og:type\" content=\"article\" \/>\n<meta property=\"og:title\" content=\"Thermo-Innenmatte - Bantam Camping AG\" \/>\n<meta property=\"og:description\" content=\"Sind der ideale Schutz gegen Hitze und K\u00e4lte und dienen zugleich als Sichtschutz. Durch den Einsatz eines mehrlagigen D\u00e4mmstoffs wird eine hohe W\u00e4rmed\u00e4mmung im Winter erzielt. Die \u00e4u\u00dfere Silberbeschichtung gew\u00e4hrleistet im Sommer eine hohe Sonnenreflexion und verhindert das Aufheizen des Fahrzeugs. Befestigung mittels mitgelieferter Saugn\u00e4pfe. Passend f\u00fcr Fahrzeuge mit original Fahrerhaus.VW T6 und T6.1\u00a0\" \/>\n<meta property=\"og:url\" content=\"https:\/\/shop.bantam.ch\/de\/produkt\/thermo-innenmatte\/\" \/>\n<meta property=\"og:site_name\" content=\"Bantam Camping AG\" \/>\n<meta property=\"article:modified_time\" content=\"2026-04-18T22:21:10+00:00\" \/>\n<meta property=\"og:image\" content=\"https:\/\/shop.bantam.ch\/wp-content\/uploads\/2023\/03\/9967848-Thermoinnenvorhang_8-lagig_Iveco_ab_2008-Standard-01-91.jpg\" \/>\n\t<meta property=\"og:image:width\" content=\"1000\" \/>\n\t<meta property=\"og:image:height\" content=\"431\" \/>\n\t<meta property=\"og:image:type\" content=\"image\/jpeg\" \/>\n<meta name=\"twitter:card\" content=\"summary_large_image\" \/>\n<script type=\"application\/ld+json\" class=\"yoast-schema-graph\">{\"@context\":\"https:\\\/\\\/schema.org\",\"@graph\":[{\"@type\":\"WebPage\",\"@id\":\"https:\\\/\\\/shop.bantam.ch\\\/de\\\/produkt\\\/thermo-innenmatte\\\/\",\"url\":\"https:\\\/\\\/shop.bantam.ch\\\/de\\\/produkt\\\/thermo-innenmatte\\\/\",\"name\":\"Thermo-Innenmatte - Bantam Camping AG\",\"isPartOf\":{\"@id\":\"https:\\\/\\\/shop.bantam.ch\\\/de\\\/#website\"},\"primaryImageOfPage\":{\"@id\":\"https:\\\/\\\/shop.bantam.ch\\\/de\\\/produkt\\\/thermo-innenmatte\\\/#primaryimage\"},\"image\":{\"@id\":\"https:\\\/\\\/shop.bantam.ch\\\/de\\\/produkt\\\/thermo-innenmatte\\\/#primaryimage\"},\"thumbnailUrl\":\"https:\\\/\\\/shop.bantam.ch\\\/wp-content\\\/uploads\\\/2023\\\/03\\\/9967848-Thermoinnenvorhang_8-lagig_Iveco_ab_2008-Standard-01-91.jpg\",\"datePublished\":\"2023-03-29T10:20:16+00:00\",\"dateModified\":\"2026-04-18T22:21:10+00:00\",\"breadcrumb\":{\"@id\":\"https:\\\/\\\/shop.bantam.ch\\\/de\\\/produkt\\\/thermo-innenmatte\\\/#breadcrumb\"},\"inLanguage\":\"de\",\"potentialAction\":[{\"@type\":\"ReadAction\",\"target\":[\"https:\\\/\\\/shop.bantam.ch\\\/de\\\/produkt\\\/thermo-innenmatte\\\/\"]}]},{\"@type\":\"ImageObject\",\"inLanguage\":\"de\",\"@id\":\"https:\\\/\\\/shop.bantam.ch\\\/de\\\/produkt\\\/thermo-innenmatte\\\/#primaryimage\",\"url\":\"https:\\\/\\\/shop.bantam.ch\\\/wp-content\\\/uploads\\\/2023\\\/03\\\/9967848-Thermoinnenvorhang_8-lagig_Iveco_ab_2008-Standard-01-91.jpg\",\"contentUrl\":\"https:\\\/\\\/shop.bantam.ch\\\/wp-content\\\/uploads\\\/2023\\\/03\\\/9967848-Thermoinnenvorhang_8-lagig_Iveco_ab_2008-Standard-01-91.jpg\",\"width\":1000,\"height\":431},{\"@type\":\"BreadcrumbList\",\"@id\":\"https:\\\/\\\/shop.bantam.ch\\\/de\\\/produkt\\\/thermo-innenmatte\\\/#breadcrumb\",\"itemListElement\":[{\"@type\":\"ListItem\",\"position\":1,\"name\":\"Accueil\",\"item\":\"https:\\\/\\\/shop.bantam.ch\\\/de\\\/\"},{\"@type\":\"ListItem\",\"position\":2,\"name\":\"Shop\",\"item\":\"https:\\\/\\\/shop.bantam.ch\\\/de\\\/shop\\\/\"},{\"@type\":\"ListItem\",\"position\":3,\"name\":\"Thermo-Innenmatte\"}]},{\"@type\":\"WebSite\",\"@id\":\"https:\\\/\\\/shop.bantam.ch\\\/de\\\/#website\",\"url\":\"https:\\\/\\\/shop.bantam.ch\\\/de\\\/\",\"name\":\"Bantam Camping AG\",\"description\":\"\",\"publisher\":{\"@id\":\"https:\\\/\\\/shop.bantam.ch\\\/de\\\/#organization\"},\"inLanguage\":\"de\"},{\"@type\":\"Organization\",\"@id\":\"https:\\\/\\\/shop.bantam.ch\\\/de\\\/#organization\",\"name\":\"Bantam Camping AG\",\"url\":\"https:\\\/\\\/shop.bantam.ch\\\/de\\\/\",\"logo\":{\"@type\":\"ImageObject\",\"inLanguage\":\"de\",\"@id\":\"https:\\\/\\\/shop.bantam.ch\\\/de\\\/#\\\/schema\\\/logo\\\/image\\\/\",\"url\":\"https:\\\/\\\/shop.bantam.ch\\\/wp-content\\\/uploads\\\/2022\\\/12\\\/bantam-logo.png\",\"contentUrl\":\"https:\\\/\\\/shop.bantam.ch\\\/wp-content\\\/uploads\\\/2022\\\/12\\\/bantam-logo.png\",\"width\":320,\"height\":71,\"caption\":\"Bantam Camping AG\"},\"image\":{\"@id\":\"https:\\\/\\\/shop.bantam.ch\\\/de\\\/#\\\/schema\\\/logo\\\/image\\\/\"}}]}<\/script>\n<!-- \/ Yoast SEO plugin. -->","yoast_head_json":{"title":"Thermo-Innenmatte - Bantam Camping AG","robots":{"index":"index","follow":"follow","max-snippet":"max-snippet:-1","max-image-preview":"max-image-preview:large","max-video-preview":"max-video-preview:-1"},"canonical":"https:\/\/shop.bantam.ch\/de\/produkt\/thermo-innenmatte\/","og_locale":"de_DE","og_type":"article","og_title":"Thermo-Innenmatte - Bantam Camping AG","og_description":"Sind der ideale Schutz gegen Hitze und K\u00e4lte und dienen zugleich als Sichtschutz. Durch den Einsatz eines mehrlagigen D\u00e4mmstoffs wird eine hohe W\u00e4rmed\u00e4mmung im Winter erzielt. Die \u00e4u\u00dfere Silberbeschichtung gew\u00e4hrleistet im Sommer eine hohe Sonnenreflexion und verhindert das Aufheizen des Fahrzeugs. Befestigung mittels mitgelieferter Saugn\u00e4pfe. Passend f\u00fcr Fahrzeuge mit original Fahrerhaus.VW T6 und T6.1\u00a0","og_url":"https:\/\/shop.bantam.ch\/de\/produkt\/thermo-innenmatte\/","og_site_name":"Bantam Camping AG","article_modified_time":"2026-04-18T22:21:10+00:00","og_image":[{"width":1000,"height":431,"url":"https:\/\/shop.bantam.ch\/wp-content\/uploads\/2023\/03\/9967848-Thermoinnenvorhang_8-lagig_Iveco_ab_2008-Standard-01-91.jpg","type":"image\/jpeg"}],"twitter_card":"summary_large_image","schema":{"@context":"https:\/\/schema.org","@graph":[{"@type":"WebPage","@id":"https:\/\/shop.bantam.ch\/de\/produkt\/thermo-innenmatte\/","url":"https:\/\/shop.bantam.ch\/de\/produkt\/thermo-innenmatte\/","name":"Thermo-Innenmatte - Bantam Camping AG","isPartOf":{"@id":"https:\/\/shop.bantam.ch\/de\/#website"},"primaryImageOfPage":{"@id":"https:\/\/shop.bantam.ch\/de\/produkt\/thermo-innenmatte\/#primaryimage"},"image":{"@id":"https:\/\/shop.bantam.ch\/de\/produkt\/thermo-innenmatte\/#primaryimage"},"thumbnailUrl":"https:\/\/shop.bantam.ch\/wp-content\/uploads\/2023\/03\/9967848-Thermoinnenvorhang_8-lagig_Iveco_ab_2008-Standard-01-91.jpg","datePublished":"2023-03-29T10:20:16+00:00","dateModified":"2026-04-18T22:21:10+00:00","breadcrumb":{"@id":"https:\/\/shop.bantam.ch\/de\/produkt\/thermo-innenmatte\/#breadcrumb"},"inLanguage":"de","potentialAction":[{"@type":"ReadAction","target":["https:\/\/shop.bantam.ch\/de\/produkt\/thermo-innenmatte\/"]}]},{"@type":"ImageObject","inLanguage":"de","@id":"https:\/\/shop.bantam.ch\/de\/produkt\/thermo-innenmatte\/#primaryimage","url":"https:\/\/shop.bantam.ch\/wp-content\/uploads\/2023\/03\/9967848-Thermoinnenvorhang_8-lagig_Iveco_ab_2008-Standard-01-91.jpg","contentUrl":"https:\/\/shop.bantam.ch\/wp-content\/uploads\/2023\/03\/9967848-Thermoinnenvorhang_8-lagig_Iveco_ab_2008-Standard-01-91.jpg","width":1000,"height":431},{"@type":"BreadcrumbList","@id":"https:\/\/shop.bantam.ch\/de\/produkt\/thermo-innenmatte\/#breadcrumb","itemListElement":[{"@type":"ListItem","position":1,"name":"Accueil","item":"https:\/\/shop.bantam.ch\/de\/"},{"@type":"ListItem","position":2,"name":"Shop","item":"https:\/\/shop.bantam.ch\/de\/shop\/"},{"@type":"ListItem","position":3,"name":"Thermo-Innenmatte"}]},{"@type":"WebSite","@id":"https:\/\/shop.bantam.ch\/de\/#website","url":"https:\/\/shop.bantam.ch\/de\/","name":"Bantam Camping AG","description":"","publisher":{"@id":"https:\/\/shop.bantam.ch\/de\/#organization"},"inLanguage":"de"},{"@type":"Organization","@id":"https:\/\/shop.bantam.ch\/de\/#organization","name":"Bantam Camping AG","url":"https:\/\/shop.bantam.ch\/de\/","logo":{"@type":"ImageObject","inLanguage":"de","@id":"https:\/\/shop.bantam.ch\/de\/#\/schema\/logo\/image\/","url":"https:\/\/shop.bantam.ch\/wp-content\/uploads\/2022\/12\/bantam-logo.png","contentUrl":"https:\/\/shop.bantam.ch\/wp-content\/uploads\/2022\/12\/bantam-logo.png","width":320,"height":71,"caption":"Bantam Camping AG"},"image":{"@id":"https:\/\/shop.bantam.ch\/de\/#\/schema\/logo\/image\/"}}]}},"_links":{"self":[{"href":"https:\/\/shop.bantam.ch\/de\/wp-json\/wp\/v2\/product\/165975","targetHints":{"allow":["GET"]}}],"collection":[{"href":"https:\/\/shop.bantam.ch\/de\/wp-json\/wp\/v2\/product"}],"about":[{"href":"https:\/\/shop.bantam.ch\/de\/wp-json\/wp\/v2\/types\/product"}],"wp:featuredmedia":[{"embeddable":true,"href":"https:\/\/shop.bantam.ch\/de\/wp-json\/wp\/v2\/media\/165907"}],"wp:attachment":[{"href":"https:\/\/shop.bantam.ch\/de\/wp-json\/wp\/v2\/media?parent=165975"}],"wp:term":[{"taxonomy":"product_featured_cat","embeddable":true,"href":"https:\/\/shop.bantam.ch\/de\/wp-json\/wp\/v2\/product_featured_cat?post=165975"},{"taxonomy":"product_brand","embeddable":true,"href":"https:\/\/shop.bantam.ch\/de\/wp-json\/wp\/v2\/product_brand?post=165975"},{"taxonomy":"product_cat","embeddable":true,"href":"https:\/\/shop.bantam.ch\/de\/wp-json\/wp\/v2\/product_cat?post=165975"},{"taxonomy":"product_tag","embeddable":true,"href":"https:\/\/shop.bantam.ch\/de\/wp-json\/wp\/v2\/product_tag?post=165975"}],"curies":[{"name":"wp","href":"https:\/\/api.w.org\/{rel}","templated":true}]}}