{"id":165782,"date":"2023-03-29T12:16:42","date_gmt":"2023-03-29T10:16:42","guid":{"rendered":"https:\/\/shop.bantam.ch\/produit\/batterie-computer-mt-4000iq\/"},"modified":"2026-05-02T00:11:06","modified_gmt":"2026-05-01T22:11:06","slug":"batterie-computer-mt-4000iq","status":"publish","type":"product","link":"https:\/\/shop.bantam.ch\/de\/produkt\/batterie-computer-mt-4000iq\/","title":{"rendered":"Batterie-Computer MT 4000iQ"},"content":{"rendered":"<p>Mit dem MT Anzeigen- und Schalterprogramm von B\u00fcttner-Elektronik k\u00f6nnen Sie Ihre ganz pers\u00f6nliche Schaltzentrale individuell zusammenstellen. Alle Messger\u00e4te sind als Einbauger\u00e4te konzipiert (Einbauschablone liegt bei), beleuchtet und mit dem Schalter und Sicherungsprogramm kompatibel. Alle Anzeigen sind \u00bbMade in Germany\u00ab und wurden speziell f\u00fcr den Einsatz in Reisefahrzeugen entwickelt. So zeigt das LCD-Thermometer nicht nur die Au\u00dfentemperatur an, sondern speichert auch den tiefsten Wert. Wichtig f\u00fcr alle, die auch im Herbst unterwegs sind. Der Batterie-Computer zeigt nicht nur an, wie viel Ah die Bordbatterie noch vorh\u00e4lt, sondern auch wie lange die eingeschalteten Verbraucher noch betrieben werden k\u00f6nnen.<\/p>\n<p>Messung von:<\/p>\n<ul>\n<li>Spannung (Start\/Bord)<\/li>\n<li>Lade-\/Entladestrom<\/li>\n<li>Batteriekapazit\u00e4t in Ah und % mit Restlaufanzeige<\/li>\n<li>Innen-\/Au\u00dfentemperatur (Min\/Max-Speicher)<\/li>\n<li>Zeit und Datum<\/li>\n<\/ul>\n<p>Lieferumfang:<br \/>Inklusive Batterie-Mess-Shunt<\/p>\n","protected":false},"excerpt":{"rendered":"<p>Mit dem MT Anzeigen- und Schalterprogramm von B\u00fcttner-Elektronik k\u00f6nnen Sie Ihre ganz pers\u00f6nliche Schaltzentrale individuell zusammenstellen. Alle Messger\u00e4te sind als Einbauger\u00e4te konzipiert (Einbauschablone liegt bei), beleuchtet und mit dem Schalter und Sicherungsprogramm kompatibel. Alle Anzeigen sind \u00bbMade in Germany\u00ab und wurden speziell f\u00fcr den Einsatz in Reisefahrzeugen entwickelt. So zeigt das LCD-Thermometer nicht nur die [&hellip;]<\/p>\n","protected":false},"featured_media":165767,"template":"","meta":{"_acf_changed":false},"product_featured_cat":[],"product_brand":[3069],"product_cat":[4192],"product_tag":[],"class_list":{"0":"post-165782","1":"product","2":"type-product","3":"status-publish","4":"has-post-thumbnail","6":"product_brand-buttner-elektronik-de","7":"product_cat-anzeigepanels","9":"first","10":"instock","11":"taxable","12":"shipping-taxable","13":"purchasable","14":"product-type-variable"},"acf":[],"yoast_head":"<!-- This site is optimized with the Yoast SEO plugin v27.5 - https:\/\/yoast.com\/product\/yoast-seo-wordpress\/ -->\n<title>Batterie-Computer MT 4000iQ - Bantam<\/title>\n<meta name=\"robots\" content=\"index, follow, max-snippet:-1, max-image-preview:large, max-video-preview:-1\" \/>\n<link rel=\"canonical\" href=\"https:\/\/shop.bantam.ch\/de\/produkt\/batterie-computer-mt-4000iq\/\" \/>\n<meta property=\"og:locale\" content=\"de_DE\" \/>\n<meta property=\"og:type\" content=\"article\" \/>\n<meta property=\"og:title\" content=\"Batterie-Computer MT 4000iQ - Bantam\" \/>\n<meta property=\"og:description\" content=\"Mit dem MT Anzeigen- und Schalterprogramm von B\u00fcttner-Elektronik k\u00f6nnen Sie Ihre ganz pers\u00f6nliche Schaltzentrale individuell zusammenstellen. Alle Messger\u00e4te sind als Einbauger\u00e4te konzipiert (Einbauschablone liegt bei), beleuchtet und mit dem Schalter und Sicherungsprogramm kompatibel. Alle Anzeigen sind \u00bbMade in Germany\u00ab und wurden speziell f\u00fcr den Einsatz in Reisefahrzeugen entwickelt. So zeigt das LCD-Thermometer nicht nur die [&hellip;]\" \/>\n<meta property=\"og:url\" content=\"https:\/\/shop.bantam.ch\/de\/produkt\/batterie-computer-mt-4000iq\/\" \/>\n<meta property=\"og:site_name\" content=\"Bantam\" \/>\n<meta property=\"article:modified_time\" content=\"2026-05-01T22:11:06+00:00\" \/>\n<meta property=\"og:image\" content=\"https:\/\/shop.bantam.ch\/wp-content\/uploads\/2023\/03\/9952411-MT_IQ_Batterie-Computer_MT_4000_100_Ah_MT71262-Standard-01.jpg\" \/>\n\t<meta property=\"og:image:width\" content=\"940\" \/>\n\t<meta property=\"og:image:height\" content=\"1000\" \/>\n\t<meta property=\"og:image:type\" content=\"image\/jpeg\" \/>\n<meta name=\"twitter:card\" content=\"summary_large_image\" \/>\n<meta name=\"twitter:label1\" content=\"Gesch\u00e4tzte Lesezeit\" \/>\n\t<meta name=\"twitter:data1\" content=\"1\u00a0Minute\" \/>\n<script type=\"application\/ld+json\" class=\"yoast-schema-graph\">{\"@context\":\"https:\\\/\\\/schema.org\",\"@graph\":[{\"@type\":\"WebPage\",\"@id\":\"https:\\\/\\\/shop.bantam.ch\\\/de\\\/produkt\\\/batterie-computer-mt-4000iq\\\/\",\"url\":\"https:\\\/\\\/shop.bantam.ch\\\/de\\\/produkt\\\/batterie-computer-mt-4000iq\\\/\",\"name\":\"Batterie-Computer MT 4000iQ - Bantam\",\"isPartOf\":{\"@id\":\"https:\\\/\\\/shop.bantam.ch\\\/de\\\/#website\"},\"primaryImageOfPage\":{\"@id\":\"https:\\\/\\\/shop.bantam.ch\\\/de\\\/produkt\\\/batterie-computer-mt-4000iq\\\/#primaryimage\"},\"image\":{\"@id\":\"https:\\\/\\\/shop.bantam.ch\\\/de\\\/produkt\\\/batterie-computer-mt-4000iq\\\/#primaryimage\"},\"thumbnailUrl\":\"https:\\\/\\\/shop.bantam.ch\\\/wp-content\\\/uploads\\\/2023\\\/03\\\/9952411-MT_IQ_Batterie-Computer_MT_4000_100_Ah_MT71262-Standard-01.jpg\",\"datePublished\":\"2023-03-29T10:16:42+00:00\",\"dateModified\":\"2026-05-01T22:11:06+00:00\",\"breadcrumb\":{\"@id\":\"https:\\\/\\\/shop.bantam.ch\\\/de\\\/produkt\\\/batterie-computer-mt-4000iq\\\/#breadcrumb\"},\"inLanguage\":\"de\",\"potentialAction\":[{\"@type\":\"ReadAction\",\"target\":[\"https:\\\/\\\/shop.bantam.ch\\\/de\\\/produkt\\\/batterie-computer-mt-4000iq\\\/\"]}]},{\"@type\":\"ImageObject\",\"inLanguage\":\"de\",\"@id\":\"https:\\\/\\\/shop.bantam.ch\\\/de\\\/produkt\\\/batterie-computer-mt-4000iq\\\/#primaryimage\",\"url\":\"https:\\\/\\\/shop.bantam.ch\\\/wp-content\\\/uploads\\\/2023\\\/03\\\/9952411-MT_IQ_Batterie-Computer_MT_4000_100_Ah_MT71262-Standard-01.jpg\",\"contentUrl\":\"https:\\\/\\\/shop.bantam.ch\\\/wp-content\\\/uploads\\\/2023\\\/03\\\/9952411-MT_IQ_Batterie-Computer_MT_4000_100_Ah_MT71262-Standard-01.jpg\",\"width\":940,\"height\":1000},{\"@type\":\"BreadcrumbList\",\"@id\":\"https:\\\/\\\/shop.bantam.ch\\\/de\\\/produkt\\\/batterie-computer-mt-4000iq\\\/#breadcrumb\",\"itemListElement\":[{\"@type\":\"ListItem\",\"position\":1,\"name\":\"Accueil\",\"item\":\"https:\\\/\\\/shop.bantam.ch\\\/de\\\/\"},{\"@type\":\"ListItem\",\"position\":2,\"name\":\"Shop\",\"item\":\"https:\\\/\\\/shop.bantam.ch\\\/de\\\/shop\\\/\"},{\"@type\":\"ListItem\",\"position\":3,\"name\":\"Batterie-Computer MT 4000iQ\"}]},{\"@type\":\"WebSite\",\"@id\":\"https:\\\/\\\/shop.bantam.ch\\\/de\\\/#website\",\"url\":\"https:\\\/\\\/shop.bantam.ch\\\/de\\\/\",\"name\":\"Bantam\",\"description\":\"\",\"publisher\":{\"@id\":\"https:\\\/\\\/shop.bantam.ch\\\/de\\\/#organization\"},\"inLanguage\":\"de\"},{\"@type\":\"Organization\",\"@id\":\"https:\\\/\\\/shop.bantam.ch\\\/de\\\/#organization\",\"name\":\"Bantam\",\"url\":\"https:\\\/\\\/shop.bantam.ch\\\/de\\\/\",\"logo\":{\"@type\":\"ImageObject\",\"inLanguage\":\"de\",\"@id\":\"https:\\\/\\\/shop.bantam.ch\\\/de\\\/#\\\/schema\\\/logo\\\/image\\\/\",\"url\":\"https:\\\/\\\/shop.bantam.ch\\\/wp-content\\\/uploads\\\/2022\\\/12\\\/bantam-logo.png\",\"contentUrl\":\"https:\\\/\\\/shop.bantam.ch\\\/wp-content\\\/uploads\\\/2022\\\/12\\\/bantam-logo.png\",\"width\":320,\"height\":71,\"caption\":\"Bantam\"},\"image\":{\"@id\":\"https:\\\/\\\/shop.bantam.ch\\\/de\\\/#\\\/schema\\\/logo\\\/image\\\/\"}}]}<\/script>\n<!-- \/ Yoast SEO plugin. -->","yoast_head_json":{"title":"Batterie-Computer MT 4000iQ - Bantam","robots":{"index":"index","follow":"follow","max-snippet":"max-snippet:-1","max-image-preview":"max-image-preview:large","max-video-preview":"max-video-preview:-1"},"canonical":"https:\/\/shop.bantam.ch\/de\/produkt\/batterie-computer-mt-4000iq\/","og_locale":"de_DE","og_type":"article","og_title":"Batterie-Computer MT 4000iQ - Bantam","og_description":"Mit dem MT Anzeigen- und Schalterprogramm von B\u00fcttner-Elektronik k\u00f6nnen Sie Ihre ganz pers\u00f6nliche Schaltzentrale individuell zusammenstellen. Alle Messger\u00e4te sind als Einbauger\u00e4te konzipiert (Einbauschablone liegt bei), beleuchtet und mit dem Schalter und Sicherungsprogramm kompatibel. Alle Anzeigen sind \u00bbMade in Germany\u00ab und wurden speziell f\u00fcr den Einsatz in Reisefahrzeugen entwickelt. So zeigt das LCD-Thermometer nicht nur die [&hellip;]","og_url":"https:\/\/shop.bantam.ch\/de\/produkt\/batterie-computer-mt-4000iq\/","og_site_name":"Bantam","article_modified_time":"2026-05-01T22:11:06+00:00","og_image":[{"width":940,"height":1000,"url":"https:\/\/shop.bantam.ch\/wp-content\/uploads\/2023\/03\/9952411-MT_IQ_Batterie-Computer_MT_4000_100_Ah_MT71262-Standard-01.jpg","type":"image\/jpeg"}],"twitter_card":"summary_large_image","twitter_misc":{"Gesch\u00e4tzte Lesezeit":"1\u00a0Minute"},"schema":{"@context":"https:\/\/schema.org","@graph":[{"@type":"WebPage","@id":"https:\/\/shop.bantam.ch\/de\/produkt\/batterie-computer-mt-4000iq\/","url":"https:\/\/shop.bantam.ch\/de\/produkt\/batterie-computer-mt-4000iq\/","name":"Batterie-Computer MT 4000iQ - Bantam","isPartOf":{"@id":"https:\/\/shop.bantam.ch\/de\/#website"},"primaryImageOfPage":{"@id":"https:\/\/shop.bantam.ch\/de\/produkt\/batterie-computer-mt-4000iq\/#primaryimage"},"image":{"@id":"https:\/\/shop.bantam.ch\/de\/produkt\/batterie-computer-mt-4000iq\/#primaryimage"},"thumbnailUrl":"https:\/\/shop.bantam.ch\/wp-content\/uploads\/2023\/03\/9952411-MT_IQ_Batterie-Computer_MT_4000_100_Ah_MT71262-Standard-01.jpg","datePublished":"2023-03-29T10:16:42+00:00","dateModified":"2026-05-01T22:11:06+00:00","breadcrumb":{"@id":"https:\/\/shop.bantam.ch\/de\/produkt\/batterie-computer-mt-4000iq\/#breadcrumb"},"inLanguage":"de","potentialAction":[{"@type":"ReadAction","target":["https:\/\/shop.bantam.ch\/de\/produkt\/batterie-computer-mt-4000iq\/"]}]},{"@type":"ImageObject","inLanguage":"de","@id":"https:\/\/shop.bantam.ch\/de\/produkt\/batterie-computer-mt-4000iq\/#primaryimage","url":"https:\/\/shop.bantam.ch\/wp-content\/uploads\/2023\/03\/9952411-MT_IQ_Batterie-Computer_MT_4000_100_Ah_MT71262-Standard-01.jpg","contentUrl":"https:\/\/shop.bantam.ch\/wp-content\/uploads\/2023\/03\/9952411-MT_IQ_Batterie-Computer_MT_4000_100_Ah_MT71262-Standard-01.jpg","width":940,"height":1000},{"@type":"BreadcrumbList","@id":"https:\/\/shop.bantam.ch\/de\/produkt\/batterie-computer-mt-4000iq\/#breadcrumb","itemListElement":[{"@type":"ListItem","position":1,"name":"Accueil","item":"https:\/\/shop.bantam.ch\/de\/"},{"@type":"ListItem","position":2,"name":"Shop","item":"https:\/\/shop.bantam.ch\/de\/shop\/"},{"@type":"ListItem","position":3,"name":"Batterie-Computer MT 4000iQ"}]},{"@type":"WebSite","@id":"https:\/\/shop.bantam.ch\/de\/#website","url":"https:\/\/shop.bantam.ch\/de\/","name":"Bantam","description":"","publisher":{"@id":"https:\/\/shop.bantam.ch\/de\/#organization"},"inLanguage":"de"},{"@type":"Organization","@id":"https:\/\/shop.bantam.ch\/de\/#organization","name":"Bantam","url":"https:\/\/shop.bantam.ch\/de\/","logo":{"@type":"ImageObject","inLanguage":"de","@id":"https:\/\/shop.bantam.ch\/de\/#\/schema\/logo\/image\/","url":"https:\/\/shop.bantam.ch\/wp-content\/uploads\/2022\/12\/bantam-logo.png","contentUrl":"https:\/\/shop.bantam.ch\/wp-content\/uploads\/2022\/12\/bantam-logo.png","width":320,"height":71,"caption":"Bantam"},"image":{"@id":"https:\/\/shop.bantam.ch\/de\/#\/schema\/logo\/image\/"}}]}},"_links":{"self":[{"href":"https:\/\/shop.bantam.ch\/de\/wp-json\/wp\/v2\/product\/165782","targetHints":{"allow":["GET"]}}],"collection":[{"href":"https:\/\/shop.bantam.ch\/de\/wp-json\/wp\/v2\/product"}],"about":[{"href":"https:\/\/shop.bantam.ch\/de\/wp-json\/wp\/v2\/types\/product"}],"wp:featuredmedia":[{"embeddable":true,"href":"https:\/\/shop.bantam.ch\/de\/wp-json\/wp\/v2\/media\/165767"}],"wp:attachment":[{"href":"https:\/\/shop.bantam.ch\/de\/wp-json\/wp\/v2\/media?parent=165782"}],"wp:term":[{"taxonomy":"product_featured_cat","embeddable":true,"href":"https:\/\/shop.bantam.ch\/de\/wp-json\/wp\/v2\/product_featured_cat?post=165782"},{"taxonomy":"product_brand","embeddable":true,"href":"https:\/\/shop.bantam.ch\/de\/wp-json\/wp\/v2\/product_brand?post=165782"},{"taxonomy":"product_cat","embeddable":true,"href":"https:\/\/shop.bantam.ch\/de\/wp-json\/wp\/v2\/product_cat?post=165782"},{"taxonomy":"product_tag","embeddable":true,"href":"https:\/\/shop.bantam.ch\/de\/wp-json\/wp\/v2\/product_tag?post=165782"}],"curies":[{"name":"wp","href":"https:\/\/api.w.org\/{rel}","templated":true}]}}