{"id":164485,"date":"2023-03-29T11:35:56","date_gmt":"2023-03-29T09:35:56","guid":{"rendered":"https:\/\/shop.bantam.ch\/produit\/kuehlbox-coolfreeze-cfx3\/"},"modified":"2026-05-03T00:27:27","modified_gmt":"2026-05-02T22:27:27","slug":"kuehlbox-coolfreeze-cfx3","status":"publish","type":"product","link":"https:\/\/shop.bantam.ch\/de\/produkt\/kuehlbox-coolfreeze-cfx3\/","title":{"rendered":"K\u00fchlbox CoolFreeze CFX3"},"content":{"rendered":"<p>Mit der Dometic CFX3 bekommen Ihre Outdoor-Abenteuer eine ganz neue Qualit\u00e4t. Genie\u00dfen Sie jederzeit frische Lebensmittel und gut gek\u00fchlte Getr\u00e4nke! Die marktf\u00fchrende VMSO3 K\u00fchltechnik von Dometic macht&#8217;s m\u00f6glich. Ihr Herzst\u00fcck ist ein drehzahlgeregelter Kompressor mit einer optimierten Software f\u00fcr leistungsstarkes K\u00fchlen und Tiefk\u00fchlen und eine \u00fcberlegene Energieeffizienz. Die CFX3 ist mit einem leichten, aber robusten Schutzrahmen ausgestattet. Der macht sie ideal f\u00fcr den Einsatz im Freien. Stabile, gefederte Aluminiumgriffe erleichtern das Heben und den Transport. Die K\u00fchltemperatur Ihrer CFX3 l\u00e4sst sich auf dem TFT-Display einstellen. Alternativ k\u00f6nnen Sie die Dometic App herunterladen und nach Lust und Laune durchs Men\u00fc st\u00f6bern.<\/p>\n<p>Eigenschaften und Funktionen:<\/p>\n<ul>\n<li>Leistungsstarker, drehzahlgeregelter VMSO3 Kompressor f\u00fcr K\u00fchlen und Tiefk\u00fchlen bis -22 \u00b0C bei optimalem Stromverbrauch<\/li>\n<li>Robuste aber leichte Konstruktion mit Kanten-Schutzrahmen und vollisoliertem Deckel mit Aluminiumscharnieren<\/li>\n<li>Integriertes TFT-Bedienfeld zeigt den Betriebszustand an<\/li>\n<li>Inklusive herausnehmbarer Drahtk\u00f6rbe mit Trenngittern f\u00fcr die optimale Innenaufteilung (alle au\u00dfer CFX3 35)<\/li>\n<li>Zwei K\u00fchlf\u00e4cher mit separat einstellbarer Temperatur f\u00fcr gleichzeitiges K\u00fchlen und Tiefk\u00fchlen (nur DZ)<\/li>\n<li>Integrierter Eisw\u00fcrfelbereiter f\u00fcr die Herstellung von Eisw\u00fcrfeln innerhalb weniger Stunden (nur 55IM)<\/li>\n<li>CFX Smartphone-App f\u00fcr die Temperaturregelung per Bluetooth oder WLAN sowie f\u00fcr die Aufzeichnung der Leistungsdaten<\/li>\n<\/ul>\n<p>\u00a0<\/p>\n<p>\u00a0<\/p>\n","protected":false},"excerpt":{"rendered":"<p>Mit der Dometic CFX3 bekommen Ihre Outdoor-Abenteuer eine ganz neue Qualit\u00e4t. Genie\u00dfen Sie jederzeit frische Lebensmittel und gut gek\u00fchlte Getr\u00e4nke! Die marktf\u00fchrende VMSO3 K\u00fchltechnik von Dometic macht&#8217;s m\u00f6glich. Ihr Herzst\u00fcck ist ein drehzahlgeregelter Kompressor mit einer optimierten Software f\u00fcr leistungsstarkes K\u00fchlen und Tiefk\u00fchlen und eine \u00fcberlegene Energieeffizienz. Die CFX3 ist mit einem leichten, aber robusten [&hellip;]<\/p>\n","protected":false},"featured_media":164457,"template":"","meta":{"_acf_changed":false},"product_featured_cat":[5301],"product_brand":[3029],"product_cat":[4546],"product_tag":[],"class_list":{"0":"post-164485","1":"product","2":"type-product","3":"status-publish","4":"has-post-thumbnail","6":"product_featured_cat-promotions-etagnieres-fr","7":"product_brand-dometic-de","8":"product_cat-kompressor-kuehlboxen-kuehlboxen","10":"first","11":"instock","12":"sale","13":"taxable","14":"shipping-taxable","15":"purchasable","16":"product-type-variable"},"acf":[],"yoast_head":"<!-- This site is optimized with the Yoast SEO plugin v27.5 - https:\/\/yoast.com\/product\/yoast-seo-wordpress\/ -->\n<title>K\u00fchlbox CoolFreeze CFX3 - Bantam<\/title>\n<meta name=\"robots\" content=\"index, follow, max-snippet:-1, max-image-preview:large, max-video-preview:-1\" \/>\n<link rel=\"canonical\" href=\"https:\/\/shop.bantam.ch\/de\/produkt\/kuehlbox-coolfreeze-cfx3\/\" \/>\n<meta property=\"og:locale\" content=\"de_DE\" \/>\n<meta property=\"og:type\" content=\"article\" \/>\n<meta property=\"og:title\" content=\"K\u00fchlbox CoolFreeze CFX3 - Bantam\" \/>\n<meta property=\"og:description\" content=\"Mit der Dometic CFX3 bekommen Ihre Outdoor-Abenteuer eine ganz neue Qualit\u00e4t. Genie\u00dfen Sie jederzeit frische Lebensmittel und gut gek\u00fchlte Getr\u00e4nke! Die marktf\u00fchrende VMSO3 K\u00fchltechnik von Dometic macht&#8217;s m\u00f6glich. Ihr Herzst\u00fcck ist ein drehzahlgeregelter Kompressor mit einer optimierten Software f\u00fcr leistungsstarkes K\u00fchlen und Tiefk\u00fchlen und eine \u00fcberlegene Energieeffizienz. Die CFX3 ist mit einem leichten, aber robusten [&hellip;]\" \/>\n<meta property=\"og:url\" content=\"https:\/\/shop.bantam.ch\/de\/produkt\/kuehlbox-coolfreeze-cfx3\/\" \/>\n<meta property=\"og:site_name\" content=\"Bantam\" \/>\n<meta property=\"article:modified_time\" content=\"2026-05-02T22:27:27+00:00\" \/>\n<meta property=\"og:image\" content=\"https:\/\/shop.bantam.ch\/wp-content\/uploads\/2023\/03\/995598811.jpg\" \/>\n\t<meta property=\"og:image:width\" content=\"1000\" \/>\n\t<meta property=\"og:image:height\" content=\"1000\" \/>\n\t<meta property=\"og:image:type\" content=\"image\/jpeg\" \/>\n<meta name=\"twitter:card\" content=\"summary_large_image\" \/>\n<meta name=\"twitter:label1\" content=\"Gesch\u00e4tzte Lesezeit\" \/>\n\t<meta name=\"twitter:data1\" content=\"1\u00a0Minute\" \/>\n<script type=\"application\/ld+json\" class=\"yoast-schema-graph\">{\"@context\":\"https:\\\/\\\/schema.org\",\"@graph\":[{\"@type\":\"WebPage\",\"@id\":\"https:\\\/\\\/shop.bantam.ch\\\/de\\\/produkt\\\/kuehlbox-coolfreeze-cfx3\\\/\",\"url\":\"https:\\\/\\\/shop.bantam.ch\\\/de\\\/produkt\\\/kuehlbox-coolfreeze-cfx3\\\/\",\"name\":\"K\u00fchlbox CoolFreeze CFX3 - Bantam\",\"isPartOf\":{\"@id\":\"https:\\\/\\\/shop.bantam.ch\\\/de\\\/#website\"},\"primaryImageOfPage\":{\"@id\":\"https:\\\/\\\/shop.bantam.ch\\\/de\\\/produkt\\\/kuehlbox-coolfreeze-cfx3\\\/#primaryimage\"},\"image\":{\"@id\":\"https:\\\/\\\/shop.bantam.ch\\\/de\\\/produkt\\\/kuehlbox-coolfreeze-cfx3\\\/#primaryimage\"},\"thumbnailUrl\":\"https:\\\/\\\/shop.bantam.ch\\\/wp-content\\\/uploads\\\/2023\\\/03\\\/995598811.jpg\",\"datePublished\":\"2023-03-29T09:35:56+00:00\",\"dateModified\":\"2026-05-02T22:27:27+00:00\",\"breadcrumb\":{\"@id\":\"https:\\\/\\\/shop.bantam.ch\\\/de\\\/produkt\\\/kuehlbox-coolfreeze-cfx3\\\/#breadcrumb\"},\"inLanguage\":\"de\",\"potentialAction\":[{\"@type\":\"ReadAction\",\"target\":[\"https:\\\/\\\/shop.bantam.ch\\\/de\\\/produkt\\\/kuehlbox-coolfreeze-cfx3\\\/\"]}]},{\"@type\":\"ImageObject\",\"inLanguage\":\"de\",\"@id\":\"https:\\\/\\\/shop.bantam.ch\\\/de\\\/produkt\\\/kuehlbox-coolfreeze-cfx3\\\/#primaryimage\",\"url\":\"https:\\\/\\\/shop.bantam.ch\\\/wp-content\\\/uploads\\\/2023\\\/03\\\/995598811.jpg\",\"contentUrl\":\"https:\\\/\\\/shop.bantam.ch\\\/wp-content\\\/uploads\\\/2023\\\/03\\\/995598811.jpg\",\"width\":1000,\"height\":1000},{\"@type\":\"BreadcrumbList\",\"@id\":\"https:\\\/\\\/shop.bantam.ch\\\/de\\\/produkt\\\/kuehlbox-coolfreeze-cfx3\\\/#breadcrumb\",\"itemListElement\":[{\"@type\":\"ListItem\",\"position\":1,\"name\":\"Accueil\",\"item\":\"https:\\\/\\\/shop.bantam.ch\\\/de\\\/\"},{\"@type\":\"ListItem\",\"position\":2,\"name\":\"Shop\",\"item\":\"https:\\\/\\\/shop.bantam.ch\\\/de\\\/shop\\\/\"},{\"@type\":\"ListItem\",\"position\":3,\"name\":\"K\u00fchlbox CoolFreeze CFX3\"}]},{\"@type\":\"WebSite\",\"@id\":\"https:\\\/\\\/shop.bantam.ch\\\/de\\\/#website\",\"url\":\"https:\\\/\\\/shop.bantam.ch\\\/de\\\/\",\"name\":\"Bantam\",\"description\":\"\",\"publisher\":{\"@id\":\"https:\\\/\\\/shop.bantam.ch\\\/de\\\/#organization\"},\"inLanguage\":\"de\"},{\"@type\":\"Organization\",\"@id\":\"https:\\\/\\\/shop.bantam.ch\\\/de\\\/#organization\",\"name\":\"Bantam\",\"url\":\"https:\\\/\\\/shop.bantam.ch\\\/de\\\/\",\"logo\":{\"@type\":\"ImageObject\",\"inLanguage\":\"de\",\"@id\":\"https:\\\/\\\/shop.bantam.ch\\\/de\\\/#\\\/schema\\\/logo\\\/image\\\/\",\"url\":\"https:\\\/\\\/shop.bantam.ch\\\/wp-content\\\/uploads\\\/2022\\\/12\\\/bantam-logo.png\",\"contentUrl\":\"https:\\\/\\\/shop.bantam.ch\\\/wp-content\\\/uploads\\\/2022\\\/12\\\/bantam-logo.png\",\"width\":320,\"height\":71,\"caption\":\"Bantam\"},\"image\":{\"@id\":\"https:\\\/\\\/shop.bantam.ch\\\/de\\\/#\\\/schema\\\/logo\\\/image\\\/\"}}]}<\/script>\n<!-- \/ Yoast SEO plugin. -->","yoast_head_json":{"title":"K\u00fchlbox CoolFreeze CFX3 - Bantam","robots":{"index":"index","follow":"follow","max-snippet":"max-snippet:-1","max-image-preview":"max-image-preview:large","max-video-preview":"max-video-preview:-1"},"canonical":"https:\/\/shop.bantam.ch\/de\/produkt\/kuehlbox-coolfreeze-cfx3\/","og_locale":"de_DE","og_type":"article","og_title":"K\u00fchlbox CoolFreeze CFX3 - Bantam","og_description":"Mit der Dometic CFX3 bekommen Ihre Outdoor-Abenteuer eine ganz neue Qualit\u00e4t. Genie\u00dfen Sie jederzeit frische Lebensmittel und gut gek\u00fchlte Getr\u00e4nke! Die marktf\u00fchrende VMSO3 K\u00fchltechnik von Dometic macht&#8217;s m\u00f6glich. Ihr Herzst\u00fcck ist ein drehzahlgeregelter Kompressor mit einer optimierten Software f\u00fcr leistungsstarkes K\u00fchlen und Tiefk\u00fchlen und eine \u00fcberlegene Energieeffizienz. Die CFX3 ist mit einem leichten, aber robusten [&hellip;]","og_url":"https:\/\/shop.bantam.ch\/de\/produkt\/kuehlbox-coolfreeze-cfx3\/","og_site_name":"Bantam","article_modified_time":"2026-05-02T22:27:27+00:00","og_image":[{"width":1000,"height":1000,"url":"https:\/\/shop.bantam.ch\/wp-content\/uploads\/2023\/03\/995598811.jpg","type":"image\/jpeg"}],"twitter_card":"summary_large_image","twitter_misc":{"Gesch\u00e4tzte Lesezeit":"1\u00a0Minute"},"schema":{"@context":"https:\/\/schema.org","@graph":[{"@type":"WebPage","@id":"https:\/\/shop.bantam.ch\/de\/produkt\/kuehlbox-coolfreeze-cfx3\/","url":"https:\/\/shop.bantam.ch\/de\/produkt\/kuehlbox-coolfreeze-cfx3\/","name":"K\u00fchlbox CoolFreeze CFX3 - Bantam","isPartOf":{"@id":"https:\/\/shop.bantam.ch\/de\/#website"},"primaryImageOfPage":{"@id":"https:\/\/shop.bantam.ch\/de\/produkt\/kuehlbox-coolfreeze-cfx3\/#primaryimage"},"image":{"@id":"https:\/\/shop.bantam.ch\/de\/produkt\/kuehlbox-coolfreeze-cfx3\/#primaryimage"},"thumbnailUrl":"https:\/\/shop.bantam.ch\/wp-content\/uploads\/2023\/03\/995598811.jpg","datePublished":"2023-03-29T09:35:56+00:00","dateModified":"2026-05-02T22:27:27+00:00","breadcrumb":{"@id":"https:\/\/shop.bantam.ch\/de\/produkt\/kuehlbox-coolfreeze-cfx3\/#breadcrumb"},"inLanguage":"de","potentialAction":[{"@type":"ReadAction","target":["https:\/\/shop.bantam.ch\/de\/produkt\/kuehlbox-coolfreeze-cfx3\/"]}]},{"@type":"ImageObject","inLanguage":"de","@id":"https:\/\/shop.bantam.ch\/de\/produkt\/kuehlbox-coolfreeze-cfx3\/#primaryimage","url":"https:\/\/shop.bantam.ch\/wp-content\/uploads\/2023\/03\/995598811.jpg","contentUrl":"https:\/\/shop.bantam.ch\/wp-content\/uploads\/2023\/03\/995598811.jpg","width":1000,"height":1000},{"@type":"BreadcrumbList","@id":"https:\/\/shop.bantam.ch\/de\/produkt\/kuehlbox-coolfreeze-cfx3\/#breadcrumb","itemListElement":[{"@type":"ListItem","position":1,"name":"Accueil","item":"https:\/\/shop.bantam.ch\/de\/"},{"@type":"ListItem","position":2,"name":"Shop","item":"https:\/\/shop.bantam.ch\/de\/shop\/"},{"@type":"ListItem","position":3,"name":"K\u00fchlbox CoolFreeze CFX3"}]},{"@type":"WebSite","@id":"https:\/\/shop.bantam.ch\/de\/#website","url":"https:\/\/shop.bantam.ch\/de\/","name":"Bantam","description":"","publisher":{"@id":"https:\/\/shop.bantam.ch\/de\/#organization"},"inLanguage":"de"},{"@type":"Organization","@id":"https:\/\/shop.bantam.ch\/de\/#organization","name":"Bantam","url":"https:\/\/shop.bantam.ch\/de\/","logo":{"@type":"ImageObject","inLanguage":"de","@id":"https:\/\/shop.bantam.ch\/de\/#\/schema\/logo\/image\/","url":"https:\/\/shop.bantam.ch\/wp-content\/uploads\/2022\/12\/bantam-logo.png","contentUrl":"https:\/\/shop.bantam.ch\/wp-content\/uploads\/2022\/12\/bantam-logo.png","width":320,"height":71,"caption":"Bantam"},"image":{"@id":"https:\/\/shop.bantam.ch\/de\/#\/schema\/logo\/image\/"}}]}},"_links":{"self":[{"href":"https:\/\/shop.bantam.ch\/de\/wp-json\/wp\/v2\/product\/164485","targetHints":{"allow":["GET"]}}],"collection":[{"href":"https:\/\/shop.bantam.ch\/de\/wp-json\/wp\/v2\/product"}],"about":[{"href":"https:\/\/shop.bantam.ch\/de\/wp-json\/wp\/v2\/types\/product"}],"wp:featuredmedia":[{"embeddable":true,"href":"https:\/\/shop.bantam.ch\/de\/wp-json\/wp\/v2\/media\/164457"}],"wp:attachment":[{"href":"https:\/\/shop.bantam.ch\/de\/wp-json\/wp\/v2\/media?parent=164485"}],"wp:term":[{"taxonomy":"product_featured_cat","embeddable":true,"href":"https:\/\/shop.bantam.ch\/de\/wp-json\/wp\/v2\/product_featured_cat?post=164485"},{"taxonomy":"product_brand","embeddable":true,"href":"https:\/\/shop.bantam.ch\/de\/wp-json\/wp\/v2\/product_brand?post=164485"},{"taxonomy":"product_cat","embeddable":true,"href":"https:\/\/shop.bantam.ch\/de\/wp-json\/wp\/v2\/product_cat?post=164485"},{"taxonomy":"product_tag","embeddable":true,"href":"https:\/\/shop.bantam.ch\/de\/wp-json\/wp\/v2\/product_tag?post=164485"}],"curies":[{"name":"wp","href":"https:\/\/api.w.org\/{rel}","templated":true}]}}