{"id":164448,"date":"2023-03-29T11:34:33","date_gmt":"2023-03-29T09:34:33","guid":{"rendered":"https:\/\/shop.bantam.ch\/produit\/schutzhuelle-fuer-dachklimaanlagen\/"},"modified":"2026-04-19T00:32:06","modified_gmt":"2026-04-18T22:32:06","slug":"schutzhuelle-fuer-dachklimaanlagen","status":"publish","type":"product","link":"https:\/\/shop.bantam.ch\/de\/produkt\/schutzhuelle-fuer-dachklimaanlagen\/","title":{"rendered":"Schutzh\u00fclle f\u00fcr Dachklimaanlagen"},"content":{"rendered":"<p>H\u00fclle f\u00fcr Klimaanlagen aus einem anschmiegsamen Softkunstleder, sch\u00fctzt die hochwertigen Ger\u00e4te w\u00e4hrend l\u00e4ngerer Standzeiten z.B. im Winter vor Verschmutzung und Feuchtigkeit. Am unteren Rand sorgt ein elastisches Gummiband f\u00fcr einen dichten Abschluss.<br \/>Sicherheitshinweis: Vor der Fahrt muss die Haube entfernt werden.<\/p>\n","protected":false},"excerpt":{"rendered":"<p>H\u00fclle f\u00fcr Klimaanlagen aus einem anschmiegsamen Softkunstleder, sch\u00fctzt die hochwertigen Ger\u00e4te w\u00e4hrend l\u00e4ngerer Standzeiten z.B. im Winter vor Verschmutzung und Feuchtigkeit. Am unteren Rand sorgt ein elastisches Gummiband f\u00fcr einen dichten Abschluss.Sicherheitshinweis: Vor der Fahrt muss die Haube entfernt werden.<\/p>\n","protected":false},"featured_media":164421,"template":"","meta":{"_acf_changed":false},"product_featured_cat":[],"product_brand":[3041],"product_cat":[4644,4558],"product_tag":[],"class_list":{"0":"post-164448","1":"product","2":"type-product","3":"status-publish","4":"has-post-thumbnail","6":"product_brand-hindermann-de","7":"product_cat-schutzhuellen","8":"product_cat-zubehoer-fuer-klimaanlagen","10":"first","11":"instock","12":"taxable","13":"shipping-taxable","14":"purchasable","15":"product-type-variable"},"acf":[],"yoast_head":"<!-- This site is optimized with the Yoast SEO plugin v27.4 - https:\/\/yoast.com\/product\/yoast-seo-wordpress\/ -->\n<title>Schutzh\u00fclle f\u00fcr Dachklimaanlagen - Bantam Camping AG<\/title>\n<meta name=\"robots\" content=\"index, follow, max-snippet:-1, max-image-preview:large, max-video-preview:-1\" \/>\n<link rel=\"canonical\" href=\"https:\/\/shop.bantam.ch\/de\/produkt\/schutzhuelle-fuer-dachklimaanlagen\/\" \/>\n<meta property=\"og:locale\" content=\"de_DE\" \/>\n<meta property=\"og:type\" content=\"article\" \/>\n<meta property=\"og:title\" content=\"Schutzh\u00fclle f\u00fcr Dachklimaanlagen - Bantam Camping AG\" \/>\n<meta property=\"og:description\" content=\"H\u00fclle f\u00fcr Klimaanlagen aus einem anschmiegsamen Softkunstleder, sch\u00fctzt die hochwertigen Ger\u00e4te w\u00e4hrend l\u00e4ngerer Standzeiten z.B. im Winter vor Verschmutzung und Feuchtigkeit. Am unteren Rand sorgt ein elastisches Gummiband f\u00fcr einen dichten Abschluss.Sicherheitshinweis: Vor der Fahrt muss die Haube entfernt werden.\" \/>\n<meta property=\"og:url\" content=\"https:\/\/shop.bantam.ch\/de\/produkt\/schutzhuelle-fuer-dachklimaanlagen\/\" \/>\n<meta property=\"og:site_name\" content=\"Bantam Camping AG\" \/>\n<meta property=\"article:modified_time\" content=\"2026-04-18T22:32:06+00:00\" \/>\n<meta property=\"og:image\" content=\"https:\/\/shop.bantam.ch\/wp-content\/uploads\/2023\/03\/991815411VQ7WGL6PTK0l9.jpg\" \/>\n\t<meta property=\"og:image:width\" content=\"2048\" \/>\n\t<meta property=\"og:image:height\" content=\"1365\" \/>\n\t<meta property=\"og:image:type\" content=\"image\/jpeg\" \/>\n<meta name=\"twitter:card\" content=\"summary_large_image\" \/>\n<script type=\"application\/ld+json\" class=\"yoast-schema-graph\">{\"@context\":\"https:\\\/\\\/schema.org\",\"@graph\":[{\"@type\":\"WebPage\",\"@id\":\"https:\\\/\\\/shop.bantam.ch\\\/de\\\/produkt\\\/schutzhuelle-fuer-dachklimaanlagen\\\/\",\"url\":\"https:\\\/\\\/shop.bantam.ch\\\/de\\\/produkt\\\/schutzhuelle-fuer-dachklimaanlagen\\\/\",\"name\":\"Schutzh\u00fclle f\u00fcr Dachklimaanlagen - Bantam Camping AG\",\"isPartOf\":{\"@id\":\"https:\\\/\\\/shop.bantam.ch\\\/de\\\/#website\"},\"primaryImageOfPage\":{\"@id\":\"https:\\\/\\\/shop.bantam.ch\\\/de\\\/produkt\\\/schutzhuelle-fuer-dachklimaanlagen\\\/#primaryimage\"},\"image\":{\"@id\":\"https:\\\/\\\/shop.bantam.ch\\\/de\\\/produkt\\\/schutzhuelle-fuer-dachklimaanlagen\\\/#primaryimage\"},\"thumbnailUrl\":\"https:\\\/\\\/shop.bantam.ch\\\/wp-content\\\/uploads\\\/2023\\\/03\\\/991815411VQ7WGL6PTK0l9.jpg\",\"datePublished\":\"2023-03-29T09:34:33+00:00\",\"dateModified\":\"2026-04-18T22:32:06+00:00\",\"breadcrumb\":{\"@id\":\"https:\\\/\\\/shop.bantam.ch\\\/de\\\/produkt\\\/schutzhuelle-fuer-dachklimaanlagen\\\/#breadcrumb\"},\"inLanguage\":\"de\",\"potentialAction\":[{\"@type\":\"ReadAction\",\"target\":[\"https:\\\/\\\/shop.bantam.ch\\\/de\\\/produkt\\\/schutzhuelle-fuer-dachklimaanlagen\\\/\"]}]},{\"@type\":\"ImageObject\",\"inLanguage\":\"de\",\"@id\":\"https:\\\/\\\/shop.bantam.ch\\\/de\\\/produkt\\\/schutzhuelle-fuer-dachklimaanlagen\\\/#primaryimage\",\"url\":\"https:\\\/\\\/shop.bantam.ch\\\/wp-content\\\/uploads\\\/2023\\\/03\\\/991815411VQ7WGL6PTK0l9.jpg\",\"contentUrl\":\"https:\\\/\\\/shop.bantam.ch\\\/wp-content\\\/uploads\\\/2023\\\/03\\\/991815411VQ7WGL6PTK0l9.jpg\",\"width\":2048,\"height\":1365},{\"@type\":\"BreadcrumbList\",\"@id\":\"https:\\\/\\\/shop.bantam.ch\\\/de\\\/produkt\\\/schutzhuelle-fuer-dachklimaanlagen\\\/#breadcrumb\",\"itemListElement\":[{\"@type\":\"ListItem\",\"position\":1,\"name\":\"Accueil\",\"item\":\"https:\\\/\\\/shop.bantam.ch\\\/de\\\/\"},{\"@type\":\"ListItem\",\"position\":2,\"name\":\"Shop\",\"item\":\"https:\\\/\\\/shop.bantam.ch\\\/de\\\/shop\\\/\"},{\"@type\":\"ListItem\",\"position\":3,\"name\":\"Schutzh\u00fclle f\u00fcr Dachklimaanlagen\"}]},{\"@type\":\"WebSite\",\"@id\":\"https:\\\/\\\/shop.bantam.ch\\\/de\\\/#website\",\"url\":\"https:\\\/\\\/shop.bantam.ch\\\/de\\\/\",\"name\":\"Bantam Camping AG\",\"description\":\"\",\"publisher\":{\"@id\":\"https:\\\/\\\/shop.bantam.ch\\\/de\\\/#organization\"},\"inLanguage\":\"de\"},{\"@type\":\"Organization\",\"@id\":\"https:\\\/\\\/shop.bantam.ch\\\/de\\\/#organization\",\"name\":\"Bantam Camping AG\",\"url\":\"https:\\\/\\\/shop.bantam.ch\\\/de\\\/\",\"logo\":{\"@type\":\"ImageObject\",\"inLanguage\":\"de\",\"@id\":\"https:\\\/\\\/shop.bantam.ch\\\/de\\\/#\\\/schema\\\/logo\\\/image\\\/\",\"url\":\"https:\\\/\\\/shop.bantam.ch\\\/wp-content\\\/uploads\\\/2022\\\/12\\\/bantam-logo.png\",\"contentUrl\":\"https:\\\/\\\/shop.bantam.ch\\\/wp-content\\\/uploads\\\/2022\\\/12\\\/bantam-logo.png\",\"width\":320,\"height\":71,\"caption\":\"Bantam Camping AG\"},\"image\":{\"@id\":\"https:\\\/\\\/shop.bantam.ch\\\/de\\\/#\\\/schema\\\/logo\\\/image\\\/\"}}]}<\/script>\n<!-- \/ Yoast SEO plugin. -->","yoast_head_json":{"title":"Schutzh\u00fclle f\u00fcr Dachklimaanlagen - Bantam Camping AG","robots":{"index":"index","follow":"follow","max-snippet":"max-snippet:-1","max-image-preview":"max-image-preview:large","max-video-preview":"max-video-preview:-1"},"canonical":"https:\/\/shop.bantam.ch\/de\/produkt\/schutzhuelle-fuer-dachklimaanlagen\/","og_locale":"de_DE","og_type":"article","og_title":"Schutzh\u00fclle f\u00fcr Dachklimaanlagen - Bantam Camping AG","og_description":"H\u00fclle f\u00fcr Klimaanlagen aus einem anschmiegsamen Softkunstleder, sch\u00fctzt die hochwertigen Ger\u00e4te w\u00e4hrend l\u00e4ngerer Standzeiten z.B. im Winter vor Verschmutzung und Feuchtigkeit. Am unteren Rand sorgt ein elastisches Gummiband f\u00fcr einen dichten Abschluss.Sicherheitshinweis: Vor der Fahrt muss die Haube entfernt werden.","og_url":"https:\/\/shop.bantam.ch\/de\/produkt\/schutzhuelle-fuer-dachklimaanlagen\/","og_site_name":"Bantam Camping AG","article_modified_time":"2026-04-18T22:32:06+00:00","og_image":[{"width":2048,"height":1365,"url":"https:\/\/shop.bantam.ch\/wp-content\/uploads\/2023\/03\/991815411VQ7WGL6PTK0l9.jpg","type":"image\/jpeg"}],"twitter_card":"summary_large_image","schema":{"@context":"https:\/\/schema.org","@graph":[{"@type":"WebPage","@id":"https:\/\/shop.bantam.ch\/de\/produkt\/schutzhuelle-fuer-dachklimaanlagen\/","url":"https:\/\/shop.bantam.ch\/de\/produkt\/schutzhuelle-fuer-dachklimaanlagen\/","name":"Schutzh\u00fclle f\u00fcr Dachklimaanlagen - Bantam Camping AG","isPartOf":{"@id":"https:\/\/shop.bantam.ch\/de\/#website"},"primaryImageOfPage":{"@id":"https:\/\/shop.bantam.ch\/de\/produkt\/schutzhuelle-fuer-dachklimaanlagen\/#primaryimage"},"image":{"@id":"https:\/\/shop.bantam.ch\/de\/produkt\/schutzhuelle-fuer-dachklimaanlagen\/#primaryimage"},"thumbnailUrl":"https:\/\/shop.bantam.ch\/wp-content\/uploads\/2023\/03\/991815411VQ7WGL6PTK0l9.jpg","datePublished":"2023-03-29T09:34:33+00:00","dateModified":"2026-04-18T22:32:06+00:00","breadcrumb":{"@id":"https:\/\/shop.bantam.ch\/de\/produkt\/schutzhuelle-fuer-dachklimaanlagen\/#breadcrumb"},"inLanguage":"de","potentialAction":[{"@type":"ReadAction","target":["https:\/\/shop.bantam.ch\/de\/produkt\/schutzhuelle-fuer-dachklimaanlagen\/"]}]},{"@type":"ImageObject","inLanguage":"de","@id":"https:\/\/shop.bantam.ch\/de\/produkt\/schutzhuelle-fuer-dachklimaanlagen\/#primaryimage","url":"https:\/\/shop.bantam.ch\/wp-content\/uploads\/2023\/03\/991815411VQ7WGL6PTK0l9.jpg","contentUrl":"https:\/\/shop.bantam.ch\/wp-content\/uploads\/2023\/03\/991815411VQ7WGL6PTK0l9.jpg","width":2048,"height":1365},{"@type":"BreadcrumbList","@id":"https:\/\/shop.bantam.ch\/de\/produkt\/schutzhuelle-fuer-dachklimaanlagen\/#breadcrumb","itemListElement":[{"@type":"ListItem","position":1,"name":"Accueil","item":"https:\/\/shop.bantam.ch\/de\/"},{"@type":"ListItem","position":2,"name":"Shop","item":"https:\/\/shop.bantam.ch\/de\/shop\/"},{"@type":"ListItem","position":3,"name":"Schutzh\u00fclle f\u00fcr Dachklimaanlagen"}]},{"@type":"WebSite","@id":"https:\/\/shop.bantam.ch\/de\/#website","url":"https:\/\/shop.bantam.ch\/de\/","name":"Bantam Camping AG","description":"","publisher":{"@id":"https:\/\/shop.bantam.ch\/de\/#organization"},"inLanguage":"de"},{"@type":"Organization","@id":"https:\/\/shop.bantam.ch\/de\/#organization","name":"Bantam Camping AG","url":"https:\/\/shop.bantam.ch\/de\/","logo":{"@type":"ImageObject","inLanguage":"de","@id":"https:\/\/shop.bantam.ch\/de\/#\/schema\/logo\/image\/","url":"https:\/\/shop.bantam.ch\/wp-content\/uploads\/2022\/12\/bantam-logo.png","contentUrl":"https:\/\/shop.bantam.ch\/wp-content\/uploads\/2022\/12\/bantam-logo.png","width":320,"height":71,"caption":"Bantam Camping AG"},"image":{"@id":"https:\/\/shop.bantam.ch\/de\/#\/schema\/logo\/image\/"}}]}},"_links":{"self":[{"href":"https:\/\/shop.bantam.ch\/de\/wp-json\/wp\/v2\/product\/164448","targetHints":{"allow":["GET"]}}],"collection":[{"href":"https:\/\/shop.bantam.ch\/de\/wp-json\/wp\/v2\/product"}],"about":[{"href":"https:\/\/shop.bantam.ch\/de\/wp-json\/wp\/v2\/types\/product"}],"wp:featuredmedia":[{"embeddable":true,"href":"https:\/\/shop.bantam.ch\/de\/wp-json\/wp\/v2\/media\/164421"}],"wp:attachment":[{"href":"https:\/\/shop.bantam.ch\/de\/wp-json\/wp\/v2\/media?parent=164448"}],"wp:term":[{"taxonomy":"product_featured_cat","embeddable":true,"href":"https:\/\/shop.bantam.ch\/de\/wp-json\/wp\/v2\/product_featured_cat?post=164448"},{"taxonomy":"product_brand","embeddable":true,"href":"https:\/\/shop.bantam.ch\/de\/wp-json\/wp\/v2\/product_brand?post=164448"},{"taxonomy":"product_cat","embeddable":true,"href":"https:\/\/shop.bantam.ch\/de\/wp-json\/wp\/v2\/product_cat?post=164448"},{"taxonomy":"product_tag","embeddable":true,"href":"https:\/\/shop.bantam.ch\/de\/wp-json\/wp\/v2\/product_tag?post=164448"}],"curies":[{"name":"wp","href":"https:\/\/api.w.org\/{rel}","templated":true}]}}