{"id":164213,"date":"2023-03-29T11:24:02","date_gmt":"2023-03-29T09:24:02","guid":{"rendered":"https:\/\/shop.bantam.ch\/produit\/ausstellfenster-s7p\/"},"modified":"2026-04-28T00:18:43","modified_gmt":"2026-04-27T22:18:43","slug":"ausstellfenster-s7p","status":"publish","type":"product","link":"https:\/\/shop.bantam.ch\/de\/produkt\/ausstellfenster-s7p\/","title":{"rendered":"Ausstellfenster S7P"},"content":{"rendered":"<p>W\u00f6lbungsradius 5000 mm: Die leicht gebogene Au\u00dfenfl\u00e4che macht die Fenstersysteme aus der Serie Dometic S7P ideal f\u00fcr Kastenwagen. Pulverbeschichtete Aluminiumprofile senken das Gewicht, sorgen f\u00fcr eine exzellente W\u00e4rmed\u00e4mmung und eine hohe Oberfl\u00e4cheng\u00fcte. Mit ihrem au\u00dfergew\u00f6hnlichen Design und dem perfekt darauf abgestimmten Verdunkelungssystem stellen die Alu-Fenster eine echte Alternative zu Polyurethan-Fenstern dar.<\/p>\n","protected":false},"excerpt":{"rendered":"<p>W\u00f6lbungsradius 5000 mm: Die leicht gebogene Au\u00dfenfl\u00e4che macht die Fenstersysteme aus der Serie Dometic S7P ideal f\u00fcr Kastenwagen. Pulverbeschichtete Aluminiumprofile senken das Gewicht, sorgen f\u00fcr eine exzellente W\u00e4rmed\u00e4mmung und eine hohe Oberfl\u00e4cheng\u00fcte. Mit ihrem au\u00dfergew\u00f6hnlichen Design und dem perfekt darauf abgestimmten Verdunkelungssystem stellen die Alu-Fenster eine echte Alternative zu Polyurethan-Fenstern dar.<\/p>\n","protected":false},"featured_media":164185,"template":"","meta":{"_acf_changed":false},"product_featured_cat":[],"product_brand":[3029],"product_cat":[4716],"product_tag":[],"class_list":{"0":"post-164213","1":"product","2":"type-product","3":"status-publish","4":"has-post-thumbnail","6":"product_brand-dometic-de","7":"product_cat-fenster","9":"first","10":"instock","11":"taxable","12":"shipping-taxable","13":"purchasable","14":"product-type-variable"},"acf":[],"yoast_head":"<!-- This site is optimized with the Yoast SEO plugin v27.4 - https:\/\/yoast.com\/product\/yoast-seo-wordpress\/ -->\n<title>Ausstellfenster S7P - Bantam<\/title>\n<meta name=\"robots\" content=\"index, follow, max-snippet:-1, max-image-preview:large, max-video-preview:-1\" \/>\n<link rel=\"canonical\" href=\"https:\/\/shop.bantam.ch\/de\/produkt\/ausstellfenster-s7p\/\" \/>\n<meta property=\"og:locale\" content=\"de_DE\" \/>\n<meta property=\"og:type\" content=\"article\" \/>\n<meta property=\"og:title\" content=\"Ausstellfenster S7P - Bantam\" \/>\n<meta property=\"og:description\" content=\"W\u00f6lbungsradius 5000 mm: Die leicht gebogene Au\u00dfenfl\u00e4che macht die Fenstersysteme aus der Serie Dometic S7P ideal f\u00fcr Kastenwagen. Pulverbeschichtete Aluminiumprofile senken das Gewicht, sorgen f\u00fcr eine exzellente W\u00e4rmed\u00e4mmung und eine hohe Oberfl\u00e4cheng\u00fcte. Mit ihrem au\u00dfergew\u00f6hnlichen Design und dem perfekt darauf abgestimmten Verdunkelungssystem stellen die Alu-Fenster eine echte Alternative zu Polyurethan-Fenstern dar.\" \/>\n<meta property=\"og:url\" content=\"https:\/\/shop.bantam.ch\/de\/produkt\/ausstellfenster-s7p\/\" \/>\n<meta property=\"og:site_name\" content=\"Bantam\" \/>\n<meta property=\"article:modified_time\" content=\"2026-04-27T22:18:43+00:00\" \/>\n<meta property=\"og:image\" content=\"https:\/\/shop.bantam.ch\/wp-content\/uploads\/2023\/03\/992568512.jpg\" \/>\n\t<meta property=\"og:image:width\" content=\"1000\" \/>\n\t<meta property=\"og:image:height\" content=\"707\" \/>\n\t<meta property=\"og:image:type\" content=\"image\/jpeg\" \/>\n<meta name=\"twitter:card\" content=\"summary_large_image\" \/>\n<script type=\"application\/ld+json\" class=\"yoast-schema-graph\">{\"@context\":\"https:\\\/\\\/schema.org\",\"@graph\":[{\"@type\":\"WebPage\",\"@id\":\"https:\\\/\\\/shop.bantam.ch\\\/de\\\/produkt\\\/ausstellfenster-s7p\\\/\",\"url\":\"https:\\\/\\\/shop.bantam.ch\\\/de\\\/produkt\\\/ausstellfenster-s7p\\\/\",\"name\":\"Ausstellfenster S7P - Bantam\",\"isPartOf\":{\"@id\":\"https:\\\/\\\/shop.bantam.ch\\\/de\\\/#website\"},\"primaryImageOfPage\":{\"@id\":\"https:\\\/\\\/shop.bantam.ch\\\/de\\\/produkt\\\/ausstellfenster-s7p\\\/#primaryimage\"},\"image\":{\"@id\":\"https:\\\/\\\/shop.bantam.ch\\\/de\\\/produkt\\\/ausstellfenster-s7p\\\/#primaryimage\"},\"thumbnailUrl\":\"https:\\\/\\\/shop.bantam.ch\\\/wp-content\\\/uploads\\\/2023\\\/03\\\/992568512.jpg\",\"datePublished\":\"2023-03-29T09:24:02+00:00\",\"dateModified\":\"2026-04-27T22:18:43+00:00\",\"breadcrumb\":{\"@id\":\"https:\\\/\\\/shop.bantam.ch\\\/de\\\/produkt\\\/ausstellfenster-s7p\\\/#breadcrumb\"},\"inLanguage\":\"de\",\"potentialAction\":[{\"@type\":\"ReadAction\",\"target\":[\"https:\\\/\\\/shop.bantam.ch\\\/de\\\/produkt\\\/ausstellfenster-s7p\\\/\"]}]},{\"@type\":\"ImageObject\",\"inLanguage\":\"de\",\"@id\":\"https:\\\/\\\/shop.bantam.ch\\\/de\\\/produkt\\\/ausstellfenster-s7p\\\/#primaryimage\",\"url\":\"https:\\\/\\\/shop.bantam.ch\\\/wp-content\\\/uploads\\\/2023\\\/03\\\/992568512.jpg\",\"contentUrl\":\"https:\\\/\\\/shop.bantam.ch\\\/wp-content\\\/uploads\\\/2023\\\/03\\\/992568512.jpg\",\"width\":1000,\"height\":707},{\"@type\":\"BreadcrumbList\",\"@id\":\"https:\\\/\\\/shop.bantam.ch\\\/de\\\/produkt\\\/ausstellfenster-s7p\\\/#breadcrumb\",\"itemListElement\":[{\"@type\":\"ListItem\",\"position\":1,\"name\":\"Accueil\",\"item\":\"https:\\\/\\\/shop.bantam.ch\\\/de\\\/\"},{\"@type\":\"ListItem\",\"position\":2,\"name\":\"Shop\",\"item\":\"https:\\\/\\\/shop.bantam.ch\\\/de\\\/shop\\\/\"},{\"@type\":\"ListItem\",\"position\":3,\"name\":\"Ausstellfenster S7P\"}]},{\"@type\":\"WebSite\",\"@id\":\"https:\\\/\\\/shop.bantam.ch\\\/de\\\/#website\",\"url\":\"https:\\\/\\\/shop.bantam.ch\\\/de\\\/\",\"name\":\"Bantam\",\"description\":\"\",\"publisher\":{\"@id\":\"https:\\\/\\\/shop.bantam.ch\\\/de\\\/#organization\"},\"inLanguage\":\"de\"},{\"@type\":\"Organization\",\"@id\":\"https:\\\/\\\/shop.bantam.ch\\\/de\\\/#organization\",\"name\":\"Bantam\",\"url\":\"https:\\\/\\\/shop.bantam.ch\\\/de\\\/\",\"logo\":{\"@type\":\"ImageObject\",\"inLanguage\":\"de\",\"@id\":\"https:\\\/\\\/shop.bantam.ch\\\/de\\\/#\\\/schema\\\/logo\\\/image\\\/\",\"url\":\"https:\\\/\\\/shop.bantam.ch\\\/wp-content\\\/uploads\\\/2022\\\/12\\\/bantam-logo.png\",\"contentUrl\":\"https:\\\/\\\/shop.bantam.ch\\\/wp-content\\\/uploads\\\/2022\\\/12\\\/bantam-logo.png\",\"width\":320,\"height\":71,\"caption\":\"Bantam\"},\"image\":{\"@id\":\"https:\\\/\\\/shop.bantam.ch\\\/de\\\/#\\\/schema\\\/logo\\\/image\\\/\"}}]}<\/script>\n<!-- \/ Yoast SEO plugin. -->","yoast_head_json":{"title":"Ausstellfenster S7P - Bantam","robots":{"index":"index","follow":"follow","max-snippet":"max-snippet:-1","max-image-preview":"max-image-preview:large","max-video-preview":"max-video-preview:-1"},"canonical":"https:\/\/shop.bantam.ch\/de\/produkt\/ausstellfenster-s7p\/","og_locale":"de_DE","og_type":"article","og_title":"Ausstellfenster S7P - Bantam","og_description":"W\u00f6lbungsradius 5000 mm: Die leicht gebogene Au\u00dfenfl\u00e4che macht die Fenstersysteme aus der Serie Dometic S7P ideal f\u00fcr Kastenwagen. Pulverbeschichtete Aluminiumprofile senken das Gewicht, sorgen f\u00fcr eine exzellente W\u00e4rmed\u00e4mmung und eine hohe Oberfl\u00e4cheng\u00fcte. Mit ihrem au\u00dfergew\u00f6hnlichen Design und dem perfekt darauf abgestimmten Verdunkelungssystem stellen die Alu-Fenster eine echte Alternative zu Polyurethan-Fenstern dar.","og_url":"https:\/\/shop.bantam.ch\/de\/produkt\/ausstellfenster-s7p\/","og_site_name":"Bantam","article_modified_time":"2026-04-27T22:18:43+00:00","og_image":[{"width":1000,"height":707,"url":"https:\/\/shop.bantam.ch\/wp-content\/uploads\/2023\/03\/992568512.jpg","type":"image\/jpeg"}],"twitter_card":"summary_large_image","schema":{"@context":"https:\/\/schema.org","@graph":[{"@type":"WebPage","@id":"https:\/\/shop.bantam.ch\/de\/produkt\/ausstellfenster-s7p\/","url":"https:\/\/shop.bantam.ch\/de\/produkt\/ausstellfenster-s7p\/","name":"Ausstellfenster S7P - Bantam","isPartOf":{"@id":"https:\/\/shop.bantam.ch\/de\/#website"},"primaryImageOfPage":{"@id":"https:\/\/shop.bantam.ch\/de\/produkt\/ausstellfenster-s7p\/#primaryimage"},"image":{"@id":"https:\/\/shop.bantam.ch\/de\/produkt\/ausstellfenster-s7p\/#primaryimage"},"thumbnailUrl":"https:\/\/shop.bantam.ch\/wp-content\/uploads\/2023\/03\/992568512.jpg","datePublished":"2023-03-29T09:24:02+00:00","dateModified":"2026-04-27T22:18:43+00:00","breadcrumb":{"@id":"https:\/\/shop.bantam.ch\/de\/produkt\/ausstellfenster-s7p\/#breadcrumb"},"inLanguage":"de","potentialAction":[{"@type":"ReadAction","target":["https:\/\/shop.bantam.ch\/de\/produkt\/ausstellfenster-s7p\/"]}]},{"@type":"ImageObject","inLanguage":"de","@id":"https:\/\/shop.bantam.ch\/de\/produkt\/ausstellfenster-s7p\/#primaryimage","url":"https:\/\/shop.bantam.ch\/wp-content\/uploads\/2023\/03\/992568512.jpg","contentUrl":"https:\/\/shop.bantam.ch\/wp-content\/uploads\/2023\/03\/992568512.jpg","width":1000,"height":707},{"@type":"BreadcrumbList","@id":"https:\/\/shop.bantam.ch\/de\/produkt\/ausstellfenster-s7p\/#breadcrumb","itemListElement":[{"@type":"ListItem","position":1,"name":"Accueil","item":"https:\/\/shop.bantam.ch\/de\/"},{"@type":"ListItem","position":2,"name":"Shop","item":"https:\/\/shop.bantam.ch\/de\/shop\/"},{"@type":"ListItem","position":3,"name":"Ausstellfenster S7P"}]},{"@type":"WebSite","@id":"https:\/\/shop.bantam.ch\/de\/#website","url":"https:\/\/shop.bantam.ch\/de\/","name":"Bantam","description":"","publisher":{"@id":"https:\/\/shop.bantam.ch\/de\/#organization"},"inLanguage":"de"},{"@type":"Organization","@id":"https:\/\/shop.bantam.ch\/de\/#organization","name":"Bantam","url":"https:\/\/shop.bantam.ch\/de\/","logo":{"@type":"ImageObject","inLanguage":"de","@id":"https:\/\/shop.bantam.ch\/de\/#\/schema\/logo\/image\/","url":"https:\/\/shop.bantam.ch\/wp-content\/uploads\/2022\/12\/bantam-logo.png","contentUrl":"https:\/\/shop.bantam.ch\/wp-content\/uploads\/2022\/12\/bantam-logo.png","width":320,"height":71,"caption":"Bantam"},"image":{"@id":"https:\/\/shop.bantam.ch\/de\/#\/schema\/logo\/image\/"}}]}},"_links":{"self":[{"href":"https:\/\/shop.bantam.ch\/de\/wp-json\/wp\/v2\/product\/164213","targetHints":{"allow":["GET"]}}],"collection":[{"href":"https:\/\/shop.bantam.ch\/de\/wp-json\/wp\/v2\/product"}],"about":[{"href":"https:\/\/shop.bantam.ch\/de\/wp-json\/wp\/v2\/types\/product"}],"wp:featuredmedia":[{"embeddable":true,"href":"https:\/\/shop.bantam.ch\/de\/wp-json\/wp\/v2\/media\/164185"}],"wp:attachment":[{"href":"https:\/\/shop.bantam.ch\/de\/wp-json\/wp\/v2\/media?parent=164213"}],"wp:term":[{"taxonomy":"product_featured_cat","embeddable":true,"href":"https:\/\/shop.bantam.ch\/de\/wp-json\/wp\/v2\/product_featured_cat?post=164213"},{"taxonomy":"product_brand","embeddable":true,"href":"https:\/\/shop.bantam.ch\/de\/wp-json\/wp\/v2\/product_brand?post=164213"},{"taxonomy":"product_cat","embeddable":true,"href":"https:\/\/shop.bantam.ch\/de\/wp-json\/wp\/v2\/product_cat?post=164213"},{"taxonomy":"product_tag","embeddable":true,"href":"https:\/\/shop.bantam.ch\/de\/wp-json\/wp\/v2\/product_tag?post=164213"}],"curies":[{"name":"wp","href":"https:\/\/api.w.org\/{rel}","templated":true}]}}