{"id":163704,"date":"2023-03-29T09:56:18","date_gmt":"2023-03-29T07:56:18","guid":{"rendered":"https:\/\/shop.bantam.ch\/produit\/fernseher-ten-haaft-oyster-smart-tv\/"},"modified":"2026-04-18T00:35:36","modified_gmt":"2026-04-17T22:35:36","slug":"fernseher-ten-haaft-oyster-smart-tv","status":"publish","type":"product","link":"https:\/\/shop.bantam.ch\/de\/produkt\/fernseher-ten-haaft-oyster-smart-tv\/","title":{"rendered":"Fernseher ten Haaft Oyster Smart TV"},"content":{"rendered":"<p>Mit der neuen Oyster Smart TV Serie erleben Sie Technologie der Premiumklasse. Klassisches Fernsehen und Computerfunktionen verschmelzen in einem Ger\u00e4t und bringen die Welt des Internets auf den Bildschirm.<\/p>\n<ul>\n<li>Integriertes WiFi<\/li>\n<li>Streamingdienste<\/li>\n<li>Unterhaltungs-Apps &amp; Co.<\/li>\n<li>Eingebauter Tuner f\u00fcr DVB-S2, DVB-T2 HD\/H.265<\/li>\n<li>LED TV: faszinierende Bilder in hochaufl\u00f6sender Qualit\u00e4t<\/li>\n<li>Systemfernbedienung: nur eine Fernbedienung f\u00fcr die Satelliten\u00adanlagen (Oyster V Premium, Oyster Premium, Cytrac DX Premium, CARO+ Premium) und das Fernsehger\u00e4t Oyster Smart TV<\/li>\n<li>EPG elektronische Programmzeitschrift und Timerprogrammierung<\/li>\n<li>ON-SCREEN Batteriemessger\u00e4t f\u00fcr Versorgungsspannung<\/li>\n<li>Netzschalter Ein \/ Aus<\/li>\n<li>HDMI \/ USB<\/li>\n<li>WIDI \/ Miracast<\/li>\n<\/ul>\n<p>Ein-\/Ausg\u00e4nge: Antenne, HDMI, HDMI ARC, 2x USB 2.0, Kopfh\u00f6rer, digitaler Audio Ausgang optisch (TOS), CI\/ CI+ , Modulschacht.<\/p>\n<p>Ist die Soundbar per HDMI ARC angeschlossen, werden die Steuersignale des Fernsehers (Ein\/Aus, Lautst\u00e4rke) \u00fcbernommen und Sie ben\u00f6tigen f\u00fcr die Grundfunktionen nur noch die Oyster TV Systemfernbedienung.<\/p>\n<p>Oyster Soundbar und &#8222;Oyster TV&#8220;<br \/>Die Oyster Soundbar l\u00e4sst sich mit wenigen Handgriffen am &#8222;Oyster TV&#8220; befestigen. Sie k\u00f6nnen die Montagewinkel einfach an der Standfu\u00dfhalterung der &#8222;Oyster TV&#8220; Ger\u00e4te befestigen.<\/p>\n<p>Standfu\u00df nicht im Lieferumfang enthalten.<br \/>Zubeh\u00f6r-Kits (Enth\u00e4lt je einen Standfu\u00df und ein 230-Volt-Netzteil) auf Anfrage erh\u00e4ltlich.<\/p>\n","protected":false},"excerpt":{"rendered":"<p>Mit der neuen Oyster Smart TV Serie erleben Sie Technologie der Premiumklasse. Klassisches Fernsehen und Computerfunktionen verschmelzen in einem Ger\u00e4t und bringen die Welt des Internets auf den Bildschirm. Integriertes WiFi Streamingdienste Unterhaltungs-Apps &amp; Co. Eingebauter Tuner f\u00fcr DVB-S2, DVB-T2 HD\/H.265 LED TV: faszinierende Bilder in hochaufl\u00f6sender Qualit\u00e4t Systemfernbedienung: nur eine Fernbedienung f\u00fcr die Satelliten\u00adanlagen [&hellip;]<\/p>\n","protected":false},"featured_media":163681,"template":"","meta":{"_acf_changed":false},"product_featured_cat":[],"product_brand":[3127],"product_cat":[4506],"product_tag":[],"class_list":{"0":"post-163704","1":"product","2":"type-product","3":"status-publish","4":"has-post-thumbnail","6":"product_brand-oyster-de","7":"product_cat-led-tv","9":"first","10":"outofstock","11":"taxable","12":"shipping-taxable","13":"product-type-variable"},"acf":[],"yoast_head":"<!-- This site is optimized with the Yoast SEO plugin v27.4 - https:\/\/yoast.com\/product\/yoast-seo-wordpress\/ -->\n<title>Fernseher ten Haaft Oyster Smart TV - Bantam Camping AG<\/title>\n<meta name=\"robots\" content=\"index, follow, max-snippet:-1, max-image-preview:large, max-video-preview:-1\" \/>\n<link rel=\"canonical\" href=\"https:\/\/shop.bantam.ch\/de\/produkt\/fernseher-ten-haaft-oyster-smart-tv\/\" \/>\n<meta property=\"og:locale\" content=\"de_DE\" \/>\n<meta property=\"og:type\" content=\"article\" \/>\n<meta property=\"og:title\" content=\"Fernseher ten Haaft Oyster Smart TV - Bantam Camping AG\" \/>\n<meta property=\"og:description\" content=\"Mit der neuen Oyster Smart TV Serie erleben Sie Technologie der Premiumklasse. Klassisches Fernsehen und Computerfunktionen verschmelzen in einem Ger\u00e4t und bringen die Welt des Internets auf den Bildschirm. Integriertes WiFi Streamingdienste Unterhaltungs-Apps &amp; Co. Eingebauter Tuner f\u00fcr DVB-S2, DVB-T2 HD\/H.265 LED TV: faszinierende Bilder in hochaufl\u00f6sender Qualit\u00e4t Systemfernbedienung: nur eine Fernbedienung f\u00fcr die Satelliten\u00adanlagen [&hellip;]\" \/>\n<meta property=\"og:url\" content=\"https:\/\/shop.bantam.ch\/de\/produkt\/fernseher-ten-haaft-oyster-smart-tv\/\" \/>\n<meta property=\"og:site_name\" content=\"Bantam Camping AG\" \/>\n<meta property=\"article:modified_time\" content=\"2026-04-17T22:35:36+00:00\" \/>\n<meta property=\"og:image\" content=\"https:\/\/shop.bantam.ch\/wp-content\/uploads\/2023\/03\/995679811.jpg\" \/>\n\t<meta property=\"og:image:width\" content=\"1000\" \/>\n\t<meta property=\"og:image:height\" content=\"749\" \/>\n\t<meta property=\"og:image:type\" content=\"image\/jpeg\" \/>\n<meta name=\"twitter:card\" content=\"summary_large_image\" \/>\n<meta name=\"twitter:label1\" content=\"Gesch\u00e4tzte Lesezeit\" \/>\n\t<meta name=\"twitter:data1\" content=\"1\u00a0Minute\" \/>\n<script type=\"application\/ld+json\" class=\"yoast-schema-graph\">{\"@context\":\"https:\\\/\\\/schema.org\",\"@graph\":[{\"@type\":\"WebPage\",\"@id\":\"https:\\\/\\\/shop.bantam.ch\\\/de\\\/produkt\\\/fernseher-ten-haaft-oyster-smart-tv\\\/\",\"url\":\"https:\\\/\\\/shop.bantam.ch\\\/de\\\/produkt\\\/fernseher-ten-haaft-oyster-smart-tv\\\/\",\"name\":\"Fernseher ten Haaft Oyster Smart TV - Bantam Camping AG\",\"isPartOf\":{\"@id\":\"https:\\\/\\\/shop.bantam.ch\\\/de\\\/#website\"},\"primaryImageOfPage\":{\"@id\":\"https:\\\/\\\/shop.bantam.ch\\\/de\\\/produkt\\\/fernseher-ten-haaft-oyster-smart-tv\\\/#primaryimage\"},\"image\":{\"@id\":\"https:\\\/\\\/shop.bantam.ch\\\/de\\\/produkt\\\/fernseher-ten-haaft-oyster-smart-tv\\\/#primaryimage\"},\"thumbnailUrl\":\"https:\\\/\\\/shop.bantam.ch\\\/wp-content\\\/uploads\\\/2023\\\/03\\\/995679811.jpg\",\"datePublished\":\"2023-03-29T07:56:18+00:00\",\"dateModified\":\"2026-04-17T22:35:36+00:00\",\"breadcrumb\":{\"@id\":\"https:\\\/\\\/shop.bantam.ch\\\/de\\\/produkt\\\/fernseher-ten-haaft-oyster-smart-tv\\\/#breadcrumb\"},\"inLanguage\":\"de\",\"potentialAction\":[{\"@type\":\"ReadAction\",\"target\":[\"https:\\\/\\\/shop.bantam.ch\\\/de\\\/produkt\\\/fernseher-ten-haaft-oyster-smart-tv\\\/\"]}]},{\"@type\":\"ImageObject\",\"inLanguage\":\"de\",\"@id\":\"https:\\\/\\\/shop.bantam.ch\\\/de\\\/produkt\\\/fernseher-ten-haaft-oyster-smart-tv\\\/#primaryimage\",\"url\":\"https:\\\/\\\/shop.bantam.ch\\\/wp-content\\\/uploads\\\/2023\\\/03\\\/995679811.jpg\",\"contentUrl\":\"https:\\\/\\\/shop.bantam.ch\\\/wp-content\\\/uploads\\\/2023\\\/03\\\/995679811.jpg\",\"width\":1000,\"height\":749},{\"@type\":\"BreadcrumbList\",\"@id\":\"https:\\\/\\\/shop.bantam.ch\\\/de\\\/produkt\\\/fernseher-ten-haaft-oyster-smart-tv\\\/#breadcrumb\",\"itemListElement\":[{\"@type\":\"ListItem\",\"position\":1,\"name\":\"Accueil\",\"item\":\"https:\\\/\\\/shop.bantam.ch\\\/de\\\/\"},{\"@type\":\"ListItem\",\"position\":2,\"name\":\"Shop\",\"item\":\"https:\\\/\\\/shop.bantam.ch\\\/de\\\/shop\\\/\"},{\"@type\":\"ListItem\",\"position\":3,\"name\":\"Fernseher ten Haaft Oyster Smart TV\"}]},{\"@type\":\"WebSite\",\"@id\":\"https:\\\/\\\/shop.bantam.ch\\\/de\\\/#website\",\"url\":\"https:\\\/\\\/shop.bantam.ch\\\/de\\\/\",\"name\":\"Bantam Camping AG\",\"description\":\"\",\"publisher\":{\"@id\":\"https:\\\/\\\/shop.bantam.ch\\\/de\\\/#organization\"},\"inLanguage\":\"de\"},{\"@type\":\"Organization\",\"@id\":\"https:\\\/\\\/shop.bantam.ch\\\/de\\\/#organization\",\"name\":\"Bantam Camping AG\",\"url\":\"https:\\\/\\\/shop.bantam.ch\\\/de\\\/\",\"logo\":{\"@type\":\"ImageObject\",\"inLanguage\":\"de\",\"@id\":\"https:\\\/\\\/shop.bantam.ch\\\/de\\\/#\\\/schema\\\/logo\\\/image\\\/\",\"url\":\"https:\\\/\\\/shop.bantam.ch\\\/wp-content\\\/uploads\\\/2022\\\/12\\\/bantam-logo.png\",\"contentUrl\":\"https:\\\/\\\/shop.bantam.ch\\\/wp-content\\\/uploads\\\/2022\\\/12\\\/bantam-logo.png\",\"width\":320,\"height\":71,\"caption\":\"Bantam Camping AG\"},\"image\":{\"@id\":\"https:\\\/\\\/shop.bantam.ch\\\/de\\\/#\\\/schema\\\/logo\\\/image\\\/\"}}]}<\/script>\n<!-- \/ Yoast SEO plugin. -->","yoast_head_json":{"title":"Fernseher ten Haaft Oyster Smart TV - Bantam Camping AG","robots":{"index":"index","follow":"follow","max-snippet":"max-snippet:-1","max-image-preview":"max-image-preview:large","max-video-preview":"max-video-preview:-1"},"canonical":"https:\/\/shop.bantam.ch\/de\/produkt\/fernseher-ten-haaft-oyster-smart-tv\/","og_locale":"de_DE","og_type":"article","og_title":"Fernseher ten Haaft Oyster Smart TV - Bantam Camping AG","og_description":"Mit der neuen Oyster Smart TV Serie erleben Sie Technologie der Premiumklasse. Klassisches Fernsehen und Computerfunktionen verschmelzen in einem Ger\u00e4t und bringen die Welt des Internets auf den Bildschirm. Integriertes WiFi Streamingdienste Unterhaltungs-Apps &amp; Co. Eingebauter Tuner f\u00fcr DVB-S2, DVB-T2 HD\/H.265 LED TV: faszinierende Bilder in hochaufl\u00f6sender Qualit\u00e4t Systemfernbedienung: nur eine Fernbedienung f\u00fcr die Satelliten\u00adanlagen [&hellip;]","og_url":"https:\/\/shop.bantam.ch\/de\/produkt\/fernseher-ten-haaft-oyster-smart-tv\/","og_site_name":"Bantam Camping AG","article_modified_time":"2026-04-17T22:35:36+00:00","og_image":[{"width":1000,"height":749,"url":"https:\/\/shop.bantam.ch\/wp-content\/uploads\/2023\/03\/995679811.jpg","type":"image\/jpeg"}],"twitter_card":"summary_large_image","twitter_misc":{"Gesch\u00e4tzte Lesezeit":"1\u00a0Minute"},"schema":{"@context":"https:\/\/schema.org","@graph":[{"@type":"WebPage","@id":"https:\/\/shop.bantam.ch\/de\/produkt\/fernseher-ten-haaft-oyster-smart-tv\/","url":"https:\/\/shop.bantam.ch\/de\/produkt\/fernseher-ten-haaft-oyster-smart-tv\/","name":"Fernseher ten Haaft Oyster Smart TV - Bantam Camping AG","isPartOf":{"@id":"https:\/\/shop.bantam.ch\/de\/#website"},"primaryImageOfPage":{"@id":"https:\/\/shop.bantam.ch\/de\/produkt\/fernseher-ten-haaft-oyster-smart-tv\/#primaryimage"},"image":{"@id":"https:\/\/shop.bantam.ch\/de\/produkt\/fernseher-ten-haaft-oyster-smart-tv\/#primaryimage"},"thumbnailUrl":"https:\/\/shop.bantam.ch\/wp-content\/uploads\/2023\/03\/995679811.jpg","datePublished":"2023-03-29T07:56:18+00:00","dateModified":"2026-04-17T22:35:36+00:00","breadcrumb":{"@id":"https:\/\/shop.bantam.ch\/de\/produkt\/fernseher-ten-haaft-oyster-smart-tv\/#breadcrumb"},"inLanguage":"de","potentialAction":[{"@type":"ReadAction","target":["https:\/\/shop.bantam.ch\/de\/produkt\/fernseher-ten-haaft-oyster-smart-tv\/"]}]},{"@type":"ImageObject","inLanguage":"de","@id":"https:\/\/shop.bantam.ch\/de\/produkt\/fernseher-ten-haaft-oyster-smart-tv\/#primaryimage","url":"https:\/\/shop.bantam.ch\/wp-content\/uploads\/2023\/03\/995679811.jpg","contentUrl":"https:\/\/shop.bantam.ch\/wp-content\/uploads\/2023\/03\/995679811.jpg","width":1000,"height":749},{"@type":"BreadcrumbList","@id":"https:\/\/shop.bantam.ch\/de\/produkt\/fernseher-ten-haaft-oyster-smart-tv\/#breadcrumb","itemListElement":[{"@type":"ListItem","position":1,"name":"Accueil","item":"https:\/\/shop.bantam.ch\/de\/"},{"@type":"ListItem","position":2,"name":"Shop","item":"https:\/\/shop.bantam.ch\/de\/shop\/"},{"@type":"ListItem","position":3,"name":"Fernseher ten Haaft Oyster Smart TV"}]},{"@type":"WebSite","@id":"https:\/\/shop.bantam.ch\/de\/#website","url":"https:\/\/shop.bantam.ch\/de\/","name":"Bantam Camping AG","description":"","publisher":{"@id":"https:\/\/shop.bantam.ch\/de\/#organization"},"inLanguage":"de"},{"@type":"Organization","@id":"https:\/\/shop.bantam.ch\/de\/#organization","name":"Bantam Camping AG","url":"https:\/\/shop.bantam.ch\/de\/","logo":{"@type":"ImageObject","inLanguage":"de","@id":"https:\/\/shop.bantam.ch\/de\/#\/schema\/logo\/image\/","url":"https:\/\/shop.bantam.ch\/wp-content\/uploads\/2022\/12\/bantam-logo.png","contentUrl":"https:\/\/shop.bantam.ch\/wp-content\/uploads\/2022\/12\/bantam-logo.png","width":320,"height":71,"caption":"Bantam Camping AG"},"image":{"@id":"https:\/\/shop.bantam.ch\/de\/#\/schema\/logo\/image\/"}}]}},"_links":{"self":[{"href":"https:\/\/shop.bantam.ch\/de\/wp-json\/wp\/v2\/product\/163704","targetHints":{"allow":["GET"]}}],"collection":[{"href":"https:\/\/shop.bantam.ch\/de\/wp-json\/wp\/v2\/product"}],"about":[{"href":"https:\/\/shop.bantam.ch\/de\/wp-json\/wp\/v2\/types\/product"}],"wp:featuredmedia":[{"embeddable":true,"href":"https:\/\/shop.bantam.ch\/de\/wp-json\/wp\/v2\/media\/163681"}],"wp:attachment":[{"href":"https:\/\/shop.bantam.ch\/de\/wp-json\/wp\/v2\/media?parent=163704"}],"wp:term":[{"taxonomy":"product_featured_cat","embeddable":true,"href":"https:\/\/shop.bantam.ch\/de\/wp-json\/wp\/v2\/product_featured_cat?post=163704"},{"taxonomy":"product_brand","embeddable":true,"href":"https:\/\/shop.bantam.ch\/de\/wp-json\/wp\/v2\/product_brand?post=163704"},{"taxonomy":"product_cat","embeddable":true,"href":"https:\/\/shop.bantam.ch\/de\/wp-json\/wp\/v2\/product_cat?post=163704"},{"taxonomy":"product_tag","embeddable":true,"href":"https:\/\/shop.bantam.ch\/de\/wp-json\/wp\/v2\/product_tag?post=163704"}],"curies":[{"name":"wp","href":"https:\/\/api.w.org\/{rel}","templated":true}]}}